{"id":2307123,"date":"2026-04-12T14:34:59","date_gmt":"2026-04-12T12:34:59","guid":{"rendered":"https:\/\/dev6.erresse-shop.it\/shop\/non%20class\u00e9\/zafferano-bilia-caleido-4-verres-vert\/"},"modified":"2025-09-14T07:06:00","modified_gmt":"2025-09-14T05:06:00","slug":"zafferano-bilia-caleido-4-verres-vert","status":"publish","type":"product","link":"https:\/\/dev6.erresse-shop.it\/fr\/shop\/table-fr-2\/verres\/zafferano-bilia-caleido-4-verres-vert\/","title":{"rendered":"ZAFFERANO Bilia Caleido 4 Verres Vert"},"content":{"rendered":"<p>\u00ab\u00a0Bilia Caleido\u00a0\u00bb r\u00e9invente le gobelet classique en verre borosilicate souffl\u00e9 et fabriqu\u00e9 \u00e0 la main, avec une touche de magie. Cette version se distingue par sa sph\u00e8re d\u00e9cor\u00e9e d\u2019un motif \u00e9voquant un ciel \u00e9toil\u00e9, disponible en quatre \u00e9l\u00e9gantes variations de couleurs. La v\u00e9ritable surprise\u00a0? Vue de c\u00f4t\u00e9, la sph\u00e8re para\u00eet transparente, mais vue d\u2019en haut, son design enchanteur se r\u00e9v\u00e8le. Outre son \u00e9l\u00e9gance sophistiqu\u00e9e, \u00ab\u00a0Bilia Caleido\u00a0\u00bb offre \u00e9galement une fonction pratique\u00a0: chaque convive aura un verre unique, \u00e9vitant ainsi toute confusion et apportant une touche de charme et de fonctionnalit\u00e9 \u00e0 vos moments conviviaux.<\/p>\n<p>Caract\u00e9ristiques\u00a0:<\/p>\n<p>Diam\u00e8tre\u00a0: 8,8 cm<br \/>\nHauteur totale\u00a0: 9 cm<br \/>\nContenance\u00a0: 44 cl<\/p>\n","protected":false},"excerpt":{"rendered":"<p>\u00ab\u00a0Bilia Caleido\u00a0\u00bb r\u00e9invente le gobelet classique en verre borosilicate souffl\u00e9 et fabriqu\u00e9 \u00e0 la main, avec une touche de magie. Cette version se distingue par sa sph\u00e8re d\u00e9cor\u00e9e d\u2019un motif \u00e9voquant un ciel \u00e9toil\u00e9, disponible en quatre \u00e9l\u00e9gantes variations de couleurs. La v\u00e9ritable surprise\u00a0? Vue de c\u00f4t\u00e9, la sph\u00e8re para\u00eet transparente, mais vue d\u2019en haut, [&hellip;]<\/p>\n","protected":false},"featured_media":6380861,"template":"","meta":{"_acf_changed":false},"product_cat":[11995,12009],"product_tag":[],"class_list":{"0":"post-2307123","1":"product","2":"type-product","3":"status-publish","4":"has-post-thumbnail","6":"product_cat-table-fr-2","7":"product_cat-verres","9":"first","10":"instock","11":"taxable","12":"shipping-taxable","13":"purchasable","14":"product-type-simple","swatches":"rey-swatches","show_selected":"","stretch_labels":"rey-swatches--stretch-labels"},"acf":[],"yoast_head":"<!-- This site is optimized with the Yoast SEO plugin v25.4 - https:\/\/yoast.com\/wordpress\/plugins\/seo\/ -->\n<title>ZAFFERANO Bilia Caleido 4 Verres Vert - dev6 Erresse<\/title>\n<meta name=\"description\" content=\"\u00ab\u00a0Bilia Caleido\u00a0\u00bb r\u00e9invente le gobelet classique en verre borosilicate souffl\u00e9 et fabriqu\u00e9 \u00e0 la main, avec une touche de magie. Cette version se distingue\" \/>\n<meta name=\"robots\" content=\"noindex, follow, max-snippet:-1, max-image-preview:large, max-video-preview:-1\" \/>\n<meta property=\"og:locale\" content=\"fr_FR\" \/>\n<meta property=\"og:type\" content=\"article\" \/>\n<meta property=\"og:title\" content=\"ZAFFERANO Bilia Caleido 4 Verres Vert - dev6 Erresse\" \/>\n<meta property=\"og:description\" content=\"\u00ab\u00a0Bilia Caleido\u00a0\u00bb r\u00e9invente le gobelet classique en verre borosilicate souffl\u00e9 et fabriqu\u00e9 \u00e0 la main, avec une touche de magie. Cette version se distingue\" \/>\n<meta property=\"og:url\" content=\"https:\/\/dev6.erresse-shop.it\/fr\/shop\/table-fr-2\/verres\/zafferano-bilia-caleido-4-verres-vert\/\" \/>\n<meta property=\"og:site_name\" content=\"dev6 Erresse\" \/>\n<meta property=\"og:image\" content=\"https:\/\/interpim.erresse-shop.it\/wp-content\/uploads\/2025\/04\/ZAFFERANO-Bilia-Caleido-Set-4-Bicchieri-Tumbler-Verde.jpg\/zafferano-bilia-caleido-set-4-bicchieri-tumbler-verde.jpg\" \/><meta property=\"og:image\" content=\"https:\/\/interpim.erresse-shop.it\/wp-content\/uploads\/2025\/04\/ZAFFERANO-Bilia-Caleido-Set-4-Bicchieri-Tumbler-Verde.jpg\/zafferano-bilia-caleido-set-4-bicchieri-tumbler-verde.jpg\" \/>\n\t<meta property=\"og:image:width\" content=\"1024\" \/>\n\t<meta property=\"og:image:height\" content=\"1024\" \/>\n\t<meta property=\"og:image:type\" content=\"image\/jpeg\" \/>\n<meta name=\"twitter:card\" content=\"summary_large_image\" \/>\n<meta name=\"twitter:image\" content=\"https:\/\/interpim.erresse-shop.it\/wp-content\/uploads\/2025\/04\/ZAFFERANO-Bilia-Caleido-Set-4-Bicchieri-Tumbler-Verde.jpg\/zafferano-bilia-caleido-set-4-bicchieri-tumbler-verde.jpg\" \/>\n<script type=\"application\/ld+json\" class=\"yoast-schema-graph\">{\"@context\":\"https:\/\/schema.org\",\"@graph\":[{\"@type\":\"WebPage\",\"@id\":\"https:\/\/dev6.erresse-shop.it\/fr\/shop\/table-fr-2\/verres\/zafferano-bilia-caleido-4-verres-vert\/\",\"url\":\"https:\/\/dev6.erresse-shop.it\/fr\/shop\/table-fr-2\/verres\/zafferano-bilia-caleido-4-verres-vert\/\",\"name\":\"ZAFFERANO Bilia Caleido 4 Verres Vert - dev6 Erresse\",\"isPartOf\":{\"@id\":\"https:\/\/dev6.erresse-shop.it\/#website\"},\"primaryImageOfPage\":{\"@id\":\"https:\/\/dev6.erresse-shop.it\/fr\/shop\/table-fr-2\/verres\/zafferano-bilia-caleido-4-verres-vert\/#primaryimage\"},\"image\":{\"@id\":\"https:\/\/dev6.erresse-shop.it\/fr\/shop\/table-fr-2\/verres\/zafferano-bilia-caleido-4-verres-vert\/#primaryimage\"},\"thumbnailUrl\":\"https:\/\/i3.wp.com\/interpim.erresse-shop.it\/wp-content\/uploads\/2025\/04\/ZAFFERANO-Bilia-Caleido-Set-4-Bicchieri-Tumbler-Verde.jpg\/zafferano-bilia-caleido-set-4-bicchieri-tumbler-verde.jpg?ssl=1\",\"datePublished\":\"2026-04-12T12:34:59+00:00\",\"description\":\"\u00ab\u00a0Bilia Caleido\u00a0\u00bb r\u00e9invente le gobelet classique en verre borosilicate souffl\u00e9 et fabriqu\u00e9 \u00e0 la main, avec une touche de magie. Cette version se distingue\",\"breadcrumb\":{\"@id\":\"https:\/\/dev6.erresse-shop.it\/fr\/shop\/table-fr-2\/verres\/zafferano-bilia-caleido-4-verres-vert\/#breadcrumb\"},\"inLanguage\":\"fr-FR\",\"potentialAction\":[{\"@type\":\"ReadAction\",\"target\":[\"https:\/\/dev6.erresse-shop.it\/fr\/shop\/table-fr-2\/verres\/zafferano-bilia-caleido-4-verres-vert\/\"]}]},{\"@type\":\"ImageObject\",\"inLanguage\":\"fr-FR\",\"@id\":\"https:\/\/dev6.erresse-shop.it\/fr\/shop\/table-fr-2\/verres\/zafferano-bilia-caleido-4-verres-vert\/#primaryimage\",\"url\":\"https:\/\/i3.wp.com\/interpim.erresse-shop.it\/wp-content\/uploads\/2025\/04\/ZAFFERANO-Bilia-Caleido-Set-4-Bicchieri-Tumbler-Verde.jpg\/zafferano-bilia-caleido-set-4-bicchieri-tumbler-verde.jpg?ssl=1\",\"contentUrl\":\"https:\/\/i3.wp.com\/interpim.erresse-shop.it\/wp-content\/uploads\/2025\/04\/ZAFFERANO-Bilia-Caleido-Set-4-Bicchieri-Tumbler-Verde.jpg\/zafferano-bilia-caleido-set-4-bicchieri-tumbler-verde.jpg?ssl=1\"},{\"@type\":\"BreadcrumbList\",\"@id\":\"https:\/\/dev6.erresse-shop.it\/fr\/shop\/table-fr-2\/verres\/zafferano-bilia-caleido-4-verres-vert\/#breadcrumb\",\"itemListElement\":[{\"@type\":\"ListItem\",\"position\":1,\"name\":\"Home\",\"item\":\"https:\/\/dev6.erresse-shop.it\/\"},{\"@type\":\"ListItem\",\"position\":2,\"name\":\"Boutique\",\"item\":\"https:\/\/dev6.erresse-shop.it\/shop\/\"},{\"@type\":\"ListItem\",\"position\":3,\"name\":\"ZAFFERANO Bilia Caleido 4 Verres Vert\"}]},{\"@type\":\"WebSite\",\"@id\":\"https:\/\/dev6.erresse-shop.it\/#website\",\"url\":\"https:\/\/dev6.erresse-shop.it\/\",\"name\":\"Erresse Shop\",\"description\":\"\",\"publisher\":{\"@id\":\"https:\/\/dev6.erresse-shop.it\/#organization\"},\"potentialAction\":[{\"@type\":\"SearchAction\",\"target\":{\"@type\":\"EntryPoint\",\"urlTemplate\":\"https:\/\/dev6.erresse-shop.it\/?s={search_term_string}\"},\"query-input\":{\"@type\":\"PropertyValueSpecification\",\"valueRequired\":true,\"valueName\":\"search_term_string\"}}],\"inLanguage\":\"fr-FR\"},{\"@type\":\"Organization\",\"@id\":\"https:\/\/dev6.erresse-shop.it\/#organization\",\"name\":\"Erresse Shop\",\"url\":\"https:\/\/dev6.erresse-shop.it\/\",\"logo\":{\"@type\":\"ImageObject\",\"inLanguage\":\"fr-FR\",\"@id\":\"https:\/\/dev6.erresse-shop.it\/#\/schema\/logo\/image\/\",\"url\":\"https:\/\/dev6.erresse-shop.it\/wp-content\/uploads\/2025\/01\/LOGO-ERRESSE-CLASSICO.svg\",\"contentUrl\":\"https:\/\/dev6.erresse-shop.it\/wp-content\/uploads\/2025\/01\/LOGO-ERRESSE-CLASSICO.svg\",\"caption\":\"Erresse Shop\"},\"image\":{\"@id\":\"https:\/\/dev6.erresse-shop.it\/#\/schema\/logo\/image\/\"}}]}<\/script>\n<!-- \/ Yoast SEO plugin. -->","yoast_head_json":{"title":"ZAFFERANO Bilia Caleido 4 Verres Vert - dev6 Erresse","description":"\u00ab\u00a0Bilia Caleido\u00a0\u00bb r\u00e9invente le gobelet classique en verre borosilicate souffl\u00e9 et fabriqu\u00e9 \u00e0 la main, avec une touche de magie. Cette version se distingue","robots":{"index":"noindex","follow":"follow","max-snippet":"max-snippet:-1","max-image-preview":"max-image-preview:large","max-video-preview":"max-video-preview:-1"},"og_locale":"fr_FR","og_type":"article","og_title":"ZAFFERANO Bilia Caleido 4 Verres Vert - dev6 Erresse","og_description":"\u00ab\u00a0Bilia Caleido\u00a0\u00bb r\u00e9invente le gobelet classique en verre borosilicate souffl\u00e9 et fabriqu\u00e9 \u00e0 la main, avec une touche de magie. Cette version se distingue","og_url":"https:\/\/dev6.erresse-shop.it\/fr\/shop\/table-fr-2\/verres\/zafferano-bilia-caleido-4-verres-vert\/","og_site_name":"dev6 Erresse","og_image":[{"url":"https:\/\/interpim.erresse-shop.it\/wp-content\/uploads\/2025\/04\/ZAFFERANO-Bilia-Caleido-Set-4-Bicchieri-Tumbler-Verde.jpg\/zafferano-bilia-caleido-set-4-bicchieri-tumbler-verde.jpg","type":"","width":"","height":""},{"url":"https:\/\/interpim.erresse-shop.it\/wp-content\/uploads\/2025\/04\/ZAFFERANO-Bilia-Caleido-Set-4-Bicchieri-Tumbler-Verde.jpg\/zafferano-bilia-caleido-set-4-bicchieri-tumbler-verde.jpg","width":1024,"height":1024,"type":"image\/jpeg"}],"twitter_card":"summary_large_image","twitter_image":"https:\/\/interpim.erresse-shop.it\/wp-content\/uploads\/2025\/04\/ZAFFERANO-Bilia-Caleido-Set-4-Bicchieri-Tumbler-Verde.jpg\/zafferano-bilia-caleido-set-4-bicchieri-tumbler-verde.jpg","schema":{"@context":"https:\/\/schema.org","@graph":[{"@type":"WebPage","@id":"https:\/\/dev6.erresse-shop.it\/fr\/shop\/table-fr-2\/verres\/zafferano-bilia-caleido-4-verres-vert\/","url":"https:\/\/dev6.erresse-shop.it\/fr\/shop\/table-fr-2\/verres\/zafferano-bilia-caleido-4-verres-vert\/","name":"ZAFFERANO Bilia Caleido 4 Verres Vert - dev6 Erresse","isPartOf":{"@id":"https:\/\/dev6.erresse-shop.it\/#website"},"primaryImageOfPage":{"@id":"https:\/\/dev6.erresse-shop.it\/fr\/shop\/table-fr-2\/verres\/zafferano-bilia-caleido-4-verres-vert\/#primaryimage"},"image":{"@id":"https:\/\/dev6.erresse-shop.it\/fr\/shop\/table-fr-2\/verres\/zafferano-bilia-caleido-4-verres-vert\/#primaryimage"},"thumbnailUrl":"https:\/\/i3.wp.com\/interpim.erresse-shop.it\/wp-content\/uploads\/2025\/04\/ZAFFERANO-Bilia-Caleido-Set-4-Bicchieri-Tumbler-Verde.jpg\/zafferano-bilia-caleido-set-4-bicchieri-tumbler-verde.jpg?ssl=1","datePublished":"2026-04-12T12:34:59+00:00","description":"\u00ab\u00a0Bilia Caleido\u00a0\u00bb r\u00e9invente le gobelet classique en verre borosilicate souffl\u00e9 et fabriqu\u00e9 \u00e0 la main, avec une touche de magie. Cette version se distingue","breadcrumb":{"@id":"https:\/\/dev6.erresse-shop.it\/fr\/shop\/table-fr-2\/verres\/zafferano-bilia-caleido-4-verres-vert\/#breadcrumb"},"inLanguage":"fr-FR","potentialAction":[{"@type":"ReadAction","target":["https:\/\/dev6.erresse-shop.it\/fr\/shop\/table-fr-2\/verres\/zafferano-bilia-caleido-4-verres-vert\/"]}]},{"@type":"ImageObject","inLanguage":"fr-FR","@id":"https:\/\/dev6.erresse-shop.it\/fr\/shop\/table-fr-2\/verres\/zafferano-bilia-caleido-4-verres-vert\/#primaryimage","url":"https:\/\/i3.wp.com\/interpim.erresse-shop.it\/wp-content\/uploads\/2025\/04\/ZAFFERANO-Bilia-Caleido-Set-4-Bicchieri-Tumbler-Verde.jpg\/zafferano-bilia-caleido-set-4-bicchieri-tumbler-verde.jpg?ssl=1","contentUrl":"https:\/\/i3.wp.com\/interpim.erresse-shop.it\/wp-content\/uploads\/2025\/04\/ZAFFERANO-Bilia-Caleido-Set-4-Bicchieri-Tumbler-Verde.jpg\/zafferano-bilia-caleido-set-4-bicchieri-tumbler-verde.jpg?ssl=1"},{"@type":"BreadcrumbList","@id":"https:\/\/dev6.erresse-shop.it\/fr\/shop\/table-fr-2\/verres\/zafferano-bilia-caleido-4-verres-vert\/#breadcrumb","itemListElement":[{"@type":"ListItem","position":1,"name":"Home","item":"https:\/\/dev6.erresse-shop.it\/"},{"@type":"ListItem","position":2,"name":"Boutique","item":"https:\/\/dev6.erresse-shop.it\/shop\/"},{"@type":"ListItem","position":3,"name":"ZAFFERANO Bilia Caleido 4 Verres Vert"}]},{"@type":"WebSite","@id":"https:\/\/dev6.erresse-shop.it\/#website","url":"https:\/\/dev6.erresse-shop.it\/","name":"Erresse Shop","description":"","publisher":{"@id":"https:\/\/dev6.erresse-shop.it\/#organization"},"potentialAction":[{"@type":"SearchAction","target":{"@type":"EntryPoint","urlTemplate":"https:\/\/dev6.erresse-shop.it\/?s={search_term_string}"},"query-input":{"@type":"PropertyValueSpecification","valueRequired":true,"valueName":"search_term_string"}}],"inLanguage":"fr-FR"},{"@type":"Organization","@id":"https:\/\/dev6.erresse-shop.it\/#organization","name":"Erresse Shop","url":"https:\/\/dev6.erresse-shop.it\/","logo":{"@type":"ImageObject","inLanguage":"fr-FR","@id":"https:\/\/dev6.erresse-shop.it\/#\/schema\/logo\/image\/","url":"https:\/\/dev6.erresse-shop.it\/wp-content\/uploads\/2025\/01\/LOGO-ERRESSE-CLASSICO.svg","contentUrl":"https:\/\/dev6.erresse-shop.it\/wp-content\/uploads\/2025\/01\/LOGO-ERRESSE-CLASSICO.svg","caption":"Erresse Shop"},"image":{"@id":"https:\/\/dev6.erresse-shop.it\/#\/schema\/logo\/image\/"}}]}},"df_price":46.8,"df_sale_price":"","df_regular_price":46.8,"df_image_link":"https:\/\/i3.wp.com\/interpim.erresse-shop.it\/wp-content\/uploads\/2025\/04\/ZAFFERANO-Bilia-Caleido-Set-4-Bicchieri-Tumbler-Verde.jpg\/zafferano-bilia-caleido-set-4-bicchieri-tumbler-verde.jpg?resize=300,300&ssl=1","fifu_image_url":"https:\/\/interpim.erresse-shop.it\/wp-content\/uploads\/2025\/04\/ZAFFERANO-Bilia-Caleido-Set-4-Bicchieri-Tumbler-Verde.jpg\/zafferano-bilia-caleido-set-4-bicchieri-tumbler-verde.jpg","_links":{"self":[{"href":"https:\/\/dev6.erresse-shop.it\/fr\/wp-json\/wp\/v2\/product\/2307123","targetHints":{"allow":["GET"]}}],"collection":[{"href":"https:\/\/dev6.erresse-shop.it\/fr\/wp-json\/wp\/v2\/product"}],"about":[{"href":"https:\/\/dev6.erresse-shop.it\/fr\/wp-json\/wp\/v2\/types\/product"}],"wp:featuredmedia":[{"embeddable":true,"href":"https:\/\/dev6.erresse-shop.it\/fr\/wp-json\/wp\/v2\/media\/6380861"}],"wp:attachment":[{"href":"https:\/\/dev6.erresse-shop.it\/fr\/wp-json\/wp\/v2\/media?parent=2307123"}],"wp:term":[{"taxonomy":"product_cat","embeddable":true,"href":"https:\/\/dev6.erresse-shop.it\/fr\/wp-json\/wp\/v2\/product_cat?post=2307123"},{"taxonomy":"product_tag","embeddable":true,"href":"https:\/\/dev6.erresse-shop.it\/fr\/wp-json\/wp\/v2\/product_tag?post=2307123"}],"curies":[{"name":"wp","href":"https:\/\/api.w.org\/{rel}","templated":true}]}}