{"id":2307117,"date":"2026-04-04T14:32:25","date_gmt":"2026-04-04T12:32:25","guid":{"rendered":"https:\/\/dev6.erresse-shop.it\/shop\/non%20class\u00e9\/joseph-joseph-totem-max-poubelle-et-bac-de-recyclage-60-litres-pierre\/"},"modified":"2025-12-08T17:52:12","modified_gmt":"2025-12-08T16:52:12","slug":"joseph-joseph-totem-max-poubelle-et-bac-de-recyclage-60-litres-pierre","status":"publish","type":"product","link":"https:\/\/dev6.erresse-shop.it\/fr\/shop\/ameublement-maison\/poubelles\/joseph-joseph-totem-max-poubelle-et-bac-de-recyclage-60-litres-pierre\/","title":{"rendered":"JOSEPH JOSEPH Totem Max Poubelle et bac de recyclage 60 litres Pierre"},"content":{"rendered":"<p>La poubelle de cuisine est le h\u00e9ros m\u00e9connu au c\u0153ur de la maison, mais peu d\u2019entre elles sont capables de g\u00e9rer les d\u00e9chets g\u00e9n\u00e9raux, les restes de nourriture et le recyclage. D\u00e9couvrez Totem. Notre poubelle prim\u00e9e dispose de plusieurs compartiments pour tous les types de d\u00e9chets m\u00e9nagers, vous permettant de tout s\u00e9parer dans une seule unit\u00e9 compacte. Son contr\u00f4le int\u00e9gr\u00e9 des odeurs permet \u00e9galement de garder une odeur fra\u00eeche dans votre cuisine.<\/p>\n<p>La conception prim\u00e9e combine trois poubelles en une<br \/>\nComprend deux poubelles de 30 litres pour faciliter le tri et le recyclage des d\u00e9chets, ainsi qu\u2019une poubelle amovible de 3 litres pour les d\u00e9chets alimentaires<br \/>\nLa conception verticale unique maximise la capacit\u00e9 dans un espace compact<br \/>\nLe contr\u00f4le int\u00e9gr\u00e9 des odeurs r\u00e9duit les odeurs d\u00e9sagr\u00e9ables gr\u00e2ce \u00e0 des filtres \u00e0 charbon actif rempla\u00e7ables<br \/>\nLes compartiments amovibles sont dot\u00e9s de trous de maintien et de crochets pour sacs afin de les vider facilement<\/p>\n<p>Entretien et utilisation<\/p>\n<p>Utilisez 60 litres avec les conteneurs sur mesure IW2 et IW6 (convient \u00e9galement pour une utilisation avec des conteneurs standard).<br \/>\nSurfaces ext\u00e9rieures : nettoyer avec un chiffon humide et s\u00e9cher avec un chiffon doux et sec. N\u2019utilisez pas de chiffons abrasifs ni de nettoyants chimiques agressifs.<br \/>\nSeaux et r\u00e9cipient \u00e0 d\u00e9chets alimentaires : Retirez-les de l\u2019appareil et nettoyez-les \u00e0 l\u2019eau chaude savonneuse. S\u00e9chez-les avant de les remettre dans l\u2019appareil (pour \u00e9liminer les mauvaises odeurs, vous pouvez \u00e9galement utiliser une solution de bicarbonate de soude et d\u2019eau).<br \/>\nFiltre anti-odeur : Pour des performances optimales, il est recommand\u00e9 de remplacer le filtre anti-odeur tous les 3 mois.<\/p>\n<p>Dimensions\u00a0:<\/p>\n<p>H 81,4 (couvercle ferm\u00e9) H 111 (couvercle ouvert) x L 39 x P 36,6 cm<\/p>\n<p>Poids\u00a0: 9,7 kg<\/p>\n","protected":false},"excerpt":{"rendered":"<p>La poubelle de cuisine est le h\u00e9ros m\u00e9connu au c\u0153ur de la maison, mais peu d\u2019entre elles sont capables de g\u00e9rer les d\u00e9chets g\u00e9n\u00e9raux, les restes de nourriture et le recyclage. D\u00e9couvrez Totem. Notre poubelle prim\u00e9e dispose de plusieurs compartiments pour tous les types de d\u00e9chets m\u00e9nagers, vous permettant de tout s\u00e9parer dans une seule [&hellip;]<\/p>\n","protected":false},"featured_media":6297560,"template":"","meta":{"_acf_changed":false},"product_cat":[11990,12029],"product_tag":[],"class_list":{"0":"post-2307117","1":"product","2":"type-product","3":"status-publish","4":"has-post-thumbnail","6":"product_cat-ameublement-maison","7":"product_cat-poubelles","9":"first","10":"instock","11":"sale","12":"taxable","13":"shipping-taxable","14":"purchasable","15":"product-type-simple","swatches":"rey-swatches","show_selected":"","stretch_labels":"rey-swatches--stretch-labels"},"acf":[],"yoast_head":"<!-- This site is optimized with the Yoast SEO plugin v25.4 - https:\/\/yoast.com\/wordpress\/plugins\/seo\/ -->\n<title>JOSEPH JOSEPH Totem Max Poubelle et bac de recyclage 60 litres Pierre - dev6 Erresse<\/title>\n<meta name=\"description\" content=\"La poubelle de cuisine est le h\u00e9ros m\u00e9connu au c\u0153ur de la maison, mais peu d\u2019entre elles sont capables de g\u00e9rer les d\u00e9chets g\u00e9n\u00e9raux, les restes de\" \/>\n<meta name=\"robots\" content=\"noindex, follow, max-snippet:-1, max-image-preview:large, max-video-preview:-1\" \/>\n<meta property=\"og:locale\" content=\"fr_FR\" \/>\n<meta property=\"og:type\" content=\"article\" \/>\n<meta property=\"og:title\" content=\"JOSEPH JOSEPH Totem Max Poubelle et bac de recyclage 60 litres Pierre - dev6 Erresse\" \/>\n<meta property=\"og:description\" content=\"La poubelle de cuisine est le h\u00e9ros m\u00e9connu au c\u0153ur de la maison, mais peu d\u2019entre elles sont capables de g\u00e9rer les d\u00e9chets g\u00e9n\u00e9raux, les restes de\" \/>\n<meta property=\"og:url\" content=\"https:\/\/dev6.erresse-shop.it\/fr\/shop\/ameublement-maison\/poubelles\/joseph-joseph-totem-max-poubelle-et-bac-de-recyclage-60-litres-pierre\/\" \/>\n<meta property=\"og:site_name\" content=\"dev6 Erresse\" \/>\n<meta property=\"og:image\" content=\"https:\/\/interpim.erresse-shop.it\/wp-content\/uploads\/2025\/04\/JOSEPH-JOSEPH-Totem-Max-Pattumiera-60-litri-Pietra.jpg\/joseph-joseph-totem-max-pattumiera-60-litri-pietra.jpg\" \/><meta property=\"og:image\" content=\"https:\/\/interpim.erresse-shop.it\/wp-content\/uploads\/2025\/04\/JOSEPH-JOSEPH-Totem-Max-Pattumiera-60-litri-Pietra.jpg\/joseph-joseph-totem-max-pattumiera-60-litri-pietra.jpg\" \/>\n\t<meta property=\"og:image:width\" content=\"1024\" \/>\n\t<meta property=\"og:image:height\" content=\"1024\" \/>\n\t<meta property=\"og:image:type\" content=\"image\/jpeg\" \/>\n<meta name=\"twitter:card\" content=\"summary_large_image\" \/>\n<meta name=\"twitter:image\" content=\"https:\/\/interpim.erresse-shop.it\/wp-content\/uploads\/2025\/04\/JOSEPH-JOSEPH-Totem-Max-Pattumiera-60-litri-Pietra.jpg\/joseph-joseph-totem-max-pattumiera-60-litri-pietra.jpg\" \/>\n<script type=\"application\/ld+json\" class=\"yoast-schema-graph\">{\"@context\":\"https:\/\/schema.org\",\"@graph\":[{\"@type\":\"WebPage\",\"@id\":\"https:\/\/dev6.erresse-shop.it\/fr\/shop\/ameublement-maison\/poubelles\/joseph-joseph-totem-max-poubelle-et-bac-de-recyclage-60-litres-pierre\/\",\"url\":\"https:\/\/dev6.erresse-shop.it\/fr\/shop\/ameublement-maison\/poubelles\/joseph-joseph-totem-max-poubelle-et-bac-de-recyclage-60-litres-pierre\/\",\"name\":\"JOSEPH JOSEPH Totem Max Poubelle et bac de recyclage 60 litres Pierre - dev6 Erresse\",\"isPartOf\":{\"@id\":\"https:\/\/dev6.erresse-shop.it\/#website\"},\"primaryImageOfPage\":{\"@id\":\"https:\/\/dev6.erresse-shop.it\/fr\/shop\/ameublement-maison\/poubelles\/joseph-joseph-totem-max-poubelle-et-bac-de-recyclage-60-litres-pierre\/#primaryimage\"},\"image\":{\"@id\":\"https:\/\/dev6.erresse-shop.it\/fr\/shop\/ameublement-maison\/poubelles\/joseph-joseph-totem-max-poubelle-et-bac-de-recyclage-60-litres-pierre\/#primaryimage\"},\"thumbnailUrl\":\"https:\/\/i1.wp.com\/interpim.erresse-shop.it\/wp-content\/uploads\/2025\/04\/JOSEPH-JOSEPH-Totem-Max-Pattumiera-60-litri-Pietra.jpg\/joseph-joseph-totem-max-pattumiera-60-litri-pietra.jpg?ssl=1\",\"datePublished\":\"2026-04-04T12:32:25+00:00\",\"description\":\"La poubelle de cuisine est le h\u00e9ros m\u00e9connu au c\u0153ur de la maison, mais peu d\u2019entre elles sont capables de g\u00e9rer les d\u00e9chets g\u00e9n\u00e9raux, les restes de\",\"breadcrumb\":{\"@id\":\"https:\/\/dev6.erresse-shop.it\/fr\/shop\/ameublement-maison\/poubelles\/joseph-joseph-totem-max-poubelle-et-bac-de-recyclage-60-litres-pierre\/#breadcrumb\"},\"inLanguage\":\"fr-FR\",\"potentialAction\":[{\"@type\":\"ReadAction\",\"target\":[\"https:\/\/dev6.erresse-shop.it\/fr\/shop\/ameublement-maison\/poubelles\/joseph-joseph-totem-max-poubelle-et-bac-de-recyclage-60-litres-pierre\/\"]}]},{\"@type\":\"ImageObject\",\"inLanguage\":\"fr-FR\",\"@id\":\"https:\/\/dev6.erresse-shop.it\/fr\/shop\/ameublement-maison\/poubelles\/joseph-joseph-totem-max-poubelle-et-bac-de-recyclage-60-litres-pierre\/#primaryimage\",\"url\":\"https:\/\/i1.wp.com\/interpim.erresse-shop.it\/wp-content\/uploads\/2025\/04\/JOSEPH-JOSEPH-Totem-Max-Pattumiera-60-litri-Pietra.jpg\/joseph-joseph-totem-max-pattumiera-60-litri-pietra.jpg?ssl=1\",\"contentUrl\":\"https:\/\/i1.wp.com\/interpim.erresse-shop.it\/wp-content\/uploads\/2025\/04\/JOSEPH-JOSEPH-Totem-Max-Pattumiera-60-litri-Pietra.jpg\/joseph-joseph-totem-max-pattumiera-60-litri-pietra.jpg?ssl=1\"},{\"@type\":\"BreadcrumbList\",\"@id\":\"https:\/\/dev6.erresse-shop.it\/fr\/shop\/ameublement-maison\/poubelles\/joseph-joseph-totem-max-poubelle-et-bac-de-recyclage-60-litres-pierre\/#breadcrumb\",\"itemListElement\":[{\"@type\":\"ListItem\",\"position\":1,\"name\":\"Home\",\"item\":\"https:\/\/dev6.erresse-shop.it\/\"},{\"@type\":\"ListItem\",\"position\":2,\"name\":\"Boutique\",\"item\":\"https:\/\/dev6.erresse-shop.it\/shop\/\"},{\"@type\":\"ListItem\",\"position\":3,\"name\":\"JOSEPH JOSEPH Totem Max Poubelle et bac de recyclage 60 litres Pierre\"}]},{\"@type\":\"WebSite\",\"@id\":\"https:\/\/dev6.erresse-shop.it\/#website\",\"url\":\"https:\/\/dev6.erresse-shop.it\/\",\"name\":\"Erresse Shop\",\"description\":\"\",\"publisher\":{\"@id\":\"https:\/\/dev6.erresse-shop.it\/#organization\"},\"potentialAction\":[{\"@type\":\"SearchAction\",\"target\":{\"@type\":\"EntryPoint\",\"urlTemplate\":\"https:\/\/dev6.erresse-shop.it\/?s={search_term_string}\"},\"query-input\":{\"@type\":\"PropertyValueSpecification\",\"valueRequired\":true,\"valueName\":\"search_term_string\"}}],\"inLanguage\":\"fr-FR\"},{\"@type\":\"Organization\",\"@id\":\"https:\/\/dev6.erresse-shop.it\/#organization\",\"name\":\"Erresse Shop\",\"url\":\"https:\/\/dev6.erresse-shop.it\/\",\"logo\":{\"@type\":\"ImageObject\",\"inLanguage\":\"fr-FR\",\"@id\":\"https:\/\/dev6.erresse-shop.it\/#\/schema\/logo\/image\/\",\"url\":\"https:\/\/dev6.erresse-shop.it\/wp-content\/uploads\/2025\/01\/LOGO-ERRESSE-CLASSICO.svg\",\"contentUrl\":\"https:\/\/dev6.erresse-shop.it\/wp-content\/uploads\/2025\/01\/LOGO-ERRESSE-CLASSICO.svg\",\"caption\":\"Erresse Shop\"},\"image\":{\"@id\":\"https:\/\/dev6.erresse-shop.it\/#\/schema\/logo\/image\/\"}}]}<\/script>\n<!-- \/ Yoast SEO plugin. -->","yoast_head_json":{"title":"JOSEPH JOSEPH Totem Max Poubelle et bac de recyclage 60 litres Pierre - dev6 Erresse","description":"La poubelle de cuisine est le h\u00e9ros m\u00e9connu au c\u0153ur de la maison, mais peu d\u2019entre elles sont capables de g\u00e9rer les d\u00e9chets g\u00e9n\u00e9raux, les restes de","robots":{"index":"noindex","follow":"follow","max-snippet":"max-snippet:-1","max-image-preview":"max-image-preview:large","max-video-preview":"max-video-preview:-1"},"og_locale":"fr_FR","og_type":"article","og_title":"JOSEPH JOSEPH Totem Max Poubelle et bac de recyclage 60 litres Pierre - dev6 Erresse","og_description":"La poubelle de cuisine est le h\u00e9ros m\u00e9connu au c\u0153ur de la maison, mais peu d\u2019entre elles sont capables de g\u00e9rer les d\u00e9chets g\u00e9n\u00e9raux, les restes de","og_url":"https:\/\/dev6.erresse-shop.it\/fr\/shop\/ameublement-maison\/poubelles\/joseph-joseph-totem-max-poubelle-et-bac-de-recyclage-60-litres-pierre\/","og_site_name":"dev6 Erresse","og_image":[{"url":"https:\/\/interpim.erresse-shop.it\/wp-content\/uploads\/2025\/04\/JOSEPH-JOSEPH-Totem-Max-Pattumiera-60-litri-Pietra.jpg\/joseph-joseph-totem-max-pattumiera-60-litri-pietra.jpg","type":"","width":"","height":""},{"url":"https:\/\/interpim.erresse-shop.it\/wp-content\/uploads\/2025\/04\/JOSEPH-JOSEPH-Totem-Max-Pattumiera-60-litri-Pietra.jpg\/joseph-joseph-totem-max-pattumiera-60-litri-pietra.jpg","width":1024,"height":1024,"type":"image\/jpeg"}],"twitter_card":"summary_large_image","twitter_image":"https:\/\/interpim.erresse-shop.it\/wp-content\/uploads\/2025\/04\/JOSEPH-JOSEPH-Totem-Max-Pattumiera-60-litri-Pietra.jpg\/joseph-joseph-totem-max-pattumiera-60-litri-pietra.jpg","schema":{"@context":"https:\/\/schema.org","@graph":[{"@type":"WebPage","@id":"https:\/\/dev6.erresse-shop.it\/fr\/shop\/ameublement-maison\/poubelles\/joseph-joseph-totem-max-poubelle-et-bac-de-recyclage-60-litres-pierre\/","url":"https:\/\/dev6.erresse-shop.it\/fr\/shop\/ameublement-maison\/poubelles\/joseph-joseph-totem-max-poubelle-et-bac-de-recyclage-60-litres-pierre\/","name":"JOSEPH JOSEPH Totem Max Poubelle et bac de recyclage 60 litres Pierre - dev6 Erresse","isPartOf":{"@id":"https:\/\/dev6.erresse-shop.it\/#website"},"primaryImageOfPage":{"@id":"https:\/\/dev6.erresse-shop.it\/fr\/shop\/ameublement-maison\/poubelles\/joseph-joseph-totem-max-poubelle-et-bac-de-recyclage-60-litres-pierre\/#primaryimage"},"image":{"@id":"https:\/\/dev6.erresse-shop.it\/fr\/shop\/ameublement-maison\/poubelles\/joseph-joseph-totem-max-poubelle-et-bac-de-recyclage-60-litres-pierre\/#primaryimage"},"thumbnailUrl":"https:\/\/i1.wp.com\/interpim.erresse-shop.it\/wp-content\/uploads\/2025\/04\/JOSEPH-JOSEPH-Totem-Max-Pattumiera-60-litri-Pietra.jpg\/joseph-joseph-totem-max-pattumiera-60-litri-pietra.jpg?ssl=1","datePublished":"2026-04-04T12:32:25+00:00","description":"La poubelle de cuisine est le h\u00e9ros m\u00e9connu au c\u0153ur de la maison, mais peu d\u2019entre elles sont capables de g\u00e9rer les d\u00e9chets g\u00e9n\u00e9raux, les restes de","breadcrumb":{"@id":"https:\/\/dev6.erresse-shop.it\/fr\/shop\/ameublement-maison\/poubelles\/joseph-joseph-totem-max-poubelle-et-bac-de-recyclage-60-litres-pierre\/#breadcrumb"},"inLanguage":"fr-FR","potentialAction":[{"@type":"ReadAction","target":["https:\/\/dev6.erresse-shop.it\/fr\/shop\/ameublement-maison\/poubelles\/joseph-joseph-totem-max-poubelle-et-bac-de-recyclage-60-litres-pierre\/"]}]},{"@type":"ImageObject","inLanguage":"fr-FR","@id":"https:\/\/dev6.erresse-shop.it\/fr\/shop\/ameublement-maison\/poubelles\/joseph-joseph-totem-max-poubelle-et-bac-de-recyclage-60-litres-pierre\/#primaryimage","url":"https:\/\/i1.wp.com\/interpim.erresse-shop.it\/wp-content\/uploads\/2025\/04\/JOSEPH-JOSEPH-Totem-Max-Pattumiera-60-litri-Pietra.jpg\/joseph-joseph-totem-max-pattumiera-60-litri-pietra.jpg?ssl=1","contentUrl":"https:\/\/i1.wp.com\/interpim.erresse-shop.it\/wp-content\/uploads\/2025\/04\/JOSEPH-JOSEPH-Totem-Max-Pattumiera-60-litri-Pietra.jpg\/joseph-joseph-totem-max-pattumiera-60-litri-pietra.jpg?ssl=1"},{"@type":"BreadcrumbList","@id":"https:\/\/dev6.erresse-shop.it\/fr\/shop\/ameublement-maison\/poubelles\/joseph-joseph-totem-max-poubelle-et-bac-de-recyclage-60-litres-pierre\/#breadcrumb","itemListElement":[{"@type":"ListItem","position":1,"name":"Home","item":"https:\/\/dev6.erresse-shop.it\/"},{"@type":"ListItem","position":2,"name":"Boutique","item":"https:\/\/dev6.erresse-shop.it\/shop\/"},{"@type":"ListItem","position":3,"name":"JOSEPH JOSEPH Totem Max Poubelle et bac de recyclage 60 litres Pierre"}]},{"@type":"WebSite","@id":"https:\/\/dev6.erresse-shop.it\/#website","url":"https:\/\/dev6.erresse-shop.it\/","name":"Erresse Shop","description":"","publisher":{"@id":"https:\/\/dev6.erresse-shop.it\/#organization"},"potentialAction":[{"@type":"SearchAction","target":{"@type":"EntryPoint","urlTemplate":"https:\/\/dev6.erresse-shop.it\/?s={search_term_string}"},"query-input":{"@type":"PropertyValueSpecification","valueRequired":true,"valueName":"search_term_string"}}],"inLanguage":"fr-FR"},{"@type":"Organization","@id":"https:\/\/dev6.erresse-shop.it\/#organization","name":"Erresse Shop","url":"https:\/\/dev6.erresse-shop.it\/","logo":{"@type":"ImageObject","inLanguage":"fr-FR","@id":"https:\/\/dev6.erresse-shop.it\/#\/schema\/logo\/image\/","url":"https:\/\/dev6.erresse-shop.it\/wp-content\/uploads\/2025\/01\/LOGO-ERRESSE-CLASSICO.svg","contentUrl":"https:\/\/dev6.erresse-shop.it\/wp-content\/uploads\/2025\/01\/LOGO-ERRESSE-CLASSICO.svg","caption":"Erresse Shop"},"image":{"@id":"https:\/\/dev6.erresse-shop.it\/#\/schema\/logo\/image\/"}}]}},"df_price":184.95,"df_sale_price":184.95,"df_regular_price":229.99,"df_image_link":"https:\/\/i1.wp.com\/interpim.erresse-shop.it\/wp-content\/uploads\/2025\/04\/JOSEPH-JOSEPH-Totem-Max-Pattumiera-60-litri-Pietra.jpg\/joseph-joseph-totem-max-pattumiera-60-litri-pietra.jpg?resize=300,300&ssl=1","fifu_image_url":"https:\/\/interpim.erresse-shop.it\/wp-content\/uploads\/2025\/04\/JOSEPH-JOSEPH-Totem-Max-Pattumiera-60-litri-Pietra.jpg\/joseph-joseph-totem-max-pattumiera-60-litri-pietra.jpg","_links":{"self":[{"href":"https:\/\/dev6.erresse-shop.it\/fr\/wp-json\/wp\/v2\/product\/2307117","targetHints":{"allow":["GET"]}}],"collection":[{"href":"https:\/\/dev6.erresse-shop.it\/fr\/wp-json\/wp\/v2\/product"}],"about":[{"href":"https:\/\/dev6.erresse-shop.it\/fr\/wp-json\/wp\/v2\/types\/product"}],"wp:featuredmedia":[{"embeddable":true,"href":"https:\/\/dev6.erresse-shop.it\/fr\/wp-json\/wp\/v2\/media\/6297560"}],"wp:attachment":[{"href":"https:\/\/dev6.erresse-shop.it\/fr\/wp-json\/wp\/v2\/media?parent=2307117"}],"wp:term":[{"taxonomy":"product_cat","embeddable":true,"href":"https:\/\/dev6.erresse-shop.it\/fr\/wp-json\/wp\/v2\/product_cat?post=2307117"},{"taxonomy":"product_tag","embeddable":true,"href":"https:\/\/dev6.erresse-shop.it\/fr\/wp-json\/wp\/v2\/product_tag?post=2307117"}],"curies":[{"name":"wp","href":"https:\/\/api.w.org\/{rel}","templated":true}]}}