{"id":2307115,"date":"2026-04-04T14:32:25","date_gmt":"2026-04-04T12:32:25","guid":{"rendered":"https:\/\/dev6.erresse-shop.it\/shop\/non%20class\u00e9\/joseph-joseph-tota-trio-panier-a-linge-90-litres-noir\/"},"modified":"2025-12-08T17:52:11","modified_gmt":"2025-12-08T16:52:11","slug":"joseph-joseph-tota-trio-panier-a-linge-90-litres-noir","status":"publish","type":"product","link":"https:\/\/dev6.erresse-shop.it\/fr\/shop\/ameublement-maison\/salle-de-bain\/joseph-joseph-tota-trio-panier-a-linge-90-litres-noir\/","title":{"rendered":"JOSEPH JOSEPH Tota Trio Panier \u00e0 linge 90 litres Noir"},"content":{"rendered":"<p>Notre fournisseur de portabiancheria le plus vendu est d\u00e9sormais disponible avec trois pi\u00e8ces d\u00e9tach\u00e9es pour s\u00e9parer les personnes. Le sac \u00e0 main portable et facile \u00e0 transporter ne facilite pas le confort, gr\u00e2ce \u00e0 la tonalit\u00e9 \u00e9cru polyvalente qui s\u2019adapte parfaitement \u00e0 toute ambiance ambiante.<\/p>\n<p>Trois compartiments de 30 litres permettent de s\u00e9parer facilement les tissus, comme les cheveux, les \u00e9cussons et les couleurs.<br \/>\nLe sac \u00e0 main \u00e0 roulettes facilite le transport du bucato dans la laveuse.<br \/>\nLa manipulation \u00e0 la base du sac facilite l\u2019achat.<br \/>\nLes sacs ins\u00e9r\u00e9s dans l\u2019espace du portabiancheria, rendus faciles par la d\u00e9chirure.<br \/>\nIl coperchio nasconde la biancheria sporca, mantenendola in ordine in casa.<br \/>\nLe design Salvaspazio est parfait pour la chambre du lit, les bagages ou les r\u00e9ponses.<br \/>\nVienne fornito smontato avec des instructions de montage faciles et sans bisogno di attrezzi.<\/p>\n<p>Pr\u00e9cautions et utilisation\u00a0:<\/p>\n<p>Sac fourre-tout\u00a0:\u00a0lavabili in lavatrice \u2013 voir l\u2019\u00e9tiquette du produit selon les instructions<br \/>\nRetirer le bord en plastique avant le lavage<br \/>\nEsterno in tessuto\u00a0: pulire solo con un panno \u2013 non lavare in lavatrice<br \/>\nCoperchio, bordi e telaio\u00a0: pulire con un panno umido<br \/>\nAttenzione\u00a0: non sedersi o appoggiare oggetti pesanti sul cestino<br \/>\nNe permettez pas aux enfants de jouer avec eux cestin<\/p>\n<p>Dimensions\u00a0:<\/p>\n<p>H71 x L59,1 x P39,5 cm (H28 x L23,3 x P15,5 pouces)<\/p>\n<p>Mat\u00e9riau\u00a0:<\/p>\n<p>Sac \u00e0 main en tissu \u2013 100% coton<br \/>\nEsterno \u2013 100% polyester<\/p>\n","protected":false},"excerpt":{"rendered":"<p>Notre fournisseur de portabiancheria le plus vendu est d\u00e9sormais disponible avec trois pi\u00e8ces d\u00e9tach\u00e9es pour s\u00e9parer les personnes. Le sac \u00e0 main portable et facile \u00e0 transporter ne facilite pas le confort, gr\u00e2ce \u00e0 la tonalit\u00e9 \u00e9cru polyvalente qui s\u2019adapte parfaitement \u00e0 toute ambiance ambiante. Trois compartiments de 30 litres permettent de s\u00e9parer facilement les [&hellip;]<\/p>\n","protected":false},"featured_media":6297551,"template":"","meta":{"_acf_changed":false},"product_cat":[11990,12074],"product_tag":[],"class_list":{"0":"post-2307115","1":"product","2":"type-product","3":"status-publish","4":"has-post-thumbnail","6":"product_cat-ameublement-maison","7":"product_cat-salle-de-bain","9":"first","10":"instock","11":"sale","12":"taxable","13":"shipping-taxable","14":"purchasable","15":"product-type-simple","swatches":"rey-swatches","show_selected":"","stretch_labels":"rey-swatches--stretch-labels"},"acf":[],"yoast_head":"<!-- This site is optimized with the Yoast SEO plugin v25.4 - https:\/\/yoast.com\/wordpress\/plugins\/seo\/ -->\n<title>JOSEPH JOSEPH Tota Trio Panier \u00e0 linge 90 litres Noir - dev6 Erresse<\/title>\n<meta name=\"description\" content=\"Notre fournisseur de portabiancheria le plus vendu est d\u00e9sormais disponible avec trois pi\u00e8ces d\u00e9tach\u00e9es pour s\u00e9parer les personnes. Le sac \u00e0 main portable\" \/>\n<meta name=\"robots\" content=\"noindex, follow, max-snippet:-1, max-image-preview:large, max-video-preview:-1\" \/>\n<meta property=\"og:locale\" content=\"fr_FR\" \/>\n<meta property=\"og:type\" content=\"article\" \/>\n<meta property=\"og:title\" content=\"JOSEPH JOSEPH Tota Trio Panier \u00e0 linge 90 litres Noir - dev6 Erresse\" \/>\n<meta property=\"og:description\" content=\"Notre fournisseur de portabiancheria le plus vendu est d\u00e9sormais disponible avec trois pi\u00e8ces d\u00e9tach\u00e9es pour s\u00e9parer les personnes. Le sac \u00e0 main portable\" \/>\n<meta property=\"og:url\" content=\"https:\/\/dev6.erresse-shop.it\/fr\/shop\/ameublement-maison\/salle-de-bain\/joseph-joseph-tota-trio-panier-a-linge-90-litres-noir\/\" \/>\n<meta property=\"og:site_name\" content=\"dev6 Erresse\" \/>\n<meta property=\"og:image\" content=\"https:\/\/interpim.erresse-shop.it\/wp-content\/uploads\/2025\/04\/JOSEPH-JOSEPH-Tota-Trio-Cesto-da-Biancheria-90-litri-Nero.jpg\/joseph-joseph-tota-trio-cesto-da-biancheria-90-litri-nero.jpg\" \/><meta property=\"og:image\" content=\"https:\/\/interpim.erresse-shop.it\/wp-content\/uploads\/2025\/04\/JOSEPH-JOSEPH-Tota-Trio-Cesto-da-Biancheria-90-litri-Nero.jpg\/joseph-joseph-tota-trio-cesto-da-biancheria-90-litri-nero.jpg\" \/>\n\t<meta property=\"og:image:width\" content=\"1024\" \/>\n\t<meta property=\"og:image:height\" content=\"1024\" \/>\n\t<meta property=\"og:image:type\" content=\"image\/jpeg\" \/>\n<meta name=\"twitter:card\" content=\"summary_large_image\" \/>\n<meta name=\"twitter:image\" content=\"https:\/\/interpim.erresse-shop.it\/wp-content\/uploads\/2025\/04\/JOSEPH-JOSEPH-Tota-Trio-Cesto-da-Biancheria-90-litri-Nero.jpg\/joseph-joseph-tota-trio-cesto-da-biancheria-90-litri-nero.jpg\" \/>\n<script type=\"application\/ld+json\" class=\"yoast-schema-graph\">{\"@context\":\"https:\/\/schema.org\",\"@graph\":[{\"@type\":\"WebPage\",\"@id\":\"https:\/\/dev6.erresse-shop.it\/fr\/shop\/ameublement-maison\/salle-de-bain\/joseph-joseph-tota-trio-panier-a-linge-90-litres-noir\/\",\"url\":\"https:\/\/dev6.erresse-shop.it\/fr\/shop\/ameublement-maison\/salle-de-bain\/joseph-joseph-tota-trio-panier-a-linge-90-litres-noir\/\",\"name\":\"JOSEPH JOSEPH Tota Trio Panier \u00e0 linge 90 litres Noir - dev6 Erresse\",\"isPartOf\":{\"@id\":\"https:\/\/dev6.erresse-shop.it\/#website\"},\"primaryImageOfPage\":{\"@id\":\"https:\/\/dev6.erresse-shop.it\/fr\/shop\/ameublement-maison\/salle-de-bain\/joseph-joseph-tota-trio-panier-a-linge-90-litres-noir\/#primaryimage\"},\"image\":{\"@id\":\"https:\/\/dev6.erresse-shop.it\/fr\/shop\/ameublement-maison\/salle-de-bain\/joseph-joseph-tota-trio-panier-a-linge-90-litres-noir\/#primaryimage\"},\"thumbnailUrl\":\"https:\/\/i0.wp.com\/interpim.erresse-shop.it\/wp-content\/uploads\/2025\/04\/JOSEPH-JOSEPH-Tota-Trio-Cesto-da-Biancheria-90-litri-Nero.jpg\/joseph-joseph-tota-trio-cesto-da-biancheria-90-litri-nero.jpg?ssl=1\",\"datePublished\":\"2026-04-04T12:32:25+00:00\",\"description\":\"Notre fournisseur de portabiancheria le plus vendu est d\u00e9sormais disponible avec trois pi\u00e8ces d\u00e9tach\u00e9es pour s\u00e9parer les personnes. Le sac \u00e0 main portable\",\"breadcrumb\":{\"@id\":\"https:\/\/dev6.erresse-shop.it\/fr\/shop\/ameublement-maison\/salle-de-bain\/joseph-joseph-tota-trio-panier-a-linge-90-litres-noir\/#breadcrumb\"},\"inLanguage\":\"fr-FR\",\"potentialAction\":[{\"@type\":\"ReadAction\",\"target\":[\"https:\/\/dev6.erresse-shop.it\/fr\/shop\/ameublement-maison\/salle-de-bain\/joseph-joseph-tota-trio-panier-a-linge-90-litres-noir\/\"]}]},{\"@type\":\"ImageObject\",\"inLanguage\":\"fr-FR\",\"@id\":\"https:\/\/dev6.erresse-shop.it\/fr\/shop\/ameublement-maison\/salle-de-bain\/joseph-joseph-tota-trio-panier-a-linge-90-litres-noir\/#primaryimage\",\"url\":\"https:\/\/i0.wp.com\/interpim.erresse-shop.it\/wp-content\/uploads\/2025\/04\/JOSEPH-JOSEPH-Tota-Trio-Cesto-da-Biancheria-90-litri-Nero.jpg\/joseph-joseph-tota-trio-cesto-da-biancheria-90-litri-nero.jpg?ssl=1\",\"contentUrl\":\"https:\/\/i0.wp.com\/interpim.erresse-shop.it\/wp-content\/uploads\/2025\/04\/JOSEPH-JOSEPH-Tota-Trio-Cesto-da-Biancheria-90-litri-Nero.jpg\/joseph-joseph-tota-trio-cesto-da-biancheria-90-litri-nero.jpg?ssl=1\"},{\"@type\":\"BreadcrumbList\",\"@id\":\"https:\/\/dev6.erresse-shop.it\/fr\/shop\/ameublement-maison\/salle-de-bain\/joseph-joseph-tota-trio-panier-a-linge-90-litres-noir\/#breadcrumb\",\"itemListElement\":[{\"@type\":\"ListItem\",\"position\":1,\"name\":\"Home\",\"item\":\"https:\/\/dev6.erresse-shop.it\/\"},{\"@type\":\"ListItem\",\"position\":2,\"name\":\"Boutique\",\"item\":\"https:\/\/dev6.erresse-shop.it\/shop\/\"},{\"@type\":\"ListItem\",\"position\":3,\"name\":\"JOSEPH JOSEPH Tota Trio Panier \u00e0 linge 90 litres Noir\"}]},{\"@type\":\"WebSite\",\"@id\":\"https:\/\/dev6.erresse-shop.it\/#website\",\"url\":\"https:\/\/dev6.erresse-shop.it\/\",\"name\":\"Erresse Shop\",\"description\":\"\",\"publisher\":{\"@id\":\"https:\/\/dev6.erresse-shop.it\/#organization\"},\"potentialAction\":[{\"@type\":\"SearchAction\",\"target\":{\"@type\":\"EntryPoint\",\"urlTemplate\":\"https:\/\/dev6.erresse-shop.it\/?s={search_term_string}\"},\"query-input\":{\"@type\":\"PropertyValueSpecification\",\"valueRequired\":true,\"valueName\":\"search_term_string\"}}],\"inLanguage\":\"fr-FR\"},{\"@type\":\"Organization\",\"@id\":\"https:\/\/dev6.erresse-shop.it\/#organization\",\"name\":\"Erresse Shop\",\"url\":\"https:\/\/dev6.erresse-shop.it\/\",\"logo\":{\"@type\":\"ImageObject\",\"inLanguage\":\"fr-FR\",\"@id\":\"https:\/\/dev6.erresse-shop.it\/#\/schema\/logo\/image\/\",\"url\":\"https:\/\/dev6.erresse-shop.it\/wp-content\/uploads\/2025\/01\/LOGO-ERRESSE-CLASSICO.svg\",\"contentUrl\":\"https:\/\/dev6.erresse-shop.it\/wp-content\/uploads\/2025\/01\/LOGO-ERRESSE-CLASSICO.svg\",\"caption\":\"Erresse Shop\"},\"image\":{\"@id\":\"https:\/\/dev6.erresse-shop.it\/#\/schema\/logo\/image\/\"}}]}<\/script>\n<!-- \/ Yoast SEO plugin. -->","yoast_head_json":{"title":"JOSEPH JOSEPH Tota Trio Panier \u00e0 linge 90 litres Noir - dev6 Erresse","description":"Notre fournisseur de portabiancheria le plus vendu est d\u00e9sormais disponible avec trois pi\u00e8ces d\u00e9tach\u00e9es pour s\u00e9parer les personnes. Le sac \u00e0 main portable","robots":{"index":"noindex","follow":"follow","max-snippet":"max-snippet:-1","max-image-preview":"max-image-preview:large","max-video-preview":"max-video-preview:-1"},"og_locale":"fr_FR","og_type":"article","og_title":"JOSEPH JOSEPH Tota Trio Panier \u00e0 linge 90 litres Noir - dev6 Erresse","og_description":"Notre fournisseur de portabiancheria le plus vendu est d\u00e9sormais disponible avec trois pi\u00e8ces d\u00e9tach\u00e9es pour s\u00e9parer les personnes. Le sac \u00e0 main portable","og_url":"https:\/\/dev6.erresse-shop.it\/fr\/shop\/ameublement-maison\/salle-de-bain\/joseph-joseph-tota-trio-panier-a-linge-90-litres-noir\/","og_site_name":"dev6 Erresse","og_image":[{"url":"https:\/\/interpim.erresse-shop.it\/wp-content\/uploads\/2025\/04\/JOSEPH-JOSEPH-Tota-Trio-Cesto-da-Biancheria-90-litri-Nero.jpg\/joseph-joseph-tota-trio-cesto-da-biancheria-90-litri-nero.jpg","type":"","width":"","height":""},{"url":"https:\/\/interpim.erresse-shop.it\/wp-content\/uploads\/2025\/04\/JOSEPH-JOSEPH-Tota-Trio-Cesto-da-Biancheria-90-litri-Nero.jpg\/joseph-joseph-tota-trio-cesto-da-biancheria-90-litri-nero.jpg","width":1024,"height":1024,"type":"image\/jpeg"}],"twitter_card":"summary_large_image","twitter_image":"https:\/\/interpim.erresse-shop.it\/wp-content\/uploads\/2025\/04\/JOSEPH-JOSEPH-Tota-Trio-Cesto-da-Biancheria-90-litri-Nero.jpg\/joseph-joseph-tota-trio-cesto-da-biancheria-90-litri-nero.jpg","schema":{"@context":"https:\/\/schema.org","@graph":[{"@type":"WebPage","@id":"https:\/\/dev6.erresse-shop.it\/fr\/shop\/ameublement-maison\/salle-de-bain\/joseph-joseph-tota-trio-panier-a-linge-90-litres-noir\/","url":"https:\/\/dev6.erresse-shop.it\/fr\/shop\/ameublement-maison\/salle-de-bain\/joseph-joseph-tota-trio-panier-a-linge-90-litres-noir\/","name":"JOSEPH JOSEPH Tota Trio Panier \u00e0 linge 90 litres Noir - dev6 Erresse","isPartOf":{"@id":"https:\/\/dev6.erresse-shop.it\/#website"},"primaryImageOfPage":{"@id":"https:\/\/dev6.erresse-shop.it\/fr\/shop\/ameublement-maison\/salle-de-bain\/joseph-joseph-tota-trio-panier-a-linge-90-litres-noir\/#primaryimage"},"image":{"@id":"https:\/\/dev6.erresse-shop.it\/fr\/shop\/ameublement-maison\/salle-de-bain\/joseph-joseph-tota-trio-panier-a-linge-90-litres-noir\/#primaryimage"},"thumbnailUrl":"https:\/\/i0.wp.com\/interpim.erresse-shop.it\/wp-content\/uploads\/2025\/04\/JOSEPH-JOSEPH-Tota-Trio-Cesto-da-Biancheria-90-litri-Nero.jpg\/joseph-joseph-tota-trio-cesto-da-biancheria-90-litri-nero.jpg?ssl=1","datePublished":"2026-04-04T12:32:25+00:00","description":"Notre fournisseur de portabiancheria le plus vendu est d\u00e9sormais disponible avec trois pi\u00e8ces d\u00e9tach\u00e9es pour s\u00e9parer les personnes. Le sac \u00e0 main portable","breadcrumb":{"@id":"https:\/\/dev6.erresse-shop.it\/fr\/shop\/ameublement-maison\/salle-de-bain\/joseph-joseph-tota-trio-panier-a-linge-90-litres-noir\/#breadcrumb"},"inLanguage":"fr-FR","potentialAction":[{"@type":"ReadAction","target":["https:\/\/dev6.erresse-shop.it\/fr\/shop\/ameublement-maison\/salle-de-bain\/joseph-joseph-tota-trio-panier-a-linge-90-litres-noir\/"]}]},{"@type":"ImageObject","inLanguage":"fr-FR","@id":"https:\/\/dev6.erresse-shop.it\/fr\/shop\/ameublement-maison\/salle-de-bain\/joseph-joseph-tota-trio-panier-a-linge-90-litres-noir\/#primaryimage","url":"https:\/\/i0.wp.com\/interpim.erresse-shop.it\/wp-content\/uploads\/2025\/04\/JOSEPH-JOSEPH-Tota-Trio-Cesto-da-Biancheria-90-litri-Nero.jpg\/joseph-joseph-tota-trio-cesto-da-biancheria-90-litri-nero.jpg?ssl=1","contentUrl":"https:\/\/i0.wp.com\/interpim.erresse-shop.it\/wp-content\/uploads\/2025\/04\/JOSEPH-JOSEPH-Tota-Trio-Cesto-da-Biancheria-90-litri-Nero.jpg\/joseph-joseph-tota-trio-cesto-da-biancheria-90-litri-nero.jpg?ssl=1"},{"@type":"BreadcrumbList","@id":"https:\/\/dev6.erresse-shop.it\/fr\/shop\/ameublement-maison\/salle-de-bain\/joseph-joseph-tota-trio-panier-a-linge-90-litres-noir\/#breadcrumb","itemListElement":[{"@type":"ListItem","position":1,"name":"Home","item":"https:\/\/dev6.erresse-shop.it\/"},{"@type":"ListItem","position":2,"name":"Boutique","item":"https:\/\/dev6.erresse-shop.it\/shop\/"},{"@type":"ListItem","position":3,"name":"JOSEPH JOSEPH Tota Trio Panier \u00e0 linge 90 litres Noir"}]},{"@type":"WebSite","@id":"https:\/\/dev6.erresse-shop.it\/#website","url":"https:\/\/dev6.erresse-shop.it\/","name":"Erresse Shop","description":"","publisher":{"@id":"https:\/\/dev6.erresse-shop.it\/#organization"},"potentialAction":[{"@type":"SearchAction","target":{"@type":"EntryPoint","urlTemplate":"https:\/\/dev6.erresse-shop.it\/?s={search_term_string}"},"query-input":{"@type":"PropertyValueSpecification","valueRequired":true,"valueName":"search_term_string"}}],"inLanguage":"fr-FR"},{"@type":"Organization","@id":"https:\/\/dev6.erresse-shop.it\/#organization","name":"Erresse Shop","url":"https:\/\/dev6.erresse-shop.it\/","logo":{"@type":"ImageObject","inLanguage":"fr-FR","@id":"https:\/\/dev6.erresse-shop.it\/#\/schema\/logo\/image\/","url":"https:\/\/dev6.erresse-shop.it\/wp-content\/uploads\/2025\/01\/LOGO-ERRESSE-CLASSICO.svg","contentUrl":"https:\/\/dev6.erresse-shop.it\/wp-content\/uploads\/2025\/01\/LOGO-ERRESSE-CLASSICO.svg","caption":"Erresse Shop"},"image":{"@id":"https:\/\/dev6.erresse-shop.it\/#\/schema\/logo\/image\/"}}]}},"df_price":124.95,"df_sale_price":124.95,"df_regular_price":149.99,"df_image_link":"https:\/\/i0.wp.com\/interpim.erresse-shop.it\/wp-content\/uploads\/2025\/04\/JOSEPH-JOSEPH-Tota-Trio-Cesto-da-Biancheria-90-litri-Nero.jpg\/joseph-joseph-tota-trio-cesto-da-biancheria-90-litri-nero.jpg?resize=300,300&ssl=1","fifu_image_url":"https:\/\/interpim.erresse-shop.it\/wp-content\/uploads\/2025\/04\/JOSEPH-JOSEPH-Tota-Trio-Cesto-da-Biancheria-90-litri-Nero.jpg\/joseph-joseph-tota-trio-cesto-da-biancheria-90-litri-nero.jpg","_links":{"self":[{"href":"https:\/\/dev6.erresse-shop.it\/fr\/wp-json\/wp\/v2\/product\/2307115","targetHints":{"allow":["GET"]}}],"collection":[{"href":"https:\/\/dev6.erresse-shop.it\/fr\/wp-json\/wp\/v2\/product"}],"about":[{"href":"https:\/\/dev6.erresse-shop.it\/fr\/wp-json\/wp\/v2\/types\/product"}],"wp:featuredmedia":[{"embeddable":true,"href":"https:\/\/dev6.erresse-shop.it\/fr\/wp-json\/wp\/v2\/media\/6297551"}],"wp:attachment":[{"href":"https:\/\/dev6.erresse-shop.it\/fr\/wp-json\/wp\/v2\/media?parent=2307115"}],"wp:term":[{"taxonomy":"product_cat","embeddable":true,"href":"https:\/\/dev6.erresse-shop.it\/fr\/wp-json\/wp\/v2\/product_cat?post=2307115"},{"taxonomy":"product_tag","embeddable":true,"href":"https:\/\/dev6.erresse-shop.it\/fr\/wp-json\/wp\/v2\/product_tag?post=2307115"}],"curies":[{"name":"wp","href":"https:\/\/api.w.org\/{rel}","templated":true}]}}