{"id":2307103,"date":"2026-04-12T14:32:00","date_gmt":"2026-04-12T12:32:00","guid":{"rendered":"https:\/\/dev6.erresse-shop.it\/shop\/non%20class\u00e9\/lego-room-copenhagen-brick-drawer-4-orange\/"},"modified":"2025-09-14T07:05:00","modified_gmt":"2025-09-14T05:05:00","slug":"lego-room-copenhagen-brick-drawer-4-orange","status":"publish","type":"product","link":"https:\/\/dev6.erresse-shop.it\/fr\/shop\/ameublement-maison\/meubles\/lego-room-copenhagen-brick-drawer-4-orange\/","title":{"rendered":"LEGO &#8211; ROOM COPENHAGEN Brick Drawer 4 Orange"},"content":{"rendered":"<p>Les fans de LEGO\u00ae peuvent ranger leurs objets avec style gr\u00e2ce \u00e0 cette brique de rangement LEGO empilable \u00e0 4 tenons. Le couvercle amovible permet un acc\u00e8s rapide et facile au contenu : jouets, briques LEGO, fournitures de bureau ou articles m\u00e9nagers, par exemple. Les briques embl\u00e9matiques sont disponibles dans une vari\u00e9t\u00e9 de couleurs, elles peuvent donc \u00eatre m\u00e9lang\u00e9es et empil\u00e9es pour \u00e9gayer n\u2019importe quelle pi\u00e8ce ou bureau.<\/p>\n<p>Pratique et durable : ce r\u00e9cipient en plastique durable, empilable et facile \u00e0 nettoyer avec couvercle relevable peut \u00eatre utilis\u00e9 pour stocker une grande vari\u00e9t\u00e9 d\u2019articles.<br \/>\nTout comme les briques LEGO\u00ae\u00a0: avec 4 chevilles LEGO surdimensionn\u00e9es sur le dessus, chaque brique de rangement peut \u00eatre facilement connect\u00e9e aux autres pour cr\u00e9er un syst\u00e8me de rangement empil\u00e9.<\/p>\n<p>Sp\u00e9cifications du produit\u00a0:<\/p>\n<p>Capacit\u00e9\u00a0: 4,7 l<br \/>\nMat\u00e9riau : acrylonitrile butadi\u00e8ne styr\u00e8ne (ABS)<br \/>\nGarantie\u00a0: 2 ans<br \/>\nDimensions\u00a0: 25\u00a0x\u00a025\u00a0x\u00a018\u00a0cm<br \/>\nPoids\u00a0: 1 kg<\/p>\n","protected":false},"excerpt":{"rendered":"<p>Les fans de LEGO\u00ae peuvent ranger leurs objets avec style gr\u00e2ce \u00e0 cette brique de rangement LEGO empilable \u00e0 4 tenons. Le couvercle amovible permet un acc\u00e8s rapide et facile au contenu : jouets, briques LEGO, fournitures de bureau ou articles m\u00e9nagers, par exemple. Les briques embl\u00e9matiques sont disponibles dans une vari\u00e9t\u00e9 de couleurs, elles [&hellip;]<\/p>\n","protected":false},"featured_media":6380794,"template":"","meta":{"_acf_changed":false},"product_cat":[11990,12034],"product_tag":[],"class_list":{"0":"post-2307103","1":"product","2":"type-product","3":"status-publish","4":"has-post-thumbnail","6":"product_cat-ameublement-maison","7":"product_cat-meubles","9":"first","10":"instock","11":"taxable","12":"shipping-taxable","13":"purchasable","14":"product-type-simple","swatches":"rey-swatches","show_selected":"","stretch_labels":"rey-swatches--stretch-labels"},"acf":[],"yoast_head":"<!-- This site is optimized with the Yoast SEO plugin v25.4 - https:\/\/yoast.com\/wordpress\/plugins\/seo\/ -->\n<title>LEGO &#8211; ROOM COPENHAGEN Brick Drawer 4 Orange - dev6 Erresse<\/title>\n<meta name=\"description\" content=\"Les fans de LEGO\u00ae peuvent ranger leurs objets avec style gr\u00e2ce \u00e0 cette brique de rangement LEGO empilable \u00e0 4 tenons. Le couvercle amovible permet un\" \/>\n<meta name=\"robots\" content=\"noindex, follow, max-snippet:-1, max-image-preview:large, max-video-preview:-1\" \/>\n<meta property=\"og:locale\" content=\"fr_FR\" \/>\n<meta property=\"og:type\" content=\"article\" \/>\n<meta property=\"og:title\" content=\"LEGO &#8211; ROOM COPENHAGEN Brick Drawer 4 Orange - dev6 Erresse\" \/>\n<meta property=\"og:description\" content=\"Les fans de LEGO\u00ae peuvent ranger leurs objets avec style gr\u00e2ce \u00e0 cette brique de rangement LEGO empilable \u00e0 4 tenons. Le couvercle amovible permet un\" \/>\n<meta property=\"og:url\" content=\"https:\/\/dev6.erresse-shop.it\/fr\/shop\/ameublement-maison\/meubles\/lego-room-copenhagen-brick-drawer-4-orange\/\" \/>\n<meta property=\"og:site_name\" content=\"dev6 Erresse\" \/>\n<meta property=\"og:image\" content=\"https:\/\/interpim.erresse-shop.it\/wp-content\/uploads\/2025\/05\/LEGO-ROOM-COPENHAGEN-Brick-Drawer-4-Arancione.jpg\/lego-room-copenhagen-brick-drawer-4-arancione.jpg\" \/><meta property=\"og:image\" content=\"https:\/\/interpim.erresse-shop.it\/wp-content\/uploads\/2025\/05\/LEGO-ROOM-COPENHAGEN-Brick-Drawer-4-Arancione.jpg\/lego-room-copenhagen-brick-drawer-4-arancione.jpg\" \/>\n\t<meta property=\"og:image:width\" content=\"1024\" \/>\n\t<meta property=\"og:image:height\" content=\"1024\" \/>\n\t<meta property=\"og:image:type\" content=\"image\/jpeg\" \/>\n<meta name=\"twitter:card\" content=\"summary_large_image\" \/>\n<meta name=\"twitter:image\" content=\"https:\/\/interpim.erresse-shop.it\/wp-content\/uploads\/2025\/05\/LEGO-ROOM-COPENHAGEN-Brick-Drawer-4-Arancione.jpg\/lego-room-copenhagen-brick-drawer-4-arancione.jpg\" \/>\n<script type=\"application\/ld+json\" class=\"yoast-schema-graph\">{\"@context\":\"https:\/\/schema.org\",\"@graph\":[{\"@type\":\"WebPage\",\"@id\":\"https:\/\/dev6.erresse-shop.it\/fr\/shop\/ameublement-maison\/meubles\/lego-room-copenhagen-brick-drawer-4-orange\/\",\"url\":\"https:\/\/dev6.erresse-shop.it\/fr\/shop\/ameublement-maison\/meubles\/lego-room-copenhagen-brick-drawer-4-orange\/\",\"name\":\"LEGO &#8211; ROOM COPENHAGEN Brick Drawer 4 Orange - dev6 Erresse\",\"isPartOf\":{\"@id\":\"https:\/\/dev6.erresse-shop.it\/#website\"},\"primaryImageOfPage\":{\"@id\":\"https:\/\/dev6.erresse-shop.it\/fr\/shop\/ameublement-maison\/meubles\/lego-room-copenhagen-brick-drawer-4-orange\/#primaryimage\"},\"image\":{\"@id\":\"https:\/\/dev6.erresse-shop.it\/fr\/shop\/ameublement-maison\/meubles\/lego-room-copenhagen-brick-drawer-4-orange\/#primaryimage\"},\"thumbnailUrl\":\"https:\/\/i1.wp.com\/interpim.erresse-shop.it\/wp-content\/uploads\/2025\/05\/LEGO-ROOM-COPENHAGEN-Brick-Drawer-4-Arancione.jpg\/lego-room-copenhagen-brick-drawer-4-arancione.jpg?ssl=1\",\"datePublished\":\"2026-04-12T12:32:00+00:00\",\"description\":\"Les fans de LEGO\u00ae peuvent ranger leurs objets avec style gr\u00e2ce \u00e0 cette brique de rangement LEGO empilable \u00e0 4 tenons. Le couvercle amovible permet un\",\"breadcrumb\":{\"@id\":\"https:\/\/dev6.erresse-shop.it\/fr\/shop\/ameublement-maison\/meubles\/lego-room-copenhagen-brick-drawer-4-orange\/#breadcrumb\"},\"inLanguage\":\"fr-FR\",\"potentialAction\":[{\"@type\":\"ReadAction\",\"target\":[\"https:\/\/dev6.erresse-shop.it\/fr\/shop\/ameublement-maison\/meubles\/lego-room-copenhagen-brick-drawer-4-orange\/\"]}]},{\"@type\":\"ImageObject\",\"inLanguage\":\"fr-FR\",\"@id\":\"https:\/\/dev6.erresse-shop.it\/fr\/shop\/ameublement-maison\/meubles\/lego-room-copenhagen-brick-drawer-4-orange\/#primaryimage\",\"url\":\"https:\/\/i1.wp.com\/interpim.erresse-shop.it\/wp-content\/uploads\/2025\/05\/LEGO-ROOM-COPENHAGEN-Brick-Drawer-4-Arancione.jpg\/lego-room-copenhagen-brick-drawer-4-arancione.jpg?ssl=1\",\"contentUrl\":\"https:\/\/i1.wp.com\/interpim.erresse-shop.it\/wp-content\/uploads\/2025\/05\/LEGO-ROOM-COPENHAGEN-Brick-Drawer-4-Arancione.jpg\/lego-room-copenhagen-brick-drawer-4-arancione.jpg?ssl=1\"},{\"@type\":\"BreadcrumbList\",\"@id\":\"https:\/\/dev6.erresse-shop.it\/fr\/shop\/ameublement-maison\/meubles\/lego-room-copenhagen-brick-drawer-4-orange\/#breadcrumb\",\"itemListElement\":[{\"@type\":\"ListItem\",\"position\":1,\"name\":\"Home\",\"item\":\"https:\/\/dev6.erresse-shop.it\/\"},{\"@type\":\"ListItem\",\"position\":2,\"name\":\"Boutique\",\"item\":\"https:\/\/dev6.erresse-shop.it\/shop\/\"},{\"@type\":\"ListItem\",\"position\":3,\"name\":\"LEGO &#8211; ROOM COPENHAGEN Brick Drawer 4 Orange\"}]},{\"@type\":\"WebSite\",\"@id\":\"https:\/\/dev6.erresse-shop.it\/#website\",\"url\":\"https:\/\/dev6.erresse-shop.it\/\",\"name\":\"Erresse Shop\",\"description\":\"\",\"publisher\":{\"@id\":\"https:\/\/dev6.erresse-shop.it\/#organization\"},\"potentialAction\":[{\"@type\":\"SearchAction\",\"target\":{\"@type\":\"EntryPoint\",\"urlTemplate\":\"https:\/\/dev6.erresse-shop.it\/?s={search_term_string}\"},\"query-input\":{\"@type\":\"PropertyValueSpecification\",\"valueRequired\":true,\"valueName\":\"search_term_string\"}}],\"inLanguage\":\"fr-FR\"},{\"@type\":\"Organization\",\"@id\":\"https:\/\/dev6.erresse-shop.it\/#organization\",\"name\":\"Erresse Shop\",\"url\":\"https:\/\/dev6.erresse-shop.it\/\",\"logo\":{\"@type\":\"ImageObject\",\"inLanguage\":\"fr-FR\",\"@id\":\"https:\/\/dev6.erresse-shop.it\/#\/schema\/logo\/image\/\",\"url\":\"https:\/\/dev6.erresse-shop.it\/wp-content\/uploads\/2025\/01\/LOGO-ERRESSE-CLASSICO.svg\",\"contentUrl\":\"https:\/\/dev6.erresse-shop.it\/wp-content\/uploads\/2025\/01\/LOGO-ERRESSE-CLASSICO.svg\",\"caption\":\"Erresse Shop\"},\"image\":{\"@id\":\"https:\/\/dev6.erresse-shop.it\/#\/schema\/logo\/image\/\"}}]}<\/script>\n<!-- \/ Yoast SEO plugin. -->","yoast_head_json":{"title":"LEGO &#8211; ROOM COPENHAGEN Brick Drawer 4 Orange - dev6 Erresse","description":"Les fans de LEGO\u00ae peuvent ranger leurs objets avec style gr\u00e2ce \u00e0 cette brique de rangement LEGO empilable \u00e0 4 tenons. Le couvercle amovible permet un","robots":{"index":"noindex","follow":"follow","max-snippet":"max-snippet:-1","max-image-preview":"max-image-preview:large","max-video-preview":"max-video-preview:-1"},"og_locale":"fr_FR","og_type":"article","og_title":"LEGO &#8211; ROOM COPENHAGEN Brick Drawer 4 Orange - dev6 Erresse","og_description":"Les fans de LEGO\u00ae peuvent ranger leurs objets avec style gr\u00e2ce \u00e0 cette brique de rangement LEGO empilable \u00e0 4 tenons. Le couvercle amovible permet un","og_url":"https:\/\/dev6.erresse-shop.it\/fr\/shop\/ameublement-maison\/meubles\/lego-room-copenhagen-brick-drawer-4-orange\/","og_site_name":"dev6 Erresse","og_image":[{"url":"https:\/\/interpim.erresse-shop.it\/wp-content\/uploads\/2025\/05\/LEGO-ROOM-COPENHAGEN-Brick-Drawer-4-Arancione.jpg\/lego-room-copenhagen-brick-drawer-4-arancione.jpg","type":"","width":"","height":""},{"url":"https:\/\/interpim.erresse-shop.it\/wp-content\/uploads\/2025\/05\/LEGO-ROOM-COPENHAGEN-Brick-Drawer-4-Arancione.jpg\/lego-room-copenhagen-brick-drawer-4-arancione.jpg","width":1024,"height":1024,"type":"image\/jpeg"}],"twitter_card":"summary_large_image","twitter_image":"https:\/\/interpim.erresse-shop.it\/wp-content\/uploads\/2025\/05\/LEGO-ROOM-COPENHAGEN-Brick-Drawer-4-Arancione.jpg\/lego-room-copenhagen-brick-drawer-4-arancione.jpg","schema":{"@context":"https:\/\/schema.org","@graph":[{"@type":"WebPage","@id":"https:\/\/dev6.erresse-shop.it\/fr\/shop\/ameublement-maison\/meubles\/lego-room-copenhagen-brick-drawer-4-orange\/","url":"https:\/\/dev6.erresse-shop.it\/fr\/shop\/ameublement-maison\/meubles\/lego-room-copenhagen-brick-drawer-4-orange\/","name":"LEGO &#8211; ROOM COPENHAGEN Brick Drawer 4 Orange - dev6 Erresse","isPartOf":{"@id":"https:\/\/dev6.erresse-shop.it\/#website"},"primaryImageOfPage":{"@id":"https:\/\/dev6.erresse-shop.it\/fr\/shop\/ameublement-maison\/meubles\/lego-room-copenhagen-brick-drawer-4-orange\/#primaryimage"},"image":{"@id":"https:\/\/dev6.erresse-shop.it\/fr\/shop\/ameublement-maison\/meubles\/lego-room-copenhagen-brick-drawer-4-orange\/#primaryimage"},"thumbnailUrl":"https:\/\/i1.wp.com\/interpim.erresse-shop.it\/wp-content\/uploads\/2025\/05\/LEGO-ROOM-COPENHAGEN-Brick-Drawer-4-Arancione.jpg\/lego-room-copenhagen-brick-drawer-4-arancione.jpg?ssl=1","datePublished":"2026-04-12T12:32:00+00:00","description":"Les fans de LEGO\u00ae peuvent ranger leurs objets avec style gr\u00e2ce \u00e0 cette brique de rangement LEGO empilable \u00e0 4 tenons. Le couvercle amovible permet un","breadcrumb":{"@id":"https:\/\/dev6.erresse-shop.it\/fr\/shop\/ameublement-maison\/meubles\/lego-room-copenhagen-brick-drawer-4-orange\/#breadcrumb"},"inLanguage":"fr-FR","potentialAction":[{"@type":"ReadAction","target":["https:\/\/dev6.erresse-shop.it\/fr\/shop\/ameublement-maison\/meubles\/lego-room-copenhagen-brick-drawer-4-orange\/"]}]},{"@type":"ImageObject","inLanguage":"fr-FR","@id":"https:\/\/dev6.erresse-shop.it\/fr\/shop\/ameublement-maison\/meubles\/lego-room-copenhagen-brick-drawer-4-orange\/#primaryimage","url":"https:\/\/i1.wp.com\/interpim.erresse-shop.it\/wp-content\/uploads\/2025\/05\/LEGO-ROOM-COPENHAGEN-Brick-Drawer-4-Arancione.jpg\/lego-room-copenhagen-brick-drawer-4-arancione.jpg?ssl=1","contentUrl":"https:\/\/i1.wp.com\/interpim.erresse-shop.it\/wp-content\/uploads\/2025\/05\/LEGO-ROOM-COPENHAGEN-Brick-Drawer-4-Arancione.jpg\/lego-room-copenhagen-brick-drawer-4-arancione.jpg?ssl=1"},{"@type":"BreadcrumbList","@id":"https:\/\/dev6.erresse-shop.it\/fr\/shop\/ameublement-maison\/meubles\/lego-room-copenhagen-brick-drawer-4-orange\/#breadcrumb","itemListElement":[{"@type":"ListItem","position":1,"name":"Home","item":"https:\/\/dev6.erresse-shop.it\/"},{"@type":"ListItem","position":2,"name":"Boutique","item":"https:\/\/dev6.erresse-shop.it\/shop\/"},{"@type":"ListItem","position":3,"name":"LEGO &#8211; ROOM COPENHAGEN Brick Drawer 4 Orange"}]},{"@type":"WebSite","@id":"https:\/\/dev6.erresse-shop.it\/#website","url":"https:\/\/dev6.erresse-shop.it\/","name":"Erresse Shop","description":"","publisher":{"@id":"https:\/\/dev6.erresse-shop.it\/#organization"},"potentialAction":[{"@type":"SearchAction","target":{"@type":"EntryPoint","urlTemplate":"https:\/\/dev6.erresse-shop.it\/?s={search_term_string}"},"query-input":{"@type":"PropertyValueSpecification","valueRequired":true,"valueName":"search_term_string"}}],"inLanguage":"fr-FR"},{"@type":"Organization","@id":"https:\/\/dev6.erresse-shop.it\/#organization","name":"Erresse Shop","url":"https:\/\/dev6.erresse-shop.it\/","logo":{"@type":"ImageObject","inLanguage":"fr-FR","@id":"https:\/\/dev6.erresse-shop.it\/#\/schema\/logo\/image\/","url":"https:\/\/dev6.erresse-shop.it\/wp-content\/uploads\/2025\/01\/LOGO-ERRESSE-CLASSICO.svg","contentUrl":"https:\/\/dev6.erresse-shop.it\/wp-content\/uploads\/2025\/01\/LOGO-ERRESSE-CLASSICO.svg","caption":"Erresse Shop"},"image":{"@id":"https:\/\/dev6.erresse-shop.it\/#\/schema\/logo\/image\/"}}]}},"df_price":37.99,"df_sale_price":"","df_regular_price":37.99,"df_image_link":"https:\/\/i1.wp.com\/interpim.erresse-shop.it\/wp-content\/uploads\/2025\/05\/LEGO-ROOM-COPENHAGEN-Brick-Drawer-4-Arancione.jpg\/lego-room-copenhagen-brick-drawer-4-arancione.jpg?resize=300,300&ssl=1","fifu_image_url":"https:\/\/interpim.erresse-shop.it\/wp-content\/uploads\/2025\/05\/LEGO-ROOM-COPENHAGEN-Brick-Drawer-4-Arancione.jpg\/lego-room-copenhagen-brick-drawer-4-arancione.jpg","_links":{"self":[{"href":"https:\/\/dev6.erresse-shop.it\/fr\/wp-json\/wp\/v2\/product\/2307103","targetHints":{"allow":["GET"]}}],"collection":[{"href":"https:\/\/dev6.erresse-shop.it\/fr\/wp-json\/wp\/v2\/product"}],"about":[{"href":"https:\/\/dev6.erresse-shop.it\/fr\/wp-json\/wp\/v2\/types\/product"}],"wp:featuredmedia":[{"embeddable":true,"href":"https:\/\/dev6.erresse-shop.it\/fr\/wp-json\/wp\/v2\/media\/6380794"}],"wp:attachment":[{"href":"https:\/\/dev6.erresse-shop.it\/fr\/wp-json\/wp\/v2\/media?parent=2307103"}],"wp:term":[{"taxonomy":"product_cat","embeddable":true,"href":"https:\/\/dev6.erresse-shop.it\/fr\/wp-json\/wp\/v2\/product_cat?post=2307103"},{"taxonomy":"product_tag","embeddable":true,"href":"https:\/\/dev6.erresse-shop.it\/fr\/wp-json\/wp\/v2\/product_tag?post=2307103"}],"curies":[{"name":"wp","href":"https:\/\/api.w.org\/{rel}","templated":true}]}}