{"id":2307099,"date":"2026-04-12T14:32:00","date_gmt":"2026-04-12T12:32:00","guid":{"rendered":"https:\/\/dev6.erresse-shop.it\/shop\/non%20class\u00e9\/staub-cocotte-ronde-20-cm-sage\/"},"modified":"2025-07-04T20:31:54","modified_gmt":"2025-07-04T18:31:54","slug":"staub-cocotte-ronde-20-cm-sage","status":"publish","type":"product","link":"https:\/\/dev6.erresse-shop.it\/fr\/shop\/poeles-pots\/marmites-et-cocottes-poeles-pots\/staub-cocotte-ronde-20-cm-sage\/","title":{"rendered":"STAUB Cocotte Ronde 20 cm Sage"},"content":{"rendered":"<p>Cuisiner dans une cocotte est simple et sain. Chefs \u00e9toil\u00e9s et gourmets utilisent cette cocotte d\u2019origine fran\u00e7aise depuis des si\u00e8cles. Fabriqu\u00e9e en fonte, elle assure non seulement une parfaite r\u00e9partition de la temp\u00e9rature, mais aussi la pr\u00e9servation des liquides et des ar\u00f4mes. Le rev\u00eatement \u00e9maill\u00e9 am\u00e9liore encore ces qualit\u00e9s et rend l\u2019utilisation de la cocotte encore plus pratique. Cette cocotte circulaire de 20 cm de diam\u00e8tre et d\u2019une capacit\u00e9 de 2,2 l est id\u00e9ale pour deux personnes ou pour des accompagnements plus copieux. Vous pouvez l\u2019utiliser pour mijoter, pr\u00e9parer des soupes ou des plats de poisson et de l\u00e9gumes. Gr\u00e2ce \u00e0 la conception sp\u00e9ciale du couvercle avec syst\u00e8me d\u2019auto-pulv\u00e9risation, toute la vapeur d\u2019eau est r\u00e9cup\u00e9r\u00e9e et r\u00e9partie uniform\u00e9ment sur les aliments. Ainsi, la viande et le poisson restent juteux, les l\u00e9gumes sont particuli\u00e8rement tendres et tous les ar\u00f4mes sont pr\u00e9serv\u00e9s dans la d\u00e9licieuse sauce. Cette cocotte\u2026 Son allure discr\u00e8te en fait le d\u00e9cor id\u00e9al pour des plats color\u00e9s comme le \u00ab\u00a0gaspacho de tomates\u00a0\u00bb, qui, servi dans la cocotte, reste d\u00e9licieusement frais m\u00eame par temps chaud. Vous pouvez cependant \u00e9galement servir des plats chauds dans la cocotte, comme une d\u00e9licieuse ratatouille, qui conservera longtemps sa temp\u00e9rature. <\/p>\n<p>Id\u00e9al pour saisir et cuire lentement la viande, le poisson ou les l\u00e9gumes<br \/>\nPour une cuisson juteuse et tendre gr\u00e2ce au couvercle<br \/>\nL\u2019\u00e9mail int\u00e9rieur noir mat est id\u00e9al pour un brunissage particuli\u00e8rement croustillant et tr\u00e8s r\u00e9sistant<br \/>\nCompatible avec tous les types de feux, y compris l\u2019induction, il peut \u00e9galement \u00eatre utilis\u00e9 au four\/grill<br \/>\nCouleur intense<\/p>\n<p>Caract\u00e9ristiques<\/p>\n<p>R\u00e9sistance \u00e0 la chaleur\u00a0: 260\u00a0\u00b0C<br \/>\nR\u00e9sistance au froid\u00a0: -20\u00a0\u00b0C<br \/>\nMat\u00e9riau\u00a0: fonte<br \/>\nRev\u00eatement int\u00e9rieur\u00a0: \u00e9mail<br \/>\nCouvercle existant\u00a0: oui<br \/>\nInduction\u00a0: Oui<br \/>\nCompatible avec le four\u00a0: Oui<br \/>\nCompatible avec le cong\u00e9lateur\u00a0: Oui<br \/>\nCompatible avec la plaque de cuisson\u00a0: Oui<br \/>\nCompatible avec le lave-vaisselle\u00a0: Oui<\/p>\n<p>Dimensions<\/p>\n<p>Poids net\u00a0: 3,50 kg<br \/>\nCapacit\u00e9\u00a0: 2,20 l<br \/>\nLongueur du produit\u00a0: 26,30 cm<br \/>\nLargeur du produit\u00a0: 20,00 cm<br \/>\nHauteur du produit\u00a0: 14,20 cm<br \/>\nHauteur sans couvercle\u00a0: 9,50 cm<br \/>\nDiam\u00e8tre sup\u00e9rieur\u00a0: 20,00 cm<br \/>\nDiam\u00e8tre inf\u00e9rieur\u00a0: 16,10 cm<\/p>\n","protected":false},"excerpt":{"rendered":"<p>Cuisiner dans une cocotte est simple et sain. Chefs \u00e9toil\u00e9s et gourmets utilisent cette cocotte d\u2019origine fran\u00e7aise depuis des si\u00e8cles. Fabriqu\u00e9e en fonte, elle assure non seulement une parfaite r\u00e9partition de la temp\u00e9rature, mais aussi la pr\u00e9servation des liquides et des ar\u00f4mes. Le rev\u00eatement \u00e9maill\u00e9 am\u00e9liore encore ces qualit\u00e9s et rend l\u2019utilisation de la cocotte [&hellip;]<\/p>\n","protected":false},"featured_media":6380777,"template":"","meta":{"_acf_changed":false},"product_cat":[12000,11667,11991],"product_tag":[],"class_list":{"0":"post-2307099","1":"product","2":"type-product","3":"status-publish","4":"has-post-thumbnail","6":"product_cat-marmites-et-cocottes-poeles-pots","7":"product_cat-padelle-pentole","8":"product_cat-poeles-pots","10":"first","11":"instock","12":"taxable","13":"shipping-taxable","14":"product-type-simple","swatches":"rey-swatches","show_selected":"","stretch_labels":"rey-swatches--stretch-labels"},"acf":[],"yoast_head":"<!-- This site is optimized with the Yoast SEO plugin v25.4 - https:\/\/yoast.com\/wordpress\/plugins\/seo\/ -->\n<title>STAUB Cocotte Ronde 20 cm Sage - dev6 Erresse<\/title>\n<meta name=\"description\" content=\"Cuisiner dans une cocotte est simple et sain. Chefs \u00e9toil\u00e9s et gourmets utilisent cette cocotte d\u2019origine fran\u00e7aise depuis des si\u00e8cles. Fabriqu\u00e9e en\" \/>\n<meta name=\"robots\" content=\"noindex, follow, max-snippet:-1, max-image-preview:large, max-video-preview:-1\" \/>\n<meta property=\"og:locale\" content=\"fr_FR\" \/>\n<meta property=\"og:type\" content=\"article\" \/>\n<meta property=\"og:title\" content=\"STAUB Cocotte Ronde 20 cm Sage - dev6 Erresse\" \/>\n<meta property=\"og:description\" content=\"Cuisiner dans une cocotte est simple et sain. Chefs \u00e9toil\u00e9s et gourmets utilisent cette cocotte d\u2019origine fran\u00e7aise depuis des si\u00e8cles. Fabriqu\u00e9e en\" \/>\n<meta property=\"og:url\" content=\"https:\/\/dev6.erresse-shop.it\/fr\/shop\/poeles-pots\/marmites-et-cocottes-poeles-pots\/staub-cocotte-ronde-20-cm-sage\/\" \/>\n<meta property=\"og:site_name\" content=\"dev6 Erresse\" \/>\n<meta property=\"og:image\" content=\"https:\/\/interpim.erresse-shop.it\/wp-content\/uploads\/2025\/05\/STAUB-Cocotte-Tonda-20-cm-Salvia.jpg\/staub-cocotte-tonda-20-cm-salvia.jpg\" \/><meta property=\"og:image\" content=\"https:\/\/interpim.erresse-shop.it\/wp-content\/uploads\/2025\/05\/STAUB-Cocotte-Tonda-20-cm-Salvia.jpg\/staub-cocotte-tonda-20-cm-salvia.jpg\" \/>\n\t<meta property=\"og:image:width\" content=\"1024\" \/>\n\t<meta property=\"og:image:height\" content=\"1024\" \/>\n\t<meta property=\"og:image:type\" content=\"image\/jpeg\" \/>\n<meta name=\"twitter:card\" content=\"summary_large_image\" \/>\n<meta name=\"twitter:image\" content=\"https:\/\/interpim.erresse-shop.it\/wp-content\/uploads\/2025\/05\/STAUB-Cocotte-Tonda-20-cm-Salvia.jpg\/staub-cocotte-tonda-20-cm-salvia.jpg\" \/>\n<script type=\"application\/ld+json\" class=\"yoast-schema-graph\">{\"@context\":\"https:\/\/schema.org\",\"@graph\":[{\"@type\":\"WebPage\",\"@id\":\"https:\/\/dev6.erresse-shop.it\/fr\/shop\/poeles-pots\/marmites-et-cocottes-poeles-pots\/staub-cocotte-ronde-20-cm-sage\/\",\"url\":\"https:\/\/dev6.erresse-shop.it\/fr\/shop\/poeles-pots\/marmites-et-cocottes-poeles-pots\/staub-cocotte-ronde-20-cm-sage\/\",\"name\":\"STAUB Cocotte Ronde 20 cm Sage - dev6 Erresse\",\"isPartOf\":{\"@id\":\"https:\/\/dev6.erresse-shop.it\/#website\"},\"primaryImageOfPage\":{\"@id\":\"https:\/\/dev6.erresse-shop.it\/fr\/shop\/poeles-pots\/marmites-et-cocottes-poeles-pots\/staub-cocotte-ronde-20-cm-sage\/#primaryimage\"},\"image\":{\"@id\":\"https:\/\/dev6.erresse-shop.it\/fr\/shop\/poeles-pots\/marmites-et-cocottes-poeles-pots\/staub-cocotte-ronde-20-cm-sage\/#primaryimage\"},\"thumbnailUrl\":\"https:\/\/i0.wp.com\/interpim.erresse-shop.it\/wp-content\/uploads\/2025\/05\/STAUB-Cocotte-Tonda-20-cm-Salvia.jpg\/staub-cocotte-tonda-20-cm-salvia.jpg?ssl=1\",\"datePublished\":\"2026-04-12T12:32:00+00:00\",\"description\":\"Cuisiner dans une cocotte est simple et sain. Chefs \u00e9toil\u00e9s et gourmets utilisent cette cocotte d\u2019origine fran\u00e7aise depuis des si\u00e8cles. Fabriqu\u00e9e en\",\"breadcrumb\":{\"@id\":\"https:\/\/dev6.erresse-shop.it\/fr\/shop\/poeles-pots\/marmites-et-cocottes-poeles-pots\/staub-cocotte-ronde-20-cm-sage\/#breadcrumb\"},\"inLanguage\":\"fr-FR\",\"potentialAction\":[{\"@type\":\"ReadAction\",\"target\":[\"https:\/\/dev6.erresse-shop.it\/fr\/shop\/poeles-pots\/marmites-et-cocottes-poeles-pots\/staub-cocotte-ronde-20-cm-sage\/\"]}]},{\"@type\":\"ImageObject\",\"inLanguage\":\"fr-FR\",\"@id\":\"https:\/\/dev6.erresse-shop.it\/fr\/shop\/poeles-pots\/marmites-et-cocottes-poeles-pots\/staub-cocotte-ronde-20-cm-sage\/#primaryimage\",\"url\":\"https:\/\/i0.wp.com\/interpim.erresse-shop.it\/wp-content\/uploads\/2025\/05\/STAUB-Cocotte-Tonda-20-cm-Salvia.jpg\/staub-cocotte-tonda-20-cm-salvia.jpg?ssl=1\",\"contentUrl\":\"https:\/\/i0.wp.com\/interpim.erresse-shop.it\/wp-content\/uploads\/2025\/05\/STAUB-Cocotte-Tonda-20-cm-Salvia.jpg\/staub-cocotte-tonda-20-cm-salvia.jpg?ssl=1\"},{\"@type\":\"BreadcrumbList\",\"@id\":\"https:\/\/dev6.erresse-shop.it\/fr\/shop\/poeles-pots\/marmites-et-cocottes-poeles-pots\/staub-cocotte-ronde-20-cm-sage\/#breadcrumb\",\"itemListElement\":[{\"@type\":\"ListItem\",\"position\":1,\"name\":\"Home\",\"item\":\"https:\/\/dev6.erresse-shop.it\/\"},{\"@type\":\"ListItem\",\"position\":2,\"name\":\"Boutique\",\"item\":\"https:\/\/dev6.erresse-shop.it\/shop\/\"},{\"@type\":\"ListItem\",\"position\":3,\"name\":\"STAUB Cocotte Ronde 20 cm Sage\"}]},{\"@type\":\"WebSite\",\"@id\":\"https:\/\/dev6.erresse-shop.it\/#website\",\"url\":\"https:\/\/dev6.erresse-shop.it\/\",\"name\":\"Erresse Shop\",\"description\":\"\",\"publisher\":{\"@id\":\"https:\/\/dev6.erresse-shop.it\/#organization\"},\"potentialAction\":[{\"@type\":\"SearchAction\",\"target\":{\"@type\":\"EntryPoint\",\"urlTemplate\":\"https:\/\/dev6.erresse-shop.it\/?s={search_term_string}\"},\"query-input\":{\"@type\":\"PropertyValueSpecification\",\"valueRequired\":true,\"valueName\":\"search_term_string\"}}],\"inLanguage\":\"fr-FR\"},{\"@type\":\"Organization\",\"@id\":\"https:\/\/dev6.erresse-shop.it\/#organization\",\"name\":\"Erresse Shop\",\"url\":\"https:\/\/dev6.erresse-shop.it\/\",\"logo\":{\"@type\":\"ImageObject\",\"inLanguage\":\"fr-FR\",\"@id\":\"https:\/\/dev6.erresse-shop.it\/#\/schema\/logo\/image\/\",\"url\":\"https:\/\/dev6.erresse-shop.it\/wp-content\/uploads\/2025\/01\/LOGO-ERRESSE-CLASSICO.svg\",\"contentUrl\":\"https:\/\/dev6.erresse-shop.it\/wp-content\/uploads\/2025\/01\/LOGO-ERRESSE-CLASSICO.svg\",\"caption\":\"Erresse Shop\"},\"image\":{\"@id\":\"https:\/\/dev6.erresse-shop.it\/#\/schema\/logo\/image\/\"}}]}<\/script>\n<!-- \/ Yoast SEO plugin. -->","yoast_head_json":{"title":"STAUB Cocotte Ronde 20 cm Sage - dev6 Erresse","description":"Cuisiner dans une cocotte est simple et sain. Chefs \u00e9toil\u00e9s et gourmets utilisent cette cocotte d\u2019origine fran\u00e7aise depuis des si\u00e8cles. Fabriqu\u00e9e en","robots":{"index":"noindex","follow":"follow","max-snippet":"max-snippet:-1","max-image-preview":"max-image-preview:large","max-video-preview":"max-video-preview:-1"},"og_locale":"fr_FR","og_type":"article","og_title":"STAUB Cocotte Ronde 20 cm Sage - dev6 Erresse","og_description":"Cuisiner dans une cocotte est simple et sain. Chefs \u00e9toil\u00e9s et gourmets utilisent cette cocotte d\u2019origine fran\u00e7aise depuis des si\u00e8cles. Fabriqu\u00e9e en","og_url":"https:\/\/dev6.erresse-shop.it\/fr\/shop\/poeles-pots\/marmites-et-cocottes-poeles-pots\/staub-cocotte-ronde-20-cm-sage\/","og_site_name":"dev6 Erresse","og_image":[{"url":"https:\/\/interpim.erresse-shop.it\/wp-content\/uploads\/2025\/05\/STAUB-Cocotte-Tonda-20-cm-Salvia.jpg\/staub-cocotte-tonda-20-cm-salvia.jpg","type":"","width":"","height":""},{"url":"https:\/\/interpim.erresse-shop.it\/wp-content\/uploads\/2025\/05\/STAUB-Cocotte-Tonda-20-cm-Salvia.jpg\/staub-cocotte-tonda-20-cm-salvia.jpg","width":1024,"height":1024,"type":"image\/jpeg"}],"twitter_card":"summary_large_image","twitter_image":"https:\/\/interpim.erresse-shop.it\/wp-content\/uploads\/2025\/05\/STAUB-Cocotte-Tonda-20-cm-Salvia.jpg\/staub-cocotte-tonda-20-cm-salvia.jpg","schema":{"@context":"https:\/\/schema.org","@graph":[{"@type":"WebPage","@id":"https:\/\/dev6.erresse-shop.it\/fr\/shop\/poeles-pots\/marmites-et-cocottes-poeles-pots\/staub-cocotte-ronde-20-cm-sage\/","url":"https:\/\/dev6.erresse-shop.it\/fr\/shop\/poeles-pots\/marmites-et-cocottes-poeles-pots\/staub-cocotte-ronde-20-cm-sage\/","name":"STAUB Cocotte Ronde 20 cm Sage - dev6 Erresse","isPartOf":{"@id":"https:\/\/dev6.erresse-shop.it\/#website"},"primaryImageOfPage":{"@id":"https:\/\/dev6.erresse-shop.it\/fr\/shop\/poeles-pots\/marmites-et-cocottes-poeles-pots\/staub-cocotte-ronde-20-cm-sage\/#primaryimage"},"image":{"@id":"https:\/\/dev6.erresse-shop.it\/fr\/shop\/poeles-pots\/marmites-et-cocottes-poeles-pots\/staub-cocotte-ronde-20-cm-sage\/#primaryimage"},"thumbnailUrl":"https:\/\/i0.wp.com\/interpim.erresse-shop.it\/wp-content\/uploads\/2025\/05\/STAUB-Cocotte-Tonda-20-cm-Salvia.jpg\/staub-cocotte-tonda-20-cm-salvia.jpg?ssl=1","datePublished":"2026-04-12T12:32:00+00:00","description":"Cuisiner dans une cocotte est simple et sain. Chefs \u00e9toil\u00e9s et gourmets utilisent cette cocotte d\u2019origine fran\u00e7aise depuis des si\u00e8cles. Fabriqu\u00e9e en","breadcrumb":{"@id":"https:\/\/dev6.erresse-shop.it\/fr\/shop\/poeles-pots\/marmites-et-cocottes-poeles-pots\/staub-cocotte-ronde-20-cm-sage\/#breadcrumb"},"inLanguage":"fr-FR","potentialAction":[{"@type":"ReadAction","target":["https:\/\/dev6.erresse-shop.it\/fr\/shop\/poeles-pots\/marmites-et-cocottes-poeles-pots\/staub-cocotte-ronde-20-cm-sage\/"]}]},{"@type":"ImageObject","inLanguage":"fr-FR","@id":"https:\/\/dev6.erresse-shop.it\/fr\/shop\/poeles-pots\/marmites-et-cocottes-poeles-pots\/staub-cocotte-ronde-20-cm-sage\/#primaryimage","url":"https:\/\/i0.wp.com\/interpim.erresse-shop.it\/wp-content\/uploads\/2025\/05\/STAUB-Cocotte-Tonda-20-cm-Salvia.jpg\/staub-cocotte-tonda-20-cm-salvia.jpg?ssl=1","contentUrl":"https:\/\/i0.wp.com\/interpim.erresse-shop.it\/wp-content\/uploads\/2025\/05\/STAUB-Cocotte-Tonda-20-cm-Salvia.jpg\/staub-cocotte-tonda-20-cm-salvia.jpg?ssl=1"},{"@type":"BreadcrumbList","@id":"https:\/\/dev6.erresse-shop.it\/fr\/shop\/poeles-pots\/marmites-et-cocottes-poeles-pots\/staub-cocotte-ronde-20-cm-sage\/#breadcrumb","itemListElement":[{"@type":"ListItem","position":1,"name":"Home","item":"https:\/\/dev6.erresse-shop.it\/"},{"@type":"ListItem","position":2,"name":"Boutique","item":"https:\/\/dev6.erresse-shop.it\/shop\/"},{"@type":"ListItem","position":3,"name":"STAUB Cocotte Ronde 20 cm Sage"}]},{"@type":"WebSite","@id":"https:\/\/dev6.erresse-shop.it\/#website","url":"https:\/\/dev6.erresse-shop.it\/","name":"Erresse Shop","description":"","publisher":{"@id":"https:\/\/dev6.erresse-shop.it\/#organization"},"potentialAction":[{"@type":"SearchAction","target":{"@type":"EntryPoint","urlTemplate":"https:\/\/dev6.erresse-shop.it\/?s={search_term_string}"},"query-input":{"@type":"PropertyValueSpecification","valueRequired":true,"valueName":"search_term_string"}}],"inLanguage":"fr-FR"},{"@type":"Organization","@id":"https:\/\/dev6.erresse-shop.it\/#organization","name":"Erresse Shop","url":"https:\/\/dev6.erresse-shop.it\/","logo":{"@type":"ImageObject","inLanguage":"fr-FR","@id":"https:\/\/dev6.erresse-shop.it\/#\/schema\/logo\/image\/","url":"https:\/\/dev6.erresse-shop.it\/wp-content\/uploads\/2025\/01\/LOGO-ERRESSE-CLASSICO.svg","contentUrl":"https:\/\/dev6.erresse-shop.it\/wp-content\/uploads\/2025\/01\/LOGO-ERRESSE-CLASSICO.svg","caption":"Erresse Shop"},"image":{"@id":"https:\/\/dev6.erresse-shop.it\/#\/schema\/logo\/image\/"}}]}},"df_price":"","df_sale_price":"","df_regular_price":"","df_image_link":"https:\/\/i0.wp.com\/interpim.erresse-shop.it\/wp-content\/uploads\/2025\/05\/STAUB-Cocotte-Tonda-20-cm-Salvia.jpg\/staub-cocotte-tonda-20-cm-salvia.jpg?resize=300,300&ssl=1","fifu_image_url":"https:\/\/interpim.erresse-shop.it\/wp-content\/uploads\/2025\/05\/STAUB-Cocotte-Tonda-20-cm-Salvia.jpg\/staub-cocotte-tonda-20-cm-salvia.jpg","_links":{"self":[{"href":"https:\/\/dev6.erresse-shop.it\/fr\/wp-json\/wp\/v2\/product\/2307099","targetHints":{"allow":["GET"]}}],"collection":[{"href":"https:\/\/dev6.erresse-shop.it\/fr\/wp-json\/wp\/v2\/product"}],"about":[{"href":"https:\/\/dev6.erresse-shop.it\/fr\/wp-json\/wp\/v2\/types\/product"}],"wp:featuredmedia":[{"embeddable":true,"href":"https:\/\/dev6.erresse-shop.it\/fr\/wp-json\/wp\/v2\/media\/6380777"}],"wp:attachment":[{"href":"https:\/\/dev6.erresse-shop.it\/fr\/wp-json\/wp\/v2\/media?parent=2307099"}],"wp:term":[{"taxonomy":"product_cat","embeddable":true,"href":"https:\/\/dev6.erresse-shop.it\/fr\/wp-json\/wp\/v2\/product_cat?post=2307099"},{"taxonomy":"product_tag","embeddable":true,"href":"https:\/\/dev6.erresse-shop.it\/fr\/wp-json\/wp\/v2\/product_tag?post=2307099"}],"curies":[{"name":"wp","href":"https:\/\/api.w.org\/{rel}","templated":true}]}}