{"id":2307097,"date":"2026-04-12T14:32:00","date_gmt":"2026-04-12T12:32:00","guid":{"rendered":"https:\/\/dev6.erresse-shop.it\/shop\/non%20class\u00e9\/staub-crepiere-avec-manche-en-bois-28-cm-noir\/"},"modified":"2025-09-14T07:04:48","modified_gmt":"2025-09-14T05:04:48","slug":"staub-crepiere-avec-manche-en-bois-28-cm-noir","status":"publish","type":"product","link":"https:\/\/dev6.erresse-shop.it\/fr\/shop\/poeles-pots\/casseroles\/staub-crepiere-avec-manche-en-bois-28-cm-noir\/","title":{"rendered":"STAUB Cr\u00eapi\u00e8re avec manche en bois 28 cm Noir"},"content":{"rendered":"<p>Avec la cr\u00eapi\u00e8re STAUB, vous pouvez pr\u00e9parer des cr\u00eapes sucr\u00e9es et sal\u00e9es pour toute la famille. Gr\u00e2ce au bord bas, m\u00eame les cr\u00eapes fines sont r\u00e9ussies. M\u00eame retourner les cr\u00eapes et les pancakes ne sera pas un probl\u00e8me gr\u00e2ce \u00e0 la spatule incluse. Petits et grands seront ravis par la vari\u00e9t\u00e9 des garnitures possibles : compote de pommes, confiture, fruits ou m\u00e9langes sucre et cannelle. Le manche ergonomique en bois est isolant thermique et prot\u00e8ge donc des br\u00fblures. En m\u00eame temps, cela facilite l\u2019utilisation de la cr\u00eapi\u00e8re sur tout type de plaque de cuisson. La surface \u00e9maill\u00e9e de la po\u00eale impressionne par ses temps de chauffage courts et sa r\u00e9partition et r\u00e9tention optimales de la chaleur, ce qui garantit une cuisson uniforme des aliments. Gr\u00e2ce \u00e0 ces propri\u00e9t\u00e9s, la cr\u00eapi\u00e8re convient \u00e9galement \u00e0 la pr\u00e9paration de nombreux autres plats. Des brochettes grill\u00e9es juteuses aux pizzas croustillantes, la cr\u00e9ativit\u00e9 en cuisine n\u2019a pas de limites.<\/p>\n<p>Parfait pour la cuisson au four, le r\u00f4tissage et les grillades<br \/>\nPour tous feux, y compris induction<br \/>\nManche en bois pratique, comprend une spatule et un \u00e9taleur de p\u00e2te<br \/>\nCuisson \u00e9conome en \u00e9nergie gr\u00e2ce aux propri\u00e9t\u00e9s particuli\u00e8res de la fonte<br \/>\nBase lisse pour une utilisation douce sur les plaques de cuisson sensibles<br \/>\nDimensions avec poign\u00e9e (LxlxH) : 48 x 28 x 6,2 cm, Diam\u00e8tre : 28 cm, Fond : 26,5 cm<br \/>\nPoids : 2,46 kg<\/p>\n","protected":false},"excerpt":{"rendered":"<p>Avec la cr\u00eapi\u00e8re STAUB, vous pouvez pr\u00e9parer des cr\u00eapes sucr\u00e9es et sal\u00e9es pour toute la famille. Gr\u00e2ce au bord bas, m\u00eame les cr\u00eapes fines sont r\u00e9ussies. M\u00eame retourner les cr\u00eapes et les pancakes ne sera pas un probl\u00e8me gr\u00e2ce \u00e0 la spatule incluse. Petits et grands seront ravis par la vari\u00e9t\u00e9 des garnitures possibles : [&hellip;]<\/p>\n","protected":false},"featured_media":6380765,"template":"","meta":{"_acf_changed":false},"product_cat":[12001,11991],"product_tag":[],"class_list":{"0":"post-2307097","1":"product","2":"type-product","3":"status-publish","4":"has-post-thumbnail","6":"product_cat-casseroles","7":"product_cat-poeles-pots","9":"first","10":"instock","11":"sale","12":"taxable","13":"shipping-taxable","14":"purchasable","15":"product-type-simple","swatches":"rey-swatches","show_selected":"","stretch_labels":"rey-swatches--stretch-labels"},"acf":[],"yoast_head":"<!-- This site is optimized with the Yoast SEO plugin v25.4 - https:\/\/yoast.com\/wordpress\/plugins\/seo\/ -->\n<title>STAUB Cr\u00eapi\u00e8re avec manche en bois 28 cm Noir - dev6 Erresse<\/title>\n<meta name=\"description\" content=\"Avec la cr\u00eapi\u00e8re STAUB, vous pouvez pr\u00e9parer des cr\u00eapes sucr\u00e9es et sal\u00e9es pour toute la famille. Gr\u00e2ce au bord bas, m\u00eame les cr\u00eapes fines sont r\u00e9ussies.\" \/>\n<meta name=\"robots\" content=\"noindex, follow, max-snippet:-1, max-image-preview:large, max-video-preview:-1\" \/>\n<meta property=\"og:locale\" content=\"fr_FR\" \/>\n<meta property=\"og:type\" content=\"article\" \/>\n<meta property=\"og:title\" content=\"STAUB Cr\u00eapi\u00e8re avec manche en bois 28 cm Noir - dev6 Erresse\" \/>\n<meta property=\"og:description\" content=\"Avec la cr\u00eapi\u00e8re STAUB, vous pouvez pr\u00e9parer des cr\u00eapes sucr\u00e9es et sal\u00e9es pour toute la famille. Gr\u00e2ce au bord bas, m\u00eame les cr\u00eapes fines sont r\u00e9ussies.\" \/>\n<meta property=\"og:url\" content=\"https:\/\/dev6.erresse-shop.it\/fr\/shop\/poeles-pots\/casseroles\/staub-crepiere-avec-manche-en-bois-28-cm-noir\/\" \/>\n<meta property=\"og:site_name\" content=\"dev6 Erresse\" \/>\n<meta property=\"og:image\" content=\"https:\/\/interpim.erresse-shop.it\/wp-content\/uploads\/2025\/04\/STAUB-Crepiera-Manico-in-Legno-28-cm-Nero.jpg\/staub-crepiera-manico-in-legno-28-cm-nero.jpg\" \/><meta property=\"og:image\" content=\"https:\/\/interpim.erresse-shop.it\/wp-content\/uploads\/2025\/04\/STAUB-Crepiera-Manico-in-Legno-28-cm-Nero.jpg\/staub-crepiera-manico-in-legno-28-cm-nero.jpg\" \/>\n\t<meta property=\"og:image:width\" content=\"1024\" \/>\n\t<meta property=\"og:image:height\" content=\"1024\" \/>\n\t<meta property=\"og:image:type\" content=\"image\/jpeg\" \/>\n<meta name=\"twitter:card\" content=\"summary_large_image\" \/>\n<meta name=\"twitter:image\" content=\"https:\/\/interpim.erresse-shop.it\/wp-content\/uploads\/2025\/04\/STAUB-Crepiera-Manico-in-Legno-28-cm-Nero.jpg\/staub-crepiera-manico-in-legno-28-cm-nero.jpg\" \/>\n<script type=\"application\/ld+json\" class=\"yoast-schema-graph\">{\"@context\":\"https:\/\/schema.org\",\"@graph\":[{\"@type\":\"WebPage\",\"@id\":\"https:\/\/dev6.erresse-shop.it\/fr\/shop\/poeles-pots\/casseroles\/staub-crepiere-avec-manche-en-bois-28-cm-noir\/\",\"url\":\"https:\/\/dev6.erresse-shop.it\/fr\/shop\/poeles-pots\/casseroles\/staub-crepiere-avec-manche-en-bois-28-cm-noir\/\",\"name\":\"STAUB Cr\u00eapi\u00e8re avec manche en bois 28 cm Noir - dev6 Erresse\",\"isPartOf\":{\"@id\":\"https:\/\/dev6.erresse-shop.it\/#website\"},\"primaryImageOfPage\":{\"@id\":\"https:\/\/dev6.erresse-shop.it\/fr\/shop\/poeles-pots\/casseroles\/staub-crepiere-avec-manche-en-bois-28-cm-noir\/#primaryimage\"},\"image\":{\"@id\":\"https:\/\/dev6.erresse-shop.it\/fr\/shop\/poeles-pots\/casseroles\/staub-crepiere-avec-manche-en-bois-28-cm-noir\/#primaryimage\"},\"thumbnailUrl\":\"https:\/\/i3.wp.com\/interpim.erresse-shop.it\/wp-content\/uploads\/2025\/04\/STAUB-Crepiera-Manico-in-Legno-28-cm-Nero.jpg\/staub-crepiera-manico-in-legno-28-cm-nero.jpg?ssl=1\",\"datePublished\":\"2026-04-12T12:32:00+00:00\",\"description\":\"Avec la cr\u00eapi\u00e8re STAUB, vous pouvez pr\u00e9parer des cr\u00eapes sucr\u00e9es et sal\u00e9es pour toute la famille. Gr\u00e2ce au bord bas, m\u00eame les cr\u00eapes fines sont r\u00e9ussies.\",\"breadcrumb\":{\"@id\":\"https:\/\/dev6.erresse-shop.it\/fr\/shop\/poeles-pots\/casseroles\/staub-crepiere-avec-manche-en-bois-28-cm-noir\/#breadcrumb\"},\"inLanguage\":\"fr-FR\",\"potentialAction\":[{\"@type\":\"ReadAction\",\"target\":[\"https:\/\/dev6.erresse-shop.it\/fr\/shop\/poeles-pots\/casseroles\/staub-crepiere-avec-manche-en-bois-28-cm-noir\/\"]}]},{\"@type\":\"ImageObject\",\"inLanguage\":\"fr-FR\",\"@id\":\"https:\/\/dev6.erresse-shop.it\/fr\/shop\/poeles-pots\/casseroles\/staub-crepiere-avec-manche-en-bois-28-cm-noir\/#primaryimage\",\"url\":\"https:\/\/i3.wp.com\/interpim.erresse-shop.it\/wp-content\/uploads\/2025\/04\/STAUB-Crepiera-Manico-in-Legno-28-cm-Nero.jpg\/staub-crepiera-manico-in-legno-28-cm-nero.jpg?ssl=1\",\"contentUrl\":\"https:\/\/i3.wp.com\/interpim.erresse-shop.it\/wp-content\/uploads\/2025\/04\/STAUB-Crepiera-Manico-in-Legno-28-cm-Nero.jpg\/staub-crepiera-manico-in-legno-28-cm-nero.jpg?ssl=1\"},{\"@type\":\"BreadcrumbList\",\"@id\":\"https:\/\/dev6.erresse-shop.it\/fr\/shop\/poeles-pots\/casseroles\/staub-crepiere-avec-manche-en-bois-28-cm-noir\/#breadcrumb\",\"itemListElement\":[{\"@type\":\"ListItem\",\"position\":1,\"name\":\"Home\",\"item\":\"https:\/\/dev6.erresse-shop.it\/\"},{\"@type\":\"ListItem\",\"position\":2,\"name\":\"Boutique\",\"item\":\"https:\/\/dev6.erresse-shop.it\/shop\/\"},{\"@type\":\"ListItem\",\"position\":3,\"name\":\"STAUB Cr\u00eapi\u00e8re avec manche en bois 28 cm Noir\"}]},{\"@type\":\"WebSite\",\"@id\":\"https:\/\/dev6.erresse-shop.it\/#website\",\"url\":\"https:\/\/dev6.erresse-shop.it\/\",\"name\":\"Erresse Shop\",\"description\":\"\",\"publisher\":{\"@id\":\"https:\/\/dev6.erresse-shop.it\/#organization\"},\"potentialAction\":[{\"@type\":\"SearchAction\",\"target\":{\"@type\":\"EntryPoint\",\"urlTemplate\":\"https:\/\/dev6.erresse-shop.it\/?s={search_term_string}\"},\"query-input\":{\"@type\":\"PropertyValueSpecification\",\"valueRequired\":true,\"valueName\":\"search_term_string\"}}],\"inLanguage\":\"fr-FR\"},{\"@type\":\"Organization\",\"@id\":\"https:\/\/dev6.erresse-shop.it\/#organization\",\"name\":\"Erresse Shop\",\"url\":\"https:\/\/dev6.erresse-shop.it\/\",\"logo\":{\"@type\":\"ImageObject\",\"inLanguage\":\"fr-FR\",\"@id\":\"https:\/\/dev6.erresse-shop.it\/#\/schema\/logo\/image\/\",\"url\":\"https:\/\/dev6.erresse-shop.it\/wp-content\/uploads\/2025\/01\/LOGO-ERRESSE-CLASSICO.svg\",\"contentUrl\":\"https:\/\/dev6.erresse-shop.it\/wp-content\/uploads\/2025\/01\/LOGO-ERRESSE-CLASSICO.svg\",\"caption\":\"Erresse Shop\"},\"image\":{\"@id\":\"https:\/\/dev6.erresse-shop.it\/#\/schema\/logo\/image\/\"}}]}<\/script>\n<!-- \/ Yoast SEO plugin. -->","yoast_head_json":{"title":"STAUB Cr\u00eapi\u00e8re avec manche en bois 28 cm Noir - dev6 Erresse","description":"Avec la cr\u00eapi\u00e8re STAUB, vous pouvez pr\u00e9parer des cr\u00eapes sucr\u00e9es et sal\u00e9es pour toute la famille. Gr\u00e2ce au bord bas, m\u00eame les cr\u00eapes fines sont r\u00e9ussies.","robots":{"index":"noindex","follow":"follow","max-snippet":"max-snippet:-1","max-image-preview":"max-image-preview:large","max-video-preview":"max-video-preview:-1"},"og_locale":"fr_FR","og_type":"article","og_title":"STAUB Cr\u00eapi\u00e8re avec manche en bois 28 cm Noir - dev6 Erresse","og_description":"Avec la cr\u00eapi\u00e8re STAUB, vous pouvez pr\u00e9parer des cr\u00eapes sucr\u00e9es et sal\u00e9es pour toute la famille. Gr\u00e2ce au bord bas, m\u00eame les cr\u00eapes fines sont r\u00e9ussies.","og_url":"https:\/\/dev6.erresse-shop.it\/fr\/shop\/poeles-pots\/casseroles\/staub-crepiere-avec-manche-en-bois-28-cm-noir\/","og_site_name":"dev6 Erresse","og_image":[{"url":"https:\/\/interpim.erresse-shop.it\/wp-content\/uploads\/2025\/04\/STAUB-Crepiera-Manico-in-Legno-28-cm-Nero.jpg\/staub-crepiera-manico-in-legno-28-cm-nero.jpg","type":"","width":"","height":""},{"url":"https:\/\/interpim.erresse-shop.it\/wp-content\/uploads\/2025\/04\/STAUB-Crepiera-Manico-in-Legno-28-cm-Nero.jpg\/staub-crepiera-manico-in-legno-28-cm-nero.jpg","width":1024,"height":1024,"type":"image\/jpeg"}],"twitter_card":"summary_large_image","twitter_image":"https:\/\/interpim.erresse-shop.it\/wp-content\/uploads\/2025\/04\/STAUB-Crepiera-Manico-in-Legno-28-cm-Nero.jpg\/staub-crepiera-manico-in-legno-28-cm-nero.jpg","schema":{"@context":"https:\/\/schema.org","@graph":[{"@type":"WebPage","@id":"https:\/\/dev6.erresse-shop.it\/fr\/shop\/poeles-pots\/casseroles\/staub-crepiere-avec-manche-en-bois-28-cm-noir\/","url":"https:\/\/dev6.erresse-shop.it\/fr\/shop\/poeles-pots\/casseroles\/staub-crepiere-avec-manche-en-bois-28-cm-noir\/","name":"STAUB Cr\u00eapi\u00e8re avec manche en bois 28 cm Noir - dev6 Erresse","isPartOf":{"@id":"https:\/\/dev6.erresse-shop.it\/#website"},"primaryImageOfPage":{"@id":"https:\/\/dev6.erresse-shop.it\/fr\/shop\/poeles-pots\/casseroles\/staub-crepiere-avec-manche-en-bois-28-cm-noir\/#primaryimage"},"image":{"@id":"https:\/\/dev6.erresse-shop.it\/fr\/shop\/poeles-pots\/casseroles\/staub-crepiere-avec-manche-en-bois-28-cm-noir\/#primaryimage"},"thumbnailUrl":"https:\/\/i3.wp.com\/interpim.erresse-shop.it\/wp-content\/uploads\/2025\/04\/STAUB-Crepiera-Manico-in-Legno-28-cm-Nero.jpg\/staub-crepiera-manico-in-legno-28-cm-nero.jpg?ssl=1","datePublished":"2026-04-12T12:32:00+00:00","description":"Avec la cr\u00eapi\u00e8re STAUB, vous pouvez pr\u00e9parer des cr\u00eapes sucr\u00e9es et sal\u00e9es pour toute la famille. Gr\u00e2ce au bord bas, m\u00eame les cr\u00eapes fines sont r\u00e9ussies.","breadcrumb":{"@id":"https:\/\/dev6.erresse-shop.it\/fr\/shop\/poeles-pots\/casseroles\/staub-crepiere-avec-manche-en-bois-28-cm-noir\/#breadcrumb"},"inLanguage":"fr-FR","potentialAction":[{"@type":"ReadAction","target":["https:\/\/dev6.erresse-shop.it\/fr\/shop\/poeles-pots\/casseroles\/staub-crepiere-avec-manche-en-bois-28-cm-noir\/"]}]},{"@type":"ImageObject","inLanguage":"fr-FR","@id":"https:\/\/dev6.erresse-shop.it\/fr\/shop\/poeles-pots\/casseroles\/staub-crepiere-avec-manche-en-bois-28-cm-noir\/#primaryimage","url":"https:\/\/i3.wp.com\/interpim.erresse-shop.it\/wp-content\/uploads\/2025\/04\/STAUB-Crepiera-Manico-in-Legno-28-cm-Nero.jpg\/staub-crepiera-manico-in-legno-28-cm-nero.jpg?ssl=1","contentUrl":"https:\/\/i3.wp.com\/interpim.erresse-shop.it\/wp-content\/uploads\/2025\/04\/STAUB-Crepiera-Manico-in-Legno-28-cm-Nero.jpg\/staub-crepiera-manico-in-legno-28-cm-nero.jpg?ssl=1"},{"@type":"BreadcrumbList","@id":"https:\/\/dev6.erresse-shop.it\/fr\/shop\/poeles-pots\/casseroles\/staub-crepiere-avec-manche-en-bois-28-cm-noir\/#breadcrumb","itemListElement":[{"@type":"ListItem","position":1,"name":"Home","item":"https:\/\/dev6.erresse-shop.it\/"},{"@type":"ListItem","position":2,"name":"Boutique","item":"https:\/\/dev6.erresse-shop.it\/shop\/"},{"@type":"ListItem","position":3,"name":"STAUB Cr\u00eapi\u00e8re avec manche en bois 28 cm Noir"}]},{"@type":"WebSite","@id":"https:\/\/dev6.erresse-shop.it\/#website","url":"https:\/\/dev6.erresse-shop.it\/","name":"Erresse Shop","description":"","publisher":{"@id":"https:\/\/dev6.erresse-shop.it\/#organization"},"potentialAction":[{"@type":"SearchAction","target":{"@type":"EntryPoint","urlTemplate":"https:\/\/dev6.erresse-shop.it\/?s={search_term_string}"},"query-input":{"@type":"PropertyValueSpecification","valueRequired":true,"valueName":"search_term_string"}}],"inLanguage":"fr-FR"},{"@type":"Organization","@id":"https:\/\/dev6.erresse-shop.it\/#organization","name":"Erresse Shop","url":"https:\/\/dev6.erresse-shop.it\/","logo":{"@type":"ImageObject","inLanguage":"fr-FR","@id":"https:\/\/dev6.erresse-shop.it\/#\/schema\/logo\/image\/","url":"https:\/\/dev6.erresse-shop.it\/wp-content\/uploads\/2025\/01\/LOGO-ERRESSE-CLASSICO.svg","contentUrl":"https:\/\/dev6.erresse-shop.it\/wp-content\/uploads\/2025\/01\/LOGO-ERRESSE-CLASSICO.svg","caption":"Erresse Shop"},"image":{"@id":"https:\/\/dev6.erresse-shop.it\/#\/schema\/logo\/image\/"}}]}},"df_price":79,"df_sale_price":79,"df_regular_price":99.95,"df_image_link":"https:\/\/i3.wp.com\/interpim.erresse-shop.it\/wp-content\/uploads\/2025\/04\/STAUB-Crepiera-Manico-in-Legno-28-cm-Nero.jpg\/staub-crepiera-manico-in-legno-28-cm-nero.jpg?resize=300,300&ssl=1","fifu_image_url":"https:\/\/interpim.erresse-shop.it\/wp-content\/uploads\/2025\/04\/STAUB-Crepiera-Manico-in-Legno-28-cm-Nero.jpg\/staub-crepiera-manico-in-legno-28-cm-nero.jpg","_links":{"self":[{"href":"https:\/\/dev6.erresse-shop.it\/fr\/wp-json\/wp\/v2\/product\/2307097","targetHints":{"allow":["GET"]}}],"collection":[{"href":"https:\/\/dev6.erresse-shop.it\/fr\/wp-json\/wp\/v2\/product"}],"about":[{"href":"https:\/\/dev6.erresse-shop.it\/fr\/wp-json\/wp\/v2\/types\/product"}],"wp:featuredmedia":[{"embeddable":true,"href":"https:\/\/dev6.erresse-shop.it\/fr\/wp-json\/wp\/v2\/media\/6380765"}],"wp:attachment":[{"href":"https:\/\/dev6.erresse-shop.it\/fr\/wp-json\/wp\/v2\/media?parent=2307097"}],"wp:term":[{"taxonomy":"product_cat","embeddable":true,"href":"https:\/\/dev6.erresse-shop.it\/fr\/wp-json\/wp\/v2\/product_cat?post=2307097"},{"taxonomy":"product_tag","embeddable":true,"href":"https:\/\/dev6.erresse-shop.it\/fr\/wp-json\/wp\/v2\/product_tag?post=2307097"}],"curies":[{"name":"wp","href":"https:\/\/api.w.org\/{rel}","templated":true}]}}