{"id":2307093,"date":"2026-04-12T14:32:00","date_gmt":"2026-04-12T12:32:00","guid":{"rendered":"https:\/\/dev6.erresse-shop.it\/shop\/non%20class\u00e9\/staub-cocotte-ronde-20-cm-bleu-fonce\/"},"modified":"2025-09-17T18:35:09","modified_gmt":"2025-09-17T16:35:09","slug":"staub-cocotte-ronde-20-cm-bleu-fonce","status":"publish","type":"product","link":"https:\/\/dev6.erresse-shop.it\/fr\/shop\/poeles-pots\/marmites-et-cocottes-poeles-pots\/staub-cocotte-ronde-20-cm-bleu-fonce\/","title":{"rendered":"STAUB Cocotte Ronde 20 cm Bleu fonc\u00e9"},"content":{"rendered":"<p>La cocotte Staub est parfaite pour la cuisson lente de la viande et des l\u00e9gumes, garantissant une cuisson uniforme et des r\u00e9sultats tendres. Id\u00e9al pour les rago\u00fbts et les soupes, la fonte retient la chaleur et le couvercle innovant avec picots internes arrose continuellement les aliments, rehaussant ainsi leur saveur. Le rev\u00eatement en \u00e9mail noir mat et la conception du couvercle permettent un brunissement et un braisage optimaux. Adapt\u00e9 \u00e0 un usage quotidien, il est choisi par les plus grands chefs et peut durer des g\u00e9n\u00e9rations gr\u00e2ce \u00e0 son excellente durabilit\u00e9.<\/p>\n<p>Id\u00e9al pour sceller et cuire lentement de la viande, du poisson ou des l\u00e9gumes<br \/>\nPour une cuisson juteuse et tendre gr\u00e2ce au couvercle<br \/>\nL\u2019\u00e9mail int\u00e9rieur noir mat est id\u00e9al pour un brunissement particuli\u00e8rement croustillant et est tr\u00e8s r\u00e9sistant<br \/>\nConvient \u00e0 tous les types de plaques de cuisson, y compris \u00e0 induction, peut \u00e9galement \u00eatre plac\u00e9 au four\/grill<br \/>\nLe lavage au lave-vaisselle est possible, mais ne doit pas \u00eatre effectu\u00e9 r\u00e9guli\u00e8rement<\/p>\n<p>Caract\u00e9ristiques<\/p>\n<p>R\u00e9sistance \u00e0 la chaleur :260 \u00baC<br \/>\nR\u00e9sistance au froid :-20 \u00baC<br \/>\nMat\u00e9riau :fonte<br \/>\nNom commercial du rev\u00eatement :Noir Mat<br \/>\nRev\u00eatement int\u00e9rieur :\u00e9mail<br \/>\nCouvercle existant\u00a0:oui<br \/>\nInduction\u00a0:Oui<br \/>\nPasse au four\u00a0:Oui<br \/>\nPasse au cong\u00e9lateur\u00a0:Oui<br \/>\nPasse au four\u00a0:Oui<br \/>\nLave-vaisselle :Oui<\/p>\n<p>Taille<\/p>\n<p>Poids net : 3,60 kg<br \/>\nCapacit\u00e9 : 2,20 l<br \/>\nLongueur du produit : 26,30 cm<br \/>\nLargeur du produit : 20,00 cm<br \/>\nHauteur du produit : 14,20 cm<br \/>\nHauteur sans couvercle : 9,50 cm<br \/>\nDiam\u00e8tre sup\u00e9rieur : 20,00 cm<br \/>\nDiam\u00e8tre du fond : 16,10 cm<br \/>\nLongueur du manche : 3,00 cm<\/p>\n","protected":false},"excerpt":{"rendered":"<p>La cocotte Staub est parfaite pour la cuisson lente de la viande et des l\u00e9gumes, garantissant une cuisson uniforme et des r\u00e9sultats tendres. Id\u00e9al pour les rago\u00fbts et les soupes, la fonte retient la chaleur et le couvercle innovant avec picots internes arrose continuellement les aliments, rehaussant ainsi leur saveur. Le rev\u00eatement en \u00e9mail noir [&hellip;]<\/p>\n","protected":false},"featured_media":6380743,"template":"","meta":{"_acf_changed":false},"product_cat":[12000,11667,11991],"product_tag":[],"class_list":{"0":"post-2307093","1":"product","2":"type-product","3":"status-publish","4":"has-post-thumbnail","6":"product_cat-marmites-et-cocottes-poeles-pots","7":"product_cat-padelle-pentole","8":"product_cat-poeles-pots","10":"first","11":"instock","12":"sale","13":"taxable","14":"shipping-taxable","15":"purchasable","16":"product-type-simple","swatches":"rey-swatches","show_selected":"","stretch_labels":"rey-swatches--stretch-labels"},"acf":[],"yoast_head":"<!-- This site is optimized with the Yoast SEO plugin v25.4 - https:\/\/yoast.com\/wordpress\/plugins\/seo\/ -->\n<title>STAUB Cocotte Ronde 20 cm Bleu fonc\u00e9 - dev6 Erresse<\/title>\n<meta name=\"description\" content=\"La cocotte Staub est parfaite pour la cuisson lente de la viande et des l\u00e9gumes, garantissant une cuisson uniforme et des r\u00e9sultats tendres. Id\u00e9al pour\" \/>\n<meta name=\"robots\" content=\"noindex, follow, max-snippet:-1, max-image-preview:large, max-video-preview:-1\" \/>\n<meta property=\"og:locale\" content=\"fr_FR\" \/>\n<meta property=\"og:type\" content=\"article\" \/>\n<meta property=\"og:title\" content=\"STAUB Cocotte Ronde 20 cm Bleu fonc\u00e9 - dev6 Erresse\" \/>\n<meta property=\"og:description\" content=\"La cocotte Staub est parfaite pour la cuisson lente de la viande et des l\u00e9gumes, garantissant une cuisson uniforme et des r\u00e9sultats tendres. Id\u00e9al pour\" \/>\n<meta property=\"og:url\" content=\"https:\/\/dev6.erresse-shop.it\/fr\/shop\/poeles-pots\/marmites-et-cocottes-poeles-pots\/staub-cocotte-ronde-20-cm-bleu-fonce\/\" \/>\n<meta property=\"og:site_name\" content=\"dev6 Erresse\" \/>\n<meta property=\"og:image\" content=\"https:\/\/interpim.erresse-shop.it\/wp-content\/uploads\/2025\/04\/STAUB-Cocotte-Tonda-20-cm-Blu-Scuro.jpg\/staub-cocotte-tonda-20-cm-blu-scuro.jpg\" \/><meta property=\"og:image\" content=\"https:\/\/interpim.erresse-shop.it\/wp-content\/uploads\/2025\/04\/STAUB-Cocotte-Tonda-20-cm-Blu-Scuro.jpg\/staub-cocotte-tonda-20-cm-blu-scuro.jpg\" \/>\n\t<meta property=\"og:image:width\" content=\"1024\" \/>\n\t<meta property=\"og:image:height\" content=\"1024\" \/>\n\t<meta property=\"og:image:type\" content=\"image\/jpeg\" \/>\n<meta name=\"twitter:card\" content=\"summary_large_image\" \/>\n<meta name=\"twitter:image\" content=\"https:\/\/interpim.erresse-shop.it\/wp-content\/uploads\/2025\/04\/STAUB-Cocotte-Tonda-20-cm-Blu-Scuro.jpg\/staub-cocotte-tonda-20-cm-blu-scuro.jpg\" \/>\n<script type=\"application\/ld+json\" class=\"yoast-schema-graph\">{\"@context\":\"https:\/\/schema.org\",\"@graph\":[{\"@type\":\"WebPage\",\"@id\":\"https:\/\/dev6.erresse-shop.it\/fr\/shop\/poeles-pots\/marmites-et-cocottes-poeles-pots\/staub-cocotte-ronde-20-cm-bleu-fonce\/\",\"url\":\"https:\/\/dev6.erresse-shop.it\/fr\/shop\/poeles-pots\/marmites-et-cocottes-poeles-pots\/staub-cocotte-ronde-20-cm-bleu-fonce\/\",\"name\":\"STAUB Cocotte Ronde 20 cm Bleu fonc\u00e9 - dev6 Erresse\",\"isPartOf\":{\"@id\":\"https:\/\/dev6.erresse-shop.it\/#website\"},\"primaryImageOfPage\":{\"@id\":\"https:\/\/dev6.erresse-shop.it\/fr\/shop\/poeles-pots\/marmites-et-cocottes-poeles-pots\/staub-cocotte-ronde-20-cm-bleu-fonce\/#primaryimage\"},\"image\":{\"@id\":\"https:\/\/dev6.erresse-shop.it\/fr\/shop\/poeles-pots\/marmites-et-cocottes-poeles-pots\/staub-cocotte-ronde-20-cm-bleu-fonce\/#primaryimage\"},\"thumbnailUrl\":\"https:\/\/i1.wp.com\/interpim.erresse-shop.it\/wp-content\/uploads\/2025\/04\/STAUB-Cocotte-Tonda-20-cm-Blu-Scuro.jpg\/staub-cocotte-tonda-20-cm-blu-scuro.jpg?ssl=1\",\"datePublished\":\"2026-04-12T12:32:00+00:00\",\"description\":\"La cocotte Staub est parfaite pour la cuisson lente de la viande et des l\u00e9gumes, garantissant une cuisson uniforme et des r\u00e9sultats tendres. Id\u00e9al pour\",\"breadcrumb\":{\"@id\":\"https:\/\/dev6.erresse-shop.it\/fr\/shop\/poeles-pots\/marmites-et-cocottes-poeles-pots\/staub-cocotte-ronde-20-cm-bleu-fonce\/#breadcrumb\"},\"inLanguage\":\"fr-FR\",\"potentialAction\":[{\"@type\":\"ReadAction\",\"target\":[\"https:\/\/dev6.erresse-shop.it\/fr\/shop\/poeles-pots\/marmites-et-cocottes-poeles-pots\/staub-cocotte-ronde-20-cm-bleu-fonce\/\"]}]},{\"@type\":\"ImageObject\",\"inLanguage\":\"fr-FR\",\"@id\":\"https:\/\/dev6.erresse-shop.it\/fr\/shop\/poeles-pots\/marmites-et-cocottes-poeles-pots\/staub-cocotte-ronde-20-cm-bleu-fonce\/#primaryimage\",\"url\":\"https:\/\/i1.wp.com\/interpim.erresse-shop.it\/wp-content\/uploads\/2025\/04\/STAUB-Cocotte-Tonda-20-cm-Blu-Scuro.jpg\/staub-cocotte-tonda-20-cm-blu-scuro.jpg?ssl=1\",\"contentUrl\":\"https:\/\/i1.wp.com\/interpim.erresse-shop.it\/wp-content\/uploads\/2025\/04\/STAUB-Cocotte-Tonda-20-cm-Blu-Scuro.jpg\/staub-cocotte-tonda-20-cm-blu-scuro.jpg?ssl=1\"},{\"@type\":\"BreadcrumbList\",\"@id\":\"https:\/\/dev6.erresse-shop.it\/fr\/shop\/poeles-pots\/marmites-et-cocottes-poeles-pots\/staub-cocotte-ronde-20-cm-bleu-fonce\/#breadcrumb\",\"itemListElement\":[{\"@type\":\"ListItem\",\"position\":1,\"name\":\"Home\",\"item\":\"https:\/\/dev6.erresse-shop.it\/\"},{\"@type\":\"ListItem\",\"position\":2,\"name\":\"Boutique\",\"item\":\"https:\/\/dev6.erresse-shop.it\/shop\/\"},{\"@type\":\"ListItem\",\"position\":3,\"name\":\"STAUB Cocotte Ronde 20 cm Bleu fonc\u00e9\"}]},{\"@type\":\"WebSite\",\"@id\":\"https:\/\/dev6.erresse-shop.it\/#website\",\"url\":\"https:\/\/dev6.erresse-shop.it\/\",\"name\":\"Erresse Shop\",\"description\":\"\",\"publisher\":{\"@id\":\"https:\/\/dev6.erresse-shop.it\/#organization\"},\"potentialAction\":[{\"@type\":\"SearchAction\",\"target\":{\"@type\":\"EntryPoint\",\"urlTemplate\":\"https:\/\/dev6.erresse-shop.it\/?s={search_term_string}\"},\"query-input\":{\"@type\":\"PropertyValueSpecification\",\"valueRequired\":true,\"valueName\":\"search_term_string\"}}],\"inLanguage\":\"fr-FR\"},{\"@type\":\"Organization\",\"@id\":\"https:\/\/dev6.erresse-shop.it\/#organization\",\"name\":\"Erresse Shop\",\"url\":\"https:\/\/dev6.erresse-shop.it\/\",\"logo\":{\"@type\":\"ImageObject\",\"inLanguage\":\"fr-FR\",\"@id\":\"https:\/\/dev6.erresse-shop.it\/#\/schema\/logo\/image\/\",\"url\":\"https:\/\/dev6.erresse-shop.it\/wp-content\/uploads\/2025\/01\/LOGO-ERRESSE-CLASSICO.svg\",\"contentUrl\":\"https:\/\/dev6.erresse-shop.it\/wp-content\/uploads\/2025\/01\/LOGO-ERRESSE-CLASSICO.svg\",\"caption\":\"Erresse Shop\"},\"image\":{\"@id\":\"https:\/\/dev6.erresse-shop.it\/#\/schema\/logo\/image\/\"}}]}<\/script>\n<!-- \/ Yoast SEO plugin. -->","yoast_head_json":{"title":"STAUB Cocotte Ronde 20 cm Bleu fonc\u00e9 - dev6 Erresse","description":"La cocotte Staub est parfaite pour la cuisson lente de la viande et des l\u00e9gumes, garantissant une cuisson uniforme et des r\u00e9sultats tendres. Id\u00e9al pour","robots":{"index":"noindex","follow":"follow","max-snippet":"max-snippet:-1","max-image-preview":"max-image-preview:large","max-video-preview":"max-video-preview:-1"},"og_locale":"fr_FR","og_type":"article","og_title":"STAUB Cocotte Ronde 20 cm Bleu fonc\u00e9 - dev6 Erresse","og_description":"La cocotte Staub est parfaite pour la cuisson lente de la viande et des l\u00e9gumes, garantissant une cuisson uniforme et des r\u00e9sultats tendres. Id\u00e9al pour","og_url":"https:\/\/dev6.erresse-shop.it\/fr\/shop\/poeles-pots\/marmites-et-cocottes-poeles-pots\/staub-cocotte-ronde-20-cm-bleu-fonce\/","og_site_name":"dev6 Erresse","og_image":[{"url":"https:\/\/interpim.erresse-shop.it\/wp-content\/uploads\/2025\/04\/STAUB-Cocotte-Tonda-20-cm-Blu-Scuro.jpg\/staub-cocotte-tonda-20-cm-blu-scuro.jpg","type":"","width":"","height":""},{"url":"https:\/\/interpim.erresse-shop.it\/wp-content\/uploads\/2025\/04\/STAUB-Cocotte-Tonda-20-cm-Blu-Scuro.jpg\/staub-cocotte-tonda-20-cm-blu-scuro.jpg","width":1024,"height":1024,"type":"image\/jpeg"}],"twitter_card":"summary_large_image","twitter_image":"https:\/\/interpim.erresse-shop.it\/wp-content\/uploads\/2025\/04\/STAUB-Cocotte-Tonda-20-cm-Blu-Scuro.jpg\/staub-cocotte-tonda-20-cm-blu-scuro.jpg","schema":{"@context":"https:\/\/schema.org","@graph":[{"@type":"WebPage","@id":"https:\/\/dev6.erresse-shop.it\/fr\/shop\/poeles-pots\/marmites-et-cocottes-poeles-pots\/staub-cocotte-ronde-20-cm-bleu-fonce\/","url":"https:\/\/dev6.erresse-shop.it\/fr\/shop\/poeles-pots\/marmites-et-cocottes-poeles-pots\/staub-cocotte-ronde-20-cm-bleu-fonce\/","name":"STAUB Cocotte Ronde 20 cm Bleu fonc\u00e9 - dev6 Erresse","isPartOf":{"@id":"https:\/\/dev6.erresse-shop.it\/#website"},"primaryImageOfPage":{"@id":"https:\/\/dev6.erresse-shop.it\/fr\/shop\/poeles-pots\/marmites-et-cocottes-poeles-pots\/staub-cocotte-ronde-20-cm-bleu-fonce\/#primaryimage"},"image":{"@id":"https:\/\/dev6.erresse-shop.it\/fr\/shop\/poeles-pots\/marmites-et-cocottes-poeles-pots\/staub-cocotte-ronde-20-cm-bleu-fonce\/#primaryimage"},"thumbnailUrl":"https:\/\/i1.wp.com\/interpim.erresse-shop.it\/wp-content\/uploads\/2025\/04\/STAUB-Cocotte-Tonda-20-cm-Blu-Scuro.jpg\/staub-cocotte-tonda-20-cm-blu-scuro.jpg?ssl=1","datePublished":"2026-04-12T12:32:00+00:00","description":"La cocotte Staub est parfaite pour la cuisson lente de la viande et des l\u00e9gumes, garantissant une cuisson uniforme et des r\u00e9sultats tendres. Id\u00e9al pour","breadcrumb":{"@id":"https:\/\/dev6.erresse-shop.it\/fr\/shop\/poeles-pots\/marmites-et-cocottes-poeles-pots\/staub-cocotte-ronde-20-cm-bleu-fonce\/#breadcrumb"},"inLanguage":"fr-FR","potentialAction":[{"@type":"ReadAction","target":["https:\/\/dev6.erresse-shop.it\/fr\/shop\/poeles-pots\/marmites-et-cocottes-poeles-pots\/staub-cocotte-ronde-20-cm-bleu-fonce\/"]}]},{"@type":"ImageObject","inLanguage":"fr-FR","@id":"https:\/\/dev6.erresse-shop.it\/fr\/shop\/poeles-pots\/marmites-et-cocottes-poeles-pots\/staub-cocotte-ronde-20-cm-bleu-fonce\/#primaryimage","url":"https:\/\/i1.wp.com\/interpim.erresse-shop.it\/wp-content\/uploads\/2025\/04\/STAUB-Cocotte-Tonda-20-cm-Blu-Scuro.jpg\/staub-cocotte-tonda-20-cm-blu-scuro.jpg?ssl=1","contentUrl":"https:\/\/i1.wp.com\/interpim.erresse-shop.it\/wp-content\/uploads\/2025\/04\/STAUB-Cocotte-Tonda-20-cm-Blu-Scuro.jpg\/staub-cocotte-tonda-20-cm-blu-scuro.jpg?ssl=1"},{"@type":"BreadcrumbList","@id":"https:\/\/dev6.erresse-shop.it\/fr\/shop\/poeles-pots\/marmites-et-cocottes-poeles-pots\/staub-cocotte-ronde-20-cm-bleu-fonce\/#breadcrumb","itemListElement":[{"@type":"ListItem","position":1,"name":"Home","item":"https:\/\/dev6.erresse-shop.it\/"},{"@type":"ListItem","position":2,"name":"Boutique","item":"https:\/\/dev6.erresse-shop.it\/shop\/"},{"@type":"ListItem","position":3,"name":"STAUB Cocotte Ronde 20 cm Bleu fonc\u00e9"}]},{"@type":"WebSite","@id":"https:\/\/dev6.erresse-shop.it\/#website","url":"https:\/\/dev6.erresse-shop.it\/","name":"Erresse Shop","description":"","publisher":{"@id":"https:\/\/dev6.erresse-shop.it\/#organization"},"potentialAction":[{"@type":"SearchAction","target":{"@type":"EntryPoint","urlTemplate":"https:\/\/dev6.erresse-shop.it\/?s={search_term_string}"},"query-input":{"@type":"PropertyValueSpecification","valueRequired":true,"valueName":"search_term_string"}}],"inLanguage":"fr-FR"},{"@type":"Organization","@id":"https:\/\/dev6.erresse-shop.it\/#organization","name":"Erresse Shop","url":"https:\/\/dev6.erresse-shop.it\/","logo":{"@type":"ImageObject","inLanguage":"fr-FR","@id":"https:\/\/dev6.erresse-shop.it\/#\/schema\/logo\/image\/","url":"https:\/\/dev6.erresse-shop.it\/wp-content\/uploads\/2025\/01\/LOGO-ERRESSE-CLASSICO.svg","contentUrl":"https:\/\/dev6.erresse-shop.it\/wp-content\/uploads\/2025\/01\/LOGO-ERRESSE-CLASSICO.svg","caption":"Erresse Shop"},"image":{"@id":"https:\/\/dev6.erresse-shop.it\/#\/schema\/logo\/image\/"}}]}},"df_price":159.95,"df_sale_price":159.95,"df_regular_price":249,"df_image_link":"https:\/\/i1.wp.com\/interpim.erresse-shop.it\/wp-content\/uploads\/2025\/04\/STAUB-Cocotte-Tonda-20-cm-Blu-Scuro.jpg\/staub-cocotte-tonda-20-cm-blu-scuro.jpg?resize=300,300&ssl=1","fifu_image_url":"https:\/\/interpim.erresse-shop.it\/wp-content\/uploads\/2025\/04\/STAUB-Cocotte-Tonda-20-cm-Blu-Scuro.jpg\/staub-cocotte-tonda-20-cm-blu-scuro.jpg","_links":{"self":[{"href":"https:\/\/dev6.erresse-shop.it\/fr\/wp-json\/wp\/v2\/product\/2307093","targetHints":{"allow":["GET"]}}],"collection":[{"href":"https:\/\/dev6.erresse-shop.it\/fr\/wp-json\/wp\/v2\/product"}],"about":[{"href":"https:\/\/dev6.erresse-shop.it\/fr\/wp-json\/wp\/v2\/types\/product"}],"wp:featuredmedia":[{"embeddable":true,"href":"https:\/\/dev6.erresse-shop.it\/fr\/wp-json\/wp\/v2\/media\/6380743"}],"wp:attachment":[{"href":"https:\/\/dev6.erresse-shop.it\/fr\/wp-json\/wp\/v2\/media?parent=2307093"}],"wp:term":[{"taxonomy":"product_cat","embeddable":true,"href":"https:\/\/dev6.erresse-shop.it\/fr\/wp-json\/wp\/v2\/product_cat?post=2307093"},{"taxonomy":"product_tag","embeddable":true,"href":"https:\/\/dev6.erresse-shop.it\/fr\/wp-json\/wp\/v2\/product_tag?post=2307093"}],"curies":[{"name":"wp","href":"https:\/\/api.w.org\/{rel}","templated":true}]}}