{"id":2307053,"date":"2026-04-10T15:07:45","date_gmt":"2026-04-10T13:07:45","guid":{"rendered":"https:\/\/dev6.erresse-shop.it\/shop\/non%20class\u00e9\/villeroy-boch-boston-ensemble-de-4-verres-a-vin-rouge-200-ml-lilas\/"},"modified":"2025-07-04T20:29:48","modified_gmt":"2025-07-04T18:29:48","slug":"villeroy-boch-boston-ensemble-de-4-verres-a-vin-rouge-200-ml-lilas","status":"publish","type":"product","link":"https:\/\/dev6.erresse-shop.it\/fr\/shop\/table-fr-2\/vin\/verres-a-vin\/villeroy-boch-boston-ensemble-de-4-verres-a-vin-rouge-200-ml-lilas\/","title":{"rendered":"VILLEROY &#038; BOCH Boston Ensemble de 4 verres \u00e0 vin rouge 200 ml Lilas"},"content":{"rendered":"<p class=\"chakra-heading css-1djizvy\">Verre \u00e0 vin rouge Boston\n<\/p>\n<p>Ce verre d\u2019une contenance de 200 ml est id\u00e9al pour sublimer les ar\u00f4mes complexes du vin rouge.<br \/>\nD\u00e9coratif et pratique\u00a0: ce verre \u00e0 vin rouge sublimera votre table de f\u00eate lors d\u2019occasions sp\u00e9ciales.<br \/>\nMultifonctionnel\u00a0: il s\u2019int\u00e8gre aussi bien \u00e0 un d\u00e9jeuner ou un d\u00eener quotidien qu\u2019\u00e0 des occasions sp\u00e9ciales comme un anniversaire.<br \/>\nQualit\u00e9 sup\u00e9rieure\u00a0: ce verre \u00e0 vin rouge en cristal est tr\u00e8s r\u00e9sistant et robuste.<br \/>\nCe verre robuste \u00e0 la coupe moderne s\u00e9duit par son design \u00e9l\u00e9gant qui apporte une touche \u00e9l\u00e9gante \u00e0 votre table.<br \/>\nFacile d\u2019entretien et pratique\u00a0: ce verre \u00e0 vin rouge passe au lave-vaisselle.<\/p>\n<p>Mat\u00e9riau\u00a0: cristal<br \/>\nLavable au lave-vaisselle\u00a0: oui<br \/>\nConvient au micro-ondes\u00a0: non<\/p>\n<p>Diam\u00e8tre\u00a0: 90 mm<br \/>\nHauteur\u00a0: 132 mm<br \/>\nVolume\u00a0: 200 ml<\/p>\n","protected":false},"excerpt":{"rendered":"<p>Verre \u00e0 vin rouge Boston Ce verre d\u2019une contenance de 200 ml est id\u00e9al pour sublimer les ar\u00f4mes complexes du vin rouge. D\u00e9coratif et pratique\u00a0: ce verre \u00e0 vin rouge sublimera votre table de f\u00eate lors d\u2019occasions sp\u00e9ciales. Multifonctionnel\u00a0: il s\u2019int\u00e8gre aussi bien \u00e0 un d\u00e9jeuner ou un d\u00eener quotidien qu\u2019\u00e0 des occasions sp\u00e9ciales comme [&hellip;]<\/p>\n","protected":false},"featured_media":6338990,"template":"","meta":{"_acf_changed":false},"product_cat":[11995,12078,12069,11745],"product_tag":[],"class_list":{"0":"post-2307053","1":"product","2":"type-product","3":"status-publish","4":"has-post-thumbnail","6":"product_cat-table-fr-2","7":"product_cat-verres-a-vin","8":"product_cat-vin","9":"product_cat-enoteca-bar-cavatappi-vino","11":"first","12":"instock","13":"taxable","14":"shipping-taxable","15":"product-type-simple","swatches":"rey-swatches","show_selected":"","stretch_labels":"rey-swatches--stretch-labels"},"acf":[],"yoast_head":"<!-- This site is optimized with the Yoast SEO plugin v25.4 - https:\/\/yoast.com\/wordpress\/plugins\/seo\/ -->\n<title>VILLEROY &#038; BOCH Boston Ensemble de 4 verres \u00e0 vin rouge 200 ml Lilas - dev6 Erresse<\/title>\n<meta name=\"description\" content=\"Verre \u00e0 vin rouge Boston Ce verre d\u2019une contenance de 200 ml est id\u00e9al pour sublimer les ar\u00f4mes complexes du vin rouge. D\u00e9coratif et pratique\u00a0: ce verre \u00e0\" \/>\n<meta name=\"robots\" content=\"noindex, follow, max-snippet:-1, max-image-preview:large, max-video-preview:-1\" \/>\n<meta property=\"og:locale\" content=\"fr_FR\" \/>\n<meta property=\"og:type\" content=\"article\" \/>\n<meta property=\"og:title\" content=\"VILLEROY &#038; BOCH Boston Ensemble de 4 verres \u00e0 vin rouge 200 ml Lilas - dev6 Erresse\" \/>\n<meta property=\"og:description\" content=\"Verre \u00e0 vin rouge Boston Ce verre d\u2019une contenance de 200 ml est id\u00e9al pour sublimer les ar\u00f4mes complexes du vin rouge. D\u00e9coratif et pratique\u00a0: ce verre \u00e0\" \/>\n<meta property=\"og:url\" content=\"https:\/\/dev6.erresse-shop.it\/fr\/shop\/table-fr-2\/vin\/verres-a-vin\/villeroy-boch-boston-ensemble-de-4-verres-a-vin-rouge-200-ml-lilas\/\" \/>\n<meta property=\"og:site_name\" content=\"dev6 Erresse\" \/>\n<meta property=\"og:image\" content=\"https:\/\/interpim.erresse-shop.it\/wp-content\/uploads\/2025\/05\/VILLEROY-BOCH-Boston-Set-4-Calici-Vino-Rosso-200-ml-Lilla.jpg\/villeroy-boch-boston-set-4-calici-vino-rosso-200-ml-lilla.jpg\" \/><meta property=\"og:image\" content=\"https:\/\/interpim.erresse-shop.it\/wp-content\/uploads\/2025\/05\/VILLEROY-BOCH-Boston-Set-4-Calici-Vino-Rosso-200-ml-Lilla.jpg\/villeroy-boch-boston-set-4-calici-vino-rosso-200-ml-lilla.jpg\" \/>\n\t<meta property=\"og:image:width\" content=\"1024\" \/>\n\t<meta property=\"og:image:height\" content=\"1024\" \/>\n\t<meta property=\"og:image:type\" content=\"image\/jpeg\" \/>\n<meta name=\"twitter:card\" content=\"summary_large_image\" \/>\n<meta name=\"twitter:image\" content=\"https:\/\/interpim.erresse-shop.it\/wp-content\/uploads\/2025\/05\/VILLEROY-BOCH-Boston-Set-4-Calici-Vino-Rosso-200-ml-Lilla.jpg\/villeroy-boch-boston-set-4-calici-vino-rosso-200-ml-lilla.jpg\" \/>\n<script type=\"application\/ld+json\" class=\"yoast-schema-graph\">{\"@context\":\"https:\/\/schema.org\",\"@graph\":[{\"@type\":\"WebPage\",\"@id\":\"https:\/\/dev6.erresse-shop.it\/fr\/shop\/table-fr-2\/vin\/verres-a-vin\/villeroy-boch-boston-ensemble-de-4-verres-a-vin-rouge-200-ml-lilas\/\",\"url\":\"https:\/\/dev6.erresse-shop.it\/fr\/shop\/table-fr-2\/vin\/verres-a-vin\/villeroy-boch-boston-ensemble-de-4-verres-a-vin-rouge-200-ml-lilas\/\",\"name\":\"VILLEROY &#038; BOCH Boston Ensemble de 4 verres \u00e0 vin rouge 200 ml Lilas - dev6 Erresse\",\"isPartOf\":{\"@id\":\"https:\/\/dev6.erresse-shop.it\/#website\"},\"primaryImageOfPage\":{\"@id\":\"https:\/\/dev6.erresse-shop.it\/fr\/shop\/table-fr-2\/vin\/verres-a-vin\/villeroy-boch-boston-ensemble-de-4-verres-a-vin-rouge-200-ml-lilas\/#primaryimage\"},\"image\":{\"@id\":\"https:\/\/dev6.erresse-shop.it\/fr\/shop\/table-fr-2\/vin\/verres-a-vin\/villeroy-boch-boston-ensemble-de-4-verres-a-vin-rouge-200-ml-lilas\/#primaryimage\"},\"thumbnailUrl\":\"https:\/\/i2.wp.com\/interpim.erresse-shop.it\/wp-content\/uploads\/2025\/05\/VILLEROY-BOCH-Boston-Set-4-Calici-Vino-Rosso-200-ml-Lilla.jpg\/villeroy-boch-boston-set-4-calici-vino-rosso-200-ml-lilla.jpg?ssl=1\",\"datePublished\":\"2026-04-10T13:07:45+00:00\",\"description\":\"Verre \u00e0 vin rouge Boston Ce verre d\u2019une contenance de 200 ml est id\u00e9al pour sublimer les ar\u00f4mes complexes du vin rouge. D\u00e9coratif et pratique\u00a0: ce verre \u00e0\",\"breadcrumb\":{\"@id\":\"https:\/\/dev6.erresse-shop.it\/fr\/shop\/table-fr-2\/vin\/verres-a-vin\/villeroy-boch-boston-ensemble-de-4-verres-a-vin-rouge-200-ml-lilas\/#breadcrumb\"},\"inLanguage\":\"fr-FR\",\"potentialAction\":[{\"@type\":\"ReadAction\",\"target\":[\"https:\/\/dev6.erresse-shop.it\/fr\/shop\/table-fr-2\/vin\/verres-a-vin\/villeroy-boch-boston-ensemble-de-4-verres-a-vin-rouge-200-ml-lilas\/\"]}]},{\"@type\":\"ImageObject\",\"inLanguage\":\"fr-FR\",\"@id\":\"https:\/\/dev6.erresse-shop.it\/fr\/shop\/table-fr-2\/vin\/verres-a-vin\/villeroy-boch-boston-ensemble-de-4-verres-a-vin-rouge-200-ml-lilas\/#primaryimage\",\"url\":\"https:\/\/i2.wp.com\/interpim.erresse-shop.it\/wp-content\/uploads\/2025\/05\/VILLEROY-BOCH-Boston-Set-4-Calici-Vino-Rosso-200-ml-Lilla.jpg\/villeroy-boch-boston-set-4-calici-vino-rosso-200-ml-lilla.jpg?ssl=1\",\"contentUrl\":\"https:\/\/i2.wp.com\/interpim.erresse-shop.it\/wp-content\/uploads\/2025\/05\/VILLEROY-BOCH-Boston-Set-4-Calici-Vino-Rosso-200-ml-Lilla.jpg\/villeroy-boch-boston-set-4-calici-vino-rosso-200-ml-lilla.jpg?ssl=1\"},{\"@type\":\"BreadcrumbList\",\"@id\":\"https:\/\/dev6.erresse-shop.it\/fr\/shop\/table-fr-2\/vin\/verres-a-vin\/villeroy-boch-boston-ensemble-de-4-verres-a-vin-rouge-200-ml-lilas\/#breadcrumb\",\"itemListElement\":[{\"@type\":\"ListItem\",\"position\":1,\"name\":\"Home\",\"item\":\"https:\/\/dev6.erresse-shop.it\/\"},{\"@type\":\"ListItem\",\"position\":2,\"name\":\"Boutique\",\"item\":\"https:\/\/dev6.erresse-shop.it\/shop\/\"},{\"@type\":\"ListItem\",\"position\":3,\"name\":\"VILLEROY &#038; BOCH Boston Ensemble de 4 verres \u00e0 vin rouge 200 ml Lilas\"}]},{\"@type\":\"WebSite\",\"@id\":\"https:\/\/dev6.erresse-shop.it\/#website\",\"url\":\"https:\/\/dev6.erresse-shop.it\/\",\"name\":\"Erresse Shop\",\"description\":\"\",\"publisher\":{\"@id\":\"https:\/\/dev6.erresse-shop.it\/#organization\"},\"potentialAction\":[{\"@type\":\"SearchAction\",\"target\":{\"@type\":\"EntryPoint\",\"urlTemplate\":\"https:\/\/dev6.erresse-shop.it\/?s={search_term_string}\"},\"query-input\":{\"@type\":\"PropertyValueSpecification\",\"valueRequired\":true,\"valueName\":\"search_term_string\"}}],\"inLanguage\":\"fr-FR\"},{\"@type\":\"Organization\",\"@id\":\"https:\/\/dev6.erresse-shop.it\/#organization\",\"name\":\"Erresse Shop\",\"url\":\"https:\/\/dev6.erresse-shop.it\/\",\"logo\":{\"@type\":\"ImageObject\",\"inLanguage\":\"fr-FR\",\"@id\":\"https:\/\/dev6.erresse-shop.it\/#\/schema\/logo\/image\/\",\"url\":\"https:\/\/dev6.erresse-shop.it\/wp-content\/uploads\/2025\/01\/LOGO-ERRESSE-CLASSICO.svg\",\"contentUrl\":\"https:\/\/dev6.erresse-shop.it\/wp-content\/uploads\/2025\/01\/LOGO-ERRESSE-CLASSICO.svg\",\"caption\":\"Erresse Shop\"},\"image\":{\"@id\":\"https:\/\/dev6.erresse-shop.it\/#\/schema\/logo\/image\/\"}}]}<\/script>\n<!-- \/ Yoast SEO plugin. -->","yoast_head_json":{"title":"VILLEROY &#038; BOCH Boston Ensemble de 4 verres \u00e0 vin rouge 200 ml Lilas - dev6 Erresse","description":"Verre \u00e0 vin rouge Boston Ce verre d\u2019une contenance de 200 ml est id\u00e9al pour sublimer les ar\u00f4mes complexes du vin rouge. D\u00e9coratif et pratique\u00a0: ce verre \u00e0","robots":{"index":"noindex","follow":"follow","max-snippet":"max-snippet:-1","max-image-preview":"max-image-preview:large","max-video-preview":"max-video-preview:-1"},"og_locale":"fr_FR","og_type":"article","og_title":"VILLEROY &#038; BOCH Boston Ensemble de 4 verres \u00e0 vin rouge 200 ml Lilas - dev6 Erresse","og_description":"Verre \u00e0 vin rouge Boston Ce verre d\u2019une contenance de 200 ml est id\u00e9al pour sublimer les ar\u00f4mes complexes du vin rouge. D\u00e9coratif et pratique\u00a0: ce verre \u00e0","og_url":"https:\/\/dev6.erresse-shop.it\/fr\/shop\/table-fr-2\/vin\/verres-a-vin\/villeroy-boch-boston-ensemble-de-4-verres-a-vin-rouge-200-ml-lilas\/","og_site_name":"dev6 Erresse","og_image":[{"url":"https:\/\/interpim.erresse-shop.it\/wp-content\/uploads\/2025\/05\/VILLEROY-BOCH-Boston-Set-4-Calici-Vino-Rosso-200-ml-Lilla.jpg\/villeroy-boch-boston-set-4-calici-vino-rosso-200-ml-lilla.jpg","type":"","width":"","height":""},{"url":"https:\/\/interpim.erresse-shop.it\/wp-content\/uploads\/2025\/05\/VILLEROY-BOCH-Boston-Set-4-Calici-Vino-Rosso-200-ml-Lilla.jpg\/villeroy-boch-boston-set-4-calici-vino-rosso-200-ml-lilla.jpg","width":1024,"height":1024,"type":"image\/jpeg"}],"twitter_card":"summary_large_image","twitter_image":"https:\/\/interpim.erresse-shop.it\/wp-content\/uploads\/2025\/05\/VILLEROY-BOCH-Boston-Set-4-Calici-Vino-Rosso-200-ml-Lilla.jpg\/villeroy-boch-boston-set-4-calici-vino-rosso-200-ml-lilla.jpg","schema":{"@context":"https:\/\/schema.org","@graph":[{"@type":"WebPage","@id":"https:\/\/dev6.erresse-shop.it\/fr\/shop\/table-fr-2\/vin\/verres-a-vin\/villeroy-boch-boston-ensemble-de-4-verres-a-vin-rouge-200-ml-lilas\/","url":"https:\/\/dev6.erresse-shop.it\/fr\/shop\/table-fr-2\/vin\/verres-a-vin\/villeroy-boch-boston-ensemble-de-4-verres-a-vin-rouge-200-ml-lilas\/","name":"VILLEROY &#038; BOCH Boston Ensemble de 4 verres \u00e0 vin rouge 200 ml Lilas - dev6 Erresse","isPartOf":{"@id":"https:\/\/dev6.erresse-shop.it\/#website"},"primaryImageOfPage":{"@id":"https:\/\/dev6.erresse-shop.it\/fr\/shop\/table-fr-2\/vin\/verres-a-vin\/villeroy-boch-boston-ensemble-de-4-verres-a-vin-rouge-200-ml-lilas\/#primaryimage"},"image":{"@id":"https:\/\/dev6.erresse-shop.it\/fr\/shop\/table-fr-2\/vin\/verres-a-vin\/villeroy-boch-boston-ensemble-de-4-verres-a-vin-rouge-200-ml-lilas\/#primaryimage"},"thumbnailUrl":"https:\/\/i2.wp.com\/interpim.erresse-shop.it\/wp-content\/uploads\/2025\/05\/VILLEROY-BOCH-Boston-Set-4-Calici-Vino-Rosso-200-ml-Lilla.jpg\/villeroy-boch-boston-set-4-calici-vino-rosso-200-ml-lilla.jpg?ssl=1","datePublished":"2026-04-10T13:07:45+00:00","description":"Verre \u00e0 vin rouge Boston Ce verre d\u2019une contenance de 200 ml est id\u00e9al pour sublimer les ar\u00f4mes complexes du vin rouge. D\u00e9coratif et pratique\u00a0: ce verre \u00e0","breadcrumb":{"@id":"https:\/\/dev6.erresse-shop.it\/fr\/shop\/table-fr-2\/vin\/verres-a-vin\/villeroy-boch-boston-ensemble-de-4-verres-a-vin-rouge-200-ml-lilas\/#breadcrumb"},"inLanguage":"fr-FR","potentialAction":[{"@type":"ReadAction","target":["https:\/\/dev6.erresse-shop.it\/fr\/shop\/table-fr-2\/vin\/verres-a-vin\/villeroy-boch-boston-ensemble-de-4-verres-a-vin-rouge-200-ml-lilas\/"]}]},{"@type":"ImageObject","inLanguage":"fr-FR","@id":"https:\/\/dev6.erresse-shop.it\/fr\/shop\/table-fr-2\/vin\/verres-a-vin\/villeroy-boch-boston-ensemble-de-4-verres-a-vin-rouge-200-ml-lilas\/#primaryimage","url":"https:\/\/i2.wp.com\/interpim.erresse-shop.it\/wp-content\/uploads\/2025\/05\/VILLEROY-BOCH-Boston-Set-4-Calici-Vino-Rosso-200-ml-Lilla.jpg\/villeroy-boch-boston-set-4-calici-vino-rosso-200-ml-lilla.jpg?ssl=1","contentUrl":"https:\/\/i2.wp.com\/interpim.erresse-shop.it\/wp-content\/uploads\/2025\/05\/VILLEROY-BOCH-Boston-Set-4-Calici-Vino-Rosso-200-ml-Lilla.jpg\/villeroy-boch-boston-set-4-calici-vino-rosso-200-ml-lilla.jpg?ssl=1"},{"@type":"BreadcrumbList","@id":"https:\/\/dev6.erresse-shop.it\/fr\/shop\/table-fr-2\/vin\/verres-a-vin\/villeroy-boch-boston-ensemble-de-4-verres-a-vin-rouge-200-ml-lilas\/#breadcrumb","itemListElement":[{"@type":"ListItem","position":1,"name":"Home","item":"https:\/\/dev6.erresse-shop.it\/"},{"@type":"ListItem","position":2,"name":"Boutique","item":"https:\/\/dev6.erresse-shop.it\/shop\/"},{"@type":"ListItem","position":3,"name":"VILLEROY &#038; BOCH Boston Ensemble de 4 verres \u00e0 vin rouge 200 ml Lilas"}]},{"@type":"WebSite","@id":"https:\/\/dev6.erresse-shop.it\/#website","url":"https:\/\/dev6.erresse-shop.it\/","name":"Erresse Shop","description":"","publisher":{"@id":"https:\/\/dev6.erresse-shop.it\/#organization"},"potentialAction":[{"@type":"SearchAction","target":{"@type":"EntryPoint","urlTemplate":"https:\/\/dev6.erresse-shop.it\/?s={search_term_string}"},"query-input":{"@type":"PropertyValueSpecification","valueRequired":true,"valueName":"search_term_string"}}],"inLanguage":"fr-FR"},{"@type":"Organization","@id":"https:\/\/dev6.erresse-shop.it\/#organization","name":"Erresse Shop","url":"https:\/\/dev6.erresse-shop.it\/","logo":{"@type":"ImageObject","inLanguage":"fr-FR","@id":"https:\/\/dev6.erresse-shop.it\/#\/schema\/logo\/image\/","url":"https:\/\/dev6.erresse-shop.it\/wp-content\/uploads\/2025\/01\/LOGO-ERRESSE-CLASSICO.svg","contentUrl":"https:\/\/dev6.erresse-shop.it\/wp-content\/uploads\/2025\/01\/LOGO-ERRESSE-CLASSICO.svg","caption":"Erresse Shop"},"image":{"@id":"https:\/\/dev6.erresse-shop.it\/#\/schema\/logo\/image\/"}}]}},"df_price":"","df_sale_price":"","df_regular_price":"","df_image_link":"https:\/\/i2.wp.com\/interpim.erresse-shop.it\/wp-content\/uploads\/2025\/05\/VILLEROY-BOCH-Boston-Set-4-Calici-Vino-Rosso-200-ml-Lilla.jpg\/villeroy-boch-boston-set-4-calici-vino-rosso-200-ml-lilla.jpg?resize=300,300&ssl=1","fifu_image_url":"https:\/\/interpim.erresse-shop.it\/wp-content\/uploads\/2025\/05\/VILLEROY-BOCH-Boston-Set-4-Calici-Vino-Rosso-200-ml-Lilla.jpg\/villeroy-boch-boston-set-4-calici-vino-rosso-200-ml-lilla.jpg","_links":{"self":[{"href":"https:\/\/dev6.erresse-shop.it\/fr\/wp-json\/wp\/v2\/product\/2307053","targetHints":{"allow":["GET"]}}],"collection":[{"href":"https:\/\/dev6.erresse-shop.it\/fr\/wp-json\/wp\/v2\/product"}],"about":[{"href":"https:\/\/dev6.erresse-shop.it\/fr\/wp-json\/wp\/v2\/types\/product"}],"wp:featuredmedia":[{"embeddable":true,"href":"https:\/\/dev6.erresse-shop.it\/fr\/wp-json\/wp\/v2\/media\/6338990"}],"wp:attachment":[{"href":"https:\/\/dev6.erresse-shop.it\/fr\/wp-json\/wp\/v2\/media?parent=2307053"}],"wp:term":[{"taxonomy":"product_cat","embeddable":true,"href":"https:\/\/dev6.erresse-shop.it\/fr\/wp-json\/wp\/v2\/product_cat?post=2307053"},{"taxonomy":"product_tag","embeddable":true,"href":"https:\/\/dev6.erresse-shop.it\/fr\/wp-json\/wp\/v2\/product_tag?post=2307053"}],"curies":[{"name":"wp","href":"https:\/\/api.w.org\/{rel}","templated":true}]}}