{"id":2307047,"date":"2026-04-12T14:29:03","date_gmt":"2026-04-12T12:29:03","guid":{"rendered":"https:\/\/dev6.erresse-shop.it\/shop\/non%20class\u00e9\/villeroy-boch-lave-saladier-vert\/"},"modified":"2025-07-04T20:29:33","modified_gmt":"2025-07-04T18:29:33","slug":"villeroy-boch-lave-saladier-vert","status":"publish","type":"product","link":"https:\/\/dev6.erresse-shop.it\/fr\/shop\/table-fr-2\/saladiers-et-soupieres\/villeroy-boch-lave-saladier-vert\/","title":{"rendered":"VILLEROY &#038; BOCH Lave Saladier Vert"},"content":{"rendered":"<p>Lave Saladier<\/p>\n<p>Magnifique \u00e9l\u00e9ment d\u00e9coratif et fonctionnel\u00a0: avec ses dimensions de 25,5 x 25,4 x 10,7\u00a0cm, ce saladier est id\u00e9al pour servir des ap\u00e9ritifs ou des collations.<br \/>\nJeu de couleurs harmonieux\u00a0: l\u2019\u00e9mail r\u00e9actif cr\u00e9e des nuances de couleurs d\u00e9licates et organiques qui rendent chaque pi\u00e8ce unique.<br \/>\nNaturel et individuel\u00a0: les couleurs harmonieuses de la collection Lave rendent chaque table unique.<\/p>\n<p>Mat\u00e9riau\u00a0: Terre cuite<br \/>\nLave-vaisselle\u00a0: oui<br \/>\nAdapt\u00e9 au micro-ondes\u00a0: oui<\/p>\n<p>Dimensions\u00a0:<\/p>\n<p>Hauteur\u00a0:107\u00a0mm<br \/>\nVolume\u00a0:2\u00a0200 ml<\/p>\n","protected":false},"excerpt":{"rendered":"<p>Lave Saladier Magnifique \u00e9l\u00e9ment d\u00e9coratif et fonctionnel\u00a0: avec ses dimensions de 25,5 x 25,4 x 10,7\u00a0cm, ce saladier est id\u00e9al pour servir des ap\u00e9ritifs ou des collations. Jeu de couleurs harmonieux\u00a0: l\u2019\u00e9mail r\u00e9actif cr\u00e9e des nuances de couleurs d\u00e9licates et organiques qui rendent chaque pi\u00e8ce unique. Naturel et individuel\u00a0: les couleurs harmonieuses de la collection [&hellip;]<\/p>\n","protected":false},"featured_media":6380607,"template":"","meta":{"_acf_changed":false},"product_cat":[12016,11995],"product_tag":[],"class_list":{"0":"post-2307047","1":"product","2":"type-product","3":"status-publish","4":"has-post-thumbnail","6":"product_cat-saladiers-et-soupieres","7":"product_cat-table-fr-2","9":"first","10":"instock","11":"taxable","12":"shipping-taxable","13":"product-type-simple","swatches":"rey-swatches","show_selected":"","stretch_labels":"rey-swatches--stretch-labels"},"acf":[],"yoast_head":"<!-- This site is optimized with the Yoast SEO plugin v25.4 - https:\/\/yoast.com\/wordpress\/plugins\/seo\/ -->\n<title>VILLEROY &#038; BOCH Lave Saladier Vert - dev6 Erresse<\/title>\n<meta name=\"description\" content=\"Lave Saladier Magnifique \u00e9l\u00e9ment d\u00e9coratif et fonctionnel\u00a0: avec ses dimensions de 25,5 x 25,4 x 10,7\u00a0cm, ce saladier est id\u00e9al pour servir des ap\u00e9ritifs\" \/>\n<meta name=\"robots\" content=\"noindex, follow, max-snippet:-1, max-image-preview:large, max-video-preview:-1\" \/>\n<meta property=\"og:locale\" content=\"fr_FR\" \/>\n<meta property=\"og:type\" content=\"article\" \/>\n<meta property=\"og:title\" content=\"VILLEROY &#038; BOCH Lave Saladier Vert - dev6 Erresse\" \/>\n<meta property=\"og:description\" content=\"Lave Saladier Magnifique \u00e9l\u00e9ment d\u00e9coratif et fonctionnel\u00a0: avec ses dimensions de 25,5 x 25,4 x 10,7\u00a0cm, ce saladier est id\u00e9al pour servir des ap\u00e9ritifs\" \/>\n<meta property=\"og:url\" content=\"https:\/\/dev6.erresse-shop.it\/fr\/shop\/table-fr-2\/saladiers-et-soupieres\/villeroy-boch-lave-saladier-vert\/\" \/>\n<meta property=\"og:site_name\" content=\"dev6 Erresse\" \/>\n<meta property=\"og:image\" content=\"https:\/\/interpim.erresse-shop.it\/wp-content\/uploads\/2025\/05\/VILLEROY-BOCH-Lave-Insalatiera-Verde.jpg\/villeroy-boch-lave-insalatiera-verde.jpg\" \/><meta property=\"og:image\" content=\"https:\/\/interpim.erresse-shop.it\/wp-content\/uploads\/2025\/05\/VILLEROY-BOCH-Lave-Insalatiera-Verde.jpg\/villeroy-boch-lave-insalatiera-verde.jpg\" \/>\n\t<meta property=\"og:image:width\" content=\"1024\" \/>\n\t<meta property=\"og:image:height\" content=\"1024\" \/>\n\t<meta property=\"og:image:type\" content=\"image\/jpeg\" \/>\n<meta name=\"twitter:card\" content=\"summary_large_image\" \/>\n<meta name=\"twitter:image\" content=\"https:\/\/interpim.erresse-shop.it\/wp-content\/uploads\/2025\/05\/VILLEROY-BOCH-Lave-Insalatiera-Verde.jpg\/villeroy-boch-lave-insalatiera-verde.jpg\" \/>\n<script type=\"application\/ld+json\" class=\"yoast-schema-graph\">{\"@context\":\"https:\/\/schema.org\",\"@graph\":[{\"@type\":\"WebPage\",\"@id\":\"https:\/\/dev6.erresse-shop.it\/fr\/shop\/table-fr-2\/saladiers-et-soupieres\/villeroy-boch-lave-saladier-vert\/\",\"url\":\"https:\/\/dev6.erresse-shop.it\/fr\/shop\/table-fr-2\/saladiers-et-soupieres\/villeroy-boch-lave-saladier-vert\/\",\"name\":\"VILLEROY &#038; BOCH Lave Saladier Vert - dev6 Erresse\",\"isPartOf\":{\"@id\":\"https:\/\/dev6.erresse-shop.it\/#website\"},\"primaryImageOfPage\":{\"@id\":\"https:\/\/dev6.erresse-shop.it\/fr\/shop\/table-fr-2\/saladiers-et-soupieres\/villeroy-boch-lave-saladier-vert\/#primaryimage\"},\"image\":{\"@id\":\"https:\/\/dev6.erresse-shop.it\/fr\/shop\/table-fr-2\/saladiers-et-soupieres\/villeroy-boch-lave-saladier-vert\/#primaryimage\"},\"thumbnailUrl\":\"https:\/\/i2.wp.com\/interpim.erresse-shop.it\/wp-content\/uploads\/2025\/05\/VILLEROY-BOCH-Lave-Insalatiera-Verde.jpg\/villeroy-boch-lave-insalatiera-verde.jpg?ssl=1\",\"datePublished\":\"2026-04-12T12:29:03+00:00\",\"description\":\"Lave Saladier Magnifique \u00e9l\u00e9ment d\u00e9coratif et fonctionnel\u00a0: avec ses dimensions de 25,5 x 25,4 x 10,7\u00a0cm, ce saladier est id\u00e9al pour servir des ap\u00e9ritifs\",\"breadcrumb\":{\"@id\":\"https:\/\/dev6.erresse-shop.it\/fr\/shop\/table-fr-2\/saladiers-et-soupieres\/villeroy-boch-lave-saladier-vert\/#breadcrumb\"},\"inLanguage\":\"fr-FR\",\"potentialAction\":[{\"@type\":\"ReadAction\",\"target\":[\"https:\/\/dev6.erresse-shop.it\/fr\/shop\/table-fr-2\/saladiers-et-soupieres\/villeroy-boch-lave-saladier-vert\/\"]}]},{\"@type\":\"ImageObject\",\"inLanguage\":\"fr-FR\",\"@id\":\"https:\/\/dev6.erresse-shop.it\/fr\/shop\/table-fr-2\/saladiers-et-soupieres\/villeroy-boch-lave-saladier-vert\/#primaryimage\",\"url\":\"https:\/\/i2.wp.com\/interpim.erresse-shop.it\/wp-content\/uploads\/2025\/05\/VILLEROY-BOCH-Lave-Insalatiera-Verde.jpg\/villeroy-boch-lave-insalatiera-verde.jpg?ssl=1\",\"contentUrl\":\"https:\/\/i2.wp.com\/interpim.erresse-shop.it\/wp-content\/uploads\/2025\/05\/VILLEROY-BOCH-Lave-Insalatiera-Verde.jpg\/villeroy-boch-lave-insalatiera-verde.jpg?ssl=1\"},{\"@type\":\"BreadcrumbList\",\"@id\":\"https:\/\/dev6.erresse-shop.it\/fr\/shop\/table-fr-2\/saladiers-et-soupieres\/villeroy-boch-lave-saladier-vert\/#breadcrumb\",\"itemListElement\":[{\"@type\":\"ListItem\",\"position\":1,\"name\":\"Home\",\"item\":\"https:\/\/dev6.erresse-shop.it\/\"},{\"@type\":\"ListItem\",\"position\":2,\"name\":\"Boutique\",\"item\":\"https:\/\/dev6.erresse-shop.it\/shop\/\"},{\"@type\":\"ListItem\",\"position\":3,\"name\":\"VILLEROY &#038; BOCH Lave Saladier Vert\"}]},{\"@type\":\"WebSite\",\"@id\":\"https:\/\/dev6.erresse-shop.it\/#website\",\"url\":\"https:\/\/dev6.erresse-shop.it\/\",\"name\":\"Erresse Shop\",\"description\":\"\",\"publisher\":{\"@id\":\"https:\/\/dev6.erresse-shop.it\/#organization\"},\"potentialAction\":[{\"@type\":\"SearchAction\",\"target\":{\"@type\":\"EntryPoint\",\"urlTemplate\":\"https:\/\/dev6.erresse-shop.it\/?s={search_term_string}\"},\"query-input\":{\"@type\":\"PropertyValueSpecification\",\"valueRequired\":true,\"valueName\":\"search_term_string\"}}],\"inLanguage\":\"fr-FR\"},{\"@type\":\"Organization\",\"@id\":\"https:\/\/dev6.erresse-shop.it\/#organization\",\"name\":\"Erresse Shop\",\"url\":\"https:\/\/dev6.erresse-shop.it\/\",\"logo\":{\"@type\":\"ImageObject\",\"inLanguage\":\"fr-FR\",\"@id\":\"https:\/\/dev6.erresse-shop.it\/#\/schema\/logo\/image\/\",\"url\":\"https:\/\/dev6.erresse-shop.it\/wp-content\/uploads\/2025\/01\/LOGO-ERRESSE-CLASSICO.svg\",\"contentUrl\":\"https:\/\/dev6.erresse-shop.it\/wp-content\/uploads\/2025\/01\/LOGO-ERRESSE-CLASSICO.svg\",\"caption\":\"Erresse Shop\"},\"image\":{\"@id\":\"https:\/\/dev6.erresse-shop.it\/#\/schema\/logo\/image\/\"}}]}<\/script>\n<!-- \/ Yoast SEO plugin. -->","yoast_head_json":{"title":"VILLEROY &#038; BOCH Lave Saladier Vert - dev6 Erresse","description":"Lave Saladier Magnifique \u00e9l\u00e9ment d\u00e9coratif et fonctionnel\u00a0: avec ses dimensions de 25,5 x 25,4 x 10,7\u00a0cm, ce saladier est id\u00e9al pour servir des ap\u00e9ritifs","robots":{"index":"noindex","follow":"follow","max-snippet":"max-snippet:-1","max-image-preview":"max-image-preview:large","max-video-preview":"max-video-preview:-1"},"og_locale":"fr_FR","og_type":"article","og_title":"VILLEROY &#038; BOCH Lave Saladier Vert - dev6 Erresse","og_description":"Lave Saladier Magnifique \u00e9l\u00e9ment d\u00e9coratif et fonctionnel\u00a0: avec ses dimensions de 25,5 x 25,4 x 10,7\u00a0cm, ce saladier est id\u00e9al pour servir des ap\u00e9ritifs","og_url":"https:\/\/dev6.erresse-shop.it\/fr\/shop\/table-fr-2\/saladiers-et-soupieres\/villeroy-boch-lave-saladier-vert\/","og_site_name":"dev6 Erresse","og_image":[{"url":"https:\/\/interpim.erresse-shop.it\/wp-content\/uploads\/2025\/05\/VILLEROY-BOCH-Lave-Insalatiera-Verde.jpg\/villeroy-boch-lave-insalatiera-verde.jpg","type":"","width":"","height":""},{"url":"https:\/\/interpim.erresse-shop.it\/wp-content\/uploads\/2025\/05\/VILLEROY-BOCH-Lave-Insalatiera-Verde.jpg\/villeroy-boch-lave-insalatiera-verde.jpg","width":1024,"height":1024,"type":"image\/jpeg"}],"twitter_card":"summary_large_image","twitter_image":"https:\/\/interpim.erresse-shop.it\/wp-content\/uploads\/2025\/05\/VILLEROY-BOCH-Lave-Insalatiera-Verde.jpg\/villeroy-boch-lave-insalatiera-verde.jpg","schema":{"@context":"https:\/\/schema.org","@graph":[{"@type":"WebPage","@id":"https:\/\/dev6.erresse-shop.it\/fr\/shop\/table-fr-2\/saladiers-et-soupieres\/villeroy-boch-lave-saladier-vert\/","url":"https:\/\/dev6.erresse-shop.it\/fr\/shop\/table-fr-2\/saladiers-et-soupieres\/villeroy-boch-lave-saladier-vert\/","name":"VILLEROY &#038; BOCH Lave Saladier Vert - dev6 Erresse","isPartOf":{"@id":"https:\/\/dev6.erresse-shop.it\/#website"},"primaryImageOfPage":{"@id":"https:\/\/dev6.erresse-shop.it\/fr\/shop\/table-fr-2\/saladiers-et-soupieres\/villeroy-boch-lave-saladier-vert\/#primaryimage"},"image":{"@id":"https:\/\/dev6.erresse-shop.it\/fr\/shop\/table-fr-2\/saladiers-et-soupieres\/villeroy-boch-lave-saladier-vert\/#primaryimage"},"thumbnailUrl":"https:\/\/i2.wp.com\/interpim.erresse-shop.it\/wp-content\/uploads\/2025\/05\/VILLEROY-BOCH-Lave-Insalatiera-Verde.jpg\/villeroy-boch-lave-insalatiera-verde.jpg?ssl=1","datePublished":"2026-04-12T12:29:03+00:00","description":"Lave Saladier Magnifique \u00e9l\u00e9ment d\u00e9coratif et fonctionnel\u00a0: avec ses dimensions de 25,5 x 25,4 x 10,7\u00a0cm, ce saladier est id\u00e9al pour servir des ap\u00e9ritifs","breadcrumb":{"@id":"https:\/\/dev6.erresse-shop.it\/fr\/shop\/table-fr-2\/saladiers-et-soupieres\/villeroy-boch-lave-saladier-vert\/#breadcrumb"},"inLanguage":"fr-FR","potentialAction":[{"@type":"ReadAction","target":["https:\/\/dev6.erresse-shop.it\/fr\/shop\/table-fr-2\/saladiers-et-soupieres\/villeroy-boch-lave-saladier-vert\/"]}]},{"@type":"ImageObject","inLanguage":"fr-FR","@id":"https:\/\/dev6.erresse-shop.it\/fr\/shop\/table-fr-2\/saladiers-et-soupieres\/villeroy-boch-lave-saladier-vert\/#primaryimage","url":"https:\/\/i2.wp.com\/interpim.erresse-shop.it\/wp-content\/uploads\/2025\/05\/VILLEROY-BOCH-Lave-Insalatiera-Verde.jpg\/villeroy-boch-lave-insalatiera-verde.jpg?ssl=1","contentUrl":"https:\/\/i2.wp.com\/interpim.erresse-shop.it\/wp-content\/uploads\/2025\/05\/VILLEROY-BOCH-Lave-Insalatiera-Verde.jpg\/villeroy-boch-lave-insalatiera-verde.jpg?ssl=1"},{"@type":"BreadcrumbList","@id":"https:\/\/dev6.erresse-shop.it\/fr\/shop\/table-fr-2\/saladiers-et-soupieres\/villeroy-boch-lave-saladier-vert\/#breadcrumb","itemListElement":[{"@type":"ListItem","position":1,"name":"Home","item":"https:\/\/dev6.erresse-shop.it\/"},{"@type":"ListItem","position":2,"name":"Boutique","item":"https:\/\/dev6.erresse-shop.it\/shop\/"},{"@type":"ListItem","position":3,"name":"VILLEROY &#038; BOCH Lave Saladier Vert"}]},{"@type":"WebSite","@id":"https:\/\/dev6.erresse-shop.it\/#website","url":"https:\/\/dev6.erresse-shop.it\/","name":"Erresse Shop","description":"","publisher":{"@id":"https:\/\/dev6.erresse-shop.it\/#organization"},"potentialAction":[{"@type":"SearchAction","target":{"@type":"EntryPoint","urlTemplate":"https:\/\/dev6.erresse-shop.it\/?s={search_term_string}"},"query-input":{"@type":"PropertyValueSpecification","valueRequired":true,"valueName":"search_term_string"}}],"inLanguage":"fr-FR"},{"@type":"Organization","@id":"https:\/\/dev6.erresse-shop.it\/#organization","name":"Erresse Shop","url":"https:\/\/dev6.erresse-shop.it\/","logo":{"@type":"ImageObject","inLanguage":"fr-FR","@id":"https:\/\/dev6.erresse-shop.it\/#\/schema\/logo\/image\/","url":"https:\/\/dev6.erresse-shop.it\/wp-content\/uploads\/2025\/01\/LOGO-ERRESSE-CLASSICO.svg","contentUrl":"https:\/\/dev6.erresse-shop.it\/wp-content\/uploads\/2025\/01\/LOGO-ERRESSE-CLASSICO.svg","caption":"Erresse Shop"},"image":{"@id":"https:\/\/dev6.erresse-shop.it\/#\/schema\/logo\/image\/"}}]}},"df_price":"","df_sale_price":"","df_regular_price":"","df_image_link":"https:\/\/i2.wp.com\/interpim.erresse-shop.it\/wp-content\/uploads\/2025\/05\/VILLEROY-BOCH-Lave-Insalatiera-Verde.jpg\/villeroy-boch-lave-insalatiera-verde.jpg?resize=300,300&ssl=1","fifu_image_url":"https:\/\/interpim.erresse-shop.it\/wp-content\/uploads\/2025\/05\/VILLEROY-BOCH-Lave-Insalatiera-Verde.jpg\/villeroy-boch-lave-insalatiera-verde.jpg","_links":{"self":[{"href":"https:\/\/dev6.erresse-shop.it\/fr\/wp-json\/wp\/v2\/product\/2307047","targetHints":{"allow":["GET"]}}],"collection":[{"href":"https:\/\/dev6.erresse-shop.it\/fr\/wp-json\/wp\/v2\/product"}],"about":[{"href":"https:\/\/dev6.erresse-shop.it\/fr\/wp-json\/wp\/v2\/types\/product"}],"wp:featuredmedia":[{"embeddable":true,"href":"https:\/\/dev6.erresse-shop.it\/fr\/wp-json\/wp\/v2\/media\/6380607"}],"wp:attachment":[{"href":"https:\/\/dev6.erresse-shop.it\/fr\/wp-json\/wp\/v2\/media?parent=2307047"}],"wp:term":[{"taxonomy":"product_cat","embeddable":true,"href":"https:\/\/dev6.erresse-shop.it\/fr\/wp-json\/wp\/v2\/product_cat?post=2307047"},{"taxonomy":"product_tag","embeddable":true,"href":"https:\/\/dev6.erresse-shop.it\/fr\/wp-json\/wp\/v2\/product_tag?post=2307047"}],"curies":[{"name":"wp","href":"https:\/\/api.w.org\/{rel}","templated":true}]}}