{"id":2307021,"date":"2026-04-12T14:26:06","date_gmt":"2026-04-12T12:26:06","guid":{"rendered":"https:\/\/dev6.erresse-shop.it\/shop\/non%20class\u00e9\/gastrolux-pot-induction-28-cm\/"},"modified":"2026-02-05T18:36:46","modified_gmt":"2026-02-05T17:36:46","slug":"gastrolux-pot-induction-28-cm","status":"publish","type":"product","link":"https:\/\/dev6.erresse-shop.it\/fr\/shop\/poeles-pots\/casseroles\/gastrolux-pot-induction-28-cm\/","title":{"rendered":"GASTROLUX Pot Induction 28 cm"},"content":{"rendered":"<p>Gastrolux est la premi\u00e8re ligne d\u2019ustensiles de cuisine r\u00e9alis\u00e9e gr\u00e2ce \u00e0 l\u2019application de la Nano Technologie, d\u00e9j\u00e0 utilis\u00e9e en astrophysique et en chirurgie.<\/p>\n<p>Ce syst\u00e8me innovant et tr\u00e8s performant consiste \u00e0 projeter des microparticules sur la surface \u00e0 traiter \u00e0 une vitesse deux fois sup\u00e9rieure \u00e0 celle du son et \u00e0 des temp\u00e9ratures extr\u00eamement \u00e9lev\u00e9es. Cette technologie mol\u00e9culaire est enrichie en BIOTAN : un traitement de surface antiadh\u00e9sif \u00e0 base de bioorganismes naturels qui garantit une duret\u00e9 extraordinaire et une grande r\u00e9sistance \u00e0 l\u2019absorption d\u2019huile, cr\u00e9ant un syst\u00e8me de cuisson pratique et sain pour une cuisine nutritive et savoureuse.<\/p>\n<p>R\u00e9sistantes et ind\u00e9formables, les po\u00eales Gastrolux disposent d\u2019un excellent rev\u00eatement antiadh\u00e9sif en titane et sont parfaites pour cuisiner avec tr\u00e8s peu de mati\u00e8re grasse.<\/p>\n<p>Caract\u00e9ristiques techniques :<\/p>\n<p>Base thermique ind\u00e9formable pour une distribution uniforme de la chaleur, avec des \u00e9conomies d\u2019\u00e9nergie importantes<br \/>\nMoulage en aluminium de forte \u00e9paisseur (9 mm)<br \/>\nPas de fum\u00e9es pendant la cuisson<br \/>\nBord renforc\u00e9 absorbant les chocs avec une prise confortable suppl\u00e9mentaire<br \/>\nLes poign\u00e9es et les boutons r\u00e9sistent au four jusqu\u2019\u00e0 260\u00b0<br \/>\nPoign\u00e9e amovible brevet\u00e9e sans vis ni rivets<br \/>\nConvient aux sources de chaleur suivantes : gaz, four, plaque \u00e9lectrique, vitroc\u00e9ramique et INDUCTION<\/p>\n","protected":false},"excerpt":{"rendered":"<p>Gastrolux est la premi\u00e8re ligne d\u2019ustensiles de cuisine r\u00e9alis\u00e9e gr\u00e2ce \u00e0 l\u2019application de la Nano Technologie, d\u00e9j\u00e0 utilis\u00e9e en astrophysique et en chirurgie. Ce syst\u00e8me innovant et tr\u00e8s performant consiste \u00e0 projeter des microparticules sur la surface \u00e0 traiter \u00e0 une vitesse deux fois sup\u00e9rieure \u00e0 celle du son et \u00e0 des temp\u00e9ratures extr\u00eamement \u00e9lev\u00e9es. [&hellip;]<\/p>\n","protected":false},"featured_media":6380547,"template":"","meta":{"_acf_changed":false},"product_cat":[12001,11991],"product_tag":[],"class_list":{"0":"post-2307021","1":"product","2":"type-product","3":"status-publish","4":"has-post-thumbnail","6":"product_cat-casseroles","7":"product_cat-poeles-pots","9":"first","10":"instock","11":"sale","12":"taxable","13":"shipping-taxable","14":"purchasable","15":"product-type-simple","swatches":"rey-swatches","show_selected":"","stretch_labels":"rey-swatches--stretch-labels"},"acf":[],"yoast_head":"<!-- This site is optimized with the Yoast SEO plugin v25.4 - https:\/\/yoast.com\/wordpress\/plugins\/seo\/ -->\n<title>GASTROLUX Pot Induction 28 cm - dev6 Erresse<\/title>\n<meta name=\"description\" content=\"Gastrolux est la premi\u00e8re ligne d\u2019ustensiles de cuisine r\u00e9alis\u00e9e gr\u00e2ce \u00e0 l\u2019application de la Nano Technologie, d\u00e9j\u00e0 utilis\u00e9e en astrophysique et en\" \/>\n<meta name=\"robots\" content=\"noindex, follow, max-snippet:-1, max-image-preview:large, max-video-preview:-1\" \/>\n<meta property=\"og:locale\" content=\"fr_FR\" \/>\n<meta property=\"og:type\" content=\"article\" \/>\n<meta property=\"og:title\" content=\"GASTROLUX Pot Induction 28 cm - dev6 Erresse\" \/>\n<meta property=\"og:description\" content=\"Gastrolux est la premi\u00e8re ligne d\u2019ustensiles de cuisine r\u00e9alis\u00e9e gr\u00e2ce \u00e0 l\u2019application de la Nano Technologie, d\u00e9j\u00e0 utilis\u00e9e en astrophysique et en\" \/>\n<meta property=\"og:url\" content=\"https:\/\/dev6.erresse-shop.it\/fr\/shop\/poeles-pots\/casseroles\/gastrolux-pot-induction-28-cm\/\" \/>\n<meta property=\"og:site_name\" content=\"dev6 Erresse\" \/>\n<meta property=\"og:image\" content=\"https:\/\/interpim.erresse-shop.it\/wp-content\/uploads\/2025\/04\/GASTROLUX-Pentola-Induzione-28-cm.jpg\/gastrolux-pentola-induzione-28-cm.jpg\" \/><meta property=\"og:image\" content=\"https:\/\/interpim.erresse-shop.it\/wp-content\/uploads\/2025\/04\/GASTROLUX-Pentola-Induzione-28-cm.jpg\/gastrolux-pentola-induzione-28-cm.jpg\" \/>\n\t<meta property=\"og:image:width\" content=\"1024\" \/>\n\t<meta property=\"og:image:height\" content=\"1024\" \/>\n\t<meta property=\"og:image:type\" content=\"image\/jpeg\" \/>\n<meta name=\"twitter:card\" content=\"summary_large_image\" \/>\n<meta name=\"twitter:image\" content=\"https:\/\/interpim.erresse-shop.it\/wp-content\/uploads\/2025\/04\/GASTROLUX-Pentola-Induzione-28-cm.jpg\/gastrolux-pentola-induzione-28-cm.jpg\" \/>\n<script type=\"application\/ld+json\" class=\"yoast-schema-graph\">{\"@context\":\"https:\/\/schema.org\",\"@graph\":[{\"@type\":\"WebPage\",\"@id\":\"https:\/\/dev6.erresse-shop.it\/fr\/shop\/poeles-pots\/casseroles\/gastrolux-pot-induction-28-cm\/\",\"url\":\"https:\/\/dev6.erresse-shop.it\/fr\/shop\/poeles-pots\/casseroles\/gastrolux-pot-induction-28-cm\/\",\"name\":\"GASTROLUX Pot Induction 28 cm - dev6 Erresse\",\"isPartOf\":{\"@id\":\"https:\/\/dev6.erresse-shop.it\/#website\"},\"primaryImageOfPage\":{\"@id\":\"https:\/\/dev6.erresse-shop.it\/fr\/shop\/poeles-pots\/casseroles\/gastrolux-pot-induction-28-cm\/#primaryimage\"},\"image\":{\"@id\":\"https:\/\/dev6.erresse-shop.it\/fr\/shop\/poeles-pots\/casseroles\/gastrolux-pot-induction-28-cm\/#primaryimage\"},\"thumbnailUrl\":\"https:\/\/i0.wp.com\/interpim.erresse-shop.it\/wp-content\/uploads\/2025\/04\/GASTROLUX-Pentola-Induzione-28-cm.jpg\/gastrolux-pentola-induzione-28-cm.jpg?ssl=1\",\"datePublished\":\"2026-04-12T12:26:06+00:00\",\"description\":\"Gastrolux est la premi\u00e8re ligne d\u2019ustensiles de cuisine r\u00e9alis\u00e9e gr\u00e2ce \u00e0 l\u2019application de la Nano Technologie, d\u00e9j\u00e0 utilis\u00e9e en astrophysique et en\",\"breadcrumb\":{\"@id\":\"https:\/\/dev6.erresse-shop.it\/fr\/shop\/poeles-pots\/casseroles\/gastrolux-pot-induction-28-cm\/#breadcrumb\"},\"inLanguage\":\"fr-FR\",\"potentialAction\":[{\"@type\":\"ReadAction\",\"target\":[\"https:\/\/dev6.erresse-shop.it\/fr\/shop\/poeles-pots\/casseroles\/gastrolux-pot-induction-28-cm\/\"]}]},{\"@type\":\"ImageObject\",\"inLanguage\":\"fr-FR\",\"@id\":\"https:\/\/dev6.erresse-shop.it\/fr\/shop\/poeles-pots\/casseroles\/gastrolux-pot-induction-28-cm\/#primaryimage\",\"url\":\"https:\/\/i0.wp.com\/interpim.erresse-shop.it\/wp-content\/uploads\/2025\/04\/GASTROLUX-Pentola-Induzione-28-cm.jpg\/gastrolux-pentola-induzione-28-cm.jpg?ssl=1\",\"contentUrl\":\"https:\/\/i0.wp.com\/interpim.erresse-shop.it\/wp-content\/uploads\/2025\/04\/GASTROLUX-Pentola-Induzione-28-cm.jpg\/gastrolux-pentola-induzione-28-cm.jpg?ssl=1\"},{\"@type\":\"BreadcrumbList\",\"@id\":\"https:\/\/dev6.erresse-shop.it\/fr\/shop\/poeles-pots\/casseroles\/gastrolux-pot-induction-28-cm\/#breadcrumb\",\"itemListElement\":[{\"@type\":\"ListItem\",\"position\":1,\"name\":\"Home\",\"item\":\"https:\/\/dev6.erresse-shop.it\/\"},{\"@type\":\"ListItem\",\"position\":2,\"name\":\"Boutique\",\"item\":\"https:\/\/dev6.erresse-shop.it\/shop\/\"},{\"@type\":\"ListItem\",\"position\":3,\"name\":\"GASTROLUX Pot Induction 28 cm\"}]},{\"@type\":\"WebSite\",\"@id\":\"https:\/\/dev6.erresse-shop.it\/#website\",\"url\":\"https:\/\/dev6.erresse-shop.it\/\",\"name\":\"Erresse Shop\",\"description\":\"\",\"publisher\":{\"@id\":\"https:\/\/dev6.erresse-shop.it\/#organization\"},\"potentialAction\":[{\"@type\":\"SearchAction\",\"target\":{\"@type\":\"EntryPoint\",\"urlTemplate\":\"https:\/\/dev6.erresse-shop.it\/?s={search_term_string}\"},\"query-input\":{\"@type\":\"PropertyValueSpecification\",\"valueRequired\":true,\"valueName\":\"search_term_string\"}}],\"inLanguage\":\"fr-FR\"},{\"@type\":\"Organization\",\"@id\":\"https:\/\/dev6.erresse-shop.it\/#organization\",\"name\":\"Erresse Shop\",\"url\":\"https:\/\/dev6.erresse-shop.it\/\",\"logo\":{\"@type\":\"ImageObject\",\"inLanguage\":\"fr-FR\",\"@id\":\"https:\/\/dev6.erresse-shop.it\/#\/schema\/logo\/image\/\",\"url\":\"https:\/\/dev6.erresse-shop.it\/wp-content\/uploads\/2025\/01\/LOGO-ERRESSE-CLASSICO.svg\",\"contentUrl\":\"https:\/\/dev6.erresse-shop.it\/wp-content\/uploads\/2025\/01\/LOGO-ERRESSE-CLASSICO.svg\",\"caption\":\"Erresse Shop\"},\"image\":{\"@id\":\"https:\/\/dev6.erresse-shop.it\/#\/schema\/logo\/image\/\"}}]}<\/script>\n<!-- \/ Yoast SEO plugin. -->","yoast_head_json":{"title":"GASTROLUX Pot Induction 28 cm - dev6 Erresse","description":"Gastrolux est la premi\u00e8re ligne d\u2019ustensiles de cuisine r\u00e9alis\u00e9e gr\u00e2ce \u00e0 l\u2019application de la Nano Technologie, d\u00e9j\u00e0 utilis\u00e9e en astrophysique et en","robots":{"index":"noindex","follow":"follow","max-snippet":"max-snippet:-1","max-image-preview":"max-image-preview:large","max-video-preview":"max-video-preview:-1"},"og_locale":"fr_FR","og_type":"article","og_title":"GASTROLUX Pot Induction 28 cm - dev6 Erresse","og_description":"Gastrolux est la premi\u00e8re ligne d\u2019ustensiles de cuisine r\u00e9alis\u00e9e gr\u00e2ce \u00e0 l\u2019application de la Nano Technologie, d\u00e9j\u00e0 utilis\u00e9e en astrophysique et en","og_url":"https:\/\/dev6.erresse-shop.it\/fr\/shop\/poeles-pots\/casseroles\/gastrolux-pot-induction-28-cm\/","og_site_name":"dev6 Erresse","og_image":[{"url":"https:\/\/interpim.erresse-shop.it\/wp-content\/uploads\/2025\/04\/GASTROLUX-Pentola-Induzione-28-cm.jpg\/gastrolux-pentola-induzione-28-cm.jpg","type":"","width":"","height":""},{"url":"https:\/\/interpim.erresse-shop.it\/wp-content\/uploads\/2025\/04\/GASTROLUX-Pentola-Induzione-28-cm.jpg\/gastrolux-pentola-induzione-28-cm.jpg","width":1024,"height":1024,"type":"image\/jpeg"}],"twitter_card":"summary_large_image","twitter_image":"https:\/\/interpim.erresse-shop.it\/wp-content\/uploads\/2025\/04\/GASTROLUX-Pentola-Induzione-28-cm.jpg\/gastrolux-pentola-induzione-28-cm.jpg","schema":{"@context":"https:\/\/schema.org","@graph":[{"@type":"WebPage","@id":"https:\/\/dev6.erresse-shop.it\/fr\/shop\/poeles-pots\/casseroles\/gastrolux-pot-induction-28-cm\/","url":"https:\/\/dev6.erresse-shop.it\/fr\/shop\/poeles-pots\/casseroles\/gastrolux-pot-induction-28-cm\/","name":"GASTROLUX Pot Induction 28 cm - dev6 Erresse","isPartOf":{"@id":"https:\/\/dev6.erresse-shop.it\/#website"},"primaryImageOfPage":{"@id":"https:\/\/dev6.erresse-shop.it\/fr\/shop\/poeles-pots\/casseroles\/gastrolux-pot-induction-28-cm\/#primaryimage"},"image":{"@id":"https:\/\/dev6.erresse-shop.it\/fr\/shop\/poeles-pots\/casseroles\/gastrolux-pot-induction-28-cm\/#primaryimage"},"thumbnailUrl":"https:\/\/i0.wp.com\/interpim.erresse-shop.it\/wp-content\/uploads\/2025\/04\/GASTROLUX-Pentola-Induzione-28-cm.jpg\/gastrolux-pentola-induzione-28-cm.jpg?ssl=1","datePublished":"2026-04-12T12:26:06+00:00","description":"Gastrolux est la premi\u00e8re ligne d\u2019ustensiles de cuisine r\u00e9alis\u00e9e gr\u00e2ce \u00e0 l\u2019application de la Nano Technologie, d\u00e9j\u00e0 utilis\u00e9e en astrophysique et en","breadcrumb":{"@id":"https:\/\/dev6.erresse-shop.it\/fr\/shop\/poeles-pots\/casseroles\/gastrolux-pot-induction-28-cm\/#breadcrumb"},"inLanguage":"fr-FR","potentialAction":[{"@type":"ReadAction","target":["https:\/\/dev6.erresse-shop.it\/fr\/shop\/poeles-pots\/casseroles\/gastrolux-pot-induction-28-cm\/"]}]},{"@type":"ImageObject","inLanguage":"fr-FR","@id":"https:\/\/dev6.erresse-shop.it\/fr\/shop\/poeles-pots\/casseroles\/gastrolux-pot-induction-28-cm\/#primaryimage","url":"https:\/\/i0.wp.com\/interpim.erresse-shop.it\/wp-content\/uploads\/2025\/04\/GASTROLUX-Pentola-Induzione-28-cm.jpg\/gastrolux-pentola-induzione-28-cm.jpg?ssl=1","contentUrl":"https:\/\/i0.wp.com\/interpim.erresse-shop.it\/wp-content\/uploads\/2025\/04\/GASTROLUX-Pentola-Induzione-28-cm.jpg\/gastrolux-pentola-induzione-28-cm.jpg?ssl=1"},{"@type":"BreadcrumbList","@id":"https:\/\/dev6.erresse-shop.it\/fr\/shop\/poeles-pots\/casseroles\/gastrolux-pot-induction-28-cm\/#breadcrumb","itemListElement":[{"@type":"ListItem","position":1,"name":"Home","item":"https:\/\/dev6.erresse-shop.it\/"},{"@type":"ListItem","position":2,"name":"Boutique","item":"https:\/\/dev6.erresse-shop.it\/shop\/"},{"@type":"ListItem","position":3,"name":"GASTROLUX Pot Induction 28 cm"}]},{"@type":"WebSite","@id":"https:\/\/dev6.erresse-shop.it\/#website","url":"https:\/\/dev6.erresse-shop.it\/","name":"Erresse Shop","description":"","publisher":{"@id":"https:\/\/dev6.erresse-shop.it\/#organization"},"potentialAction":[{"@type":"SearchAction","target":{"@type":"EntryPoint","urlTemplate":"https:\/\/dev6.erresse-shop.it\/?s={search_term_string}"},"query-input":{"@type":"PropertyValueSpecification","valueRequired":true,"valueName":"search_term_string"}}],"inLanguage":"fr-FR"},{"@type":"Organization","@id":"https:\/\/dev6.erresse-shop.it\/#organization","name":"Erresse Shop","url":"https:\/\/dev6.erresse-shop.it\/","logo":{"@type":"ImageObject","inLanguage":"fr-FR","@id":"https:\/\/dev6.erresse-shop.it\/#\/schema\/logo\/image\/","url":"https:\/\/dev6.erresse-shop.it\/wp-content\/uploads\/2025\/01\/LOGO-ERRESSE-CLASSICO.svg","contentUrl":"https:\/\/dev6.erresse-shop.it\/wp-content\/uploads\/2025\/01\/LOGO-ERRESSE-CLASSICO.svg","caption":"Erresse Shop"},"image":{"@id":"https:\/\/dev6.erresse-shop.it\/#\/schema\/logo\/image\/"}}]}},"df_price":134,"df_sale_price":134,"df_regular_price":195,"df_image_link":"https:\/\/i0.wp.com\/interpim.erresse-shop.it\/wp-content\/uploads\/2025\/04\/GASTROLUX-Pentola-Induzione-28-cm.jpg\/gastrolux-pentola-induzione-28-cm.jpg?resize=300,300&ssl=1","fifu_image_url":"https:\/\/interpim.erresse-shop.it\/wp-content\/uploads\/2025\/04\/GASTROLUX-Pentola-Induzione-28-cm.jpg\/gastrolux-pentola-induzione-28-cm.jpg","_links":{"self":[{"href":"https:\/\/dev6.erresse-shop.it\/fr\/wp-json\/wp\/v2\/product\/2307021","targetHints":{"allow":["GET"]}}],"collection":[{"href":"https:\/\/dev6.erresse-shop.it\/fr\/wp-json\/wp\/v2\/product"}],"about":[{"href":"https:\/\/dev6.erresse-shop.it\/fr\/wp-json\/wp\/v2\/types\/product"}],"wp:featuredmedia":[{"embeddable":true,"href":"https:\/\/dev6.erresse-shop.it\/fr\/wp-json\/wp\/v2\/media\/6380547"}],"wp:attachment":[{"href":"https:\/\/dev6.erresse-shop.it\/fr\/wp-json\/wp\/v2\/media?parent=2307021"}],"wp:term":[{"taxonomy":"product_cat","embeddable":true,"href":"https:\/\/dev6.erresse-shop.it\/fr\/wp-json\/wp\/v2\/product_cat?post=2307021"},{"taxonomy":"product_tag","embeddable":true,"href":"https:\/\/dev6.erresse-shop.it\/fr\/wp-json\/wp\/v2\/product_tag?post=2307021"}],"curies":[{"name":"wp","href":"https:\/\/api.w.org\/{rel}","templated":true}]}}