{"id":2307003,"date":"2026-04-12T14:26:06","date_gmt":"2026-04-12T12:26:06","guid":{"rendered":"https:\/\/dev6.erresse-shop.it\/shop\/non%20class\u00e9\/villeroy-boch-travertine-plateau-de-service-25-cm\/"},"modified":"2025-07-04T20:27:12","modified_gmt":"2025-07-04T18:27:12","slug":"villeroy-boch-travertine-plateau-de-service-25-cm","status":"publish","type":"product","link":"https:\/\/dev6.erresse-shop.it\/fr\/shop\/table-fr-2\/plateaux\/villeroy-boch-travertine-plateau-de-service-25-cm\/","title":{"rendered":"VILLEROY &#038; BOCH Travertine Plateau de service 25 cm"},"content":{"rendered":"<p>Plateau de service<\/p>\n<p>Avec ses dimensions de 25,5 cm x 10,5 cm, ce plat offre suffisamment d\u2019espace pour accueillir une grande vari\u00e9t\u00e9 de plats, de l\u2019entr\u00e9e au dessert.<br \/>\nServir avec go\u00fbt\u00a0: Que ce soit pour une f\u00eate ou un go\u00fbter convivial, ces assiettes mettent en valeur vos entr\u00e9es et fromages.<br \/>\nLa beaut\u00e9 authentique du travertin\u00a0: Chaque produit est unique, caract\u00e9ris\u00e9 par les caract\u00e9ristiques naturelles de la pierre et perfectionn\u00e9 par un savoir-faire artisanal\u00a0: un v\u00e9ritable morceau de nature pour des accents particuliers.<\/p>\n<p>Mat\u00e9riau\u00a0: Terre cuite<br \/>\nLavage \u00e0 la main recommand\u00e9<br \/>\nAdapt\u00e9 au micro-ondes\u00a0: non<\/p>\n<p>Dimensions\u00a0:<\/p>\n<p>Longueur\u00a0: 255\u00a0mm<br \/>\nLargeur\u00a0: 105\u00a0mm<br \/>\nHauteur\u00a0: 15\u00a0mm<br \/>\nPoids\u00a0: 720\u00a0g<\/p>\n","protected":false},"excerpt":{"rendered":"<p>Plateau de service Avec ses dimensions de 25,5 cm x 10,5 cm, ce plat offre suffisamment d\u2019espace pour accueillir une grande vari\u00e9t\u00e9 de plats, de l\u2019entr\u00e9e au dessert. Servir avec go\u00fbt\u00a0: Que ce soit pour une f\u00eate ou un go\u00fbter convivial, ces assiettes mettent en valeur vos entr\u00e9es et fromages. La beaut\u00e9 authentique du travertin\u00a0: [&hellip;]<\/p>\n","protected":false},"featured_media":6380522,"template":"","meta":{"_acf_changed":false},"product_cat":[12004,11995],"product_tag":[],"class_list":{"0":"post-2307003","1":"product","2":"type-product","3":"status-publish","4":"has-post-thumbnail","6":"product_cat-plateaux","7":"product_cat-table-fr-2","9":"first","10":"instock","11":"taxable","12":"shipping-taxable","13":"product-type-simple","swatches":"rey-swatches","show_selected":"","stretch_labels":"rey-swatches--stretch-labels"},"acf":[],"yoast_head":"<!-- This site is optimized with the Yoast SEO plugin v25.4 - https:\/\/yoast.com\/wordpress\/plugins\/seo\/ -->\n<title>VILLEROY &#038; BOCH Travertine Plateau de service 25 cm - dev6 Erresse<\/title>\n<meta name=\"description\" content=\"Plateau de service Avec ses dimensions de 25,5 cm x 10,5 cm, ce plat offre suffisamment d\u2019espace pour accueillir une grande vari\u00e9t\u00e9 de plats, de l\u2019entr\u00e9e\" \/>\n<meta name=\"robots\" content=\"noindex, follow, max-snippet:-1, max-image-preview:large, max-video-preview:-1\" \/>\n<meta property=\"og:locale\" content=\"fr_FR\" \/>\n<meta property=\"og:type\" content=\"article\" \/>\n<meta property=\"og:title\" content=\"VILLEROY &#038; BOCH Travertine Plateau de service 25 cm - dev6 Erresse\" \/>\n<meta property=\"og:description\" content=\"Plateau de service Avec ses dimensions de 25,5 cm x 10,5 cm, ce plat offre suffisamment d\u2019espace pour accueillir une grande vari\u00e9t\u00e9 de plats, de l\u2019entr\u00e9e\" \/>\n<meta property=\"og:url\" content=\"https:\/\/dev6.erresse-shop.it\/fr\/shop\/table-fr-2\/plateaux\/villeroy-boch-travertine-plateau-de-service-25-cm\/\" \/>\n<meta property=\"og:site_name\" content=\"dev6 Erresse\" \/>\n<meta property=\"og:image\" content=\"https:\/\/interpim.erresse-shop.it\/wp-content\/uploads\/2025\/05\/VILLEROY-BOCH-Travertine-Vassoio-da-Portata-25-cm.jpg\/villeroy-boch-travertine-vassoio-da-portata-25-cm.jpg\" \/><meta property=\"og:image\" content=\"https:\/\/interpim.erresse-shop.it\/wp-content\/uploads\/2025\/05\/VILLEROY-BOCH-Travertine-Vassoio-da-Portata-25-cm.jpg\/villeroy-boch-travertine-vassoio-da-portata-25-cm.jpg\" \/>\n\t<meta property=\"og:image:width\" content=\"1024\" \/>\n\t<meta property=\"og:image:height\" content=\"1024\" \/>\n\t<meta property=\"og:image:type\" content=\"image\/jpeg\" \/>\n<meta name=\"twitter:card\" content=\"summary_large_image\" \/>\n<meta name=\"twitter:image\" content=\"https:\/\/interpim.erresse-shop.it\/wp-content\/uploads\/2025\/05\/VILLEROY-BOCH-Travertine-Vassoio-da-Portata-25-cm.jpg\/villeroy-boch-travertine-vassoio-da-portata-25-cm.jpg\" \/>\n<script type=\"application\/ld+json\" class=\"yoast-schema-graph\">{\"@context\":\"https:\/\/schema.org\",\"@graph\":[{\"@type\":\"WebPage\",\"@id\":\"https:\/\/dev6.erresse-shop.it\/fr\/shop\/table-fr-2\/plateaux\/villeroy-boch-travertine-plateau-de-service-25-cm\/\",\"url\":\"https:\/\/dev6.erresse-shop.it\/fr\/shop\/table-fr-2\/plateaux\/villeroy-boch-travertine-plateau-de-service-25-cm\/\",\"name\":\"VILLEROY &#038; BOCH Travertine Plateau de service 25 cm - dev6 Erresse\",\"isPartOf\":{\"@id\":\"https:\/\/dev6.erresse-shop.it\/#website\"},\"primaryImageOfPage\":{\"@id\":\"https:\/\/dev6.erresse-shop.it\/fr\/shop\/table-fr-2\/plateaux\/villeroy-boch-travertine-plateau-de-service-25-cm\/#primaryimage\"},\"image\":{\"@id\":\"https:\/\/dev6.erresse-shop.it\/fr\/shop\/table-fr-2\/plateaux\/villeroy-boch-travertine-plateau-de-service-25-cm\/#primaryimage\"},\"thumbnailUrl\":\"https:\/\/i3.wp.com\/interpim.erresse-shop.it\/wp-content\/uploads\/2025\/05\/VILLEROY-BOCH-Travertine-Vassoio-da-Portata-25-cm.jpg\/villeroy-boch-travertine-vassoio-da-portata-25-cm.jpg?ssl=1\",\"datePublished\":\"2026-04-12T12:26:06+00:00\",\"description\":\"Plateau de service Avec ses dimensions de 25,5 cm x 10,5 cm, ce plat offre suffisamment d\u2019espace pour accueillir une grande vari\u00e9t\u00e9 de plats, de l\u2019entr\u00e9e\",\"breadcrumb\":{\"@id\":\"https:\/\/dev6.erresse-shop.it\/fr\/shop\/table-fr-2\/plateaux\/villeroy-boch-travertine-plateau-de-service-25-cm\/#breadcrumb\"},\"inLanguage\":\"fr-FR\",\"potentialAction\":[{\"@type\":\"ReadAction\",\"target\":[\"https:\/\/dev6.erresse-shop.it\/fr\/shop\/table-fr-2\/plateaux\/villeroy-boch-travertine-plateau-de-service-25-cm\/\"]}]},{\"@type\":\"ImageObject\",\"inLanguage\":\"fr-FR\",\"@id\":\"https:\/\/dev6.erresse-shop.it\/fr\/shop\/table-fr-2\/plateaux\/villeroy-boch-travertine-plateau-de-service-25-cm\/#primaryimage\",\"url\":\"https:\/\/i3.wp.com\/interpim.erresse-shop.it\/wp-content\/uploads\/2025\/05\/VILLEROY-BOCH-Travertine-Vassoio-da-Portata-25-cm.jpg\/villeroy-boch-travertine-vassoio-da-portata-25-cm.jpg?ssl=1\",\"contentUrl\":\"https:\/\/i3.wp.com\/interpim.erresse-shop.it\/wp-content\/uploads\/2025\/05\/VILLEROY-BOCH-Travertine-Vassoio-da-Portata-25-cm.jpg\/villeroy-boch-travertine-vassoio-da-portata-25-cm.jpg?ssl=1\"},{\"@type\":\"BreadcrumbList\",\"@id\":\"https:\/\/dev6.erresse-shop.it\/fr\/shop\/table-fr-2\/plateaux\/villeroy-boch-travertine-plateau-de-service-25-cm\/#breadcrumb\",\"itemListElement\":[{\"@type\":\"ListItem\",\"position\":1,\"name\":\"Home\",\"item\":\"https:\/\/dev6.erresse-shop.it\/\"},{\"@type\":\"ListItem\",\"position\":2,\"name\":\"Boutique\",\"item\":\"https:\/\/dev6.erresse-shop.it\/shop\/\"},{\"@type\":\"ListItem\",\"position\":3,\"name\":\"VILLEROY &#038; BOCH Travertine Plateau de service 25 cm\"}]},{\"@type\":\"WebSite\",\"@id\":\"https:\/\/dev6.erresse-shop.it\/#website\",\"url\":\"https:\/\/dev6.erresse-shop.it\/\",\"name\":\"Erresse Shop\",\"description\":\"\",\"publisher\":{\"@id\":\"https:\/\/dev6.erresse-shop.it\/#organization\"},\"potentialAction\":[{\"@type\":\"SearchAction\",\"target\":{\"@type\":\"EntryPoint\",\"urlTemplate\":\"https:\/\/dev6.erresse-shop.it\/?s={search_term_string}\"},\"query-input\":{\"@type\":\"PropertyValueSpecification\",\"valueRequired\":true,\"valueName\":\"search_term_string\"}}],\"inLanguage\":\"fr-FR\"},{\"@type\":\"Organization\",\"@id\":\"https:\/\/dev6.erresse-shop.it\/#organization\",\"name\":\"Erresse Shop\",\"url\":\"https:\/\/dev6.erresse-shop.it\/\",\"logo\":{\"@type\":\"ImageObject\",\"inLanguage\":\"fr-FR\",\"@id\":\"https:\/\/dev6.erresse-shop.it\/#\/schema\/logo\/image\/\",\"url\":\"https:\/\/dev6.erresse-shop.it\/wp-content\/uploads\/2025\/01\/LOGO-ERRESSE-CLASSICO.svg\",\"contentUrl\":\"https:\/\/dev6.erresse-shop.it\/wp-content\/uploads\/2025\/01\/LOGO-ERRESSE-CLASSICO.svg\",\"caption\":\"Erresse Shop\"},\"image\":{\"@id\":\"https:\/\/dev6.erresse-shop.it\/#\/schema\/logo\/image\/\"}}]}<\/script>\n<!-- \/ Yoast SEO plugin. -->","yoast_head_json":{"title":"VILLEROY &#038; BOCH Travertine Plateau de service 25 cm - dev6 Erresse","description":"Plateau de service Avec ses dimensions de 25,5 cm x 10,5 cm, ce plat offre suffisamment d\u2019espace pour accueillir une grande vari\u00e9t\u00e9 de plats, de l\u2019entr\u00e9e","robots":{"index":"noindex","follow":"follow","max-snippet":"max-snippet:-1","max-image-preview":"max-image-preview:large","max-video-preview":"max-video-preview:-1"},"og_locale":"fr_FR","og_type":"article","og_title":"VILLEROY &#038; BOCH Travertine Plateau de service 25 cm - dev6 Erresse","og_description":"Plateau de service Avec ses dimensions de 25,5 cm x 10,5 cm, ce plat offre suffisamment d\u2019espace pour accueillir une grande vari\u00e9t\u00e9 de plats, de l\u2019entr\u00e9e","og_url":"https:\/\/dev6.erresse-shop.it\/fr\/shop\/table-fr-2\/plateaux\/villeroy-boch-travertine-plateau-de-service-25-cm\/","og_site_name":"dev6 Erresse","og_image":[{"url":"https:\/\/interpim.erresse-shop.it\/wp-content\/uploads\/2025\/05\/VILLEROY-BOCH-Travertine-Vassoio-da-Portata-25-cm.jpg\/villeroy-boch-travertine-vassoio-da-portata-25-cm.jpg","type":"","width":"","height":""},{"url":"https:\/\/interpim.erresse-shop.it\/wp-content\/uploads\/2025\/05\/VILLEROY-BOCH-Travertine-Vassoio-da-Portata-25-cm.jpg\/villeroy-boch-travertine-vassoio-da-portata-25-cm.jpg","width":1024,"height":1024,"type":"image\/jpeg"}],"twitter_card":"summary_large_image","twitter_image":"https:\/\/interpim.erresse-shop.it\/wp-content\/uploads\/2025\/05\/VILLEROY-BOCH-Travertine-Vassoio-da-Portata-25-cm.jpg\/villeroy-boch-travertine-vassoio-da-portata-25-cm.jpg","schema":{"@context":"https:\/\/schema.org","@graph":[{"@type":"WebPage","@id":"https:\/\/dev6.erresse-shop.it\/fr\/shop\/table-fr-2\/plateaux\/villeroy-boch-travertine-plateau-de-service-25-cm\/","url":"https:\/\/dev6.erresse-shop.it\/fr\/shop\/table-fr-2\/plateaux\/villeroy-boch-travertine-plateau-de-service-25-cm\/","name":"VILLEROY &#038; BOCH Travertine Plateau de service 25 cm - dev6 Erresse","isPartOf":{"@id":"https:\/\/dev6.erresse-shop.it\/#website"},"primaryImageOfPage":{"@id":"https:\/\/dev6.erresse-shop.it\/fr\/shop\/table-fr-2\/plateaux\/villeroy-boch-travertine-plateau-de-service-25-cm\/#primaryimage"},"image":{"@id":"https:\/\/dev6.erresse-shop.it\/fr\/shop\/table-fr-2\/plateaux\/villeroy-boch-travertine-plateau-de-service-25-cm\/#primaryimage"},"thumbnailUrl":"https:\/\/i3.wp.com\/interpim.erresse-shop.it\/wp-content\/uploads\/2025\/05\/VILLEROY-BOCH-Travertine-Vassoio-da-Portata-25-cm.jpg\/villeroy-boch-travertine-vassoio-da-portata-25-cm.jpg?ssl=1","datePublished":"2026-04-12T12:26:06+00:00","description":"Plateau de service Avec ses dimensions de 25,5 cm x 10,5 cm, ce plat offre suffisamment d\u2019espace pour accueillir une grande vari\u00e9t\u00e9 de plats, de l\u2019entr\u00e9e","breadcrumb":{"@id":"https:\/\/dev6.erresse-shop.it\/fr\/shop\/table-fr-2\/plateaux\/villeroy-boch-travertine-plateau-de-service-25-cm\/#breadcrumb"},"inLanguage":"fr-FR","potentialAction":[{"@type":"ReadAction","target":["https:\/\/dev6.erresse-shop.it\/fr\/shop\/table-fr-2\/plateaux\/villeroy-boch-travertine-plateau-de-service-25-cm\/"]}]},{"@type":"ImageObject","inLanguage":"fr-FR","@id":"https:\/\/dev6.erresse-shop.it\/fr\/shop\/table-fr-2\/plateaux\/villeroy-boch-travertine-plateau-de-service-25-cm\/#primaryimage","url":"https:\/\/i3.wp.com\/interpim.erresse-shop.it\/wp-content\/uploads\/2025\/05\/VILLEROY-BOCH-Travertine-Vassoio-da-Portata-25-cm.jpg\/villeroy-boch-travertine-vassoio-da-portata-25-cm.jpg?ssl=1","contentUrl":"https:\/\/i3.wp.com\/interpim.erresse-shop.it\/wp-content\/uploads\/2025\/05\/VILLEROY-BOCH-Travertine-Vassoio-da-Portata-25-cm.jpg\/villeroy-boch-travertine-vassoio-da-portata-25-cm.jpg?ssl=1"},{"@type":"BreadcrumbList","@id":"https:\/\/dev6.erresse-shop.it\/fr\/shop\/table-fr-2\/plateaux\/villeroy-boch-travertine-plateau-de-service-25-cm\/#breadcrumb","itemListElement":[{"@type":"ListItem","position":1,"name":"Home","item":"https:\/\/dev6.erresse-shop.it\/"},{"@type":"ListItem","position":2,"name":"Boutique","item":"https:\/\/dev6.erresse-shop.it\/shop\/"},{"@type":"ListItem","position":3,"name":"VILLEROY &#038; BOCH Travertine Plateau de service 25 cm"}]},{"@type":"WebSite","@id":"https:\/\/dev6.erresse-shop.it\/#website","url":"https:\/\/dev6.erresse-shop.it\/","name":"Erresse Shop","description":"","publisher":{"@id":"https:\/\/dev6.erresse-shop.it\/#organization"},"potentialAction":[{"@type":"SearchAction","target":{"@type":"EntryPoint","urlTemplate":"https:\/\/dev6.erresse-shop.it\/?s={search_term_string}"},"query-input":{"@type":"PropertyValueSpecification","valueRequired":true,"valueName":"search_term_string"}}],"inLanguage":"fr-FR"},{"@type":"Organization","@id":"https:\/\/dev6.erresse-shop.it\/#organization","name":"Erresse Shop","url":"https:\/\/dev6.erresse-shop.it\/","logo":{"@type":"ImageObject","inLanguage":"fr-FR","@id":"https:\/\/dev6.erresse-shop.it\/#\/schema\/logo\/image\/","url":"https:\/\/dev6.erresse-shop.it\/wp-content\/uploads\/2025\/01\/LOGO-ERRESSE-CLASSICO.svg","contentUrl":"https:\/\/dev6.erresse-shop.it\/wp-content\/uploads\/2025\/01\/LOGO-ERRESSE-CLASSICO.svg","caption":"Erresse Shop"},"image":{"@id":"https:\/\/dev6.erresse-shop.it\/#\/schema\/logo\/image\/"}}]}},"df_price":"","df_sale_price":"","df_regular_price":"","df_image_link":"https:\/\/i3.wp.com\/interpim.erresse-shop.it\/wp-content\/uploads\/2025\/05\/VILLEROY-BOCH-Travertine-Vassoio-da-Portata-25-cm.jpg\/villeroy-boch-travertine-vassoio-da-portata-25-cm.jpg?resize=300,300&ssl=1","fifu_image_url":"https:\/\/interpim.erresse-shop.it\/wp-content\/uploads\/2025\/05\/VILLEROY-BOCH-Travertine-Vassoio-da-Portata-25-cm.jpg\/villeroy-boch-travertine-vassoio-da-portata-25-cm.jpg","_links":{"self":[{"href":"https:\/\/dev6.erresse-shop.it\/fr\/wp-json\/wp\/v2\/product\/2307003","targetHints":{"allow":["GET"]}}],"collection":[{"href":"https:\/\/dev6.erresse-shop.it\/fr\/wp-json\/wp\/v2\/product"}],"about":[{"href":"https:\/\/dev6.erresse-shop.it\/fr\/wp-json\/wp\/v2\/types\/product"}],"wp:featuredmedia":[{"embeddable":true,"href":"https:\/\/dev6.erresse-shop.it\/fr\/wp-json\/wp\/v2\/media\/6380522"}],"wp:attachment":[{"href":"https:\/\/dev6.erresse-shop.it\/fr\/wp-json\/wp\/v2\/media?parent=2307003"}],"wp:term":[{"taxonomy":"product_cat","embeddable":true,"href":"https:\/\/dev6.erresse-shop.it\/fr\/wp-json\/wp\/v2\/product_cat?post=2307003"},{"taxonomy":"product_tag","embeddable":true,"href":"https:\/\/dev6.erresse-shop.it\/fr\/wp-json\/wp\/v2\/product_tag?post=2307003"}],"curies":[{"name":"wp","href":"https:\/\/api.w.org\/{rel}","templated":true}]}}