{"id":2306995,"date":"2026-04-12T14:26:06","date_gmt":"2026-04-12T12:26:06","guid":{"rendered":"https:\/\/dev6.erresse-shop.it\/shop\/non%20class\u00e9\/toms-drag-refroidisseur-a-vin\/"},"modified":"2025-09-14T07:02:13","modified_gmt":"2025-09-14T05:02:13","slug":"toms-drag-refroidisseur-a-vin","status":"publish","type":"product","link":"https:\/\/dev6.erresse-shop.it\/fr\/shop\/ameublement-maison\/meubles\/toms-drag-refroidisseur-a-vin\/","title":{"rendered":"TOM&#8217;S DRAG Refroidisseur \u00e0 vin"},"content":{"rendered":"<p>Mat\u00e9riau : M\u00e9tal<\/p>\n<p>Refroidisseur \u00e0 vin<br \/>\nSeau \u00e0 vin\/champagne de taille impressionnante : quiconque ajoute une touche de couleur audacieuse \u00e0 un objet \u00ab drag \u00bb fait naturellement une d\u00e9claration de style s\u00fbre d\u2019elle. Certains sont plus fous et plus excentriques que d\u2019autres, mais tous attirent l\u2019attention et constituent le point central de toute maison.<\/p>\n<p>Dimensions : H 84, \u00d8 27 cm<\/p>\n","protected":false},"excerpt":{"rendered":"<p>Mat\u00e9riau : M\u00e9tal Refroidisseur \u00e0 vin Seau \u00e0 vin\/champagne de taille impressionnante : quiconque ajoute une touche de couleur audacieuse \u00e0 un objet \u00ab drag \u00bb fait naturellement une d\u00e9claration de style s\u00fbre d\u2019elle. Certains sont plus fous et plus excentriques que d\u2019autres, mais tous attirent l\u2019attention et constituent le point central de toute maison. [&hellip;]<\/p>\n","protected":false},"featured_media":6380516,"template":"","meta":{"_acf_changed":false},"product_cat":[11990,12034],"product_tag":[],"class_list":{"0":"post-2306995","1":"product","2":"type-product","3":"status-publish","4":"has-post-thumbnail","6":"product_cat-ameublement-maison","7":"product_cat-meubles","9":"first","10":"instock","11":"taxable","12":"shipping-taxable","13":"purchasable","14":"product-type-simple","swatches":"rey-swatches","show_selected":"","stretch_labels":"rey-swatches--stretch-labels"},"acf":[],"yoast_head":"<!-- This site is optimized with the Yoast SEO plugin v25.4 - https:\/\/yoast.com\/wordpress\/plugins\/seo\/ -->\n<title>TOM&#8217;S DRAG Refroidisseur \u00e0 vin - dev6 Erresse<\/title>\n<meta name=\"description\" content=\"Mat\u00e9riau : M\u00e9tal Refroidisseur \u00e0 vin Seau \u00e0 vin\/champagne de taille impressionnante : quiconque ajoute une touche de couleur audacieuse \u00e0 un objet \u00ab drag\" \/>\n<meta name=\"robots\" content=\"noindex, follow, max-snippet:-1, max-image-preview:large, max-video-preview:-1\" \/>\n<meta property=\"og:locale\" content=\"fr_FR\" \/>\n<meta property=\"og:type\" content=\"article\" \/>\n<meta property=\"og:title\" content=\"TOM&#8217;S DRAG Refroidisseur \u00e0 vin - dev6 Erresse\" \/>\n<meta property=\"og:description\" content=\"Mat\u00e9riau : M\u00e9tal Refroidisseur \u00e0 vin Seau \u00e0 vin\/champagne de taille impressionnante : quiconque ajoute une touche de couleur audacieuse \u00e0 un objet \u00ab drag\" \/>\n<meta property=\"og:url\" content=\"https:\/\/dev6.erresse-shop.it\/fr\/shop\/ameublement-maison\/meubles\/toms-drag-refroidisseur-a-vin\/\" \/>\n<meta property=\"og:site_name\" content=\"dev6 Erresse\" \/>\n<meta property=\"og:image\" content=\"https:\/\/interpim.erresse-shop.it\/wp-content\/uploads\/2025\/04\/TOMS-DRAG-Refrigeratore-per-vino.jpg\/toms-drag-refrigeratore-per-vino.jpg\" \/><meta property=\"og:image\" content=\"https:\/\/interpim.erresse-shop.it\/wp-content\/uploads\/2025\/04\/TOMS-DRAG-Refrigeratore-per-vino.jpg\/toms-drag-refrigeratore-per-vino.jpg\" \/>\n\t<meta property=\"og:image:width\" content=\"1024\" \/>\n\t<meta property=\"og:image:height\" content=\"1024\" \/>\n\t<meta property=\"og:image:type\" content=\"image\/jpeg\" \/>\n<meta name=\"twitter:card\" content=\"summary_large_image\" \/>\n<meta name=\"twitter:image\" content=\"https:\/\/interpim.erresse-shop.it\/wp-content\/uploads\/2025\/04\/TOMS-DRAG-Refrigeratore-per-vino.jpg\/toms-drag-refrigeratore-per-vino.jpg\" \/>\n<script type=\"application\/ld+json\" class=\"yoast-schema-graph\">{\"@context\":\"https:\/\/schema.org\",\"@graph\":[{\"@type\":\"WebPage\",\"@id\":\"https:\/\/dev6.erresse-shop.it\/fr\/shop\/ameublement-maison\/meubles\/toms-drag-refroidisseur-a-vin\/\",\"url\":\"https:\/\/dev6.erresse-shop.it\/fr\/shop\/ameublement-maison\/meubles\/toms-drag-refroidisseur-a-vin\/\",\"name\":\"TOM&#8217;S DRAG Refroidisseur \u00e0 vin - dev6 Erresse\",\"isPartOf\":{\"@id\":\"https:\/\/dev6.erresse-shop.it\/#website\"},\"primaryImageOfPage\":{\"@id\":\"https:\/\/dev6.erresse-shop.it\/fr\/shop\/ameublement-maison\/meubles\/toms-drag-refroidisseur-a-vin\/#primaryimage\"},\"image\":{\"@id\":\"https:\/\/dev6.erresse-shop.it\/fr\/shop\/ameublement-maison\/meubles\/toms-drag-refroidisseur-a-vin\/#primaryimage\"},\"thumbnailUrl\":\"https:\/\/i3.wp.com\/interpim.erresse-shop.it\/wp-content\/uploads\/2025\/04\/TOMS-DRAG-Refrigeratore-per-vino.jpg\/toms-drag-refrigeratore-per-vino.jpg?ssl=1\",\"datePublished\":\"2026-04-12T12:26:06+00:00\",\"description\":\"Mat\u00e9riau : M\u00e9tal Refroidisseur \u00e0 vin Seau \u00e0 vin\/champagne de taille impressionnante : quiconque ajoute une touche de couleur audacieuse \u00e0 un objet \u00ab drag\",\"breadcrumb\":{\"@id\":\"https:\/\/dev6.erresse-shop.it\/fr\/shop\/ameublement-maison\/meubles\/toms-drag-refroidisseur-a-vin\/#breadcrumb\"},\"inLanguage\":\"fr-FR\",\"potentialAction\":[{\"@type\":\"ReadAction\",\"target\":[\"https:\/\/dev6.erresse-shop.it\/fr\/shop\/ameublement-maison\/meubles\/toms-drag-refroidisseur-a-vin\/\"]}]},{\"@type\":\"ImageObject\",\"inLanguage\":\"fr-FR\",\"@id\":\"https:\/\/dev6.erresse-shop.it\/fr\/shop\/ameublement-maison\/meubles\/toms-drag-refroidisseur-a-vin\/#primaryimage\",\"url\":\"https:\/\/i3.wp.com\/interpim.erresse-shop.it\/wp-content\/uploads\/2025\/04\/TOMS-DRAG-Refrigeratore-per-vino.jpg\/toms-drag-refrigeratore-per-vino.jpg?ssl=1\",\"contentUrl\":\"https:\/\/i3.wp.com\/interpim.erresse-shop.it\/wp-content\/uploads\/2025\/04\/TOMS-DRAG-Refrigeratore-per-vino.jpg\/toms-drag-refrigeratore-per-vino.jpg?ssl=1\"},{\"@type\":\"BreadcrumbList\",\"@id\":\"https:\/\/dev6.erresse-shop.it\/fr\/shop\/ameublement-maison\/meubles\/toms-drag-refroidisseur-a-vin\/#breadcrumb\",\"itemListElement\":[{\"@type\":\"ListItem\",\"position\":1,\"name\":\"Home\",\"item\":\"https:\/\/dev6.erresse-shop.it\/\"},{\"@type\":\"ListItem\",\"position\":2,\"name\":\"Boutique\",\"item\":\"https:\/\/dev6.erresse-shop.it\/shop\/\"},{\"@type\":\"ListItem\",\"position\":3,\"name\":\"TOM&#8217;S DRAG Refroidisseur \u00e0 vin\"}]},{\"@type\":\"WebSite\",\"@id\":\"https:\/\/dev6.erresse-shop.it\/#website\",\"url\":\"https:\/\/dev6.erresse-shop.it\/\",\"name\":\"Erresse Shop\",\"description\":\"\",\"publisher\":{\"@id\":\"https:\/\/dev6.erresse-shop.it\/#organization\"},\"potentialAction\":[{\"@type\":\"SearchAction\",\"target\":{\"@type\":\"EntryPoint\",\"urlTemplate\":\"https:\/\/dev6.erresse-shop.it\/?s={search_term_string}\"},\"query-input\":{\"@type\":\"PropertyValueSpecification\",\"valueRequired\":true,\"valueName\":\"search_term_string\"}}],\"inLanguage\":\"fr-FR\"},{\"@type\":\"Organization\",\"@id\":\"https:\/\/dev6.erresse-shop.it\/#organization\",\"name\":\"Erresse Shop\",\"url\":\"https:\/\/dev6.erresse-shop.it\/\",\"logo\":{\"@type\":\"ImageObject\",\"inLanguage\":\"fr-FR\",\"@id\":\"https:\/\/dev6.erresse-shop.it\/#\/schema\/logo\/image\/\",\"url\":\"https:\/\/dev6.erresse-shop.it\/wp-content\/uploads\/2025\/01\/LOGO-ERRESSE-CLASSICO.svg\",\"contentUrl\":\"https:\/\/dev6.erresse-shop.it\/wp-content\/uploads\/2025\/01\/LOGO-ERRESSE-CLASSICO.svg\",\"caption\":\"Erresse Shop\"},\"image\":{\"@id\":\"https:\/\/dev6.erresse-shop.it\/#\/schema\/logo\/image\/\"}}]}<\/script>\n<!-- \/ Yoast SEO plugin. -->","yoast_head_json":{"title":"TOM&#8217;S DRAG Refroidisseur \u00e0 vin - dev6 Erresse","description":"Mat\u00e9riau : M\u00e9tal Refroidisseur \u00e0 vin Seau \u00e0 vin\/champagne de taille impressionnante : quiconque ajoute une touche de couleur audacieuse \u00e0 un objet \u00ab drag","robots":{"index":"noindex","follow":"follow","max-snippet":"max-snippet:-1","max-image-preview":"max-image-preview:large","max-video-preview":"max-video-preview:-1"},"og_locale":"fr_FR","og_type":"article","og_title":"TOM&#8217;S DRAG Refroidisseur \u00e0 vin - dev6 Erresse","og_description":"Mat\u00e9riau : M\u00e9tal Refroidisseur \u00e0 vin Seau \u00e0 vin\/champagne de taille impressionnante : quiconque ajoute une touche de couleur audacieuse \u00e0 un objet \u00ab drag","og_url":"https:\/\/dev6.erresse-shop.it\/fr\/shop\/ameublement-maison\/meubles\/toms-drag-refroidisseur-a-vin\/","og_site_name":"dev6 Erresse","og_image":[{"url":"https:\/\/interpim.erresse-shop.it\/wp-content\/uploads\/2025\/04\/TOMS-DRAG-Refrigeratore-per-vino.jpg\/toms-drag-refrigeratore-per-vino.jpg","type":"","width":"","height":""},{"url":"https:\/\/interpim.erresse-shop.it\/wp-content\/uploads\/2025\/04\/TOMS-DRAG-Refrigeratore-per-vino.jpg\/toms-drag-refrigeratore-per-vino.jpg","width":1024,"height":1024,"type":"image\/jpeg"}],"twitter_card":"summary_large_image","twitter_image":"https:\/\/interpim.erresse-shop.it\/wp-content\/uploads\/2025\/04\/TOMS-DRAG-Refrigeratore-per-vino.jpg\/toms-drag-refrigeratore-per-vino.jpg","schema":{"@context":"https:\/\/schema.org","@graph":[{"@type":"WebPage","@id":"https:\/\/dev6.erresse-shop.it\/fr\/shop\/ameublement-maison\/meubles\/toms-drag-refroidisseur-a-vin\/","url":"https:\/\/dev6.erresse-shop.it\/fr\/shop\/ameublement-maison\/meubles\/toms-drag-refroidisseur-a-vin\/","name":"TOM&#8217;S DRAG Refroidisseur \u00e0 vin - dev6 Erresse","isPartOf":{"@id":"https:\/\/dev6.erresse-shop.it\/#website"},"primaryImageOfPage":{"@id":"https:\/\/dev6.erresse-shop.it\/fr\/shop\/ameublement-maison\/meubles\/toms-drag-refroidisseur-a-vin\/#primaryimage"},"image":{"@id":"https:\/\/dev6.erresse-shop.it\/fr\/shop\/ameublement-maison\/meubles\/toms-drag-refroidisseur-a-vin\/#primaryimage"},"thumbnailUrl":"https:\/\/i3.wp.com\/interpim.erresse-shop.it\/wp-content\/uploads\/2025\/04\/TOMS-DRAG-Refrigeratore-per-vino.jpg\/toms-drag-refrigeratore-per-vino.jpg?ssl=1","datePublished":"2026-04-12T12:26:06+00:00","description":"Mat\u00e9riau : M\u00e9tal Refroidisseur \u00e0 vin Seau \u00e0 vin\/champagne de taille impressionnante : quiconque ajoute une touche de couleur audacieuse \u00e0 un objet \u00ab drag","breadcrumb":{"@id":"https:\/\/dev6.erresse-shop.it\/fr\/shop\/ameublement-maison\/meubles\/toms-drag-refroidisseur-a-vin\/#breadcrumb"},"inLanguage":"fr-FR","potentialAction":[{"@type":"ReadAction","target":["https:\/\/dev6.erresse-shop.it\/fr\/shop\/ameublement-maison\/meubles\/toms-drag-refroidisseur-a-vin\/"]}]},{"@type":"ImageObject","inLanguage":"fr-FR","@id":"https:\/\/dev6.erresse-shop.it\/fr\/shop\/ameublement-maison\/meubles\/toms-drag-refroidisseur-a-vin\/#primaryimage","url":"https:\/\/i3.wp.com\/interpim.erresse-shop.it\/wp-content\/uploads\/2025\/04\/TOMS-DRAG-Refrigeratore-per-vino.jpg\/toms-drag-refrigeratore-per-vino.jpg?ssl=1","contentUrl":"https:\/\/i3.wp.com\/interpim.erresse-shop.it\/wp-content\/uploads\/2025\/04\/TOMS-DRAG-Refrigeratore-per-vino.jpg\/toms-drag-refrigeratore-per-vino.jpg?ssl=1"},{"@type":"BreadcrumbList","@id":"https:\/\/dev6.erresse-shop.it\/fr\/shop\/ameublement-maison\/meubles\/toms-drag-refroidisseur-a-vin\/#breadcrumb","itemListElement":[{"@type":"ListItem","position":1,"name":"Home","item":"https:\/\/dev6.erresse-shop.it\/"},{"@type":"ListItem","position":2,"name":"Boutique","item":"https:\/\/dev6.erresse-shop.it\/shop\/"},{"@type":"ListItem","position":3,"name":"TOM&#8217;S DRAG Refroidisseur \u00e0 vin"}]},{"@type":"WebSite","@id":"https:\/\/dev6.erresse-shop.it\/#website","url":"https:\/\/dev6.erresse-shop.it\/","name":"Erresse Shop","description":"","publisher":{"@id":"https:\/\/dev6.erresse-shop.it\/#organization"},"potentialAction":[{"@type":"SearchAction","target":{"@type":"EntryPoint","urlTemplate":"https:\/\/dev6.erresse-shop.it\/?s={search_term_string}"},"query-input":{"@type":"PropertyValueSpecification","valueRequired":true,"valueName":"search_term_string"}}],"inLanguage":"fr-FR"},{"@type":"Organization","@id":"https:\/\/dev6.erresse-shop.it\/#organization","name":"Erresse Shop","url":"https:\/\/dev6.erresse-shop.it\/","logo":{"@type":"ImageObject","inLanguage":"fr-FR","@id":"https:\/\/dev6.erresse-shop.it\/#\/schema\/logo\/image\/","url":"https:\/\/dev6.erresse-shop.it\/wp-content\/uploads\/2025\/01\/LOGO-ERRESSE-CLASSICO.svg","contentUrl":"https:\/\/dev6.erresse-shop.it\/wp-content\/uploads\/2025\/01\/LOGO-ERRESSE-CLASSICO.svg","caption":"Erresse Shop"},"image":{"@id":"https:\/\/dev6.erresse-shop.it\/#\/schema\/logo\/image\/"}}]}},"df_price":489,"df_sale_price":"","df_regular_price":489,"df_image_link":"https:\/\/i3.wp.com\/interpim.erresse-shop.it\/wp-content\/uploads\/2025\/04\/TOMS-DRAG-Refrigeratore-per-vino.jpg\/toms-drag-refrigeratore-per-vino.jpg?resize=300,300&ssl=1","fifu_image_url":"https:\/\/interpim.erresse-shop.it\/wp-content\/uploads\/2025\/04\/TOMS-DRAG-Refrigeratore-per-vino.jpg\/toms-drag-refrigeratore-per-vino.jpg","_links":{"self":[{"href":"https:\/\/dev6.erresse-shop.it\/fr\/wp-json\/wp\/v2\/product\/2306995","targetHints":{"allow":["GET"]}}],"collection":[{"href":"https:\/\/dev6.erresse-shop.it\/fr\/wp-json\/wp\/v2\/product"}],"about":[{"href":"https:\/\/dev6.erresse-shop.it\/fr\/wp-json\/wp\/v2\/types\/product"}],"wp:featuredmedia":[{"embeddable":true,"href":"https:\/\/dev6.erresse-shop.it\/fr\/wp-json\/wp\/v2\/media\/6380516"}],"wp:attachment":[{"href":"https:\/\/dev6.erresse-shop.it\/fr\/wp-json\/wp\/v2\/media?parent=2306995"}],"wp:term":[{"taxonomy":"product_cat","embeddable":true,"href":"https:\/\/dev6.erresse-shop.it\/fr\/wp-json\/wp\/v2\/product_cat?post=2306995"},{"taxonomy":"product_tag","embeddable":true,"href":"https:\/\/dev6.erresse-shop.it\/fr\/wp-json\/wp\/v2\/product_tag?post=2306995"}],"curies":[{"name":"wp","href":"https:\/\/api.w.org\/{rel}","templated":true}]}}