{"id":2306987,"date":"2026-04-12T14:23:10","date_gmt":"2026-04-12T12:23:10","guid":{"rendered":"https:\/\/dev6.erresse-shop.it\/shop\/non%20class\u00e9\/villeroy-boch-travertine-plat-de-service\/"},"modified":"2025-07-04T20:26:25","modified_gmt":"2025-07-04T18:26:25","slug":"villeroy-boch-travertine-plat-de-service","status":"publish","type":"product","link":"https:\/\/dev6.erresse-shop.it\/fr\/shop\/table-fr-2\/plats\/villeroy-boch-travertine-plat-de-service\/","title":{"rendered":"VILLEROY &#038; BOCH Travertine Plat de service"},"content":{"rendered":"<p>Travertine Plat de service<\/p>\n<p>Cette assiette est id\u00e9ale pour servir des ap\u00e9ritifs ou des collations.<br \/>\nLe clou de toute assiette \u00e0 collation\u00a0: pr\u00e9sentez avec \u00e9l\u00e9gance vos ap\u00e9ritifs et fromages lors de f\u00eates, de buffets ou de go\u00fbters d\u00e9contract\u00e9s entre amis.<br \/>\nProduit naturel incomparable en travertin\u00a0: chaque pi\u00e8ce impressionne par son grain et ses nuances de couleur uniques. Fabriqu\u00e9e \u00e0 la main et inspir\u00e9e par la nature, chaque pi\u00e8ce est unique et poss\u00e8de son propre caract\u00e8re.<\/p>\n<p>Mat\u00e9riau\u00a0: Terre cuite<br \/>\nLave-vaisselle\u00a0: oui<br \/>\nAdapt\u00e9 au micro-ondes\u00a0: non<\/p>\n<p>Dimensions\u00a0:<\/p>\n<p>Diam\u00e8tre\u00a0: 24,5\u00a0mm<br \/>\nHauteur\u00a0: 17\u00a0mm<br \/>\nPoids\u00a0: 1\u00a0250\u00a0g<\/p>\n","protected":false},"excerpt":{"rendered":"<p>Travertine Plat de service Cette assiette est id\u00e9ale pour servir des ap\u00e9ritifs ou des collations. Le clou de toute assiette \u00e0 collation\u00a0: pr\u00e9sentez avec \u00e9l\u00e9gance vos ap\u00e9ritifs et fromages lors de f\u00eates, de buffets ou de go\u00fbters d\u00e9contract\u00e9s entre amis. Produit naturel incomparable en travertin\u00a0: chaque pi\u00e8ce impressionne par son grain et ses nuances de [&hellip;]<\/p>\n","protected":false},"featured_media":6380490,"template":"","meta":{"_acf_changed":false},"product_cat":[12014,11995],"product_tag":[],"class_list":{"0":"post-2306987","1":"product","2":"type-product","3":"status-publish","4":"has-post-thumbnail","6":"product_cat-plats","7":"product_cat-table-fr-2","9":"first","10":"instock","11":"taxable","12":"shipping-taxable","13":"product-type-simple","swatches":"rey-swatches","show_selected":"","stretch_labels":"rey-swatches--stretch-labels"},"acf":[],"yoast_head":"<!-- This site is optimized with the Yoast SEO plugin v25.4 - https:\/\/yoast.com\/wordpress\/plugins\/seo\/ -->\n<title>VILLEROY &#038; BOCH Travertine Plat de service - dev6 Erresse<\/title>\n<meta name=\"description\" content=\"Travertine Plat de service Cette assiette est id\u00e9ale pour servir des ap\u00e9ritifs ou des collations. Le clou de toute assiette \u00e0 collation\u00a0: pr\u00e9sentez avec\" \/>\n<meta name=\"robots\" content=\"noindex, follow, max-snippet:-1, max-image-preview:large, max-video-preview:-1\" \/>\n<meta property=\"og:locale\" content=\"fr_FR\" \/>\n<meta property=\"og:type\" content=\"article\" \/>\n<meta property=\"og:title\" content=\"VILLEROY &#038; BOCH Travertine Plat de service - dev6 Erresse\" \/>\n<meta property=\"og:description\" content=\"Travertine Plat de service Cette assiette est id\u00e9ale pour servir des ap\u00e9ritifs ou des collations. Le clou de toute assiette \u00e0 collation\u00a0: pr\u00e9sentez avec\" \/>\n<meta property=\"og:url\" content=\"https:\/\/dev6.erresse-shop.it\/fr\/shop\/table-fr-2\/plats\/villeroy-boch-travertine-plat-de-service\/\" \/>\n<meta property=\"og:site_name\" content=\"dev6 Erresse\" \/>\n<meta property=\"og:image\" content=\"https:\/\/interpim.erresse-shop.it\/wp-content\/uploads\/2025\/05\/VILLEROY-BOCH-Travertine-Piatto-da-Portata.jpg\/villeroy-boch-travertine-piatto-da-portata.jpg\" \/><meta property=\"og:image\" content=\"https:\/\/interpim.erresse-shop.it\/wp-content\/uploads\/2025\/05\/VILLEROY-BOCH-Travertine-Piatto-da-Portata.jpg\/villeroy-boch-travertine-piatto-da-portata.jpg\" \/>\n\t<meta property=\"og:image:width\" content=\"1024\" \/>\n\t<meta property=\"og:image:height\" content=\"1024\" \/>\n\t<meta property=\"og:image:type\" content=\"image\/jpeg\" \/>\n<meta name=\"twitter:card\" content=\"summary_large_image\" \/>\n<meta name=\"twitter:image\" content=\"https:\/\/interpim.erresse-shop.it\/wp-content\/uploads\/2025\/05\/VILLEROY-BOCH-Travertine-Piatto-da-Portata.jpg\/villeroy-boch-travertine-piatto-da-portata.jpg\" \/>\n<script type=\"application\/ld+json\" class=\"yoast-schema-graph\">{\"@context\":\"https:\/\/schema.org\",\"@graph\":[{\"@type\":\"WebPage\",\"@id\":\"https:\/\/dev6.erresse-shop.it\/fr\/shop\/table-fr-2\/plats\/villeroy-boch-travertine-plat-de-service\/\",\"url\":\"https:\/\/dev6.erresse-shop.it\/fr\/shop\/table-fr-2\/plats\/villeroy-boch-travertine-plat-de-service\/\",\"name\":\"VILLEROY &#038; BOCH Travertine Plat de service - dev6 Erresse\",\"isPartOf\":{\"@id\":\"https:\/\/dev6.erresse-shop.it\/#website\"},\"primaryImageOfPage\":{\"@id\":\"https:\/\/dev6.erresse-shop.it\/fr\/shop\/table-fr-2\/plats\/villeroy-boch-travertine-plat-de-service\/#primaryimage\"},\"image\":{\"@id\":\"https:\/\/dev6.erresse-shop.it\/fr\/shop\/table-fr-2\/plats\/villeroy-boch-travertine-plat-de-service\/#primaryimage\"},\"thumbnailUrl\":\"https:\/\/i0.wp.com\/interpim.erresse-shop.it\/wp-content\/uploads\/2025\/05\/VILLEROY-BOCH-Travertine-Piatto-da-Portata.jpg\/villeroy-boch-travertine-piatto-da-portata.jpg?ssl=1\",\"datePublished\":\"2026-04-12T12:23:10+00:00\",\"description\":\"Travertine Plat de service Cette assiette est id\u00e9ale pour servir des ap\u00e9ritifs ou des collations. Le clou de toute assiette \u00e0 collation\u00a0: pr\u00e9sentez avec\",\"breadcrumb\":{\"@id\":\"https:\/\/dev6.erresse-shop.it\/fr\/shop\/table-fr-2\/plats\/villeroy-boch-travertine-plat-de-service\/#breadcrumb\"},\"inLanguage\":\"fr-FR\",\"potentialAction\":[{\"@type\":\"ReadAction\",\"target\":[\"https:\/\/dev6.erresse-shop.it\/fr\/shop\/table-fr-2\/plats\/villeroy-boch-travertine-plat-de-service\/\"]}]},{\"@type\":\"ImageObject\",\"inLanguage\":\"fr-FR\",\"@id\":\"https:\/\/dev6.erresse-shop.it\/fr\/shop\/table-fr-2\/plats\/villeroy-boch-travertine-plat-de-service\/#primaryimage\",\"url\":\"https:\/\/i0.wp.com\/interpim.erresse-shop.it\/wp-content\/uploads\/2025\/05\/VILLEROY-BOCH-Travertine-Piatto-da-Portata.jpg\/villeroy-boch-travertine-piatto-da-portata.jpg?ssl=1\",\"contentUrl\":\"https:\/\/i0.wp.com\/interpim.erresse-shop.it\/wp-content\/uploads\/2025\/05\/VILLEROY-BOCH-Travertine-Piatto-da-Portata.jpg\/villeroy-boch-travertine-piatto-da-portata.jpg?ssl=1\"},{\"@type\":\"BreadcrumbList\",\"@id\":\"https:\/\/dev6.erresse-shop.it\/fr\/shop\/table-fr-2\/plats\/villeroy-boch-travertine-plat-de-service\/#breadcrumb\",\"itemListElement\":[{\"@type\":\"ListItem\",\"position\":1,\"name\":\"Home\",\"item\":\"https:\/\/dev6.erresse-shop.it\/\"},{\"@type\":\"ListItem\",\"position\":2,\"name\":\"Boutique\",\"item\":\"https:\/\/dev6.erresse-shop.it\/shop\/\"},{\"@type\":\"ListItem\",\"position\":3,\"name\":\"VILLEROY &#038; BOCH Travertine Plat de service\"}]},{\"@type\":\"WebSite\",\"@id\":\"https:\/\/dev6.erresse-shop.it\/#website\",\"url\":\"https:\/\/dev6.erresse-shop.it\/\",\"name\":\"Erresse Shop\",\"description\":\"\",\"publisher\":{\"@id\":\"https:\/\/dev6.erresse-shop.it\/#organization\"},\"potentialAction\":[{\"@type\":\"SearchAction\",\"target\":{\"@type\":\"EntryPoint\",\"urlTemplate\":\"https:\/\/dev6.erresse-shop.it\/?s={search_term_string}\"},\"query-input\":{\"@type\":\"PropertyValueSpecification\",\"valueRequired\":true,\"valueName\":\"search_term_string\"}}],\"inLanguage\":\"fr-FR\"},{\"@type\":\"Organization\",\"@id\":\"https:\/\/dev6.erresse-shop.it\/#organization\",\"name\":\"Erresse Shop\",\"url\":\"https:\/\/dev6.erresse-shop.it\/\",\"logo\":{\"@type\":\"ImageObject\",\"inLanguage\":\"fr-FR\",\"@id\":\"https:\/\/dev6.erresse-shop.it\/#\/schema\/logo\/image\/\",\"url\":\"https:\/\/dev6.erresse-shop.it\/wp-content\/uploads\/2025\/01\/LOGO-ERRESSE-CLASSICO.svg\",\"contentUrl\":\"https:\/\/dev6.erresse-shop.it\/wp-content\/uploads\/2025\/01\/LOGO-ERRESSE-CLASSICO.svg\",\"caption\":\"Erresse Shop\"},\"image\":{\"@id\":\"https:\/\/dev6.erresse-shop.it\/#\/schema\/logo\/image\/\"}}]}<\/script>\n<!-- \/ Yoast SEO plugin. -->","yoast_head_json":{"title":"VILLEROY &#038; BOCH Travertine Plat de service - dev6 Erresse","description":"Travertine Plat de service Cette assiette est id\u00e9ale pour servir des ap\u00e9ritifs ou des collations. Le clou de toute assiette \u00e0 collation\u00a0: pr\u00e9sentez avec","robots":{"index":"noindex","follow":"follow","max-snippet":"max-snippet:-1","max-image-preview":"max-image-preview:large","max-video-preview":"max-video-preview:-1"},"og_locale":"fr_FR","og_type":"article","og_title":"VILLEROY &#038; BOCH Travertine Plat de service - dev6 Erresse","og_description":"Travertine Plat de service Cette assiette est id\u00e9ale pour servir des ap\u00e9ritifs ou des collations. Le clou de toute assiette \u00e0 collation\u00a0: pr\u00e9sentez avec","og_url":"https:\/\/dev6.erresse-shop.it\/fr\/shop\/table-fr-2\/plats\/villeroy-boch-travertine-plat-de-service\/","og_site_name":"dev6 Erresse","og_image":[{"url":"https:\/\/interpim.erresse-shop.it\/wp-content\/uploads\/2025\/05\/VILLEROY-BOCH-Travertine-Piatto-da-Portata.jpg\/villeroy-boch-travertine-piatto-da-portata.jpg","type":"","width":"","height":""},{"url":"https:\/\/interpim.erresse-shop.it\/wp-content\/uploads\/2025\/05\/VILLEROY-BOCH-Travertine-Piatto-da-Portata.jpg\/villeroy-boch-travertine-piatto-da-portata.jpg","width":1024,"height":1024,"type":"image\/jpeg"}],"twitter_card":"summary_large_image","twitter_image":"https:\/\/interpim.erresse-shop.it\/wp-content\/uploads\/2025\/05\/VILLEROY-BOCH-Travertine-Piatto-da-Portata.jpg\/villeroy-boch-travertine-piatto-da-portata.jpg","schema":{"@context":"https:\/\/schema.org","@graph":[{"@type":"WebPage","@id":"https:\/\/dev6.erresse-shop.it\/fr\/shop\/table-fr-2\/plats\/villeroy-boch-travertine-plat-de-service\/","url":"https:\/\/dev6.erresse-shop.it\/fr\/shop\/table-fr-2\/plats\/villeroy-boch-travertine-plat-de-service\/","name":"VILLEROY &#038; BOCH Travertine Plat de service - dev6 Erresse","isPartOf":{"@id":"https:\/\/dev6.erresse-shop.it\/#website"},"primaryImageOfPage":{"@id":"https:\/\/dev6.erresse-shop.it\/fr\/shop\/table-fr-2\/plats\/villeroy-boch-travertine-plat-de-service\/#primaryimage"},"image":{"@id":"https:\/\/dev6.erresse-shop.it\/fr\/shop\/table-fr-2\/plats\/villeroy-boch-travertine-plat-de-service\/#primaryimage"},"thumbnailUrl":"https:\/\/i0.wp.com\/interpim.erresse-shop.it\/wp-content\/uploads\/2025\/05\/VILLEROY-BOCH-Travertine-Piatto-da-Portata.jpg\/villeroy-boch-travertine-piatto-da-portata.jpg?ssl=1","datePublished":"2026-04-12T12:23:10+00:00","description":"Travertine Plat de service Cette assiette est id\u00e9ale pour servir des ap\u00e9ritifs ou des collations. Le clou de toute assiette \u00e0 collation\u00a0: pr\u00e9sentez avec","breadcrumb":{"@id":"https:\/\/dev6.erresse-shop.it\/fr\/shop\/table-fr-2\/plats\/villeroy-boch-travertine-plat-de-service\/#breadcrumb"},"inLanguage":"fr-FR","potentialAction":[{"@type":"ReadAction","target":["https:\/\/dev6.erresse-shop.it\/fr\/shop\/table-fr-2\/plats\/villeroy-boch-travertine-plat-de-service\/"]}]},{"@type":"ImageObject","inLanguage":"fr-FR","@id":"https:\/\/dev6.erresse-shop.it\/fr\/shop\/table-fr-2\/plats\/villeroy-boch-travertine-plat-de-service\/#primaryimage","url":"https:\/\/i0.wp.com\/interpim.erresse-shop.it\/wp-content\/uploads\/2025\/05\/VILLEROY-BOCH-Travertine-Piatto-da-Portata.jpg\/villeroy-boch-travertine-piatto-da-portata.jpg?ssl=1","contentUrl":"https:\/\/i0.wp.com\/interpim.erresse-shop.it\/wp-content\/uploads\/2025\/05\/VILLEROY-BOCH-Travertine-Piatto-da-Portata.jpg\/villeroy-boch-travertine-piatto-da-portata.jpg?ssl=1"},{"@type":"BreadcrumbList","@id":"https:\/\/dev6.erresse-shop.it\/fr\/shop\/table-fr-2\/plats\/villeroy-boch-travertine-plat-de-service\/#breadcrumb","itemListElement":[{"@type":"ListItem","position":1,"name":"Home","item":"https:\/\/dev6.erresse-shop.it\/"},{"@type":"ListItem","position":2,"name":"Boutique","item":"https:\/\/dev6.erresse-shop.it\/shop\/"},{"@type":"ListItem","position":3,"name":"VILLEROY &#038; BOCH Travertine Plat de service"}]},{"@type":"WebSite","@id":"https:\/\/dev6.erresse-shop.it\/#website","url":"https:\/\/dev6.erresse-shop.it\/","name":"Erresse Shop","description":"","publisher":{"@id":"https:\/\/dev6.erresse-shop.it\/#organization"},"potentialAction":[{"@type":"SearchAction","target":{"@type":"EntryPoint","urlTemplate":"https:\/\/dev6.erresse-shop.it\/?s={search_term_string}"},"query-input":{"@type":"PropertyValueSpecification","valueRequired":true,"valueName":"search_term_string"}}],"inLanguage":"fr-FR"},{"@type":"Organization","@id":"https:\/\/dev6.erresse-shop.it\/#organization","name":"Erresse Shop","url":"https:\/\/dev6.erresse-shop.it\/","logo":{"@type":"ImageObject","inLanguage":"fr-FR","@id":"https:\/\/dev6.erresse-shop.it\/#\/schema\/logo\/image\/","url":"https:\/\/dev6.erresse-shop.it\/wp-content\/uploads\/2025\/01\/LOGO-ERRESSE-CLASSICO.svg","contentUrl":"https:\/\/dev6.erresse-shop.it\/wp-content\/uploads\/2025\/01\/LOGO-ERRESSE-CLASSICO.svg","caption":"Erresse Shop"},"image":{"@id":"https:\/\/dev6.erresse-shop.it\/#\/schema\/logo\/image\/"}}]}},"df_price":"","df_sale_price":"","df_regular_price":"","df_image_link":"https:\/\/i0.wp.com\/interpim.erresse-shop.it\/wp-content\/uploads\/2025\/05\/VILLEROY-BOCH-Travertine-Piatto-da-Portata.jpg\/villeroy-boch-travertine-piatto-da-portata.jpg?resize=300,300&ssl=1","fifu_image_url":"https:\/\/interpim.erresse-shop.it\/wp-content\/uploads\/2025\/05\/VILLEROY-BOCH-Travertine-Piatto-da-Portata.jpg\/villeroy-boch-travertine-piatto-da-portata.jpg","_links":{"self":[{"href":"https:\/\/dev6.erresse-shop.it\/fr\/wp-json\/wp\/v2\/product\/2306987","targetHints":{"allow":["GET"]}}],"collection":[{"href":"https:\/\/dev6.erresse-shop.it\/fr\/wp-json\/wp\/v2\/product"}],"about":[{"href":"https:\/\/dev6.erresse-shop.it\/fr\/wp-json\/wp\/v2\/types\/product"}],"wp:featuredmedia":[{"embeddable":true,"href":"https:\/\/dev6.erresse-shop.it\/fr\/wp-json\/wp\/v2\/media\/6380490"}],"wp:attachment":[{"href":"https:\/\/dev6.erresse-shop.it\/fr\/wp-json\/wp\/v2\/media?parent=2306987"}],"wp:term":[{"taxonomy":"product_cat","embeddable":true,"href":"https:\/\/dev6.erresse-shop.it\/fr\/wp-json\/wp\/v2\/product_cat?post=2306987"},{"taxonomy":"product_tag","embeddable":true,"href":"https:\/\/dev6.erresse-shop.it\/fr\/wp-json\/wp\/v2\/product_tag?post=2306987"}],"curies":[{"name":"wp","href":"https:\/\/api.w.org\/{rel}","templated":true}]}}