{"id":2306979,"date":"2026-04-12T14:23:10","date_gmt":"2026-04-12T12:23:10","guid":{"rendered":"https:\/\/dev6.erresse-shop.it\/shop\/non%20class\u00e9\/villeroy-boch-audun-set-de-2-bols-macedoine\/"},"modified":"2026-02-05T18:36:43","modified_gmt":"2026-02-05T17:36:43","slug":"villeroy-boch-audun-set-de-2-bols-macedoine","status":"publish","type":"product","link":"https:\/\/dev6.erresse-shop.it\/fr\/shop\/table-fr-2\/plats-de-service\/villeroy-boch-audun-set-de-2-bols-macedoine\/","title":{"rendered":"VILLEROY &#038; BOCH Audun Set de 2 bols Mac\u00e9doine"},"content":{"rendered":"<p class=\"p1\">Ensemble de saladiers de fruits<br \/>\nD\u00e9couvrez le set de 2 saladiers \u00e0 fruits de la collection Audun, r\u00e9alis\u00e9 en porcelaine premium de haute qualit\u00e9. Parfaits pour servir des fruits frais, des desserts ou des ap\u00e9ritifs, ces bols au design \u00e9l\u00e9gant et raffin\u00e9 ajoutent une touche de classe \u00e0 votre table. Chaque bol est robuste et durable, id\u00e9al pour un usage quotidien ou des occasions sp\u00e9ciales. Avec leur style simple et contemporain, ils s\u2019adaptent facilement \u00e0 n\u2019importe quel d\u00e9cor, faisant de chaque repas une exp\u00e9rience plus agr\u00e9able. C\u2019est \u00e9galement un excellent choix de cadeau pour ceux qui aiment la beaut\u00e9 et la fonctionnalit\u00e9 sur la table.<\/p>\n<p>Mat\u00e9riau\u00a0: porcelaine de qualit\u00e9 sup\u00e9rieure<br \/>\nVolume\u00a0:470 ml<br \/>\nDimensions : \u2300 14 x H 7,8 cm<br \/>\nLave-vaisselle\u00a0: oui<br \/>\nConvient au micro-ondes\u00a0: oui<\/p>\n","protected":false},"excerpt":{"rendered":"<p>Ensemble de saladiers de fruits D\u00e9couvrez le set de 2 saladiers \u00e0 fruits de la collection Audun, r\u00e9alis\u00e9 en porcelaine premium de haute qualit\u00e9. Parfaits pour servir des fruits frais, des desserts ou des ap\u00e9ritifs, ces bols au design \u00e9l\u00e9gant et raffin\u00e9 ajoutent une touche de classe \u00e0 votre table. Chaque bol est robuste et [&hellip;]<\/p>\n","protected":false},"featured_media":6380471,"template":"","meta":{"_acf_changed":false},"product_cat":[12045,11995],"product_tag":[],"class_list":{"0":"post-2306979","1":"product","2":"type-product","3":"status-publish","4":"has-post-thumbnail","6":"product_cat-plats-de-service","7":"product_cat-table-fr-2","9":"first","10":"instock","11":"sale","12":"taxable","13":"shipping-taxable","14":"purchasable","15":"product-type-simple","swatches":"rey-swatches","show_selected":"","stretch_labels":"rey-swatches--stretch-labels"},"acf":[],"yoast_head":"<!-- This site is optimized with the Yoast SEO plugin v25.4 - https:\/\/yoast.com\/wordpress\/plugins\/seo\/ -->\n<title>VILLEROY &#038; BOCH Audun Set de 2 bols Mac\u00e9doine - dev6 Erresse<\/title>\n<meta name=\"description\" content=\"Ensemble de saladiers de fruits D\u00e9couvrez le set de 2 saladiers \u00e0 fruits de la collection Audun, r\u00e9alis\u00e9 en porcelaine premium de haute qualit\u00e9. Parfaits\" \/>\n<meta name=\"robots\" content=\"noindex, follow, max-snippet:-1, max-image-preview:large, max-video-preview:-1\" \/>\n<meta property=\"og:locale\" content=\"fr_FR\" \/>\n<meta property=\"og:type\" content=\"article\" \/>\n<meta property=\"og:title\" content=\"VILLEROY &#038; BOCH Audun Set de 2 bols Mac\u00e9doine - dev6 Erresse\" \/>\n<meta property=\"og:description\" content=\"Ensemble de saladiers de fruits D\u00e9couvrez le set de 2 saladiers \u00e0 fruits de la collection Audun, r\u00e9alis\u00e9 en porcelaine premium de haute qualit\u00e9. Parfaits\" \/>\n<meta property=\"og:url\" content=\"https:\/\/dev6.erresse-shop.it\/fr\/shop\/table-fr-2\/plats-de-service\/villeroy-boch-audun-set-de-2-bols-macedoine\/\" \/>\n<meta property=\"og:site_name\" content=\"dev6 Erresse\" \/>\n<meta property=\"og:image\" content=\"https:\/\/interpim.erresse-shop.it\/wp-content\/uploads\/2025\/04\/VILLEROY-BOCH-Audun-Set-2-Ciotole-Macedonia.jpg\/villeroy-boch-audun-set-2-ciotole-macedonia.jpg\" \/><meta property=\"og:image\" content=\"https:\/\/interpim.erresse-shop.it\/wp-content\/uploads\/2025\/04\/VILLEROY-BOCH-Audun-Set-2-Ciotole-Macedonia.jpg\/villeroy-boch-audun-set-2-ciotole-macedonia.jpg\" \/>\n\t<meta property=\"og:image:width\" content=\"1024\" \/>\n\t<meta property=\"og:image:height\" content=\"1024\" \/>\n\t<meta property=\"og:image:type\" content=\"image\/jpeg\" \/>\n<meta name=\"twitter:card\" content=\"summary_large_image\" \/>\n<meta name=\"twitter:image\" content=\"https:\/\/interpim.erresse-shop.it\/wp-content\/uploads\/2025\/04\/VILLEROY-BOCH-Audun-Set-2-Ciotole-Macedonia.jpg\/villeroy-boch-audun-set-2-ciotole-macedonia.jpg\" \/>\n<script type=\"application\/ld+json\" class=\"yoast-schema-graph\">{\"@context\":\"https:\/\/schema.org\",\"@graph\":[{\"@type\":\"WebPage\",\"@id\":\"https:\/\/dev6.erresse-shop.it\/fr\/shop\/table-fr-2\/plats-de-service\/villeroy-boch-audun-set-de-2-bols-macedoine\/\",\"url\":\"https:\/\/dev6.erresse-shop.it\/fr\/shop\/table-fr-2\/plats-de-service\/villeroy-boch-audun-set-de-2-bols-macedoine\/\",\"name\":\"VILLEROY &#038; BOCH Audun Set de 2 bols Mac\u00e9doine - dev6 Erresse\",\"isPartOf\":{\"@id\":\"https:\/\/dev6.erresse-shop.it\/#website\"},\"primaryImageOfPage\":{\"@id\":\"https:\/\/dev6.erresse-shop.it\/fr\/shop\/table-fr-2\/plats-de-service\/villeroy-boch-audun-set-de-2-bols-macedoine\/#primaryimage\"},\"image\":{\"@id\":\"https:\/\/dev6.erresse-shop.it\/fr\/shop\/table-fr-2\/plats-de-service\/villeroy-boch-audun-set-de-2-bols-macedoine\/#primaryimage\"},\"thumbnailUrl\":\"https:\/\/i1.wp.com\/interpim.erresse-shop.it\/wp-content\/uploads\/2025\/04\/VILLEROY-BOCH-Audun-Set-2-Ciotole-Macedonia.jpg\/villeroy-boch-audun-set-2-ciotole-macedonia.jpg?ssl=1\",\"datePublished\":\"2026-04-12T12:23:10+00:00\",\"description\":\"Ensemble de saladiers de fruits D\u00e9couvrez le set de 2 saladiers \u00e0 fruits de la collection Audun, r\u00e9alis\u00e9 en porcelaine premium de haute qualit\u00e9. Parfaits\",\"breadcrumb\":{\"@id\":\"https:\/\/dev6.erresse-shop.it\/fr\/shop\/table-fr-2\/plats-de-service\/villeroy-boch-audun-set-de-2-bols-macedoine\/#breadcrumb\"},\"inLanguage\":\"fr-FR\",\"potentialAction\":[{\"@type\":\"ReadAction\",\"target\":[\"https:\/\/dev6.erresse-shop.it\/fr\/shop\/table-fr-2\/plats-de-service\/villeroy-boch-audun-set-de-2-bols-macedoine\/\"]}]},{\"@type\":\"ImageObject\",\"inLanguage\":\"fr-FR\",\"@id\":\"https:\/\/dev6.erresse-shop.it\/fr\/shop\/table-fr-2\/plats-de-service\/villeroy-boch-audun-set-de-2-bols-macedoine\/#primaryimage\",\"url\":\"https:\/\/i1.wp.com\/interpim.erresse-shop.it\/wp-content\/uploads\/2025\/04\/VILLEROY-BOCH-Audun-Set-2-Ciotole-Macedonia.jpg\/villeroy-boch-audun-set-2-ciotole-macedonia.jpg?ssl=1\",\"contentUrl\":\"https:\/\/i1.wp.com\/interpim.erresse-shop.it\/wp-content\/uploads\/2025\/04\/VILLEROY-BOCH-Audun-Set-2-Ciotole-Macedonia.jpg\/villeroy-boch-audun-set-2-ciotole-macedonia.jpg?ssl=1\"},{\"@type\":\"BreadcrumbList\",\"@id\":\"https:\/\/dev6.erresse-shop.it\/fr\/shop\/table-fr-2\/plats-de-service\/villeroy-boch-audun-set-de-2-bols-macedoine\/#breadcrumb\",\"itemListElement\":[{\"@type\":\"ListItem\",\"position\":1,\"name\":\"Home\",\"item\":\"https:\/\/dev6.erresse-shop.it\/\"},{\"@type\":\"ListItem\",\"position\":2,\"name\":\"Boutique\",\"item\":\"https:\/\/dev6.erresse-shop.it\/shop\/\"},{\"@type\":\"ListItem\",\"position\":3,\"name\":\"VILLEROY &#038; BOCH Audun Set de 2 bols Mac\u00e9doine\"}]},{\"@type\":\"WebSite\",\"@id\":\"https:\/\/dev6.erresse-shop.it\/#website\",\"url\":\"https:\/\/dev6.erresse-shop.it\/\",\"name\":\"Erresse Shop\",\"description\":\"\",\"publisher\":{\"@id\":\"https:\/\/dev6.erresse-shop.it\/#organization\"},\"potentialAction\":[{\"@type\":\"SearchAction\",\"target\":{\"@type\":\"EntryPoint\",\"urlTemplate\":\"https:\/\/dev6.erresse-shop.it\/?s={search_term_string}\"},\"query-input\":{\"@type\":\"PropertyValueSpecification\",\"valueRequired\":true,\"valueName\":\"search_term_string\"}}],\"inLanguage\":\"fr-FR\"},{\"@type\":\"Organization\",\"@id\":\"https:\/\/dev6.erresse-shop.it\/#organization\",\"name\":\"Erresse Shop\",\"url\":\"https:\/\/dev6.erresse-shop.it\/\",\"logo\":{\"@type\":\"ImageObject\",\"inLanguage\":\"fr-FR\",\"@id\":\"https:\/\/dev6.erresse-shop.it\/#\/schema\/logo\/image\/\",\"url\":\"https:\/\/dev6.erresse-shop.it\/wp-content\/uploads\/2025\/01\/LOGO-ERRESSE-CLASSICO.svg\",\"contentUrl\":\"https:\/\/dev6.erresse-shop.it\/wp-content\/uploads\/2025\/01\/LOGO-ERRESSE-CLASSICO.svg\",\"caption\":\"Erresse Shop\"},\"image\":{\"@id\":\"https:\/\/dev6.erresse-shop.it\/#\/schema\/logo\/image\/\"}}]}<\/script>\n<!-- \/ Yoast SEO plugin. -->","yoast_head_json":{"title":"VILLEROY &#038; BOCH Audun Set de 2 bols Mac\u00e9doine - dev6 Erresse","description":"Ensemble de saladiers de fruits D\u00e9couvrez le set de 2 saladiers \u00e0 fruits de la collection Audun, r\u00e9alis\u00e9 en porcelaine premium de haute qualit\u00e9. Parfaits","robots":{"index":"noindex","follow":"follow","max-snippet":"max-snippet:-1","max-image-preview":"max-image-preview:large","max-video-preview":"max-video-preview:-1"},"og_locale":"fr_FR","og_type":"article","og_title":"VILLEROY &#038; BOCH Audun Set de 2 bols Mac\u00e9doine - dev6 Erresse","og_description":"Ensemble de saladiers de fruits D\u00e9couvrez le set de 2 saladiers \u00e0 fruits de la collection Audun, r\u00e9alis\u00e9 en porcelaine premium de haute qualit\u00e9. Parfaits","og_url":"https:\/\/dev6.erresse-shop.it\/fr\/shop\/table-fr-2\/plats-de-service\/villeroy-boch-audun-set-de-2-bols-macedoine\/","og_site_name":"dev6 Erresse","og_image":[{"url":"https:\/\/interpim.erresse-shop.it\/wp-content\/uploads\/2025\/04\/VILLEROY-BOCH-Audun-Set-2-Ciotole-Macedonia.jpg\/villeroy-boch-audun-set-2-ciotole-macedonia.jpg","type":"","width":"","height":""},{"url":"https:\/\/interpim.erresse-shop.it\/wp-content\/uploads\/2025\/04\/VILLEROY-BOCH-Audun-Set-2-Ciotole-Macedonia.jpg\/villeroy-boch-audun-set-2-ciotole-macedonia.jpg","width":1024,"height":1024,"type":"image\/jpeg"}],"twitter_card":"summary_large_image","twitter_image":"https:\/\/interpim.erresse-shop.it\/wp-content\/uploads\/2025\/04\/VILLEROY-BOCH-Audun-Set-2-Ciotole-Macedonia.jpg\/villeroy-boch-audun-set-2-ciotole-macedonia.jpg","schema":{"@context":"https:\/\/schema.org","@graph":[{"@type":"WebPage","@id":"https:\/\/dev6.erresse-shop.it\/fr\/shop\/table-fr-2\/plats-de-service\/villeroy-boch-audun-set-de-2-bols-macedoine\/","url":"https:\/\/dev6.erresse-shop.it\/fr\/shop\/table-fr-2\/plats-de-service\/villeroy-boch-audun-set-de-2-bols-macedoine\/","name":"VILLEROY &#038; BOCH Audun Set de 2 bols Mac\u00e9doine - dev6 Erresse","isPartOf":{"@id":"https:\/\/dev6.erresse-shop.it\/#website"},"primaryImageOfPage":{"@id":"https:\/\/dev6.erresse-shop.it\/fr\/shop\/table-fr-2\/plats-de-service\/villeroy-boch-audun-set-de-2-bols-macedoine\/#primaryimage"},"image":{"@id":"https:\/\/dev6.erresse-shop.it\/fr\/shop\/table-fr-2\/plats-de-service\/villeroy-boch-audun-set-de-2-bols-macedoine\/#primaryimage"},"thumbnailUrl":"https:\/\/i1.wp.com\/interpim.erresse-shop.it\/wp-content\/uploads\/2025\/04\/VILLEROY-BOCH-Audun-Set-2-Ciotole-Macedonia.jpg\/villeroy-boch-audun-set-2-ciotole-macedonia.jpg?ssl=1","datePublished":"2026-04-12T12:23:10+00:00","description":"Ensemble de saladiers de fruits D\u00e9couvrez le set de 2 saladiers \u00e0 fruits de la collection Audun, r\u00e9alis\u00e9 en porcelaine premium de haute qualit\u00e9. Parfaits","breadcrumb":{"@id":"https:\/\/dev6.erresse-shop.it\/fr\/shop\/table-fr-2\/plats-de-service\/villeroy-boch-audun-set-de-2-bols-macedoine\/#breadcrumb"},"inLanguage":"fr-FR","potentialAction":[{"@type":"ReadAction","target":["https:\/\/dev6.erresse-shop.it\/fr\/shop\/table-fr-2\/plats-de-service\/villeroy-boch-audun-set-de-2-bols-macedoine\/"]}]},{"@type":"ImageObject","inLanguage":"fr-FR","@id":"https:\/\/dev6.erresse-shop.it\/fr\/shop\/table-fr-2\/plats-de-service\/villeroy-boch-audun-set-de-2-bols-macedoine\/#primaryimage","url":"https:\/\/i1.wp.com\/interpim.erresse-shop.it\/wp-content\/uploads\/2025\/04\/VILLEROY-BOCH-Audun-Set-2-Ciotole-Macedonia.jpg\/villeroy-boch-audun-set-2-ciotole-macedonia.jpg?ssl=1","contentUrl":"https:\/\/i1.wp.com\/interpim.erresse-shop.it\/wp-content\/uploads\/2025\/04\/VILLEROY-BOCH-Audun-Set-2-Ciotole-Macedonia.jpg\/villeroy-boch-audun-set-2-ciotole-macedonia.jpg?ssl=1"},{"@type":"BreadcrumbList","@id":"https:\/\/dev6.erresse-shop.it\/fr\/shop\/table-fr-2\/plats-de-service\/villeroy-boch-audun-set-de-2-bols-macedoine\/#breadcrumb","itemListElement":[{"@type":"ListItem","position":1,"name":"Home","item":"https:\/\/dev6.erresse-shop.it\/"},{"@type":"ListItem","position":2,"name":"Boutique","item":"https:\/\/dev6.erresse-shop.it\/shop\/"},{"@type":"ListItem","position":3,"name":"VILLEROY &#038; BOCH Audun Set de 2 bols Mac\u00e9doine"}]},{"@type":"WebSite","@id":"https:\/\/dev6.erresse-shop.it\/#website","url":"https:\/\/dev6.erresse-shop.it\/","name":"Erresse Shop","description":"","publisher":{"@id":"https:\/\/dev6.erresse-shop.it\/#organization"},"potentialAction":[{"@type":"SearchAction","target":{"@type":"EntryPoint","urlTemplate":"https:\/\/dev6.erresse-shop.it\/?s={search_term_string}"},"query-input":{"@type":"PropertyValueSpecification","valueRequired":true,"valueName":"search_term_string"}}],"inLanguage":"fr-FR"},{"@type":"Organization","@id":"https:\/\/dev6.erresse-shop.it\/#organization","name":"Erresse Shop","url":"https:\/\/dev6.erresse-shop.it\/","logo":{"@type":"ImageObject","inLanguage":"fr-FR","@id":"https:\/\/dev6.erresse-shop.it\/#\/schema\/logo\/image\/","url":"https:\/\/dev6.erresse-shop.it\/wp-content\/uploads\/2025\/01\/LOGO-ERRESSE-CLASSICO.svg","contentUrl":"https:\/\/dev6.erresse-shop.it\/wp-content\/uploads\/2025\/01\/LOGO-ERRESSE-CLASSICO.svg","caption":"Erresse Shop"},"image":{"@id":"https:\/\/dev6.erresse-shop.it\/#\/schema\/logo\/image\/"}}]}},"df_price":92.95,"df_sale_price":92.95,"df_regular_price":131.6,"df_image_link":"https:\/\/i1.wp.com\/interpim.erresse-shop.it\/wp-content\/uploads\/2025\/04\/VILLEROY-BOCH-Audun-Set-2-Ciotole-Macedonia.jpg\/villeroy-boch-audun-set-2-ciotole-macedonia.jpg?resize=300,300&ssl=1","fifu_image_url":"https:\/\/interpim.erresse-shop.it\/wp-content\/uploads\/2025\/04\/VILLEROY-BOCH-Audun-Set-2-Ciotole-Macedonia.jpg\/villeroy-boch-audun-set-2-ciotole-macedonia.jpg","_links":{"self":[{"href":"https:\/\/dev6.erresse-shop.it\/fr\/wp-json\/wp\/v2\/product\/2306979","targetHints":{"allow":["GET"]}}],"collection":[{"href":"https:\/\/dev6.erresse-shop.it\/fr\/wp-json\/wp\/v2\/product"}],"about":[{"href":"https:\/\/dev6.erresse-shop.it\/fr\/wp-json\/wp\/v2\/types\/product"}],"wp:featuredmedia":[{"embeddable":true,"href":"https:\/\/dev6.erresse-shop.it\/fr\/wp-json\/wp\/v2\/media\/6380471"}],"wp:attachment":[{"href":"https:\/\/dev6.erresse-shop.it\/fr\/wp-json\/wp\/v2\/media?parent=2306979"}],"wp:term":[{"taxonomy":"product_cat","embeddable":true,"href":"https:\/\/dev6.erresse-shop.it\/fr\/wp-json\/wp\/v2\/product_cat?post=2306979"},{"taxonomy":"product_tag","embeddable":true,"href":"https:\/\/dev6.erresse-shop.it\/fr\/wp-json\/wp\/v2\/product_tag?post=2306979"}],"curies":[{"name":"wp","href":"https:\/\/api.w.org\/{rel}","templated":true}]}}