{"id":2306967,"date":"2026-04-12T14:23:10","date_gmt":"2026-04-12T12:23:10","guid":{"rendered":"https:\/\/dev6.erresse-shop.it\/shop\/non%20class\u00e9\/villeroy-boch-petite-fleur-assiette-de-service-24-cm\/"},"modified":"2025-09-14T07:01:32","modified_gmt":"2025-09-14T05:01:32","slug":"villeroy-boch-petite-fleur-assiette-de-service-24-cm","status":"publish","type":"product","link":"https:\/\/dev6.erresse-shop.it\/fr\/shop\/table-fr-2\/plats-de-service\/villeroy-boch-petite-fleur-assiette-de-service-24-cm\/","title":{"rendered":"VILLEROY &#038; BOCH Petite Fleur Assiette de service 24 cm"},"content":{"rendered":"<p class=\"p1\">Assiette de service<br \/>\nCr\u00e9ez un \u00e9v\u00e9nement sp\u00e9cial avec cette assiette de service en porcelaine premium, un ajout \u00e9l\u00e9gant et fonctionnel \u00e0 votre table. Id\u00e9ale pour servir des plats principaux, des accompagnements ou des entr\u00e9es, cette assiette est fabriqu\u00e9e \u00e0 partir de mat\u00e9riaux de haute qualit\u00e9, garantissant r\u00e9sistance et durabilit\u00e9. Son design \u00e9pur\u00e9 et raffin\u00e9 la rend id\u00e9ale pour tout type d\u2019\u00e9v\u00e9nement, des d\u00e9jeuners de famille aux d\u00eeners officiels. Gr\u00e2ce \u00e0 sa grande surface, elle offre suffisamment d\u2019espace pour pr\u00e9senter vos plats avec \u00e9l\u00e9gance, transformant chaque repas en une exp\u00e9rience culinaire inoubliable. Un cadeau id\u00e9al pour ceux qui aiment dresser la table avec style.<\/p>\n<p>Mat\u00e9riau\u00a0: porcelaine premium<br \/>\nDimensions\u00a0: \u2300 24 x H 2,7 cm<br \/>\nLave-vaisselle\u00a0: oui<br \/>\nConvient au micro-ondes\u00a0: oui<\/p>\n","protected":false},"excerpt":{"rendered":"<p>Assiette de service Cr\u00e9ez un \u00e9v\u00e9nement sp\u00e9cial avec cette assiette de service en porcelaine premium, un ajout \u00e9l\u00e9gant et fonctionnel \u00e0 votre table. Id\u00e9ale pour servir des plats principaux, des accompagnements ou des entr\u00e9es, cette assiette est fabriqu\u00e9e \u00e0 partir de mat\u00e9riaux de haute qualit\u00e9, garantissant r\u00e9sistance et durabilit\u00e9. Son design \u00e9pur\u00e9 et raffin\u00e9 la [&hellip;]<\/p>\n","protected":false},"featured_media":6380441,"template":"","meta":{"_acf_changed":false},"product_cat":[12045,11995],"product_tag":[],"class_list":{"0":"post-2306967","1":"product","2":"type-product","3":"status-publish","4":"has-post-thumbnail","6":"product_cat-plats-de-service","7":"product_cat-table-fr-2","9":"first","10":"instock","11":"taxable","12":"shipping-taxable","13":"purchasable","14":"product-type-simple","swatches":"rey-swatches","show_selected":"","stretch_labels":"rey-swatches--stretch-labels"},"acf":[],"yoast_head":"<!-- This site is optimized with the Yoast SEO plugin v25.4 - https:\/\/yoast.com\/wordpress\/plugins\/seo\/ -->\n<title>VILLEROY &#038; BOCH Petite Fleur Assiette de service 24 cm - dev6 Erresse<\/title>\n<meta name=\"description\" content=\"Assiette de service Cr\u00e9ez un \u00e9v\u00e9nement sp\u00e9cial avec cette assiette de service en porcelaine premium, un ajout \u00e9l\u00e9gant et fonctionnel \u00e0 votre table. Id\u00e9ale\" \/>\n<meta name=\"robots\" content=\"noindex, follow, max-snippet:-1, max-image-preview:large, max-video-preview:-1\" \/>\n<meta property=\"og:locale\" content=\"fr_FR\" \/>\n<meta property=\"og:type\" content=\"article\" \/>\n<meta property=\"og:title\" content=\"VILLEROY &#038; BOCH Petite Fleur Assiette de service 24 cm - dev6 Erresse\" \/>\n<meta property=\"og:description\" content=\"Assiette de service Cr\u00e9ez un \u00e9v\u00e9nement sp\u00e9cial avec cette assiette de service en porcelaine premium, un ajout \u00e9l\u00e9gant et fonctionnel \u00e0 votre table. Id\u00e9ale\" \/>\n<meta property=\"og:url\" content=\"https:\/\/dev6.erresse-shop.it\/fr\/shop\/table-fr-2\/plats-de-service\/villeroy-boch-petite-fleur-assiette-de-service-24-cm\/\" \/>\n<meta property=\"og:site_name\" content=\"dev6 Erresse\" \/>\n<meta property=\"og:image\" content=\"https:\/\/interpim.erresse-shop.it\/wp-content\/uploads\/2025\/04\/VILLEROY-BOCH-Petite-Fleur-Piatto-Portata-24-cm.jpg\/villeroy-boch-petite-fleur-piatto-portata-24-cm.jpg\" \/><meta property=\"og:image\" content=\"https:\/\/interpim.erresse-shop.it\/wp-content\/uploads\/2025\/04\/VILLEROY-BOCH-Petite-Fleur-Piatto-Portata-24-cm.jpg\/villeroy-boch-petite-fleur-piatto-portata-24-cm.jpg\" \/>\n\t<meta property=\"og:image:width\" content=\"1024\" \/>\n\t<meta property=\"og:image:height\" content=\"1024\" \/>\n\t<meta property=\"og:image:type\" content=\"image\/jpeg\" \/>\n<meta name=\"twitter:card\" content=\"summary_large_image\" \/>\n<meta name=\"twitter:image\" content=\"https:\/\/interpim.erresse-shop.it\/wp-content\/uploads\/2025\/04\/VILLEROY-BOCH-Petite-Fleur-Piatto-Portata-24-cm.jpg\/villeroy-boch-petite-fleur-piatto-portata-24-cm.jpg\" \/>\n<script type=\"application\/ld+json\" class=\"yoast-schema-graph\">{\"@context\":\"https:\/\/schema.org\",\"@graph\":[{\"@type\":\"WebPage\",\"@id\":\"https:\/\/dev6.erresse-shop.it\/fr\/shop\/table-fr-2\/plats-de-service\/villeroy-boch-petite-fleur-assiette-de-service-24-cm\/\",\"url\":\"https:\/\/dev6.erresse-shop.it\/fr\/shop\/table-fr-2\/plats-de-service\/villeroy-boch-petite-fleur-assiette-de-service-24-cm\/\",\"name\":\"VILLEROY &#038; BOCH Petite Fleur Assiette de service 24 cm - dev6 Erresse\",\"isPartOf\":{\"@id\":\"https:\/\/dev6.erresse-shop.it\/#website\"},\"primaryImageOfPage\":{\"@id\":\"https:\/\/dev6.erresse-shop.it\/fr\/shop\/table-fr-2\/plats-de-service\/villeroy-boch-petite-fleur-assiette-de-service-24-cm\/#primaryimage\"},\"image\":{\"@id\":\"https:\/\/dev6.erresse-shop.it\/fr\/shop\/table-fr-2\/plats-de-service\/villeroy-boch-petite-fleur-assiette-de-service-24-cm\/#primaryimage\"},\"thumbnailUrl\":\"https:\/\/i0.wp.com\/interpim.erresse-shop.it\/wp-content\/uploads\/2025\/04\/VILLEROY-BOCH-Petite-Fleur-Piatto-Portata-24-cm.jpg\/villeroy-boch-petite-fleur-piatto-portata-24-cm.jpg?ssl=1\",\"datePublished\":\"2026-04-12T12:23:10+00:00\",\"description\":\"Assiette de service Cr\u00e9ez un \u00e9v\u00e9nement sp\u00e9cial avec cette assiette de service en porcelaine premium, un ajout \u00e9l\u00e9gant et fonctionnel \u00e0 votre table. Id\u00e9ale\",\"breadcrumb\":{\"@id\":\"https:\/\/dev6.erresse-shop.it\/fr\/shop\/table-fr-2\/plats-de-service\/villeroy-boch-petite-fleur-assiette-de-service-24-cm\/#breadcrumb\"},\"inLanguage\":\"fr-FR\",\"potentialAction\":[{\"@type\":\"ReadAction\",\"target\":[\"https:\/\/dev6.erresse-shop.it\/fr\/shop\/table-fr-2\/plats-de-service\/villeroy-boch-petite-fleur-assiette-de-service-24-cm\/\"]}]},{\"@type\":\"ImageObject\",\"inLanguage\":\"fr-FR\",\"@id\":\"https:\/\/dev6.erresse-shop.it\/fr\/shop\/table-fr-2\/plats-de-service\/villeroy-boch-petite-fleur-assiette-de-service-24-cm\/#primaryimage\",\"url\":\"https:\/\/i0.wp.com\/interpim.erresse-shop.it\/wp-content\/uploads\/2025\/04\/VILLEROY-BOCH-Petite-Fleur-Piatto-Portata-24-cm.jpg\/villeroy-boch-petite-fleur-piatto-portata-24-cm.jpg?ssl=1\",\"contentUrl\":\"https:\/\/i0.wp.com\/interpim.erresse-shop.it\/wp-content\/uploads\/2025\/04\/VILLEROY-BOCH-Petite-Fleur-Piatto-Portata-24-cm.jpg\/villeroy-boch-petite-fleur-piatto-portata-24-cm.jpg?ssl=1\"},{\"@type\":\"BreadcrumbList\",\"@id\":\"https:\/\/dev6.erresse-shop.it\/fr\/shop\/table-fr-2\/plats-de-service\/villeroy-boch-petite-fleur-assiette-de-service-24-cm\/#breadcrumb\",\"itemListElement\":[{\"@type\":\"ListItem\",\"position\":1,\"name\":\"Home\",\"item\":\"https:\/\/dev6.erresse-shop.it\/\"},{\"@type\":\"ListItem\",\"position\":2,\"name\":\"Boutique\",\"item\":\"https:\/\/dev6.erresse-shop.it\/shop\/\"},{\"@type\":\"ListItem\",\"position\":3,\"name\":\"VILLEROY &#038; BOCH Petite Fleur Assiette de service 24 cm\"}]},{\"@type\":\"WebSite\",\"@id\":\"https:\/\/dev6.erresse-shop.it\/#website\",\"url\":\"https:\/\/dev6.erresse-shop.it\/\",\"name\":\"Erresse Shop\",\"description\":\"\",\"publisher\":{\"@id\":\"https:\/\/dev6.erresse-shop.it\/#organization\"},\"potentialAction\":[{\"@type\":\"SearchAction\",\"target\":{\"@type\":\"EntryPoint\",\"urlTemplate\":\"https:\/\/dev6.erresse-shop.it\/?s={search_term_string}\"},\"query-input\":{\"@type\":\"PropertyValueSpecification\",\"valueRequired\":true,\"valueName\":\"search_term_string\"}}],\"inLanguage\":\"fr-FR\"},{\"@type\":\"Organization\",\"@id\":\"https:\/\/dev6.erresse-shop.it\/#organization\",\"name\":\"Erresse Shop\",\"url\":\"https:\/\/dev6.erresse-shop.it\/\",\"logo\":{\"@type\":\"ImageObject\",\"inLanguage\":\"fr-FR\",\"@id\":\"https:\/\/dev6.erresse-shop.it\/#\/schema\/logo\/image\/\",\"url\":\"https:\/\/dev6.erresse-shop.it\/wp-content\/uploads\/2025\/01\/LOGO-ERRESSE-CLASSICO.svg\",\"contentUrl\":\"https:\/\/dev6.erresse-shop.it\/wp-content\/uploads\/2025\/01\/LOGO-ERRESSE-CLASSICO.svg\",\"caption\":\"Erresse Shop\"},\"image\":{\"@id\":\"https:\/\/dev6.erresse-shop.it\/#\/schema\/logo\/image\/\"}}]}<\/script>\n<!-- \/ Yoast SEO plugin. -->","yoast_head_json":{"title":"VILLEROY &#038; BOCH Petite Fleur Assiette de service 24 cm - dev6 Erresse","description":"Assiette de service Cr\u00e9ez un \u00e9v\u00e9nement sp\u00e9cial avec cette assiette de service en porcelaine premium, un ajout \u00e9l\u00e9gant et fonctionnel \u00e0 votre table. Id\u00e9ale","robots":{"index":"noindex","follow":"follow","max-snippet":"max-snippet:-1","max-image-preview":"max-image-preview:large","max-video-preview":"max-video-preview:-1"},"og_locale":"fr_FR","og_type":"article","og_title":"VILLEROY &#038; BOCH Petite Fleur Assiette de service 24 cm - dev6 Erresse","og_description":"Assiette de service Cr\u00e9ez un \u00e9v\u00e9nement sp\u00e9cial avec cette assiette de service en porcelaine premium, un ajout \u00e9l\u00e9gant et fonctionnel \u00e0 votre table. Id\u00e9ale","og_url":"https:\/\/dev6.erresse-shop.it\/fr\/shop\/table-fr-2\/plats-de-service\/villeroy-boch-petite-fleur-assiette-de-service-24-cm\/","og_site_name":"dev6 Erresse","og_image":[{"url":"https:\/\/interpim.erresse-shop.it\/wp-content\/uploads\/2025\/04\/VILLEROY-BOCH-Petite-Fleur-Piatto-Portata-24-cm.jpg\/villeroy-boch-petite-fleur-piatto-portata-24-cm.jpg","type":"","width":"","height":""},{"url":"https:\/\/interpim.erresse-shop.it\/wp-content\/uploads\/2025\/04\/VILLEROY-BOCH-Petite-Fleur-Piatto-Portata-24-cm.jpg\/villeroy-boch-petite-fleur-piatto-portata-24-cm.jpg","width":1024,"height":1024,"type":"image\/jpeg"}],"twitter_card":"summary_large_image","twitter_image":"https:\/\/interpim.erresse-shop.it\/wp-content\/uploads\/2025\/04\/VILLEROY-BOCH-Petite-Fleur-Piatto-Portata-24-cm.jpg\/villeroy-boch-petite-fleur-piatto-portata-24-cm.jpg","schema":{"@context":"https:\/\/schema.org","@graph":[{"@type":"WebPage","@id":"https:\/\/dev6.erresse-shop.it\/fr\/shop\/table-fr-2\/plats-de-service\/villeroy-boch-petite-fleur-assiette-de-service-24-cm\/","url":"https:\/\/dev6.erresse-shop.it\/fr\/shop\/table-fr-2\/plats-de-service\/villeroy-boch-petite-fleur-assiette-de-service-24-cm\/","name":"VILLEROY &#038; BOCH Petite Fleur Assiette de service 24 cm - dev6 Erresse","isPartOf":{"@id":"https:\/\/dev6.erresse-shop.it\/#website"},"primaryImageOfPage":{"@id":"https:\/\/dev6.erresse-shop.it\/fr\/shop\/table-fr-2\/plats-de-service\/villeroy-boch-petite-fleur-assiette-de-service-24-cm\/#primaryimage"},"image":{"@id":"https:\/\/dev6.erresse-shop.it\/fr\/shop\/table-fr-2\/plats-de-service\/villeroy-boch-petite-fleur-assiette-de-service-24-cm\/#primaryimage"},"thumbnailUrl":"https:\/\/i0.wp.com\/interpim.erresse-shop.it\/wp-content\/uploads\/2025\/04\/VILLEROY-BOCH-Petite-Fleur-Piatto-Portata-24-cm.jpg\/villeroy-boch-petite-fleur-piatto-portata-24-cm.jpg?ssl=1","datePublished":"2026-04-12T12:23:10+00:00","description":"Assiette de service Cr\u00e9ez un \u00e9v\u00e9nement sp\u00e9cial avec cette assiette de service en porcelaine premium, un ajout \u00e9l\u00e9gant et fonctionnel \u00e0 votre table. Id\u00e9ale","breadcrumb":{"@id":"https:\/\/dev6.erresse-shop.it\/fr\/shop\/table-fr-2\/plats-de-service\/villeroy-boch-petite-fleur-assiette-de-service-24-cm\/#breadcrumb"},"inLanguage":"fr-FR","potentialAction":[{"@type":"ReadAction","target":["https:\/\/dev6.erresse-shop.it\/fr\/shop\/table-fr-2\/plats-de-service\/villeroy-boch-petite-fleur-assiette-de-service-24-cm\/"]}]},{"@type":"ImageObject","inLanguage":"fr-FR","@id":"https:\/\/dev6.erresse-shop.it\/fr\/shop\/table-fr-2\/plats-de-service\/villeroy-boch-petite-fleur-assiette-de-service-24-cm\/#primaryimage","url":"https:\/\/i0.wp.com\/interpim.erresse-shop.it\/wp-content\/uploads\/2025\/04\/VILLEROY-BOCH-Petite-Fleur-Piatto-Portata-24-cm.jpg\/villeroy-boch-petite-fleur-piatto-portata-24-cm.jpg?ssl=1","contentUrl":"https:\/\/i0.wp.com\/interpim.erresse-shop.it\/wp-content\/uploads\/2025\/04\/VILLEROY-BOCH-Petite-Fleur-Piatto-Portata-24-cm.jpg\/villeroy-boch-petite-fleur-piatto-portata-24-cm.jpg?ssl=1"},{"@type":"BreadcrumbList","@id":"https:\/\/dev6.erresse-shop.it\/fr\/shop\/table-fr-2\/plats-de-service\/villeroy-boch-petite-fleur-assiette-de-service-24-cm\/#breadcrumb","itemListElement":[{"@type":"ListItem","position":1,"name":"Home","item":"https:\/\/dev6.erresse-shop.it\/"},{"@type":"ListItem","position":2,"name":"Boutique","item":"https:\/\/dev6.erresse-shop.it\/shop\/"},{"@type":"ListItem","position":3,"name":"VILLEROY &#038; BOCH Petite Fleur Assiette de service 24 cm"}]},{"@type":"WebSite","@id":"https:\/\/dev6.erresse-shop.it\/#website","url":"https:\/\/dev6.erresse-shop.it\/","name":"Erresse Shop","description":"","publisher":{"@id":"https:\/\/dev6.erresse-shop.it\/#organization"},"potentialAction":[{"@type":"SearchAction","target":{"@type":"EntryPoint","urlTemplate":"https:\/\/dev6.erresse-shop.it\/?s={search_term_string}"},"query-input":{"@type":"PropertyValueSpecification","valueRequired":true,"valueName":"search_term_string"}}],"inLanguage":"fr-FR"},{"@type":"Organization","@id":"https:\/\/dev6.erresse-shop.it\/#organization","name":"Erresse Shop","url":"https:\/\/dev6.erresse-shop.it\/","logo":{"@type":"ImageObject","inLanguage":"fr-FR","@id":"https:\/\/dev6.erresse-shop.it\/#\/schema\/logo\/image\/","url":"https:\/\/dev6.erresse-shop.it\/wp-content\/uploads\/2025\/01\/LOGO-ERRESSE-CLASSICO.svg","contentUrl":"https:\/\/dev6.erresse-shop.it\/wp-content\/uploads\/2025\/01\/LOGO-ERRESSE-CLASSICO.svg","caption":"Erresse Shop"},"image":{"@id":"https:\/\/dev6.erresse-shop.it\/#\/schema\/logo\/image\/"}}]}},"df_price":39.9,"df_sale_price":"","df_regular_price":39.9,"df_image_link":"https:\/\/i0.wp.com\/interpim.erresse-shop.it\/wp-content\/uploads\/2025\/04\/VILLEROY-BOCH-Petite-Fleur-Piatto-Portata-24-cm.jpg\/villeroy-boch-petite-fleur-piatto-portata-24-cm.jpg?resize=300,300&ssl=1","fifu_image_url":"https:\/\/interpim.erresse-shop.it\/wp-content\/uploads\/2025\/04\/VILLEROY-BOCH-Petite-Fleur-Piatto-Portata-24-cm.jpg\/villeroy-boch-petite-fleur-piatto-portata-24-cm.jpg","_links":{"self":[{"href":"https:\/\/dev6.erresse-shop.it\/fr\/wp-json\/wp\/v2\/product\/2306967","targetHints":{"allow":["GET"]}}],"collection":[{"href":"https:\/\/dev6.erresse-shop.it\/fr\/wp-json\/wp\/v2\/product"}],"about":[{"href":"https:\/\/dev6.erresse-shop.it\/fr\/wp-json\/wp\/v2\/types\/product"}],"wp:featuredmedia":[{"embeddable":true,"href":"https:\/\/dev6.erresse-shop.it\/fr\/wp-json\/wp\/v2\/media\/6380441"}],"wp:attachment":[{"href":"https:\/\/dev6.erresse-shop.it\/fr\/wp-json\/wp\/v2\/media?parent=2306967"}],"wp:term":[{"taxonomy":"product_cat","embeddable":true,"href":"https:\/\/dev6.erresse-shop.it\/fr\/wp-json\/wp\/v2\/product_cat?post=2306967"},{"taxonomy":"product_tag","embeddable":true,"href":"https:\/\/dev6.erresse-shop.it\/fr\/wp-json\/wp\/v2\/product_tag?post=2306967"}],"curies":[{"name":"wp","href":"https:\/\/api.w.org\/{rel}","templated":true}]}}