{"id":2306961,"date":"2026-04-12T14:23:10","date_gmt":"2026-04-12T12:23:10","guid":{"rendered":"https:\/\/dev6.erresse-shop.it\/shop\/non%20class\u00e9\/villeroy-boch-petite-fleur-set-de-4-assiettes-a-dessert-21-cm\/"},"modified":"2026-02-05T18:36:35","modified_gmt":"2026-02-05T17:36:35","slug":"villeroy-boch-petite-fleur-set-de-4-assiettes-a-dessert-21-cm","status":"publish","type":"product","link":"https:\/\/dev6.erresse-shop.it\/fr\/shop\/table-fr-2\/plats\/villeroy-boch-petite-fleur-set-de-4-assiettes-a-dessert-21-cm\/","title":{"rendered":"VILLEROY &#038; BOCH Petite Fleur Set de 4 assiettes \u00e0 dessert 21 cm"},"content":{"rendered":"<p class=\"p1\">Ensemble d\u2019assiettes \u00e0 dessert<br \/>\nAjoutez une touche de classe \u00e0 votre table avec le Ensemble de 4 assiettes \u00e0 dessert en porcelaine de qualit\u00e9 sup\u00e9rieure. \u00c9l\u00e9gantes et raffin\u00e9es, ces assiettes sont parfaites pour servir des douceurs, des g\u00e2teaux et des petits desserts avec style. Fabriqu\u00e9s avec des mat\u00e9riaux de haute qualit\u00e9, ils pr\u00e9sentent un design sobre et sophistiqu\u00e9 qui s\u2019adapte facilement \u00e0 tout type de d\u00e9cor. Id\u00e9al pour des d\u00eeners sp\u00e9ciaux ou pour un moment de douceur au quotidien, ces plats sont \u00e9galement une excellente id\u00e9e cadeau. Une combinaison parfaite de fonctionnalit\u00e9 et d\u2019esth\u00e9tique, qui rendra chaque dessert encore plus agr\u00e9able \u00e0 d\u00e9guster.<\/p>\n<p>Mat\u00e9riau\u00a0: porcelaine de qualit\u00e9 sup\u00e9rieure<br \/>\nDimensions : \u2300 20,7 x H 2,2 cm<br \/>\nLave-vaisselle\u00a0: oui<br \/>\nConvient au micro-ondes\u00a0: oui<\/p>\n","protected":false},"excerpt":{"rendered":"<p>Ensemble d\u2019assiettes \u00e0 dessert Ajoutez une touche de classe \u00e0 votre table avec le Ensemble de 4 assiettes \u00e0 dessert en porcelaine de qualit\u00e9 sup\u00e9rieure. \u00c9l\u00e9gantes et raffin\u00e9es, ces assiettes sont parfaites pour servir des douceurs, des g\u00e2teaux et des petits desserts avec style. Fabriqu\u00e9s avec des mat\u00e9riaux de haute qualit\u00e9, ils pr\u00e9sentent un design [&hellip;]<\/p>\n","protected":false},"featured_media":6380421,"template":"","meta":{"_acf_changed":false},"product_cat":[12014,11995],"product_tag":[],"class_list":{"0":"post-2306961","1":"product","2":"type-product","3":"status-publish","4":"has-post-thumbnail","6":"product_cat-plats","7":"product_cat-table-fr-2","9":"first","10":"instock","11":"sale","12":"taxable","13":"shipping-taxable","14":"purchasable","15":"product-type-simple","swatches":"rey-swatches","show_selected":"","stretch_labels":"rey-swatches--stretch-labels"},"acf":[],"yoast_head":"<!-- This site is optimized with the Yoast SEO plugin v25.4 - https:\/\/yoast.com\/wordpress\/plugins\/seo\/ -->\n<title>VILLEROY &#038; BOCH Petite Fleur Set de 4 assiettes \u00e0 dessert 21 cm - dev6 Erresse<\/title>\n<meta name=\"description\" content=\"Ensemble d\u2019assiettes \u00e0 dessert Ajoutez une touche de classe \u00e0 votre table avec le Ensemble de 4 assiettes \u00e0 dessert en porcelaine de qualit\u00e9 sup\u00e9rieure.\" \/>\n<meta name=\"robots\" content=\"noindex, follow, max-snippet:-1, max-image-preview:large, max-video-preview:-1\" \/>\n<meta property=\"og:locale\" content=\"fr_FR\" \/>\n<meta property=\"og:type\" content=\"article\" \/>\n<meta property=\"og:title\" content=\"VILLEROY &#038; BOCH Petite Fleur Set de 4 assiettes \u00e0 dessert 21 cm - dev6 Erresse\" \/>\n<meta property=\"og:description\" content=\"Ensemble d\u2019assiettes \u00e0 dessert Ajoutez une touche de classe \u00e0 votre table avec le Ensemble de 4 assiettes \u00e0 dessert en porcelaine de qualit\u00e9 sup\u00e9rieure.\" \/>\n<meta property=\"og:url\" content=\"https:\/\/dev6.erresse-shop.it\/fr\/shop\/table-fr-2\/plats\/villeroy-boch-petite-fleur-set-de-4-assiettes-a-dessert-21-cm\/\" \/>\n<meta property=\"og:site_name\" content=\"dev6 Erresse\" \/>\n<meta property=\"og:image\" content=\"https:\/\/interpim.erresse-shop.it\/wp-content\/uploads\/2025\/04\/VILLEROY-BOCH-Petite-Fleur-Set-4-Piattini-per-Dessert-21-cm-1.jpg\/villeroy-boch-petite-fleur-set-4-piattini-per-dessert-21-cm-1.jpg\" \/><meta property=\"og:image\" content=\"https:\/\/interpim.erresse-shop.it\/wp-content\/uploads\/2025\/04\/VILLEROY-BOCH-Petite-Fleur-Set-4-Piattini-per-Dessert-21-cm-1.jpg\/villeroy-boch-petite-fleur-set-4-piattini-per-dessert-21-cm-1.jpg\" \/>\n\t<meta property=\"og:image:width\" content=\"1024\" \/>\n\t<meta property=\"og:image:height\" content=\"1024\" \/>\n\t<meta property=\"og:image:type\" content=\"image\/jpeg\" \/>\n<meta name=\"twitter:card\" content=\"summary_large_image\" \/>\n<meta name=\"twitter:image\" content=\"https:\/\/interpim.erresse-shop.it\/wp-content\/uploads\/2025\/04\/VILLEROY-BOCH-Petite-Fleur-Set-4-Piattini-per-Dessert-21-cm-1.jpg\/villeroy-boch-petite-fleur-set-4-piattini-per-dessert-21-cm-1.jpg\" \/>\n<script type=\"application\/ld+json\" class=\"yoast-schema-graph\">{\"@context\":\"https:\/\/schema.org\",\"@graph\":[{\"@type\":\"WebPage\",\"@id\":\"https:\/\/dev6.erresse-shop.it\/fr\/shop\/table-fr-2\/plats\/villeroy-boch-petite-fleur-set-de-4-assiettes-a-dessert-21-cm\/\",\"url\":\"https:\/\/dev6.erresse-shop.it\/fr\/shop\/table-fr-2\/plats\/villeroy-boch-petite-fleur-set-de-4-assiettes-a-dessert-21-cm\/\",\"name\":\"VILLEROY &#038; BOCH Petite Fleur Set de 4 assiettes \u00e0 dessert 21 cm - dev6 Erresse\",\"isPartOf\":{\"@id\":\"https:\/\/dev6.erresse-shop.it\/#website\"},\"primaryImageOfPage\":{\"@id\":\"https:\/\/dev6.erresse-shop.it\/fr\/shop\/table-fr-2\/plats\/villeroy-boch-petite-fleur-set-de-4-assiettes-a-dessert-21-cm\/#primaryimage\"},\"image\":{\"@id\":\"https:\/\/dev6.erresse-shop.it\/fr\/shop\/table-fr-2\/plats\/villeroy-boch-petite-fleur-set-de-4-assiettes-a-dessert-21-cm\/#primaryimage\"},\"thumbnailUrl\":\"https:\/\/i3.wp.com\/interpim.erresse-shop.it\/wp-content\/uploads\/2025\/04\/VILLEROY-BOCH-Petite-Fleur-Set-4-Piattini-per-Dessert-21-cm-1.jpg\/villeroy-boch-petite-fleur-set-4-piattini-per-dessert-21-cm-1.jpg?ssl=1\",\"datePublished\":\"2026-04-12T12:23:10+00:00\",\"description\":\"Ensemble d\u2019assiettes \u00e0 dessert Ajoutez une touche de classe \u00e0 votre table avec le Ensemble de 4 assiettes \u00e0 dessert en porcelaine de qualit\u00e9 sup\u00e9rieure.\",\"breadcrumb\":{\"@id\":\"https:\/\/dev6.erresse-shop.it\/fr\/shop\/table-fr-2\/plats\/villeroy-boch-petite-fleur-set-de-4-assiettes-a-dessert-21-cm\/#breadcrumb\"},\"inLanguage\":\"fr-FR\",\"potentialAction\":[{\"@type\":\"ReadAction\",\"target\":[\"https:\/\/dev6.erresse-shop.it\/fr\/shop\/table-fr-2\/plats\/villeroy-boch-petite-fleur-set-de-4-assiettes-a-dessert-21-cm\/\"]}]},{\"@type\":\"ImageObject\",\"inLanguage\":\"fr-FR\",\"@id\":\"https:\/\/dev6.erresse-shop.it\/fr\/shop\/table-fr-2\/plats\/villeroy-boch-petite-fleur-set-de-4-assiettes-a-dessert-21-cm\/#primaryimage\",\"url\":\"https:\/\/i3.wp.com\/interpim.erresse-shop.it\/wp-content\/uploads\/2025\/04\/VILLEROY-BOCH-Petite-Fleur-Set-4-Piattini-per-Dessert-21-cm-1.jpg\/villeroy-boch-petite-fleur-set-4-piattini-per-dessert-21-cm-1.jpg?ssl=1\",\"contentUrl\":\"https:\/\/i3.wp.com\/interpim.erresse-shop.it\/wp-content\/uploads\/2025\/04\/VILLEROY-BOCH-Petite-Fleur-Set-4-Piattini-per-Dessert-21-cm-1.jpg\/villeroy-boch-petite-fleur-set-4-piattini-per-dessert-21-cm-1.jpg?ssl=1\"},{\"@type\":\"BreadcrumbList\",\"@id\":\"https:\/\/dev6.erresse-shop.it\/fr\/shop\/table-fr-2\/plats\/villeroy-boch-petite-fleur-set-de-4-assiettes-a-dessert-21-cm\/#breadcrumb\",\"itemListElement\":[{\"@type\":\"ListItem\",\"position\":1,\"name\":\"Home\",\"item\":\"https:\/\/dev6.erresse-shop.it\/\"},{\"@type\":\"ListItem\",\"position\":2,\"name\":\"Boutique\",\"item\":\"https:\/\/dev6.erresse-shop.it\/shop\/\"},{\"@type\":\"ListItem\",\"position\":3,\"name\":\"VILLEROY &#038; BOCH Petite Fleur Set de 4 assiettes \u00e0 dessert 21 cm\"}]},{\"@type\":\"WebSite\",\"@id\":\"https:\/\/dev6.erresse-shop.it\/#website\",\"url\":\"https:\/\/dev6.erresse-shop.it\/\",\"name\":\"Erresse Shop\",\"description\":\"\",\"publisher\":{\"@id\":\"https:\/\/dev6.erresse-shop.it\/#organization\"},\"potentialAction\":[{\"@type\":\"SearchAction\",\"target\":{\"@type\":\"EntryPoint\",\"urlTemplate\":\"https:\/\/dev6.erresse-shop.it\/?s={search_term_string}\"},\"query-input\":{\"@type\":\"PropertyValueSpecification\",\"valueRequired\":true,\"valueName\":\"search_term_string\"}}],\"inLanguage\":\"fr-FR\"},{\"@type\":\"Organization\",\"@id\":\"https:\/\/dev6.erresse-shop.it\/#organization\",\"name\":\"Erresse Shop\",\"url\":\"https:\/\/dev6.erresse-shop.it\/\",\"logo\":{\"@type\":\"ImageObject\",\"inLanguage\":\"fr-FR\",\"@id\":\"https:\/\/dev6.erresse-shop.it\/#\/schema\/logo\/image\/\",\"url\":\"https:\/\/dev6.erresse-shop.it\/wp-content\/uploads\/2025\/01\/LOGO-ERRESSE-CLASSICO.svg\",\"contentUrl\":\"https:\/\/dev6.erresse-shop.it\/wp-content\/uploads\/2025\/01\/LOGO-ERRESSE-CLASSICO.svg\",\"caption\":\"Erresse Shop\"},\"image\":{\"@id\":\"https:\/\/dev6.erresse-shop.it\/#\/schema\/logo\/image\/\"}}]}<\/script>\n<!-- \/ Yoast SEO plugin. -->","yoast_head_json":{"title":"VILLEROY &#038; BOCH Petite Fleur Set de 4 assiettes \u00e0 dessert 21 cm - dev6 Erresse","description":"Ensemble d\u2019assiettes \u00e0 dessert Ajoutez une touche de classe \u00e0 votre table avec le Ensemble de 4 assiettes \u00e0 dessert en porcelaine de qualit\u00e9 sup\u00e9rieure.","robots":{"index":"noindex","follow":"follow","max-snippet":"max-snippet:-1","max-image-preview":"max-image-preview:large","max-video-preview":"max-video-preview:-1"},"og_locale":"fr_FR","og_type":"article","og_title":"VILLEROY &#038; BOCH Petite Fleur Set de 4 assiettes \u00e0 dessert 21 cm - dev6 Erresse","og_description":"Ensemble d\u2019assiettes \u00e0 dessert Ajoutez une touche de classe \u00e0 votre table avec le Ensemble de 4 assiettes \u00e0 dessert en porcelaine de qualit\u00e9 sup\u00e9rieure.","og_url":"https:\/\/dev6.erresse-shop.it\/fr\/shop\/table-fr-2\/plats\/villeroy-boch-petite-fleur-set-de-4-assiettes-a-dessert-21-cm\/","og_site_name":"dev6 Erresse","og_image":[{"url":"https:\/\/interpim.erresse-shop.it\/wp-content\/uploads\/2025\/04\/VILLEROY-BOCH-Petite-Fleur-Set-4-Piattini-per-Dessert-21-cm-1.jpg\/villeroy-boch-petite-fleur-set-4-piattini-per-dessert-21-cm-1.jpg","type":"","width":"","height":""},{"url":"https:\/\/interpim.erresse-shop.it\/wp-content\/uploads\/2025\/04\/VILLEROY-BOCH-Petite-Fleur-Set-4-Piattini-per-Dessert-21-cm-1.jpg\/villeroy-boch-petite-fleur-set-4-piattini-per-dessert-21-cm-1.jpg","width":1024,"height":1024,"type":"image\/jpeg"}],"twitter_card":"summary_large_image","twitter_image":"https:\/\/interpim.erresse-shop.it\/wp-content\/uploads\/2025\/04\/VILLEROY-BOCH-Petite-Fleur-Set-4-Piattini-per-Dessert-21-cm-1.jpg\/villeroy-boch-petite-fleur-set-4-piattini-per-dessert-21-cm-1.jpg","schema":{"@context":"https:\/\/schema.org","@graph":[{"@type":"WebPage","@id":"https:\/\/dev6.erresse-shop.it\/fr\/shop\/table-fr-2\/plats\/villeroy-boch-petite-fleur-set-de-4-assiettes-a-dessert-21-cm\/","url":"https:\/\/dev6.erresse-shop.it\/fr\/shop\/table-fr-2\/plats\/villeroy-boch-petite-fleur-set-de-4-assiettes-a-dessert-21-cm\/","name":"VILLEROY &#038; BOCH Petite Fleur Set de 4 assiettes \u00e0 dessert 21 cm - dev6 Erresse","isPartOf":{"@id":"https:\/\/dev6.erresse-shop.it\/#website"},"primaryImageOfPage":{"@id":"https:\/\/dev6.erresse-shop.it\/fr\/shop\/table-fr-2\/plats\/villeroy-boch-petite-fleur-set-de-4-assiettes-a-dessert-21-cm\/#primaryimage"},"image":{"@id":"https:\/\/dev6.erresse-shop.it\/fr\/shop\/table-fr-2\/plats\/villeroy-boch-petite-fleur-set-de-4-assiettes-a-dessert-21-cm\/#primaryimage"},"thumbnailUrl":"https:\/\/i3.wp.com\/interpim.erresse-shop.it\/wp-content\/uploads\/2025\/04\/VILLEROY-BOCH-Petite-Fleur-Set-4-Piattini-per-Dessert-21-cm-1.jpg\/villeroy-boch-petite-fleur-set-4-piattini-per-dessert-21-cm-1.jpg?ssl=1","datePublished":"2026-04-12T12:23:10+00:00","description":"Ensemble d\u2019assiettes \u00e0 dessert Ajoutez une touche de classe \u00e0 votre table avec le Ensemble de 4 assiettes \u00e0 dessert en porcelaine de qualit\u00e9 sup\u00e9rieure.","breadcrumb":{"@id":"https:\/\/dev6.erresse-shop.it\/fr\/shop\/table-fr-2\/plats\/villeroy-boch-petite-fleur-set-de-4-assiettes-a-dessert-21-cm\/#breadcrumb"},"inLanguage":"fr-FR","potentialAction":[{"@type":"ReadAction","target":["https:\/\/dev6.erresse-shop.it\/fr\/shop\/table-fr-2\/plats\/villeroy-boch-petite-fleur-set-de-4-assiettes-a-dessert-21-cm\/"]}]},{"@type":"ImageObject","inLanguage":"fr-FR","@id":"https:\/\/dev6.erresse-shop.it\/fr\/shop\/table-fr-2\/plats\/villeroy-boch-petite-fleur-set-de-4-assiettes-a-dessert-21-cm\/#primaryimage","url":"https:\/\/i3.wp.com\/interpim.erresse-shop.it\/wp-content\/uploads\/2025\/04\/VILLEROY-BOCH-Petite-Fleur-Set-4-Piattini-per-Dessert-21-cm-1.jpg\/villeroy-boch-petite-fleur-set-4-piattini-per-dessert-21-cm-1.jpg?ssl=1","contentUrl":"https:\/\/i3.wp.com\/interpim.erresse-shop.it\/wp-content\/uploads\/2025\/04\/VILLEROY-BOCH-Petite-Fleur-Set-4-Piattini-per-Dessert-21-cm-1.jpg\/villeroy-boch-petite-fleur-set-4-piattini-per-dessert-21-cm-1.jpg?ssl=1"},{"@type":"BreadcrumbList","@id":"https:\/\/dev6.erresse-shop.it\/fr\/shop\/table-fr-2\/plats\/villeroy-boch-petite-fleur-set-de-4-assiettes-a-dessert-21-cm\/#breadcrumb","itemListElement":[{"@type":"ListItem","position":1,"name":"Home","item":"https:\/\/dev6.erresse-shop.it\/"},{"@type":"ListItem","position":2,"name":"Boutique","item":"https:\/\/dev6.erresse-shop.it\/shop\/"},{"@type":"ListItem","position":3,"name":"VILLEROY &#038; BOCH Petite Fleur Set de 4 assiettes \u00e0 dessert 21 cm"}]},{"@type":"WebSite","@id":"https:\/\/dev6.erresse-shop.it\/#website","url":"https:\/\/dev6.erresse-shop.it\/","name":"Erresse Shop","description":"","publisher":{"@id":"https:\/\/dev6.erresse-shop.it\/#organization"},"potentialAction":[{"@type":"SearchAction","target":{"@type":"EntryPoint","urlTemplate":"https:\/\/dev6.erresse-shop.it\/?s={search_term_string}"},"query-input":{"@type":"PropertyValueSpecification","valueRequired":true,"valueName":"search_term_string"}}],"inLanguage":"fr-FR"},{"@type":"Organization","@id":"https:\/\/dev6.erresse-shop.it\/#organization","name":"Erresse Shop","url":"https:\/\/dev6.erresse-shop.it\/","logo":{"@type":"ImageObject","inLanguage":"fr-FR","@id":"https:\/\/dev6.erresse-shop.it\/#\/schema\/logo\/image\/","url":"https:\/\/dev6.erresse-shop.it\/wp-content\/uploads\/2025\/01\/LOGO-ERRESSE-CLASSICO.svg","contentUrl":"https:\/\/dev6.erresse-shop.it\/wp-content\/uploads\/2025\/01\/LOGO-ERRESSE-CLASSICO.svg","caption":"Erresse Shop"},"image":{"@id":"https:\/\/dev6.erresse-shop.it\/#\/schema\/logo\/image\/"}}]}},"df_price":119,"df_sale_price":119,"df_regular_price":167.4,"df_image_link":"https:\/\/i3.wp.com\/interpim.erresse-shop.it\/wp-content\/uploads\/2025\/04\/VILLEROY-BOCH-Petite-Fleur-Set-4-Piattini-per-Dessert-21-cm-1.jpg\/villeroy-boch-petite-fleur-set-4-piattini-per-dessert-21-cm-1.jpg?resize=300,300&ssl=1","fifu_image_url":"https:\/\/interpim.erresse-shop.it\/wp-content\/uploads\/2025\/04\/VILLEROY-BOCH-Petite-Fleur-Set-4-Piattini-per-Dessert-21-cm-1.jpg\/villeroy-boch-petite-fleur-set-4-piattini-per-dessert-21-cm-1.jpg","_links":{"self":[{"href":"https:\/\/dev6.erresse-shop.it\/fr\/wp-json\/wp\/v2\/product\/2306961","targetHints":{"allow":["GET"]}}],"collection":[{"href":"https:\/\/dev6.erresse-shop.it\/fr\/wp-json\/wp\/v2\/product"}],"about":[{"href":"https:\/\/dev6.erresse-shop.it\/fr\/wp-json\/wp\/v2\/types\/product"}],"wp:featuredmedia":[{"embeddable":true,"href":"https:\/\/dev6.erresse-shop.it\/fr\/wp-json\/wp\/v2\/media\/6380421"}],"wp:attachment":[{"href":"https:\/\/dev6.erresse-shop.it\/fr\/wp-json\/wp\/v2\/media?parent=2306961"}],"wp:term":[{"taxonomy":"product_cat","embeddable":true,"href":"https:\/\/dev6.erresse-shop.it\/fr\/wp-json\/wp\/v2\/product_cat?post=2306961"},{"taxonomy":"product_tag","embeddable":true,"href":"https:\/\/dev6.erresse-shop.it\/fr\/wp-json\/wp\/v2\/product_tag?post=2306961"}],"curies":[{"name":"wp","href":"https:\/\/api.w.org\/{rel}","templated":true}]}}