{"id":2306937,"date":"2026-04-12T14:20:13","date_gmt":"2026-04-12T12:20:13","guid":{"rendered":"https:\/\/dev6.erresse-shop.it\/shop\/non%20class\u00e9\/toms-drag-colonne\/"},"modified":"2026-01-09T02:15:20","modified_gmt":"2026-01-09T01:15:20","slug":"toms-drag-colonne","status":"publish","type":"product","link":"https:\/\/dev6.erresse-shop.it\/fr\/shop\/ameublement-maison\/meubles\/toms-drag-colonne\/","title":{"rendered":"TOM&#8217;S DRAG Colonne"},"content":{"rendered":"<p>Mat\u00e9riau : MDF<\/p>\n<p>ColonneColonne (L) avec peinture \u00e9labor\u00e9e. Quiconque ajoute une touche audacieuse de couleur \u00e0 un objet ou \u00e0 un meuble \u201cdrag\u201d exprime naturellement un style fort. Certains sont plus fous et excentriques que d\u2019autres, mais tous attirent l\u2019attention et sont les points forts de chaque maison.<\/p>\n<p>Dimensions : H 81 cm, 27\/27 cm<\/p>\n","protected":false},"excerpt":{"rendered":"<p>Mat\u00e9riau : MDF ColonneColonne (L) avec peinture \u00e9labor\u00e9e. Quiconque ajoute une touche audacieuse de couleur \u00e0 un objet ou \u00e0 un meuble \u201cdrag\u201d exprime naturellement un style fort. Certains sont plus fous et excentriques que d\u2019autres, mais tous attirent l\u2019attention et sont les points forts de chaque maison. Dimensions : H 81 cm, 27\/27 cm<\/p>\n","protected":false},"featured_media":6380352,"template":"","meta":{"_acf_changed":false},"product_cat":[11990,12034],"product_tag":[],"class_list":{"0":"post-2306937","1":"product","2":"type-product","3":"status-publish","4":"has-post-thumbnail","6":"product_cat-ameublement-maison","7":"product_cat-meubles","9":"first","10":"instock","11":"taxable","12":"shipping-taxable","13":"purchasable","14":"product-type-simple","swatches":"rey-swatches","show_selected":"","stretch_labels":"rey-swatches--stretch-labels"},"acf":[],"yoast_head":"<!-- This site is optimized with the Yoast SEO plugin v25.4 - https:\/\/yoast.com\/wordpress\/plugins\/seo\/ -->\n<title>TOM&#8217;S DRAG Colonne - dev6 Erresse<\/title>\n<meta name=\"description\" content=\"Mat\u00e9riau : MDF ColonneColonne (L) avec peinture \u00e9labor\u00e9e. Quiconque ajoute une touche audacieuse de couleur \u00e0 un objet ou \u00e0 un meuble \u201cdrag\u201d exprime\" \/>\n<meta name=\"robots\" content=\"noindex, follow, max-snippet:-1, max-image-preview:large, max-video-preview:-1\" \/>\n<meta property=\"og:locale\" content=\"fr_FR\" \/>\n<meta property=\"og:type\" content=\"article\" \/>\n<meta property=\"og:title\" content=\"TOM&#8217;S DRAG Colonne - dev6 Erresse\" \/>\n<meta property=\"og:description\" content=\"Mat\u00e9riau : MDF ColonneColonne (L) avec peinture \u00e9labor\u00e9e. Quiconque ajoute une touche audacieuse de couleur \u00e0 un objet ou \u00e0 un meuble \u201cdrag\u201d exprime\" \/>\n<meta property=\"og:url\" content=\"https:\/\/dev6.erresse-shop.it\/fr\/shop\/ameublement-maison\/meubles\/toms-drag-colonne\/\" \/>\n<meta property=\"og:site_name\" content=\"dev6 Erresse\" \/>\n<meta property=\"og:image\" content=\"https:\/\/interpim.erresse-shop.it\/wp-content\/uploads\/2025\/03\/TOMS-DRAG-Colonna.jpg\/toms-drag-colonna.jpg\" \/><meta property=\"og:image\" content=\"https:\/\/interpim.erresse-shop.it\/wp-content\/uploads\/2025\/03\/TOMS-DRAG-Colonna.jpg\/toms-drag-colonna.jpg\" \/>\n\t<meta property=\"og:image:width\" content=\"1024\" \/>\n\t<meta property=\"og:image:height\" content=\"1024\" \/>\n\t<meta property=\"og:image:type\" content=\"image\/jpeg\" \/>\n<meta name=\"twitter:card\" content=\"summary_large_image\" \/>\n<meta name=\"twitter:image\" content=\"https:\/\/interpim.erresse-shop.it\/wp-content\/uploads\/2025\/03\/TOMS-DRAG-Colonna.jpg\/toms-drag-colonna.jpg\" \/>\n<script type=\"application\/ld+json\" class=\"yoast-schema-graph\">{\"@context\":\"https:\/\/schema.org\",\"@graph\":[{\"@type\":\"WebPage\",\"@id\":\"https:\/\/dev6.erresse-shop.it\/fr\/shop\/ameublement-maison\/meubles\/toms-drag-colonne\/\",\"url\":\"https:\/\/dev6.erresse-shop.it\/fr\/shop\/ameublement-maison\/meubles\/toms-drag-colonne\/\",\"name\":\"TOM&#8217;S DRAG Colonne - dev6 Erresse\",\"isPartOf\":{\"@id\":\"https:\/\/dev6.erresse-shop.it\/#website\"},\"primaryImageOfPage\":{\"@id\":\"https:\/\/dev6.erresse-shop.it\/fr\/shop\/ameublement-maison\/meubles\/toms-drag-colonne\/#primaryimage\"},\"image\":{\"@id\":\"https:\/\/dev6.erresse-shop.it\/fr\/shop\/ameublement-maison\/meubles\/toms-drag-colonne\/#primaryimage\"},\"thumbnailUrl\":\"https:\/\/i0.wp.com\/interpim.erresse-shop.it\/wp-content\/uploads\/2025\/03\/TOMS-DRAG-Colonna.jpg\/toms-drag-colonna.jpg?ssl=1\",\"datePublished\":\"2026-04-12T12:20:13+00:00\",\"description\":\"Mat\u00e9riau : MDF ColonneColonne (L) avec peinture \u00e9labor\u00e9e. Quiconque ajoute une touche audacieuse de couleur \u00e0 un objet ou \u00e0 un meuble \u201cdrag\u201d exprime\",\"breadcrumb\":{\"@id\":\"https:\/\/dev6.erresse-shop.it\/fr\/shop\/ameublement-maison\/meubles\/toms-drag-colonne\/#breadcrumb\"},\"inLanguage\":\"fr-FR\",\"potentialAction\":[{\"@type\":\"ReadAction\",\"target\":[\"https:\/\/dev6.erresse-shop.it\/fr\/shop\/ameublement-maison\/meubles\/toms-drag-colonne\/\"]}]},{\"@type\":\"ImageObject\",\"inLanguage\":\"fr-FR\",\"@id\":\"https:\/\/dev6.erresse-shop.it\/fr\/shop\/ameublement-maison\/meubles\/toms-drag-colonne\/#primaryimage\",\"url\":\"https:\/\/i0.wp.com\/interpim.erresse-shop.it\/wp-content\/uploads\/2025\/03\/TOMS-DRAG-Colonna.jpg\/toms-drag-colonna.jpg?ssl=1\",\"contentUrl\":\"https:\/\/i0.wp.com\/interpim.erresse-shop.it\/wp-content\/uploads\/2025\/03\/TOMS-DRAG-Colonna.jpg\/toms-drag-colonna.jpg?ssl=1\"},{\"@type\":\"BreadcrumbList\",\"@id\":\"https:\/\/dev6.erresse-shop.it\/fr\/shop\/ameublement-maison\/meubles\/toms-drag-colonne\/#breadcrumb\",\"itemListElement\":[{\"@type\":\"ListItem\",\"position\":1,\"name\":\"Home\",\"item\":\"https:\/\/dev6.erresse-shop.it\/\"},{\"@type\":\"ListItem\",\"position\":2,\"name\":\"Boutique\",\"item\":\"https:\/\/dev6.erresse-shop.it\/shop\/\"},{\"@type\":\"ListItem\",\"position\":3,\"name\":\"TOM&#8217;S DRAG Colonne\"}]},{\"@type\":\"WebSite\",\"@id\":\"https:\/\/dev6.erresse-shop.it\/#website\",\"url\":\"https:\/\/dev6.erresse-shop.it\/\",\"name\":\"Erresse Shop\",\"description\":\"\",\"publisher\":{\"@id\":\"https:\/\/dev6.erresse-shop.it\/#organization\"},\"potentialAction\":[{\"@type\":\"SearchAction\",\"target\":{\"@type\":\"EntryPoint\",\"urlTemplate\":\"https:\/\/dev6.erresse-shop.it\/?s={search_term_string}\"},\"query-input\":{\"@type\":\"PropertyValueSpecification\",\"valueRequired\":true,\"valueName\":\"search_term_string\"}}],\"inLanguage\":\"fr-FR\"},{\"@type\":\"Organization\",\"@id\":\"https:\/\/dev6.erresse-shop.it\/#organization\",\"name\":\"Erresse Shop\",\"url\":\"https:\/\/dev6.erresse-shop.it\/\",\"logo\":{\"@type\":\"ImageObject\",\"inLanguage\":\"fr-FR\",\"@id\":\"https:\/\/dev6.erresse-shop.it\/#\/schema\/logo\/image\/\",\"url\":\"https:\/\/dev6.erresse-shop.it\/wp-content\/uploads\/2025\/01\/LOGO-ERRESSE-CLASSICO.svg\",\"contentUrl\":\"https:\/\/dev6.erresse-shop.it\/wp-content\/uploads\/2025\/01\/LOGO-ERRESSE-CLASSICO.svg\",\"caption\":\"Erresse Shop\"},\"image\":{\"@id\":\"https:\/\/dev6.erresse-shop.it\/#\/schema\/logo\/image\/\"}}]}<\/script>\n<!-- \/ Yoast SEO plugin. -->","yoast_head_json":{"title":"TOM&#8217;S DRAG Colonne - dev6 Erresse","description":"Mat\u00e9riau : MDF ColonneColonne (L) avec peinture \u00e9labor\u00e9e. Quiconque ajoute une touche audacieuse de couleur \u00e0 un objet ou \u00e0 un meuble \u201cdrag\u201d exprime","robots":{"index":"noindex","follow":"follow","max-snippet":"max-snippet:-1","max-image-preview":"max-image-preview:large","max-video-preview":"max-video-preview:-1"},"og_locale":"fr_FR","og_type":"article","og_title":"TOM&#8217;S DRAG Colonne - dev6 Erresse","og_description":"Mat\u00e9riau : MDF ColonneColonne (L) avec peinture \u00e9labor\u00e9e. Quiconque ajoute une touche audacieuse de couleur \u00e0 un objet ou \u00e0 un meuble \u201cdrag\u201d exprime","og_url":"https:\/\/dev6.erresse-shop.it\/fr\/shop\/ameublement-maison\/meubles\/toms-drag-colonne\/","og_site_name":"dev6 Erresse","og_image":[{"url":"https:\/\/interpim.erresse-shop.it\/wp-content\/uploads\/2025\/03\/TOMS-DRAG-Colonna.jpg\/toms-drag-colonna.jpg","type":"","width":"","height":""},{"url":"https:\/\/interpim.erresse-shop.it\/wp-content\/uploads\/2025\/03\/TOMS-DRAG-Colonna.jpg\/toms-drag-colonna.jpg","width":1024,"height":1024,"type":"image\/jpeg"}],"twitter_card":"summary_large_image","twitter_image":"https:\/\/interpim.erresse-shop.it\/wp-content\/uploads\/2025\/03\/TOMS-DRAG-Colonna.jpg\/toms-drag-colonna.jpg","schema":{"@context":"https:\/\/schema.org","@graph":[{"@type":"WebPage","@id":"https:\/\/dev6.erresse-shop.it\/fr\/shop\/ameublement-maison\/meubles\/toms-drag-colonne\/","url":"https:\/\/dev6.erresse-shop.it\/fr\/shop\/ameublement-maison\/meubles\/toms-drag-colonne\/","name":"TOM&#8217;S DRAG Colonne - dev6 Erresse","isPartOf":{"@id":"https:\/\/dev6.erresse-shop.it\/#website"},"primaryImageOfPage":{"@id":"https:\/\/dev6.erresse-shop.it\/fr\/shop\/ameublement-maison\/meubles\/toms-drag-colonne\/#primaryimage"},"image":{"@id":"https:\/\/dev6.erresse-shop.it\/fr\/shop\/ameublement-maison\/meubles\/toms-drag-colonne\/#primaryimage"},"thumbnailUrl":"https:\/\/i0.wp.com\/interpim.erresse-shop.it\/wp-content\/uploads\/2025\/03\/TOMS-DRAG-Colonna.jpg\/toms-drag-colonna.jpg?ssl=1","datePublished":"2026-04-12T12:20:13+00:00","description":"Mat\u00e9riau : MDF ColonneColonne (L) avec peinture \u00e9labor\u00e9e. Quiconque ajoute une touche audacieuse de couleur \u00e0 un objet ou \u00e0 un meuble \u201cdrag\u201d exprime","breadcrumb":{"@id":"https:\/\/dev6.erresse-shop.it\/fr\/shop\/ameublement-maison\/meubles\/toms-drag-colonne\/#breadcrumb"},"inLanguage":"fr-FR","potentialAction":[{"@type":"ReadAction","target":["https:\/\/dev6.erresse-shop.it\/fr\/shop\/ameublement-maison\/meubles\/toms-drag-colonne\/"]}]},{"@type":"ImageObject","inLanguage":"fr-FR","@id":"https:\/\/dev6.erresse-shop.it\/fr\/shop\/ameublement-maison\/meubles\/toms-drag-colonne\/#primaryimage","url":"https:\/\/i0.wp.com\/interpim.erresse-shop.it\/wp-content\/uploads\/2025\/03\/TOMS-DRAG-Colonna.jpg\/toms-drag-colonna.jpg?ssl=1","contentUrl":"https:\/\/i0.wp.com\/interpim.erresse-shop.it\/wp-content\/uploads\/2025\/03\/TOMS-DRAG-Colonna.jpg\/toms-drag-colonna.jpg?ssl=1"},{"@type":"BreadcrumbList","@id":"https:\/\/dev6.erresse-shop.it\/fr\/shop\/ameublement-maison\/meubles\/toms-drag-colonne\/#breadcrumb","itemListElement":[{"@type":"ListItem","position":1,"name":"Home","item":"https:\/\/dev6.erresse-shop.it\/"},{"@type":"ListItem","position":2,"name":"Boutique","item":"https:\/\/dev6.erresse-shop.it\/shop\/"},{"@type":"ListItem","position":3,"name":"TOM&#8217;S DRAG Colonne"}]},{"@type":"WebSite","@id":"https:\/\/dev6.erresse-shop.it\/#website","url":"https:\/\/dev6.erresse-shop.it\/","name":"Erresse Shop","description":"","publisher":{"@id":"https:\/\/dev6.erresse-shop.it\/#organization"},"potentialAction":[{"@type":"SearchAction","target":{"@type":"EntryPoint","urlTemplate":"https:\/\/dev6.erresse-shop.it\/?s={search_term_string}"},"query-input":{"@type":"PropertyValueSpecification","valueRequired":true,"valueName":"search_term_string"}}],"inLanguage":"fr-FR"},{"@type":"Organization","@id":"https:\/\/dev6.erresse-shop.it\/#organization","name":"Erresse Shop","url":"https:\/\/dev6.erresse-shop.it\/","logo":{"@type":"ImageObject","inLanguage":"fr-FR","@id":"https:\/\/dev6.erresse-shop.it\/#\/schema\/logo\/image\/","url":"https:\/\/dev6.erresse-shop.it\/wp-content\/uploads\/2025\/01\/LOGO-ERRESSE-CLASSICO.svg","contentUrl":"https:\/\/dev6.erresse-shop.it\/wp-content\/uploads\/2025\/01\/LOGO-ERRESSE-CLASSICO.svg","caption":"Erresse Shop"},"image":{"@id":"https:\/\/dev6.erresse-shop.it\/#\/schema\/logo\/image\/"}}]}},"df_price":689,"df_sale_price":"","df_regular_price":689,"df_image_link":"https:\/\/i0.wp.com\/interpim.erresse-shop.it\/wp-content\/uploads\/2025\/03\/TOMS-DRAG-Colonna.jpg\/toms-drag-colonna.jpg?resize=300,300&ssl=1","fifu_image_url":"https:\/\/interpim.erresse-shop.it\/wp-content\/uploads\/2025\/03\/TOMS-DRAG-Colonna.jpg\/toms-drag-colonna.jpg","_links":{"self":[{"href":"https:\/\/dev6.erresse-shop.it\/fr\/wp-json\/wp\/v2\/product\/2306937","targetHints":{"allow":["GET"]}}],"collection":[{"href":"https:\/\/dev6.erresse-shop.it\/fr\/wp-json\/wp\/v2\/product"}],"about":[{"href":"https:\/\/dev6.erresse-shop.it\/fr\/wp-json\/wp\/v2\/types\/product"}],"wp:featuredmedia":[{"embeddable":true,"href":"https:\/\/dev6.erresse-shop.it\/fr\/wp-json\/wp\/v2\/media\/6380352"}],"wp:attachment":[{"href":"https:\/\/dev6.erresse-shop.it\/fr\/wp-json\/wp\/v2\/media?parent=2306937"}],"wp:term":[{"taxonomy":"product_cat","embeddable":true,"href":"https:\/\/dev6.erresse-shop.it\/fr\/wp-json\/wp\/v2\/product_cat?post=2306937"},{"taxonomy":"product_tag","embeddable":true,"href":"https:\/\/dev6.erresse-shop.it\/fr\/wp-json\/wp\/v2\/product_tag?post=2306937"}],"curies":[{"name":"wp","href":"https:\/\/api.w.org\/{rel}","templated":true}]}}