{"id":2306935,"date":"2026-04-12T14:20:13","date_gmt":"2026-04-12T12:20:13","guid":{"rendered":"https:\/\/dev6.erresse-shop.it\/shop\/non%20class\u00e9\/jura-machine-a-cafe-ono-coffee-black\/"},"modified":"2025-10-17T19:18:10","modified_gmt":"2025-10-17T17:18:10","slug":"jura-machine-a-cafe-ono-coffee-black","status":"publish","type":"product","link":"https:\/\/dev6.erresse-shop.it\/fr\/shop\/petits-electromenagers\/machines-cafe\/automatique\/jura-machine-a-cafe-ono-coffee-black\/","title":{"rendered":"JURA Machine \u00e0 caf\u00e9 ONO Coffee Black"},"content":{"rendered":"<p class>ONO. Caf\u00e9 parfait. Pas en capsule.<\/p>\n<p class>La machine automatique offre une tasse parfaite pour tous ceux qui aiment le caf\u00e9, recherchent une qualit\u00e9 \u00e9lev\u00e9e et sont soucieux de l\u2019environnement. L\u2019ONO est bien plus qu\u2019une simple machine \u00e0 caf\u00e9 : elle offre des moments de plaisir caf\u00e9 v\u00e9ritablement in\u00e9galables.<\/p>\n<p class>Pas en capsule<\/p>\n<p class>En utilisant du caf\u00e9 fra\u00eechement moulu, vous pouvez choisir librement le m\u00e9lange, tasse apr\u00e8s tasse. Cela permet une ind\u00e9pendance totale, la possibilit\u00e9 de d\u00e9couvrir de nouveaux univers de saveurs, de cr\u00e9er vos propres m\u00e9langes et de soutenir, par exemple, des plantations de caf\u00e9 Fairtrade ou des torr\u00e9facteurs locaux. De plus, gr\u00e2ce \u00e0 l\u2019absence de capsules ou de dosettes, pr\u00e9parer le caf\u00e9 avec l\u2019ONO \u00e9vite les d\u00e9chets d\u2019emballage inutiles. Les grains de caf\u00e9 sont un produit enti\u00e8rement naturel, parfait pour le compostage ou comme fertilisant pour les plantes.<\/p>\n<p class>Votre moment de barista<\/p>\n<p class>Appr\u00e9ciez pleinement le plaisir d\u2019un caf\u00e9 extraordinaire d\u00e8s la pr\u00e9paration : le parfum du caf\u00e9 fra\u00eechement moulu, les sensations tactiles de la manette et de la manivelle, le son produit par le processus d\u2019extraction, la saveur unique d\u2019un caf\u00e9 de qualit\u00e9 sup\u00e9rieure, le design exceptionnel de cette machine \u00e0 caf\u00e9 innovante. Faites de chaque pr\u00e9paration un v\u00e9ritable moment de barista, qui c\u00e9l\u00e8bre le caf\u00e9 avec ma\u00eetrise et exprime un maximum d\u2019appr\u00e9ciation pour une saveur riche et enveloppante.<\/p>\n<p class>Caf\u00e9 parfait<\/p>\n<p class>Un caf\u00e9 exceptionnel \u00e0 chaque pr\u00e9paration : \u00e9quip\u00e9e de la technologie de pr\u00e9paration la plus moderne de JURA, l\u2019ONO offre \u00e0 chaque fois un caf\u00e9 et un espresso de qualit\u00e9 sup\u00e9rieure. L\u2019intensit\u00e9 peut \u00eatre s\u00e9lectionn\u00e9e individuellement \u00e0 chaque pr\u00e9paration. Il en va de m\u00eame pour le m\u00e9lange de caf\u00e9, qui peut varier d\u2019une tasse \u00e0 l\u2019autre selon les pr\u00e9f\u00e9rences personnelles. Id\u00e9ale pour ceux qui appr\u00e9cient un v\u00e9ritable plaisir du caf\u00e9 et souhaitent go\u00fbter diff\u00e9rentes m\u00e9langes. L\u2019ONO se concentre enti\u00e8rement sur les sp\u00e9cialit\u00e9s de caf\u00e9 noir : espresso et caf\u00e9 pr\u00e9par\u00e9s \u00e0 la perfection.<\/p>\n<p class>\u00c9l\u00e9gance con\u00e7ue pour durer<\/p>\n<p class>Le design et la s\u00e9lection minutieuse des bons mat\u00e9riaux contribuent \u00e0 la durabilit\u00e9 du produit. JURA vise un design qui \u00e9voque s\u00fbrement la fiert\u00e9 de poss\u00e9der un objet aussi extraordinaire, qui reste frais et moderne m\u00eame apr\u00e8s plusieurs ann\u00e9es. Une qualit\u00e9 sans compromis, des mat\u00e9riaux durables et une pr\u00e9cision maximale dans le travail garantissent un plaisir culinaire et esth\u00e9tique incomparable tout au long de la dur\u00e9e de vie de la machine. Un proc\u00e9d\u00e9 high-tech \u00e0 deux composants donne aux surfaces un effet de profondeur extraordinaire pour un v\u00e9ritable plaisir esth\u00e9tique. Le r\u00e9servoir d\u2019eau au design ondul\u00e9 raffin\u00e9 et le rev\u00eatement harmonieux du filtre sont deux exemples de l\u2019amour du d\u00e9tail, aussi insignifiant soit-il. La sensation tactile transmise par l\u2019ONO exprime de mani\u00e8re tangible le concept de valeur de JURA.<\/p>\n<p class>Sp\u00e9cialit\u00e9s:<\/p>\n<p class>2 options : Espresso et Caf\u00e9.<\/p>\n<p class>Caract\u00e9ristiques principales :<\/p>\n<p class>Distributeur \u00e0 capacit\u00e9 variable (7-14 g).<\/p>\n<p class>Pompe haute performance de 15 bars.<\/p>\n<p class>Syst\u00e8me de chauffage Thermoblock.<\/p>\n<p class>Affichage \u00e0 symboles pour le contr\u00f4le.<\/p>\n<p class>Quantit\u00e9 d\u2019eau et autres r\u00e9glages programmables individuellement.<\/p>\n<p class>Fonction de rin\u00e7age, nettoyage et d\u00e9tartrage int\u00e9gr\u00e9.<\/p>\n<p class>Identification automatique du filtre (CLARIS Smart&#43;).<\/p>\n<p class>Mode d\u2019\u00e9conomie d\u2019\u00e9nergie (E.S.M.).<\/p>\n<p class>Donn\u00e9es techniques :<\/p>\n<p class>Capacit\u00e9 du r\u00e9servoir d\u2019eau : 0,95 l.<\/p>\n<p class>Conteneur \u00e0 marc de caf\u00e9 : 6 portions.<\/p>\n<p class>Longueur du c\u00e2ble : 1,2 m.<\/p>\n<p class>Poids : 4,75 kg.<\/p>\n<p class>Dimensions : 24,3 x 32 x 46,1 cm.<\/p>\n<p class>Puissance : 230 V \/ 1450 W, en veille : 0,2 W.<\/p>\n<p class>Fabriqu\u00e9 en Chine, ann\u00e9e du mod\u00e8le : 2023.<\/p>\n","protected":false},"excerpt":{"rendered":"<p>ONO. Caf\u00e9 parfait. Pas en capsule. La machine automatique offre une tasse parfaite pour tous ceux qui aiment le caf\u00e9, recherchent une qualit\u00e9 \u00e9lev\u00e9e et sont soucieux de l\u2019environnement. L\u2019ONO est bien plus qu\u2019une simple machine \u00e0 caf\u00e9 : elle offre des moments de plaisir caf\u00e9 v\u00e9ritablement in\u00e9galables. Pas en capsule En utilisant du caf\u00e9 [&hellip;]<\/p>\n","protected":false},"featured_media":6380345,"template":"","meta":{"_acf_changed":false},"product_cat":[12076,12063,12055],"product_tag":[],"class_list":{"0":"post-2306935","1":"product","2":"type-product","3":"status-publish","4":"has-post-thumbnail","6":"product_cat-automatique","7":"product_cat-machines-cafe","8":"product_cat-petits-electromenagers","10":"first","11":"instock","12":"sale","13":"taxable","14":"shipping-taxable","15":"purchasable","16":"product-type-simple","swatches":"rey-swatches","show_selected":"","stretch_labels":"rey-swatches--stretch-labels"},"acf":[],"yoast_head":"<!-- This site is optimized with the Yoast SEO plugin v25.4 - https:\/\/yoast.com\/wordpress\/plugins\/seo\/ -->\n<title>JURA Machine \u00e0 caf\u00e9 ONO Coffee Black - dev6 Erresse<\/title>\n<meta name=\"description\" content=\"ONO. Caf\u00e9 parfait. Pas en capsule. La machine automatique offre une tasse parfaite pour tous ceux qui aiment le caf\u00e9, recherchent une qualit\u00e9 \u00e9lev\u00e9e et\" \/>\n<meta name=\"robots\" content=\"noindex, follow, max-snippet:-1, max-image-preview:large, max-video-preview:-1\" \/>\n<meta property=\"og:locale\" content=\"fr_FR\" \/>\n<meta property=\"og:type\" content=\"article\" \/>\n<meta property=\"og:title\" content=\"JURA Machine \u00e0 caf\u00e9 ONO Coffee Black - dev6 Erresse\" \/>\n<meta property=\"og:description\" content=\"ONO. Caf\u00e9 parfait. Pas en capsule. La machine automatique offre une tasse parfaite pour tous ceux qui aiment le caf\u00e9, recherchent une qualit\u00e9 \u00e9lev\u00e9e et\" \/>\n<meta property=\"og:url\" content=\"https:\/\/dev6.erresse-shop.it\/fr\/shop\/petits-electromenagers\/machines-cafe\/automatique\/jura-machine-a-cafe-ono-coffee-black\/\" \/>\n<meta property=\"og:site_name\" content=\"dev6 Erresse\" \/>\n<meta property=\"og:image\" content=\"https:\/\/interpim.erresse-shop.it\/wp-content\/uploads\/2025\/03\/JURA-Macchina-Da-Caffe-ONO-Coffee-Black.jpg\/jura-macchina-da-caffe-ono-coffee-black.jpg\" \/><meta property=\"og:image\" content=\"https:\/\/interpim.erresse-shop.it\/wp-content\/uploads\/2025\/03\/JURA-Macchina-Da-Caffe-ONO-Coffee-Black.jpg\/jura-macchina-da-caffe-ono-coffee-black.jpg\" \/>\n\t<meta property=\"og:image:width\" content=\"1024\" \/>\n\t<meta property=\"og:image:height\" content=\"1024\" \/>\n\t<meta property=\"og:image:type\" content=\"image\/jpeg\" \/>\n<meta name=\"twitter:card\" content=\"summary_large_image\" \/>\n<meta name=\"twitter:image\" content=\"https:\/\/interpim.erresse-shop.it\/wp-content\/uploads\/2025\/03\/JURA-Macchina-Da-Caffe-ONO-Coffee-Black.jpg\/jura-macchina-da-caffe-ono-coffee-black.jpg\" \/>\n<script type=\"application\/ld+json\" class=\"yoast-schema-graph\">{\"@context\":\"https:\/\/schema.org\",\"@graph\":[{\"@type\":\"WebPage\",\"@id\":\"https:\/\/dev6.erresse-shop.it\/fr\/shop\/petits-electromenagers\/machines-cafe\/automatique\/jura-machine-a-cafe-ono-coffee-black\/\",\"url\":\"https:\/\/dev6.erresse-shop.it\/fr\/shop\/petits-electromenagers\/machines-cafe\/automatique\/jura-machine-a-cafe-ono-coffee-black\/\",\"name\":\"JURA Machine \u00e0 caf\u00e9 ONO Coffee Black - dev6 Erresse\",\"isPartOf\":{\"@id\":\"https:\/\/dev6.erresse-shop.it\/#website\"},\"primaryImageOfPage\":{\"@id\":\"https:\/\/dev6.erresse-shop.it\/fr\/shop\/petits-electromenagers\/machines-cafe\/automatique\/jura-machine-a-cafe-ono-coffee-black\/#primaryimage\"},\"image\":{\"@id\":\"https:\/\/dev6.erresse-shop.it\/fr\/shop\/petits-electromenagers\/machines-cafe\/automatique\/jura-machine-a-cafe-ono-coffee-black\/#primaryimage\"},\"thumbnailUrl\":\"https:\/\/i1.wp.com\/interpim.erresse-shop.it\/wp-content\/uploads\/2025\/03\/JURA-Macchina-Da-Caffe-ONO-Coffee-Black.jpg\/jura-macchina-da-caffe-ono-coffee-black.jpg?ssl=1\",\"datePublished\":\"2026-04-12T12:20:13+00:00\",\"description\":\"ONO. Caf\u00e9 parfait. Pas en capsule. La machine automatique offre une tasse parfaite pour tous ceux qui aiment le caf\u00e9, recherchent une qualit\u00e9 \u00e9lev\u00e9e et\",\"breadcrumb\":{\"@id\":\"https:\/\/dev6.erresse-shop.it\/fr\/shop\/petits-electromenagers\/machines-cafe\/automatique\/jura-machine-a-cafe-ono-coffee-black\/#breadcrumb\"},\"inLanguage\":\"fr-FR\",\"potentialAction\":[{\"@type\":\"ReadAction\",\"target\":[\"https:\/\/dev6.erresse-shop.it\/fr\/shop\/petits-electromenagers\/machines-cafe\/automatique\/jura-machine-a-cafe-ono-coffee-black\/\"]}]},{\"@type\":\"ImageObject\",\"inLanguage\":\"fr-FR\",\"@id\":\"https:\/\/dev6.erresse-shop.it\/fr\/shop\/petits-electromenagers\/machines-cafe\/automatique\/jura-machine-a-cafe-ono-coffee-black\/#primaryimage\",\"url\":\"https:\/\/i1.wp.com\/interpim.erresse-shop.it\/wp-content\/uploads\/2025\/03\/JURA-Macchina-Da-Caffe-ONO-Coffee-Black.jpg\/jura-macchina-da-caffe-ono-coffee-black.jpg?ssl=1\",\"contentUrl\":\"https:\/\/i1.wp.com\/interpim.erresse-shop.it\/wp-content\/uploads\/2025\/03\/JURA-Macchina-Da-Caffe-ONO-Coffee-Black.jpg\/jura-macchina-da-caffe-ono-coffee-black.jpg?ssl=1\"},{\"@type\":\"BreadcrumbList\",\"@id\":\"https:\/\/dev6.erresse-shop.it\/fr\/shop\/petits-electromenagers\/machines-cafe\/automatique\/jura-machine-a-cafe-ono-coffee-black\/#breadcrumb\",\"itemListElement\":[{\"@type\":\"ListItem\",\"position\":1,\"name\":\"Home\",\"item\":\"https:\/\/dev6.erresse-shop.it\/\"},{\"@type\":\"ListItem\",\"position\":2,\"name\":\"Boutique\",\"item\":\"https:\/\/dev6.erresse-shop.it\/shop\/\"},{\"@type\":\"ListItem\",\"position\":3,\"name\":\"JURA Machine \u00e0 caf\u00e9 ONO Coffee Black\"}]},{\"@type\":\"WebSite\",\"@id\":\"https:\/\/dev6.erresse-shop.it\/#website\",\"url\":\"https:\/\/dev6.erresse-shop.it\/\",\"name\":\"Erresse Shop\",\"description\":\"\",\"publisher\":{\"@id\":\"https:\/\/dev6.erresse-shop.it\/#organization\"},\"potentialAction\":[{\"@type\":\"SearchAction\",\"target\":{\"@type\":\"EntryPoint\",\"urlTemplate\":\"https:\/\/dev6.erresse-shop.it\/?s={search_term_string}\"},\"query-input\":{\"@type\":\"PropertyValueSpecification\",\"valueRequired\":true,\"valueName\":\"search_term_string\"}}],\"inLanguage\":\"fr-FR\"},{\"@type\":\"Organization\",\"@id\":\"https:\/\/dev6.erresse-shop.it\/#organization\",\"name\":\"Erresse Shop\",\"url\":\"https:\/\/dev6.erresse-shop.it\/\",\"logo\":{\"@type\":\"ImageObject\",\"inLanguage\":\"fr-FR\",\"@id\":\"https:\/\/dev6.erresse-shop.it\/#\/schema\/logo\/image\/\",\"url\":\"https:\/\/dev6.erresse-shop.it\/wp-content\/uploads\/2025\/01\/LOGO-ERRESSE-CLASSICO.svg\",\"contentUrl\":\"https:\/\/dev6.erresse-shop.it\/wp-content\/uploads\/2025\/01\/LOGO-ERRESSE-CLASSICO.svg\",\"caption\":\"Erresse Shop\"},\"image\":{\"@id\":\"https:\/\/dev6.erresse-shop.it\/#\/schema\/logo\/image\/\"}}]}<\/script>\n<!-- \/ Yoast SEO plugin. -->","yoast_head_json":{"title":"JURA Machine \u00e0 caf\u00e9 ONO Coffee Black - dev6 Erresse","description":"ONO. Caf\u00e9 parfait. Pas en capsule. La machine automatique offre une tasse parfaite pour tous ceux qui aiment le caf\u00e9, recherchent une qualit\u00e9 \u00e9lev\u00e9e et","robots":{"index":"noindex","follow":"follow","max-snippet":"max-snippet:-1","max-image-preview":"max-image-preview:large","max-video-preview":"max-video-preview:-1"},"og_locale":"fr_FR","og_type":"article","og_title":"JURA Machine \u00e0 caf\u00e9 ONO Coffee Black - dev6 Erresse","og_description":"ONO. Caf\u00e9 parfait. Pas en capsule. La machine automatique offre une tasse parfaite pour tous ceux qui aiment le caf\u00e9, recherchent une qualit\u00e9 \u00e9lev\u00e9e et","og_url":"https:\/\/dev6.erresse-shop.it\/fr\/shop\/petits-electromenagers\/machines-cafe\/automatique\/jura-machine-a-cafe-ono-coffee-black\/","og_site_name":"dev6 Erresse","og_image":[{"url":"https:\/\/interpim.erresse-shop.it\/wp-content\/uploads\/2025\/03\/JURA-Macchina-Da-Caffe-ONO-Coffee-Black.jpg\/jura-macchina-da-caffe-ono-coffee-black.jpg","type":"","width":"","height":""},{"url":"https:\/\/interpim.erresse-shop.it\/wp-content\/uploads\/2025\/03\/JURA-Macchina-Da-Caffe-ONO-Coffee-Black.jpg\/jura-macchina-da-caffe-ono-coffee-black.jpg","width":1024,"height":1024,"type":"image\/jpeg"}],"twitter_card":"summary_large_image","twitter_image":"https:\/\/interpim.erresse-shop.it\/wp-content\/uploads\/2025\/03\/JURA-Macchina-Da-Caffe-ONO-Coffee-Black.jpg\/jura-macchina-da-caffe-ono-coffee-black.jpg","schema":{"@context":"https:\/\/schema.org","@graph":[{"@type":"WebPage","@id":"https:\/\/dev6.erresse-shop.it\/fr\/shop\/petits-electromenagers\/machines-cafe\/automatique\/jura-machine-a-cafe-ono-coffee-black\/","url":"https:\/\/dev6.erresse-shop.it\/fr\/shop\/petits-electromenagers\/machines-cafe\/automatique\/jura-machine-a-cafe-ono-coffee-black\/","name":"JURA Machine \u00e0 caf\u00e9 ONO Coffee Black - dev6 Erresse","isPartOf":{"@id":"https:\/\/dev6.erresse-shop.it\/#website"},"primaryImageOfPage":{"@id":"https:\/\/dev6.erresse-shop.it\/fr\/shop\/petits-electromenagers\/machines-cafe\/automatique\/jura-machine-a-cafe-ono-coffee-black\/#primaryimage"},"image":{"@id":"https:\/\/dev6.erresse-shop.it\/fr\/shop\/petits-electromenagers\/machines-cafe\/automatique\/jura-machine-a-cafe-ono-coffee-black\/#primaryimage"},"thumbnailUrl":"https:\/\/i1.wp.com\/interpim.erresse-shop.it\/wp-content\/uploads\/2025\/03\/JURA-Macchina-Da-Caffe-ONO-Coffee-Black.jpg\/jura-macchina-da-caffe-ono-coffee-black.jpg?ssl=1","datePublished":"2026-04-12T12:20:13+00:00","description":"ONO. Caf\u00e9 parfait. Pas en capsule. La machine automatique offre une tasse parfaite pour tous ceux qui aiment le caf\u00e9, recherchent une qualit\u00e9 \u00e9lev\u00e9e et","breadcrumb":{"@id":"https:\/\/dev6.erresse-shop.it\/fr\/shop\/petits-electromenagers\/machines-cafe\/automatique\/jura-machine-a-cafe-ono-coffee-black\/#breadcrumb"},"inLanguage":"fr-FR","potentialAction":[{"@type":"ReadAction","target":["https:\/\/dev6.erresse-shop.it\/fr\/shop\/petits-electromenagers\/machines-cafe\/automatique\/jura-machine-a-cafe-ono-coffee-black\/"]}]},{"@type":"ImageObject","inLanguage":"fr-FR","@id":"https:\/\/dev6.erresse-shop.it\/fr\/shop\/petits-electromenagers\/machines-cafe\/automatique\/jura-machine-a-cafe-ono-coffee-black\/#primaryimage","url":"https:\/\/i1.wp.com\/interpim.erresse-shop.it\/wp-content\/uploads\/2025\/03\/JURA-Macchina-Da-Caffe-ONO-Coffee-Black.jpg\/jura-macchina-da-caffe-ono-coffee-black.jpg?ssl=1","contentUrl":"https:\/\/i1.wp.com\/interpim.erresse-shop.it\/wp-content\/uploads\/2025\/03\/JURA-Macchina-Da-Caffe-ONO-Coffee-Black.jpg\/jura-macchina-da-caffe-ono-coffee-black.jpg?ssl=1"},{"@type":"BreadcrumbList","@id":"https:\/\/dev6.erresse-shop.it\/fr\/shop\/petits-electromenagers\/machines-cafe\/automatique\/jura-machine-a-cafe-ono-coffee-black\/#breadcrumb","itemListElement":[{"@type":"ListItem","position":1,"name":"Home","item":"https:\/\/dev6.erresse-shop.it\/"},{"@type":"ListItem","position":2,"name":"Boutique","item":"https:\/\/dev6.erresse-shop.it\/shop\/"},{"@type":"ListItem","position":3,"name":"JURA Machine \u00e0 caf\u00e9 ONO Coffee Black"}]},{"@type":"WebSite","@id":"https:\/\/dev6.erresse-shop.it\/#website","url":"https:\/\/dev6.erresse-shop.it\/","name":"Erresse Shop","description":"","publisher":{"@id":"https:\/\/dev6.erresse-shop.it\/#organization"},"potentialAction":[{"@type":"SearchAction","target":{"@type":"EntryPoint","urlTemplate":"https:\/\/dev6.erresse-shop.it\/?s={search_term_string}"},"query-input":{"@type":"PropertyValueSpecification","valueRequired":true,"valueName":"search_term_string"}}],"inLanguage":"fr-FR"},{"@type":"Organization","@id":"https:\/\/dev6.erresse-shop.it\/#organization","name":"Erresse Shop","url":"https:\/\/dev6.erresse-shop.it\/","logo":{"@type":"ImageObject","inLanguage":"fr-FR","@id":"https:\/\/dev6.erresse-shop.it\/#\/schema\/logo\/image\/","url":"https:\/\/dev6.erresse-shop.it\/wp-content\/uploads\/2025\/01\/LOGO-ERRESSE-CLASSICO.svg","contentUrl":"https:\/\/dev6.erresse-shop.it\/wp-content\/uploads\/2025\/01\/LOGO-ERRESSE-CLASSICO.svg","caption":"Erresse Shop"},"image":{"@id":"https:\/\/dev6.erresse-shop.it\/#\/schema\/logo\/image\/"}}]}},"df_price":329,"df_sale_price":329,"df_regular_price":349,"df_image_link":"https:\/\/i1.wp.com\/interpim.erresse-shop.it\/wp-content\/uploads\/2025\/03\/JURA-Macchina-Da-Caffe-ONO-Coffee-Black.jpg\/jura-macchina-da-caffe-ono-coffee-black.jpg?resize=300,300&ssl=1","fifu_image_url":"https:\/\/interpim.erresse-shop.it\/wp-content\/uploads\/2025\/03\/JURA-Macchina-Da-Caffe-ONO-Coffee-Black.jpg\/jura-macchina-da-caffe-ono-coffee-black.jpg","_links":{"self":[{"href":"https:\/\/dev6.erresse-shop.it\/fr\/wp-json\/wp\/v2\/product\/2306935","targetHints":{"allow":["GET"]}}],"collection":[{"href":"https:\/\/dev6.erresse-shop.it\/fr\/wp-json\/wp\/v2\/product"}],"about":[{"href":"https:\/\/dev6.erresse-shop.it\/fr\/wp-json\/wp\/v2\/types\/product"}],"wp:featuredmedia":[{"embeddable":true,"href":"https:\/\/dev6.erresse-shop.it\/fr\/wp-json\/wp\/v2\/media\/6380345"}],"wp:attachment":[{"href":"https:\/\/dev6.erresse-shop.it\/fr\/wp-json\/wp\/v2\/media?parent=2306935"}],"wp:term":[{"taxonomy":"product_cat","embeddable":true,"href":"https:\/\/dev6.erresse-shop.it\/fr\/wp-json\/wp\/v2\/product_cat?post=2306935"},{"taxonomy":"product_tag","embeddable":true,"href":"https:\/\/dev6.erresse-shop.it\/fr\/wp-json\/wp\/v2\/product_tag?post=2306935"}],"curies":[{"name":"wp","href":"https:\/\/api.w.org\/{rel}","templated":true}]}}