{"id":2306933,"date":"2026-04-12T14:20:13","date_gmt":"2026-04-12T12:20:13","guid":{"rendered":"https:\/\/dev6.erresse-shop.it\/shop\/non%20class\u00e9\/jura-machine-a-cafe-z10-aluminium-midnight-blue\/"},"modified":"2025-07-04T20:24:20","modified_gmt":"2025-07-04T18:24:20","slug":"jura-machine-a-cafe-z10-aluminium-midnight-blue","status":"publish","type":"product","link":"https:\/\/dev6.erresse-shop.it\/fr\/shop\/petits-electromenagers\/machines-cafe\/automatique\/jura-machine-a-cafe-z10-aluminium-midnight-blue\/","title":{"rendered":"JURA Machine \u00e0 caf\u00e9 Z10 Aluminium Midnight Blue"},"content":{"rendered":"<p class>Spectaculaire Midnight Blue C\u2019est depuis toujours un chef-d\u2019\u0153uvre de l\u2019ing\u00e9nierie suisse : la Z10 offre \u00e0 la fois des sp\u00e9cialit\u00e9s classiques d\u00e9licieuses et des nouveaut\u00e9s tendance, tout en permettant la pr\u00e9paration de boissons Cold Brew d\u2019une simple pression sur un bouton. Caf\u00e9 fra\u00eechement moulu, non en capsule, mais extrait \u00e0 froid. Le processus d\u2019extraction \u00e0 froid enti\u00e8rement automatis\u00e9 repose sur deux technologies cl\u00e9s de JURA qui red\u00e9finissent le plaisir du caf\u00e9.<\/p>\n<p class>Inspir\u00e9 par le ciel \u00e9toil\u00e9 En tant que mod\u00e8le premium, la Z10 Aluminium Midnight Blue reste fid\u00e8le aux standards qualitatifs habituels, pr\u00e9sentant ses formes caract\u00e9ristiques avec des mat\u00e9riaux de haute qualit\u00e9. La couleur, cependant, est in\u00e9gal\u00e9e. Inspir\u00e9e par le ciel \u00e9toil\u00e9 \u00e9clair\u00e9 par la lune, elle conf\u00e8re \u00e0 la machine une aura \u00e9l\u00e9gante et myst\u00e9rieuse. Une teinte bleue fonc\u00e9e qui fait r\u00eaver et fait de la Z10 une v\u00e9ritable ic\u00f4ne de style.<\/p>\n<p class>Cold Brew \u2013 Fra\u00eecheur extr\u00eame Gr\u00e2ce au Cold Extraction Process, la Z10 pr\u00e9pare des sp\u00e9cialit\u00e9s Cold Brew authentiques. Tandis que de nombreuses boissons froides \u00e0 base de caf\u00e9 conventionnelles sont pr\u00e9par\u00e9es avec du caf\u00e9 chaud, puis refroidi, la Z10 l\u2019extrait avec de l\u2019eau froide \u00e0 haute pression, en utilisant un processus puls\u00e9 et un caf\u00e9 moulu plus grossi\u00e8rement. Le r\u00e9sultat est une boisson rafra\u00eechissante, naturelle et \u00e9nergisante dans laquelle les ar\u00f4mes fruit\u00e9s du caf\u00e9 se d\u00e9veloppent pleinement sans l\u2019influence n\u00e9gative des substances am\u00e8res. C\u2019est bien plus qu\u2019un simple caf\u00e9 froid.<\/p>\n<p class>L\u2019\u00e9l\u00e9gance destin\u00e9e \u00e0 durer dans le temps Le design et la s\u00e9lection minutieuse des mat\u00e9riaux contribuent \u00e0 la durabilit\u00e9 du produit. JURA mise sur un design qui \u00e9veille certainement la fiert\u00e9 de poss\u00e9der un objet extraordinaire et qui, m\u00eame apr\u00e8s des ann\u00e9es, reste encore frais et moderne. Une qualit\u00e9 sans compromis, des mat\u00e9riaux durables et un savoir-faire de pr\u00e9cision garantissent un plaisir culinaire et esth\u00e9tique in\u00e9gal\u00e9 tout au long de la vie utile de la machine. La forme complexe du panneau avant en aluminium convexe-concave est la preuve tangible d\u2019un niveau de fabrication exceptionnel. Le r\u00e9servoir d\u2019eau au design ondul\u00e9 raffin\u00e9 et le couvercle harmonieux du filtre sont juste deux exemples de l\u2019attention port\u00e9e \u00e0 chaque d\u00e9tail, aussi insignifiant soit-il. La sensation tactile de la Z10 exprime de mani\u00e8re tangible le concept de valeur de JURA.<\/p>\n<p class>Pour un plaisir sp\u00e9cial L\u2019accessoire pour sirop pour le distributeur combin\u00e9 compl\u00e8te la Z10 et ajoute l\u2019enrichissement de mousse de lait finement sucr\u00e9e \u00e0 la gamme de sp\u00e9cialit\u00e9s de cette machine automatique premium. Cet accessoire permet de savourer chaque sp\u00e9cialit\u00e9 avec des go\u00fbts allant de l\u00e9g\u00e8rement sucr\u00e9 \u00e0 sucr\u00e9 aromatique, tant en Hot Brew qu\u2019en Cold Brew. La vari\u00e9t\u00e9 des go\u00fbts invite \u00e0 l\u2019exploration, et avec 40 sp\u00e9cialit\u00e9s, elle souligne l\u2019excellence de la Z10.<\/p>\n<p class>Sp\u00e9cialit\u00e9s disponibles (40 options) :<\/p>\n<p>Divers types de caf\u00e9, tels qu\u2019Espresso, Caf\u00e9, Americano, Lungo, Double Espresso, Cortado, Caffelatte, Cappuccino, Flat White, Latte Macchiato.<br \/>\nOptions Cold Brew et versions \u201cSweet\u201d pour de nombreux caf\u00e9s.<br \/>\nFonction de mousse de lait et de lait chaud.<\/p>\n<p class>Caract\u00e9ristiques principales :<\/p>\n<p>Cold Extraction Process, Sweet Foam Function, Automatic Grinder Adjustment (A.G.A.), Contr\u00f4le actif des grains.<br \/>\nTransition automatique entre le lait et la mousse de lait.<br \/>\nWi-Fi Connect : Connexion au r\u00e9seau domestique.<\/p>\n<p class>Informations suppl\u00e9mentaires :<\/p>\n<p>Produit : Fabriqu\u00e9 en Suisse.<br \/>\nAnn\u00e9e du mod\u00e8le : 2023.<\/p>\n","protected":false},"excerpt":{"rendered":"<p>Spectaculaire Midnight Blue C\u2019est depuis toujours un chef-d\u2019\u0153uvre de l\u2019ing\u00e9nierie suisse : la Z10 offre \u00e0 la fois des sp\u00e9cialit\u00e9s classiques d\u00e9licieuses et des nouveaut\u00e9s tendance, tout en permettant la pr\u00e9paration de boissons Cold Brew d\u2019une simple pression sur un bouton. Caf\u00e9 fra\u00eechement moulu, non en capsule, mais extrait \u00e0 froid. Le processus d\u2019extraction \u00e0 [&hellip;]<\/p>\n","protected":false},"featured_media":6380333,"template":"","meta":{"_acf_changed":false},"product_cat":[12076,12063,12055],"product_tag":[],"class_list":{"0":"post-2306933","1":"product","2":"type-product","3":"status-publish","4":"has-post-thumbnail","6":"product_cat-automatique","7":"product_cat-machines-cafe","8":"product_cat-petits-electromenagers","10":"first","11":"instock","12":"taxable","13":"shipping-taxable","14":"product-type-simple","swatches":"rey-swatches","show_selected":"","stretch_labels":"rey-swatches--stretch-labels"},"acf":[],"yoast_head":"<!-- This site is optimized with the Yoast SEO plugin v25.4 - https:\/\/yoast.com\/wordpress\/plugins\/seo\/ -->\n<title>JURA Machine \u00e0 caf\u00e9 Z10 Aluminium Midnight Blue - dev6 Erresse<\/title>\n<meta name=\"description\" content=\"Spectaculaire Midnight Blue C\u2019est depuis toujours un chef-d\u2019\u0153uvre de l\u2019ing\u00e9nierie suisse : la Z10 offre \u00e0 la fois des sp\u00e9cialit\u00e9s classiques d\u00e9licieuses\" \/>\n<meta name=\"robots\" content=\"noindex, follow, max-snippet:-1, max-image-preview:large, max-video-preview:-1\" \/>\n<meta property=\"og:locale\" content=\"fr_FR\" \/>\n<meta property=\"og:type\" content=\"article\" \/>\n<meta property=\"og:title\" content=\"JURA Machine \u00e0 caf\u00e9 Z10 Aluminium Midnight Blue - dev6 Erresse\" \/>\n<meta property=\"og:description\" content=\"Spectaculaire Midnight Blue C\u2019est depuis toujours un chef-d\u2019\u0153uvre de l\u2019ing\u00e9nierie suisse : la Z10 offre \u00e0 la fois des sp\u00e9cialit\u00e9s classiques d\u00e9licieuses\" \/>\n<meta property=\"og:url\" content=\"https:\/\/dev6.erresse-shop.it\/fr\/shop\/petits-electromenagers\/machines-cafe\/automatique\/jura-machine-a-cafe-z10-aluminium-midnight-blue\/\" \/>\n<meta property=\"og:site_name\" content=\"dev6 Erresse\" \/>\n<meta property=\"og:image\" content=\"https:\/\/interpim.erresse-shop.it\/wp-content\/uploads\/2025\/03\/JURA-Macchina-Da-Caffe-Z10-Aluminium-Midnight-Blue.jpg\/jura-macchina-da-caffe-z10-aluminium-midnight-blue.jpg\" \/><meta property=\"og:image\" content=\"https:\/\/interpim.erresse-shop.it\/wp-content\/uploads\/2025\/03\/JURA-Macchina-Da-Caffe-Z10-Aluminium-Midnight-Blue.jpg\/jura-macchina-da-caffe-z10-aluminium-midnight-blue.jpg\" \/>\n\t<meta property=\"og:image:width\" content=\"1024\" \/>\n\t<meta property=\"og:image:height\" content=\"1024\" \/>\n\t<meta property=\"og:image:type\" content=\"image\/jpeg\" \/>\n<meta name=\"twitter:card\" content=\"summary_large_image\" \/>\n<meta name=\"twitter:image\" content=\"https:\/\/interpim.erresse-shop.it\/wp-content\/uploads\/2025\/03\/JURA-Macchina-Da-Caffe-Z10-Aluminium-Midnight-Blue.jpg\/jura-macchina-da-caffe-z10-aluminium-midnight-blue.jpg\" \/>\n<script type=\"application\/ld+json\" class=\"yoast-schema-graph\">{\"@context\":\"https:\/\/schema.org\",\"@graph\":[{\"@type\":\"WebPage\",\"@id\":\"https:\/\/dev6.erresse-shop.it\/fr\/shop\/petits-electromenagers\/machines-cafe\/automatique\/jura-machine-a-cafe-z10-aluminium-midnight-blue\/\",\"url\":\"https:\/\/dev6.erresse-shop.it\/fr\/shop\/petits-electromenagers\/machines-cafe\/automatique\/jura-machine-a-cafe-z10-aluminium-midnight-blue\/\",\"name\":\"JURA Machine \u00e0 caf\u00e9 Z10 Aluminium Midnight Blue - dev6 Erresse\",\"isPartOf\":{\"@id\":\"https:\/\/dev6.erresse-shop.it\/#website\"},\"primaryImageOfPage\":{\"@id\":\"https:\/\/dev6.erresse-shop.it\/fr\/shop\/petits-electromenagers\/machines-cafe\/automatique\/jura-machine-a-cafe-z10-aluminium-midnight-blue\/#primaryimage\"},\"image\":{\"@id\":\"https:\/\/dev6.erresse-shop.it\/fr\/shop\/petits-electromenagers\/machines-cafe\/automatique\/jura-machine-a-cafe-z10-aluminium-midnight-blue\/#primaryimage\"},\"thumbnailUrl\":\"https:\/\/i3.wp.com\/interpim.erresse-shop.it\/wp-content\/uploads\/2025\/03\/JURA-Macchina-Da-Caffe-Z10-Aluminium-Midnight-Blue.jpg\/jura-macchina-da-caffe-z10-aluminium-midnight-blue.jpg?ssl=1\",\"datePublished\":\"2026-04-12T12:20:13+00:00\",\"description\":\"Spectaculaire Midnight Blue C\u2019est depuis toujours un chef-d\u2019\u0153uvre de l\u2019ing\u00e9nierie suisse : la Z10 offre \u00e0 la fois des sp\u00e9cialit\u00e9s classiques d\u00e9licieuses\",\"breadcrumb\":{\"@id\":\"https:\/\/dev6.erresse-shop.it\/fr\/shop\/petits-electromenagers\/machines-cafe\/automatique\/jura-machine-a-cafe-z10-aluminium-midnight-blue\/#breadcrumb\"},\"inLanguage\":\"fr-FR\",\"potentialAction\":[{\"@type\":\"ReadAction\",\"target\":[\"https:\/\/dev6.erresse-shop.it\/fr\/shop\/petits-electromenagers\/machines-cafe\/automatique\/jura-machine-a-cafe-z10-aluminium-midnight-blue\/\"]}]},{\"@type\":\"ImageObject\",\"inLanguage\":\"fr-FR\",\"@id\":\"https:\/\/dev6.erresse-shop.it\/fr\/shop\/petits-electromenagers\/machines-cafe\/automatique\/jura-machine-a-cafe-z10-aluminium-midnight-blue\/#primaryimage\",\"url\":\"https:\/\/i3.wp.com\/interpim.erresse-shop.it\/wp-content\/uploads\/2025\/03\/JURA-Macchina-Da-Caffe-Z10-Aluminium-Midnight-Blue.jpg\/jura-macchina-da-caffe-z10-aluminium-midnight-blue.jpg?ssl=1\",\"contentUrl\":\"https:\/\/i3.wp.com\/interpim.erresse-shop.it\/wp-content\/uploads\/2025\/03\/JURA-Macchina-Da-Caffe-Z10-Aluminium-Midnight-Blue.jpg\/jura-macchina-da-caffe-z10-aluminium-midnight-blue.jpg?ssl=1\"},{\"@type\":\"BreadcrumbList\",\"@id\":\"https:\/\/dev6.erresse-shop.it\/fr\/shop\/petits-electromenagers\/machines-cafe\/automatique\/jura-machine-a-cafe-z10-aluminium-midnight-blue\/#breadcrumb\",\"itemListElement\":[{\"@type\":\"ListItem\",\"position\":1,\"name\":\"Home\",\"item\":\"https:\/\/dev6.erresse-shop.it\/\"},{\"@type\":\"ListItem\",\"position\":2,\"name\":\"Boutique\",\"item\":\"https:\/\/dev6.erresse-shop.it\/shop\/\"},{\"@type\":\"ListItem\",\"position\":3,\"name\":\"JURA Machine \u00e0 caf\u00e9 Z10 Aluminium Midnight Blue\"}]},{\"@type\":\"WebSite\",\"@id\":\"https:\/\/dev6.erresse-shop.it\/#website\",\"url\":\"https:\/\/dev6.erresse-shop.it\/\",\"name\":\"Erresse Shop\",\"description\":\"\",\"publisher\":{\"@id\":\"https:\/\/dev6.erresse-shop.it\/#organization\"},\"potentialAction\":[{\"@type\":\"SearchAction\",\"target\":{\"@type\":\"EntryPoint\",\"urlTemplate\":\"https:\/\/dev6.erresse-shop.it\/?s={search_term_string}\"},\"query-input\":{\"@type\":\"PropertyValueSpecification\",\"valueRequired\":true,\"valueName\":\"search_term_string\"}}],\"inLanguage\":\"fr-FR\"},{\"@type\":\"Organization\",\"@id\":\"https:\/\/dev6.erresse-shop.it\/#organization\",\"name\":\"Erresse Shop\",\"url\":\"https:\/\/dev6.erresse-shop.it\/\",\"logo\":{\"@type\":\"ImageObject\",\"inLanguage\":\"fr-FR\",\"@id\":\"https:\/\/dev6.erresse-shop.it\/#\/schema\/logo\/image\/\",\"url\":\"https:\/\/dev6.erresse-shop.it\/wp-content\/uploads\/2025\/01\/LOGO-ERRESSE-CLASSICO.svg\",\"contentUrl\":\"https:\/\/dev6.erresse-shop.it\/wp-content\/uploads\/2025\/01\/LOGO-ERRESSE-CLASSICO.svg\",\"caption\":\"Erresse Shop\"},\"image\":{\"@id\":\"https:\/\/dev6.erresse-shop.it\/#\/schema\/logo\/image\/\"}}]}<\/script>\n<!-- \/ Yoast SEO plugin. -->","yoast_head_json":{"title":"JURA Machine \u00e0 caf\u00e9 Z10 Aluminium Midnight Blue - dev6 Erresse","description":"Spectaculaire Midnight Blue C\u2019est depuis toujours un chef-d\u2019\u0153uvre de l\u2019ing\u00e9nierie suisse : la Z10 offre \u00e0 la fois des sp\u00e9cialit\u00e9s classiques d\u00e9licieuses","robots":{"index":"noindex","follow":"follow","max-snippet":"max-snippet:-1","max-image-preview":"max-image-preview:large","max-video-preview":"max-video-preview:-1"},"og_locale":"fr_FR","og_type":"article","og_title":"JURA Machine \u00e0 caf\u00e9 Z10 Aluminium Midnight Blue - dev6 Erresse","og_description":"Spectaculaire Midnight Blue C\u2019est depuis toujours un chef-d\u2019\u0153uvre de l\u2019ing\u00e9nierie suisse : la Z10 offre \u00e0 la fois des sp\u00e9cialit\u00e9s classiques d\u00e9licieuses","og_url":"https:\/\/dev6.erresse-shop.it\/fr\/shop\/petits-electromenagers\/machines-cafe\/automatique\/jura-machine-a-cafe-z10-aluminium-midnight-blue\/","og_site_name":"dev6 Erresse","og_image":[{"url":"https:\/\/interpim.erresse-shop.it\/wp-content\/uploads\/2025\/03\/JURA-Macchina-Da-Caffe-Z10-Aluminium-Midnight-Blue.jpg\/jura-macchina-da-caffe-z10-aluminium-midnight-blue.jpg","type":"","width":"","height":""},{"url":"https:\/\/interpim.erresse-shop.it\/wp-content\/uploads\/2025\/03\/JURA-Macchina-Da-Caffe-Z10-Aluminium-Midnight-Blue.jpg\/jura-macchina-da-caffe-z10-aluminium-midnight-blue.jpg","width":1024,"height":1024,"type":"image\/jpeg"}],"twitter_card":"summary_large_image","twitter_image":"https:\/\/interpim.erresse-shop.it\/wp-content\/uploads\/2025\/03\/JURA-Macchina-Da-Caffe-Z10-Aluminium-Midnight-Blue.jpg\/jura-macchina-da-caffe-z10-aluminium-midnight-blue.jpg","schema":{"@context":"https:\/\/schema.org","@graph":[{"@type":"WebPage","@id":"https:\/\/dev6.erresse-shop.it\/fr\/shop\/petits-electromenagers\/machines-cafe\/automatique\/jura-machine-a-cafe-z10-aluminium-midnight-blue\/","url":"https:\/\/dev6.erresse-shop.it\/fr\/shop\/petits-electromenagers\/machines-cafe\/automatique\/jura-machine-a-cafe-z10-aluminium-midnight-blue\/","name":"JURA Machine \u00e0 caf\u00e9 Z10 Aluminium Midnight Blue - dev6 Erresse","isPartOf":{"@id":"https:\/\/dev6.erresse-shop.it\/#website"},"primaryImageOfPage":{"@id":"https:\/\/dev6.erresse-shop.it\/fr\/shop\/petits-electromenagers\/machines-cafe\/automatique\/jura-machine-a-cafe-z10-aluminium-midnight-blue\/#primaryimage"},"image":{"@id":"https:\/\/dev6.erresse-shop.it\/fr\/shop\/petits-electromenagers\/machines-cafe\/automatique\/jura-machine-a-cafe-z10-aluminium-midnight-blue\/#primaryimage"},"thumbnailUrl":"https:\/\/i3.wp.com\/interpim.erresse-shop.it\/wp-content\/uploads\/2025\/03\/JURA-Macchina-Da-Caffe-Z10-Aluminium-Midnight-Blue.jpg\/jura-macchina-da-caffe-z10-aluminium-midnight-blue.jpg?ssl=1","datePublished":"2026-04-12T12:20:13+00:00","description":"Spectaculaire Midnight Blue C\u2019est depuis toujours un chef-d\u2019\u0153uvre de l\u2019ing\u00e9nierie suisse : la Z10 offre \u00e0 la fois des sp\u00e9cialit\u00e9s classiques d\u00e9licieuses","breadcrumb":{"@id":"https:\/\/dev6.erresse-shop.it\/fr\/shop\/petits-electromenagers\/machines-cafe\/automatique\/jura-machine-a-cafe-z10-aluminium-midnight-blue\/#breadcrumb"},"inLanguage":"fr-FR","potentialAction":[{"@type":"ReadAction","target":["https:\/\/dev6.erresse-shop.it\/fr\/shop\/petits-electromenagers\/machines-cafe\/automatique\/jura-machine-a-cafe-z10-aluminium-midnight-blue\/"]}]},{"@type":"ImageObject","inLanguage":"fr-FR","@id":"https:\/\/dev6.erresse-shop.it\/fr\/shop\/petits-electromenagers\/machines-cafe\/automatique\/jura-machine-a-cafe-z10-aluminium-midnight-blue\/#primaryimage","url":"https:\/\/i3.wp.com\/interpim.erresse-shop.it\/wp-content\/uploads\/2025\/03\/JURA-Macchina-Da-Caffe-Z10-Aluminium-Midnight-Blue.jpg\/jura-macchina-da-caffe-z10-aluminium-midnight-blue.jpg?ssl=1","contentUrl":"https:\/\/i3.wp.com\/interpim.erresse-shop.it\/wp-content\/uploads\/2025\/03\/JURA-Macchina-Da-Caffe-Z10-Aluminium-Midnight-Blue.jpg\/jura-macchina-da-caffe-z10-aluminium-midnight-blue.jpg?ssl=1"},{"@type":"BreadcrumbList","@id":"https:\/\/dev6.erresse-shop.it\/fr\/shop\/petits-electromenagers\/machines-cafe\/automatique\/jura-machine-a-cafe-z10-aluminium-midnight-blue\/#breadcrumb","itemListElement":[{"@type":"ListItem","position":1,"name":"Home","item":"https:\/\/dev6.erresse-shop.it\/"},{"@type":"ListItem","position":2,"name":"Boutique","item":"https:\/\/dev6.erresse-shop.it\/shop\/"},{"@type":"ListItem","position":3,"name":"JURA Machine \u00e0 caf\u00e9 Z10 Aluminium Midnight Blue"}]},{"@type":"WebSite","@id":"https:\/\/dev6.erresse-shop.it\/#website","url":"https:\/\/dev6.erresse-shop.it\/","name":"Erresse Shop","description":"","publisher":{"@id":"https:\/\/dev6.erresse-shop.it\/#organization"},"potentialAction":[{"@type":"SearchAction","target":{"@type":"EntryPoint","urlTemplate":"https:\/\/dev6.erresse-shop.it\/?s={search_term_string}"},"query-input":{"@type":"PropertyValueSpecification","valueRequired":true,"valueName":"search_term_string"}}],"inLanguage":"fr-FR"},{"@type":"Organization","@id":"https:\/\/dev6.erresse-shop.it\/#organization","name":"Erresse Shop","url":"https:\/\/dev6.erresse-shop.it\/","logo":{"@type":"ImageObject","inLanguage":"fr-FR","@id":"https:\/\/dev6.erresse-shop.it\/#\/schema\/logo\/image\/","url":"https:\/\/dev6.erresse-shop.it\/wp-content\/uploads\/2025\/01\/LOGO-ERRESSE-CLASSICO.svg","contentUrl":"https:\/\/dev6.erresse-shop.it\/wp-content\/uploads\/2025\/01\/LOGO-ERRESSE-CLASSICO.svg","caption":"Erresse Shop"},"image":{"@id":"https:\/\/dev6.erresse-shop.it\/#\/schema\/logo\/image\/"}}]}},"df_price":"","df_sale_price":"","df_regular_price":"","df_image_link":"https:\/\/i3.wp.com\/interpim.erresse-shop.it\/wp-content\/uploads\/2025\/03\/JURA-Macchina-Da-Caffe-Z10-Aluminium-Midnight-Blue.jpg\/jura-macchina-da-caffe-z10-aluminium-midnight-blue.jpg?resize=300,300&ssl=1","fifu_image_url":"https:\/\/interpim.erresse-shop.it\/wp-content\/uploads\/2025\/03\/JURA-Macchina-Da-Caffe-Z10-Aluminium-Midnight-Blue.jpg\/jura-macchina-da-caffe-z10-aluminium-midnight-blue.jpg","_links":{"self":[{"href":"https:\/\/dev6.erresse-shop.it\/fr\/wp-json\/wp\/v2\/product\/2306933","targetHints":{"allow":["GET"]}}],"collection":[{"href":"https:\/\/dev6.erresse-shop.it\/fr\/wp-json\/wp\/v2\/product"}],"about":[{"href":"https:\/\/dev6.erresse-shop.it\/fr\/wp-json\/wp\/v2\/types\/product"}],"wp:featuredmedia":[{"embeddable":true,"href":"https:\/\/dev6.erresse-shop.it\/fr\/wp-json\/wp\/v2\/media\/6380333"}],"wp:attachment":[{"href":"https:\/\/dev6.erresse-shop.it\/fr\/wp-json\/wp\/v2\/media?parent=2306933"}],"wp:term":[{"taxonomy":"product_cat","embeddable":true,"href":"https:\/\/dev6.erresse-shop.it\/fr\/wp-json\/wp\/v2\/product_cat?post=2306933"},{"taxonomy":"product_tag","embeddable":true,"href":"https:\/\/dev6.erresse-shop.it\/fr\/wp-json\/wp\/v2\/product_tag?post=2306933"}],"curies":[{"name":"wp","href":"https:\/\/api.w.org\/{rel}","templated":true}]}}