{"id":2306929,"date":"2026-04-10T14:59:00","date_gmt":"2026-04-10T12:59:00","guid":{"rendered":"https:\/\/dev6.erresse-shop.it\/shop\/non%20class\u00e9\/jura-machine-a-cafe-s8-platine\/"},"modified":"2025-11-30T17:53:13","modified_gmt":"2025-11-30T16:53:13","slug":"jura-machine-a-cafe-s8-platine","status":"publish","type":"product","link":"https:\/\/dev6.erresse-shop.it\/fr\/shop\/petits-electromenagers\/machines-cafe\/automatique\/jura-machine-a-cafe-s8-platine\/","title":{"rendered":"JURA Machine \u00e0 caf\u00e9 S8 Platine"},"content":{"rendered":"<p class>Innovation et Plaisir pour une \u00c9l\u00e9gance HarmonieuseL\u2019\u00e9l\u00e9gante S8 s\u00e9duit les amateurs de caf\u00e9 et les passionn\u00e9s de design. Avec son design harmonieux, ses mat\u00e9riaux de qualit\u00e9 et ses finitions soign\u00e9es, la S8 offre une exp\u00e9rience sensorielle exceptionnelle d\u00e8s le premier regard. Sa technologie innovante ouvre de nouvelles perspectives dans la qu\u00eate du go\u00fbt parfait.<\/p>\n<p class>Une Mousse Agr\u00e9ablement Sucr\u00e9e pour les Sp\u00e9cialit\u00e9s du MomentLa fonction Sweet Foam aromatise la mousse de lait pendant la pr\u00e9paration : apr\u00e8s avoir \u00e9t\u00e9 chauff\u00e9 et mousse, le lait est uniform\u00e9ment aromatis\u00e9 avec le sirop contenu dans l\u2019accessoire d\u00e9di\u00e9. Le r\u00e9sultat est une mousse de lait agr\u00e9ablement sucr\u00e9e et cr\u00e9meuse pour une exp\u00e9rience gustative totalement nouvelle. Pour pr\u00e9parer un Sweet Latte et d\u2019autres sp\u00e9cialit\u00e9s avec la S8, il suffit d\u2019appuyer sur un bouton. La temp\u00e9rature reste parfaite gr\u00e2ce \u00e0 la fonction Hot Milk. L\u2019utilisation de la fonction Sweet Foam est encore plus agr\u00e9able gr\u00e2ce au nettoyage automatique du syst\u00e8me de lait One-Touch, activable instantan\u00e9ment par pression d\u2019un bouton.<\/p>\n<p class>Technologie Innovante pour un Go\u00fbt Toujours UniformeLa tasse parfaite r\u00e9sulte de l\u2019utilisation des meilleurs ingr\u00e9dients et d\u2019une pr\u00e9paration optimale. Le moulin \u00e0 caf\u00e9 Professional Aroma Grinder de deuxi\u00e8me g\u00e9n\u00e9ration (P.A.G.2) assure une mouture parfaite, et le niveau de mouture peut \u00eatre ajust\u00e9 \u00e0 tout moment. Avant et apr\u00e8s la pr\u00e9paration, le P.A.G.2 reste en mode veille, ce qui am\u00e9liore le r\u00e9sultat de la mouture et la long\u00e9vit\u00e9 du moulin. Le groupe d\u2019infusion 3D de huiti\u00e8me g\u00e9n\u00e9ration assure des conditions d\u2019infusion id\u00e9ales et une exp\u00e9rience gustative in\u00e9gal\u00e9e. Cette machine automatique pour sp\u00e9cialit\u00e9s de caf\u00e9 offre un go\u00fbt exceptionnel de qualit\u00e9 gastronomique tout au long de son cycle de vie.<\/p>\n<p class>Fonctionnement Intuitif pour un Confort MaximaleLa S8 se distingue par une interface d\u2019utilisation innovante et intuitive. L\u2019\u00e9cran tactile large de 4,3\u2033 permet d\u2019explorer facilement les diff\u00e9rentes fonctions et param\u00e8tres par d\u00e9filement. L\u2019\u00e9cran affiche des graphiques et des animations pour vous guider \u00e0 chaque \u00e9tape de la pr\u00e9paration. Le design de l\u2019\u00e9cran s\u2019int\u00e8gre harmonieusement au style affirm\u00e9 de la S8, tandis que l\u2019interface simplifi\u00e9e assure une utilisation claire et facile de la machine \u00e0 caf\u00e9 automatique.<\/p>\n<p class>Design Harmonieux et Pr\u00e9miumAvec des lignes nettes, des mat\u00e9riaux de qualit\u00e9 et des finitions raffin\u00e9es, le design de la S8 est moderne et restera intemporel au fil des ann\u00e9es. La S8 allie le meilleur de la classe compacte avec les caract\u00e9ristiques du segment haut de gamme, cr\u00e9ant un m\u00e9lange harmonieux et \u00e9l\u00e9gant. Car, apr\u00e8s tout, l\u2019\u0153il veut aussi sa part.<\/p>\n<p class>Sp\u00e9cialit\u00e9s de Caf\u00e9 (27 options):Espresso, 2\u00d7 Espresso, Caf\u00e9, 2\u00d7 Caf\u00e9, Americano, Lungo, Espresso Double, Cortado, Sweet Cortado, Espresso Macchiato, Sweet Espresso Macchiato, Cappuccino, Sweet Cappuccino, Cappuccino Extra Shot, Flat White, Sweet Flat White, Flat White Extra Shot, Latte Macchiato, Sweet Latte Macchiato, Latte Macchiato Extra Shot, Sweet Latte, Sweet Latte Extra Shot, Portion de Mousse de Lait, Sweet Portion de Mousse de Lait, Portion de Lait, Sweet Portion de Lait, Eau Chaude.<\/p>\n<p class>Sp\u00e9cifications Techniques:<\/p>\n<p class>Capacit\u00e9 du r\u00e9servoir d\u2019eau : 1.9 L<\/p>\n<p class>Capacit\u00e9 du conteneur \u00e0 caf\u00e9 en grains : 280 g<\/p>\n<p class>Conteneur des marc de caf\u00e9 : 16 portions<\/p>\n<p class>Longueur du c\u00e2ble : 1.1 m<\/p>\n<p class>Tension : 230 V ~ \/ 1450 W<\/p>\n<p class>Poids : 9.8 kg<\/p>\n<p class>Dimensions (L \u00d7 H \u00d7 P) : 28 \u00d7 34.8 \u00d7 44.6 cm<\/p>\n<p class>Fabriqu\u00e9 en Suisse<\/p>\n","protected":false},"excerpt":{"rendered":"<p>Innovation et Plaisir pour une \u00c9l\u00e9gance HarmonieuseL\u2019\u00e9l\u00e9gante S8 s\u00e9duit les amateurs de caf\u00e9 et les passionn\u00e9s de design. Avec son design harmonieux, ses mat\u00e9riaux de qualit\u00e9 et ses finitions soign\u00e9es, la S8 offre une exp\u00e9rience sensorielle exceptionnelle d\u00e8s le premier regard. Sa technologie innovante ouvre de nouvelles perspectives dans la qu\u00eate du go\u00fbt parfait. Une [&hellip;]<\/p>\n","protected":false},"featured_media":6338672,"template":"","meta":{"_acf_changed":false},"product_cat":[12076,12063,12055],"product_tag":[],"class_list":{"0":"post-2306929","1":"product","2":"type-product","3":"status-publish","4":"has-post-thumbnail","6":"product_cat-automatique","7":"product_cat-machines-cafe","8":"product_cat-petits-electromenagers","10":"first","11":"instock","12":"sale","13":"taxable","14":"shipping-taxable","15":"purchasable","16":"product-type-simple","swatches":"rey-swatches","show_selected":"","stretch_labels":"rey-swatches--stretch-labels"},"acf":[],"yoast_head":"<!-- This site is optimized with the Yoast SEO plugin v25.4 - https:\/\/yoast.com\/wordpress\/plugins\/seo\/ -->\n<title>JURA Machine \u00e0 caf\u00e9 S8 Platine - dev6 Erresse<\/title>\n<meta name=\"description\" content=\"Innovation et Plaisir pour une \u00c9l\u00e9gance HarmonieuseL\u2019\u00e9l\u00e9gante S8 s\u00e9duit les amateurs de caf\u00e9 et les passionn\u00e9s de design. Avec son design harmonieux, ses\" \/>\n<meta name=\"robots\" content=\"noindex, follow, max-snippet:-1, max-image-preview:large, max-video-preview:-1\" \/>\n<meta property=\"og:locale\" content=\"fr_FR\" \/>\n<meta property=\"og:type\" content=\"article\" \/>\n<meta property=\"og:title\" content=\"JURA Machine \u00e0 caf\u00e9 S8 Platine - dev6 Erresse\" \/>\n<meta property=\"og:description\" content=\"Innovation et Plaisir pour une \u00c9l\u00e9gance HarmonieuseL\u2019\u00e9l\u00e9gante S8 s\u00e9duit les amateurs de caf\u00e9 et les passionn\u00e9s de design. Avec son design harmonieux, ses\" \/>\n<meta property=\"og:url\" content=\"https:\/\/dev6.erresse-shop.it\/fr\/shop\/petits-electromenagers\/machines-cafe\/automatique\/jura-machine-a-cafe-s8-platine\/\" \/>\n<meta property=\"og:site_name\" content=\"dev6 Erresse\" \/>\n<meta property=\"og:image\" content=\"https:\/\/interpim.erresse-shop.it\/wp-content\/uploads\/2025\/03\/JURA-Macchina-Da-Caffe-S8-Platino.jpg\/jura-macchina-da-caffe-s8-platino.jpg\" \/><meta property=\"og:image\" content=\"https:\/\/interpim.erresse-shop.it\/wp-content\/uploads\/2025\/03\/JURA-Macchina-Da-Caffe-S8-Platino.jpg\/jura-macchina-da-caffe-s8-platino.jpg\" \/>\n\t<meta property=\"og:image:width\" content=\"1024\" \/>\n\t<meta property=\"og:image:height\" content=\"1024\" \/>\n\t<meta property=\"og:image:type\" content=\"image\/jpeg\" \/>\n<meta name=\"twitter:card\" content=\"summary_large_image\" \/>\n<meta name=\"twitter:image\" content=\"https:\/\/interpim.erresse-shop.it\/wp-content\/uploads\/2025\/03\/JURA-Macchina-Da-Caffe-S8-Platino.jpg\/jura-macchina-da-caffe-s8-platino.jpg\" \/>\n<script type=\"application\/ld+json\" class=\"yoast-schema-graph\">{\"@context\":\"https:\/\/schema.org\",\"@graph\":[{\"@type\":\"WebPage\",\"@id\":\"https:\/\/dev6.erresse-shop.it\/fr\/shop\/petits-electromenagers\/machines-cafe\/automatique\/jura-machine-a-cafe-s8-platine\/\",\"url\":\"https:\/\/dev6.erresse-shop.it\/fr\/shop\/petits-electromenagers\/machines-cafe\/automatique\/jura-machine-a-cafe-s8-platine\/\",\"name\":\"JURA Machine \u00e0 caf\u00e9 S8 Platine - dev6 Erresse\",\"isPartOf\":{\"@id\":\"https:\/\/dev6.erresse-shop.it\/#website\"},\"primaryImageOfPage\":{\"@id\":\"https:\/\/dev6.erresse-shop.it\/fr\/shop\/petits-electromenagers\/machines-cafe\/automatique\/jura-machine-a-cafe-s8-platine\/#primaryimage\"},\"image\":{\"@id\":\"https:\/\/dev6.erresse-shop.it\/fr\/shop\/petits-electromenagers\/machines-cafe\/automatique\/jura-machine-a-cafe-s8-platine\/#primaryimage\"},\"thumbnailUrl\":\"https:\/\/i0.wp.com\/interpim.erresse-shop.it\/wp-content\/uploads\/2025\/03\/JURA-Macchina-Da-Caffe-S8-Platino.jpg\/jura-macchina-da-caffe-s8-platino.jpg?ssl=1\",\"datePublished\":\"2026-04-10T12:59:00+00:00\",\"description\":\"Innovation et Plaisir pour une \u00c9l\u00e9gance HarmonieuseL\u2019\u00e9l\u00e9gante S8 s\u00e9duit les amateurs de caf\u00e9 et les passionn\u00e9s de design. Avec son design harmonieux, ses\",\"breadcrumb\":{\"@id\":\"https:\/\/dev6.erresse-shop.it\/fr\/shop\/petits-electromenagers\/machines-cafe\/automatique\/jura-machine-a-cafe-s8-platine\/#breadcrumb\"},\"inLanguage\":\"fr-FR\",\"potentialAction\":[{\"@type\":\"ReadAction\",\"target\":[\"https:\/\/dev6.erresse-shop.it\/fr\/shop\/petits-electromenagers\/machines-cafe\/automatique\/jura-machine-a-cafe-s8-platine\/\"]}]},{\"@type\":\"ImageObject\",\"inLanguage\":\"fr-FR\",\"@id\":\"https:\/\/dev6.erresse-shop.it\/fr\/shop\/petits-electromenagers\/machines-cafe\/automatique\/jura-machine-a-cafe-s8-platine\/#primaryimage\",\"url\":\"https:\/\/i0.wp.com\/interpim.erresse-shop.it\/wp-content\/uploads\/2025\/03\/JURA-Macchina-Da-Caffe-S8-Platino.jpg\/jura-macchina-da-caffe-s8-platino.jpg?ssl=1\",\"contentUrl\":\"https:\/\/i0.wp.com\/interpim.erresse-shop.it\/wp-content\/uploads\/2025\/03\/JURA-Macchina-Da-Caffe-S8-Platino.jpg\/jura-macchina-da-caffe-s8-platino.jpg?ssl=1\"},{\"@type\":\"BreadcrumbList\",\"@id\":\"https:\/\/dev6.erresse-shop.it\/fr\/shop\/petits-electromenagers\/machines-cafe\/automatique\/jura-machine-a-cafe-s8-platine\/#breadcrumb\",\"itemListElement\":[{\"@type\":\"ListItem\",\"position\":1,\"name\":\"Home\",\"item\":\"https:\/\/dev6.erresse-shop.it\/\"},{\"@type\":\"ListItem\",\"position\":2,\"name\":\"Boutique\",\"item\":\"https:\/\/dev6.erresse-shop.it\/shop\/\"},{\"@type\":\"ListItem\",\"position\":3,\"name\":\"JURA Machine \u00e0 caf\u00e9 S8 Platine\"}]},{\"@type\":\"WebSite\",\"@id\":\"https:\/\/dev6.erresse-shop.it\/#website\",\"url\":\"https:\/\/dev6.erresse-shop.it\/\",\"name\":\"Erresse Shop\",\"description\":\"\",\"publisher\":{\"@id\":\"https:\/\/dev6.erresse-shop.it\/#organization\"},\"potentialAction\":[{\"@type\":\"SearchAction\",\"target\":{\"@type\":\"EntryPoint\",\"urlTemplate\":\"https:\/\/dev6.erresse-shop.it\/?s={search_term_string}\"},\"query-input\":{\"@type\":\"PropertyValueSpecification\",\"valueRequired\":true,\"valueName\":\"search_term_string\"}}],\"inLanguage\":\"fr-FR\"},{\"@type\":\"Organization\",\"@id\":\"https:\/\/dev6.erresse-shop.it\/#organization\",\"name\":\"Erresse Shop\",\"url\":\"https:\/\/dev6.erresse-shop.it\/\",\"logo\":{\"@type\":\"ImageObject\",\"inLanguage\":\"fr-FR\",\"@id\":\"https:\/\/dev6.erresse-shop.it\/#\/schema\/logo\/image\/\",\"url\":\"https:\/\/dev6.erresse-shop.it\/wp-content\/uploads\/2025\/01\/LOGO-ERRESSE-CLASSICO.svg\",\"contentUrl\":\"https:\/\/dev6.erresse-shop.it\/wp-content\/uploads\/2025\/01\/LOGO-ERRESSE-CLASSICO.svg\",\"caption\":\"Erresse Shop\"},\"image\":{\"@id\":\"https:\/\/dev6.erresse-shop.it\/#\/schema\/logo\/image\/\"}}]}<\/script>\n<!-- \/ Yoast SEO plugin. -->","yoast_head_json":{"title":"JURA Machine \u00e0 caf\u00e9 S8 Platine - dev6 Erresse","description":"Innovation et Plaisir pour une \u00c9l\u00e9gance HarmonieuseL\u2019\u00e9l\u00e9gante S8 s\u00e9duit les amateurs de caf\u00e9 et les passionn\u00e9s de design. Avec son design harmonieux, ses","robots":{"index":"noindex","follow":"follow","max-snippet":"max-snippet:-1","max-image-preview":"max-image-preview:large","max-video-preview":"max-video-preview:-1"},"og_locale":"fr_FR","og_type":"article","og_title":"JURA Machine \u00e0 caf\u00e9 S8 Platine - dev6 Erresse","og_description":"Innovation et Plaisir pour une \u00c9l\u00e9gance HarmonieuseL\u2019\u00e9l\u00e9gante S8 s\u00e9duit les amateurs de caf\u00e9 et les passionn\u00e9s de design. Avec son design harmonieux, ses","og_url":"https:\/\/dev6.erresse-shop.it\/fr\/shop\/petits-electromenagers\/machines-cafe\/automatique\/jura-machine-a-cafe-s8-platine\/","og_site_name":"dev6 Erresse","og_image":[{"url":"https:\/\/interpim.erresse-shop.it\/wp-content\/uploads\/2025\/03\/JURA-Macchina-Da-Caffe-S8-Platino.jpg\/jura-macchina-da-caffe-s8-platino.jpg","type":"","width":"","height":""},{"url":"https:\/\/interpim.erresse-shop.it\/wp-content\/uploads\/2025\/03\/JURA-Macchina-Da-Caffe-S8-Platino.jpg\/jura-macchina-da-caffe-s8-platino.jpg","width":1024,"height":1024,"type":"image\/jpeg"}],"twitter_card":"summary_large_image","twitter_image":"https:\/\/interpim.erresse-shop.it\/wp-content\/uploads\/2025\/03\/JURA-Macchina-Da-Caffe-S8-Platino.jpg\/jura-macchina-da-caffe-s8-platino.jpg","schema":{"@context":"https:\/\/schema.org","@graph":[{"@type":"WebPage","@id":"https:\/\/dev6.erresse-shop.it\/fr\/shop\/petits-electromenagers\/machines-cafe\/automatique\/jura-machine-a-cafe-s8-platine\/","url":"https:\/\/dev6.erresse-shop.it\/fr\/shop\/petits-electromenagers\/machines-cafe\/automatique\/jura-machine-a-cafe-s8-platine\/","name":"JURA Machine \u00e0 caf\u00e9 S8 Platine - dev6 Erresse","isPartOf":{"@id":"https:\/\/dev6.erresse-shop.it\/#website"},"primaryImageOfPage":{"@id":"https:\/\/dev6.erresse-shop.it\/fr\/shop\/petits-electromenagers\/machines-cafe\/automatique\/jura-machine-a-cafe-s8-platine\/#primaryimage"},"image":{"@id":"https:\/\/dev6.erresse-shop.it\/fr\/shop\/petits-electromenagers\/machines-cafe\/automatique\/jura-machine-a-cafe-s8-platine\/#primaryimage"},"thumbnailUrl":"https:\/\/i0.wp.com\/interpim.erresse-shop.it\/wp-content\/uploads\/2025\/03\/JURA-Macchina-Da-Caffe-S8-Platino.jpg\/jura-macchina-da-caffe-s8-platino.jpg?ssl=1","datePublished":"2026-04-10T12:59:00+00:00","description":"Innovation et Plaisir pour une \u00c9l\u00e9gance HarmonieuseL\u2019\u00e9l\u00e9gante S8 s\u00e9duit les amateurs de caf\u00e9 et les passionn\u00e9s de design. Avec son design harmonieux, ses","breadcrumb":{"@id":"https:\/\/dev6.erresse-shop.it\/fr\/shop\/petits-electromenagers\/machines-cafe\/automatique\/jura-machine-a-cafe-s8-platine\/#breadcrumb"},"inLanguage":"fr-FR","potentialAction":[{"@type":"ReadAction","target":["https:\/\/dev6.erresse-shop.it\/fr\/shop\/petits-electromenagers\/machines-cafe\/automatique\/jura-machine-a-cafe-s8-platine\/"]}]},{"@type":"ImageObject","inLanguage":"fr-FR","@id":"https:\/\/dev6.erresse-shop.it\/fr\/shop\/petits-electromenagers\/machines-cafe\/automatique\/jura-machine-a-cafe-s8-platine\/#primaryimage","url":"https:\/\/i0.wp.com\/interpim.erresse-shop.it\/wp-content\/uploads\/2025\/03\/JURA-Macchina-Da-Caffe-S8-Platino.jpg\/jura-macchina-da-caffe-s8-platino.jpg?ssl=1","contentUrl":"https:\/\/i0.wp.com\/interpim.erresse-shop.it\/wp-content\/uploads\/2025\/03\/JURA-Macchina-Da-Caffe-S8-Platino.jpg\/jura-macchina-da-caffe-s8-platino.jpg?ssl=1"},{"@type":"BreadcrumbList","@id":"https:\/\/dev6.erresse-shop.it\/fr\/shop\/petits-electromenagers\/machines-cafe\/automatique\/jura-machine-a-cafe-s8-platine\/#breadcrumb","itemListElement":[{"@type":"ListItem","position":1,"name":"Home","item":"https:\/\/dev6.erresse-shop.it\/"},{"@type":"ListItem","position":2,"name":"Boutique","item":"https:\/\/dev6.erresse-shop.it\/shop\/"},{"@type":"ListItem","position":3,"name":"JURA Machine \u00e0 caf\u00e9 S8 Platine"}]},{"@type":"WebSite","@id":"https:\/\/dev6.erresse-shop.it\/#website","url":"https:\/\/dev6.erresse-shop.it\/","name":"Erresse Shop","description":"","publisher":{"@id":"https:\/\/dev6.erresse-shop.it\/#organization"},"potentialAction":[{"@type":"SearchAction","target":{"@type":"EntryPoint","urlTemplate":"https:\/\/dev6.erresse-shop.it\/?s={search_term_string}"},"query-input":{"@type":"PropertyValueSpecification","valueRequired":true,"valueName":"search_term_string"}}],"inLanguage":"fr-FR"},{"@type":"Organization","@id":"https:\/\/dev6.erresse-shop.it\/#organization","name":"Erresse Shop","url":"https:\/\/dev6.erresse-shop.it\/","logo":{"@type":"ImageObject","inLanguage":"fr-FR","@id":"https:\/\/dev6.erresse-shop.it\/#\/schema\/logo\/image\/","url":"https:\/\/dev6.erresse-shop.it\/wp-content\/uploads\/2025\/01\/LOGO-ERRESSE-CLASSICO.svg","contentUrl":"https:\/\/dev6.erresse-shop.it\/wp-content\/uploads\/2025\/01\/LOGO-ERRESSE-CLASSICO.svg","caption":"Erresse Shop"},"image":{"@id":"https:\/\/dev6.erresse-shop.it\/#\/schema\/logo\/image\/"}}]}},"df_price":1399.95,"df_sale_price":1399.95,"df_regular_price":1649,"df_image_link":"https:\/\/i0.wp.com\/interpim.erresse-shop.it\/wp-content\/uploads\/2025\/03\/JURA-Macchina-Da-Caffe-S8-Platino.jpg\/jura-macchina-da-caffe-s8-platino.jpg?resize=300,300&ssl=1","fifu_image_url":"https:\/\/interpim.erresse-shop.it\/wp-content\/uploads\/2025\/03\/JURA-Macchina-Da-Caffe-S8-Platino.jpg\/jura-macchina-da-caffe-s8-platino.jpg","_links":{"self":[{"href":"https:\/\/dev6.erresse-shop.it\/fr\/wp-json\/wp\/v2\/product\/2306929","targetHints":{"allow":["GET"]}}],"collection":[{"href":"https:\/\/dev6.erresse-shop.it\/fr\/wp-json\/wp\/v2\/product"}],"about":[{"href":"https:\/\/dev6.erresse-shop.it\/fr\/wp-json\/wp\/v2\/types\/product"}],"wp:featuredmedia":[{"embeddable":true,"href":"https:\/\/dev6.erresse-shop.it\/fr\/wp-json\/wp\/v2\/media\/6338672"}],"wp:attachment":[{"href":"https:\/\/dev6.erresse-shop.it\/fr\/wp-json\/wp\/v2\/media?parent=2306929"}],"wp:term":[{"taxonomy":"product_cat","embeddable":true,"href":"https:\/\/dev6.erresse-shop.it\/fr\/wp-json\/wp\/v2\/product_cat?post=2306929"},{"taxonomy":"product_tag","embeddable":true,"href":"https:\/\/dev6.erresse-shop.it\/fr\/wp-json\/wp\/v2\/product_tag?post=2306929"}],"curies":[{"name":"wp","href":"https:\/\/api.w.org\/{rel}","templated":true}]}}