{"id":2306923,"date":"2026-04-04T14:17:44","date_gmt":"2026-04-04T12:17:44","guid":{"rendered":"https:\/\/dev6.erresse-shop.it\/shop\/non%20class\u00e9\/jura-machine-a-cafe-j8-piano-black\/"},"modified":"2025-11-30T17:53:11","modified_gmt":"2025-11-30T16:53:11","slug":"jura-machine-a-cafe-j8-piano-black","status":"publish","type":"product","link":"https:\/\/dev6.erresse-shop.it\/fr\/shop\/petits-electromenagers\/machines-cafe\/automatique\/jura-machine-a-cafe-j8-piano-black\/","title":{"rendered":"JURA Machine \u00e0 caf\u00e9 J8 Piano Black"},"content":{"rendered":"<p class>J8 pour Sp\u00e9cialit\u00e9s de Caf\u00e9 \u2013 Avec Mousse de Lait Sucr\u00e9e<\/p>\n<p class>La nouvelle g\u00e9n\u00e9ration de la ligne J, appr\u00e9ci\u00e9e dans le monde entier, int\u00e8gre une s\u00e9rie d\u2019innovations technologiques pour un plaisir du caf\u00e9 encore plus parfait. En plus de toute la gamme de caf\u00e9s classiques, la J8 propose d\u00e9sormais encore plus de sp\u00e9cialit\u00e9s.<\/p>\n<p class>Fonction Sweet Foam \u2013 La Nouvelle Fronti\u00e8re du Plaisir<\/p>\n<p class>Le secret de la haute cuisine r\u00e9side dans l\u2019utilisation d\u2019ingr\u00e9dients frais et de qualit\u00e9, pr\u00e9par\u00e9s avec ma\u00eetrise. Il en va de m\u00eame pour les sp\u00e9cialit\u00e9s de caf\u00e9 exceptionnelles. La nouvelle fonction Sweet Foam aromatise la mousse de lait pendant la pr\u00e9paration gr\u00e2ce \u00e0 un accessoire pour sirop, offrant une dimension de plaisir totalement nouvelle. En s\u00e9lectionnant et dosant le sirop, il est possible d\u2019ajuster le go\u00fbt et l\u2019intensit\u00e9 exactement selon les pr\u00e9f\u00e9rences individuelles. La J8 pr\u00e9pare ainsi des sp\u00e9cialit\u00e9s tendance telles que le Sweet Latte d\u2019une simple pression sur un bouton.<\/p>\n<p class>Coffee Eye \u2013 Un Capteur de Tasse Intelligent<\/p>\n<p class>Que vous souhaitiez pr\u00e9parer un classique depuis le distributeur central de caf\u00e9 ou une sp\u00e9cialit\u00e9 enrichie de lait et de mousse de lait depuis le distributeur de cappuccino, le Coffee Eye vous simplifie la t\u00e2che. Le capteur intelligent d\u00e9tecte la position de la tasse et ajuste automatiquement la gamme de sp\u00e9cialit\u00e9s disponibles sur l\u2019\u00e9cran en fonction de la position de la tasse, rendant l\u2019utilisation encore plus facile et intuitive.<\/p>\n<p class>P.A.G.2&#43; \u2013 Haute Technologie pour un Ar\u00f4me Exceptionnel<\/p>\n<p class>Le moulin \u00e0 caf\u00e9 P.A.G.2&#43; est une classe \u00e0 part. Cela se refl\u00e8te dans son design sonore inspir\u00e9 de la Formule 1. Le contr\u00f4le de l\u2019ar\u00f4me est un contr\u00f4le actif du degr\u00e9 de mouture, garantissant des r\u00e9sultats toujours excellents. Selon le produit s\u00e9lectionn\u00e9, la machine recommande un r\u00e9glage de mouture \u201cmoyenne\u201d ou \u201cintense\u201d. Cela permet de contr\u00f4ler l\u2019ar\u00f4me dans la tasse. Les r\u00e9glages de mouture peuvent \u00eatre modifi\u00e9s \u00e0 tout moment, mais avant et apr\u00e8s la pr\u00e9paration, le P.A.G.2&#43; reste en veille, le pr\u00e9servant pour toute sa dur\u00e9e de vie. Ainsi, la machine automatique pour sp\u00e9cialit\u00e9s de caf\u00e9 garantit un go\u00fbt parfait encore plus longtemps.<\/p>\n<p class>Design 360\u00b0 \u2013 L\u2019Expression d\u2019une Expertise Maximale<\/p>\n<p class>L\u2019esth\u00e9tique de la J8 se caract\u00e9rise par des lignes nettes et sym\u00e9triques. Les normes de construction les plus \u00e9lev\u00e9es et une pr\u00e9cision dans le travail d\u2019assemblage expriment la qualit\u00e9 et l\u2019expertise. La nouvelle interpr\u00e9tation du design 360\u00b0 prim\u00e9 impressionne par son souci du d\u00e9tail. L\u2019accent mis sur les grains de caf\u00e9 frais, l\u2019interface utilisateur attrayante et l\u2019\u00e9clairage subtil de la sp\u00e9cialit\u00e9 aromatique \u2013 tout se fond dans un ensemble harmonieux, donnant expression \u00e0 la sup\u00e9riorit\u00e9 de cette machine \u00e0 caf\u00e9 automatique haut de gamme.<\/p>\n<p class>Sp\u00e9cialit\u00e9s Disponibles :<\/p>\n<p>31 options, dont Espresso, Caf\u00e9, Americano, Lungo, Espresso double, Cortado, Cappuccino, Flat White, Latte Macchiato et diverses versions \u201cSweet\u201d pour chaque boisson (par exemple, Sweet Espresso Macchiato, Sweet Cappuccino, etc.).<br \/>\nFonction \u201cSweet Foam\u201d pour pr\u00e9parer une mousse de lait sucr\u00e9e.<\/p>\n<p class>Caract\u00e9ristiques Techniques :<\/p>\n<p class>Capacit\u00e9 du r\u00e9servoir d\u2019eau : 1.9 l<\/p>\n<p class>Capacit\u00e9 du contenant de grains de caf\u00e9 : 280 g<\/p>\n<p class>Capacit\u00e9 du contenant de marc de caf\u00e9 : 16 portions<\/p>\n<p class>Poids : 10.2 kg<\/p>\n<p class>Dimensions : 31.8 \u00d7 34.8 \u00d7 44.6 cm<\/p>\n<p class>Puissance : 1450 W<\/p>\n<p class>Mode \u00e9conomie d\u2019\u00e9nergie et Zero-Energy Switch<\/p>\n<p class>D\u00e9tails Suppl\u00e9mentaires :<\/p>\n<p class>Fabriqu\u00e9 en Suisse<\/p>\n<p class>Ann\u00e9e du mod\u00e8le : 2022<\/p>\n","protected":false},"excerpt":{"rendered":"<p>J8 pour Sp\u00e9cialit\u00e9s de Caf\u00e9 \u2013 Avec Mousse de Lait Sucr\u00e9e La nouvelle g\u00e9n\u00e9ration de la ligne J, appr\u00e9ci\u00e9e dans le monde entier, int\u00e8gre une s\u00e9rie d\u2019innovations technologiques pour un plaisir du caf\u00e9 encore plus parfait. En plus de toute la gamme de caf\u00e9s classiques, la J8 propose d\u00e9sormais encore plus de sp\u00e9cialit\u00e9s. Fonction Sweet [&hellip;]<\/p>\n","protected":false},"featured_media":6297004,"template":"","meta":{"_acf_changed":false},"product_cat":[12076,12063,12055],"product_tag":[],"class_list":{"0":"post-2306923","1":"product","2":"type-product","3":"status-publish","4":"has-post-thumbnail","6":"product_cat-automatique","7":"product_cat-machines-cafe","8":"product_cat-petits-electromenagers","10":"first","11":"instock","12":"sale","13":"taxable","14":"shipping-taxable","15":"purchasable","16":"product-type-simple","swatches":"rey-swatches","show_selected":"","stretch_labels":"rey-swatches--stretch-labels"},"acf":[],"yoast_head":"<!-- This site is optimized with the Yoast SEO plugin v25.4 - https:\/\/yoast.com\/wordpress\/plugins\/seo\/ -->\n<title>JURA Machine \u00e0 caf\u00e9 J8 Piano Black - dev6 Erresse<\/title>\n<meta name=\"description\" content=\"J8 pour Sp\u00e9cialit\u00e9s de Caf\u00e9 \u2013 Avec Mousse de Lait Sucr\u00e9e La nouvelle g\u00e9n\u00e9ration de la ligne J, appr\u00e9ci\u00e9e dans le monde entier, int\u00e8gre une s\u00e9rie\" \/>\n<meta name=\"robots\" content=\"noindex, follow, max-snippet:-1, max-image-preview:large, max-video-preview:-1\" \/>\n<meta property=\"og:locale\" content=\"fr_FR\" \/>\n<meta property=\"og:type\" content=\"article\" \/>\n<meta property=\"og:title\" content=\"JURA Machine \u00e0 caf\u00e9 J8 Piano Black - dev6 Erresse\" \/>\n<meta property=\"og:description\" content=\"J8 pour Sp\u00e9cialit\u00e9s de Caf\u00e9 \u2013 Avec Mousse de Lait Sucr\u00e9e La nouvelle g\u00e9n\u00e9ration de la ligne J, appr\u00e9ci\u00e9e dans le monde entier, int\u00e8gre une s\u00e9rie\" \/>\n<meta property=\"og:url\" content=\"https:\/\/dev6.erresse-shop.it\/fr\/shop\/petits-electromenagers\/machines-cafe\/automatique\/jura-machine-a-cafe-j8-piano-black\/\" \/>\n<meta property=\"og:site_name\" content=\"dev6 Erresse\" \/>\n<meta property=\"og:image\" content=\"https:\/\/interpim.erresse-shop.it\/wp-content\/uploads\/2025\/03\/JURA-Macchina-Da-Caffe-J8-Piano-Black.jpg\/jura-macchina-da-caffe-j8-piano-black.jpg\" \/><meta property=\"og:image\" content=\"https:\/\/interpim.erresse-shop.it\/wp-content\/uploads\/2025\/03\/JURA-Macchina-Da-Caffe-J8-Piano-Black.jpg\/jura-macchina-da-caffe-j8-piano-black.jpg\" \/>\n\t<meta property=\"og:image:width\" content=\"1024\" \/>\n\t<meta property=\"og:image:height\" content=\"1024\" \/>\n\t<meta property=\"og:image:type\" content=\"image\/jpeg\" \/>\n<meta name=\"twitter:card\" content=\"summary_large_image\" \/>\n<meta name=\"twitter:image\" content=\"https:\/\/interpim.erresse-shop.it\/wp-content\/uploads\/2025\/03\/JURA-Macchina-Da-Caffe-J8-Piano-Black.jpg\/jura-macchina-da-caffe-j8-piano-black.jpg\" \/>\n<script type=\"application\/ld+json\" class=\"yoast-schema-graph\">{\"@context\":\"https:\/\/schema.org\",\"@graph\":[{\"@type\":\"WebPage\",\"@id\":\"https:\/\/dev6.erresse-shop.it\/fr\/shop\/petits-electromenagers\/machines-cafe\/automatique\/jura-machine-a-cafe-j8-piano-black\/\",\"url\":\"https:\/\/dev6.erresse-shop.it\/fr\/shop\/petits-electromenagers\/machines-cafe\/automatique\/jura-machine-a-cafe-j8-piano-black\/\",\"name\":\"JURA Machine \u00e0 caf\u00e9 J8 Piano Black - dev6 Erresse\",\"isPartOf\":{\"@id\":\"https:\/\/dev6.erresse-shop.it\/#website\"},\"primaryImageOfPage\":{\"@id\":\"https:\/\/dev6.erresse-shop.it\/fr\/shop\/petits-electromenagers\/machines-cafe\/automatique\/jura-machine-a-cafe-j8-piano-black\/#primaryimage\"},\"image\":{\"@id\":\"https:\/\/dev6.erresse-shop.it\/fr\/shop\/petits-electromenagers\/machines-cafe\/automatique\/jura-machine-a-cafe-j8-piano-black\/#primaryimage\"},\"thumbnailUrl\":\"https:\/\/i2.wp.com\/interpim.erresse-shop.it\/wp-content\/uploads\/2025\/03\/JURA-Macchina-Da-Caffe-J8-Piano-Black.jpg\/jura-macchina-da-caffe-j8-piano-black.jpg?ssl=1\",\"datePublished\":\"2026-04-04T12:17:44+00:00\",\"description\":\"J8 pour Sp\u00e9cialit\u00e9s de Caf\u00e9 \u2013 Avec Mousse de Lait Sucr\u00e9e La nouvelle g\u00e9n\u00e9ration de la ligne J, appr\u00e9ci\u00e9e dans le monde entier, int\u00e8gre une s\u00e9rie\",\"breadcrumb\":{\"@id\":\"https:\/\/dev6.erresse-shop.it\/fr\/shop\/petits-electromenagers\/machines-cafe\/automatique\/jura-machine-a-cafe-j8-piano-black\/#breadcrumb\"},\"inLanguage\":\"fr-FR\",\"potentialAction\":[{\"@type\":\"ReadAction\",\"target\":[\"https:\/\/dev6.erresse-shop.it\/fr\/shop\/petits-electromenagers\/machines-cafe\/automatique\/jura-machine-a-cafe-j8-piano-black\/\"]}]},{\"@type\":\"ImageObject\",\"inLanguage\":\"fr-FR\",\"@id\":\"https:\/\/dev6.erresse-shop.it\/fr\/shop\/petits-electromenagers\/machines-cafe\/automatique\/jura-machine-a-cafe-j8-piano-black\/#primaryimage\",\"url\":\"https:\/\/i2.wp.com\/interpim.erresse-shop.it\/wp-content\/uploads\/2025\/03\/JURA-Macchina-Da-Caffe-J8-Piano-Black.jpg\/jura-macchina-da-caffe-j8-piano-black.jpg?ssl=1\",\"contentUrl\":\"https:\/\/i2.wp.com\/interpim.erresse-shop.it\/wp-content\/uploads\/2025\/03\/JURA-Macchina-Da-Caffe-J8-Piano-Black.jpg\/jura-macchina-da-caffe-j8-piano-black.jpg?ssl=1\"},{\"@type\":\"BreadcrumbList\",\"@id\":\"https:\/\/dev6.erresse-shop.it\/fr\/shop\/petits-electromenagers\/machines-cafe\/automatique\/jura-machine-a-cafe-j8-piano-black\/#breadcrumb\",\"itemListElement\":[{\"@type\":\"ListItem\",\"position\":1,\"name\":\"Home\",\"item\":\"https:\/\/dev6.erresse-shop.it\/\"},{\"@type\":\"ListItem\",\"position\":2,\"name\":\"Boutique\",\"item\":\"https:\/\/dev6.erresse-shop.it\/shop\/\"},{\"@type\":\"ListItem\",\"position\":3,\"name\":\"JURA Machine \u00e0 caf\u00e9 J8 Piano Black\"}]},{\"@type\":\"WebSite\",\"@id\":\"https:\/\/dev6.erresse-shop.it\/#website\",\"url\":\"https:\/\/dev6.erresse-shop.it\/\",\"name\":\"Erresse Shop\",\"description\":\"\",\"publisher\":{\"@id\":\"https:\/\/dev6.erresse-shop.it\/#organization\"},\"potentialAction\":[{\"@type\":\"SearchAction\",\"target\":{\"@type\":\"EntryPoint\",\"urlTemplate\":\"https:\/\/dev6.erresse-shop.it\/?s={search_term_string}\"},\"query-input\":{\"@type\":\"PropertyValueSpecification\",\"valueRequired\":true,\"valueName\":\"search_term_string\"}}],\"inLanguage\":\"fr-FR\"},{\"@type\":\"Organization\",\"@id\":\"https:\/\/dev6.erresse-shop.it\/#organization\",\"name\":\"Erresse Shop\",\"url\":\"https:\/\/dev6.erresse-shop.it\/\",\"logo\":{\"@type\":\"ImageObject\",\"inLanguage\":\"fr-FR\",\"@id\":\"https:\/\/dev6.erresse-shop.it\/#\/schema\/logo\/image\/\",\"url\":\"https:\/\/dev6.erresse-shop.it\/wp-content\/uploads\/2025\/01\/LOGO-ERRESSE-CLASSICO.svg\",\"contentUrl\":\"https:\/\/dev6.erresse-shop.it\/wp-content\/uploads\/2025\/01\/LOGO-ERRESSE-CLASSICO.svg\",\"caption\":\"Erresse Shop\"},\"image\":{\"@id\":\"https:\/\/dev6.erresse-shop.it\/#\/schema\/logo\/image\/\"}}]}<\/script>\n<!-- \/ Yoast SEO plugin. -->","yoast_head_json":{"title":"JURA Machine \u00e0 caf\u00e9 J8 Piano Black - dev6 Erresse","description":"J8 pour Sp\u00e9cialit\u00e9s de Caf\u00e9 \u2013 Avec Mousse de Lait Sucr\u00e9e La nouvelle g\u00e9n\u00e9ration de la ligne J, appr\u00e9ci\u00e9e dans le monde entier, int\u00e8gre une s\u00e9rie","robots":{"index":"noindex","follow":"follow","max-snippet":"max-snippet:-1","max-image-preview":"max-image-preview:large","max-video-preview":"max-video-preview:-1"},"og_locale":"fr_FR","og_type":"article","og_title":"JURA Machine \u00e0 caf\u00e9 J8 Piano Black - dev6 Erresse","og_description":"J8 pour Sp\u00e9cialit\u00e9s de Caf\u00e9 \u2013 Avec Mousse de Lait Sucr\u00e9e La nouvelle g\u00e9n\u00e9ration de la ligne J, appr\u00e9ci\u00e9e dans le monde entier, int\u00e8gre une s\u00e9rie","og_url":"https:\/\/dev6.erresse-shop.it\/fr\/shop\/petits-electromenagers\/machines-cafe\/automatique\/jura-machine-a-cafe-j8-piano-black\/","og_site_name":"dev6 Erresse","og_image":[{"url":"https:\/\/interpim.erresse-shop.it\/wp-content\/uploads\/2025\/03\/JURA-Macchina-Da-Caffe-J8-Piano-Black.jpg\/jura-macchina-da-caffe-j8-piano-black.jpg","type":"","width":"","height":""},{"url":"https:\/\/interpim.erresse-shop.it\/wp-content\/uploads\/2025\/03\/JURA-Macchina-Da-Caffe-J8-Piano-Black.jpg\/jura-macchina-da-caffe-j8-piano-black.jpg","width":1024,"height":1024,"type":"image\/jpeg"}],"twitter_card":"summary_large_image","twitter_image":"https:\/\/interpim.erresse-shop.it\/wp-content\/uploads\/2025\/03\/JURA-Macchina-Da-Caffe-J8-Piano-Black.jpg\/jura-macchina-da-caffe-j8-piano-black.jpg","schema":{"@context":"https:\/\/schema.org","@graph":[{"@type":"WebPage","@id":"https:\/\/dev6.erresse-shop.it\/fr\/shop\/petits-electromenagers\/machines-cafe\/automatique\/jura-machine-a-cafe-j8-piano-black\/","url":"https:\/\/dev6.erresse-shop.it\/fr\/shop\/petits-electromenagers\/machines-cafe\/automatique\/jura-machine-a-cafe-j8-piano-black\/","name":"JURA Machine \u00e0 caf\u00e9 J8 Piano Black - dev6 Erresse","isPartOf":{"@id":"https:\/\/dev6.erresse-shop.it\/#website"},"primaryImageOfPage":{"@id":"https:\/\/dev6.erresse-shop.it\/fr\/shop\/petits-electromenagers\/machines-cafe\/automatique\/jura-machine-a-cafe-j8-piano-black\/#primaryimage"},"image":{"@id":"https:\/\/dev6.erresse-shop.it\/fr\/shop\/petits-electromenagers\/machines-cafe\/automatique\/jura-machine-a-cafe-j8-piano-black\/#primaryimage"},"thumbnailUrl":"https:\/\/i2.wp.com\/interpim.erresse-shop.it\/wp-content\/uploads\/2025\/03\/JURA-Macchina-Da-Caffe-J8-Piano-Black.jpg\/jura-macchina-da-caffe-j8-piano-black.jpg?ssl=1","datePublished":"2026-04-04T12:17:44+00:00","description":"J8 pour Sp\u00e9cialit\u00e9s de Caf\u00e9 \u2013 Avec Mousse de Lait Sucr\u00e9e La nouvelle g\u00e9n\u00e9ration de la ligne J, appr\u00e9ci\u00e9e dans le monde entier, int\u00e8gre une s\u00e9rie","breadcrumb":{"@id":"https:\/\/dev6.erresse-shop.it\/fr\/shop\/petits-electromenagers\/machines-cafe\/automatique\/jura-machine-a-cafe-j8-piano-black\/#breadcrumb"},"inLanguage":"fr-FR","potentialAction":[{"@type":"ReadAction","target":["https:\/\/dev6.erresse-shop.it\/fr\/shop\/petits-electromenagers\/machines-cafe\/automatique\/jura-machine-a-cafe-j8-piano-black\/"]}]},{"@type":"ImageObject","inLanguage":"fr-FR","@id":"https:\/\/dev6.erresse-shop.it\/fr\/shop\/petits-electromenagers\/machines-cafe\/automatique\/jura-machine-a-cafe-j8-piano-black\/#primaryimage","url":"https:\/\/i2.wp.com\/interpim.erresse-shop.it\/wp-content\/uploads\/2025\/03\/JURA-Macchina-Da-Caffe-J8-Piano-Black.jpg\/jura-macchina-da-caffe-j8-piano-black.jpg?ssl=1","contentUrl":"https:\/\/i2.wp.com\/interpim.erresse-shop.it\/wp-content\/uploads\/2025\/03\/JURA-Macchina-Da-Caffe-J8-Piano-Black.jpg\/jura-macchina-da-caffe-j8-piano-black.jpg?ssl=1"},{"@type":"BreadcrumbList","@id":"https:\/\/dev6.erresse-shop.it\/fr\/shop\/petits-electromenagers\/machines-cafe\/automatique\/jura-machine-a-cafe-j8-piano-black\/#breadcrumb","itemListElement":[{"@type":"ListItem","position":1,"name":"Home","item":"https:\/\/dev6.erresse-shop.it\/"},{"@type":"ListItem","position":2,"name":"Boutique","item":"https:\/\/dev6.erresse-shop.it\/shop\/"},{"@type":"ListItem","position":3,"name":"JURA Machine \u00e0 caf\u00e9 J8 Piano Black"}]},{"@type":"WebSite","@id":"https:\/\/dev6.erresse-shop.it\/#website","url":"https:\/\/dev6.erresse-shop.it\/","name":"Erresse Shop","description":"","publisher":{"@id":"https:\/\/dev6.erresse-shop.it\/#organization"},"potentialAction":[{"@type":"SearchAction","target":{"@type":"EntryPoint","urlTemplate":"https:\/\/dev6.erresse-shop.it\/?s={search_term_string}"},"query-input":{"@type":"PropertyValueSpecification","valueRequired":true,"valueName":"search_term_string"}}],"inLanguage":"fr-FR"},{"@type":"Organization","@id":"https:\/\/dev6.erresse-shop.it\/#organization","name":"Erresse Shop","url":"https:\/\/dev6.erresse-shop.it\/","logo":{"@type":"ImageObject","inLanguage":"fr-FR","@id":"https:\/\/dev6.erresse-shop.it\/#\/schema\/logo\/image\/","url":"https:\/\/dev6.erresse-shop.it\/wp-content\/uploads\/2025\/01\/LOGO-ERRESSE-CLASSICO.svg","contentUrl":"https:\/\/dev6.erresse-shop.it\/wp-content\/uploads\/2025\/01\/LOGO-ERRESSE-CLASSICO.svg","caption":"Erresse Shop"},"image":{"@id":"https:\/\/dev6.erresse-shop.it\/#\/schema\/logo\/image\/"}}]}},"df_price":1489,"df_sale_price":1489,"df_regular_price":1749,"df_image_link":"https:\/\/i2.wp.com\/interpim.erresse-shop.it\/wp-content\/uploads\/2025\/03\/JURA-Macchina-Da-Caffe-J8-Piano-Black.jpg\/jura-macchina-da-caffe-j8-piano-black.jpg?resize=300,300&ssl=1","fifu_image_url":"https:\/\/interpim.erresse-shop.it\/wp-content\/uploads\/2025\/03\/JURA-Macchina-Da-Caffe-J8-Piano-Black.jpg\/jura-macchina-da-caffe-j8-piano-black.jpg","_links":{"self":[{"href":"https:\/\/dev6.erresse-shop.it\/fr\/wp-json\/wp\/v2\/product\/2306923","targetHints":{"allow":["GET"]}}],"collection":[{"href":"https:\/\/dev6.erresse-shop.it\/fr\/wp-json\/wp\/v2\/product"}],"about":[{"href":"https:\/\/dev6.erresse-shop.it\/fr\/wp-json\/wp\/v2\/types\/product"}],"wp:featuredmedia":[{"embeddable":true,"href":"https:\/\/dev6.erresse-shop.it\/fr\/wp-json\/wp\/v2\/media\/6297004"}],"wp:attachment":[{"href":"https:\/\/dev6.erresse-shop.it\/fr\/wp-json\/wp\/v2\/media?parent=2306923"}],"wp:term":[{"taxonomy":"product_cat","embeddable":true,"href":"https:\/\/dev6.erresse-shop.it\/fr\/wp-json\/wp\/v2\/product_cat?post=2306923"},{"taxonomy":"product_tag","embeddable":true,"href":"https:\/\/dev6.erresse-shop.it\/fr\/wp-json\/wp\/v2\/product_tag?post=2306923"}],"curies":[{"name":"wp","href":"https:\/\/api.w.org\/{rel}","templated":true}]}}