{"id":2306921,"date":"2026-04-04T14:17:44","date_gmt":"2026-04-04T12:17:44","guid":{"rendered":"https:\/\/dev6.erresse-shop.it\/shop\/non%20class\u00e9\/jura-machine-a-cafe-giga-10-diamond-black\/"},"modified":"2026-01-29T19:20:05","modified_gmt":"2026-01-29T18:20:05","slug":"jura-machine-a-cafe-giga-10-diamond-black","status":"publish","type":"product","link":"https:\/\/dev6.erresse-shop.it\/fr\/shop\/petits-electromenagers\/machines-cafe\/automatique\/jura-machine-a-cafe-giga-10-diamond-black\/","title":{"rendered":"JURA Machine \u00e0 caf\u00e9 GIGA 10 Diamond Black"},"content":{"rendered":"<p class>L\u2019incarnation d\u2019un plaisir du caf\u00e9 in\u00e9gal\u00e9<\/p>\n<p class>La GIGA 10, le summum des machines automatiques \u00e0 caf\u00e9, atteint de nouveaux sommets en termes de performances et de plaisir authentique du caf\u00e9.<\/p>\n<p class>Plus de choix, plus d\u2019options de personnalisation<\/p>\n<p class>Avec ses 35 sp\u00e9cialit\u00e9s de caf\u00e9, la GIGA 10 offre la plus large s\u00e9lection parmi toutes les machines automatiques JURA. Mais ce n\u2019est pas tout : les commandes innovantes de la machine permettent une personnalisation infinie pour adapter la GIGA 10 aux pr\u00e9f\u00e9rences individuelles. Par exemple, savourez un flat white particuli\u00e8rement intense en activant la fonction Extra Shot. Le r\u00e9volutionnaire Cold Extraction Process double la vari\u00e9t\u00e9 des saveurs, permettant de pr\u00e9parer toutes les sp\u00e9cialit\u00e9s de caf\u00e9 avec de l\u2019eau froide. Gr\u00e2ce au nouveau bypass pour l\u2019eau froide, il est \u00e9galement possible de pr\u00e9parer des sp\u00e9cialit\u00e9s Barista longues. Profitez ainsi d\u2019un caf\u00e9 dans la plus pure tradition Barista, transformant votre maison en un caf\u00e9 tendance.<\/p>\n<p class>Deux moulins \u00e0 caf\u00e9 avec meules en c\u00e9ramique pour un plaisir encore plus intense<\/p>\n<p class>Pour garantir une professionnalit\u00e9 maximale, la GIGA 10 dispose non pas d\u2019un, mais de deux moulins \u00e0 caf\u00e9 de pr\u00e9cision en c\u00e9ramique de haute qualit\u00e9 et durable. Deux contenants de caf\u00e9 en grains au design \u00e9l\u00e9gant en turbine, chacun reli\u00e9 \u00e0 un moulin, permettent de s\u00e9lectionner le m\u00e9lange de caf\u00e9 id\u00e9al ou le mix pr\u00e9f\u00e9r\u00e9 pour chaque tasse. Par exemple, savourez un espresso aromatique pr\u00e9par\u00e9 avec un torr\u00e9faction plus fonc\u00e9e et plus intense, ou des sp\u00e9cialit\u00e9s de caf\u00e9 longues et d\u00e9licates avec du lait, pr\u00e9par\u00e9es avec une torr\u00e9faction moyenne.<\/p>\n<p class>Panorama Coffee Panel pour une exp\u00e9rience utilisateur totalement nouvelle<\/p>\n<p class>Pour offrir une vue d\u2019ensemble compl\u00e8te de toutes les options de r\u00e9glage et garantir une utilisation encore plus intuitive de la GIGA 10, la machine automatique est dot\u00e9e d\u2019un large Panorama Panel avec technologie tactile. Le nouveau Panorama Panel de la GIGA 10 offre une vue compl\u00e8te et l\u2019interface intuitive permet de naviguer facilement entre les nombreuses options de r\u00e9glage. Pour pr\u00e9parer votre sp\u00e9cialit\u00e9 pr\u00e9f\u00e9r\u00e9e et l\u2019adapter enti\u00e8rement \u00e0 vos pr\u00e9f\u00e9rences personnelles, il suffit de toucher ou de glisser votre doigt sur l\u2019\u00e9cran tactile. R\u00e9glez la taille de la tasse, l\u2019intensit\u00e9 du caf\u00e9 ou le rapport caf\u00e9-lait et mousse de lait : tout est possible avec la GIGA 10.<\/p>\n<p class>Grande performance, design extraordinaire<\/p>\n<p class>Les performances impressionnantes et la puissance concentr\u00e9e de la GIGA 10 se refl\u00e8tent dans son design frappant. Le panneau avant en Diamond Black raffin\u00e9 avec des \u00e9l\u00e9ments chrom\u00e9s et le prominent Panorama Coffee Panel d\u00e9gagent une sup\u00e9riorit\u00e9 discr\u00e8te. Les deux contenants de caf\u00e9 en grains au design en turbine rappellent le moteur puissant d\u2019une voiture de sport, alliant luxe et excellentes performances. Le nouveau repose-tasses compl\u00e8te harmonieusement l\u2019ensemble. Avec son design spectaculaire et le prestige authentique qu\u2019elle d\u00e9gage, la GIGA 10 met en sc\u00e8ne avec brio le plaisir parfait du caf\u00e9.<\/p>\n<p class>Sp\u00e9cialit\u00e9s disponibles :<\/p>\n<p class>35 options : Espresso, Cold Brew Espresso, 2\u00d7 Espresso, Caf\u00e9, Cold Brew Caf\u00e9, 2\u00d7 Caf\u00e9, Americano, Cold Brew Americano, 2\u00d7 Americano, Lungo, Cold Brew Lungo, 2\u00d7 Lungo, Espresso double, Cold Brew Espresso double, Cortado, Cold Brew Cortado, Espresso macchiato, Cold Brew Espresso macchiato, Caffelatte, Cold Brew Caffelatte, Caffelatte Extra Shot, Cappuccino, Cold Brew Cappuccino, Cappuccino Extra Shot, Flat White, Flat White Cold Brew, Flat White Extra Shot, Latte macchiato, Cold Brew Latte macchiato, Latte macchiato Extra Shot, Portion de mousse de lait, Portion de lait, Eau chaude, Eau pour th\u00e9 vert.<\/p>\n<p class>Sp\u00e9cifications techniques :<\/p>\n<p class>Capacit\u00e9 du r\u00e9servoir d\u2019eau : 2,6 l<\/p>\n<p class>Capacit\u00e9 du contenant de caf\u00e9 en grains : 2\u00d7280 g<\/p>\n<p class>Contenant des marcs de caf\u00e9 : 20 portions<\/p>\n<p class>Poids : 18 kg<\/p>\n<p class>Dimensions : 32 \u00d7 41,5 \u00d7 49,6 cm<\/p>\n<p class>Puissance : 2300 W<\/p>\n<p class>Autres d\u00e9tails :<\/p>\n<p class>Pays de fabrication : Suisse<\/p>\n<p class>Ann\u00e9e du mod\u00e8le : 2022<\/p>\n","protected":false},"excerpt":{"rendered":"<p>L\u2019incarnation d\u2019un plaisir du caf\u00e9 in\u00e9gal\u00e9 La GIGA 10, le summum des machines automatiques \u00e0 caf\u00e9, atteint de nouveaux sommets en termes de performances et de plaisir authentique du caf\u00e9. Plus de choix, plus d\u2019options de personnalisation Avec ses 35 sp\u00e9cialit\u00e9s de caf\u00e9, la GIGA 10 offre la plus large s\u00e9lection parmi toutes les machines [&hellip;]<\/p>\n","protected":false},"featured_media":6296991,"template":"","meta":{"_acf_changed":false},"product_cat":[12076,12063,12055],"product_tag":[],"class_list":{"0":"post-2306921","1":"product","2":"type-product","3":"status-publish","4":"has-post-thumbnail","6":"product_cat-automatique","7":"product_cat-machines-cafe","8":"product_cat-petits-electromenagers","10":"first","11":"instock","12":"sale","13":"taxable","14":"shipping-taxable","15":"purchasable","16":"product-type-simple","swatches":"rey-swatches","show_selected":"","stretch_labels":"rey-swatches--stretch-labels"},"acf":[],"yoast_head":"<!-- This site is optimized with the Yoast SEO plugin v25.4 - https:\/\/yoast.com\/wordpress\/plugins\/seo\/ -->\n<title>JURA Machine \u00e0 caf\u00e9 GIGA 10 Diamond Black - dev6 Erresse<\/title>\n<meta name=\"description\" content=\"L\u2019incarnation d\u2019un plaisir du caf\u00e9 in\u00e9gal\u00e9 La GIGA 10, le summum des machines automatiques \u00e0 caf\u00e9, atteint de nouveaux sommets en termes de performances\" \/>\n<meta name=\"robots\" content=\"noindex, follow, max-snippet:-1, max-image-preview:large, max-video-preview:-1\" \/>\n<meta property=\"og:locale\" content=\"fr_FR\" \/>\n<meta property=\"og:type\" content=\"article\" \/>\n<meta property=\"og:title\" content=\"JURA Machine \u00e0 caf\u00e9 GIGA 10 Diamond Black - dev6 Erresse\" \/>\n<meta property=\"og:description\" content=\"L\u2019incarnation d\u2019un plaisir du caf\u00e9 in\u00e9gal\u00e9 La GIGA 10, le summum des machines automatiques \u00e0 caf\u00e9, atteint de nouveaux sommets en termes de performances\" \/>\n<meta property=\"og:url\" content=\"https:\/\/dev6.erresse-shop.it\/fr\/shop\/petits-electromenagers\/machines-cafe\/automatique\/jura-machine-a-cafe-giga-10-diamond-black\/\" \/>\n<meta property=\"og:site_name\" content=\"dev6 Erresse\" \/>\n<meta property=\"og:image\" content=\"https:\/\/interpim.erresse-shop.it\/wp-content\/uploads\/2025\/03\/JURA-Macchina-Da-Caffe-GIGA-10-Diamond-Black.jpg\/jura-macchina-da-caffe-giga-10-diamond-black.jpg\" \/><meta property=\"og:image\" content=\"https:\/\/interpim.erresse-shop.it\/wp-content\/uploads\/2025\/03\/JURA-Macchina-Da-Caffe-GIGA-10-Diamond-Black.jpg\/jura-macchina-da-caffe-giga-10-diamond-black.jpg\" \/>\n\t<meta property=\"og:image:width\" content=\"1024\" \/>\n\t<meta property=\"og:image:height\" content=\"1024\" \/>\n\t<meta property=\"og:image:type\" content=\"image\/jpeg\" \/>\n<meta name=\"twitter:card\" content=\"summary_large_image\" \/>\n<meta name=\"twitter:image\" content=\"https:\/\/interpim.erresse-shop.it\/wp-content\/uploads\/2025\/03\/JURA-Macchina-Da-Caffe-GIGA-10-Diamond-Black.jpg\/jura-macchina-da-caffe-giga-10-diamond-black.jpg\" \/>\n<script type=\"application\/ld+json\" class=\"yoast-schema-graph\">{\"@context\":\"https:\/\/schema.org\",\"@graph\":[{\"@type\":\"WebPage\",\"@id\":\"https:\/\/dev6.erresse-shop.it\/fr\/shop\/petits-electromenagers\/machines-cafe\/automatique\/jura-machine-a-cafe-giga-10-diamond-black\/\",\"url\":\"https:\/\/dev6.erresse-shop.it\/fr\/shop\/petits-electromenagers\/machines-cafe\/automatique\/jura-machine-a-cafe-giga-10-diamond-black\/\",\"name\":\"JURA Machine \u00e0 caf\u00e9 GIGA 10 Diamond Black - dev6 Erresse\",\"isPartOf\":{\"@id\":\"https:\/\/dev6.erresse-shop.it\/#website\"},\"primaryImageOfPage\":{\"@id\":\"https:\/\/dev6.erresse-shop.it\/fr\/shop\/petits-electromenagers\/machines-cafe\/automatique\/jura-machine-a-cafe-giga-10-diamond-black\/#primaryimage\"},\"image\":{\"@id\":\"https:\/\/dev6.erresse-shop.it\/fr\/shop\/petits-electromenagers\/machines-cafe\/automatique\/jura-machine-a-cafe-giga-10-diamond-black\/#primaryimage\"},\"thumbnailUrl\":\"https:\/\/i1.wp.com\/interpim.erresse-shop.it\/wp-content\/uploads\/2025\/03\/JURA-Macchina-Da-Caffe-GIGA-10-Diamond-Black.jpg\/jura-macchina-da-caffe-giga-10-diamond-black.jpg?ssl=1\",\"datePublished\":\"2026-04-04T12:17:44+00:00\",\"description\":\"L\u2019incarnation d\u2019un plaisir du caf\u00e9 in\u00e9gal\u00e9 La GIGA 10, le summum des machines automatiques \u00e0 caf\u00e9, atteint de nouveaux sommets en termes de performances\",\"breadcrumb\":{\"@id\":\"https:\/\/dev6.erresse-shop.it\/fr\/shop\/petits-electromenagers\/machines-cafe\/automatique\/jura-machine-a-cafe-giga-10-diamond-black\/#breadcrumb\"},\"inLanguage\":\"fr-FR\",\"potentialAction\":[{\"@type\":\"ReadAction\",\"target\":[\"https:\/\/dev6.erresse-shop.it\/fr\/shop\/petits-electromenagers\/machines-cafe\/automatique\/jura-machine-a-cafe-giga-10-diamond-black\/\"]}]},{\"@type\":\"ImageObject\",\"inLanguage\":\"fr-FR\",\"@id\":\"https:\/\/dev6.erresse-shop.it\/fr\/shop\/petits-electromenagers\/machines-cafe\/automatique\/jura-machine-a-cafe-giga-10-diamond-black\/#primaryimage\",\"url\":\"https:\/\/i1.wp.com\/interpim.erresse-shop.it\/wp-content\/uploads\/2025\/03\/JURA-Macchina-Da-Caffe-GIGA-10-Diamond-Black.jpg\/jura-macchina-da-caffe-giga-10-diamond-black.jpg?ssl=1\",\"contentUrl\":\"https:\/\/i1.wp.com\/interpim.erresse-shop.it\/wp-content\/uploads\/2025\/03\/JURA-Macchina-Da-Caffe-GIGA-10-Diamond-Black.jpg\/jura-macchina-da-caffe-giga-10-diamond-black.jpg?ssl=1\"},{\"@type\":\"BreadcrumbList\",\"@id\":\"https:\/\/dev6.erresse-shop.it\/fr\/shop\/petits-electromenagers\/machines-cafe\/automatique\/jura-machine-a-cafe-giga-10-diamond-black\/#breadcrumb\",\"itemListElement\":[{\"@type\":\"ListItem\",\"position\":1,\"name\":\"Home\",\"item\":\"https:\/\/dev6.erresse-shop.it\/\"},{\"@type\":\"ListItem\",\"position\":2,\"name\":\"Boutique\",\"item\":\"https:\/\/dev6.erresse-shop.it\/shop\/\"},{\"@type\":\"ListItem\",\"position\":3,\"name\":\"JURA Machine \u00e0 caf\u00e9 GIGA 10 Diamond Black\"}]},{\"@type\":\"WebSite\",\"@id\":\"https:\/\/dev6.erresse-shop.it\/#website\",\"url\":\"https:\/\/dev6.erresse-shop.it\/\",\"name\":\"Erresse Shop\",\"description\":\"\",\"publisher\":{\"@id\":\"https:\/\/dev6.erresse-shop.it\/#organization\"},\"potentialAction\":[{\"@type\":\"SearchAction\",\"target\":{\"@type\":\"EntryPoint\",\"urlTemplate\":\"https:\/\/dev6.erresse-shop.it\/?s={search_term_string}\"},\"query-input\":{\"@type\":\"PropertyValueSpecification\",\"valueRequired\":true,\"valueName\":\"search_term_string\"}}],\"inLanguage\":\"fr-FR\"},{\"@type\":\"Organization\",\"@id\":\"https:\/\/dev6.erresse-shop.it\/#organization\",\"name\":\"Erresse Shop\",\"url\":\"https:\/\/dev6.erresse-shop.it\/\",\"logo\":{\"@type\":\"ImageObject\",\"inLanguage\":\"fr-FR\",\"@id\":\"https:\/\/dev6.erresse-shop.it\/#\/schema\/logo\/image\/\",\"url\":\"https:\/\/dev6.erresse-shop.it\/wp-content\/uploads\/2025\/01\/LOGO-ERRESSE-CLASSICO.svg\",\"contentUrl\":\"https:\/\/dev6.erresse-shop.it\/wp-content\/uploads\/2025\/01\/LOGO-ERRESSE-CLASSICO.svg\",\"caption\":\"Erresse Shop\"},\"image\":{\"@id\":\"https:\/\/dev6.erresse-shop.it\/#\/schema\/logo\/image\/\"}}]}<\/script>\n<!-- \/ Yoast SEO plugin. -->","yoast_head_json":{"title":"JURA Machine \u00e0 caf\u00e9 GIGA 10 Diamond Black - dev6 Erresse","description":"L\u2019incarnation d\u2019un plaisir du caf\u00e9 in\u00e9gal\u00e9 La GIGA 10, le summum des machines automatiques \u00e0 caf\u00e9, atteint de nouveaux sommets en termes de performances","robots":{"index":"noindex","follow":"follow","max-snippet":"max-snippet:-1","max-image-preview":"max-image-preview:large","max-video-preview":"max-video-preview:-1"},"og_locale":"fr_FR","og_type":"article","og_title":"JURA Machine \u00e0 caf\u00e9 GIGA 10 Diamond Black - dev6 Erresse","og_description":"L\u2019incarnation d\u2019un plaisir du caf\u00e9 in\u00e9gal\u00e9 La GIGA 10, le summum des machines automatiques \u00e0 caf\u00e9, atteint de nouveaux sommets en termes de performances","og_url":"https:\/\/dev6.erresse-shop.it\/fr\/shop\/petits-electromenagers\/machines-cafe\/automatique\/jura-machine-a-cafe-giga-10-diamond-black\/","og_site_name":"dev6 Erresse","og_image":[{"url":"https:\/\/interpim.erresse-shop.it\/wp-content\/uploads\/2025\/03\/JURA-Macchina-Da-Caffe-GIGA-10-Diamond-Black.jpg\/jura-macchina-da-caffe-giga-10-diamond-black.jpg","type":"","width":"","height":""},{"url":"https:\/\/interpim.erresse-shop.it\/wp-content\/uploads\/2025\/03\/JURA-Macchina-Da-Caffe-GIGA-10-Diamond-Black.jpg\/jura-macchina-da-caffe-giga-10-diamond-black.jpg","width":1024,"height":1024,"type":"image\/jpeg"}],"twitter_card":"summary_large_image","twitter_image":"https:\/\/interpim.erresse-shop.it\/wp-content\/uploads\/2025\/03\/JURA-Macchina-Da-Caffe-GIGA-10-Diamond-Black.jpg\/jura-macchina-da-caffe-giga-10-diamond-black.jpg","schema":{"@context":"https:\/\/schema.org","@graph":[{"@type":"WebPage","@id":"https:\/\/dev6.erresse-shop.it\/fr\/shop\/petits-electromenagers\/machines-cafe\/automatique\/jura-machine-a-cafe-giga-10-diamond-black\/","url":"https:\/\/dev6.erresse-shop.it\/fr\/shop\/petits-electromenagers\/machines-cafe\/automatique\/jura-machine-a-cafe-giga-10-diamond-black\/","name":"JURA Machine \u00e0 caf\u00e9 GIGA 10 Diamond Black - dev6 Erresse","isPartOf":{"@id":"https:\/\/dev6.erresse-shop.it\/#website"},"primaryImageOfPage":{"@id":"https:\/\/dev6.erresse-shop.it\/fr\/shop\/petits-electromenagers\/machines-cafe\/automatique\/jura-machine-a-cafe-giga-10-diamond-black\/#primaryimage"},"image":{"@id":"https:\/\/dev6.erresse-shop.it\/fr\/shop\/petits-electromenagers\/machines-cafe\/automatique\/jura-machine-a-cafe-giga-10-diamond-black\/#primaryimage"},"thumbnailUrl":"https:\/\/i1.wp.com\/interpim.erresse-shop.it\/wp-content\/uploads\/2025\/03\/JURA-Macchina-Da-Caffe-GIGA-10-Diamond-Black.jpg\/jura-macchina-da-caffe-giga-10-diamond-black.jpg?ssl=1","datePublished":"2026-04-04T12:17:44+00:00","description":"L\u2019incarnation d\u2019un plaisir du caf\u00e9 in\u00e9gal\u00e9 La GIGA 10, le summum des machines automatiques \u00e0 caf\u00e9, atteint de nouveaux sommets en termes de performances","breadcrumb":{"@id":"https:\/\/dev6.erresse-shop.it\/fr\/shop\/petits-electromenagers\/machines-cafe\/automatique\/jura-machine-a-cafe-giga-10-diamond-black\/#breadcrumb"},"inLanguage":"fr-FR","potentialAction":[{"@type":"ReadAction","target":["https:\/\/dev6.erresse-shop.it\/fr\/shop\/petits-electromenagers\/machines-cafe\/automatique\/jura-machine-a-cafe-giga-10-diamond-black\/"]}]},{"@type":"ImageObject","inLanguage":"fr-FR","@id":"https:\/\/dev6.erresse-shop.it\/fr\/shop\/petits-electromenagers\/machines-cafe\/automatique\/jura-machine-a-cafe-giga-10-diamond-black\/#primaryimage","url":"https:\/\/i1.wp.com\/interpim.erresse-shop.it\/wp-content\/uploads\/2025\/03\/JURA-Macchina-Da-Caffe-GIGA-10-Diamond-Black.jpg\/jura-macchina-da-caffe-giga-10-diamond-black.jpg?ssl=1","contentUrl":"https:\/\/i1.wp.com\/interpim.erresse-shop.it\/wp-content\/uploads\/2025\/03\/JURA-Macchina-Da-Caffe-GIGA-10-Diamond-Black.jpg\/jura-macchina-da-caffe-giga-10-diamond-black.jpg?ssl=1"},{"@type":"BreadcrumbList","@id":"https:\/\/dev6.erresse-shop.it\/fr\/shop\/petits-electromenagers\/machines-cafe\/automatique\/jura-machine-a-cafe-giga-10-diamond-black\/#breadcrumb","itemListElement":[{"@type":"ListItem","position":1,"name":"Home","item":"https:\/\/dev6.erresse-shop.it\/"},{"@type":"ListItem","position":2,"name":"Boutique","item":"https:\/\/dev6.erresse-shop.it\/shop\/"},{"@type":"ListItem","position":3,"name":"JURA Machine \u00e0 caf\u00e9 GIGA 10 Diamond Black"}]},{"@type":"WebSite","@id":"https:\/\/dev6.erresse-shop.it\/#website","url":"https:\/\/dev6.erresse-shop.it\/","name":"Erresse Shop","description":"","publisher":{"@id":"https:\/\/dev6.erresse-shop.it\/#organization"},"potentialAction":[{"@type":"SearchAction","target":{"@type":"EntryPoint","urlTemplate":"https:\/\/dev6.erresse-shop.it\/?s={search_term_string}"},"query-input":{"@type":"PropertyValueSpecification","valueRequired":true,"valueName":"search_term_string"}}],"inLanguage":"fr-FR"},{"@type":"Organization","@id":"https:\/\/dev6.erresse-shop.it\/#organization","name":"Erresse Shop","url":"https:\/\/dev6.erresse-shop.it\/","logo":{"@type":"ImageObject","inLanguage":"fr-FR","@id":"https:\/\/dev6.erresse-shop.it\/#\/schema\/logo\/image\/","url":"https:\/\/dev6.erresse-shop.it\/wp-content\/uploads\/2025\/01\/LOGO-ERRESSE-CLASSICO.svg","contentUrl":"https:\/\/dev6.erresse-shop.it\/wp-content\/uploads\/2025\/01\/LOGO-ERRESSE-CLASSICO.svg","caption":"Erresse Shop"},"image":{"@id":"https:\/\/dev6.erresse-shop.it\/#\/schema\/logo\/image\/"}}]}},"df_price":2639,"df_sale_price":2639,"df_regular_price":3779,"df_image_link":"https:\/\/i1.wp.com\/interpim.erresse-shop.it\/wp-content\/uploads\/2025\/03\/JURA-Macchina-Da-Caffe-GIGA-10-Diamond-Black.jpg\/jura-macchina-da-caffe-giga-10-diamond-black.jpg?resize=300,300&ssl=1","fifu_image_url":"https:\/\/interpim.erresse-shop.it\/wp-content\/uploads\/2025\/03\/JURA-Macchina-Da-Caffe-GIGA-10-Diamond-Black.jpg\/jura-macchina-da-caffe-giga-10-diamond-black.jpg","_links":{"self":[{"href":"https:\/\/dev6.erresse-shop.it\/fr\/wp-json\/wp\/v2\/product\/2306921","targetHints":{"allow":["GET"]}}],"collection":[{"href":"https:\/\/dev6.erresse-shop.it\/fr\/wp-json\/wp\/v2\/product"}],"about":[{"href":"https:\/\/dev6.erresse-shop.it\/fr\/wp-json\/wp\/v2\/types\/product"}],"wp:featuredmedia":[{"embeddable":true,"href":"https:\/\/dev6.erresse-shop.it\/fr\/wp-json\/wp\/v2\/media\/6296991"}],"wp:attachment":[{"href":"https:\/\/dev6.erresse-shop.it\/fr\/wp-json\/wp\/v2\/media?parent=2306921"}],"wp:term":[{"taxonomy":"product_cat","embeddable":true,"href":"https:\/\/dev6.erresse-shop.it\/fr\/wp-json\/wp\/v2\/product_cat?post=2306921"},{"taxonomy":"product_tag","embeddable":true,"href":"https:\/\/dev6.erresse-shop.it\/fr\/wp-json\/wp\/v2\/product_tag?post=2306921"}],"curies":[{"name":"wp","href":"https:\/\/api.w.org\/{rel}","templated":true}]}}