{"id":2306919,"date":"2026-04-12T14:20:13","date_gmt":"2026-04-12T12:20:13","guid":{"rendered":"https:\/\/dev6.erresse-shop.it\/shop\/non%20class\u00e9\/jura-machine-a-cafe-e8-platine\/"},"modified":"2026-01-29T19:20:04","modified_gmt":"2026-01-29T18:20:04","slug":"jura-machine-a-cafe-e8-platine","status":"publish","type":"product","link":"https:\/\/dev6.erresse-shop.it\/fr\/shop\/petits-electromenagers\/machines-cafe\/automatique\/jura-machine-a-cafe-e8-platine\/","title":{"rendered":"JURA Machine \u00e0 caf\u00e9 E8 Platine"},"content":{"rendered":"<p>Appr\u00e9ci\u00e9, convoit\u00e9, test\u00e9<\/p>\n<p>La derni\u00e8re g\u00e9n\u00e9ration de l\u2019E8 r\u00e9pond pleinement aux normes \u00e9lev\u00e9es requises pour d\u00e9velopper davantage la machine automatique \u00e0 sp\u00e9cialit\u00e9s de caf\u00e9 la plus r\u00e9ussie de JURA. Il s\u00e9duit par une excellente qualit\u00e9 de caf\u00e9, se distingue par sa facilit\u00e9 d\u2019utilisation maximale et impressionne par son design fin et moderne.<\/p>\n<p>Tr\u00e8s facile \u00e0 utiliser<\/p>\n<p>Le grand \u00e9cran de 3,5 pouces dot\u00e9 de six boutons de commande simplifie consid\u00e9rablement la navigation parmi toutes les fonctions. Des images et des graphiques clairs et compr\u00e9hensibles permettent une utilisation intuitive des nombreuses options offertes par l\u2019E8. Les r\u00e9glages de chaque sp\u00e9cialit\u00e9 et leur disposition individuelle sur l\u2019\u00e9cran peuvent \u00eatre ajust\u00e9s \u00e0 volont\u00e9, et les noms des produits peuvent \u00eatre affich\u00e9s ou masqu\u00e9s. Toutes les informations pertinentes sont clairement affich\u00e9es dans le Cockpit. Le nettoyage du syst\u00e8me de lait One-Touch, qui assure automatiquement une hygi\u00e8ne absolue par simple pression sur un bouton, simplifie consid\u00e9rablement la maintenance.<\/p>\n<p>Broyage pr\u00e9cis, plaisir d\u00e9tendu<\/p>\n<p>Un r\u00e9sultat parfait en tasse est obtenu avec les meilleurs ingr\u00e9dients et une pr\u00e9paration optimale. Le moulin \u00e0 caf\u00e9 avanc\u00e9 P.A.G.2 assure une mouture id\u00e9ale du caf\u00e9, tasse apr\u00e8s tasse. Les degr\u00e9s de mouture peuvent \u00eatre modifi\u00e9s \u00e0 tout moment gr\u00e2ce \u00e0 un levier de s\u00e9lection ergonomique. L\u2019\u00e9tat de veille entre les pr\u00e9parations pr\u00e9serve le moulin \u00e0 caf\u00e9, assurant sa longue dur\u00e9e de vie et garantissant un go\u00fbt de caf\u00e9 toujours excellent. Le groupe de brassage 3D de huiti\u00e8me g\u00e9n\u00e9ration garantit des conditions de brassage id\u00e9ales et une exp\u00e9rience gustative in\u00e9gal\u00e9e. De cette fa\u00e7on, l\u2019E8 offre un plaisir de caf\u00e9 exceptionnel tout au long de la dur\u00e9e de vie de la machine.<\/p>\n<p>Design moderne et harmonieux<\/p>\n<p>Lors du perfectionnement de ses produits, JURA accorde une attention particuli\u00e8re au design. C\u2019est pourquoi l\u2019E8 se distingue par son haut niveau de reconnaissance, sa grande attention aux d\u00e9tails, l\u2019utilisation de mat\u00e9riaux de haute qualit\u00e9 et la pr\u00e9cision de sa fabrication. Le design fin et moderne se caract\u00e9rise par des lignes harmonieusement sym\u00e9triques. Des formes \u00e9pur\u00e9es et essentielles, avec des d\u00e9tails saillants, donnent structure et caract\u00e8re \u00e0 la machine automatique. Ces \u00e9l\u00e9ments cr\u00e9ent les conditions id\u00e9ales pour que le design de l\u2019E8 reste frais et moderne m\u00eame apr\u00e8s de nombreuses ann\u00e9es.<\/p>\n<p>Le caf\u00e9 dans toute sa diversit\u00e9<\/p>\n<p>L\u2019E8 est capable de pr\u00e9parer parfaitement un large r\u00e9pertoire de sp\u00e9cialit\u00e9s de caf\u00e9 classiques et tendance. Vous pouvez choisir parmi 17 vari\u00e9t\u00e9s pr\u00eates \u00e0 l\u2019emploi sur simple pression d\u2019un bouton, \u00e0 base de caf\u00e9 uniquement ou garnies d\u2019une d\u00e9licieuse mousse de lait. Bien entendu, toutes les sp\u00e9cialit\u00e9s peuvent \u00eatre adapt\u00e9es au go\u00fbt de chacun et \u00e0 la taille de la tasse choisie. Une technologie de pointe garantit des conditions d\u2019extraction optimales, permettant au caf\u00e9 de d\u00e9velopper un ar\u00f4me maximal, quel que soit le m\u00e9lange et le degr\u00e9 de torr\u00e9faction.<\/p>\n<p>Sp\u00e9cialit\u00e9s disponibles\u00a0:<\/p>\n<p>17 options\u00a0: Espresso, 2\u00a0Espresso, Caf\u00e9, 2\u00a0Caf\u00e9, Americano, Lungo, Double Espresso, Cortado, Espresso macchiato, Cappuccino, Cappuccino Extra Shot, Flat white, Flat white Extra Shot, Latte macchiato, Latte macchiato Extra Shot, Portion de mousse de lait, Eau chaude<\/p>\n<p>Sp\u00e9cifications techniques\u00a0:<\/p>\n<p>Capacit\u00e9 du r\u00e9servoir d\u2019eau : 1,9 l<br \/>\nCapacit\u00e9 du r\u00e9servoir \u00e0 grains de caf\u00e9\u00a0: 280\u00a0g<br \/>\nR\u00e9cipient \u00e0 marc de caf\u00e9\u00a0: 16 portions<br \/>\nPoids : 10 kg<br \/>\nDimensions\u00a0: 28 \u00d7 35,1 \u00d7 44,6 cm<br \/>\nPuissance : 1450 W<\/p>\n<p>Plus de d\u00e9tails\u00a0:<\/p>\n<p>Pays de production : Portugal<br \/>\nAnn\u00e9e mod\u00e8le\u00a0: 2023<\/p>\n<p>\u00a0<\/p>\n","protected":false},"excerpt":{"rendered":"<p>Appr\u00e9ci\u00e9, convoit\u00e9, test\u00e9 La derni\u00e8re g\u00e9n\u00e9ration de l\u2019E8 r\u00e9pond pleinement aux normes \u00e9lev\u00e9es requises pour d\u00e9velopper davantage la machine automatique \u00e0 sp\u00e9cialit\u00e9s de caf\u00e9 la plus r\u00e9ussie de JURA. Il s\u00e9duit par une excellente qualit\u00e9 de caf\u00e9, se distingue par sa facilit\u00e9 d\u2019utilisation maximale et impressionne par son design fin et moderne. Tr\u00e8s facile \u00e0 [&hellip;]<\/p>\n","protected":false},"featured_media":6380250,"template":"","meta":{"_acf_changed":false},"product_cat":[12076,12063,12055],"product_tag":[],"class_list":{"0":"post-2306919","1":"product","2":"type-product","3":"status-publish","4":"has-post-thumbnail","6":"product_cat-automatique","7":"product_cat-machines-cafe","8":"product_cat-petits-electromenagers","10":"first","11":"instock","12":"sale","13":"taxable","14":"shipping-taxable","15":"purchasable","16":"product-type-simple","swatches":"rey-swatches","show_selected":"","stretch_labels":"rey-swatches--stretch-labels"},"acf":[],"yoast_head":"<!-- This site is optimized with the Yoast SEO plugin v25.4 - https:\/\/yoast.com\/wordpress\/plugins\/seo\/ -->\n<title>JURA Machine \u00e0 caf\u00e9 E8 Platine - dev6 Erresse<\/title>\n<meta name=\"description\" content=\"Appr\u00e9ci\u00e9, convoit\u00e9, test\u00e9 La derni\u00e8re g\u00e9n\u00e9ration de l\u2019E8 r\u00e9pond pleinement aux normes \u00e9lev\u00e9es requises pour d\u00e9velopper davantage la machine automatique \u00e0\" \/>\n<meta name=\"robots\" content=\"noindex, follow, max-snippet:-1, max-image-preview:large, max-video-preview:-1\" \/>\n<meta property=\"og:locale\" content=\"fr_FR\" \/>\n<meta property=\"og:type\" content=\"article\" \/>\n<meta property=\"og:title\" content=\"JURA Machine \u00e0 caf\u00e9 E8 Platine - dev6 Erresse\" \/>\n<meta property=\"og:description\" content=\"Appr\u00e9ci\u00e9, convoit\u00e9, test\u00e9 La derni\u00e8re g\u00e9n\u00e9ration de l\u2019E8 r\u00e9pond pleinement aux normes \u00e9lev\u00e9es requises pour d\u00e9velopper davantage la machine automatique \u00e0\" \/>\n<meta property=\"og:url\" content=\"https:\/\/dev6.erresse-shop.it\/fr\/shop\/petits-electromenagers\/machines-cafe\/automatique\/jura-machine-a-cafe-e8-platine\/\" \/>\n<meta property=\"og:site_name\" content=\"dev6 Erresse\" \/>\n<meta property=\"og:image\" content=\"https:\/\/interpim.erresse-shop.it\/wp-content\/uploads\/2025\/03\/JURA-Macchina-Da-Caffe-E8-Platino.jpg\/jura-macchina-da-caffe-e8-platino.jpg\" \/><meta property=\"og:image\" content=\"https:\/\/interpim.erresse-shop.it\/wp-content\/uploads\/2025\/03\/JURA-Macchina-Da-Caffe-E8-Platino.jpg\/jura-macchina-da-caffe-e8-platino.jpg\" \/>\n\t<meta property=\"og:image:width\" content=\"1024\" \/>\n\t<meta property=\"og:image:height\" content=\"1024\" \/>\n\t<meta property=\"og:image:type\" content=\"image\/jpeg\" \/>\n<meta name=\"twitter:card\" content=\"summary_large_image\" \/>\n<meta name=\"twitter:image\" content=\"https:\/\/interpim.erresse-shop.it\/wp-content\/uploads\/2025\/03\/JURA-Macchina-Da-Caffe-E8-Platino.jpg\/jura-macchina-da-caffe-e8-platino.jpg\" \/>\n<script type=\"application\/ld+json\" class=\"yoast-schema-graph\">{\"@context\":\"https:\/\/schema.org\",\"@graph\":[{\"@type\":\"WebPage\",\"@id\":\"https:\/\/dev6.erresse-shop.it\/fr\/shop\/petits-electromenagers\/machines-cafe\/automatique\/jura-machine-a-cafe-e8-platine\/\",\"url\":\"https:\/\/dev6.erresse-shop.it\/fr\/shop\/petits-electromenagers\/machines-cafe\/automatique\/jura-machine-a-cafe-e8-platine\/\",\"name\":\"JURA Machine \u00e0 caf\u00e9 E8 Platine - dev6 Erresse\",\"isPartOf\":{\"@id\":\"https:\/\/dev6.erresse-shop.it\/#website\"},\"primaryImageOfPage\":{\"@id\":\"https:\/\/dev6.erresse-shop.it\/fr\/shop\/petits-electromenagers\/machines-cafe\/automatique\/jura-machine-a-cafe-e8-platine\/#primaryimage\"},\"image\":{\"@id\":\"https:\/\/dev6.erresse-shop.it\/fr\/shop\/petits-electromenagers\/machines-cafe\/automatique\/jura-machine-a-cafe-e8-platine\/#primaryimage\"},\"thumbnailUrl\":\"https:\/\/i0.wp.com\/interpim.erresse-shop.it\/wp-content\/uploads\/2025\/03\/JURA-Macchina-Da-Caffe-E8-Platino.jpg\/jura-macchina-da-caffe-e8-platino.jpg?ssl=1\",\"datePublished\":\"2026-04-12T12:20:13+00:00\",\"description\":\"Appr\u00e9ci\u00e9, convoit\u00e9, test\u00e9 La derni\u00e8re g\u00e9n\u00e9ration de l\u2019E8 r\u00e9pond pleinement aux normes \u00e9lev\u00e9es requises pour d\u00e9velopper davantage la machine automatique \u00e0\",\"breadcrumb\":{\"@id\":\"https:\/\/dev6.erresse-shop.it\/fr\/shop\/petits-electromenagers\/machines-cafe\/automatique\/jura-machine-a-cafe-e8-platine\/#breadcrumb\"},\"inLanguage\":\"fr-FR\",\"potentialAction\":[{\"@type\":\"ReadAction\",\"target\":[\"https:\/\/dev6.erresse-shop.it\/fr\/shop\/petits-electromenagers\/machines-cafe\/automatique\/jura-machine-a-cafe-e8-platine\/\"]}]},{\"@type\":\"ImageObject\",\"inLanguage\":\"fr-FR\",\"@id\":\"https:\/\/dev6.erresse-shop.it\/fr\/shop\/petits-electromenagers\/machines-cafe\/automatique\/jura-machine-a-cafe-e8-platine\/#primaryimage\",\"url\":\"https:\/\/i0.wp.com\/interpim.erresse-shop.it\/wp-content\/uploads\/2025\/03\/JURA-Macchina-Da-Caffe-E8-Platino.jpg\/jura-macchina-da-caffe-e8-platino.jpg?ssl=1\",\"contentUrl\":\"https:\/\/i0.wp.com\/interpim.erresse-shop.it\/wp-content\/uploads\/2025\/03\/JURA-Macchina-Da-Caffe-E8-Platino.jpg\/jura-macchina-da-caffe-e8-platino.jpg?ssl=1\"},{\"@type\":\"BreadcrumbList\",\"@id\":\"https:\/\/dev6.erresse-shop.it\/fr\/shop\/petits-electromenagers\/machines-cafe\/automatique\/jura-machine-a-cafe-e8-platine\/#breadcrumb\",\"itemListElement\":[{\"@type\":\"ListItem\",\"position\":1,\"name\":\"Home\",\"item\":\"https:\/\/dev6.erresse-shop.it\/\"},{\"@type\":\"ListItem\",\"position\":2,\"name\":\"Boutique\",\"item\":\"https:\/\/dev6.erresse-shop.it\/shop\/\"},{\"@type\":\"ListItem\",\"position\":3,\"name\":\"JURA Machine \u00e0 caf\u00e9 E8 Platine\"}]},{\"@type\":\"WebSite\",\"@id\":\"https:\/\/dev6.erresse-shop.it\/#website\",\"url\":\"https:\/\/dev6.erresse-shop.it\/\",\"name\":\"Erresse Shop\",\"description\":\"\",\"publisher\":{\"@id\":\"https:\/\/dev6.erresse-shop.it\/#organization\"},\"potentialAction\":[{\"@type\":\"SearchAction\",\"target\":{\"@type\":\"EntryPoint\",\"urlTemplate\":\"https:\/\/dev6.erresse-shop.it\/?s={search_term_string}\"},\"query-input\":{\"@type\":\"PropertyValueSpecification\",\"valueRequired\":true,\"valueName\":\"search_term_string\"}}],\"inLanguage\":\"fr-FR\"},{\"@type\":\"Organization\",\"@id\":\"https:\/\/dev6.erresse-shop.it\/#organization\",\"name\":\"Erresse Shop\",\"url\":\"https:\/\/dev6.erresse-shop.it\/\",\"logo\":{\"@type\":\"ImageObject\",\"inLanguage\":\"fr-FR\",\"@id\":\"https:\/\/dev6.erresse-shop.it\/#\/schema\/logo\/image\/\",\"url\":\"https:\/\/dev6.erresse-shop.it\/wp-content\/uploads\/2025\/01\/LOGO-ERRESSE-CLASSICO.svg\",\"contentUrl\":\"https:\/\/dev6.erresse-shop.it\/wp-content\/uploads\/2025\/01\/LOGO-ERRESSE-CLASSICO.svg\",\"caption\":\"Erresse Shop\"},\"image\":{\"@id\":\"https:\/\/dev6.erresse-shop.it\/#\/schema\/logo\/image\/\"}}]}<\/script>\n<!-- \/ Yoast SEO plugin. -->","yoast_head_json":{"title":"JURA Machine \u00e0 caf\u00e9 E8 Platine - dev6 Erresse","description":"Appr\u00e9ci\u00e9, convoit\u00e9, test\u00e9 La derni\u00e8re g\u00e9n\u00e9ration de l\u2019E8 r\u00e9pond pleinement aux normes \u00e9lev\u00e9es requises pour d\u00e9velopper davantage la machine automatique \u00e0","robots":{"index":"noindex","follow":"follow","max-snippet":"max-snippet:-1","max-image-preview":"max-image-preview:large","max-video-preview":"max-video-preview:-1"},"og_locale":"fr_FR","og_type":"article","og_title":"JURA Machine \u00e0 caf\u00e9 E8 Platine - dev6 Erresse","og_description":"Appr\u00e9ci\u00e9, convoit\u00e9, test\u00e9 La derni\u00e8re g\u00e9n\u00e9ration de l\u2019E8 r\u00e9pond pleinement aux normes \u00e9lev\u00e9es requises pour d\u00e9velopper davantage la machine automatique \u00e0","og_url":"https:\/\/dev6.erresse-shop.it\/fr\/shop\/petits-electromenagers\/machines-cafe\/automatique\/jura-machine-a-cafe-e8-platine\/","og_site_name":"dev6 Erresse","og_image":[{"url":"https:\/\/interpim.erresse-shop.it\/wp-content\/uploads\/2025\/03\/JURA-Macchina-Da-Caffe-E8-Platino.jpg\/jura-macchina-da-caffe-e8-platino.jpg","type":"","width":"","height":""},{"url":"https:\/\/interpim.erresse-shop.it\/wp-content\/uploads\/2025\/03\/JURA-Macchina-Da-Caffe-E8-Platino.jpg\/jura-macchina-da-caffe-e8-platino.jpg","width":1024,"height":1024,"type":"image\/jpeg"}],"twitter_card":"summary_large_image","twitter_image":"https:\/\/interpim.erresse-shop.it\/wp-content\/uploads\/2025\/03\/JURA-Macchina-Da-Caffe-E8-Platino.jpg\/jura-macchina-da-caffe-e8-platino.jpg","schema":{"@context":"https:\/\/schema.org","@graph":[{"@type":"WebPage","@id":"https:\/\/dev6.erresse-shop.it\/fr\/shop\/petits-electromenagers\/machines-cafe\/automatique\/jura-machine-a-cafe-e8-platine\/","url":"https:\/\/dev6.erresse-shop.it\/fr\/shop\/petits-electromenagers\/machines-cafe\/automatique\/jura-machine-a-cafe-e8-platine\/","name":"JURA Machine \u00e0 caf\u00e9 E8 Platine - dev6 Erresse","isPartOf":{"@id":"https:\/\/dev6.erresse-shop.it\/#website"},"primaryImageOfPage":{"@id":"https:\/\/dev6.erresse-shop.it\/fr\/shop\/petits-electromenagers\/machines-cafe\/automatique\/jura-machine-a-cafe-e8-platine\/#primaryimage"},"image":{"@id":"https:\/\/dev6.erresse-shop.it\/fr\/shop\/petits-electromenagers\/machines-cafe\/automatique\/jura-machine-a-cafe-e8-platine\/#primaryimage"},"thumbnailUrl":"https:\/\/i0.wp.com\/interpim.erresse-shop.it\/wp-content\/uploads\/2025\/03\/JURA-Macchina-Da-Caffe-E8-Platino.jpg\/jura-macchina-da-caffe-e8-platino.jpg?ssl=1","datePublished":"2026-04-12T12:20:13+00:00","description":"Appr\u00e9ci\u00e9, convoit\u00e9, test\u00e9 La derni\u00e8re g\u00e9n\u00e9ration de l\u2019E8 r\u00e9pond pleinement aux normes \u00e9lev\u00e9es requises pour d\u00e9velopper davantage la machine automatique \u00e0","breadcrumb":{"@id":"https:\/\/dev6.erresse-shop.it\/fr\/shop\/petits-electromenagers\/machines-cafe\/automatique\/jura-machine-a-cafe-e8-platine\/#breadcrumb"},"inLanguage":"fr-FR","potentialAction":[{"@type":"ReadAction","target":["https:\/\/dev6.erresse-shop.it\/fr\/shop\/petits-electromenagers\/machines-cafe\/automatique\/jura-machine-a-cafe-e8-platine\/"]}]},{"@type":"ImageObject","inLanguage":"fr-FR","@id":"https:\/\/dev6.erresse-shop.it\/fr\/shop\/petits-electromenagers\/machines-cafe\/automatique\/jura-machine-a-cafe-e8-platine\/#primaryimage","url":"https:\/\/i0.wp.com\/interpim.erresse-shop.it\/wp-content\/uploads\/2025\/03\/JURA-Macchina-Da-Caffe-E8-Platino.jpg\/jura-macchina-da-caffe-e8-platino.jpg?ssl=1","contentUrl":"https:\/\/i0.wp.com\/interpim.erresse-shop.it\/wp-content\/uploads\/2025\/03\/JURA-Macchina-Da-Caffe-E8-Platino.jpg\/jura-macchina-da-caffe-e8-platino.jpg?ssl=1"},{"@type":"BreadcrumbList","@id":"https:\/\/dev6.erresse-shop.it\/fr\/shop\/petits-electromenagers\/machines-cafe\/automatique\/jura-machine-a-cafe-e8-platine\/#breadcrumb","itemListElement":[{"@type":"ListItem","position":1,"name":"Home","item":"https:\/\/dev6.erresse-shop.it\/"},{"@type":"ListItem","position":2,"name":"Boutique","item":"https:\/\/dev6.erresse-shop.it\/shop\/"},{"@type":"ListItem","position":3,"name":"JURA Machine \u00e0 caf\u00e9 E8 Platine"}]},{"@type":"WebSite","@id":"https:\/\/dev6.erresse-shop.it\/#website","url":"https:\/\/dev6.erresse-shop.it\/","name":"Erresse Shop","description":"","publisher":{"@id":"https:\/\/dev6.erresse-shop.it\/#organization"},"potentialAction":[{"@type":"SearchAction","target":{"@type":"EntryPoint","urlTemplate":"https:\/\/dev6.erresse-shop.it\/?s={search_term_string}"},"query-input":{"@type":"PropertyValueSpecification","valueRequired":true,"valueName":"search_term_string"}}],"inLanguage":"fr-FR"},{"@type":"Organization","@id":"https:\/\/dev6.erresse-shop.it\/#organization","name":"Erresse Shop","url":"https:\/\/dev6.erresse-shop.it\/","logo":{"@type":"ImageObject","inLanguage":"fr-FR","@id":"https:\/\/dev6.erresse-shop.it\/#\/schema\/logo\/image\/","url":"https:\/\/dev6.erresse-shop.it\/wp-content\/uploads\/2025\/01\/LOGO-ERRESSE-CLASSICO.svg","contentUrl":"https:\/\/dev6.erresse-shop.it\/wp-content\/uploads\/2025\/01\/LOGO-ERRESSE-CLASSICO.svg","caption":"Erresse Shop"},"image":{"@id":"https:\/\/dev6.erresse-shop.it\/#\/schema\/logo\/image\/"}}]}},"df_price":1109,"df_sale_price":1109,"df_regular_price":1449,"df_image_link":"https:\/\/i0.wp.com\/interpim.erresse-shop.it\/wp-content\/uploads\/2025\/03\/JURA-Macchina-Da-Caffe-E8-Platino.jpg\/jura-macchina-da-caffe-e8-platino.jpg?resize=300,300&ssl=1","fifu_image_url":"https:\/\/interpim.erresse-shop.it\/wp-content\/uploads\/2025\/03\/JURA-Macchina-Da-Caffe-E8-Platino.jpg\/jura-macchina-da-caffe-e8-platino.jpg","_links":{"self":[{"href":"https:\/\/dev6.erresse-shop.it\/fr\/wp-json\/wp\/v2\/product\/2306919","targetHints":{"allow":["GET"]}}],"collection":[{"href":"https:\/\/dev6.erresse-shop.it\/fr\/wp-json\/wp\/v2\/product"}],"about":[{"href":"https:\/\/dev6.erresse-shop.it\/fr\/wp-json\/wp\/v2\/types\/product"}],"wp:featuredmedia":[{"embeddable":true,"href":"https:\/\/dev6.erresse-shop.it\/fr\/wp-json\/wp\/v2\/media\/6380250"}],"wp:attachment":[{"href":"https:\/\/dev6.erresse-shop.it\/fr\/wp-json\/wp\/v2\/media?parent=2306919"}],"wp:term":[{"taxonomy":"product_cat","embeddable":true,"href":"https:\/\/dev6.erresse-shop.it\/fr\/wp-json\/wp\/v2\/product_cat?post=2306919"},{"taxonomy":"product_tag","embeddable":true,"href":"https:\/\/dev6.erresse-shop.it\/fr\/wp-json\/wp\/v2\/product_tag?post=2306919"}],"curies":[{"name":"wp","href":"https:\/\/api.w.org\/{rel}","templated":true}]}}