{"id":2306913,"date":"2026-04-12T14:17:45","date_gmt":"2026-04-12T12:17:45","guid":{"rendered":"https:\/\/dev6.erresse-shop.it\/shop\/non%20class\u00e9\/jura-machine-a-cafe-e4-piano-white\/"},"modified":"2026-01-29T19:19:59","modified_gmt":"2026-01-29T18:19:59","slug":"jura-machine-a-cafe-e4-piano-white","status":"publish","type":"product","link":"https:\/\/dev6.erresse-shop.it\/fr\/shop\/petits-electromenagers\/machines-cafe\/automatique\/jura-machine-a-cafe-e4-piano-white\/","title":{"rendered":"JURA Machine \u00e0 caf\u00e9 E4 Piano White"},"content":{"rendered":"<p>La nature la plus authentique du caf\u00e9<\/p>\n<p>Voici la machine automatique pleine grandeur id\u00e9ale pour tous ceux qui souhaitent se concentrer pleinement sur l\u2019essentiel : le plaisir d\u2019un excellent caf\u00e9.<\/p>\n<p>Facilit\u00e9 d\u2019utilisation maximale<\/p>\n<p>Saveur maximale, complexit\u00e9 minimale : un plaisir de caf\u00e9 in\u00e9gal\u00e9 est \u00e0 port\u00e9e de main, gr\u00e2ce aux fonctions de pr\u00e9s\u00e9lection pour les pr\u00e9f\u00e9rences aromatiques personnelles. Cela ne pourrait pas \u00eatre plus simple !<\/p>\n<p>Fra\u00eechement moulu, pas en capsules<\/p>\n<p>Le moulin \u00e0 caf\u00e9 professionnel Aroma garantit 12,2 %* d\u2019ar\u00f4me en plus et une qualit\u00e9 de mouture \u00e9lev\u00e9e qui reste inchang\u00e9e pendant toute la dur\u00e9e de vie de la machine. En combinaison avec le groupe de brassage de huiti\u00e8me g\u00e9n\u00e9ration et le processus d\u2019infusion 3D, le caf\u00e9 qui coule dans la tasse est toujours fid\u00e8le \u00e0 sa nature la plus authentique. L\u2019E4 pr\u00e9pare des produits doubles en deux cycles. Cela signifie un ar\u00f4me maximal, car toute la gamme de 5 \u00e0 16 grammes de caf\u00e9 moulu du groupe de brassage variable est disponible pour les deux tasses.<\/p>\n<p>Eau chaude pr\u00eate imm\u00e9diatement<\/p>\n<p>Envie d\u2019une tasse de th\u00e9 pour changer ? Aucun probl\u00e8me! Un bouton rotatif permet de d\u00e9marrer facilement la pr\u00e9paration de l\u2019eau chaude (jusqu\u2019\u00e0 3 dl), qui commence imm\u00e9diatement \u00e0 couler dans la tasse.<\/p>\n<p>Conception harmonieuse<\/p>\n<p>La E4 pr\u00e9sente le design caract\u00e9ristique des machines automatiques \u00e0 sp\u00e9cialit\u00e9s de caf\u00e9 JURA : des lignes claires et des surfaces bien d\u00e9finies. La plus grande pr\u00e9cision de fabrication et le langage formel minimaliste soulignent la qualit\u00e9 sup\u00e9rieure de cette machine automatique. Le purisme s\u2019exprime \u00e9galement dans le choix des couleurs. Alors que l\u2019ensemble du corps est r\u00e9alis\u00e9 en discret Piano White, les d\u00e9tails chrom\u00e9s donnent \u00e0 l\u2019ensemble une touche sp\u00e9ciale, cr\u00e9ant le cadre parfait pour des moments de plaisir authentique du caf\u00e9.<\/p>\n<p class>Sp\u00e9cialit\u00e9s disponibles\u00a0:<\/p>\n<p class>Espresso, 2\u00d7 Espresso, Caf\u00e9, 2\u00d7 Caf\u00e9, Eau chaude<\/p>\n<p class>Sp\u00e9cifications techniques\u00a0:<\/p>\n<p class>Capacit\u00e9 du r\u00e9servoir d\u2019eau\u00a0: 1,9\u00a0l<\/p>\n<p class>Capacit\u00e9 du r\u00e9servoir \u00e0 grains de caf\u00e9\u00a0: 280\u00a0g<\/p>\n<p class>R\u00e9cipient \u00e0 marc de caf\u00e9\u00a0: 16 portions<\/p>\n<p class>Poids\u00a0: 9,8 kg<\/p>\n<p class>Dimensions\u00a0: 28 \u00d7 34,6 \u00d7 44,4 cm<\/p>\n<p class>Puissance\u00a0: 1\u00a0450\u00a0W<\/p>\n<p class>Plus de d\u00e9tails\u00a0:<\/p>\n<p class>Pays de production\u00a0: Portugal<\/p>\n<p class>Ann\u00e9e mod\u00e8le\u00a0: 2021<\/p>\n<p>\u00a0<\/p>\n","protected":false},"excerpt":{"rendered":"<p>La nature la plus authentique du caf\u00e9 Voici la machine automatique pleine grandeur id\u00e9ale pour tous ceux qui souhaitent se concentrer pleinement sur l\u2019essentiel : le plaisir d\u2019un excellent caf\u00e9. Facilit\u00e9 d\u2019utilisation maximale Saveur maximale, complexit\u00e9 minimale : un plaisir de caf\u00e9 in\u00e9gal\u00e9 est \u00e0 port\u00e9e de main, gr\u00e2ce aux fonctions de pr\u00e9s\u00e9lection pour les [&hellip;]<\/p>\n","protected":false},"featured_media":6380218,"template":"","meta":{"_acf_changed":false},"product_cat":[12076,12063,12055],"product_tag":[],"class_list":{"0":"post-2306913","1":"product","2":"type-product","3":"status-publish","4":"has-post-thumbnail","6":"product_cat-automatique","7":"product_cat-machines-cafe","8":"product_cat-petits-electromenagers","10":"first","11":"instock","12":"sale","13":"taxable","14":"shipping-taxable","15":"purchasable","16":"product-type-simple","swatches":"rey-swatches","show_selected":"","stretch_labels":"rey-swatches--stretch-labels"},"acf":[],"yoast_head":"<!-- This site is optimized with the Yoast SEO plugin v25.4 - https:\/\/yoast.com\/wordpress\/plugins\/seo\/ -->\n<title>JURA Machine \u00e0 caf\u00e9 E4 Piano White - dev6 Erresse<\/title>\n<meta name=\"description\" content=\"La nature la plus authentique du caf\u00e9 Voici la machine automatique pleine grandeur id\u00e9ale pour tous ceux qui souhaitent se concentrer pleinement sur\" \/>\n<meta name=\"robots\" content=\"noindex, follow, max-snippet:-1, max-image-preview:large, max-video-preview:-1\" \/>\n<meta property=\"og:locale\" content=\"fr_FR\" \/>\n<meta property=\"og:type\" content=\"article\" \/>\n<meta property=\"og:title\" content=\"JURA Machine \u00e0 caf\u00e9 E4 Piano White - dev6 Erresse\" \/>\n<meta property=\"og:description\" content=\"La nature la plus authentique du caf\u00e9 Voici la machine automatique pleine grandeur id\u00e9ale pour tous ceux qui souhaitent se concentrer pleinement sur\" \/>\n<meta property=\"og:url\" content=\"https:\/\/dev6.erresse-shop.it\/fr\/shop\/petits-electromenagers\/machines-cafe\/automatique\/jura-machine-a-cafe-e4-piano-white\/\" \/>\n<meta property=\"og:site_name\" content=\"dev6 Erresse\" \/>\n<meta property=\"og:image\" content=\"https:\/\/interpim.erresse-shop.it\/wp-content\/uploads\/2025\/03\/JURA-Macchina-Da-Caffe-E4-Piano-White.jpg\/jura-macchina-da-caffe-e4-piano-white.jpg\" \/><meta property=\"og:image\" content=\"https:\/\/interpim.erresse-shop.it\/wp-content\/uploads\/2025\/03\/JURA-Macchina-Da-Caffe-E4-Piano-White.jpg\/jura-macchina-da-caffe-e4-piano-white.jpg\" \/>\n\t<meta property=\"og:image:width\" content=\"1024\" \/>\n\t<meta property=\"og:image:height\" content=\"1024\" \/>\n\t<meta property=\"og:image:type\" content=\"image\/jpeg\" \/>\n<meta name=\"twitter:card\" content=\"summary_large_image\" \/>\n<meta name=\"twitter:image\" content=\"https:\/\/interpim.erresse-shop.it\/wp-content\/uploads\/2025\/03\/JURA-Macchina-Da-Caffe-E4-Piano-White.jpg\/jura-macchina-da-caffe-e4-piano-white.jpg\" \/>\n<script type=\"application\/ld+json\" class=\"yoast-schema-graph\">{\"@context\":\"https:\/\/schema.org\",\"@graph\":[{\"@type\":\"WebPage\",\"@id\":\"https:\/\/dev6.erresse-shop.it\/fr\/shop\/petits-electromenagers\/machines-cafe\/automatique\/jura-machine-a-cafe-e4-piano-white\/\",\"url\":\"https:\/\/dev6.erresse-shop.it\/fr\/shop\/petits-electromenagers\/machines-cafe\/automatique\/jura-machine-a-cafe-e4-piano-white\/\",\"name\":\"JURA Machine \u00e0 caf\u00e9 E4 Piano White - dev6 Erresse\",\"isPartOf\":{\"@id\":\"https:\/\/dev6.erresse-shop.it\/#website\"},\"primaryImageOfPage\":{\"@id\":\"https:\/\/dev6.erresse-shop.it\/fr\/shop\/petits-electromenagers\/machines-cafe\/automatique\/jura-machine-a-cafe-e4-piano-white\/#primaryimage\"},\"image\":{\"@id\":\"https:\/\/dev6.erresse-shop.it\/fr\/shop\/petits-electromenagers\/machines-cafe\/automatique\/jura-machine-a-cafe-e4-piano-white\/#primaryimage\"},\"thumbnailUrl\":\"https:\/\/i2.wp.com\/interpim.erresse-shop.it\/wp-content\/uploads\/2025\/03\/JURA-Macchina-Da-Caffe-E4-Piano-White.jpg\/jura-macchina-da-caffe-e4-piano-white.jpg?ssl=1\",\"datePublished\":\"2026-04-12T12:17:45+00:00\",\"description\":\"La nature la plus authentique du caf\u00e9 Voici la machine automatique pleine grandeur id\u00e9ale pour tous ceux qui souhaitent se concentrer pleinement sur\",\"breadcrumb\":{\"@id\":\"https:\/\/dev6.erresse-shop.it\/fr\/shop\/petits-electromenagers\/machines-cafe\/automatique\/jura-machine-a-cafe-e4-piano-white\/#breadcrumb\"},\"inLanguage\":\"fr-FR\",\"potentialAction\":[{\"@type\":\"ReadAction\",\"target\":[\"https:\/\/dev6.erresse-shop.it\/fr\/shop\/petits-electromenagers\/machines-cafe\/automatique\/jura-machine-a-cafe-e4-piano-white\/\"]}]},{\"@type\":\"ImageObject\",\"inLanguage\":\"fr-FR\",\"@id\":\"https:\/\/dev6.erresse-shop.it\/fr\/shop\/petits-electromenagers\/machines-cafe\/automatique\/jura-machine-a-cafe-e4-piano-white\/#primaryimage\",\"url\":\"https:\/\/i2.wp.com\/interpim.erresse-shop.it\/wp-content\/uploads\/2025\/03\/JURA-Macchina-Da-Caffe-E4-Piano-White.jpg\/jura-macchina-da-caffe-e4-piano-white.jpg?ssl=1\",\"contentUrl\":\"https:\/\/i2.wp.com\/interpim.erresse-shop.it\/wp-content\/uploads\/2025\/03\/JURA-Macchina-Da-Caffe-E4-Piano-White.jpg\/jura-macchina-da-caffe-e4-piano-white.jpg?ssl=1\"},{\"@type\":\"BreadcrumbList\",\"@id\":\"https:\/\/dev6.erresse-shop.it\/fr\/shop\/petits-electromenagers\/machines-cafe\/automatique\/jura-machine-a-cafe-e4-piano-white\/#breadcrumb\",\"itemListElement\":[{\"@type\":\"ListItem\",\"position\":1,\"name\":\"Home\",\"item\":\"https:\/\/dev6.erresse-shop.it\/\"},{\"@type\":\"ListItem\",\"position\":2,\"name\":\"Boutique\",\"item\":\"https:\/\/dev6.erresse-shop.it\/shop\/\"},{\"@type\":\"ListItem\",\"position\":3,\"name\":\"JURA Machine \u00e0 caf\u00e9 E4 Piano White\"}]},{\"@type\":\"WebSite\",\"@id\":\"https:\/\/dev6.erresse-shop.it\/#website\",\"url\":\"https:\/\/dev6.erresse-shop.it\/\",\"name\":\"Erresse Shop\",\"description\":\"\",\"publisher\":{\"@id\":\"https:\/\/dev6.erresse-shop.it\/#organization\"},\"potentialAction\":[{\"@type\":\"SearchAction\",\"target\":{\"@type\":\"EntryPoint\",\"urlTemplate\":\"https:\/\/dev6.erresse-shop.it\/?s={search_term_string}\"},\"query-input\":{\"@type\":\"PropertyValueSpecification\",\"valueRequired\":true,\"valueName\":\"search_term_string\"}}],\"inLanguage\":\"fr-FR\"},{\"@type\":\"Organization\",\"@id\":\"https:\/\/dev6.erresse-shop.it\/#organization\",\"name\":\"Erresse Shop\",\"url\":\"https:\/\/dev6.erresse-shop.it\/\",\"logo\":{\"@type\":\"ImageObject\",\"inLanguage\":\"fr-FR\",\"@id\":\"https:\/\/dev6.erresse-shop.it\/#\/schema\/logo\/image\/\",\"url\":\"https:\/\/dev6.erresse-shop.it\/wp-content\/uploads\/2025\/01\/LOGO-ERRESSE-CLASSICO.svg\",\"contentUrl\":\"https:\/\/dev6.erresse-shop.it\/wp-content\/uploads\/2025\/01\/LOGO-ERRESSE-CLASSICO.svg\",\"caption\":\"Erresse Shop\"},\"image\":{\"@id\":\"https:\/\/dev6.erresse-shop.it\/#\/schema\/logo\/image\/\"}}]}<\/script>\n<!-- \/ Yoast SEO plugin. -->","yoast_head_json":{"title":"JURA Machine \u00e0 caf\u00e9 E4 Piano White - dev6 Erresse","description":"La nature la plus authentique du caf\u00e9 Voici la machine automatique pleine grandeur id\u00e9ale pour tous ceux qui souhaitent se concentrer pleinement sur","robots":{"index":"noindex","follow":"follow","max-snippet":"max-snippet:-1","max-image-preview":"max-image-preview:large","max-video-preview":"max-video-preview:-1"},"og_locale":"fr_FR","og_type":"article","og_title":"JURA Machine \u00e0 caf\u00e9 E4 Piano White - dev6 Erresse","og_description":"La nature la plus authentique du caf\u00e9 Voici la machine automatique pleine grandeur id\u00e9ale pour tous ceux qui souhaitent se concentrer pleinement sur","og_url":"https:\/\/dev6.erresse-shop.it\/fr\/shop\/petits-electromenagers\/machines-cafe\/automatique\/jura-machine-a-cafe-e4-piano-white\/","og_site_name":"dev6 Erresse","og_image":[{"url":"https:\/\/interpim.erresse-shop.it\/wp-content\/uploads\/2025\/03\/JURA-Macchina-Da-Caffe-E4-Piano-White.jpg\/jura-macchina-da-caffe-e4-piano-white.jpg","type":"","width":"","height":""},{"url":"https:\/\/interpim.erresse-shop.it\/wp-content\/uploads\/2025\/03\/JURA-Macchina-Da-Caffe-E4-Piano-White.jpg\/jura-macchina-da-caffe-e4-piano-white.jpg","width":1024,"height":1024,"type":"image\/jpeg"}],"twitter_card":"summary_large_image","twitter_image":"https:\/\/interpim.erresse-shop.it\/wp-content\/uploads\/2025\/03\/JURA-Macchina-Da-Caffe-E4-Piano-White.jpg\/jura-macchina-da-caffe-e4-piano-white.jpg","schema":{"@context":"https:\/\/schema.org","@graph":[{"@type":"WebPage","@id":"https:\/\/dev6.erresse-shop.it\/fr\/shop\/petits-electromenagers\/machines-cafe\/automatique\/jura-machine-a-cafe-e4-piano-white\/","url":"https:\/\/dev6.erresse-shop.it\/fr\/shop\/petits-electromenagers\/machines-cafe\/automatique\/jura-machine-a-cafe-e4-piano-white\/","name":"JURA Machine \u00e0 caf\u00e9 E4 Piano White - dev6 Erresse","isPartOf":{"@id":"https:\/\/dev6.erresse-shop.it\/#website"},"primaryImageOfPage":{"@id":"https:\/\/dev6.erresse-shop.it\/fr\/shop\/petits-electromenagers\/machines-cafe\/automatique\/jura-machine-a-cafe-e4-piano-white\/#primaryimage"},"image":{"@id":"https:\/\/dev6.erresse-shop.it\/fr\/shop\/petits-electromenagers\/machines-cafe\/automatique\/jura-machine-a-cafe-e4-piano-white\/#primaryimage"},"thumbnailUrl":"https:\/\/i2.wp.com\/interpim.erresse-shop.it\/wp-content\/uploads\/2025\/03\/JURA-Macchina-Da-Caffe-E4-Piano-White.jpg\/jura-macchina-da-caffe-e4-piano-white.jpg?ssl=1","datePublished":"2026-04-12T12:17:45+00:00","description":"La nature la plus authentique du caf\u00e9 Voici la machine automatique pleine grandeur id\u00e9ale pour tous ceux qui souhaitent se concentrer pleinement sur","breadcrumb":{"@id":"https:\/\/dev6.erresse-shop.it\/fr\/shop\/petits-electromenagers\/machines-cafe\/automatique\/jura-machine-a-cafe-e4-piano-white\/#breadcrumb"},"inLanguage":"fr-FR","potentialAction":[{"@type":"ReadAction","target":["https:\/\/dev6.erresse-shop.it\/fr\/shop\/petits-electromenagers\/machines-cafe\/automatique\/jura-machine-a-cafe-e4-piano-white\/"]}]},{"@type":"ImageObject","inLanguage":"fr-FR","@id":"https:\/\/dev6.erresse-shop.it\/fr\/shop\/petits-electromenagers\/machines-cafe\/automatique\/jura-machine-a-cafe-e4-piano-white\/#primaryimage","url":"https:\/\/i2.wp.com\/interpim.erresse-shop.it\/wp-content\/uploads\/2025\/03\/JURA-Macchina-Da-Caffe-E4-Piano-White.jpg\/jura-macchina-da-caffe-e4-piano-white.jpg?ssl=1","contentUrl":"https:\/\/i2.wp.com\/interpim.erresse-shop.it\/wp-content\/uploads\/2025\/03\/JURA-Macchina-Da-Caffe-E4-Piano-White.jpg\/jura-macchina-da-caffe-e4-piano-white.jpg?ssl=1"},{"@type":"BreadcrumbList","@id":"https:\/\/dev6.erresse-shop.it\/fr\/shop\/petits-electromenagers\/machines-cafe\/automatique\/jura-machine-a-cafe-e4-piano-white\/#breadcrumb","itemListElement":[{"@type":"ListItem","position":1,"name":"Home","item":"https:\/\/dev6.erresse-shop.it\/"},{"@type":"ListItem","position":2,"name":"Boutique","item":"https:\/\/dev6.erresse-shop.it\/shop\/"},{"@type":"ListItem","position":3,"name":"JURA Machine \u00e0 caf\u00e9 E4 Piano White"}]},{"@type":"WebSite","@id":"https:\/\/dev6.erresse-shop.it\/#website","url":"https:\/\/dev6.erresse-shop.it\/","name":"Erresse Shop","description":"","publisher":{"@id":"https:\/\/dev6.erresse-shop.it\/#organization"},"potentialAction":[{"@type":"SearchAction","target":{"@type":"EntryPoint","urlTemplate":"https:\/\/dev6.erresse-shop.it\/?s={search_term_string}"},"query-input":{"@type":"PropertyValueSpecification","valueRequired":true,"valueName":"search_term_string"}}],"inLanguage":"fr-FR"},{"@type":"Organization","@id":"https:\/\/dev6.erresse-shop.it\/#organization","name":"Erresse Shop","url":"https:\/\/dev6.erresse-shop.it\/","logo":{"@type":"ImageObject","inLanguage":"fr-FR","@id":"https:\/\/dev6.erresse-shop.it\/#\/schema\/logo\/image\/","url":"https:\/\/dev6.erresse-shop.it\/wp-content\/uploads\/2025\/01\/LOGO-ERRESSE-CLASSICO.svg","contentUrl":"https:\/\/dev6.erresse-shop.it\/wp-content\/uploads\/2025\/01\/LOGO-ERRESSE-CLASSICO.svg","caption":"Erresse Shop"},"image":{"@id":"https:\/\/dev6.erresse-shop.it\/#\/schema\/logo\/image\/"}}]}},"df_price":699,"df_sale_price":699,"df_regular_price":919,"df_image_link":"https:\/\/i2.wp.com\/interpim.erresse-shop.it\/wp-content\/uploads\/2025\/03\/JURA-Macchina-Da-Caffe-E4-Piano-White.jpg\/jura-macchina-da-caffe-e4-piano-white.jpg?resize=300,300&ssl=1","fifu_image_url":"https:\/\/interpim.erresse-shop.it\/wp-content\/uploads\/2025\/03\/JURA-Macchina-Da-Caffe-E4-Piano-White.jpg\/jura-macchina-da-caffe-e4-piano-white.jpg","_links":{"self":[{"href":"https:\/\/dev6.erresse-shop.it\/fr\/wp-json\/wp\/v2\/product\/2306913","targetHints":{"allow":["GET"]}}],"collection":[{"href":"https:\/\/dev6.erresse-shop.it\/fr\/wp-json\/wp\/v2\/product"}],"about":[{"href":"https:\/\/dev6.erresse-shop.it\/fr\/wp-json\/wp\/v2\/types\/product"}],"wp:featuredmedia":[{"embeddable":true,"href":"https:\/\/dev6.erresse-shop.it\/fr\/wp-json\/wp\/v2\/media\/6380218"}],"wp:attachment":[{"href":"https:\/\/dev6.erresse-shop.it\/fr\/wp-json\/wp\/v2\/media?parent=2306913"}],"wp:term":[{"taxonomy":"product_cat","embeddable":true,"href":"https:\/\/dev6.erresse-shop.it\/fr\/wp-json\/wp\/v2\/product_cat?post=2306913"},{"taxonomy":"product_tag","embeddable":true,"href":"https:\/\/dev6.erresse-shop.it\/fr\/wp-json\/wp\/v2\/product_tag?post=2306913"}],"curies":[{"name":"wp","href":"https:\/\/api.w.org\/{rel}","templated":true}]}}