{"id":2306901,"date":"2026-04-12T14:17:45","date_gmt":"2026-04-12T12:17:45","guid":{"rendered":"https:\/\/dev6.erresse-shop.it\/shop\/non%20class\u00e9\/shark-aspirateur-sans-fil-wandvac-2-0\/"},"modified":"2025-07-04T20:23:15","modified_gmt":"2025-07-04T18:23:15","slug":"shark-aspirateur-sans-fil-wandvac-2-0","status":"publish","type":"product","link":"https:\/\/dev6.erresse-shop.it\/fr\/shop\/petits-electromenagers\/aspirateurs\/shark-aspirateur-sans-fil-wandvac-2-0\/","title":{"rendered":"SHARK Aspirateur sans fil Wandvac 2.0"},"content":{"rendered":"<p>La puissance au creux de la main.<\/p>\n<p>D\u00e9couvrez la nouvelle g\u00e9n\u00e9ration de nettoyage rapide avec le puissant Shark WandVac 2.0, con\u00e7u avec un moteur \u00e0 haut rendement pour fournir plus de puissance, plus d\u2019aspiration*.<\/p>\n<p>Avec un design fin et \u00e9l\u00e9gant et un poids de seulement 700 g, profitez de 15 minutes d\u2019autonomie**, et choisissez la puissance id\u00e9ale pour chaque t\u00e2che gr\u00e2ce aux 2 modes d\u2019aspiration, dont le mode Boost.<\/p>\n<p>Des miettes sur le comptoir de la cuisine aux cheveux sur le canap\u00e9, nettoyez toute la maison et la voiture avec 2 accessoires pratiques.<\/p>\n<p>Con\u00e7u pour \u00eatre expos\u00e9, il se recharge sur sa base compacte. Gardez-le \u00e0 port\u00e9e de main sur le comptoir pour l\u2019utiliser en cas d\u2019impr\u00e9vu.<\/p>\n<p>*Compar\u00e9 au Shark WandVac WV200EU.<br \/>\n**En mode standard.<\/p>\n<p>Fiche technique :<br \/>\nPoids du produit 0,7 kg<br \/>\nGarantie 2 ans<br \/>\nFiltre lavable<br \/>\nAutonomie 15 minutes<\/p>\n<p>Contenu de la bo\u00eete<\/p>\n<p>Shark Wandvac Go<br \/>\nSuceur pour fentes de d\u00e9poussi\u00e9rage<br \/>\nOutil multi-surfaces pour animaux domestiques<br \/>\nSupport de charge<br \/>\nCompartiment \u00e0 accessoires int\u00e9gr\u00e9<br \/>\nBatterie lithium-ion (pr\u00e9install\u00e9e)<\/p>\n<p>Non disponible \u00e0 la vente en dehors de l\u2019Europe<\/p>\n","protected":false},"excerpt":{"rendered":"<p>La puissance au creux de la main. D\u00e9couvrez la nouvelle g\u00e9n\u00e9ration de nettoyage rapide avec le puissant Shark WandVac 2.0, con\u00e7u avec un moteur \u00e0 haut rendement pour fournir plus de puissance, plus d\u2019aspiration*. Avec un design fin et \u00e9l\u00e9gant et un poids de seulement 700 g, profitez de 15 minutes d\u2019autonomie**, et choisissez la [&hellip;]<\/p>\n","protected":false},"featured_media":6380178,"template":"","meta":{"_acf_changed":false},"product_cat":[12075,12055],"product_tag":[],"class_list":{"0":"post-2306901","1":"product","2":"type-product","3":"status-publish","4":"has-post-thumbnail","6":"product_cat-aspirateurs","7":"product_cat-petits-electromenagers","9":"first","10":"instock","11":"taxable","12":"shipping-taxable","13":"product-type-simple","swatches":"rey-swatches","show_selected":"","stretch_labels":"rey-swatches--stretch-labels"},"acf":[],"yoast_head":"<!-- This site is optimized with the Yoast SEO plugin v25.4 - https:\/\/yoast.com\/wordpress\/plugins\/seo\/ -->\n<title>SHARK Aspirateur sans fil Wandvac 2.0 - dev6 Erresse<\/title>\n<meta name=\"description\" content=\"La puissance au creux de la main. D\u00e9couvrez la nouvelle g\u00e9n\u00e9ration de nettoyage rapide avec le puissant Shark WandVac 2.0, con\u00e7u avec un moteur \u00e0 haut\" \/>\n<meta name=\"robots\" content=\"noindex, follow, max-snippet:-1, max-image-preview:large, max-video-preview:-1\" \/>\n<meta property=\"og:locale\" content=\"fr_FR\" \/>\n<meta property=\"og:type\" content=\"article\" \/>\n<meta property=\"og:title\" content=\"SHARK Aspirateur sans fil Wandvac 2.0 - dev6 Erresse\" \/>\n<meta property=\"og:description\" content=\"La puissance au creux de la main. D\u00e9couvrez la nouvelle g\u00e9n\u00e9ration de nettoyage rapide avec le puissant Shark WandVac 2.0, con\u00e7u avec un moteur \u00e0 haut\" \/>\n<meta property=\"og:url\" content=\"https:\/\/dev6.erresse-shop.it\/fr\/shop\/petits-electromenagers\/aspirateurs\/shark-aspirateur-sans-fil-wandvac-2-0\/\" \/>\n<meta property=\"og:site_name\" content=\"dev6 Erresse\" \/>\n<meta property=\"og:image\" content=\"https:\/\/interpim.erresse-shop.it\/img-catalogo\/shark\/shark-aspirabriciole.jpg\" \/><meta property=\"og:image\" content=\"https:\/\/interpim.erresse-shop.it\/img-catalogo\/shark\/shark-aspirabriciole.jpg\" \/>\n\t<meta property=\"og:image:width\" content=\"1024\" \/>\n\t<meta property=\"og:image:height\" content=\"1024\" \/>\n\t<meta property=\"og:image:type\" content=\"image\/jpeg\" \/>\n<meta name=\"twitter:card\" content=\"summary_large_image\" \/>\n<meta name=\"twitter:image\" content=\"https:\/\/interpim.erresse-shop.it\/img-catalogo\/shark\/shark-aspirabriciole.jpg\" \/>\n<script type=\"application\/ld+json\" class=\"yoast-schema-graph\">{\"@context\":\"https:\/\/schema.org\",\"@graph\":[{\"@type\":\"WebPage\",\"@id\":\"https:\/\/dev6.erresse-shop.it\/fr\/shop\/petits-electromenagers\/aspirateurs\/shark-aspirateur-sans-fil-wandvac-2-0\/\",\"url\":\"https:\/\/dev6.erresse-shop.it\/fr\/shop\/petits-electromenagers\/aspirateurs\/shark-aspirateur-sans-fil-wandvac-2-0\/\",\"name\":\"SHARK Aspirateur sans fil Wandvac 2.0 - dev6 Erresse\",\"isPartOf\":{\"@id\":\"https:\/\/dev6.erresse-shop.it\/#website\"},\"primaryImageOfPage\":{\"@id\":\"https:\/\/dev6.erresse-shop.it\/fr\/shop\/petits-electromenagers\/aspirateurs\/shark-aspirateur-sans-fil-wandvac-2-0\/#primaryimage\"},\"image\":{\"@id\":\"https:\/\/dev6.erresse-shop.it\/fr\/shop\/petits-electromenagers\/aspirateurs\/shark-aspirateur-sans-fil-wandvac-2-0\/#primaryimage\"},\"thumbnailUrl\":\"https:\/\/i1.wp.com\/interpim.erresse-shop.it\/img-catalogo\/shark\/shark-aspirabriciole.jpg?ssl=1\",\"datePublished\":\"2026-04-12T12:17:45+00:00\",\"description\":\"La puissance au creux de la main. D\u00e9couvrez la nouvelle g\u00e9n\u00e9ration de nettoyage rapide avec le puissant Shark WandVac 2.0, con\u00e7u avec un moteur \u00e0 haut\",\"breadcrumb\":{\"@id\":\"https:\/\/dev6.erresse-shop.it\/fr\/shop\/petits-electromenagers\/aspirateurs\/shark-aspirateur-sans-fil-wandvac-2-0\/#breadcrumb\"},\"inLanguage\":\"fr-FR\",\"potentialAction\":[{\"@type\":\"ReadAction\",\"target\":[\"https:\/\/dev6.erresse-shop.it\/fr\/shop\/petits-electromenagers\/aspirateurs\/shark-aspirateur-sans-fil-wandvac-2-0\/\"]}]},{\"@type\":\"ImageObject\",\"inLanguage\":\"fr-FR\",\"@id\":\"https:\/\/dev6.erresse-shop.it\/fr\/shop\/petits-electromenagers\/aspirateurs\/shark-aspirateur-sans-fil-wandvac-2-0\/#primaryimage\",\"url\":\"https:\/\/i1.wp.com\/interpim.erresse-shop.it\/img-catalogo\/shark\/shark-aspirabriciole.jpg?ssl=1\",\"contentUrl\":\"https:\/\/i1.wp.com\/interpim.erresse-shop.it\/img-catalogo\/shark\/shark-aspirabriciole.jpg?ssl=1\"},{\"@type\":\"BreadcrumbList\",\"@id\":\"https:\/\/dev6.erresse-shop.it\/fr\/shop\/petits-electromenagers\/aspirateurs\/shark-aspirateur-sans-fil-wandvac-2-0\/#breadcrumb\",\"itemListElement\":[{\"@type\":\"ListItem\",\"position\":1,\"name\":\"Home\",\"item\":\"https:\/\/dev6.erresse-shop.it\/\"},{\"@type\":\"ListItem\",\"position\":2,\"name\":\"Boutique\",\"item\":\"https:\/\/dev6.erresse-shop.it\/shop\/\"},{\"@type\":\"ListItem\",\"position\":3,\"name\":\"SHARK Aspirateur sans fil Wandvac 2.0\"}]},{\"@type\":\"WebSite\",\"@id\":\"https:\/\/dev6.erresse-shop.it\/#website\",\"url\":\"https:\/\/dev6.erresse-shop.it\/\",\"name\":\"Erresse Shop\",\"description\":\"\",\"publisher\":{\"@id\":\"https:\/\/dev6.erresse-shop.it\/#organization\"},\"potentialAction\":[{\"@type\":\"SearchAction\",\"target\":{\"@type\":\"EntryPoint\",\"urlTemplate\":\"https:\/\/dev6.erresse-shop.it\/?s={search_term_string}\"},\"query-input\":{\"@type\":\"PropertyValueSpecification\",\"valueRequired\":true,\"valueName\":\"search_term_string\"}}],\"inLanguage\":\"fr-FR\"},{\"@type\":\"Organization\",\"@id\":\"https:\/\/dev6.erresse-shop.it\/#organization\",\"name\":\"Erresse Shop\",\"url\":\"https:\/\/dev6.erresse-shop.it\/\",\"logo\":{\"@type\":\"ImageObject\",\"inLanguage\":\"fr-FR\",\"@id\":\"https:\/\/dev6.erresse-shop.it\/#\/schema\/logo\/image\/\",\"url\":\"https:\/\/dev6.erresse-shop.it\/wp-content\/uploads\/2025\/01\/LOGO-ERRESSE-CLASSICO.svg\",\"contentUrl\":\"https:\/\/dev6.erresse-shop.it\/wp-content\/uploads\/2025\/01\/LOGO-ERRESSE-CLASSICO.svg\",\"caption\":\"Erresse Shop\"},\"image\":{\"@id\":\"https:\/\/dev6.erresse-shop.it\/#\/schema\/logo\/image\/\"}}]}<\/script>\n<!-- \/ Yoast SEO plugin. -->","yoast_head_json":{"title":"SHARK Aspirateur sans fil Wandvac 2.0 - dev6 Erresse","description":"La puissance au creux de la main. D\u00e9couvrez la nouvelle g\u00e9n\u00e9ration de nettoyage rapide avec le puissant Shark WandVac 2.0, con\u00e7u avec un moteur \u00e0 haut","robots":{"index":"noindex","follow":"follow","max-snippet":"max-snippet:-1","max-image-preview":"max-image-preview:large","max-video-preview":"max-video-preview:-1"},"og_locale":"fr_FR","og_type":"article","og_title":"SHARK Aspirateur sans fil Wandvac 2.0 - dev6 Erresse","og_description":"La puissance au creux de la main. D\u00e9couvrez la nouvelle g\u00e9n\u00e9ration de nettoyage rapide avec le puissant Shark WandVac 2.0, con\u00e7u avec un moteur \u00e0 haut","og_url":"https:\/\/dev6.erresse-shop.it\/fr\/shop\/petits-electromenagers\/aspirateurs\/shark-aspirateur-sans-fil-wandvac-2-0\/","og_site_name":"dev6 Erresse","og_image":[{"url":"https:\/\/interpim.erresse-shop.it\/img-catalogo\/shark\/shark-aspirabriciole.jpg","type":"","width":"","height":""},{"url":"https:\/\/interpim.erresse-shop.it\/img-catalogo\/shark\/shark-aspirabriciole.jpg","width":1024,"height":1024,"type":"image\/jpeg"}],"twitter_card":"summary_large_image","twitter_image":"https:\/\/interpim.erresse-shop.it\/img-catalogo\/shark\/shark-aspirabriciole.jpg","schema":{"@context":"https:\/\/schema.org","@graph":[{"@type":"WebPage","@id":"https:\/\/dev6.erresse-shop.it\/fr\/shop\/petits-electromenagers\/aspirateurs\/shark-aspirateur-sans-fil-wandvac-2-0\/","url":"https:\/\/dev6.erresse-shop.it\/fr\/shop\/petits-electromenagers\/aspirateurs\/shark-aspirateur-sans-fil-wandvac-2-0\/","name":"SHARK Aspirateur sans fil Wandvac 2.0 - dev6 Erresse","isPartOf":{"@id":"https:\/\/dev6.erresse-shop.it\/#website"},"primaryImageOfPage":{"@id":"https:\/\/dev6.erresse-shop.it\/fr\/shop\/petits-electromenagers\/aspirateurs\/shark-aspirateur-sans-fil-wandvac-2-0\/#primaryimage"},"image":{"@id":"https:\/\/dev6.erresse-shop.it\/fr\/shop\/petits-electromenagers\/aspirateurs\/shark-aspirateur-sans-fil-wandvac-2-0\/#primaryimage"},"thumbnailUrl":"https:\/\/i1.wp.com\/interpim.erresse-shop.it\/img-catalogo\/shark\/shark-aspirabriciole.jpg?ssl=1","datePublished":"2026-04-12T12:17:45+00:00","description":"La puissance au creux de la main. D\u00e9couvrez la nouvelle g\u00e9n\u00e9ration de nettoyage rapide avec le puissant Shark WandVac 2.0, con\u00e7u avec un moteur \u00e0 haut","breadcrumb":{"@id":"https:\/\/dev6.erresse-shop.it\/fr\/shop\/petits-electromenagers\/aspirateurs\/shark-aspirateur-sans-fil-wandvac-2-0\/#breadcrumb"},"inLanguage":"fr-FR","potentialAction":[{"@type":"ReadAction","target":["https:\/\/dev6.erresse-shop.it\/fr\/shop\/petits-electromenagers\/aspirateurs\/shark-aspirateur-sans-fil-wandvac-2-0\/"]}]},{"@type":"ImageObject","inLanguage":"fr-FR","@id":"https:\/\/dev6.erresse-shop.it\/fr\/shop\/petits-electromenagers\/aspirateurs\/shark-aspirateur-sans-fil-wandvac-2-0\/#primaryimage","url":"https:\/\/i1.wp.com\/interpim.erresse-shop.it\/img-catalogo\/shark\/shark-aspirabriciole.jpg?ssl=1","contentUrl":"https:\/\/i1.wp.com\/interpim.erresse-shop.it\/img-catalogo\/shark\/shark-aspirabriciole.jpg?ssl=1"},{"@type":"BreadcrumbList","@id":"https:\/\/dev6.erresse-shop.it\/fr\/shop\/petits-electromenagers\/aspirateurs\/shark-aspirateur-sans-fil-wandvac-2-0\/#breadcrumb","itemListElement":[{"@type":"ListItem","position":1,"name":"Home","item":"https:\/\/dev6.erresse-shop.it\/"},{"@type":"ListItem","position":2,"name":"Boutique","item":"https:\/\/dev6.erresse-shop.it\/shop\/"},{"@type":"ListItem","position":3,"name":"SHARK Aspirateur sans fil Wandvac 2.0"}]},{"@type":"WebSite","@id":"https:\/\/dev6.erresse-shop.it\/#website","url":"https:\/\/dev6.erresse-shop.it\/","name":"Erresse Shop","description":"","publisher":{"@id":"https:\/\/dev6.erresse-shop.it\/#organization"},"potentialAction":[{"@type":"SearchAction","target":{"@type":"EntryPoint","urlTemplate":"https:\/\/dev6.erresse-shop.it\/?s={search_term_string}"},"query-input":{"@type":"PropertyValueSpecification","valueRequired":true,"valueName":"search_term_string"}}],"inLanguage":"fr-FR"},{"@type":"Organization","@id":"https:\/\/dev6.erresse-shop.it\/#organization","name":"Erresse Shop","url":"https:\/\/dev6.erresse-shop.it\/","logo":{"@type":"ImageObject","inLanguage":"fr-FR","@id":"https:\/\/dev6.erresse-shop.it\/#\/schema\/logo\/image\/","url":"https:\/\/dev6.erresse-shop.it\/wp-content\/uploads\/2025\/01\/LOGO-ERRESSE-CLASSICO.svg","contentUrl":"https:\/\/dev6.erresse-shop.it\/wp-content\/uploads\/2025\/01\/LOGO-ERRESSE-CLASSICO.svg","caption":"Erresse Shop"},"image":{"@id":"https:\/\/dev6.erresse-shop.it\/#\/schema\/logo\/image\/"}}]}},"df_price":"","df_sale_price":"","df_regular_price":"","df_image_link":"https:\/\/i1.wp.com\/interpim.erresse-shop.it\/img-catalogo\/shark\/shark-aspirabriciole.jpg?resize=300,300&ssl=1","fifu_image_url":"https:\/\/interpim.erresse-shop.it\/img-catalogo\/shark\/shark-aspirabriciole.jpg","_links":{"self":[{"href":"https:\/\/dev6.erresse-shop.it\/fr\/wp-json\/wp\/v2\/product\/2306901","targetHints":{"allow":["GET"]}}],"collection":[{"href":"https:\/\/dev6.erresse-shop.it\/fr\/wp-json\/wp\/v2\/product"}],"about":[{"href":"https:\/\/dev6.erresse-shop.it\/fr\/wp-json\/wp\/v2\/types\/product"}],"wp:featuredmedia":[{"embeddable":true,"href":"https:\/\/dev6.erresse-shop.it\/fr\/wp-json\/wp\/v2\/media\/6380178"}],"wp:attachment":[{"href":"https:\/\/dev6.erresse-shop.it\/fr\/wp-json\/wp\/v2\/media?parent=2306901"}],"wp:term":[{"taxonomy":"product_cat","embeddable":true,"href":"https:\/\/dev6.erresse-shop.it\/fr\/wp-json\/wp\/v2\/product_cat?post=2306901"},{"taxonomy":"product_tag","embeddable":true,"href":"https:\/\/dev6.erresse-shop.it\/fr\/wp-json\/wp\/v2\/product_tag?post=2306901"}],"curies":[{"name":"wp","href":"https:\/\/api.w.org\/{rel}","templated":true}]}}