{"id":2306899,"date":"2026-04-12T14:17:45","date_gmt":"2026-04-12T12:17:45","guid":{"rendered":"https:\/\/dev6.erresse-shop.it\/shop\/non%20class\u00e9\/shark-aspirateur-sans-fil-wandvac\/"},"modified":"2025-07-04T20:23:11","modified_gmt":"2025-07-04T18:23:11","slug":"shark-aspirateur-sans-fil-wandvac","status":"publish","type":"product","link":"https:\/\/dev6.erresse-shop.it\/fr\/shop\/petits-electromenagers\/aspirateurs\/shark-aspirateur-sans-fil-wandvac\/","title":{"rendered":"SHARK Aspirateur sans fil Wandvac"},"content":{"rendered":"<p>Un outil de nettoyage puissant \u00e0 avoir toujours \u00e0 port\u00e9e de main.<br \/>\nShark red\u00e9finit le nettoyage rapide avec cet aspirateur sans fil l\u00e9ger et puissant. \u00c9quip\u00e9 d\u2019un moteur \u00e0 haut rendement et d\u2019une technologie de charge rapide.<br \/>\nIndispensable dans la cuisine ou la voiture pour aspirer facilement les miettes et les r\u00e9sidus de nourriture s\u00e8che sur les plans de travail et les tables. Gr\u00e2ce \u00e0 ses accessoires pratiques, il \u00e9limine sans effort la poussi\u00e8re et les poils d\u2019animaux des tissus d\u2019ameublement, des escaliers, des canap\u00e9s et des si\u00e8ges de voiture.<br \/>\nLa base de chargement fine et \u00e9l\u00e9gante reste sur le plan de travail, pour que l\u2019appareil soit toujours pr\u00eat \u00e0 l\u2019emploi quand vous en avez besoin.<br \/>\nMince, \u00e9l\u00e9gant et avec un design qui en jette. Shark red\u00e9finit le nettoyage des espaces avec cet aspirateur sans fil l\u00e9ger et puissant.<br \/>\nPour un nettoyage rapide, nos ing\u00e9nieurs ont d\u00e9velopp\u00e9 cet aspirateur compact et l\u00e9ger avec un moteur \u00e0 haut rendement pour une aspiration exceptionnelle.<br \/>\nToujours pr\u00eat quand vous en avez besoin. Gardez la base de chargement rapide sur le plan de travail pour que l\u2019appareil soit toujours pr\u00eat \u00e0 l\u2019emploi. Il se recharge lorsqu\u2019il est branch\u00e9 sur sa base, il est donc toujours pr\u00eat \u00e0 l\u2019emploi. Jusqu\u2019\u00e0 8 minutes d\u2019autonomie par charge.<\/p>\n<p>Dans la cuisine, aspirez les miettes et les r\u00e9sidus de nourriture s\u00e8che sur les plans de travail et les tables en quelques secondes. Le suceur plat et l\u2019accessoire pour poils d\u2019animaux inclus sont parfaits pour aspirer les poils d\u2019animaux sur les canap\u00e9s, rafra\u00eechir les tissus d\u2019ameublement et les rideaux et \u00e9liminer les miettes g\u00eanantes dans l\u2019habitacle des voitures. Il est donc id\u00e9al pour les familles avec enfants et animaux domestiques.<\/p>\n<p>Con\u00e7u pour votre confort, le r\u00e9servoir de collecte de la poussi\u00e8re s\u2019ouvre d\u2019une simple pression. La technologie de filtrage est con\u00e7ue pour capturer la poussi\u00e8re et les particules.<\/p>\n<p>Fiche technique :<\/p>\n<p>Couleur Gris<\/p>\n<p>Poids du produit 1,3 kg<\/p>\n<p>Garantie 2 ans<\/p>\n<p>Filtre lavable<\/p>\n<p>Autonomie 8 minutes<\/p>\n<p>Contenu de la bo\u00eete<\/p>\n<p>1 Aspirateur sans fil<\/p>\n<p>1 batterie lithium-ion<\/p>\n<p>Socle de chargement<\/p>\n<p>Fiche de charge BS<\/p>\n<p>Suceur plat avec brosse int\u00e9gr\u00e9e<\/p>\n<p>Accessoire polyvalent pour animaux de compagnie<\/p>\n<p>Non disponible \u00e0 la vente en dehors de l\u2019Europe<\/p>\n","protected":false},"excerpt":{"rendered":"<p>Un outil de nettoyage puissant \u00e0 avoir toujours \u00e0 port\u00e9e de main. Shark red\u00e9finit le nettoyage rapide avec cet aspirateur sans fil l\u00e9ger et puissant. \u00c9quip\u00e9 d\u2019un moteur \u00e0 haut rendement et d\u2019une technologie de charge rapide. Indispensable dans la cuisine ou la voiture pour aspirer facilement les miettes et les r\u00e9sidus de nourriture s\u00e8che [&hellip;]<\/p>\n","protected":false},"featured_media":6380170,"template":"","meta":{"_acf_changed":false},"product_cat":[12075,12055],"product_tag":[],"class_list":{"0":"post-2306899","1":"product","2":"type-product","3":"status-publish","4":"has-post-thumbnail","6":"product_cat-aspirateurs","7":"product_cat-petits-electromenagers","9":"first","10":"instock","11":"taxable","12":"shipping-taxable","13":"product-type-simple","swatches":"rey-swatches","show_selected":"","stretch_labels":"rey-swatches--stretch-labels"},"acf":[],"yoast_head":"<!-- This site is optimized with the Yoast SEO plugin v25.4 - https:\/\/yoast.com\/wordpress\/plugins\/seo\/ -->\n<title>SHARK Aspirateur sans fil Wandvac - dev6 Erresse<\/title>\n<meta name=\"description\" content=\"Un outil de nettoyage puissant \u00e0 avoir toujours \u00e0 port\u00e9e de main. Shark red\u00e9finit le nettoyage rapide avec cet aspirateur sans fil l\u00e9ger et puissant.\" \/>\n<meta name=\"robots\" content=\"noindex, follow, max-snippet:-1, max-image-preview:large, max-video-preview:-1\" \/>\n<meta property=\"og:locale\" content=\"fr_FR\" \/>\n<meta property=\"og:type\" content=\"article\" \/>\n<meta property=\"og:title\" content=\"SHARK Aspirateur sans fil Wandvac - dev6 Erresse\" \/>\n<meta property=\"og:description\" content=\"Un outil de nettoyage puissant \u00e0 avoir toujours \u00e0 port\u00e9e de main. Shark red\u00e9finit le nettoyage rapide avec cet aspirateur sans fil l\u00e9ger et puissant.\" \/>\n<meta property=\"og:url\" content=\"https:\/\/dev6.erresse-shop.it\/fr\/shop\/petits-electromenagers\/aspirateurs\/shark-aspirateur-sans-fil-wandvac\/\" \/>\n<meta property=\"og:site_name\" content=\"dev6 Erresse\" \/>\n<meta property=\"og:image\" content=\"https:\/\/interpim.erresse-shop.it\/img-catalogo\/shark\/shark-aspirabriciole-senza-filo-shark-wandvac-1.0-wv200eu.png\" \/><meta property=\"og:image\" content=\"https:\/\/interpim.erresse-shop.it\/img-catalogo\/shark\/shark-aspirabriciole-senza-filo-shark-wandvac-1.0-wv200eu.png\" \/>\n\t<meta property=\"og:image:width\" content=\"1024\" \/>\n\t<meta property=\"og:image:height\" content=\"1024\" \/>\n\t<meta property=\"og:image:type\" content=\"image\/jpeg\" \/>\n<meta name=\"twitter:card\" content=\"summary_large_image\" \/>\n<meta name=\"twitter:image\" content=\"https:\/\/interpim.erresse-shop.it\/img-catalogo\/shark\/shark-aspirabriciole-senza-filo-shark-wandvac-1.0-wv200eu.png\" \/>\n<script type=\"application\/ld+json\" class=\"yoast-schema-graph\">{\"@context\":\"https:\/\/schema.org\",\"@graph\":[{\"@type\":\"WebPage\",\"@id\":\"https:\/\/dev6.erresse-shop.it\/fr\/shop\/petits-electromenagers\/aspirateurs\/shark-aspirateur-sans-fil-wandvac\/\",\"url\":\"https:\/\/dev6.erresse-shop.it\/fr\/shop\/petits-electromenagers\/aspirateurs\/shark-aspirateur-sans-fil-wandvac\/\",\"name\":\"SHARK Aspirateur sans fil Wandvac - dev6 Erresse\",\"isPartOf\":{\"@id\":\"https:\/\/dev6.erresse-shop.it\/#website\"},\"primaryImageOfPage\":{\"@id\":\"https:\/\/dev6.erresse-shop.it\/fr\/shop\/petits-electromenagers\/aspirateurs\/shark-aspirateur-sans-fil-wandvac\/#primaryimage\"},\"image\":{\"@id\":\"https:\/\/dev6.erresse-shop.it\/fr\/shop\/petits-electromenagers\/aspirateurs\/shark-aspirateur-sans-fil-wandvac\/#primaryimage\"},\"thumbnailUrl\":\"https:\/\/i3.wp.com\/interpim.erresse-shop.it\/img-catalogo\/shark\/shark-aspirabriciole-senza-filo-shark-wandvac-1.0-wv200eu.png?ssl=1\",\"datePublished\":\"2026-04-12T12:17:45+00:00\",\"description\":\"Un outil de nettoyage puissant \u00e0 avoir toujours \u00e0 port\u00e9e de main. Shark red\u00e9finit le nettoyage rapide avec cet aspirateur sans fil l\u00e9ger et puissant.\",\"breadcrumb\":{\"@id\":\"https:\/\/dev6.erresse-shop.it\/fr\/shop\/petits-electromenagers\/aspirateurs\/shark-aspirateur-sans-fil-wandvac\/#breadcrumb\"},\"inLanguage\":\"fr-FR\",\"potentialAction\":[{\"@type\":\"ReadAction\",\"target\":[\"https:\/\/dev6.erresse-shop.it\/fr\/shop\/petits-electromenagers\/aspirateurs\/shark-aspirateur-sans-fil-wandvac\/\"]}]},{\"@type\":\"ImageObject\",\"inLanguage\":\"fr-FR\",\"@id\":\"https:\/\/dev6.erresse-shop.it\/fr\/shop\/petits-electromenagers\/aspirateurs\/shark-aspirateur-sans-fil-wandvac\/#primaryimage\",\"url\":\"https:\/\/i3.wp.com\/interpim.erresse-shop.it\/img-catalogo\/shark\/shark-aspirabriciole-senza-filo-shark-wandvac-1.0-wv200eu.png?ssl=1\",\"contentUrl\":\"https:\/\/i3.wp.com\/interpim.erresse-shop.it\/img-catalogo\/shark\/shark-aspirabriciole-senza-filo-shark-wandvac-1.0-wv200eu.png?ssl=1\"},{\"@type\":\"BreadcrumbList\",\"@id\":\"https:\/\/dev6.erresse-shop.it\/fr\/shop\/petits-electromenagers\/aspirateurs\/shark-aspirateur-sans-fil-wandvac\/#breadcrumb\",\"itemListElement\":[{\"@type\":\"ListItem\",\"position\":1,\"name\":\"Home\",\"item\":\"https:\/\/dev6.erresse-shop.it\/\"},{\"@type\":\"ListItem\",\"position\":2,\"name\":\"Boutique\",\"item\":\"https:\/\/dev6.erresse-shop.it\/shop\/\"},{\"@type\":\"ListItem\",\"position\":3,\"name\":\"SHARK Aspirateur sans fil Wandvac\"}]},{\"@type\":\"WebSite\",\"@id\":\"https:\/\/dev6.erresse-shop.it\/#website\",\"url\":\"https:\/\/dev6.erresse-shop.it\/\",\"name\":\"Erresse Shop\",\"description\":\"\",\"publisher\":{\"@id\":\"https:\/\/dev6.erresse-shop.it\/#organization\"},\"potentialAction\":[{\"@type\":\"SearchAction\",\"target\":{\"@type\":\"EntryPoint\",\"urlTemplate\":\"https:\/\/dev6.erresse-shop.it\/?s={search_term_string}\"},\"query-input\":{\"@type\":\"PropertyValueSpecification\",\"valueRequired\":true,\"valueName\":\"search_term_string\"}}],\"inLanguage\":\"fr-FR\"},{\"@type\":\"Organization\",\"@id\":\"https:\/\/dev6.erresse-shop.it\/#organization\",\"name\":\"Erresse Shop\",\"url\":\"https:\/\/dev6.erresse-shop.it\/\",\"logo\":{\"@type\":\"ImageObject\",\"inLanguage\":\"fr-FR\",\"@id\":\"https:\/\/dev6.erresse-shop.it\/#\/schema\/logo\/image\/\",\"url\":\"https:\/\/dev6.erresse-shop.it\/wp-content\/uploads\/2025\/01\/LOGO-ERRESSE-CLASSICO.svg\",\"contentUrl\":\"https:\/\/dev6.erresse-shop.it\/wp-content\/uploads\/2025\/01\/LOGO-ERRESSE-CLASSICO.svg\",\"caption\":\"Erresse Shop\"},\"image\":{\"@id\":\"https:\/\/dev6.erresse-shop.it\/#\/schema\/logo\/image\/\"}}]}<\/script>\n<!-- \/ Yoast SEO plugin. -->","yoast_head_json":{"title":"SHARK Aspirateur sans fil Wandvac - dev6 Erresse","description":"Un outil de nettoyage puissant \u00e0 avoir toujours \u00e0 port\u00e9e de main. Shark red\u00e9finit le nettoyage rapide avec cet aspirateur sans fil l\u00e9ger et puissant.","robots":{"index":"noindex","follow":"follow","max-snippet":"max-snippet:-1","max-image-preview":"max-image-preview:large","max-video-preview":"max-video-preview:-1"},"og_locale":"fr_FR","og_type":"article","og_title":"SHARK Aspirateur sans fil Wandvac - dev6 Erresse","og_description":"Un outil de nettoyage puissant \u00e0 avoir toujours \u00e0 port\u00e9e de main. Shark red\u00e9finit le nettoyage rapide avec cet aspirateur sans fil l\u00e9ger et puissant.","og_url":"https:\/\/dev6.erresse-shop.it\/fr\/shop\/petits-electromenagers\/aspirateurs\/shark-aspirateur-sans-fil-wandvac\/","og_site_name":"dev6 Erresse","og_image":[{"url":"https:\/\/interpim.erresse-shop.it\/img-catalogo\/shark\/shark-aspirabriciole-senza-filo-shark-wandvac-1.0-wv200eu.png","type":"","width":"","height":""},{"url":"https:\/\/interpim.erresse-shop.it\/img-catalogo\/shark\/shark-aspirabriciole-senza-filo-shark-wandvac-1.0-wv200eu.png","width":1024,"height":1024,"type":"image\/jpeg"}],"twitter_card":"summary_large_image","twitter_image":"https:\/\/interpim.erresse-shop.it\/img-catalogo\/shark\/shark-aspirabriciole-senza-filo-shark-wandvac-1.0-wv200eu.png","schema":{"@context":"https:\/\/schema.org","@graph":[{"@type":"WebPage","@id":"https:\/\/dev6.erresse-shop.it\/fr\/shop\/petits-electromenagers\/aspirateurs\/shark-aspirateur-sans-fil-wandvac\/","url":"https:\/\/dev6.erresse-shop.it\/fr\/shop\/petits-electromenagers\/aspirateurs\/shark-aspirateur-sans-fil-wandvac\/","name":"SHARK Aspirateur sans fil Wandvac - dev6 Erresse","isPartOf":{"@id":"https:\/\/dev6.erresse-shop.it\/#website"},"primaryImageOfPage":{"@id":"https:\/\/dev6.erresse-shop.it\/fr\/shop\/petits-electromenagers\/aspirateurs\/shark-aspirateur-sans-fil-wandvac\/#primaryimage"},"image":{"@id":"https:\/\/dev6.erresse-shop.it\/fr\/shop\/petits-electromenagers\/aspirateurs\/shark-aspirateur-sans-fil-wandvac\/#primaryimage"},"thumbnailUrl":"https:\/\/i3.wp.com\/interpim.erresse-shop.it\/img-catalogo\/shark\/shark-aspirabriciole-senza-filo-shark-wandvac-1.0-wv200eu.png?ssl=1","datePublished":"2026-04-12T12:17:45+00:00","description":"Un outil de nettoyage puissant \u00e0 avoir toujours \u00e0 port\u00e9e de main. Shark red\u00e9finit le nettoyage rapide avec cet aspirateur sans fil l\u00e9ger et puissant.","breadcrumb":{"@id":"https:\/\/dev6.erresse-shop.it\/fr\/shop\/petits-electromenagers\/aspirateurs\/shark-aspirateur-sans-fil-wandvac\/#breadcrumb"},"inLanguage":"fr-FR","potentialAction":[{"@type":"ReadAction","target":["https:\/\/dev6.erresse-shop.it\/fr\/shop\/petits-electromenagers\/aspirateurs\/shark-aspirateur-sans-fil-wandvac\/"]}]},{"@type":"ImageObject","inLanguage":"fr-FR","@id":"https:\/\/dev6.erresse-shop.it\/fr\/shop\/petits-electromenagers\/aspirateurs\/shark-aspirateur-sans-fil-wandvac\/#primaryimage","url":"https:\/\/i3.wp.com\/interpim.erresse-shop.it\/img-catalogo\/shark\/shark-aspirabriciole-senza-filo-shark-wandvac-1.0-wv200eu.png?ssl=1","contentUrl":"https:\/\/i3.wp.com\/interpim.erresse-shop.it\/img-catalogo\/shark\/shark-aspirabriciole-senza-filo-shark-wandvac-1.0-wv200eu.png?ssl=1"},{"@type":"BreadcrumbList","@id":"https:\/\/dev6.erresse-shop.it\/fr\/shop\/petits-electromenagers\/aspirateurs\/shark-aspirateur-sans-fil-wandvac\/#breadcrumb","itemListElement":[{"@type":"ListItem","position":1,"name":"Home","item":"https:\/\/dev6.erresse-shop.it\/"},{"@type":"ListItem","position":2,"name":"Boutique","item":"https:\/\/dev6.erresse-shop.it\/shop\/"},{"@type":"ListItem","position":3,"name":"SHARK Aspirateur sans fil Wandvac"}]},{"@type":"WebSite","@id":"https:\/\/dev6.erresse-shop.it\/#website","url":"https:\/\/dev6.erresse-shop.it\/","name":"Erresse Shop","description":"","publisher":{"@id":"https:\/\/dev6.erresse-shop.it\/#organization"},"potentialAction":[{"@type":"SearchAction","target":{"@type":"EntryPoint","urlTemplate":"https:\/\/dev6.erresse-shop.it\/?s={search_term_string}"},"query-input":{"@type":"PropertyValueSpecification","valueRequired":true,"valueName":"search_term_string"}}],"inLanguage":"fr-FR"},{"@type":"Organization","@id":"https:\/\/dev6.erresse-shop.it\/#organization","name":"Erresse Shop","url":"https:\/\/dev6.erresse-shop.it\/","logo":{"@type":"ImageObject","inLanguage":"fr-FR","@id":"https:\/\/dev6.erresse-shop.it\/#\/schema\/logo\/image\/","url":"https:\/\/dev6.erresse-shop.it\/wp-content\/uploads\/2025\/01\/LOGO-ERRESSE-CLASSICO.svg","contentUrl":"https:\/\/dev6.erresse-shop.it\/wp-content\/uploads\/2025\/01\/LOGO-ERRESSE-CLASSICO.svg","caption":"Erresse Shop"},"image":{"@id":"https:\/\/dev6.erresse-shop.it\/#\/schema\/logo\/image\/"}}]}},"df_price":"","df_sale_price":"","df_regular_price":"","df_image_link":"https:\/\/i3.wp.com\/interpim.erresse-shop.it\/img-catalogo\/shark\/shark-aspirabriciole-senza-filo-shark-wandvac-1.0-wv200eu.png?resize=300,300&ssl=1","fifu_image_url":"https:\/\/interpim.erresse-shop.it\/img-catalogo\/shark\/shark-aspirabriciole-senza-filo-shark-wandvac-1.0-wv200eu.png","_links":{"self":[{"href":"https:\/\/dev6.erresse-shop.it\/fr\/wp-json\/wp\/v2\/product\/2306899","targetHints":{"allow":["GET"]}}],"collection":[{"href":"https:\/\/dev6.erresse-shop.it\/fr\/wp-json\/wp\/v2\/product"}],"about":[{"href":"https:\/\/dev6.erresse-shop.it\/fr\/wp-json\/wp\/v2\/types\/product"}],"wp:featuredmedia":[{"embeddable":true,"href":"https:\/\/dev6.erresse-shop.it\/fr\/wp-json\/wp\/v2\/media\/6380170"}],"wp:attachment":[{"href":"https:\/\/dev6.erresse-shop.it\/fr\/wp-json\/wp\/v2\/media?parent=2306899"}],"wp:term":[{"taxonomy":"product_cat","embeddable":true,"href":"https:\/\/dev6.erresse-shop.it\/fr\/wp-json\/wp\/v2\/product_cat?post=2306899"},{"taxonomy":"product_tag","embeddable":true,"href":"https:\/\/dev6.erresse-shop.it\/fr\/wp-json\/wp\/v2\/product_tag?post=2306899"}],"curies":[{"name":"wp","href":"https:\/\/api.w.org\/{rel}","templated":true}]}}