{"id":2306891,"date":"2026-04-12T14:17:45","date_gmt":"2026-04-12T12:17:45","guid":{"rendered":"https:\/\/dev6.erresse-shop.it\/shop\/non%20class\u00e9\/sambonet-set-de-couverts-30-pieces-siena\/"},"modified":"2025-07-04T20:22:52","modified_gmt":"2025-07-04T18:22:52","slug":"sambonet-set-de-couverts-30-pieces-siena","status":"publish","type":"product","link":"https:\/\/dev6.erresse-shop.it\/fr\/shop\/table-fr-2\/couverts\/sambonet-set-de-couverts-30-pieces-siena\/","title":{"rendered":"SAMBONET Set de Couverts 30 Pi\u00e8ces Siena"},"content":{"rendered":"<p>Description des couverts<\/p>\n<p>Couverts aux textures uniques sur le march\u00e9.<br \/>\nD\u00e9coration sur les deux faces, cr\u00e9\u00e9e lors du moulage des couverts eux-m\u00eames.<br \/>\nDes d\u00e9tails qui ne sont alt\u00e9r\u00e9s ni par l\u2019usure ni par le temps.<br \/>\nUne proposition de d\u00e9coration de table pour ceux qui, \u00e0 contre-courant de la tendance, commencent par les couverts et non par l\u2019assiette.<br \/>\nLe luxe contemporain revisit\u00e9 dans une touche de mode.<br \/>\nR\u00e9alis\u00e9 en acier inoxydable 18\/10 de haute qualit\u00e9, r\u00e9sistant au lave-vaisselle.<br \/>\nSiena renouvelle les surfaces en acier avec un bas-relief sophistiqu\u00e9 qui \u00e9voque de fortes sensations tactiles.<br \/>\nLe polissage \u00e0 effet miroir met en valeur la haute qualit\u00e9 de l\u2019acier inoxydable, en soulignant la forme et le design. Les surfaces sont polies \u00e0 l\u2019aide d\u2019additifs et de brosses m\u00e9caniques de diff\u00e9rents grains et mat\u00e9riaux, qui polissent l\u2019acier inoxydable jusqu\u2019\u00e0 ce qu\u2019il devienne tr\u00e8s brillant. L\u2019objet est enrichi de reflets qui le rendent encore plus pr\u00e9cieux.<\/p>\n<p>Le couteau monobloc est fabriqu\u00e9 en une seule pi\u00e8ce d\u2019acier. Contrairement au couteau \u00e0 manche creux, qui se compose de deux parties, il n\u2019y a pas d\u2019espace entre le manche et la lame, et une agr\u00e9able sensation de lourdeur et de solidit\u00e9 est ressentie lorsque l\u2019on tient ce type de couteau.<\/p>\n<p>Des textures tendance inspir\u00e9es des lieux de vacances de r\u00eave et des destinations de la jet-set internationale. Siena se distingue par les reliefs \u00e0 la mode imprim\u00e9s sur tout le corps des couverts, pour une mise en sc\u00e8ne extr\u00eamement raffin\u00e9e.<\/p>\n<p>Sp\u00e9cifications techniques<\/p>\n<p>Marque : Sambonet<br \/>\nCollection : Siena<br \/>\nMat\u00e9riau : Acier inoxydable<br \/>\nAspect : Acier miroir<br \/>\nNum\u00e9ro d\u2019article : 52517-N1<br \/>\nEAN : 8014808401961<br \/>\nAnn\u00e9e d\u2019introduction : 2021<br \/>\nNombre de pi\u00e8ces dans l\u2019ensemble : 30<br \/>\nPour combien de personnes : 6<br \/>\nComposition du set : 6 cuill\u00e8res de table, 6 fourchettes de table, 6 couteaux de table, 6 fourchettes \u00e0 dessert, 6 cuill\u00e8res \u00e0 th\u00e9<br \/>\nSp\u00e9cial pour : Toute l\u2019ann\u00e9e<br \/>\nType de manche : Monobloc<\/p>\n<p>Dimensions de l\u2019article : 2,49 kg<\/p>\n<p>Poids de l\u2019article : 2,49 kg<br \/>\nLongueur de l\u2019emballage : 59,40 cm<br \/>\nLargeur de l\u2019emballage : 35,60 cm<br \/>\nHauteur de l\u2019emballage : 5,30 cm<br \/>\nPoids avec l\u2019emballage : 2,49 kg<br \/>\nVolume de l\u2019emballage : 11,2000 dm\u00b3<\/p>\n<p>Passe au lave-vaisselle, max. 55\u00b0.<\/p>\n","protected":false},"excerpt":{"rendered":"<p>Description des couverts Couverts aux textures uniques sur le march\u00e9. D\u00e9coration sur les deux faces, cr\u00e9\u00e9e lors du moulage des couverts eux-m\u00eames. Des d\u00e9tails qui ne sont alt\u00e9r\u00e9s ni par l\u2019usure ni par le temps. Une proposition de d\u00e9coration de table pour ceux qui, \u00e0 contre-courant de la tendance, commencent par les couverts et non [&hellip;]<\/p>\n","protected":false},"featured_media":6380117,"template":"","meta":{"_acf_changed":false},"product_cat":[11996,11995],"product_tag":[],"class_list":{"0":"post-2306891","1":"product","2":"type-product","3":"status-publish","4":"has-post-thumbnail","6":"product_cat-couverts","7":"product_cat-table-fr-2","9":"first","10":"instock","11":"taxable","12":"shipping-taxable","13":"product-type-simple","swatches":"rey-swatches","show_selected":"","stretch_labels":"rey-swatches--stretch-labels"},"acf":[],"yoast_head":"<!-- This site is optimized with the Yoast SEO plugin v25.4 - https:\/\/yoast.com\/wordpress\/plugins\/seo\/ -->\n<title>SAMBONET Set de Couverts 30 Pi\u00e8ces Siena - dev6 Erresse<\/title>\n<meta name=\"description\" content=\"Description des couverts Couverts aux textures uniques sur le march\u00e9. D\u00e9coration sur les deux faces, cr\u00e9\u00e9e lors du moulage des couverts eux-m\u00eames. Des\" \/>\n<meta name=\"robots\" content=\"noindex, follow, max-snippet:-1, max-image-preview:large, max-video-preview:-1\" \/>\n<meta property=\"og:locale\" content=\"fr_FR\" \/>\n<meta property=\"og:type\" content=\"article\" \/>\n<meta property=\"og:title\" content=\"SAMBONET Set de Couverts 30 Pi\u00e8ces Siena - dev6 Erresse\" \/>\n<meta property=\"og:description\" content=\"Description des couverts Couverts aux textures uniques sur le march\u00e9. D\u00e9coration sur les deux faces, cr\u00e9\u00e9e lors du moulage des couverts eux-m\u00eames. Des\" \/>\n<meta property=\"og:url\" content=\"https:\/\/dev6.erresse-shop.it\/fr\/shop\/table-fr-2\/couverts\/sambonet-set-de-couverts-30-pieces-siena\/\" \/>\n<meta property=\"og:site_name\" content=\"dev6 Erresse\" \/>\n<meta property=\"og:image\" content=\"https:\/\/interpim.erresse-shop.it\/img-catalogo\/sambonet\/sambonet-30-pezzi-siena.jpg\" \/><meta property=\"og:image\" content=\"https:\/\/interpim.erresse-shop.it\/img-catalogo\/sambonet\/sambonet-30-pezzi-siena.jpg\" \/>\n\t<meta property=\"og:image:width\" content=\"1024\" \/>\n\t<meta property=\"og:image:height\" content=\"1024\" \/>\n\t<meta property=\"og:image:type\" content=\"image\/jpeg\" \/>\n<meta name=\"twitter:card\" content=\"summary_large_image\" \/>\n<meta name=\"twitter:image\" content=\"https:\/\/interpim.erresse-shop.it\/img-catalogo\/sambonet\/sambonet-30-pezzi-siena.jpg\" \/>\n<script type=\"application\/ld+json\" class=\"yoast-schema-graph\">{\"@context\":\"https:\/\/schema.org\",\"@graph\":[{\"@type\":\"WebPage\",\"@id\":\"https:\/\/dev6.erresse-shop.it\/fr\/shop\/table-fr-2\/couverts\/sambonet-set-de-couverts-30-pieces-siena\/\",\"url\":\"https:\/\/dev6.erresse-shop.it\/fr\/shop\/table-fr-2\/couverts\/sambonet-set-de-couverts-30-pieces-siena\/\",\"name\":\"SAMBONET Set de Couverts 30 Pi\u00e8ces Siena - dev6 Erresse\",\"isPartOf\":{\"@id\":\"https:\/\/dev6.erresse-shop.it\/#website\"},\"primaryImageOfPage\":{\"@id\":\"https:\/\/dev6.erresse-shop.it\/fr\/shop\/table-fr-2\/couverts\/sambonet-set-de-couverts-30-pieces-siena\/#primaryimage\"},\"image\":{\"@id\":\"https:\/\/dev6.erresse-shop.it\/fr\/shop\/table-fr-2\/couverts\/sambonet-set-de-couverts-30-pieces-siena\/#primaryimage\"},\"thumbnailUrl\":\"https:\/\/i2.wp.com\/interpim.erresse-shop.it\/img-catalogo\/sambonet\/sambonet-30-pezzi-siena.jpg?ssl=1\",\"datePublished\":\"2026-04-12T12:17:45+00:00\",\"description\":\"Description des couverts Couverts aux textures uniques sur le march\u00e9. D\u00e9coration sur les deux faces, cr\u00e9\u00e9e lors du moulage des couverts eux-m\u00eames. Des\",\"breadcrumb\":{\"@id\":\"https:\/\/dev6.erresse-shop.it\/fr\/shop\/table-fr-2\/couverts\/sambonet-set-de-couverts-30-pieces-siena\/#breadcrumb\"},\"inLanguage\":\"fr-FR\",\"potentialAction\":[{\"@type\":\"ReadAction\",\"target\":[\"https:\/\/dev6.erresse-shop.it\/fr\/shop\/table-fr-2\/couverts\/sambonet-set-de-couverts-30-pieces-siena\/\"]}]},{\"@type\":\"ImageObject\",\"inLanguage\":\"fr-FR\",\"@id\":\"https:\/\/dev6.erresse-shop.it\/fr\/shop\/table-fr-2\/couverts\/sambonet-set-de-couverts-30-pieces-siena\/#primaryimage\",\"url\":\"https:\/\/i2.wp.com\/interpim.erresse-shop.it\/img-catalogo\/sambonet\/sambonet-30-pezzi-siena.jpg?ssl=1\",\"contentUrl\":\"https:\/\/i2.wp.com\/interpim.erresse-shop.it\/img-catalogo\/sambonet\/sambonet-30-pezzi-siena.jpg?ssl=1\"},{\"@type\":\"BreadcrumbList\",\"@id\":\"https:\/\/dev6.erresse-shop.it\/fr\/shop\/table-fr-2\/couverts\/sambonet-set-de-couverts-30-pieces-siena\/#breadcrumb\",\"itemListElement\":[{\"@type\":\"ListItem\",\"position\":1,\"name\":\"Home\",\"item\":\"https:\/\/dev6.erresse-shop.it\/\"},{\"@type\":\"ListItem\",\"position\":2,\"name\":\"Boutique\",\"item\":\"https:\/\/dev6.erresse-shop.it\/shop\/\"},{\"@type\":\"ListItem\",\"position\":3,\"name\":\"SAMBONET Set de Couverts 30 Pi\u00e8ces Siena\"}]},{\"@type\":\"WebSite\",\"@id\":\"https:\/\/dev6.erresse-shop.it\/#website\",\"url\":\"https:\/\/dev6.erresse-shop.it\/\",\"name\":\"Erresse Shop\",\"description\":\"\",\"publisher\":{\"@id\":\"https:\/\/dev6.erresse-shop.it\/#organization\"},\"potentialAction\":[{\"@type\":\"SearchAction\",\"target\":{\"@type\":\"EntryPoint\",\"urlTemplate\":\"https:\/\/dev6.erresse-shop.it\/?s={search_term_string}\"},\"query-input\":{\"@type\":\"PropertyValueSpecification\",\"valueRequired\":true,\"valueName\":\"search_term_string\"}}],\"inLanguage\":\"fr-FR\"},{\"@type\":\"Organization\",\"@id\":\"https:\/\/dev6.erresse-shop.it\/#organization\",\"name\":\"Erresse Shop\",\"url\":\"https:\/\/dev6.erresse-shop.it\/\",\"logo\":{\"@type\":\"ImageObject\",\"inLanguage\":\"fr-FR\",\"@id\":\"https:\/\/dev6.erresse-shop.it\/#\/schema\/logo\/image\/\",\"url\":\"https:\/\/dev6.erresse-shop.it\/wp-content\/uploads\/2025\/01\/LOGO-ERRESSE-CLASSICO.svg\",\"contentUrl\":\"https:\/\/dev6.erresse-shop.it\/wp-content\/uploads\/2025\/01\/LOGO-ERRESSE-CLASSICO.svg\",\"caption\":\"Erresse Shop\"},\"image\":{\"@id\":\"https:\/\/dev6.erresse-shop.it\/#\/schema\/logo\/image\/\"}}]}<\/script>\n<!-- \/ Yoast SEO plugin. -->","yoast_head_json":{"title":"SAMBONET Set de Couverts 30 Pi\u00e8ces Siena - dev6 Erresse","description":"Description des couverts Couverts aux textures uniques sur le march\u00e9. D\u00e9coration sur les deux faces, cr\u00e9\u00e9e lors du moulage des couverts eux-m\u00eames. Des","robots":{"index":"noindex","follow":"follow","max-snippet":"max-snippet:-1","max-image-preview":"max-image-preview:large","max-video-preview":"max-video-preview:-1"},"og_locale":"fr_FR","og_type":"article","og_title":"SAMBONET Set de Couverts 30 Pi\u00e8ces Siena - dev6 Erresse","og_description":"Description des couverts Couverts aux textures uniques sur le march\u00e9. D\u00e9coration sur les deux faces, cr\u00e9\u00e9e lors du moulage des couverts eux-m\u00eames. Des","og_url":"https:\/\/dev6.erresse-shop.it\/fr\/shop\/table-fr-2\/couverts\/sambonet-set-de-couverts-30-pieces-siena\/","og_site_name":"dev6 Erresse","og_image":[{"url":"https:\/\/interpim.erresse-shop.it\/img-catalogo\/sambonet\/sambonet-30-pezzi-siena.jpg","type":"","width":"","height":""},{"url":"https:\/\/interpim.erresse-shop.it\/img-catalogo\/sambonet\/sambonet-30-pezzi-siena.jpg","width":1024,"height":1024,"type":"image\/jpeg"}],"twitter_card":"summary_large_image","twitter_image":"https:\/\/interpim.erresse-shop.it\/img-catalogo\/sambonet\/sambonet-30-pezzi-siena.jpg","schema":{"@context":"https:\/\/schema.org","@graph":[{"@type":"WebPage","@id":"https:\/\/dev6.erresse-shop.it\/fr\/shop\/table-fr-2\/couverts\/sambonet-set-de-couverts-30-pieces-siena\/","url":"https:\/\/dev6.erresse-shop.it\/fr\/shop\/table-fr-2\/couverts\/sambonet-set-de-couverts-30-pieces-siena\/","name":"SAMBONET Set de Couverts 30 Pi\u00e8ces Siena - dev6 Erresse","isPartOf":{"@id":"https:\/\/dev6.erresse-shop.it\/#website"},"primaryImageOfPage":{"@id":"https:\/\/dev6.erresse-shop.it\/fr\/shop\/table-fr-2\/couverts\/sambonet-set-de-couverts-30-pieces-siena\/#primaryimage"},"image":{"@id":"https:\/\/dev6.erresse-shop.it\/fr\/shop\/table-fr-2\/couverts\/sambonet-set-de-couverts-30-pieces-siena\/#primaryimage"},"thumbnailUrl":"https:\/\/i2.wp.com\/interpim.erresse-shop.it\/img-catalogo\/sambonet\/sambonet-30-pezzi-siena.jpg?ssl=1","datePublished":"2026-04-12T12:17:45+00:00","description":"Description des couverts Couverts aux textures uniques sur le march\u00e9. D\u00e9coration sur les deux faces, cr\u00e9\u00e9e lors du moulage des couverts eux-m\u00eames. Des","breadcrumb":{"@id":"https:\/\/dev6.erresse-shop.it\/fr\/shop\/table-fr-2\/couverts\/sambonet-set-de-couverts-30-pieces-siena\/#breadcrumb"},"inLanguage":"fr-FR","potentialAction":[{"@type":"ReadAction","target":["https:\/\/dev6.erresse-shop.it\/fr\/shop\/table-fr-2\/couverts\/sambonet-set-de-couverts-30-pieces-siena\/"]}]},{"@type":"ImageObject","inLanguage":"fr-FR","@id":"https:\/\/dev6.erresse-shop.it\/fr\/shop\/table-fr-2\/couverts\/sambonet-set-de-couverts-30-pieces-siena\/#primaryimage","url":"https:\/\/i2.wp.com\/interpim.erresse-shop.it\/img-catalogo\/sambonet\/sambonet-30-pezzi-siena.jpg?ssl=1","contentUrl":"https:\/\/i2.wp.com\/interpim.erresse-shop.it\/img-catalogo\/sambonet\/sambonet-30-pezzi-siena.jpg?ssl=1"},{"@type":"BreadcrumbList","@id":"https:\/\/dev6.erresse-shop.it\/fr\/shop\/table-fr-2\/couverts\/sambonet-set-de-couverts-30-pieces-siena\/#breadcrumb","itemListElement":[{"@type":"ListItem","position":1,"name":"Home","item":"https:\/\/dev6.erresse-shop.it\/"},{"@type":"ListItem","position":2,"name":"Boutique","item":"https:\/\/dev6.erresse-shop.it\/shop\/"},{"@type":"ListItem","position":3,"name":"SAMBONET Set de Couverts 30 Pi\u00e8ces Siena"}]},{"@type":"WebSite","@id":"https:\/\/dev6.erresse-shop.it\/#website","url":"https:\/\/dev6.erresse-shop.it\/","name":"Erresse Shop","description":"","publisher":{"@id":"https:\/\/dev6.erresse-shop.it\/#organization"},"potentialAction":[{"@type":"SearchAction","target":{"@type":"EntryPoint","urlTemplate":"https:\/\/dev6.erresse-shop.it\/?s={search_term_string}"},"query-input":{"@type":"PropertyValueSpecification","valueRequired":true,"valueName":"search_term_string"}}],"inLanguage":"fr-FR"},{"@type":"Organization","@id":"https:\/\/dev6.erresse-shop.it\/#organization","name":"Erresse Shop","url":"https:\/\/dev6.erresse-shop.it\/","logo":{"@type":"ImageObject","inLanguage":"fr-FR","@id":"https:\/\/dev6.erresse-shop.it\/#\/schema\/logo\/image\/","url":"https:\/\/dev6.erresse-shop.it\/wp-content\/uploads\/2025\/01\/LOGO-ERRESSE-CLASSICO.svg","contentUrl":"https:\/\/dev6.erresse-shop.it\/wp-content\/uploads\/2025\/01\/LOGO-ERRESSE-CLASSICO.svg","caption":"Erresse Shop"},"image":{"@id":"https:\/\/dev6.erresse-shop.it\/#\/schema\/logo\/image\/"}}]}},"df_price":"","df_sale_price":"","df_regular_price":"","df_image_link":"https:\/\/i2.wp.com\/interpim.erresse-shop.it\/img-catalogo\/sambonet\/sambonet-30-pezzi-siena.jpg?resize=300,300&ssl=1","fifu_image_url":"https:\/\/interpim.erresse-shop.it\/img-catalogo\/sambonet\/sambonet-30-pezzi-siena.jpg","_links":{"self":[{"href":"https:\/\/dev6.erresse-shop.it\/fr\/wp-json\/wp\/v2\/product\/2306891","targetHints":{"allow":["GET"]}}],"collection":[{"href":"https:\/\/dev6.erresse-shop.it\/fr\/wp-json\/wp\/v2\/product"}],"about":[{"href":"https:\/\/dev6.erresse-shop.it\/fr\/wp-json\/wp\/v2\/types\/product"}],"wp:featuredmedia":[{"embeddable":true,"href":"https:\/\/dev6.erresse-shop.it\/fr\/wp-json\/wp\/v2\/media\/6380117"}],"wp:attachment":[{"href":"https:\/\/dev6.erresse-shop.it\/fr\/wp-json\/wp\/v2\/media?parent=2306891"}],"wp:term":[{"taxonomy":"product_cat","embeddable":true,"href":"https:\/\/dev6.erresse-shop.it\/fr\/wp-json\/wp\/v2\/product_cat?post=2306891"},{"taxonomy":"product_tag","embeddable":true,"href":"https:\/\/dev6.erresse-shop.it\/fr\/wp-json\/wp\/v2\/product_tag?post=2306891"}],"curies":[{"name":"wp","href":"https:\/\/api.w.org\/{rel}","templated":true}]}}