{"id":2306867,"date":"2026-04-12T14:15:07","date_gmt":"2026-04-12T12:15:07","guid":{"rendered":"https:\/\/dev6.erresse-shop.it\/shop\/non%20class\u00e9\/sambonet-36-pieces-de-service-monobloc-rock-pvd-or\/"},"modified":"2025-07-04T20:21:48","modified_gmt":"2025-07-04T18:21:48","slug":"sambonet-36-pieces-de-service-monobloc-rock-pvd-or","status":"publish","type":"product","link":"https:\/\/dev6.erresse-shop.it\/fr\/shop\/cuisine\/sambonet-36-pieces-de-service-monobloc-rock-pvd-or\/","title":{"rendered":"Sambonet 36 pi\u00e8ces de service Monobloc Rock PVD Or"},"content":{"rendered":"<p>Description<br \/>\nPour Sambonet, \u00eatre \u201crock\u201d est plus qu\u2019une question d\u2019esth\u00e9tique. Les nouveaux couverts Rock sont extr\u00eamement polyvalents et, en m\u00eame temps, ils donnent de la personnalit\u00e9 et de la d\u00e9termination \u00e0 la table : ils sont originaux et bien con\u00e7us, avec un style sophistiqu\u00e9. Les lignes carr\u00e9es et l\u2019\u00e9paisseur de l\u2019acier inoxydable sont uniques, de m\u00eame que son style fonctionnel et contemporain.<\/p>\n<p>Un design contemporain, d\u00e9contract\u00e9 et accrocheur qui ajoute de la d\u00e9termination \u00e0 votre table.<br \/>\nSet de table pour 6 personnes qui comprend 6 fourchettes de table, 6 cuill\u00e8res de table, 6 couteaux de table et 6 cuill\u00e8res \u00e0 th\u00e9. Collection disponible uniquement en sets (pas de couverts individuels).<br \/>\nFabriqu\u00e9 en acier inoxydable 18\/10 de haute qualit\u00e9 et de longue dur\u00e9e. Lavable au lave-vaisselle.<br \/>\nImpressionnez vos invit\u00e9s avec la couleur Or, raffin\u00e9e et brillante.<br \/>\nLe PVD de Sambonet est un savoir-faire d\u00e9pos\u00e9. Il ne s\u2019agit pas d\u2019un simple rev\u00eatement, mais d\u2019une soudure atomique au substrat des surfaces, offrant une plus grande r\u00e9sistance \u00e0 l\u2019usure, aux rayures et \u00e0 la formation de rouille et d\u2019oxydes.<\/p>\n<p>Un design contemporain, d\u00e9contract\u00e9 et accrocheur qui ajoute de la d\u00e9termination \u00e0 votre table. Pour Sambonet, \u00eatre \u201crock\u201d est plus qu\u2019une question d\u2019esth\u00e9tique.<\/p>\n<p>Sp\u00e9cifications techniques<br \/>\nMarque : Sambonet<br \/>\nCollection : Rock<br \/>\nMat\u00e9riau : Acier inoxydable<br \/>\nD\u00e9cor : Edelstahl\/PVD Or<br \/>\nNombre d\u2019articles dans le set : 24<br \/>\nSet compos\u00e9 de : 6 cuill\u00e8res de table, 6 fourchettes de table, 6 couteaux de table, 6 cuill\u00e8res \u00e0 th\u00e9<br \/>\nPour combien de personnes : 6<br \/>\nNum\u00e9ro d\u2019article : 52762G81<br \/>\nAnn\u00e9e d\u2019introduction : 2020<\/p>\n<p>Dimensions<br \/>\nPoids de l\u2019article : 1,73 kg<br \/>\nHauteur du paquet : 4,60 cm<br \/>\nLongueur du paquet : 29,60 cm<br \/>\nLargeur du paquet : 32,20 cm<br \/>\nPoids du paquet : 1,73 kg<\/p>\n<p>Informations sur l\u2019entretien<br \/>\nPR\u00c9CAUTIONS : Manipulez l\u2019argenterie et les articles en PVD comme indiqu\u00e9 pour les articles en acier inoxydable. N\u2019utilisez jamais de grattoir ou de laine d\u2019acier, qui endommageraient d\u00e9finitivement les surfaces en argent et en PVD. L\u2019argent peut se sulfater sous l\u2019effet de l\u2019exposition \u00e0 l\u2019air et devenir sombre de mani\u00e8re plus ou moins uniforme. Cela peut \u00e9galement se produire \u00e0 la suite d\u2019un contact avec certains aliments. Il s\u2019agit d\u2019un processus naturel qui n\u2019endommage pas le d\u00e9p\u00f4t d\u2019argent mais en modifie l\u2019aspect. La couche d\u2019argent doit \u00eatre polie afin de r\u00e9tablir l\u2019\u00e9tat d\u2019origine avec de bons produits de polissage de l\u2019argent. Veillez \u00e0 ce que ces produits soient dilu\u00e9s dans de l\u2019eau chaude uniquement.<\/p>\n","protected":false},"excerpt":{"rendered":"<p>Description Pour Sambonet, \u00eatre \u201crock\u201d est plus qu\u2019une question d\u2019esth\u00e9tique. Les nouveaux couverts Rock sont extr\u00eamement polyvalents et, en m\u00eame temps, ils donnent de la personnalit\u00e9 et de la d\u00e9termination \u00e0 la table : ils sont originaux et bien con\u00e7us, avec un style sophistiqu\u00e9. Les lignes carr\u00e9es et l\u2019\u00e9paisseur de l\u2019acier inoxydable sont uniques, de [&hellip;]<\/p>\n","protected":false},"featured_media":6380003,"template":"","meta":{"_acf_changed":false},"product_cat":[11992],"product_tag":[],"class_list":{"0":"post-2306867","1":"product","2":"type-product","3":"status-publish","4":"has-post-thumbnail","6":"product_cat-cuisine","8":"first","9":"instock","10":"taxable","11":"shipping-taxable","12":"product-type-simple","swatches":"rey-swatches","show_selected":"","stretch_labels":"rey-swatches--stretch-labels"},"acf":[],"yoast_head":"<!-- This site is optimized with the Yoast SEO plugin v25.4 - https:\/\/yoast.com\/wordpress\/plugins\/seo\/ -->\n<title>Sambonet 36 pi\u00e8ces de service Monobloc Rock PVD Or - dev6 Erresse<\/title>\n<meta name=\"description\" content=\"Description Pour Sambonet, \u00eatre \u201crock\u201d est plus qu\u2019une question d\u2019esth\u00e9tique. Les nouveaux couverts Rock sont extr\u00eamement polyvalents et, en m\u00eame temps,\" \/>\n<meta name=\"robots\" content=\"noindex, follow, max-snippet:-1, max-image-preview:large, max-video-preview:-1\" \/>\n<meta property=\"og:locale\" content=\"fr_FR\" \/>\n<meta property=\"og:type\" content=\"article\" \/>\n<meta property=\"og:title\" content=\"Sambonet 36 pi\u00e8ces de service Monobloc Rock PVD Or - dev6 Erresse\" \/>\n<meta property=\"og:description\" content=\"Description Pour Sambonet, \u00eatre \u201crock\u201d est plus qu\u2019une question d\u2019esth\u00e9tique. Les nouveaux couverts Rock sont extr\u00eamement polyvalents et, en m\u00eame temps,\" \/>\n<meta property=\"og:url\" content=\"https:\/\/dev6.erresse-shop.it\/fr\/shop\/cuisine\/sambonet-36-pieces-de-service-monobloc-rock-pvd-or\/\" \/>\n<meta property=\"og:site_name\" content=\"dev6 Erresse\" \/>\n<meta property=\"og:image\" content=\"https:\/\/interpim.erresse-shop.it\/wp-content\/uploads\/2022\/12\/Sambonet-Servizio-24-Pezzi-Monoblocco-Rock-PVD-Gold.jpg\/sambonet-servizio-24-pezzi-monoblocco-rock-pvd-gold.jpg\" \/><meta property=\"og:image\" content=\"https:\/\/interpim.erresse-shop.it\/wp-content\/uploads\/2022\/12\/Sambonet-Servizio-24-Pezzi-Monoblocco-Rock-PVD-Gold.jpg\/sambonet-servizio-24-pezzi-monoblocco-rock-pvd-gold.jpg\" \/>\n\t<meta property=\"og:image:width\" content=\"1024\" \/>\n\t<meta property=\"og:image:height\" content=\"1024\" \/>\n\t<meta property=\"og:image:type\" content=\"image\/jpeg\" \/>\n<meta name=\"twitter:card\" content=\"summary_large_image\" \/>\n<meta name=\"twitter:image\" content=\"https:\/\/interpim.erresse-shop.it\/wp-content\/uploads\/2022\/12\/Sambonet-Servizio-24-Pezzi-Monoblocco-Rock-PVD-Gold.jpg\/sambonet-servizio-24-pezzi-monoblocco-rock-pvd-gold.jpg\" \/>\n<script type=\"application\/ld+json\" class=\"yoast-schema-graph\">{\"@context\":\"https:\/\/schema.org\",\"@graph\":[{\"@type\":\"WebPage\",\"@id\":\"https:\/\/dev6.erresse-shop.it\/fr\/shop\/cuisine\/sambonet-36-pieces-de-service-monobloc-rock-pvd-or\/\",\"url\":\"https:\/\/dev6.erresse-shop.it\/fr\/shop\/cuisine\/sambonet-36-pieces-de-service-monobloc-rock-pvd-or\/\",\"name\":\"Sambonet 36 pi\u00e8ces de service Monobloc Rock PVD Or - dev6 Erresse\",\"isPartOf\":{\"@id\":\"https:\/\/dev6.erresse-shop.it\/#website\"},\"primaryImageOfPage\":{\"@id\":\"https:\/\/dev6.erresse-shop.it\/fr\/shop\/cuisine\/sambonet-36-pieces-de-service-monobloc-rock-pvd-or\/#primaryimage\"},\"image\":{\"@id\":\"https:\/\/dev6.erresse-shop.it\/fr\/shop\/cuisine\/sambonet-36-pieces-de-service-monobloc-rock-pvd-or\/#primaryimage\"},\"thumbnailUrl\":\"https:\/\/i2.wp.com\/interpim.erresse-shop.it\/wp-content\/uploads\/2022\/12\/Sambonet-Servizio-24-Pezzi-Monoblocco-Rock-PVD-Gold.jpg\/sambonet-servizio-24-pezzi-monoblocco-rock-pvd-gold.jpg?ssl=1\",\"datePublished\":\"2026-04-12T12:15:07+00:00\",\"description\":\"Description Pour Sambonet, \u00eatre \u201crock\u201d est plus qu\u2019une question d\u2019esth\u00e9tique. Les nouveaux couverts Rock sont extr\u00eamement polyvalents et, en m\u00eame temps,\",\"breadcrumb\":{\"@id\":\"https:\/\/dev6.erresse-shop.it\/fr\/shop\/cuisine\/sambonet-36-pieces-de-service-monobloc-rock-pvd-or\/#breadcrumb\"},\"inLanguage\":\"fr-FR\",\"potentialAction\":[{\"@type\":\"ReadAction\",\"target\":[\"https:\/\/dev6.erresse-shop.it\/fr\/shop\/cuisine\/sambonet-36-pieces-de-service-monobloc-rock-pvd-or\/\"]}]},{\"@type\":\"ImageObject\",\"inLanguage\":\"fr-FR\",\"@id\":\"https:\/\/dev6.erresse-shop.it\/fr\/shop\/cuisine\/sambonet-36-pieces-de-service-monobloc-rock-pvd-or\/#primaryimage\",\"url\":\"https:\/\/i2.wp.com\/interpim.erresse-shop.it\/wp-content\/uploads\/2022\/12\/Sambonet-Servizio-24-Pezzi-Monoblocco-Rock-PVD-Gold.jpg\/sambonet-servizio-24-pezzi-monoblocco-rock-pvd-gold.jpg?ssl=1\",\"contentUrl\":\"https:\/\/i2.wp.com\/interpim.erresse-shop.it\/wp-content\/uploads\/2022\/12\/Sambonet-Servizio-24-Pezzi-Monoblocco-Rock-PVD-Gold.jpg\/sambonet-servizio-24-pezzi-monoblocco-rock-pvd-gold.jpg?ssl=1\"},{\"@type\":\"BreadcrumbList\",\"@id\":\"https:\/\/dev6.erresse-shop.it\/fr\/shop\/cuisine\/sambonet-36-pieces-de-service-monobloc-rock-pvd-or\/#breadcrumb\",\"itemListElement\":[{\"@type\":\"ListItem\",\"position\":1,\"name\":\"Home\",\"item\":\"https:\/\/dev6.erresse-shop.it\/\"},{\"@type\":\"ListItem\",\"position\":2,\"name\":\"Boutique\",\"item\":\"https:\/\/dev6.erresse-shop.it\/shop\/\"},{\"@type\":\"ListItem\",\"position\":3,\"name\":\"Sambonet 36 pi\u00e8ces de service Monobloc Rock PVD Or\"}]},{\"@type\":\"WebSite\",\"@id\":\"https:\/\/dev6.erresse-shop.it\/#website\",\"url\":\"https:\/\/dev6.erresse-shop.it\/\",\"name\":\"Erresse Shop\",\"description\":\"\",\"publisher\":{\"@id\":\"https:\/\/dev6.erresse-shop.it\/#organization\"},\"potentialAction\":[{\"@type\":\"SearchAction\",\"target\":{\"@type\":\"EntryPoint\",\"urlTemplate\":\"https:\/\/dev6.erresse-shop.it\/?s={search_term_string}\"},\"query-input\":{\"@type\":\"PropertyValueSpecification\",\"valueRequired\":true,\"valueName\":\"search_term_string\"}}],\"inLanguage\":\"fr-FR\"},{\"@type\":\"Organization\",\"@id\":\"https:\/\/dev6.erresse-shop.it\/#organization\",\"name\":\"Erresse Shop\",\"url\":\"https:\/\/dev6.erresse-shop.it\/\",\"logo\":{\"@type\":\"ImageObject\",\"inLanguage\":\"fr-FR\",\"@id\":\"https:\/\/dev6.erresse-shop.it\/#\/schema\/logo\/image\/\",\"url\":\"https:\/\/dev6.erresse-shop.it\/wp-content\/uploads\/2025\/01\/LOGO-ERRESSE-CLASSICO.svg\",\"contentUrl\":\"https:\/\/dev6.erresse-shop.it\/wp-content\/uploads\/2025\/01\/LOGO-ERRESSE-CLASSICO.svg\",\"caption\":\"Erresse Shop\"},\"image\":{\"@id\":\"https:\/\/dev6.erresse-shop.it\/#\/schema\/logo\/image\/\"}}]}<\/script>\n<!-- \/ Yoast SEO plugin. -->","yoast_head_json":{"title":"Sambonet 36 pi\u00e8ces de service Monobloc Rock PVD Or - dev6 Erresse","description":"Description Pour Sambonet, \u00eatre \u201crock\u201d est plus qu\u2019une question d\u2019esth\u00e9tique. Les nouveaux couverts Rock sont extr\u00eamement polyvalents et, en m\u00eame temps,","robots":{"index":"noindex","follow":"follow","max-snippet":"max-snippet:-1","max-image-preview":"max-image-preview:large","max-video-preview":"max-video-preview:-1"},"og_locale":"fr_FR","og_type":"article","og_title":"Sambonet 36 pi\u00e8ces de service Monobloc Rock PVD Or - dev6 Erresse","og_description":"Description Pour Sambonet, \u00eatre \u201crock\u201d est plus qu\u2019une question d\u2019esth\u00e9tique. Les nouveaux couverts Rock sont extr\u00eamement polyvalents et, en m\u00eame temps,","og_url":"https:\/\/dev6.erresse-shop.it\/fr\/shop\/cuisine\/sambonet-36-pieces-de-service-monobloc-rock-pvd-or\/","og_site_name":"dev6 Erresse","og_image":[{"url":"https:\/\/interpim.erresse-shop.it\/wp-content\/uploads\/2022\/12\/Sambonet-Servizio-24-Pezzi-Monoblocco-Rock-PVD-Gold.jpg\/sambonet-servizio-24-pezzi-monoblocco-rock-pvd-gold.jpg","type":"","width":"","height":""},{"url":"https:\/\/interpim.erresse-shop.it\/wp-content\/uploads\/2022\/12\/Sambonet-Servizio-24-Pezzi-Monoblocco-Rock-PVD-Gold.jpg\/sambonet-servizio-24-pezzi-monoblocco-rock-pvd-gold.jpg","width":1024,"height":1024,"type":"image\/jpeg"}],"twitter_card":"summary_large_image","twitter_image":"https:\/\/interpim.erresse-shop.it\/wp-content\/uploads\/2022\/12\/Sambonet-Servizio-24-Pezzi-Monoblocco-Rock-PVD-Gold.jpg\/sambonet-servizio-24-pezzi-monoblocco-rock-pvd-gold.jpg","schema":{"@context":"https:\/\/schema.org","@graph":[{"@type":"WebPage","@id":"https:\/\/dev6.erresse-shop.it\/fr\/shop\/cuisine\/sambonet-36-pieces-de-service-monobloc-rock-pvd-or\/","url":"https:\/\/dev6.erresse-shop.it\/fr\/shop\/cuisine\/sambonet-36-pieces-de-service-monobloc-rock-pvd-or\/","name":"Sambonet 36 pi\u00e8ces de service Monobloc Rock PVD Or - dev6 Erresse","isPartOf":{"@id":"https:\/\/dev6.erresse-shop.it\/#website"},"primaryImageOfPage":{"@id":"https:\/\/dev6.erresse-shop.it\/fr\/shop\/cuisine\/sambonet-36-pieces-de-service-monobloc-rock-pvd-or\/#primaryimage"},"image":{"@id":"https:\/\/dev6.erresse-shop.it\/fr\/shop\/cuisine\/sambonet-36-pieces-de-service-monobloc-rock-pvd-or\/#primaryimage"},"thumbnailUrl":"https:\/\/i2.wp.com\/interpim.erresse-shop.it\/wp-content\/uploads\/2022\/12\/Sambonet-Servizio-24-Pezzi-Monoblocco-Rock-PVD-Gold.jpg\/sambonet-servizio-24-pezzi-monoblocco-rock-pvd-gold.jpg?ssl=1","datePublished":"2026-04-12T12:15:07+00:00","description":"Description Pour Sambonet, \u00eatre \u201crock\u201d est plus qu\u2019une question d\u2019esth\u00e9tique. Les nouveaux couverts Rock sont extr\u00eamement polyvalents et, en m\u00eame temps,","breadcrumb":{"@id":"https:\/\/dev6.erresse-shop.it\/fr\/shop\/cuisine\/sambonet-36-pieces-de-service-monobloc-rock-pvd-or\/#breadcrumb"},"inLanguage":"fr-FR","potentialAction":[{"@type":"ReadAction","target":["https:\/\/dev6.erresse-shop.it\/fr\/shop\/cuisine\/sambonet-36-pieces-de-service-monobloc-rock-pvd-or\/"]}]},{"@type":"ImageObject","inLanguage":"fr-FR","@id":"https:\/\/dev6.erresse-shop.it\/fr\/shop\/cuisine\/sambonet-36-pieces-de-service-monobloc-rock-pvd-or\/#primaryimage","url":"https:\/\/i2.wp.com\/interpim.erresse-shop.it\/wp-content\/uploads\/2022\/12\/Sambonet-Servizio-24-Pezzi-Monoblocco-Rock-PVD-Gold.jpg\/sambonet-servizio-24-pezzi-monoblocco-rock-pvd-gold.jpg?ssl=1","contentUrl":"https:\/\/i2.wp.com\/interpim.erresse-shop.it\/wp-content\/uploads\/2022\/12\/Sambonet-Servizio-24-Pezzi-Monoblocco-Rock-PVD-Gold.jpg\/sambonet-servizio-24-pezzi-monoblocco-rock-pvd-gold.jpg?ssl=1"},{"@type":"BreadcrumbList","@id":"https:\/\/dev6.erresse-shop.it\/fr\/shop\/cuisine\/sambonet-36-pieces-de-service-monobloc-rock-pvd-or\/#breadcrumb","itemListElement":[{"@type":"ListItem","position":1,"name":"Home","item":"https:\/\/dev6.erresse-shop.it\/"},{"@type":"ListItem","position":2,"name":"Boutique","item":"https:\/\/dev6.erresse-shop.it\/shop\/"},{"@type":"ListItem","position":3,"name":"Sambonet 36 pi\u00e8ces de service Monobloc Rock PVD Or"}]},{"@type":"WebSite","@id":"https:\/\/dev6.erresse-shop.it\/#website","url":"https:\/\/dev6.erresse-shop.it\/","name":"Erresse Shop","description":"","publisher":{"@id":"https:\/\/dev6.erresse-shop.it\/#organization"},"potentialAction":[{"@type":"SearchAction","target":{"@type":"EntryPoint","urlTemplate":"https:\/\/dev6.erresse-shop.it\/?s={search_term_string}"},"query-input":{"@type":"PropertyValueSpecification","valueRequired":true,"valueName":"search_term_string"}}],"inLanguage":"fr-FR"},{"@type":"Organization","@id":"https:\/\/dev6.erresse-shop.it\/#organization","name":"Erresse Shop","url":"https:\/\/dev6.erresse-shop.it\/","logo":{"@type":"ImageObject","inLanguage":"fr-FR","@id":"https:\/\/dev6.erresse-shop.it\/#\/schema\/logo\/image\/","url":"https:\/\/dev6.erresse-shop.it\/wp-content\/uploads\/2025\/01\/LOGO-ERRESSE-CLASSICO.svg","contentUrl":"https:\/\/dev6.erresse-shop.it\/wp-content\/uploads\/2025\/01\/LOGO-ERRESSE-CLASSICO.svg","caption":"Erresse Shop"},"image":{"@id":"https:\/\/dev6.erresse-shop.it\/#\/schema\/logo\/image\/"}}]}},"df_price":"","df_sale_price":"","df_regular_price":"","df_image_link":"https:\/\/i2.wp.com\/interpim.erresse-shop.it\/wp-content\/uploads\/2022\/12\/Sambonet-Servizio-24-Pezzi-Monoblocco-Rock-PVD-Gold.jpg\/sambonet-servizio-24-pezzi-monoblocco-rock-pvd-gold.jpg?resize=300,300&ssl=1","fifu_image_url":"https:\/\/interpim.erresse-shop.it\/wp-content\/uploads\/2022\/12\/Sambonet-Servizio-24-Pezzi-Monoblocco-Rock-PVD-Gold.jpg\/sambonet-servizio-24-pezzi-monoblocco-rock-pvd-gold.jpg","_links":{"self":[{"href":"https:\/\/dev6.erresse-shop.it\/fr\/wp-json\/wp\/v2\/product\/2306867","targetHints":{"allow":["GET"]}}],"collection":[{"href":"https:\/\/dev6.erresse-shop.it\/fr\/wp-json\/wp\/v2\/product"}],"about":[{"href":"https:\/\/dev6.erresse-shop.it\/fr\/wp-json\/wp\/v2\/types\/product"}],"wp:featuredmedia":[{"embeddable":true,"href":"https:\/\/dev6.erresse-shop.it\/fr\/wp-json\/wp\/v2\/media\/6380003"}],"wp:attachment":[{"href":"https:\/\/dev6.erresse-shop.it\/fr\/wp-json\/wp\/v2\/media?parent=2306867"}],"wp:term":[{"taxonomy":"product_cat","embeddable":true,"href":"https:\/\/dev6.erresse-shop.it\/fr\/wp-json\/wp\/v2\/product_cat?post=2306867"},{"taxonomy":"product_tag","embeddable":true,"href":"https:\/\/dev6.erresse-shop.it\/fr\/wp-json\/wp\/v2\/product_tag?post=2306867"}],"curies":[{"name":"wp","href":"https:\/\/api.w.org\/{rel}","templated":true}]}}