{"id":2306829,"date":"2026-04-12T14:12:32","date_gmt":"2026-04-12T12:12:32","guid":{"rendered":"https:\/\/dev6.erresse-shop.it\/shop\/non%20class\u00e9\/brabantia-mindset-distributeur-de-savon-gris\/"},"modified":"2025-07-04T20:19:52","modified_gmt":"2025-07-04T18:19:52","slug":"brabantia-mindset-distributeur-de-savon-gris","status":"publish","type":"product","link":"https:\/\/dev6.erresse-shop.it\/fr\/shop\/cuisine\/brabantia-mindset-distributeur-de-savon-gris\/","title":{"rendered":"BRABANTIA MindSet Distributeur de savon gris"},"content":{"rendered":"<p>Apportez du style dans la plus petite pi\u00e8ce, la salle de bain ou la cuisine avec l\u2019excellent distributeur de savon MindSet de Brabantia. Un accessoire de classe en verre et m\u00e9tal, pour ceux qui prennent au s\u00e9rieux l\u2019hygi\u00e8ne des mains et le design. Ce petit bijou ne se contente pas de distribuer du savon, il respire la qualit\u00e9, de sa grande ouverture pour la recharge \u00e0 son support transparent. Un exemple brillant de la conception pratique de Brabantia.<\/p>\n<p>Avantages et caract\u00e9ristiques<\/p>\n<p>Capacit\u00e9 pratique \u2013 compatible avec la plupart des packs de recharge, 200 ml.<br \/>\nFacile \u00e0 (re)charger \u2013 grande ouverture pour le remplissage.<br \/>\nNettoyer \u2013 le m\u00e9canisme de la pompe anti-goutte.<br \/>\nMultifonctionnel \u2013 le grand embout fonctionne aussi tr\u00e8s bien pour les lotions.<br \/>\nFacile \u00e0 nettoyer \u2013 corps m\u00e9tallique avec porte-verre amovible, le m\u00e9canisme se nettoie en pompant de l\u2019eau chaude.<br \/>\nTout est sous contr\u00f4le \u2013 r\u00e9servoir \u00e0 savon en verre transparent.<br \/>\nFinition textur\u00e9e \u2013 rev\u00eatement min\u00e9ral moderne.<br \/>\nId\u00e9al pour les zones humides \u2013 fabriqu\u00e9 en mat\u00e9riaux anticorrosion.<br \/>\nUtilisation sans probl\u00e8me \u2013 Service et garantie de 5 ans.<br \/>\nUn choix plus durable \u2013 fabriqu\u00e9 \u00e0 partir de 13% de mat\u00e9riaux recycl\u00e9s, recyclable \u00e0 84% apr\u00e8s usage.<\/p>\n<p>Dimensions<\/p>\n<p>Hauteur : 11 cm<br \/>\nLongueur : 9,5 cm<br \/>\nLargeur : 8 cm<\/p>\n<p>Garantie<br \/>\n5 ans<\/p>\n","protected":false},"excerpt":{"rendered":"<p>Apportez du style dans la plus petite pi\u00e8ce, la salle de bain ou la cuisine avec l\u2019excellent distributeur de savon MindSet de Brabantia. Un accessoire de classe en verre et m\u00e9tal, pour ceux qui prennent au s\u00e9rieux l\u2019hygi\u00e8ne des mains et le design. Ce petit bijou ne se contente pas de distribuer du savon, il [&hellip;]<\/p>\n","protected":false},"featured_media":6379829,"template":"","meta":{"_acf_changed":false},"product_cat":[11992],"product_tag":[],"class_list":{"0":"post-2306829","1":"product","2":"type-product","3":"status-publish","4":"has-post-thumbnail","6":"product_cat-cuisine","8":"first","9":"instock","10":"taxable","11":"shipping-taxable","12":"product-type-simple","swatches":"rey-swatches","show_selected":"","stretch_labels":"rey-swatches--stretch-labels"},"acf":[],"yoast_head":"<!-- This site is optimized with the Yoast SEO plugin v25.4 - https:\/\/yoast.com\/wordpress\/plugins\/seo\/ -->\n<title>BRABANTIA MindSet Distributeur de savon gris - dev6 Erresse<\/title>\n<meta name=\"description\" content=\"Apportez du style dans la plus petite pi\u00e8ce, la salle de bain ou la cuisine avec l\u2019excellent distributeur de savon MindSet de Brabantia. Un accessoire de\" \/>\n<meta name=\"robots\" content=\"noindex, follow, max-snippet:-1, max-image-preview:large, max-video-preview:-1\" \/>\n<meta property=\"og:locale\" content=\"fr_FR\" \/>\n<meta property=\"og:type\" content=\"article\" \/>\n<meta property=\"og:title\" content=\"BRABANTIA MindSet Distributeur de savon gris - dev6 Erresse\" \/>\n<meta property=\"og:description\" content=\"Apportez du style dans la plus petite pi\u00e8ce, la salle de bain ou la cuisine avec l\u2019excellent distributeur de savon MindSet de Brabantia. Un accessoire de\" \/>\n<meta property=\"og:url\" content=\"https:\/\/dev6.erresse-shop.it\/fr\/shop\/cuisine\/brabantia-mindset-distributeur-de-savon-gris\/\" \/>\n<meta property=\"og:site_name\" content=\"dev6 Erresse\" \/>\n<meta property=\"og:image\" content=\"https:\/\/interpim.erresse-shop.it\/Import\/Prodotti\/brabantia-mindset-dosatore-di-sapone.jpg\" \/><meta property=\"og:image\" content=\"https:\/\/interpim.erresse-shop.it\/Import\/Prodotti\/brabantia-mindset-dosatore-di-sapone.jpg\" \/>\n\t<meta property=\"og:image:width\" content=\"1024\" \/>\n\t<meta property=\"og:image:height\" content=\"1024\" \/>\n\t<meta property=\"og:image:type\" content=\"image\/jpeg\" \/>\n<meta name=\"twitter:card\" content=\"summary_large_image\" \/>\n<meta name=\"twitter:image\" content=\"https:\/\/interpim.erresse-shop.it\/Import\/Prodotti\/brabantia-mindset-dosatore-di-sapone.jpg\" \/>\n<script type=\"application\/ld+json\" class=\"yoast-schema-graph\">{\"@context\":\"https:\/\/schema.org\",\"@graph\":[{\"@type\":\"WebPage\",\"@id\":\"https:\/\/dev6.erresse-shop.it\/fr\/shop\/cuisine\/brabantia-mindset-distributeur-de-savon-gris\/\",\"url\":\"https:\/\/dev6.erresse-shop.it\/fr\/shop\/cuisine\/brabantia-mindset-distributeur-de-savon-gris\/\",\"name\":\"BRABANTIA MindSet Distributeur de savon gris - dev6 Erresse\",\"isPartOf\":{\"@id\":\"https:\/\/dev6.erresse-shop.it\/#website\"},\"primaryImageOfPage\":{\"@id\":\"https:\/\/dev6.erresse-shop.it\/fr\/shop\/cuisine\/brabantia-mindset-distributeur-de-savon-gris\/#primaryimage\"},\"image\":{\"@id\":\"https:\/\/dev6.erresse-shop.it\/fr\/shop\/cuisine\/brabantia-mindset-distributeur-de-savon-gris\/#primaryimage\"},\"thumbnailUrl\":\"https:\/\/i0.wp.com\/interpim.erresse-shop.it\/Import\/Prodotti\/brabantia-mindset-dosatore-di-sapone.jpg?ssl=1\",\"datePublished\":\"2026-04-12T12:12:32+00:00\",\"description\":\"Apportez du style dans la plus petite pi\u00e8ce, la salle de bain ou la cuisine avec l\u2019excellent distributeur de savon MindSet de Brabantia. Un accessoire de\",\"breadcrumb\":{\"@id\":\"https:\/\/dev6.erresse-shop.it\/fr\/shop\/cuisine\/brabantia-mindset-distributeur-de-savon-gris\/#breadcrumb\"},\"inLanguage\":\"fr-FR\",\"potentialAction\":[{\"@type\":\"ReadAction\",\"target\":[\"https:\/\/dev6.erresse-shop.it\/fr\/shop\/cuisine\/brabantia-mindset-distributeur-de-savon-gris\/\"]}]},{\"@type\":\"ImageObject\",\"inLanguage\":\"fr-FR\",\"@id\":\"https:\/\/dev6.erresse-shop.it\/fr\/shop\/cuisine\/brabantia-mindset-distributeur-de-savon-gris\/#primaryimage\",\"url\":\"https:\/\/i0.wp.com\/interpim.erresse-shop.it\/Import\/Prodotti\/brabantia-mindset-dosatore-di-sapone.jpg?ssl=1\",\"contentUrl\":\"https:\/\/i0.wp.com\/interpim.erresse-shop.it\/Import\/Prodotti\/brabantia-mindset-dosatore-di-sapone.jpg?ssl=1\"},{\"@type\":\"BreadcrumbList\",\"@id\":\"https:\/\/dev6.erresse-shop.it\/fr\/shop\/cuisine\/brabantia-mindset-distributeur-de-savon-gris\/#breadcrumb\",\"itemListElement\":[{\"@type\":\"ListItem\",\"position\":1,\"name\":\"Home\",\"item\":\"https:\/\/dev6.erresse-shop.it\/\"},{\"@type\":\"ListItem\",\"position\":2,\"name\":\"Boutique\",\"item\":\"https:\/\/dev6.erresse-shop.it\/shop\/\"},{\"@type\":\"ListItem\",\"position\":3,\"name\":\"BRABANTIA MindSet Distributeur de savon gris\"}]},{\"@type\":\"WebSite\",\"@id\":\"https:\/\/dev6.erresse-shop.it\/#website\",\"url\":\"https:\/\/dev6.erresse-shop.it\/\",\"name\":\"Erresse Shop\",\"description\":\"\",\"publisher\":{\"@id\":\"https:\/\/dev6.erresse-shop.it\/#organization\"},\"potentialAction\":[{\"@type\":\"SearchAction\",\"target\":{\"@type\":\"EntryPoint\",\"urlTemplate\":\"https:\/\/dev6.erresse-shop.it\/?s={search_term_string}\"},\"query-input\":{\"@type\":\"PropertyValueSpecification\",\"valueRequired\":true,\"valueName\":\"search_term_string\"}}],\"inLanguage\":\"fr-FR\"},{\"@type\":\"Organization\",\"@id\":\"https:\/\/dev6.erresse-shop.it\/#organization\",\"name\":\"Erresse Shop\",\"url\":\"https:\/\/dev6.erresse-shop.it\/\",\"logo\":{\"@type\":\"ImageObject\",\"inLanguage\":\"fr-FR\",\"@id\":\"https:\/\/dev6.erresse-shop.it\/#\/schema\/logo\/image\/\",\"url\":\"https:\/\/dev6.erresse-shop.it\/wp-content\/uploads\/2025\/01\/LOGO-ERRESSE-CLASSICO.svg\",\"contentUrl\":\"https:\/\/dev6.erresse-shop.it\/wp-content\/uploads\/2025\/01\/LOGO-ERRESSE-CLASSICO.svg\",\"caption\":\"Erresse Shop\"},\"image\":{\"@id\":\"https:\/\/dev6.erresse-shop.it\/#\/schema\/logo\/image\/\"}}]}<\/script>\n<!-- \/ Yoast SEO plugin. -->","yoast_head_json":{"title":"BRABANTIA MindSet Distributeur de savon gris - dev6 Erresse","description":"Apportez du style dans la plus petite pi\u00e8ce, la salle de bain ou la cuisine avec l\u2019excellent distributeur de savon MindSet de Brabantia. Un accessoire de","robots":{"index":"noindex","follow":"follow","max-snippet":"max-snippet:-1","max-image-preview":"max-image-preview:large","max-video-preview":"max-video-preview:-1"},"og_locale":"fr_FR","og_type":"article","og_title":"BRABANTIA MindSet Distributeur de savon gris - dev6 Erresse","og_description":"Apportez du style dans la plus petite pi\u00e8ce, la salle de bain ou la cuisine avec l\u2019excellent distributeur de savon MindSet de Brabantia. Un accessoire de","og_url":"https:\/\/dev6.erresse-shop.it\/fr\/shop\/cuisine\/brabantia-mindset-distributeur-de-savon-gris\/","og_site_name":"dev6 Erresse","og_image":[{"url":"https:\/\/interpim.erresse-shop.it\/Import\/Prodotti\/brabantia-mindset-dosatore-di-sapone.jpg","type":"","width":"","height":""},{"url":"https:\/\/interpim.erresse-shop.it\/Import\/Prodotti\/brabantia-mindset-dosatore-di-sapone.jpg","width":1024,"height":1024,"type":"image\/jpeg"}],"twitter_card":"summary_large_image","twitter_image":"https:\/\/interpim.erresse-shop.it\/Import\/Prodotti\/brabantia-mindset-dosatore-di-sapone.jpg","schema":{"@context":"https:\/\/schema.org","@graph":[{"@type":"WebPage","@id":"https:\/\/dev6.erresse-shop.it\/fr\/shop\/cuisine\/brabantia-mindset-distributeur-de-savon-gris\/","url":"https:\/\/dev6.erresse-shop.it\/fr\/shop\/cuisine\/brabantia-mindset-distributeur-de-savon-gris\/","name":"BRABANTIA MindSet Distributeur de savon gris - dev6 Erresse","isPartOf":{"@id":"https:\/\/dev6.erresse-shop.it\/#website"},"primaryImageOfPage":{"@id":"https:\/\/dev6.erresse-shop.it\/fr\/shop\/cuisine\/brabantia-mindset-distributeur-de-savon-gris\/#primaryimage"},"image":{"@id":"https:\/\/dev6.erresse-shop.it\/fr\/shop\/cuisine\/brabantia-mindset-distributeur-de-savon-gris\/#primaryimage"},"thumbnailUrl":"https:\/\/i0.wp.com\/interpim.erresse-shop.it\/Import\/Prodotti\/brabantia-mindset-dosatore-di-sapone.jpg?ssl=1","datePublished":"2026-04-12T12:12:32+00:00","description":"Apportez du style dans la plus petite pi\u00e8ce, la salle de bain ou la cuisine avec l\u2019excellent distributeur de savon MindSet de Brabantia. Un accessoire de","breadcrumb":{"@id":"https:\/\/dev6.erresse-shop.it\/fr\/shop\/cuisine\/brabantia-mindset-distributeur-de-savon-gris\/#breadcrumb"},"inLanguage":"fr-FR","potentialAction":[{"@type":"ReadAction","target":["https:\/\/dev6.erresse-shop.it\/fr\/shop\/cuisine\/brabantia-mindset-distributeur-de-savon-gris\/"]}]},{"@type":"ImageObject","inLanguage":"fr-FR","@id":"https:\/\/dev6.erresse-shop.it\/fr\/shop\/cuisine\/brabantia-mindset-distributeur-de-savon-gris\/#primaryimage","url":"https:\/\/i0.wp.com\/interpim.erresse-shop.it\/Import\/Prodotti\/brabantia-mindset-dosatore-di-sapone.jpg?ssl=1","contentUrl":"https:\/\/i0.wp.com\/interpim.erresse-shop.it\/Import\/Prodotti\/brabantia-mindset-dosatore-di-sapone.jpg?ssl=1"},{"@type":"BreadcrumbList","@id":"https:\/\/dev6.erresse-shop.it\/fr\/shop\/cuisine\/brabantia-mindset-distributeur-de-savon-gris\/#breadcrumb","itemListElement":[{"@type":"ListItem","position":1,"name":"Home","item":"https:\/\/dev6.erresse-shop.it\/"},{"@type":"ListItem","position":2,"name":"Boutique","item":"https:\/\/dev6.erresse-shop.it\/shop\/"},{"@type":"ListItem","position":3,"name":"BRABANTIA MindSet Distributeur de savon gris"}]},{"@type":"WebSite","@id":"https:\/\/dev6.erresse-shop.it\/#website","url":"https:\/\/dev6.erresse-shop.it\/","name":"Erresse Shop","description":"","publisher":{"@id":"https:\/\/dev6.erresse-shop.it\/#organization"},"potentialAction":[{"@type":"SearchAction","target":{"@type":"EntryPoint","urlTemplate":"https:\/\/dev6.erresse-shop.it\/?s={search_term_string}"},"query-input":{"@type":"PropertyValueSpecification","valueRequired":true,"valueName":"search_term_string"}}],"inLanguage":"fr-FR"},{"@type":"Organization","@id":"https:\/\/dev6.erresse-shop.it\/#organization","name":"Erresse Shop","url":"https:\/\/dev6.erresse-shop.it\/","logo":{"@type":"ImageObject","inLanguage":"fr-FR","@id":"https:\/\/dev6.erresse-shop.it\/#\/schema\/logo\/image\/","url":"https:\/\/dev6.erresse-shop.it\/wp-content\/uploads\/2025\/01\/LOGO-ERRESSE-CLASSICO.svg","contentUrl":"https:\/\/dev6.erresse-shop.it\/wp-content\/uploads\/2025\/01\/LOGO-ERRESSE-CLASSICO.svg","caption":"Erresse Shop"},"image":{"@id":"https:\/\/dev6.erresse-shop.it\/#\/schema\/logo\/image\/"}}]}},"df_price":"","df_sale_price":"","df_regular_price":"","df_image_link":"https:\/\/i0.wp.com\/interpim.erresse-shop.it\/Import\/Prodotti\/brabantia-mindset-dosatore-di-sapone.jpg?resize=300,300&ssl=1","fifu_image_url":"https:\/\/interpim.erresse-shop.it\/Import\/Prodotti\/brabantia-mindset-dosatore-di-sapone.jpg","_links":{"self":[{"href":"https:\/\/dev6.erresse-shop.it\/fr\/wp-json\/wp\/v2\/product\/2306829","targetHints":{"allow":["GET"]}}],"collection":[{"href":"https:\/\/dev6.erresse-shop.it\/fr\/wp-json\/wp\/v2\/product"}],"about":[{"href":"https:\/\/dev6.erresse-shop.it\/fr\/wp-json\/wp\/v2\/types\/product"}],"wp:featuredmedia":[{"embeddable":true,"href":"https:\/\/dev6.erresse-shop.it\/fr\/wp-json\/wp\/v2\/media\/6379829"}],"wp:attachment":[{"href":"https:\/\/dev6.erresse-shop.it\/fr\/wp-json\/wp\/v2\/media?parent=2306829"}],"wp:term":[{"taxonomy":"product_cat","embeddable":true,"href":"https:\/\/dev6.erresse-shop.it\/fr\/wp-json\/wp\/v2\/product_cat?post=2306829"},{"taxonomy":"product_tag","embeddable":true,"href":"https:\/\/dev6.erresse-shop.it\/fr\/wp-json\/wp\/v2\/product_tag?post=2306829"}],"curies":[{"name":"wp","href":"https:\/\/api.w.org\/{rel}","templated":true}]}}