{"id":2306823,"date":"2026-04-12T14:12:32","date_gmt":"2026-04-12T12:12:32","guid":{"rendered":"https:\/\/dev6.erresse-shop.it\/shop\/non%20class\u00e9\/sambonet-36-pieces-de-service-monobloc-dream-acier-mirror\/"},"modified":"2025-07-04T20:19:32","modified_gmt":"2025-07-04T18:19:32","slug":"sambonet-36-pieces-de-service-monobloc-dream-acier-mirror","status":"publish","type":"product","link":"https:\/\/dev6.erresse-shop.it\/fr\/shop\/table-fr-2\/couverts\/sambonet-36-pieces-de-service-monobloc-dream-acier-mirror\/","title":{"rendered":"Sambonet 36 pi\u00e8ces de service Monobloc Dream Acier Mirror"},"content":{"rendered":"<p>Description de la collection<\/p>\n<p>Une forme originale et harmonieuse de goutte d\u2019eau, d\u2019inspiration moderne et fonctionnelle, distingue le design \u2018dream\u2019 de la collection Dream. Un v\u00e9ritable must de Sambonet.<\/p>\n<p>Dot\u00e9s d\u2019un manche \u00e9l\u00e9gant et robuste, les couverts sont fabriqu\u00e9s en acier inoxydable 18\/10. Ils passent au lave-vaisselle.<br \/>\nStyle contemporain id\u00e9al pour embellir la table, aussi bien au quotidien que pour les grandes occasions.<br \/>\nService complet pour 6 personnes. Comprend : 6 fourchettes de table, 6 cuill\u00e8res de table, 6 couteaux de table, 6 fourchettes \u00e0 fruits, 6 couteaux \u00e0 fruits et 6 cuill\u00e8res \u00e0 th\u00e9.<br \/>\nPr\u00e9sent\u00e9 dans un emballage \u00e9l\u00e9gant, il est \u00e9galement parfait comme id\u00e9e de cadeau.<br \/>\nLe poli miroir met en valeur la haute qualit\u00e9 de l\u2019acier inoxydable, en soulignant la forme et le design. Les surfaces sont polies \u00e0 l\u2019aide d\u2019additifs et de brosses m\u00e9caniques de diff\u00e9rents grains et mat\u00e9riaux, qui polissent l\u2019acier inoxydable jusqu\u2019\u00e0 ce qu\u2019il soit tr\u00e8s brillant. L\u2019objet est enrichi de reflets qui le rendent encore plus pr\u00e9cieux.<\/p>\n<p>Le couteau monobloc est fabriqu\u00e9 en une seule pi\u00e8ce d\u2019acier. Contrairement au couteau \u00e0 manche creux, qui se compose de deux parties, il n\u2019y a pas d\u2019espace entre le manche et la lame, et la prise en main de ce type de couteau procure une agr\u00e9able sensation de lourdeur et de solidit\u00e9.<\/p>\n<p>Caract\u00e9ris\u00e9e par une forme originale et harmonieuse de goutte d\u2019eau, entre modernit\u00e9 et design, la collection est incontournable chez Sambonet. Ces couverts embellissent la table, au quotidien comme pour les grandes occasions.<\/p>\n<p>Sp\u00e9cifications techniques<br \/>\nMarque : Sambonet<br \/>\nCollection : Dream<br \/>\nMati\u00e8re : Acier inoxydable<br \/>\nAspect : Acier miroir<br \/>\nNum\u00e9ro d\u2019article : 52515-83<br \/>\nAnn\u00e9e d\u2019introduction : 2008<br \/>\nNombre de pi\u00e8ces dans le set : 36<br \/>\nNombre de personnes : 6<br \/>\nComposition du service : 6 cuill\u00e8res de table, 6 fourchettes de table, 6 couteaux de table, 6 fourchettes \u00e0 fruits, 6 couteaux \u00e0 fruits, 6 cuill\u00e8res \u00e0 th\u00e9<br \/>\nSp\u00e9cial pour : Toute l\u2019ann\u00e9e<br \/>\nType de manche : Monobloc<\/p>\n<p>Dimensions de l\u2019article : 2,50 kg<br \/>\nPoids de l\u2019article : 2,50 kg<br \/>\nLongueur de l\u2019emballage : 46,00 cm<br \/>\nLargeur de l\u2019emballage : 32.00 cm<br \/>\nHauteur de l\u2019emballage : 5.00 cm<br \/>\nPoids avec l\u2019emballage : 2,50 kg<br \/>\nVolume de l\u2019emballage : 7.4000 dm\u00b3<\/p>\n<p>Informations sur l\u2019entretien et la maintenance<br \/>\nAVANT ET APR\u00c8S CHAQUE UTILISATION : Laver avec des d\u00e9tergents appropri\u00e9s en \u00e9vitant le chlore et les produits de blanchiment, rincer et s\u00e9cher soigneusement. Les ranger ensuite dans un endroit sec. Ne pas utiliser d\u2019\u00e9ponges ou de chiffons abrasifs. Enlever imm\u00e9diatement les r\u00e9sidus de sel (NaCl), de citron, de vinaigre, de sauces \u00e0 base de tomates, etc. Si vous utilisez un lave-vaisselle, veillez \u00e0 ce que le traitement comprenne un s\u00e9chage et un polissage parfaits et, si ce n\u2019est pas le cas, faites-le manuellement. Les lames de couteaux sont fabriqu\u00e9es en acier inoxydable 420 martensitique tremp\u00e9, ce qui assure la durabilit\u00e9 de l\u2019aiguisage mais rend le mat\u00e9riau plus sensible aux attaques corrosives. Il est imp\u00e9ratif que les couteaux soient correctement nettoy\u00e9s, lav\u00e9s et s\u00e9ch\u00e9s imm\u00e9diatement apr\u00e8s utilisation.<\/p>\n","protected":false},"excerpt":{"rendered":"<p>Description de la collection Une forme originale et harmonieuse de goutte d\u2019eau, d\u2019inspiration moderne et fonctionnelle, distingue le design \u2018dream\u2019 de la collection Dream. Un v\u00e9ritable must de Sambonet. Dot\u00e9s d\u2019un manche \u00e9l\u00e9gant et robuste, les couverts sont fabriqu\u00e9s en acier inoxydable 18\/10. Ils passent au lave-vaisselle. Style contemporain id\u00e9al pour embellir la table, aussi [&hellip;]<\/p>\n","protected":false},"featured_media":6379780,"template":"","meta":{"_acf_changed":false},"product_cat":[11996,11995],"product_tag":[],"class_list":{"0":"post-2306823","1":"product","2":"type-product","3":"status-publish","4":"has-post-thumbnail","6":"product_cat-couverts","7":"product_cat-table-fr-2","9":"first","10":"instock","11":"taxable","12":"shipping-taxable","13":"product-type-simple","swatches":"rey-swatches","show_selected":"","stretch_labels":"rey-swatches--stretch-labels"},"acf":[],"yoast_head":"<!-- This site is optimized with the Yoast SEO plugin v25.4 - https:\/\/yoast.com\/wordpress\/plugins\/seo\/ -->\n<title>Sambonet 36 pi\u00e8ces de service Monobloc Dream Acier Mirror - dev6 Erresse<\/title>\n<meta name=\"description\" content=\"Description de la collection Une forme originale et harmonieuse de goutte d\u2019eau, d\u2019inspiration moderne et fonctionnelle, distingue le design \u2018dream\u2019 de la\" \/>\n<meta name=\"robots\" content=\"noindex, follow, max-snippet:-1, max-image-preview:large, max-video-preview:-1\" \/>\n<meta property=\"og:locale\" content=\"fr_FR\" \/>\n<meta property=\"og:type\" content=\"article\" \/>\n<meta property=\"og:title\" content=\"Sambonet 36 pi\u00e8ces de service Monobloc Dream Acier Mirror - dev6 Erresse\" \/>\n<meta property=\"og:description\" content=\"Description de la collection Une forme originale et harmonieuse de goutte d\u2019eau, d\u2019inspiration moderne et fonctionnelle, distingue le design \u2018dream\u2019 de la\" \/>\n<meta property=\"og:url\" content=\"https:\/\/dev6.erresse-shop.it\/fr\/shop\/table-fr-2\/couverts\/sambonet-36-pieces-de-service-monobloc-dream-acier-mirror\/\" \/>\n<meta property=\"og:site_name\" content=\"dev6 Erresse\" \/>\n<meta property=\"og:image\" content=\"https:\/\/interpim.erresse-shop.it\/img-catalogo\/sambonet\/sambonet-posate-dream-36.jpg\" \/><meta property=\"og:image\" content=\"https:\/\/interpim.erresse-shop.it\/img-catalogo\/sambonet\/sambonet-posate-dream-36.jpg\" \/>\n\t<meta property=\"og:image:width\" content=\"1024\" \/>\n\t<meta property=\"og:image:height\" content=\"1024\" \/>\n\t<meta property=\"og:image:type\" content=\"image\/jpeg\" \/>\n<meta name=\"twitter:card\" content=\"summary_large_image\" \/>\n<meta name=\"twitter:image\" content=\"https:\/\/interpim.erresse-shop.it\/img-catalogo\/sambonet\/sambonet-posate-dream-36.jpg\" \/>\n<script type=\"application\/ld+json\" class=\"yoast-schema-graph\">{\"@context\":\"https:\/\/schema.org\",\"@graph\":[{\"@type\":\"WebPage\",\"@id\":\"https:\/\/dev6.erresse-shop.it\/fr\/shop\/table-fr-2\/couverts\/sambonet-36-pieces-de-service-monobloc-dream-acier-mirror\/\",\"url\":\"https:\/\/dev6.erresse-shop.it\/fr\/shop\/table-fr-2\/couverts\/sambonet-36-pieces-de-service-monobloc-dream-acier-mirror\/\",\"name\":\"Sambonet 36 pi\u00e8ces de service Monobloc Dream Acier Mirror - dev6 Erresse\",\"isPartOf\":{\"@id\":\"https:\/\/dev6.erresse-shop.it\/#website\"},\"primaryImageOfPage\":{\"@id\":\"https:\/\/dev6.erresse-shop.it\/fr\/shop\/table-fr-2\/couverts\/sambonet-36-pieces-de-service-monobloc-dream-acier-mirror\/#primaryimage\"},\"image\":{\"@id\":\"https:\/\/dev6.erresse-shop.it\/fr\/shop\/table-fr-2\/couverts\/sambonet-36-pieces-de-service-monobloc-dream-acier-mirror\/#primaryimage\"},\"thumbnailUrl\":\"https:\/\/i3.wp.com\/interpim.erresse-shop.it\/img-catalogo\/sambonet\/sambonet-posate-dream-36.jpg?ssl=1\",\"datePublished\":\"2026-04-12T12:12:32+00:00\",\"description\":\"Description de la collection Une forme originale et harmonieuse de goutte d\u2019eau, d\u2019inspiration moderne et fonctionnelle, distingue le design \u2018dream\u2019 de la\",\"breadcrumb\":{\"@id\":\"https:\/\/dev6.erresse-shop.it\/fr\/shop\/table-fr-2\/couverts\/sambonet-36-pieces-de-service-monobloc-dream-acier-mirror\/#breadcrumb\"},\"inLanguage\":\"fr-FR\",\"potentialAction\":[{\"@type\":\"ReadAction\",\"target\":[\"https:\/\/dev6.erresse-shop.it\/fr\/shop\/table-fr-2\/couverts\/sambonet-36-pieces-de-service-monobloc-dream-acier-mirror\/\"]}]},{\"@type\":\"ImageObject\",\"inLanguage\":\"fr-FR\",\"@id\":\"https:\/\/dev6.erresse-shop.it\/fr\/shop\/table-fr-2\/couverts\/sambonet-36-pieces-de-service-monobloc-dream-acier-mirror\/#primaryimage\",\"url\":\"https:\/\/i3.wp.com\/interpim.erresse-shop.it\/img-catalogo\/sambonet\/sambonet-posate-dream-36.jpg?ssl=1\",\"contentUrl\":\"https:\/\/i3.wp.com\/interpim.erresse-shop.it\/img-catalogo\/sambonet\/sambonet-posate-dream-36.jpg?ssl=1\"},{\"@type\":\"BreadcrumbList\",\"@id\":\"https:\/\/dev6.erresse-shop.it\/fr\/shop\/table-fr-2\/couverts\/sambonet-36-pieces-de-service-monobloc-dream-acier-mirror\/#breadcrumb\",\"itemListElement\":[{\"@type\":\"ListItem\",\"position\":1,\"name\":\"Home\",\"item\":\"https:\/\/dev6.erresse-shop.it\/\"},{\"@type\":\"ListItem\",\"position\":2,\"name\":\"Boutique\",\"item\":\"https:\/\/dev6.erresse-shop.it\/shop\/\"},{\"@type\":\"ListItem\",\"position\":3,\"name\":\"Sambonet 36 pi\u00e8ces de service Monobloc Dream Acier Mirror\"}]},{\"@type\":\"WebSite\",\"@id\":\"https:\/\/dev6.erresse-shop.it\/#website\",\"url\":\"https:\/\/dev6.erresse-shop.it\/\",\"name\":\"Erresse Shop\",\"description\":\"\",\"publisher\":{\"@id\":\"https:\/\/dev6.erresse-shop.it\/#organization\"},\"potentialAction\":[{\"@type\":\"SearchAction\",\"target\":{\"@type\":\"EntryPoint\",\"urlTemplate\":\"https:\/\/dev6.erresse-shop.it\/?s={search_term_string}\"},\"query-input\":{\"@type\":\"PropertyValueSpecification\",\"valueRequired\":true,\"valueName\":\"search_term_string\"}}],\"inLanguage\":\"fr-FR\"},{\"@type\":\"Organization\",\"@id\":\"https:\/\/dev6.erresse-shop.it\/#organization\",\"name\":\"Erresse Shop\",\"url\":\"https:\/\/dev6.erresse-shop.it\/\",\"logo\":{\"@type\":\"ImageObject\",\"inLanguage\":\"fr-FR\",\"@id\":\"https:\/\/dev6.erresse-shop.it\/#\/schema\/logo\/image\/\",\"url\":\"https:\/\/dev6.erresse-shop.it\/wp-content\/uploads\/2025\/01\/LOGO-ERRESSE-CLASSICO.svg\",\"contentUrl\":\"https:\/\/dev6.erresse-shop.it\/wp-content\/uploads\/2025\/01\/LOGO-ERRESSE-CLASSICO.svg\",\"caption\":\"Erresse Shop\"},\"image\":{\"@id\":\"https:\/\/dev6.erresse-shop.it\/#\/schema\/logo\/image\/\"}}]}<\/script>\n<!-- \/ Yoast SEO plugin. -->","yoast_head_json":{"title":"Sambonet 36 pi\u00e8ces de service Monobloc Dream Acier Mirror - dev6 Erresse","description":"Description de la collection Une forme originale et harmonieuse de goutte d\u2019eau, d\u2019inspiration moderne et fonctionnelle, distingue le design \u2018dream\u2019 de la","robots":{"index":"noindex","follow":"follow","max-snippet":"max-snippet:-1","max-image-preview":"max-image-preview:large","max-video-preview":"max-video-preview:-1"},"og_locale":"fr_FR","og_type":"article","og_title":"Sambonet 36 pi\u00e8ces de service Monobloc Dream Acier Mirror - dev6 Erresse","og_description":"Description de la collection Une forme originale et harmonieuse de goutte d\u2019eau, d\u2019inspiration moderne et fonctionnelle, distingue le design \u2018dream\u2019 de la","og_url":"https:\/\/dev6.erresse-shop.it\/fr\/shop\/table-fr-2\/couverts\/sambonet-36-pieces-de-service-monobloc-dream-acier-mirror\/","og_site_name":"dev6 Erresse","og_image":[{"url":"https:\/\/interpim.erresse-shop.it\/img-catalogo\/sambonet\/sambonet-posate-dream-36.jpg","type":"","width":"","height":""},{"url":"https:\/\/interpim.erresse-shop.it\/img-catalogo\/sambonet\/sambonet-posate-dream-36.jpg","width":1024,"height":1024,"type":"image\/jpeg"}],"twitter_card":"summary_large_image","twitter_image":"https:\/\/interpim.erresse-shop.it\/img-catalogo\/sambonet\/sambonet-posate-dream-36.jpg","schema":{"@context":"https:\/\/schema.org","@graph":[{"@type":"WebPage","@id":"https:\/\/dev6.erresse-shop.it\/fr\/shop\/table-fr-2\/couverts\/sambonet-36-pieces-de-service-monobloc-dream-acier-mirror\/","url":"https:\/\/dev6.erresse-shop.it\/fr\/shop\/table-fr-2\/couverts\/sambonet-36-pieces-de-service-monobloc-dream-acier-mirror\/","name":"Sambonet 36 pi\u00e8ces de service Monobloc Dream Acier Mirror - dev6 Erresse","isPartOf":{"@id":"https:\/\/dev6.erresse-shop.it\/#website"},"primaryImageOfPage":{"@id":"https:\/\/dev6.erresse-shop.it\/fr\/shop\/table-fr-2\/couverts\/sambonet-36-pieces-de-service-monobloc-dream-acier-mirror\/#primaryimage"},"image":{"@id":"https:\/\/dev6.erresse-shop.it\/fr\/shop\/table-fr-2\/couverts\/sambonet-36-pieces-de-service-monobloc-dream-acier-mirror\/#primaryimage"},"thumbnailUrl":"https:\/\/i3.wp.com\/interpim.erresse-shop.it\/img-catalogo\/sambonet\/sambonet-posate-dream-36.jpg?ssl=1","datePublished":"2026-04-12T12:12:32+00:00","description":"Description de la collection Une forme originale et harmonieuse de goutte d\u2019eau, d\u2019inspiration moderne et fonctionnelle, distingue le design \u2018dream\u2019 de la","breadcrumb":{"@id":"https:\/\/dev6.erresse-shop.it\/fr\/shop\/table-fr-2\/couverts\/sambonet-36-pieces-de-service-monobloc-dream-acier-mirror\/#breadcrumb"},"inLanguage":"fr-FR","potentialAction":[{"@type":"ReadAction","target":["https:\/\/dev6.erresse-shop.it\/fr\/shop\/table-fr-2\/couverts\/sambonet-36-pieces-de-service-monobloc-dream-acier-mirror\/"]}]},{"@type":"ImageObject","inLanguage":"fr-FR","@id":"https:\/\/dev6.erresse-shop.it\/fr\/shop\/table-fr-2\/couverts\/sambonet-36-pieces-de-service-monobloc-dream-acier-mirror\/#primaryimage","url":"https:\/\/i3.wp.com\/interpim.erresse-shop.it\/img-catalogo\/sambonet\/sambonet-posate-dream-36.jpg?ssl=1","contentUrl":"https:\/\/i3.wp.com\/interpim.erresse-shop.it\/img-catalogo\/sambonet\/sambonet-posate-dream-36.jpg?ssl=1"},{"@type":"BreadcrumbList","@id":"https:\/\/dev6.erresse-shop.it\/fr\/shop\/table-fr-2\/couverts\/sambonet-36-pieces-de-service-monobloc-dream-acier-mirror\/#breadcrumb","itemListElement":[{"@type":"ListItem","position":1,"name":"Home","item":"https:\/\/dev6.erresse-shop.it\/"},{"@type":"ListItem","position":2,"name":"Boutique","item":"https:\/\/dev6.erresse-shop.it\/shop\/"},{"@type":"ListItem","position":3,"name":"Sambonet 36 pi\u00e8ces de service Monobloc Dream Acier Mirror"}]},{"@type":"WebSite","@id":"https:\/\/dev6.erresse-shop.it\/#website","url":"https:\/\/dev6.erresse-shop.it\/","name":"Erresse Shop","description":"","publisher":{"@id":"https:\/\/dev6.erresse-shop.it\/#organization"},"potentialAction":[{"@type":"SearchAction","target":{"@type":"EntryPoint","urlTemplate":"https:\/\/dev6.erresse-shop.it\/?s={search_term_string}"},"query-input":{"@type":"PropertyValueSpecification","valueRequired":true,"valueName":"search_term_string"}}],"inLanguage":"fr-FR"},{"@type":"Organization","@id":"https:\/\/dev6.erresse-shop.it\/#organization","name":"Erresse Shop","url":"https:\/\/dev6.erresse-shop.it\/","logo":{"@type":"ImageObject","inLanguage":"fr-FR","@id":"https:\/\/dev6.erresse-shop.it\/#\/schema\/logo\/image\/","url":"https:\/\/dev6.erresse-shop.it\/wp-content\/uploads\/2025\/01\/LOGO-ERRESSE-CLASSICO.svg","contentUrl":"https:\/\/dev6.erresse-shop.it\/wp-content\/uploads\/2025\/01\/LOGO-ERRESSE-CLASSICO.svg","caption":"Erresse Shop"},"image":{"@id":"https:\/\/dev6.erresse-shop.it\/#\/schema\/logo\/image\/"}}]}},"df_price":"","df_sale_price":"","df_regular_price":"","df_image_link":"https:\/\/i3.wp.com\/interpim.erresse-shop.it\/img-catalogo\/sambonet\/sambonet-posate-dream-36.jpg?resize=300,300&ssl=1","fifu_image_url":"https:\/\/interpim.erresse-shop.it\/img-catalogo\/sambonet\/sambonet-posate-dream-36.jpg","_links":{"self":[{"href":"https:\/\/dev6.erresse-shop.it\/fr\/wp-json\/wp\/v2\/product\/2306823","targetHints":{"allow":["GET"]}}],"collection":[{"href":"https:\/\/dev6.erresse-shop.it\/fr\/wp-json\/wp\/v2\/product"}],"about":[{"href":"https:\/\/dev6.erresse-shop.it\/fr\/wp-json\/wp\/v2\/types\/product"}],"wp:featuredmedia":[{"embeddable":true,"href":"https:\/\/dev6.erresse-shop.it\/fr\/wp-json\/wp\/v2\/media\/6379780"}],"wp:attachment":[{"href":"https:\/\/dev6.erresse-shop.it\/fr\/wp-json\/wp\/v2\/media?parent=2306823"}],"wp:term":[{"taxonomy":"product_cat","embeddable":true,"href":"https:\/\/dev6.erresse-shop.it\/fr\/wp-json\/wp\/v2\/product_cat?post=2306823"},{"taxonomy":"product_tag","embeddable":true,"href":"https:\/\/dev6.erresse-shop.it\/fr\/wp-json\/wp\/v2\/product_tag?post=2306823"}],"curies":[{"name":"wp","href":"https:\/\/api.w.org\/{rel}","templated":true}]}}