{"id":2306821,"date":"2026-04-12T14:12:32","date_gmt":"2026-04-12T12:12:32","guid":{"rendered":"https:\/\/dev6.erresse-shop.it\/shop\/non%20class\u00e9\/le-creuset-x-harry-potter-poudlard-express-bouilloire-rouge\/"},"modified":"2025-07-04T20:19:25","modified_gmt":"2025-07-04T18:19:25","slug":"le-creuset-x-harry-potter-poudlard-express-bouilloire-rouge","status":"publish","type":"product","link":"https:\/\/dev6.erresse-shop.it\/fr\/shop\/cuisine\/le-creuset-x-harry-potter-poudlard-express-bouilloire-rouge\/","title":{"rendered":"LE CREUSET x Harry Potter\u2122 Poudlard\u2122 Express Bouilloire Rouge"},"content":{"rendered":"<p>HARRY POTTER\u2122 BOUILLOIRE EXPRESS POUDLARD\u2122<br \/>\nAussi \u00e9tonnante que le train iconique qui l\u2019a inspir\u00e9e, la bouilloire Le Creuset Limited Edition Poudlard\u2122 Express est fabriqu\u00e9e en acier au carbone de haute qualit\u00e9 qui chauffe tr\u00e8s rapidement, avec une finition audacieuse en \u00e9mail vitreux Matt Black et Cherry. L\u2019\u00e9mail vitrifi\u00e9 est r\u00e9sistant aux \u00e9clats et facile \u00e0 nettoyer.<\/p>\n<p>Dot\u00e9e d\u2019un sifflet continu de couleur or, la bouilloire pr\u00e9sente des d\u00e9tails li\u00e9s \u00e0 Poudlard, comme le bouton dor\u00e9 du couvercle, qui porte le num\u00e9ro de la voie ferr\u00e9e la plus c\u00e9l\u00e8bre de la s\u00e9rie : 9 \u00be. Tout comme la piste magique, la bouilloire promet une \u00e9vasion rapide et une tasse de th\u00e9 fumante aux sorciers, sorci\u00e8res et Moldus.<\/p>\n<p>LA MAGIE DE LA CUISINE<br \/>\nL\u2019\u00e9merveillement d\u2019un monde plein de possibilit\u00e9s. La joie et la cr\u00e9ativit\u00e9 de deux marques embl\u00e9matiques. Le Creuset\u00ae et Harry Potter\u2122 sont ravis de vous pr\u00e9senter une nouvelle collection d\u2019ustensiles de cuisine et d\u2019accessoires inspir\u00e9s par le monde de la magie.<\/p>\n<p>Les chefs de tous les \u00e2ges et de tous les go\u00fbts aimeront cuisiner des casseroles inspir\u00e9es des personnages bien-aim\u00e9s de ces histoires et de leurs aventures. Transformez un plat ordinaire en un plat magique. Offrez un cadeau enchant\u00e9. Ou partagez votre fiert\u00e9 de la Maison de Poudlard avec vos amis et votre famille. Quelle que soit la fa\u00e7on dont vous choisissez d\u2019utiliser la collection, de nombreuses aventures culinaires enchant\u00e9es vous attendent. Pr\u00e9parez votre baguette !<\/p>\n","protected":false},"excerpt":{"rendered":"<p>HARRY POTTER\u2122 BOUILLOIRE EXPRESS POUDLARD\u2122 Aussi \u00e9tonnante que le train iconique qui l\u2019a inspir\u00e9e, la bouilloire Le Creuset Limited Edition Poudlard\u2122 Express est fabriqu\u00e9e en acier au carbone de haute qualit\u00e9 qui chauffe tr\u00e8s rapidement, avec une finition audacieuse en \u00e9mail vitreux Matt Black et Cherry. L\u2019\u00e9mail vitrifi\u00e9 est r\u00e9sistant aux \u00e9clats et facile \u00e0 [&hellip;]<\/p>\n","protected":false},"featured_media":6379773,"template":"","meta":{"_acf_changed":false},"product_cat":[11992],"product_tag":[],"class_list":{"0":"post-2306821","1":"product","2":"type-product","3":"status-publish","4":"has-post-thumbnail","6":"product_cat-cuisine","8":"first","9":"instock","10":"taxable","11":"shipping-taxable","12":"product-type-simple","swatches":"rey-swatches","show_selected":"","stretch_labels":"rey-swatches--stretch-labels"},"acf":[],"yoast_head":"<!-- This site is optimized with the Yoast SEO plugin v25.4 - https:\/\/yoast.com\/wordpress\/plugins\/seo\/ -->\n<title>LE CREUSET x Harry Potter\u2122 Poudlard\u2122 Express Bouilloire Rouge - dev6 Erresse<\/title>\n<meta name=\"description\" content=\"HARRY POTTER\u2122 BOUILLOIRE EXPRESS POUDLARD\u2122 Aussi \u00e9tonnante que le train iconique qui l\u2019a inspir\u00e9e, la bouilloire Le Creuset Limited Edition Poudlard\u2122\" \/>\n<meta name=\"robots\" content=\"noindex, follow, max-snippet:-1, max-image-preview:large, max-video-preview:-1\" \/>\n<meta property=\"og:locale\" content=\"fr_FR\" \/>\n<meta property=\"og:type\" content=\"article\" \/>\n<meta property=\"og:title\" content=\"LE CREUSET x Harry Potter\u2122 Poudlard\u2122 Express Bouilloire Rouge - dev6 Erresse\" \/>\n<meta property=\"og:description\" content=\"HARRY POTTER\u2122 BOUILLOIRE EXPRESS POUDLARD\u2122 Aussi \u00e9tonnante que le train iconique qui l\u2019a inspir\u00e9e, la bouilloire Le Creuset Limited Edition Poudlard\u2122\" \/>\n<meta property=\"og:url\" content=\"https:\/\/dev6.erresse-shop.it\/fr\/shop\/cuisine\/le-creuset-x-harry-potter-poudlard-express-bouilloire-rouge\/\" \/>\n<meta property=\"og:site_name\" content=\"dev6 Erresse\" \/>\n<meta property=\"og:image\" content=\"https:\/\/interpim.erresse-shop.it\/Import\/Prodotti\/le-creuset-mix-1.jpg\" \/><meta property=\"og:image\" content=\"https:\/\/interpim.erresse-shop.it\/Import\/Prodotti\/le-creuset-mix-1.jpg\" \/>\n\t<meta property=\"og:image:width\" content=\"1024\" \/>\n\t<meta property=\"og:image:height\" content=\"1024\" \/>\n\t<meta property=\"og:image:type\" content=\"image\/jpeg\" \/>\n<meta name=\"twitter:card\" content=\"summary_large_image\" \/>\n<meta name=\"twitter:image\" content=\"https:\/\/interpim.erresse-shop.it\/Import\/Prodotti\/le-creuset-mix-1.jpg\" \/>\n<script type=\"application\/ld+json\" class=\"yoast-schema-graph\">{\"@context\":\"https:\/\/schema.org\",\"@graph\":[{\"@type\":\"WebPage\",\"@id\":\"https:\/\/dev6.erresse-shop.it\/fr\/shop\/cuisine\/le-creuset-x-harry-potter-poudlard-express-bouilloire-rouge\/\",\"url\":\"https:\/\/dev6.erresse-shop.it\/fr\/shop\/cuisine\/le-creuset-x-harry-potter-poudlard-express-bouilloire-rouge\/\",\"name\":\"LE CREUSET x Harry Potter\u2122 Poudlard\u2122 Express Bouilloire Rouge - dev6 Erresse\",\"isPartOf\":{\"@id\":\"https:\/\/dev6.erresse-shop.it\/#website\"},\"primaryImageOfPage\":{\"@id\":\"https:\/\/dev6.erresse-shop.it\/fr\/shop\/cuisine\/le-creuset-x-harry-potter-poudlard-express-bouilloire-rouge\/#primaryimage\"},\"image\":{\"@id\":\"https:\/\/dev6.erresse-shop.it\/fr\/shop\/cuisine\/le-creuset-x-harry-potter-poudlard-express-bouilloire-rouge\/#primaryimage\"},\"thumbnailUrl\":\"https:\/\/i2.wp.com\/interpim.erresse-shop.it\/Import\/Prodotti\/le-creuset-mix-1.jpg?ssl=1\",\"datePublished\":\"2026-04-12T12:12:32+00:00\",\"description\":\"HARRY POTTER\u2122 BOUILLOIRE EXPRESS POUDLARD\u2122 Aussi \u00e9tonnante que le train iconique qui l\u2019a inspir\u00e9e, la bouilloire Le Creuset Limited Edition Poudlard\u2122\",\"breadcrumb\":{\"@id\":\"https:\/\/dev6.erresse-shop.it\/fr\/shop\/cuisine\/le-creuset-x-harry-potter-poudlard-express-bouilloire-rouge\/#breadcrumb\"},\"inLanguage\":\"fr-FR\",\"potentialAction\":[{\"@type\":\"ReadAction\",\"target\":[\"https:\/\/dev6.erresse-shop.it\/fr\/shop\/cuisine\/le-creuset-x-harry-potter-poudlard-express-bouilloire-rouge\/\"]}]},{\"@type\":\"ImageObject\",\"inLanguage\":\"fr-FR\",\"@id\":\"https:\/\/dev6.erresse-shop.it\/fr\/shop\/cuisine\/le-creuset-x-harry-potter-poudlard-express-bouilloire-rouge\/#primaryimage\",\"url\":\"https:\/\/i2.wp.com\/interpim.erresse-shop.it\/Import\/Prodotti\/le-creuset-mix-1.jpg?ssl=1\",\"contentUrl\":\"https:\/\/i2.wp.com\/interpim.erresse-shop.it\/Import\/Prodotti\/le-creuset-mix-1.jpg?ssl=1\"},{\"@type\":\"BreadcrumbList\",\"@id\":\"https:\/\/dev6.erresse-shop.it\/fr\/shop\/cuisine\/le-creuset-x-harry-potter-poudlard-express-bouilloire-rouge\/#breadcrumb\",\"itemListElement\":[{\"@type\":\"ListItem\",\"position\":1,\"name\":\"Home\",\"item\":\"https:\/\/dev6.erresse-shop.it\/\"},{\"@type\":\"ListItem\",\"position\":2,\"name\":\"Boutique\",\"item\":\"https:\/\/dev6.erresse-shop.it\/shop\/\"},{\"@type\":\"ListItem\",\"position\":3,\"name\":\"LE CREUSET x Harry Potter\u2122 Poudlard\u2122 Express Bouilloire Rouge\"}]},{\"@type\":\"WebSite\",\"@id\":\"https:\/\/dev6.erresse-shop.it\/#website\",\"url\":\"https:\/\/dev6.erresse-shop.it\/\",\"name\":\"Erresse Shop\",\"description\":\"\",\"publisher\":{\"@id\":\"https:\/\/dev6.erresse-shop.it\/#organization\"},\"potentialAction\":[{\"@type\":\"SearchAction\",\"target\":{\"@type\":\"EntryPoint\",\"urlTemplate\":\"https:\/\/dev6.erresse-shop.it\/?s={search_term_string}\"},\"query-input\":{\"@type\":\"PropertyValueSpecification\",\"valueRequired\":true,\"valueName\":\"search_term_string\"}}],\"inLanguage\":\"fr-FR\"},{\"@type\":\"Organization\",\"@id\":\"https:\/\/dev6.erresse-shop.it\/#organization\",\"name\":\"Erresse Shop\",\"url\":\"https:\/\/dev6.erresse-shop.it\/\",\"logo\":{\"@type\":\"ImageObject\",\"inLanguage\":\"fr-FR\",\"@id\":\"https:\/\/dev6.erresse-shop.it\/#\/schema\/logo\/image\/\",\"url\":\"https:\/\/dev6.erresse-shop.it\/wp-content\/uploads\/2025\/01\/LOGO-ERRESSE-CLASSICO.svg\",\"contentUrl\":\"https:\/\/dev6.erresse-shop.it\/wp-content\/uploads\/2025\/01\/LOGO-ERRESSE-CLASSICO.svg\",\"caption\":\"Erresse Shop\"},\"image\":{\"@id\":\"https:\/\/dev6.erresse-shop.it\/#\/schema\/logo\/image\/\"}}]}<\/script>\n<!-- \/ Yoast SEO plugin. -->","yoast_head_json":{"title":"LE CREUSET x Harry Potter\u2122 Poudlard\u2122 Express Bouilloire Rouge - dev6 Erresse","description":"HARRY POTTER\u2122 BOUILLOIRE EXPRESS POUDLARD\u2122 Aussi \u00e9tonnante que le train iconique qui l\u2019a inspir\u00e9e, la bouilloire Le Creuset Limited Edition Poudlard\u2122","robots":{"index":"noindex","follow":"follow","max-snippet":"max-snippet:-1","max-image-preview":"max-image-preview:large","max-video-preview":"max-video-preview:-1"},"og_locale":"fr_FR","og_type":"article","og_title":"LE CREUSET x Harry Potter\u2122 Poudlard\u2122 Express Bouilloire Rouge - dev6 Erresse","og_description":"HARRY POTTER\u2122 BOUILLOIRE EXPRESS POUDLARD\u2122 Aussi \u00e9tonnante que le train iconique qui l\u2019a inspir\u00e9e, la bouilloire Le Creuset Limited Edition Poudlard\u2122","og_url":"https:\/\/dev6.erresse-shop.it\/fr\/shop\/cuisine\/le-creuset-x-harry-potter-poudlard-express-bouilloire-rouge\/","og_site_name":"dev6 Erresse","og_image":[{"url":"https:\/\/interpim.erresse-shop.it\/Import\/Prodotti\/le-creuset-mix-1.jpg","type":"","width":"","height":""},{"url":"https:\/\/interpim.erresse-shop.it\/Import\/Prodotti\/le-creuset-mix-1.jpg","width":1024,"height":1024,"type":"image\/jpeg"}],"twitter_card":"summary_large_image","twitter_image":"https:\/\/interpim.erresse-shop.it\/Import\/Prodotti\/le-creuset-mix-1.jpg","schema":{"@context":"https:\/\/schema.org","@graph":[{"@type":"WebPage","@id":"https:\/\/dev6.erresse-shop.it\/fr\/shop\/cuisine\/le-creuset-x-harry-potter-poudlard-express-bouilloire-rouge\/","url":"https:\/\/dev6.erresse-shop.it\/fr\/shop\/cuisine\/le-creuset-x-harry-potter-poudlard-express-bouilloire-rouge\/","name":"LE CREUSET x Harry Potter\u2122 Poudlard\u2122 Express Bouilloire Rouge - dev6 Erresse","isPartOf":{"@id":"https:\/\/dev6.erresse-shop.it\/#website"},"primaryImageOfPage":{"@id":"https:\/\/dev6.erresse-shop.it\/fr\/shop\/cuisine\/le-creuset-x-harry-potter-poudlard-express-bouilloire-rouge\/#primaryimage"},"image":{"@id":"https:\/\/dev6.erresse-shop.it\/fr\/shop\/cuisine\/le-creuset-x-harry-potter-poudlard-express-bouilloire-rouge\/#primaryimage"},"thumbnailUrl":"https:\/\/i2.wp.com\/interpim.erresse-shop.it\/Import\/Prodotti\/le-creuset-mix-1.jpg?ssl=1","datePublished":"2026-04-12T12:12:32+00:00","description":"HARRY POTTER\u2122 BOUILLOIRE EXPRESS POUDLARD\u2122 Aussi \u00e9tonnante que le train iconique qui l\u2019a inspir\u00e9e, la bouilloire Le Creuset Limited Edition Poudlard\u2122","breadcrumb":{"@id":"https:\/\/dev6.erresse-shop.it\/fr\/shop\/cuisine\/le-creuset-x-harry-potter-poudlard-express-bouilloire-rouge\/#breadcrumb"},"inLanguage":"fr-FR","potentialAction":[{"@type":"ReadAction","target":["https:\/\/dev6.erresse-shop.it\/fr\/shop\/cuisine\/le-creuset-x-harry-potter-poudlard-express-bouilloire-rouge\/"]}]},{"@type":"ImageObject","inLanguage":"fr-FR","@id":"https:\/\/dev6.erresse-shop.it\/fr\/shop\/cuisine\/le-creuset-x-harry-potter-poudlard-express-bouilloire-rouge\/#primaryimage","url":"https:\/\/i2.wp.com\/interpim.erresse-shop.it\/Import\/Prodotti\/le-creuset-mix-1.jpg?ssl=1","contentUrl":"https:\/\/i2.wp.com\/interpim.erresse-shop.it\/Import\/Prodotti\/le-creuset-mix-1.jpg?ssl=1"},{"@type":"BreadcrumbList","@id":"https:\/\/dev6.erresse-shop.it\/fr\/shop\/cuisine\/le-creuset-x-harry-potter-poudlard-express-bouilloire-rouge\/#breadcrumb","itemListElement":[{"@type":"ListItem","position":1,"name":"Home","item":"https:\/\/dev6.erresse-shop.it\/"},{"@type":"ListItem","position":2,"name":"Boutique","item":"https:\/\/dev6.erresse-shop.it\/shop\/"},{"@type":"ListItem","position":3,"name":"LE CREUSET x Harry Potter\u2122 Poudlard\u2122 Express Bouilloire Rouge"}]},{"@type":"WebSite","@id":"https:\/\/dev6.erresse-shop.it\/#website","url":"https:\/\/dev6.erresse-shop.it\/","name":"Erresse Shop","description":"","publisher":{"@id":"https:\/\/dev6.erresse-shop.it\/#organization"},"potentialAction":[{"@type":"SearchAction","target":{"@type":"EntryPoint","urlTemplate":"https:\/\/dev6.erresse-shop.it\/?s={search_term_string}"},"query-input":{"@type":"PropertyValueSpecification","valueRequired":true,"valueName":"search_term_string"}}],"inLanguage":"fr-FR"},{"@type":"Organization","@id":"https:\/\/dev6.erresse-shop.it\/#organization","name":"Erresse Shop","url":"https:\/\/dev6.erresse-shop.it\/","logo":{"@type":"ImageObject","inLanguage":"fr-FR","@id":"https:\/\/dev6.erresse-shop.it\/#\/schema\/logo\/image\/","url":"https:\/\/dev6.erresse-shop.it\/wp-content\/uploads\/2025\/01\/LOGO-ERRESSE-CLASSICO.svg","contentUrl":"https:\/\/dev6.erresse-shop.it\/wp-content\/uploads\/2025\/01\/LOGO-ERRESSE-CLASSICO.svg","caption":"Erresse Shop"},"image":{"@id":"https:\/\/dev6.erresse-shop.it\/#\/schema\/logo\/image\/"}}]}},"df_price":"","df_sale_price":"","df_regular_price":"","df_image_link":"https:\/\/i2.wp.com\/interpim.erresse-shop.it\/Import\/Prodotti\/le-creuset-mix-1.jpg?resize=300,300&ssl=1","fifu_image_url":"https:\/\/interpim.erresse-shop.it\/Import\/Prodotti\/le-creuset-mix-1.jpg","_links":{"self":[{"href":"https:\/\/dev6.erresse-shop.it\/fr\/wp-json\/wp\/v2\/product\/2306821","targetHints":{"allow":["GET"]}}],"collection":[{"href":"https:\/\/dev6.erresse-shop.it\/fr\/wp-json\/wp\/v2\/product"}],"about":[{"href":"https:\/\/dev6.erresse-shop.it\/fr\/wp-json\/wp\/v2\/types\/product"}],"wp:featuredmedia":[{"embeddable":true,"href":"https:\/\/dev6.erresse-shop.it\/fr\/wp-json\/wp\/v2\/media\/6379773"}],"wp:attachment":[{"href":"https:\/\/dev6.erresse-shop.it\/fr\/wp-json\/wp\/v2\/media?parent=2306821"}],"wp:term":[{"taxonomy":"product_cat","embeddable":true,"href":"https:\/\/dev6.erresse-shop.it\/fr\/wp-json\/wp\/v2\/product_cat?post=2306821"},{"taxonomy":"product_tag","embeddable":true,"href":"https:\/\/dev6.erresse-shop.it\/fr\/wp-json\/wp\/v2\/product_tag?post=2306821"}],"curies":[{"name":"wp","href":"https:\/\/api.w.org\/{rel}","templated":true}]}}