{"id":1610619,"date":"2026-04-12T14:07:14","date_gmt":"2026-04-12T12:07:14","guid":{"rendered":"https:\/\/dev6.erresse-shop.it\/shop\/non%20class\u00e9\/maison-sucree-pepe-serviette-de-toilette-invite-taupe\/"},"modified":"2025-07-04T20:15:26","modified_gmt":"2025-07-04T18:15:26","slug":"maison-sucree-pepe-serviette-de-toilette-invite-taupe","status":"publish","type":"product","link":"https:\/\/dev6.erresse-shop.it\/fr\/shop\/ameublement-maison\/textile-fr\/maison-sucree-pepe-serviette-de-toilette-invite-taupe\/","title":{"rendered":"MAISON SUCREE Pepe Serviette de toilette + invit\u00e9 Taupe"},"content":{"rendered":"<p>Le confort de la maison et de la salle de bain se combine avec des mati\u00e8res premi\u00e8res pour cr\u00e9er des espaces de d\u00e9tente pour l\u2019am\u00e9lioration de soi et le bien-\u00eatre personnel, explorant comment le design et les int\u00e9rieurs r\u00e9pondront \u00e0 l\u2019\u00e9volution de la relation avec la maison, car elle devient un syst\u00e8me fonctionnel de vie.<\/p>\n<p>Ensemble de serviettes de bain de la ligne Maison Sucree<\/p>\n<p class=\"h6 color-primary margin-bottom-05\">Caract\u00e9ristiques du produit\u00a0:<\/p>\n<p>Mati\u00e8re\u00a0: 100\u00a0% coton<br \/>\nMesures\u00a0:<\/p>\n<p>Serviette\u00a0: 60 x 105 cm<br \/>\nInvit\u00e9\u00a0: 40 x 60 cm<\/p>\n<p>Les\u00a0images\u00a0ins\u00e9r\u00e9es sont\u00a0\u00e0\u00a0des fins d\u2019illustration uniquement, le produit final peut diff\u00e9rer<\/p>\n","protected":false},"excerpt":{"rendered":"<p>Le confort de la maison et de la salle de bain se combine avec des mati\u00e8res premi\u00e8res pour cr\u00e9er des espaces de d\u00e9tente pour l\u2019am\u00e9lioration de soi et le bien-\u00eatre personnel, explorant comment le design et les int\u00e9rieurs r\u00e9pondront \u00e0 l\u2019\u00e9volution de la relation avec la maison, car elle devient un syst\u00e8me fonctionnel de vie. [&hellip;]<\/p>\n","protected":false},"featured_media":6379520,"template":"","meta":{"_acf_changed":false},"product_cat":[11990,12054],"product_tag":[],"class_list":{"0":"post-1610619","1":"product","2":"type-product","3":"status-publish","4":"has-post-thumbnail","6":"product_cat-ameublement-maison","7":"product_cat-textile-fr","9":"first","10":"instock","11":"taxable","12":"shipping-taxable","13":"product-type-simple","swatches":"rey-swatches","show_selected":"","stretch_labels":"rey-swatches--stretch-labels"},"acf":[],"yoast_head":"<!-- This site is optimized with the Yoast SEO plugin v25.4 - https:\/\/yoast.com\/wordpress\/plugins\/seo\/ -->\n<title>MAISON SUCREE Pepe Serviette de toilette + invit\u00e9 Taupe - dev6 Erresse<\/title>\n<meta name=\"description\" content=\"Le confort de la maison et de la salle de bain se combine avec des mati\u00e8res premi\u00e8res pour cr\u00e9er des espaces de d\u00e9tente pour l\u2019am\u00e9lioration de soi et le\" \/>\n<meta name=\"robots\" content=\"noindex, follow, max-snippet:-1, max-image-preview:large, max-video-preview:-1\" \/>\n<meta property=\"og:locale\" content=\"fr_FR\" \/>\n<meta property=\"og:type\" content=\"article\" \/>\n<meta property=\"og:title\" content=\"MAISON SUCREE Pepe Serviette de toilette + invit\u00e9 Taupe - dev6 Erresse\" \/>\n<meta property=\"og:description\" content=\"Le confort de la maison et de la salle de bain se combine avec des mati\u00e8res premi\u00e8res pour cr\u00e9er des espaces de d\u00e9tente pour l\u2019am\u00e9lioration de soi et le\" \/>\n<meta property=\"og:url\" content=\"https:\/\/dev6.erresse-shop.it\/fr\/shop\/ameublement-maison\/textile-fr\/maison-sucree-pepe-serviette-de-toilette-invite-taupe\/\" \/>\n<meta property=\"og:site_name\" content=\"dev6 Erresse\" \/>\n<meta property=\"og:image\" content=\"https:\/\/interpim.erresse-shop.it\/Import\/Prodotti\/maison-sucree-pepe-asciugamano-viso-ospite-taupe.jpg\" \/><meta property=\"og:image\" content=\"https:\/\/interpim.erresse-shop.it\/Import\/Prodotti\/maison-sucree-pepe-asciugamano-viso-ospite-taupe.jpg\" \/>\n\t<meta property=\"og:image:width\" content=\"1024\" \/>\n\t<meta property=\"og:image:height\" content=\"1024\" \/>\n\t<meta property=\"og:image:type\" content=\"image\/jpeg\" \/>\n<meta name=\"twitter:card\" content=\"summary_large_image\" \/>\n<meta name=\"twitter:image\" content=\"https:\/\/interpim.erresse-shop.it\/Import\/Prodotti\/maison-sucree-pepe-asciugamano-viso-ospite-taupe.jpg\" \/>\n<script type=\"application\/ld+json\" class=\"yoast-schema-graph\">{\"@context\":\"https:\/\/schema.org\",\"@graph\":[{\"@type\":\"WebPage\",\"@id\":\"https:\/\/dev6.erresse-shop.it\/fr\/shop\/ameublement-maison\/textile-fr\/maison-sucree-pepe-serviette-de-toilette-invite-taupe\/\",\"url\":\"https:\/\/dev6.erresse-shop.it\/fr\/shop\/ameublement-maison\/textile-fr\/maison-sucree-pepe-serviette-de-toilette-invite-taupe\/\",\"name\":\"MAISON SUCREE Pepe Serviette de toilette + invit\u00e9 Taupe - dev6 Erresse\",\"isPartOf\":{\"@id\":\"https:\/\/dev6.erresse-shop.it\/#website\"},\"primaryImageOfPage\":{\"@id\":\"https:\/\/dev6.erresse-shop.it\/fr\/shop\/ameublement-maison\/textile-fr\/maison-sucree-pepe-serviette-de-toilette-invite-taupe\/#primaryimage\"},\"image\":{\"@id\":\"https:\/\/dev6.erresse-shop.it\/fr\/shop\/ameublement-maison\/textile-fr\/maison-sucree-pepe-serviette-de-toilette-invite-taupe\/#primaryimage\"},\"thumbnailUrl\":\"https:\/\/i0.wp.com\/interpim.erresse-shop.it\/Import\/Prodotti\/maison-sucree-pepe-asciugamano-viso-ospite-taupe.jpg?ssl=1\",\"datePublished\":\"2026-04-12T12:07:14+00:00\",\"description\":\"Le confort de la maison et de la salle de bain se combine avec des mati\u00e8res premi\u00e8res pour cr\u00e9er des espaces de d\u00e9tente pour l\u2019am\u00e9lioration de soi et le\",\"breadcrumb\":{\"@id\":\"https:\/\/dev6.erresse-shop.it\/fr\/shop\/ameublement-maison\/textile-fr\/maison-sucree-pepe-serviette-de-toilette-invite-taupe\/#breadcrumb\"},\"inLanguage\":\"fr-FR\",\"potentialAction\":[{\"@type\":\"ReadAction\",\"target\":[\"https:\/\/dev6.erresse-shop.it\/fr\/shop\/ameublement-maison\/textile-fr\/maison-sucree-pepe-serviette-de-toilette-invite-taupe\/\"]}]},{\"@type\":\"ImageObject\",\"inLanguage\":\"fr-FR\",\"@id\":\"https:\/\/dev6.erresse-shop.it\/fr\/shop\/ameublement-maison\/textile-fr\/maison-sucree-pepe-serviette-de-toilette-invite-taupe\/#primaryimage\",\"url\":\"https:\/\/i0.wp.com\/interpim.erresse-shop.it\/Import\/Prodotti\/maison-sucree-pepe-asciugamano-viso-ospite-taupe.jpg?ssl=1\",\"contentUrl\":\"https:\/\/i0.wp.com\/interpim.erresse-shop.it\/Import\/Prodotti\/maison-sucree-pepe-asciugamano-viso-ospite-taupe.jpg?ssl=1\"},{\"@type\":\"BreadcrumbList\",\"@id\":\"https:\/\/dev6.erresse-shop.it\/fr\/shop\/ameublement-maison\/textile-fr\/maison-sucree-pepe-serviette-de-toilette-invite-taupe\/#breadcrumb\",\"itemListElement\":[{\"@type\":\"ListItem\",\"position\":1,\"name\":\"Home\",\"item\":\"https:\/\/dev6.erresse-shop.it\/\"},{\"@type\":\"ListItem\",\"position\":2,\"name\":\"Boutique\",\"item\":\"https:\/\/dev6.erresse-shop.it\/shop\/\"},{\"@type\":\"ListItem\",\"position\":3,\"name\":\"MAISON SUCREE Pepe Serviette de toilette + invit\u00e9 Taupe\"}]},{\"@type\":\"WebSite\",\"@id\":\"https:\/\/dev6.erresse-shop.it\/#website\",\"url\":\"https:\/\/dev6.erresse-shop.it\/\",\"name\":\"Erresse Shop\",\"description\":\"\",\"publisher\":{\"@id\":\"https:\/\/dev6.erresse-shop.it\/#organization\"},\"potentialAction\":[{\"@type\":\"SearchAction\",\"target\":{\"@type\":\"EntryPoint\",\"urlTemplate\":\"https:\/\/dev6.erresse-shop.it\/?s={search_term_string}\"},\"query-input\":{\"@type\":\"PropertyValueSpecification\",\"valueRequired\":true,\"valueName\":\"search_term_string\"}}],\"inLanguage\":\"fr-FR\"},{\"@type\":\"Organization\",\"@id\":\"https:\/\/dev6.erresse-shop.it\/#organization\",\"name\":\"Erresse Shop\",\"url\":\"https:\/\/dev6.erresse-shop.it\/\",\"logo\":{\"@type\":\"ImageObject\",\"inLanguage\":\"fr-FR\",\"@id\":\"https:\/\/dev6.erresse-shop.it\/#\/schema\/logo\/image\/\",\"url\":\"https:\/\/dev6.erresse-shop.it\/wp-content\/uploads\/2025\/01\/LOGO-ERRESSE-CLASSICO.svg\",\"contentUrl\":\"https:\/\/dev6.erresse-shop.it\/wp-content\/uploads\/2025\/01\/LOGO-ERRESSE-CLASSICO.svg\",\"caption\":\"Erresse Shop\"},\"image\":{\"@id\":\"https:\/\/dev6.erresse-shop.it\/#\/schema\/logo\/image\/\"}}]}<\/script>\n<!-- \/ Yoast SEO plugin. -->","yoast_head_json":{"title":"MAISON SUCREE Pepe Serviette de toilette + invit\u00e9 Taupe - dev6 Erresse","description":"Le confort de la maison et de la salle de bain se combine avec des mati\u00e8res premi\u00e8res pour cr\u00e9er des espaces de d\u00e9tente pour l\u2019am\u00e9lioration de soi et le","robots":{"index":"noindex","follow":"follow","max-snippet":"max-snippet:-1","max-image-preview":"max-image-preview:large","max-video-preview":"max-video-preview:-1"},"og_locale":"fr_FR","og_type":"article","og_title":"MAISON SUCREE Pepe Serviette de toilette + invit\u00e9 Taupe - dev6 Erresse","og_description":"Le confort de la maison et de la salle de bain se combine avec des mati\u00e8res premi\u00e8res pour cr\u00e9er des espaces de d\u00e9tente pour l\u2019am\u00e9lioration de soi et le","og_url":"https:\/\/dev6.erresse-shop.it\/fr\/shop\/ameublement-maison\/textile-fr\/maison-sucree-pepe-serviette-de-toilette-invite-taupe\/","og_site_name":"dev6 Erresse","og_image":[{"url":"https:\/\/interpim.erresse-shop.it\/Import\/Prodotti\/maison-sucree-pepe-asciugamano-viso-ospite-taupe.jpg","type":"","width":"","height":""},{"url":"https:\/\/interpim.erresse-shop.it\/Import\/Prodotti\/maison-sucree-pepe-asciugamano-viso-ospite-taupe.jpg","width":1024,"height":1024,"type":"image\/jpeg"}],"twitter_card":"summary_large_image","twitter_image":"https:\/\/interpim.erresse-shop.it\/Import\/Prodotti\/maison-sucree-pepe-asciugamano-viso-ospite-taupe.jpg","schema":{"@context":"https:\/\/schema.org","@graph":[{"@type":"WebPage","@id":"https:\/\/dev6.erresse-shop.it\/fr\/shop\/ameublement-maison\/textile-fr\/maison-sucree-pepe-serviette-de-toilette-invite-taupe\/","url":"https:\/\/dev6.erresse-shop.it\/fr\/shop\/ameublement-maison\/textile-fr\/maison-sucree-pepe-serviette-de-toilette-invite-taupe\/","name":"MAISON SUCREE Pepe Serviette de toilette + invit\u00e9 Taupe - dev6 Erresse","isPartOf":{"@id":"https:\/\/dev6.erresse-shop.it\/#website"},"primaryImageOfPage":{"@id":"https:\/\/dev6.erresse-shop.it\/fr\/shop\/ameublement-maison\/textile-fr\/maison-sucree-pepe-serviette-de-toilette-invite-taupe\/#primaryimage"},"image":{"@id":"https:\/\/dev6.erresse-shop.it\/fr\/shop\/ameublement-maison\/textile-fr\/maison-sucree-pepe-serviette-de-toilette-invite-taupe\/#primaryimage"},"thumbnailUrl":"https:\/\/i0.wp.com\/interpim.erresse-shop.it\/Import\/Prodotti\/maison-sucree-pepe-asciugamano-viso-ospite-taupe.jpg?ssl=1","datePublished":"2026-04-12T12:07:14+00:00","description":"Le confort de la maison et de la salle de bain se combine avec des mati\u00e8res premi\u00e8res pour cr\u00e9er des espaces de d\u00e9tente pour l\u2019am\u00e9lioration de soi et le","breadcrumb":{"@id":"https:\/\/dev6.erresse-shop.it\/fr\/shop\/ameublement-maison\/textile-fr\/maison-sucree-pepe-serviette-de-toilette-invite-taupe\/#breadcrumb"},"inLanguage":"fr-FR","potentialAction":[{"@type":"ReadAction","target":["https:\/\/dev6.erresse-shop.it\/fr\/shop\/ameublement-maison\/textile-fr\/maison-sucree-pepe-serviette-de-toilette-invite-taupe\/"]}]},{"@type":"ImageObject","inLanguage":"fr-FR","@id":"https:\/\/dev6.erresse-shop.it\/fr\/shop\/ameublement-maison\/textile-fr\/maison-sucree-pepe-serviette-de-toilette-invite-taupe\/#primaryimage","url":"https:\/\/i0.wp.com\/interpim.erresse-shop.it\/Import\/Prodotti\/maison-sucree-pepe-asciugamano-viso-ospite-taupe.jpg?ssl=1","contentUrl":"https:\/\/i0.wp.com\/interpim.erresse-shop.it\/Import\/Prodotti\/maison-sucree-pepe-asciugamano-viso-ospite-taupe.jpg?ssl=1"},{"@type":"BreadcrumbList","@id":"https:\/\/dev6.erresse-shop.it\/fr\/shop\/ameublement-maison\/textile-fr\/maison-sucree-pepe-serviette-de-toilette-invite-taupe\/#breadcrumb","itemListElement":[{"@type":"ListItem","position":1,"name":"Home","item":"https:\/\/dev6.erresse-shop.it\/"},{"@type":"ListItem","position":2,"name":"Boutique","item":"https:\/\/dev6.erresse-shop.it\/shop\/"},{"@type":"ListItem","position":3,"name":"MAISON SUCREE Pepe Serviette de toilette + invit\u00e9 Taupe"}]},{"@type":"WebSite","@id":"https:\/\/dev6.erresse-shop.it\/#website","url":"https:\/\/dev6.erresse-shop.it\/","name":"Erresse Shop","description":"","publisher":{"@id":"https:\/\/dev6.erresse-shop.it\/#organization"},"potentialAction":[{"@type":"SearchAction","target":{"@type":"EntryPoint","urlTemplate":"https:\/\/dev6.erresse-shop.it\/?s={search_term_string}"},"query-input":{"@type":"PropertyValueSpecification","valueRequired":true,"valueName":"search_term_string"}}],"inLanguage":"fr-FR"},{"@type":"Organization","@id":"https:\/\/dev6.erresse-shop.it\/#organization","name":"Erresse Shop","url":"https:\/\/dev6.erresse-shop.it\/","logo":{"@type":"ImageObject","inLanguage":"fr-FR","@id":"https:\/\/dev6.erresse-shop.it\/#\/schema\/logo\/image\/","url":"https:\/\/dev6.erresse-shop.it\/wp-content\/uploads\/2025\/01\/LOGO-ERRESSE-CLASSICO.svg","contentUrl":"https:\/\/dev6.erresse-shop.it\/wp-content\/uploads\/2025\/01\/LOGO-ERRESSE-CLASSICO.svg","caption":"Erresse Shop"},"image":{"@id":"https:\/\/dev6.erresse-shop.it\/#\/schema\/logo\/image\/"}}]}},"df_price":"","df_sale_price":"","df_regular_price":"","df_image_link":"https:\/\/i0.wp.com\/interpim.erresse-shop.it\/Import\/Prodotti\/maison-sucree-pepe-asciugamano-viso-ospite-taupe.jpg?resize=300,300&ssl=1","fifu_image_url":"https:\/\/interpim.erresse-shop.it\/Import\/Prodotti\/maison-sucree-pepe-asciugamano-viso-ospite-taupe.jpg","_links":{"self":[{"href":"https:\/\/dev6.erresse-shop.it\/fr\/wp-json\/wp\/v2\/product\/1610619","targetHints":{"allow":["GET"]}}],"collection":[{"href":"https:\/\/dev6.erresse-shop.it\/fr\/wp-json\/wp\/v2\/product"}],"about":[{"href":"https:\/\/dev6.erresse-shop.it\/fr\/wp-json\/wp\/v2\/types\/product"}],"wp:featuredmedia":[{"embeddable":true,"href":"https:\/\/dev6.erresse-shop.it\/fr\/wp-json\/wp\/v2\/media\/6379520"}],"wp:attachment":[{"href":"https:\/\/dev6.erresse-shop.it\/fr\/wp-json\/wp\/v2\/media?parent=1610619"}],"wp:term":[{"taxonomy":"product_cat","embeddable":true,"href":"https:\/\/dev6.erresse-shop.it\/fr\/wp-json\/wp\/v2\/product_cat?post=1610619"},{"taxonomy":"product_tag","embeddable":true,"href":"https:\/\/dev6.erresse-shop.it\/fr\/wp-json\/wp\/v2\/product_tag?post=1610619"}],"curies":[{"name":"wp","href":"https:\/\/api.w.org\/{rel}","templated":true}]}}