{"id":1610565,"date":"2026-04-04T14:02:01","date_gmt":"2026-04-04T12:02:01","guid":{"rendered":"https:\/\/dev6.erresse-shop.it\/shop\/non%20class\u00e9\/maison-sucree-korin-nappe-antitache-blanc-155-x-180\/"},"modified":"2025-07-04T20:12:51","modified_gmt":"2025-07-04T18:12:51","slug":"maison-sucree-korin-nappe-antitache-blanc-155-x-180","status":"publish","type":"product","link":"https:\/\/dev6.erresse-shop.it\/fr\/shop\/ameublement-maison\/textile-fr\/maison-sucree-korin-nappe-antitache-blanc-155-x-180\/","title":{"rendered":"MAISON SUCREE Korin Nappe antitache Blanc 155 x 180"},"content":{"rendered":"<p>Nappe antitache de couleur unie avec un design simple mais efficace. Le tissu r\u00e9sistant aux taches ressemble \u00e0 un tissu normal, mais a le pouvoir de ne pas retenir les liquides, ce qui rend le produit toujours parfait.<\/p>\n<p>Pour pr\u00e9server les propri\u00e9t\u00e9s antitaches du tissu dans le temps, nous recommandons de laver le produit en machine \u00e0 laver \u00e0 30\u00b0 lorsque n\u00e9cessaire et de le repasser \u00e0 l\u2019envers \u00e0 basse temp\u00e9rature. Le repassage du dos \u00e0 basse temp\u00e9rature r\u00e9active les propri\u00e9t\u00e9s antitaches.<\/p>\n<p class=\"h6 color-primary margin-bottom-05\">Caract\u00e9ristiques du produit\u00a0:<\/p>\n<p>Mati\u00e8re\u00a0: 100\u00a0% polyester antitache<br \/>\nDimensions\u00a0: 155 x 180 cm<\/p>\n<p>Les\u00a0images\u00a0ins\u00e9r\u00e9es sont\u00a0\u00e0\u00a0des fins d\u2019illustration uniquement, le produit final peut diff\u00e9rer<\/p>\n","protected":false},"excerpt":{"rendered":"<p>Nappe antitache de couleur unie avec un design simple mais efficace. Le tissu r\u00e9sistant aux taches ressemble \u00e0 un tissu normal, mais a le pouvoir de ne pas retenir les liquides, ce qui rend le produit toujours parfait. Pour pr\u00e9server les propri\u00e9t\u00e9s antitaches du tissu dans le temps, nous recommandons de laver le produit en [&hellip;]<\/p>\n","protected":false},"featured_media":6296014,"template":"","meta":{"_acf_changed":false},"product_cat":[11990,12054],"product_tag":[],"class_list":{"0":"post-1610565","1":"product","2":"type-product","3":"status-publish","4":"has-post-thumbnail","6":"product_cat-ameublement-maison","7":"product_cat-textile-fr","9":"first","10":"instock","11":"taxable","12":"shipping-taxable","13":"product-type-simple","swatches":"rey-swatches","show_selected":"","stretch_labels":"rey-swatches--stretch-labels"},"acf":[],"yoast_head":"<!-- This site is optimized with the Yoast SEO plugin v25.4 - https:\/\/yoast.com\/wordpress\/plugins\/seo\/ -->\n<title>MAISON SUCREE Korin Nappe antitache Blanc 155 x 180 - dev6 Erresse<\/title>\n<meta name=\"description\" content=\"Nappe antitache de couleur unie avec un design simple mais efficace. Le tissu r\u00e9sistant aux taches ressemble \u00e0 un tissu normal, mais a le pouvoir de ne\" \/>\n<meta name=\"robots\" content=\"noindex, follow, max-snippet:-1, max-image-preview:large, max-video-preview:-1\" \/>\n<meta property=\"og:locale\" content=\"fr_FR\" \/>\n<meta property=\"og:type\" content=\"article\" \/>\n<meta property=\"og:title\" content=\"MAISON SUCREE Korin Nappe antitache Blanc 155 x 180 - dev6 Erresse\" \/>\n<meta property=\"og:description\" content=\"Nappe antitache de couleur unie avec un design simple mais efficace. Le tissu r\u00e9sistant aux taches ressemble \u00e0 un tissu normal, mais a le pouvoir de ne\" \/>\n<meta property=\"og:url\" content=\"https:\/\/dev6.erresse-shop.it\/fr\/shop\/ameublement-maison\/textile-fr\/maison-sucree-korin-nappe-antitache-blanc-155-x-180\/\" \/>\n<meta property=\"og:site_name\" content=\"dev6 Erresse\" \/>\n<meta property=\"og:image\" content=\"https:\/\/interpim.erresse-shop.it\/Import\/Prodotti\/maison-sucree-korin-tovaglia-antimacchia-bianco-155-x-180-cm.jpg\" \/><meta property=\"og:image\" content=\"https:\/\/interpim.erresse-shop.it\/Import\/Prodotti\/maison-sucree-korin-tovaglia-antimacchia-bianco-155-x-180-cm.jpg\" \/>\n\t<meta property=\"og:image:width\" content=\"1024\" \/>\n\t<meta property=\"og:image:height\" content=\"1024\" \/>\n\t<meta property=\"og:image:type\" content=\"image\/jpeg\" \/>\n<meta name=\"twitter:card\" content=\"summary_large_image\" \/>\n<meta name=\"twitter:image\" content=\"https:\/\/interpim.erresse-shop.it\/Import\/Prodotti\/maison-sucree-korin-tovaglia-antimacchia-bianco-155-x-180-cm.jpg\" \/>\n<script type=\"application\/ld+json\" class=\"yoast-schema-graph\">{\"@context\":\"https:\/\/schema.org\",\"@graph\":[{\"@type\":\"WebPage\",\"@id\":\"https:\/\/dev6.erresse-shop.it\/fr\/shop\/ameublement-maison\/textile-fr\/maison-sucree-korin-nappe-antitache-blanc-155-x-180\/\",\"url\":\"https:\/\/dev6.erresse-shop.it\/fr\/shop\/ameublement-maison\/textile-fr\/maison-sucree-korin-nappe-antitache-blanc-155-x-180\/\",\"name\":\"MAISON SUCREE Korin Nappe antitache Blanc 155 x 180 - dev6 Erresse\",\"isPartOf\":{\"@id\":\"https:\/\/dev6.erresse-shop.it\/#website\"},\"primaryImageOfPage\":{\"@id\":\"https:\/\/dev6.erresse-shop.it\/fr\/shop\/ameublement-maison\/textile-fr\/maison-sucree-korin-nappe-antitache-blanc-155-x-180\/#primaryimage\"},\"image\":{\"@id\":\"https:\/\/dev6.erresse-shop.it\/fr\/shop\/ameublement-maison\/textile-fr\/maison-sucree-korin-nappe-antitache-blanc-155-x-180\/#primaryimage\"},\"thumbnailUrl\":\"https:\/\/i3.wp.com\/interpim.erresse-shop.it\/Import\/Prodotti\/maison-sucree-korin-tovaglia-antimacchia-bianco-155-x-180-cm.jpg?ssl=1\",\"datePublished\":\"2026-04-04T12:02:01+00:00\",\"description\":\"Nappe antitache de couleur unie avec un design simple mais efficace. Le tissu r\u00e9sistant aux taches ressemble \u00e0 un tissu normal, mais a le pouvoir de ne\",\"breadcrumb\":{\"@id\":\"https:\/\/dev6.erresse-shop.it\/fr\/shop\/ameublement-maison\/textile-fr\/maison-sucree-korin-nappe-antitache-blanc-155-x-180\/#breadcrumb\"},\"inLanguage\":\"fr-FR\",\"potentialAction\":[{\"@type\":\"ReadAction\",\"target\":[\"https:\/\/dev6.erresse-shop.it\/fr\/shop\/ameublement-maison\/textile-fr\/maison-sucree-korin-nappe-antitache-blanc-155-x-180\/\"]}]},{\"@type\":\"ImageObject\",\"inLanguage\":\"fr-FR\",\"@id\":\"https:\/\/dev6.erresse-shop.it\/fr\/shop\/ameublement-maison\/textile-fr\/maison-sucree-korin-nappe-antitache-blanc-155-x-180\/#primaryimage\",\"url\":\"https:\/\/i3.wp.com\/interpim.erresse-shop.it\/Import\/Prodotti\/maison-sucree-korin-tovaglia-antimacchia-bianco-155-x-180-cm.jpg?ssl=1\",\"contentUrl\":\"https:\/\/i3.wp.com\/interpim.erresse-shop.it\/Import\/Prodotti\/maison-sucree-korin-tovaglia-antimacchia-bianco-155-x-180-cm.jpg?ssl=1\"},{\"@type\":\"BreadcrumbList\",\"@id\":\"https:\/\/dev6.erresse-shop.it\/fr\/shop\/ameublement-maison\/textile-fr\/maison-sucree-korin-nappe-antitache-blanc-155-x-180\/#breadcrumb\",\"itemListElement\":[{\"@type\":\"ListItem\",\"position\":1,\"name\":\"Home\",\"item\":\"https:\/\/dev6.erresse-shop.it\/\"},{\"@type\":\"ListItem\",\"position\":2,\"name\":\"Boutique\",\"item\":\"https:\/\/dev6.erresse-shop.it\/shop\/\"},{\"@type\":\"ListItem\",\"position\":3,\"name\":\"MAISON SUCREE Korin Nappe antitache Blanc 155 x 180\"}]},{\"@type\":\"WebSite\",\"@id\":\"https:\/\/dev6.erresse-shop.it\/#website\",\"url\":\"https:\/\/dev6.erresse-shop.it\/\",\"name\":\"Erresse Shop\",\"description\":\"\",\"publisher\":{\"@id\":\"https:\/\/dev6.erresse-shop.it\/#organization\"},\"potentialAction\":[{\"@type\":\"SearchAction\",\"target\":{\"@type\":\"EntryPoint\",\"urlTemplate\":\"https:\/\/dev6.erresse-shop.it\/?s={search_term_string}\"},\"query-input\":{\"@type\":\"PropertyValueSpecification\",\"valueRequired\":true,\"valueName\":\"search_term_string\"}}],\"inLanguage\":\"fr-FR\"},{\"@type\":\"Organization\",\"@id\":\"https:\/\/dev6.erresse-shop.it\/#organization\",\"name\":\"Erresse Shop\",\"url\":\"https:\/\/dev6.erresse-shop.it\/\",\"logo\":{\"@type\":\"ImageObject\",\"inLanguage\":\"fr-FR\",\"@id\":\"https:\/\/dev6.erresse-shop.it\/#\/schema\/logo\/image\/\",\"url\":\"https:\/\/dev6.erresse-shop.it\/wp-content\/uploads\/2025\/01\/LOGO-ERRESSE-CLASSICO.svg\",\"contentUrl\":\"https:\/\/dev6.erresse-shop.it\/wp-content\/uploads\/2025\/01\/LOGO-ERRESSE-CLASSICO.svg\",\"caption\":\"Erresse Shop\"},\"image\":{\"@id\":\"https:\/\/dev6.erresse-shop.it\/#\/schema\/logo\/image\/\"}}]}<\/script>\n<!-- \/ Yoast SEO plugin. -->","yoast_head_json":{"title":"MAISON SUCREE Korin Nappe antitache Blanc 155 x 180 - dev6 Erresse","description":"Nappe antitache de couleur unie avec un design simple mais efficace. Le tissu r\u00e9sistant aux taches ressemble \u00e0 un tissu normal, mais a le pouvoir de ne","robots":{"index":"noindex","follow":"follow","max-snippet":"max-snippet:-1","max-image-preview":"max-image-preview:large","max-video-preview":"max-video-preview:-1"},"og_locale":"fr_FR","og_type":"article","og_title":"MAISON SUCREE Korin Nappe antitache Blanc 155 x 180 - dev6 Erresse","og_description":"Nappe antitache de couleur unie avec un design simple mais efficace. Le tissu r\u00e9sistant aux taches ressemble \u00e0 un tissu normal, mais a le pouvoir de ne","og_url":"https:\/\/dev6.erresse-shop.it\/fr\/shop\/ameublement-maison\/textile-fr\/maison-sucree-korin-nappe-antitache-blanc-155-x-180\/","og_site_name":"dev6 Erresse","og_image":[{"url":"https:\/\/interpim.erresse-shop.it\/Import\/Prodotti\/maison-sucree-korin-tovaglia-antimacchia-bianco-155-x-180-cm.jpg","type":"","width":"","height":""},{"url":"https:\/\/interpim.erresse-shop.it\/Import\/Prodotti\/maison-sucree-korin-tovaglia-antimacchia-bianco-155-x-180-cm.jpg","width":1024,"height":1024,"type":"image\/jpeg"}],"twitter_card":"summary_large_image","twitter_image":"https:\/\/interpim.erresse-shop.it\/Import\/Prodotti\/maison-sucree-korin-tovaglia-antimacchia-bianco-155-x-180-cm.jpg","schema":{"@context":"https:\/\/schema.org","@graph":[{"@type":"WebPage","@id":"https:\/\/dev6.erresse-shop.it\/fr\/shop\/ameublement-maison\/textile-fr\/maison-sucree-korin-nappe-antitache-blanc-155-x-180\/","url":"https:\/\/dev6.erresse-shop.it\/fr\/shop\/ameublement-maison\/textile-fr\/maison-sucree-korin-nappe-antitache-blanc-155-x-180\/","name":"MAISON SUCREE Korin Nappe antitache Blanc 155 x 180 - dev6 Erresse","isPartOf":{"@id":"https:\/\/dev6.erresse-shop.it\/#website"},"primaryImageOfPage":{"@id":"https:\/\/dev6.erresse-shop.it\/fr\/shop\/ameublement-maison\/textile-fr\/maison-sucree-korin-nappe-antitache-blanc-155-x-180\/#primaryimage"},"image":{"@id":"https:\/\/dev6.erresse-shop.it\/fr\/shop\/ameublement-maison\/textile-fr\/maison-sucree-korin-nappe-antitache-blanc-155-x-180\/#primaryimage"},"thumbnailUrl":"https:\/\/i3.wp.com\/interpim.erresse-shop.it\/Import\/Prodotti\/maison-sucree-korin-tovaglia-antimacchia-bianco-155-x-180-cm.jpg?ssl=1","datePublished":"2026-04-04T12:02:01+00:00","description":"Nappe antitache de couleur unie avec un design simple mais efficace. Le tissu r\u00e9sistant aux taches ressemble \u00e0 un tissu normal, mais a le pouvoir de ne","breadcrumb":{"@id":"https:\/\/dev6.erresse-shop.it\/fr\/shop\/ameublement-maison\/textile-fr\/maison-sucree-korin-nappe-antitache-blanc-155-x-180\/#breadcrumb"},"inLanguage":"fr-FR","potentialAction":[{"@type":"ReadAction","target":["https:\/\/dev6.erresse-shop.it\/fr\/shop\/ameublement-maison\/textile-fr\/maison-sucree-korin-nappe-antitache-blanc-155-x-180\/"]}]},{"@type":"ImageObject","inLanguage":"fr-FR","@id":"https:\/\/dev6.erresse-shop.it\/fr\/shop\/ameublement-maison\/textile-fr\/maison-sucree-korin-nappe-antitache-blanc-155-x-180\/#primaryimage","url":"https:\/\/i3.wp.com\/interpim.erresse-shop.it\/Import\/Prodotti\/maison-sucree-korin-tovaglia-antimacchia-bianco-155-x-180-cm.jpg?ssl=1","contentUrl":"https:\/\/i3.wp.com\/interpim.erresse-shop.it\/Import\/Prodotti\/maison-sucree-korin-tovaglia-antimacchia-bianco-155-x-180-cm.jpg?ssl=1"},{"@type":"BreadcrumbList","@id":"https:\/\/dev6.erresse-shop.it\/fr\/shop\/ameublement-maison\/textile-fr\/maison-sucree-korin-nappe-antitache-blanc-155-x-180\/#breadcrumb","itemListElement":[{"@type":"ListItem","position":1,"name":"Home","item":"https:\/\/dev6.erresse-shop.it\/"},{"@type":"ListItem","position":2,"name":"Boutique","item":"https:\/\/dev6.erresse-shop.it\/shop\/"},{"@type":"ListItem","position":3,"name":"MAISON SUCREE Korin Nappe antitache Blanc 155 x 180"}]},{"@type":"WebSite","@id":"https:\/\/dev6.erresse-shop.it\/#website","url":"https:\/\/dev6.erresse-shop.it\/","name":"Erresse Shop","description":"","publisher":{"@id":"https:\/\/dev6.erresse-shop.it\/#organization"},"potentialAction":[{"@type":"SearchAction","target":{"@type":"EntryPoint","urlTemplate":"https:\/\/dev6.erresse-shop.it\/?s={search_term_string}"},"query-input":{"@type":"PropertyValueSpecification","valueRequired":true,"valueName":"search_term_string"}}],"inLanguage":"fr-FR"},{"@type":"Organization","@id":"https:\/\/dev6.erresse-shop.it\/#organization","name":"Erresse Shop","url":"https:\/\/dev6.erresse-shop.it\/","logo":{"@type":"ImageObject","inLanguage":"fr-FR","@id":"https:\/\/dev6.erresse-shop.it\/#\/schema\/logo\/image\/","url":"https:\/\/dev6.erresse-shop.it\/wp-content\/uploads\/2025\/01\/LOGO-ERRESSE-CLASSICO.svg","contentUrl":"https:\/\/dev6.erresse-shop.it\/wp-content\/uploads\/2025\/01\/LOGO-ERRESSE-CLASSICO.svg","caption":"Erresse Shop"},"image":{"@id":"https:\/\/dev6.erresse-shop.it\/#\/schema\/logo\/image\/"}}]}},"df_price":"","df_sale_price":"","df_regular_price":"","df_image_link":"https:\/\/i3.wp.com\/interpim.erresse-shop.it\/Import\/Prodotti\/maison-sucree-korin-tovaglia-antimacchia-bianco-155-x-180-cm.jpg?resize=300,300&ssl=1","fifu_image_url":"https:\/\/interpim.erresse-shop.it\/Import\/Prodotti\/maison-sucree-korin-tovaglia-antimacchia-bianco-155-x-180-cm.jpg","_links":{"self":[{"href":"https:\/\/dev6.erresse-shop.it\/fr\/wp-json\/wp\/v2\/product\/1610565","targetHints":{"allow":["GET"]}}],"collection":[{"href":"https:\/\/dev6.erresse-shop.it\/fr\/wp-json\/wp\/v2\/product"}],"about":[{"href":"https:\/\/dev6.erresse-shop.it\/fr\/wp-json\/wp\/v2\/types\/product"}],"wp:featuredmedia":[{"embeddable":true,"href":"https:\/\/dev6.erresse-shop.it\/fr\/wp-json\/wp\/v2\/media\/6296014"}],"wp:attachment":[{"href":"https:\/\/dev6.erresse-shop.it\/fr\/wp-json\/wp\/v2\/media?parent=1610565"}],"wp:term":[{"taxonomy":"product_cat","embeddable":true,"href":"https:\/\/dev6.erresse-shop.it\/fr\/wp-json\/wp\/v2\/product_cat?post=1610565"},{"taxonomy":"product_tag","embeddable":true,"href":"https:\/\/dev6.erresse-shop.it\/fr\/wp-json\/wp\/v2\/product_tag?post=1610565"}],"curies":[{"name":"wp","href":"https:\/\/api.w.org\/{rel}","templated":true}]}}