{"id":1610543,"date":"2026-04-12T14:01:38","date_gmt":"2026-04-12T12:01:38","guid":{"rendered":"https:\/\/dev6.erresse-shop.it\/shop\/non%20class\u00e9\/maison-sucree-korin-nappe-antitache-gris\/"},"modified":"2025-07-04T20:11:47","modified_gmt":"2025-07-04T18:11:47","slug":"maison-sucree-korin-nappe-antitache-gris","status":"publish","type":"product","link":"https:\/\/dev6.erresse-shop.it\/fr\/shop\/ameublement-maison\/textile-fr\/maison-sucree-korin-nappe-antitache-gris\/","title":{"rendered":"MAISON SUCREE Korin nappe antitache Gris"},"content":{"rendered":"<p>Une nappe multifonctionnelle, \u00e9galement utile comme nappe. Avec ses couleurs vari\u00e9es et nouvelles, il meublera votre salle \u00e0 manger. De plus, son tissu antitache vous aidera \u00e0 le nettoyer.<\/p>\n<p>Il n\u2019absorbe pas l\u2019eau et vous permet d\u2019\u00e9liminer facilement les taches.<\/p>\n<p>Choisissez la variante que vous pr\u00e9f\u00e9rez. Associez-le \u00e0 un chemin de table ou \u00e0 une pi\u00e8ce ma\u00eetresse et vous obtiendrez un look coordonn\u00e9 avec un bang.<\/p>\n<p class=\"h6 color-primary margin-bottom-05\">Caract\u00e9ristiques du produit\u00a0:<\/p>\n<p>Mati\u00e8re\u00a0: 100\u00a0% polyester antitache<br \/>\nDimensions\u00a0: 45 x 150 cm<\/p>\n<p>Les\u00a0images\u00a0ins\u00e9r\u00e9es sont\u00a0\u00e0\u00a0des fins d\u2019illustration uniquement, le produit final peut diff\u00e9rer<\/p>\n","protected":false},"excerpt":{"rendered":"<p>Une nappe multifonctionnelle, \u00e9galement utile comme nappe. Avec ses couleurs vari\u00e9es et nouvelles, il meublera votre salle \u00e0 manger. De plus, son tissu antitache vous aidera \u00e0 le nettoyer. Il n\u2019absorbe pas l\u2019eau et vous permet d\u2019\u00e9liminer facilement les taches. Choisissez la variante que vous pr\u00e9f\u00e9rez. Associez-le \u00e0 un chemin de table ou \u00e0 une [&hellip;]<\/p>\n","protected":false},"featured_media":6379195,"template":"","meta":{"_acf_changed":false},"product_cat":[11990,12054],"product_tag":[],"class_list":{"0":"post-1610543","1":"product","2":"type-product","3":"status-publish","4":"has-post-thumbnail","6":"product_cat-ameublement-maison","7":"product_cat-textile-fr","9":"first","10":"instock","11":"taxable","12":"shipping-taxable","13":"product-type-simple","swatches":"rey-swatches","show_selected":"","stretch_labels":"rey-swatches--stretch-labels"},"acf":[],"yoast_head":"<!-- This site is optimized with the Yoast SEO plugin v25.4 - https:\/\/yoast.com\/wordpress\/plugins\/seo\/ -->\n<title>MAISON SUCREE Korin nappe antitache Gris - dev6 Erresse<\/title>\n<meta name=\"description\" content=\"Une nappe multifonctionnelle, \u00e9galement utile comme nappe. Avec ses couleurs vari\u00e9es et nouvelles, il meublera votre salle \u00e0 manger. De plus, son tissu\" \/>\n<meta name=\"robots\" content=\"noindex, follow, max-snippet:-1, max-image-preview:large, max-video-preview:-1\" \/>\n<meta property=\"og:locale\" content=\"fr_FR\" \/>\n<meta property=\"og:type\" content=\"article\" \/>\n<meta property=\"og:title\" content=\"MAISON SUCREE Korin nappe antitache Gris - dev6 Erresse\" \/>\n<meta property=\"og:description\" content=\"Une nappe multifonctionnelle, \u00e9galement utile comme nappe. Avec ses couleurs vari\u00e9es et nouvelles, il meublera votre salle \u00e0 manger. De plus, son tissu\" \/>\n<meta property=\"og:url\" content=\"https:\/\/dev6.erresse-shop.it\/fr\/shop\/ameublement-maison\/textile-fr\/maison-sucree-korin-nappe-antitache-gris\/\" \/>\n<meta property=\"og:site_name\" content=\"dev6 Erresse\" \/>\n<meta property=\"og:image\" content=\"https:\/\/interpim.erresse-shop.it\/Import\/Prodotti\/maison-sucree-korin-runner-antimacchia-grigio-45-x-150-cm.jpg\" \/><meta property=\"og:image\" content=\"https:\/\/interpim.erresse-shop.it\/Import\/Prodotti\/maison-sucree-korin-runner-antimacchia-grigio-45-x-150-cm.jpg\" \/>\n\t<meta property=\"og:image:width\" content=\"1024\" \/>\n\t<meta property=\"og:image:height\" content=\"1024\" \/>\n\t<meta property=\"og:image:type\" content=\"image\/jpeg\" \/>\n<meta name=\"twitter:card\" content=\"summary_large_image\" \/>\n<meta name=\"twitter:image\" content=\"https:\/\/interpim.erresse-shop.it\/Import\/Prodotti\/maison-sucree-korin-runner-antimacchia-grigio-45-x-150-cm.jpg\" \/>\n<script type=\"application\/ld+json\" class=\"yoast-schema-graph\">{\"@context\":\"https:\/\/schema.org\",\"@graph\":[{\"@type\":\"WebPage\",\"@id\":\"https:\/\/dev6.erresse-shop.it\/fr\/shop\/ameublement-maison\/textile-fr\/maison-sucree-korin-nappe-antitache-gris\/\",\"url\":\"https:\/\/dev6.erresse-shop.it\/fr\/shop\/ameublement-maison\/textile-fr\/maison-sucree-korin-nappe-antitache-gris\/\",\"name\":\"MAISON SUCREE Korin nappe antitache Gris - dev6 Erresse\",\"isPartOf\":{\"@id\":\"https:\/\/dev6.erresse-shop.it\/#website\"},\"primaryImageOfPage\":{\"@id\":\"https:\/\/dev6.erresse-shop.it\/fr\/shop\/ameublement-maison\/textile-fr\/maison-sucree-korin-nappe-antitache-gris\/#primaryimage\"},\"image\":{\"@id\":\"https:\/\/dev6.erresse-shop.it\/fr\/shop\/ameublement-maison\/textile-fr\/maison-sucree-korin-nappe-antitache-gris\/#primaryimage\"},\"thumbnailUrl\":\"https:\/\/i2.wp.com\/interpim.erresse-shop.it\/Import\/Prodotti\/maison-sucree-korin-runner-antimacchia-grigio-45-x-150-cm.jpg?ssl=1\",\"datePublished\":\"2026-04-12T12:01:38+00:00\",\"description\":\"Une nappe multifonctionnelle, \u00e9galement utile comme nappe. Avec ses couleurs vari\u00e9es et nouvelles, il meublera votre salle \u00e0 manger. De plus, son tissu\",\"breadcrumb\":{\"@id\":\"https:\/\/dev6.erresse-shop.it\/fr\/shop\/ameublement-maison\/textile-fr\/maison-sucree-korin-nappe-antitache-gris\/#breadcrumb\"},\"inLanguage\":\"fr-FR\",\"potentialAction\":[{\"@type\":\"ReadAction\",\"target\":[\"https:\/\/dev6.erresse-shop.it\/fr\/shop\/ameublement-maison\/textile-fr\/maison-sucree-korin-nappe-antitache-gris\/\"]}]},{\"@type\":\"ImageObject\",\"inLanguage\":\"fr-FR\",\"@id\":\"https:\/\/dev6.erresse-shop.it\/fr\/shop\/ameublement-maison\/textile-fr\/maison-sucree-korin-nappe-antitache-gris\/#primaryimage\",\"url\":\"https:\/\/i2.wp.com\/interpim.erresse-shop.it\/Import\/Prodotti\/maison-sucree-korin-runner-antimacchia-grigio-45-x-150-cm.jpg?ssl=1\",\"contentUrl\":\"https:\/\/i2.wp.com\/interpim.erresse-shop.it\/Import\/Prodotti\/maison-sucree-korin-runner-antimacchia-grigio-45-x-150-cm.jpg?ssl=1\"},{\"@type\":\"BreadcrumbList\",\"@id\":\"https:\/\/dev6.erresse-shop.it\/fr\/shop\/ameublement-maison\/textile-fr\/maison-sucree-korin-nappe-antitache-gris\/#breadcrumb\",\"itemListElement\":[{\"@type\":\"ListItem\",\"position\":1,\"name\":\"Home\",\"item\":\"https:\/\/dev6.erresse-shop.it\/\"},{\"@type\":\"ListItem\",\"position\":2,\"name\":\"Boutique\",\"item\":\"https:\/\/dev6.erresse-shop.it\/shop\/\"},{\"@type\":\"ListItem\",\"position\":3,\"name\":\"MAISON SUCREE Korin nappe antitache Gris\"}]},{\"@type\":\"WebSite\",\"@id\":\"https:\/\/dev6.erresse-shop.it\/#website\",\"url\":\"https:\/\/dev6.erresse-shop.it\/\",\"name\":\"Erresse Shop\",\"description\":\"\",\"publisher\":{\"@id\":\"https:\/\/dev6.erresse-shop.it\/#organization\"},\"potentialAction\":[{\"@type\":\"SearchAction\",\"target\":{\"@type\":\"EntryPoint\",\"urlTemplate\":\"https:\/\/dev6.erresse-shop.it\/?s={search_term_string}\"},\"query-input\":{\"@type\":\"PropertyValueSpecification\",\"valueRequired\":true,\"valueName\":\"search_term_string\"}}],\"inLanguage\":\"fr-FR\"},{\"@type\":\"Organization\",\"@id\":\"https:\/\/dev6.erresse-shop.it\/#organization\",\"name\":\"Erresse Shop\",\"url\":\"https:\/\/dev6.erresse-shop.it\/\",\"logo\":{\"@type\":\"ImageObject\",\"inLanguage\":\"fr-FR\",\"@id\":\"https:\/\/dev6.erresse-shop.it\/#\/schema\/logo\/image\/\",\"url\":\"https:\/\/dev6.erresse-shop.it\/wp-content\/uploads\/2025\/01\/LOGO-ERRESSE-CLASSICO.svg\",\"contentUrl\":\"https:\/\/dev6.erresse-shop.it\/wp-content\/uploads\/2025\/01\/LOGO-ERRESSE-CLASSICO.svg\",\"caption\":\"Erresse Shop\"},\"image\":{\"@id\":\"https:\/\/dev6.erresse-shop.it\/#\/schema\/logo\/image\/\"}}]}<\/script>\n<!-- \/ Yoast SEO plugin. -->","yoast_head_json":{"title":"MAISON SUCREE Korin nappe antitache Gris - dev6 Erresse","description":"Une nappe multifonctionnelle, \u00e9galement utile comme nappe. Avec ses couleurs vari\u00e9es et nouvelles, il meublera votre salle \u00e0 manger. De plus, son tissu","robots":{"index":"noindex","follow":"follow","max-snippet":"max-snippet:-1","max-image-preview":"max-image-preview:large","max-video-preview":"max-video-preview:-1"},"og_locale":"fr_FR","og_type":"article","og_title":"MAISON SUCREE Korin nappe antitache Gris - dev6 Erresse","og_description":"Une nappe multifonctionnelle, \u00e9galement utile comme nappe. Avec ses couleurs vari\u00e9es et nouvelles, il meublera votre salle \u00e0 manger. De plus, son tissu","og_url":"https:\/\/dev6.erresse-shop.it\/fr\/shop\/ameublement-maison\/textile-fr\/maison-sucree-korin-nappe-antitache-gris\/","og_site_name":"dev6 Erresse","og_image":[{"url":"https:\/\/interpim.erresse-shop.it\/Import\/Prodotti\/maison-sucree-korin-runner-antimacchia-grigio-45-x-150-cm.jpg","type":"","width":"","height":""},{"url":"https:\/\/interpim.erresse-shop.it\/Import\/Prodotti\/maison-sucree-korin-runner-antimacchia-grigio-45-x-150-cm.jpg","width":1024,"height":1024,"type":"image\/jpeg"}],"twitter_card":"summary_large_image","twitter_image":"https:\/\/interpim.erresse-shop.it\/Import\/Prodotti\/maison-sucree-korin-runner-antimacchia-grigio-45-x-150-cm.jpg","schema":{"@context":"https:\/\/schema.org","@graph":[{"@type":"WebPage","@id":"https:\/\/dev6.erresse-shop.it\/fr\/shop\/ameublement-maison\/textile-fr\/maison-sucree-korin-nappe-antitache-gris\/","url":"https:\/\/dev6.erresse-shop.it\/fr\/shop\/ameublement-maison\/textile-fr\/maison-sucree-korin-nappe-antitache-gris\/","name":"MAISON SUCREE Korin nappe antitache Gris - dev6 Erresse","isPartOf":{"@id":"https:\/\/dev6.erresse-shop.it\/#website"},"primaryImageOfPage":{"@id":"https:\/\/dev6.erresse-shop.it\/fr\/shop\/ameublement-maison\/textile-fr\/maison-sucree-korin-nappe-antitache-gris\/#primaryimage"},"image":{"@id":"https:\/\/dev6.erresse-shop.it\/fr\/shop\/ameublement-maison\/textile-fr\/maison-sucree-korin-nappe-antitache-gris\/#primaryimage"},"thumbnailUrl":"https:\/\/i2.wp.com\/interpim.erresse-shop.it\/Import\/Prodotti\/maison-sucree-korin-runner-antimacchia-grigio-45-x-150-cm.jpg?ssl=1","datePublished":"2026-04-12T12:01:38+00:00","description":"Une nappe multifonctionnelle, \u00e9galement utile comme nappe. Avec ses couleurs vari\u00e9es et nouvelles, il meublera votre salle \u00e0 manger. De plus, son tissu","breadcrumb":{"@id":"https:\/\/dev6.erresse-shop.it\/fr\/shop\/ameublement-maison\/textile-fr\/maison-sucree-korin-nappe-antitache-gris\/#breadcrumb"},"inLanguage":"fr-FR","potentialAction":[{"@type":"ReadAction","target":["https:\/\/dev6.erresse-shop.it\/fr\/shop\/ameublement-maison\/textile-fr\/maison-sucree-korin-nappe-antitache-gris\/"]}]},{"@type":"ImageObject","inLanguage":"fr-FR","@id":"https:\/\/dev6.erresse-shop.it\/fr\/shop\/ameublement-maison\/textile-fr\/maison-sucree-korin-nappe-antitache-gris\/#primaryimage","url":"https:\/\/i2.wp.com\/interpim.erresse-shop.it\/Import\/Prodotti\/maison-sucree-korin-runner-antimacchia-grigio-45-x-150-cm.jpg?ssl=1","contentUrl":"https:\/\/i2.wp.com\/interpim.erresse-shop.it\/Import\/Prodotti\/maison-sucree-korin-runner-antimacchia-grigio-45-x-150-cm.jpg?ssl=1"},{"@type":"BreadcrumbList","@id":"https:\/\/dev6.erresse-shop.it\/fr\/shop\/ameublement-maison\/textile-fr\/maison-sucree-korin-nappe-antitache-gris\/#breadcrumb","itemListElement":[{"@type":"ListItem","position":1,"name":"Home","item":"https:\/\/dev6.erresse-shop.it\/"},{"@type":"ListItem","position":2,"name":"Boutique","item":"https:\/\/dev6.erresse-shop.it\/shop\/"},{"@type":"ListItem","position":3,"name":"MAISON SUCREE Korin nappe antitache Gris"}]},{"@type":"WebSite","@id":"https:\/\/dev6.erresse-shop.it\/#website","url":"https:\/\/dev6.erresse-shop.it\/","name":"Erresse Shop","description":"","publisher":{"@id":"https:\/\/dev6.erresse-shop.it\/#organization"},"potentialAction":[{"@type":"SearchAction","target":{"@type":"EntryPoint","urlTemplate":"https:\/\/dev6.erresse-shop.it\/?s={search_term_string}"},"query-input":{"@type":"PropertyValueSpecification","valueRequired":true,"valueName":"search_term_string"}}],"inLanguage":"fr-FR"},{"@type":"Organization","@id":"https:\/\/dev6.erresse-shop.it\/#organization","name":"Erresse Shop","url":"https:\/\/dev6.erresse-shop.it\/","logo":{"@type":"ImageObject","inLanguage":"fr-FR","@id":"https:\/\/dev6.erresse-shop.it\/#\/schema\/logo\/image\/","url":"https:\/\/dev6.erresse-shop.it\/wp-content\/uploads\/2025\/01\/LOGO-ERRESSE-CLASSICO.svg","contentUrl":"https:\/\/dev6.erresse-shop.it\/wp-content\/uploads\/2025\/01\/LOGO-ERRESSE-CLASSICO.svg","caption":"Erresse Shop"},"image":{"@id":"https:\/\/dev6.erresse-shop.it\/#\/schema\/logo\/image\/"}}]}},"df_price":"","df_sale_price":"","df_regular_price":"","df_image_link":"https:\/\/i2.wp.com\/interpim.erresse-shop.it\/Import\/Prodotti\/maison-sucree-korin-runner-antimacchia-grigio-45-x-150-cm.jpg?resize=300,300&ssl=1","fifu_image_url":"https:\/\/interpim.erresse-shop.it\/Import\/Prodotti\/maison-sucree-korin-runner-antimacchia-grigio-45-x-150-cm.jpg","_links":{"self":[{"href":"https:\/\/dev6.erresse-shop.it\/fr\/wp-json\/wp\/v2\/product\/1610543","targetHints":{"allow":["GET"]}}],"collection":[{"href":"https:\/\/dev6.erresse-shop.it\/fr\/wp-json\/wp\/v2\/product"}],"about":[{"href":"https:\/\/dev6.erresse-shop.it\/fr\/wp-json\/wp\/v2\/types\/product"}],"wp:featuredmedia":[{"embeddable":true,"href":"https:\/\/dev6.erresse-shop.it\/fr\/wp-json\/wp\/v2\/media\/6379195"}],"wp:attachment":[{"href":"https:\/\/dev6.erresse-shop.it\/fr\/wp-json\/wp\/v2\/media?parent=1610543"}],"wp:term":[{"taxonomy":"product_cat","embeddable":true,"href":"https:\/\/dev6.erresse-shop.it\/fr\/wp-json\/wp\/v2\/product_cat?post=1610543"},{"taxonomy":"product_tag","embeddable":true,"href":"https:\/\/dev6.erresse-shop.it\/fr\/wp-json\/wp\/v2\/product_tag?post=1610543"}],"curies":[{"name":"wp","href":"https:\/\/api.w.org\/{rel}","templated":true}]}}