{"id":1610531,"date":"2026-04-12T14:01:38","date_gmt":"2026-04-12T12:01:38","guid":{"rendered":"https:\/\/dev6.erresse-shop.it\/shop\/non%20class\u00e9\/zafferano-teca-terrazzo-ensemble-de-6-verres-bleu-blanc\/"},"modified":"2025-09-14T06:57:15","modified_gmt":"2025-09-14T04:57:15","slug":"zafferano-teca-terrazzo-ensemble-de-6-verres-bleu-blanc","status":"publish","type":"product","link":"https:\/\/dev6.erresse-shop.it\/fr\/shop\/table-fr-2\/verres\/zafferano-teca-terrazzo-ensemble-de-6-verres-bleu-blanc\/","title":{"rendered":"ZAFFERANO Teca Terrazzo Ensemble de 6 verres Bleu Blanc"},"content":{"rendered":"<p>aDans la cat\u00e9gorie des produits de table en verre borosilicate avec d\u00e9corations \u00e0 l\u2019int\u00e9rieur de la tasse, Teca Terrazzo repr\u00e9sente une r\u00e9volution. Dans cette collection de verres et de carafes, l\u2019\u00e9l\u00e9ment d\u00e9coratif est prot\u00e9g\u00e9 \u00e0 l\u2019int\u00e9rieur d\u2019un \u00ab double fond \u00bb (double verre) qui facilite \u00e9galement le nettoyage et l\u2019entretien des pi\u00e8ces. L\u2019\u00e9l\u00e9ment d\u00e9coratif abstrait fabriqu\u00e9 \u00e0 la main avec de petits fragments de verre color\u00e9 est propos\u00e9 dans six combinaisons de couleurs diff\u00e9rentes. Il est donc possible de mettre de la glace dans le verre ou la carafe, sans craindre de casse accidentelle. Gr\u00e2ce \u00e0 la forme encastr\u00e9e du \u00ab teca \u00bb, les gobelets sont \u00e9galement empilables.<\/p>\n<p>Caract\u00e9ristiques\u00a0:<\/p>\n<p>Diam\u00e8tre\u00a0: 8 cm<br \/>\nHauteur totale\u00a0: 10,5\u00a0cm<br \/>\nCapacit\u00e9\u00a0: 35 cl<\/p>\n<p>Les\u00a0images\u00a0ins\u00e9r\u00e9es sont\u00a0\u00e0\u00a0des fins d\u2019illustration uniquement, le produit final peut diff\u00e9rer<\/p>\n","protected":false},"excerpt":{"rendered":"<p>aDans la cat\u00e9gorie des produits de table en verre borosilicate avec d\u00e9corations \u00e0 l\u2019int\u00e9rieur de la tasse, Teca Terrazzo repr\u00e9sente une r\u00e9volution. Dans cette collection de verres et de carafes, l\u2019\u00e9l\u00e9ment d\u00e9coratif est prot\u00e9g\u00e9 \u00e0 l\u2019int\u00e9rieur d\u2019un \u00ab double fond \u00bb (double verre) qui facilite \u00e9galement le nettoyage et l\u2019entretien des pi\u00e8ces. L\u2019\u00e9l\u00e9ment d\u00e9coratif abstrait [&hellip;]<\/p>\n","protected":false},"featured_media":6379146,"template":"","meta":{"_acf_changed":false},"product_cat":[11995,12009],"product_tag":[],"class_list":{"0":"post-1610531","1":"product","2":"type-product","3":"status-publish","4":"has-post-thumbnail","6":"product_cat-table-fr-2","7":"product_cat-verres","9":"first","10":"instock","11":"sale","12":"taxable","13":"shipping-taxable","14":"purchasable","15":"product-type-simple","swatches":"rey-swatches","show_selected":"","stretch_labels":"rey-swatches--stretch-labels"},"acf":[],"yoast_head":"<!-- This site is optimized with the Yoast SEO plugin v25.4 - https:\/\/yoast.com\/wordpress\/plugins\/seo\/ -->\n<title>ZAFFERANO Teca Terrazzo Ensemble de 6 verres Bleu Blanc - dev6 Erresse<\/title>\n<meta name=\"description\" content=\"aDans la cat\u00e9gorie des produits de table en verre borosilicate avec d\u00e9corations \u00e0 l\u2019int\u00e9rieur de la tasse, Teca Terrazzo repr\u00e9sente une r\u00e9volution. Dans\" \/>\n<meta name=\"robots\" content=\"noindex, follow, max-snippet:-1, max-image-preview:large, max-video-preview:-1\" \/>\n<meta property=\"og:locale\" content=\"fr_FR\" \/>\n<meta property=\"og:type\" content=\"article\" \/>\n<meta property=\"og:title\" content=\"ZAFFERANO Teca Terrazzo Ensemble de 6 verres Bleu Blanc - dev6 Erresse\" \/>\n<meta property=\"og:description\" content=\"aDans la cat\u00e9gorie des produits de table en verre borosilicate avec d\u00e9corations \u00e0 l\u2019int\u00e9rieur de la tasse, Teca Terrazzo repr\u00e9sente une r\u00e9volution. Dans\" \/>\n<meta property=\"og:url\" content=\"https:\/\/dev6.erresse-shop.it\/fr\/shop\/table-fr-2\/verres\/zafferano-teca-terrazzo-ensemble-de-6-verres-bleu-blanc\/\" \/>\n<meta property=\"og:site_name\" content=\"dev6 Erresse\" \/>\n<meta property=\"og:image\" content=\"https:\/\/interpim.erresse-shop.it\/wp-content\/uploads\/2025\/03\/ZAFFERANO-Teca-Terrazzo-Set-6-Bicchieri-Tumbler-Blue-Bianco-1.jpg\/zafferano-teca-terrazzo-set-6-bicchieri-tumbler-blue-bianco-1.jpg\" \/><meta property=\"og:image\" content=\"https:\/\/interpim.erresse-shop.it\/wp-content\/uploads\/2025\/03\/ZAFFERANO-Teca-Terrazzo-Set-6-Bicchieri-Tumbler-Blue-Bianco-1.jpg\/zafferano-teca-terrazzo-set-6-bicchieri-tumbler-blue-bianco-1.jpg\" \/>\n\t<meta property=\"og:image:width\" content=\"1024\" \/>\n\t<meta property=\"og:image:height\" content=\"1024\" \/>\n\t<meta property=\"og:image:type\" content=\"image\/jpeg\" \/>\n<meta name=\"twitter:card\" content=\"summary_large_image\" \/>\n<meta name=\"twitter:image\" content=\"https:\/\/interpim.erresse-shop.it\/wp-content\/uploads\/2025\/03\/ZAFFERANO-Teca-Terrazzo-Set-6-Bicchieri-Tumbler-Blue-Bianco-1.jpg\/zafferano-teca-terrazzo-set-6-bicchieri-tumbler-blue-bianco-1.jpg\" \/>\n<script type=\"application\/ld+json\" class=\"yoast-schema-graph\">{\"@context\":\"https:\/\/schema.org\",\"@graph\":[{\"@type\":\"WebPage\",\"@id\":\"https:\/\/dev6.erresse-shop.it\/fr\/shop\/table-fr-2\/verres\/zafferano-teca-terrazzo-ensemble-de-6-verres-bleu-blanc\/\",\"url\":\"https:\/\/dev6.erresse-shop.it\/fr\/shop\/table-fr-2\/verres\/zafferano-teca-terrazzo-ensemble-de-6-verres-bleu-blanc\/\",\"name\":\"ZAFFERANO Teca Terrazzo Ensemble de 6 verres Bleu Blanc - dev6 Erresse\",\"isPartOf\":{\"@id\":\"https:\/\/dev6.erresse-shop.it\/#website\"},\"primaryImageOfPage\":{\"@id\":\"https:\/\/dev6.erresse-shop.it\/fr\/shop\/table-fr-2\/verres\/zafferano-teca-terrazzo-ensemble-de-6-verres-bleu-blanc\/#primaryimage\"},\"image\":{\"@id\":\"https:\/\/dev6.erresse-shop.it\/fr\/shop\/table-fr-2\/verres\/zafferano-teca-terrazzo-ensemble-de-6-verres-bleu-blanc\/#primaryimage\"},\"thumbnailUrl\":\"https:\/\/i3.wp.com\/interpim.erresse-shop.it\/wp-content\/uploads\/2025\/03\/ZAFFERANO-Teca-Terrazzo-Set-6-Bicchieri-Tumbler-Blue-Bianco-1.jpg\/zafferano-teca-terrazzo-set-6-bicchieri-tumbler-blue-bianco-1.jpg?ssl=1\",\"datePublished\":\"2026-04-12T12:01:38+00:00\",\"description\":\"aDans la cat\u00e9gorie des produits de table en verre borosilicate avec d\u00e9corations \u00e0 l\u2019int\u00e9rieur de la tasse, Teca Terrazzo repr\u00e9sente une r\u00e9volution. Dans\",\"breadcrumb\":{\"@id\":\"https:\/\/dev6.erresse-shop.it\/fr\/shop\/table-fr-2\/verres\/zafferano-teca-terrazzo-ensemble-de-6-verres-bleu-blanc\/#breadcrumb\"},\"inLanguage\":\"fr-FR\",\"potentialAction\":[{\"@type\":\"ReadAction\",\"target\":[\"https:\/\/dev6.erresse-shop.it\/fr\/shop\/table-fr-2\/verres\/zafferano-teca-terrazzo-ensemble-de-6-verres-bleu-blanc\/\"]}]},{\"@type\":\"ImageObject\",\"inLanguage\":\"fr-FR\",\"@id\":\"https:\/\/dev6.erresse-shop.it\/fr\/shop\/table-fr-2\/verres\/zafferano-teca-terrazzo-ensemble-de-6-verres-bleu-blanc\/#primaryimage\",\"url\":\"https:\/\/i3.wp.com\/interpim.erresse-shop.it\/wp-content\/uploads\/2025\/03\/ZAFFERANO-Teca-Terrazzo-Set-6-Bicchieri-Tumbler-Blue-Bianco-1.jpg\/zafferano-teca-terrazzo-set-6-bicchieri-tumbler-blue-bianco-1.jpg?ssl=1\",\"contentUrl\":\"https:\/\/i3.wp.com\/interpim.erresse-shop.it\/wp-content\/uploads\/2025\/03\/ZAFFERANO-Teca-Terrazzo-Set-6-Bicchieri-Tumbler-Blue-Bianco-1.jpg\/zafferano-teca-terrazzo-set-6-bicchieri-tumbler-blue-bianco-1.jpg?ssl=1\"},{\"@type\":\"BreadcrumbList\",\"@id\":\"https:\/\/dev6.erresse-shop.it\/fr\/shop\/table-fr-2\/verres\/zafferano-teca-terrazzo-ensemble-de-6-verres-bleu-blanc\/#breadcrumb\",\"itemListElement\":[{\"@type\":\"ListItem\",\"position\":1,\"name\":\"Home\",\"item\":\"https:\/\/dev6.erresse-shop.it\/\"},{\"@type\":\"ListItem\",\"position\":2,\"name\":\"Boutique\",\"item\":\"https:\/\/dev6.erresse-shop.it\/shop\/\"},{\"@type\":\"ListItem\",\"position\":3,\"name\":\"ZAFFERANO Teca Terrazzo Ensemble de 6 verres Bleu Blanc\"}]},{\"@type\":\"WebSite\",\"@id\":\"https:\/\/dev6.erresse-shop.it\/#website\",\"url\":\"https:\/\/dev6.erresse-shop.it\/\",\"name\":\"Erresse Shop\",\"description\":\"\",\"publisher\":{\"@id\":\"https:\/\/dev6.erresse-shop.it\/#organization\"},\"potentialAction\":[{\"@type\":\"SearchAction\",\"target\":{\"@type\":\"EntryPoint\",\"urlTemplate\":\"https:\/\/dev6.erresse-shop.it\/?s={search_term_string}\"},\"query-input\":{\"@type\":\"PropertyValueSpecification\",\"valueRequired\":true,\"valueName\":\"search_term_string\"}}],\"inLanguage\":\"fr-FR\"},{\"@type\":\"Organization\",\"@id\":\"https:\/\/dev6.erresse-shop.it\/#organization\",\"name\":\"Erresse Shop\",\"url\":\"https:\/\/dev6.erresse-shop.it\/\",\"logo\":{\"@type\":\"ImageObject\",\"inLanguage\":\"fr-FR\",\"@id\":\"https:\/\/dev6.erresse-shop.it\/#\/schema\/logo\/image\/\",\"url\":\"https:\/\/dev6.erresse-shop.it\/wp-content\/uploads\/2025\/01\/LOGO-ERRESSE-CLASSICO.svg\",\"contentUrl\":\"https:\/\/dev6.erresse-shop.it\/wp-content\/uploads\/2025\/01\/LOGO-ERRESSE-CLASSICO.svg\",\"caption\":\"Erresse Shop\"},\"image\":{\"@id\":\"https:\/\/dev6.erresse-shop.it\/#\/schema\/logo\/image\/\"}}]}<\/script>\n<!-- \/ Yoast SEO plugin. -->","yoast_head_json":{"title":"ZAFFERANO Teca Terrazzo Ensemble de 6 verres Bleu Blanc - dev6 Erresse","description":"aDans la cat\u00e9gorie des produits de table en verre borosilicate avec d\u00e9corations \u00e0 l\u2019int\u00e9rieur de la tasse, Teca Terrazzo repr\u00e9sente une r\u00e9volution. Dans","robots":{"index":"noindex","follow":"follow","max-snippet":"max-snippet:-1","max-image-preview":"max-image-preview:large","max-video-preview":"max-video-preview:-1"},"og_locale":"fr_FR","og_type":"article","og_title":"ZAFFERANO Teca Terrazzo Ensemble de 6 verres Bleu Blanc - dev6 Erresse","og_description":"aDans la cat\u00e9gorie des produits de table en verre borosilicate avec d\u00e9corations \u00e0 l\u2019int\u00e9rieur de la tasse, Teca Terrazzo repr\u00e9sente une r\u00e9volution. Dans","og_url":"https:\/\/dev6.erresse-shop.it\/fr\/shop\/table-fr-2\/verres\/zafferano-teca-terrazzo-ensemble-de-6-verres-bleu-blanc\/","og_site_name":"dev6 Erresse","og_image":[{"url":"https:\/\/interpim.erresse-shop.it\/wp-content\/uploads\/2025\/03\/ZAFFERANO-Teca-Terrazzo-Set-6-Bicchieri-Tumbler-Blue-Bianco-1.jpg\/zafferano-teca-terrazzo-set-6-bicchieri-tumbler-blue-bianco-1.jpg","type":"","width":"","height":""},{"url":"https:\/\/interpim.erresse-shop.it\/wp-content\/uploads\/2025\/03\/ZAFFERANO-Teca-Terrazzo-Set-6-Bicchieri-Tumbler-Blue-Bianco-1.jpg\/zafferano-teca-terrazzo-set-6-bicchieri-tumbler-blue-bianco-1.jpg","width":1024,"height":1024,"type":"image\/jpeg"}],"twitter_card":"summary_large_image","twitter_image":"https:\/\/interpim.erresse-shop.it\/wp-content\/uploads\/2025\/03\/ZAFFERANO-Teca-Terrazzo-Set-6-Bicchieri-Tumbler-Blue-Bianco-1.jpg\/zafferano-teca-terrazzo-set-6-bicchieri-tumbler-blue-bianco-1.jpg","schema":{"@context":"https:\/\/schema.org","@graph":[{"@type":"WebPage","@id":"https:\/\/dev6.erresse-shop.it\/fr\/shop\/table-fr-2\/verres\/zafferano-teca-terrazzo-ensemble-de-6-verres-bleu-blanc\/","url":"https:\/\/dev6.erresse-shop.it\/fr\/shop\/table-fr-2\/verres\/zafferano-teca-terrazzo-ensemble-de-6-verres-bleu-blanc\/","name":"ZAFFERANO Teca Terrazzo Ensemble de 6 verres Bleu Blanc - dev6 Erresse","isPartOf":{"@id":"https:\/\/dev6.erresse-shop.it\/#website"},"primaryImageOfPage":{"@id":"https:\/\/dev6.erresse-shop.it\/fr\/shop\/table-fr-2\/verres\/zafferano-teca-terrazzo-ensemble-de-6-verres-bleu-blanc\/#primaryimage"},"image":{"@id":"https:\/\/dev6.erresse-shop.it\/fr\/shop\/table-fr-2\/verres\/zafferano-teca-terrazzo-ensemble-de-6-verres-bleu-blanc\/#primaryimage"},"thumbnailUrl":"https:\/\/i3.wp.com\/interpim.erresse-shop.it\/wp-content\/uploads\/2025\/03\/ZAFFERANO-Teca-Terrazzo-Set-6-Bicchieri-Tumbler-Blue-Bianco-1.jpg\/zafferano-teca-terrazzo-set-6-bicchieri-tumbler-blue-bianco-1.jpg?ssl=1","datePublished":"2026-04-12T12:01:38+00:00","description":"aDans la cat\u00e9gorie des produits de table en verre borosilicate avec d\u00e9corations \u00e0 l\u2019int\u00e9rieur de la tasse, Teca Terrazzo repr\u00e9sente une r\u00e9volution. Dans","breadcrumb":{"@id":"https:\/\/dev6.erresse-shop.it\/fr\/shop\/table-fr-2\/verres\/zafferano-teca-terrazzo-ensemble-de-6-verres-bleu-blanc\/#breadcrumb"},"inLanguage":"fr-FR","potentialAction":[{"@type":"ReadAction","target":["https:\/\/dev6.erresse-shop.it\/fr\/shop\/table-fr-2\/verres\/zafferano-teca-terrazzo-ensemble-de-6-verres-bleu-blanc\/"]}]},{"@type":"ImageObject","inLanguage":"fr-FR","@id":"https:\/\/dev6.erresse-shop.it\/fr\/shop\/table-fr-2\/verres\/zafferano-teca-terrazzo-ensemble-de-6-verres-bleu-blanc\/#primaryimage","url":"https:\/\/i3.wp.com\/interpim.erresse-shop.it\/wp-content\/uploads\/2025\/03\/ZAFFERANO-Teca-Terrazzo-Set-6-Bicchieri-Tumbler-Blue-Bianco-1.jpg\/zafferano-teca-terrazzo-set-6-bicchieri-tumbler-blue-bianco-1.jpg?ssl=1","contentUrl":"https:\/\/i3.wp.com\/interpim.erresse-shop.it\/wp-content\/uploads\/2025\/03\/ZAFFERANO-Teca-Terrazzo-Set-6-Bicchieri-Tumbler-Blue-Bianco-1.jpg\/zafferano-teca-terrazzo-set-6-bicchieri-tumbler-blue-bianco-1.jpg?ssl=1"},{"@type":"BreadcrumbList","@id":"https:\/\/dev6.erresse-shop.it\/fr\/shop\/table-fr-2\/verres\/zafferano-teca-terrazzo-ensemble-de-6-verres-bleu-blanc\/#breadcrumb","itemListElement":[{"@type":"ListItem","position":1,"name":"Home","item":"https:\/\/dev6.erresse-shop.it\/"},{"@type":"ListItem","position":2,"name":"Boutique","item":"https:\/\/dev6.erresse-shop.it\/shop\/"},{"@type":"ListItem","position":3,"name":"ZAFFERANO Teca Terrazzo Ensemble de 6 verres Bleu Blanc"}]},{"@type":"WebSite","@id":"https:\/\/dev6.erresse-shop.it\/#website","url":"https:\/\/dev6.erresse-shop.it\/","name":"Erresse Shop","description":"","publisher":{"@id":"https:\/\/dev6.erresse-shop.it\/#organization"},"potentialAction":[{"@type":"SearchAction","target":{"@type":"EntryPoint","urlTemplate":"https:\/\/dev6.erresse-shop.it\/?s={search_term_string}"},"query-input":{"@type":"PropertyValueSpecification","valueRequired":true,"valueName":"search_term_string"}}],"inLanguage":"fr-FR"},{"@type":"Organization","@id":"https:\/\/dev6.erresse-shop.it\/#organization","name":"Erresse Shop","url":"https:\/\/dev6.erresse-shop.it\/","logo":{"@type":"ImageObject","inLanguage":"fr-FR","@id":"https:\/\/dev6.erresse-shop.it\/#\/schema\/logo\/image\/","url":"https:\/\/dev6.erresse-shop.it\/wp-content\/uploads\/2025\/01\/LOGO-ERRESSE-CLASSICO.svg","contentUrl":"https:\/\/dev6.erresse-shop.it\/wp-content\/uploads\/2025\/01\/LOGO-ERRESSE-CLASSICO.svg","caption":"Erresse Shop"},"image":{"@id":"https:\/\/dev6.erresse-shop.it\/#\/schema\/logo\/image\/"}}]}},"df_price":59.95,"df_sale_price":59.95,"df_regular_price":71.7,"df_image_link":"https:\/\/i3.wp.com\/interpim.erresse-shop.it\/wp-content\/uploads\/2025\/03\/ZAFFERANO-Teca-Terrazzo-Set-6-Bicchieri-Tumbler-Blue-Bianco-1.jpg\/zafferano-teca-terrazzo-set-6-bicchieri-tumbler-blue-bianco-1.jpg?resize=300,300&ssl=1","fifu_image_url":"https:\/\/interpim.erresse-shop.it\/wp-content\/uploads\/2025\/03\/ZAFFERANO-Teca-Terrazzo-Set-6-Bicchieri-Tumbler-Blue-Bianco-1.jpg\/zafferano-teca-terrazzo-set-6-bicchieri-tumbler-blue-bianco-1.jpg","_links":{"self":[{"href":"https:\/\/dev6.erresse-shop.it\/fr\/wp-json\/wp\/v2\/product\/1610531","targetHints":{"allow":["GET"]}}],"collection":[{"href":"https:\/\/dev6.erresse-shop.it\/fr\/wp-json\/wp\/v2\/product"}],"about":[{"href":"https:\/\/dev6.erresse-shop.it\/fr\/wp-json\/wp\/v2\/types\/product"}],"wp:featuredmedia":[{"embeddable":true,"href":"https:\/\/dev6.erresse-shop.it\/fr\/wp-json\/wp\/v2\/media\/6379146"}],"wp:attachment":[{"href":"https:\/\/dev6.erresse-shop.it\/fr\/wp-json\/wp\/v2\/media?parent=1610531"}],"wp:term":[{"taxonomy":"product_cat","embeddable":true,"href":"https:\/\/dev6.erresse-shop.it\/fr\/wp-json\/wp\/v2\/product_cat?post=1610531"},{"taxonomy":"product_tag","embeddable":true,"href":"https:\/\/dev6.erresse-shop.it\/fr\/wp-json\/wp\/v2\/product_tag?post=1610531"}],"curies":[{"name":"wp","href":"https:\/\/api.w.org\/{rel}","templated":true}]}}