{"id":1610521,"date":"2026-04-12T14:01:38","date_gmt":"2026-04-12T12:01:38","guid":{"rendered":"https:\/\/dev6.erresse-shop.it\/shop\/non%20class\u00e9\/zafferano-intrecci-carafe-blanc-et-noir\/"},"modified":"2025-09-14T06:57:00","modified_gmt":"2025-09-14T04:57:00","slug":"zafferano-intrecci-carafe-blanc-et-noir","status":"publish","type":"product","link":"https:\/\/dev6.erresse-shop.it\/fr\/shop\/table-fr-2\/carafes-bouteilles\/zafferano-intrecci-carafe-blanc-et-noir\/","title":{"rendered":"ZAFFERANO Intrecci Carafe Blanc et Noir"},"content":{"rendered":"<p>La carafe \u00e0 anse de la collection Intrecci est un v\u00e9ritable atout pour votre table. Fabriqu\u00e9e en verre borosilicate souffl\u00e9 bouche, l\u00e9g\u00e8re et r\u00e9sistante aux chocs thermiques, elle se distingue par son bord orn\u00e9 d\u2019un \u00e9l\u00e9gant tressage de verre mat. Id\u00e9ale pour servir eau, jus ou vin avec style.<\/p>\n<p>Lave-vaisselle \u00e0 60\u00b0C.<\/p>\n<p>Caract\u00e9ristiques\u00a0:<\/p>\n<p>Diam\u00e8tre\u00a0: 11\u00a0cm<br \/>\nHauteur totale\u00a0: 17\u00a0cm<br \/>\nD\u00e9passement\u00a0: 15,5\u00a0cm<br \/>\nContenance\u00a0: 84\u00a0cl<\/p>\n","protected":false},"excerpt":{"rendered":"<p>La carafe \u00e0 anse de la collection Intrecci est un v\u00e9ritable atout pour votre table. Fabriqu\u00e9e en verre borosilicate souffl\u00e9 bouche, l\u00e9g\u00e8re et r\u00e9sistante aux chocs thermiques, elle se distingue par son bord orn\u00e9 d\u2019un \u00e9l\u00e9gant tressage de verre mat. Id\u00e9ale pour servir eau, jus ou vin avec style. Lave-vaisselle \u00e0 60\u00b0C. Caract\u00e9ristiques\u00a0: Diam\u00e8tre\u00a0: 11\u00a0cm [&hellip;]<\/p>\n","protected":false},"featured_media":6379126,"template":"","meta":{"_acf_changed":false},"product_cat":[12007,11995],"product_tag":[],"class_list":{"0":"post-1610521","1":"product","2":"type-product","3":"status-publish","4":"has-post-thumbnail","6":"product_cat-carafes-bouteilles","7":"product_cat-table-fr-2","9":"first","10":"instock","11":"taxable","12":"shipping-taxable","13":"purchasable","14":"product-type-simple","swatches":"rey-swatches","show_selected":"","stretch_labels":"rey-swatches--stretch-labels"},"acf":[],"yoast_head":"<!-- This site is optimized with the Yoast SEO plugin v25.4 - https:\/\/yoast.com\/wordpress\/plugins\/seo\/ -->\n<title>ZAFFERANO Intrecci Carafe Blanc et Noir - dev6 Erresse<\/title>\n<meta name=\"description\" content=\"La carafe \u00e0 anse de la collection Intrecci est un v\u00e9ritable atout pour votre table. Fabriqu\u00e9e en verre borosilicate souffl\u00e9 bouche, l\u00e9g\u00e8re et r\u00e9sistante\" \/>\n<meta name=\"robots\" content=\"noindex, follow, max-snippet:-1, max-image-preview:large, max-video-preview:-1\" \/>\n<meta property=\"og:locale\" content=\"fr_FR\" \/>\n<meta property=\"og:type\" content=\"article\" \/>\n<meta property=\"og:title\" content=\"ZAFFERANO Intrecci Carafe Blanc et Noir - dev6 Erresse\" \/>\n<meta property=\"og:description\" content=\"La carafe \u00e0 anse de la collection Intrecci est un v\u00e9ritable atout pour votre table. Fabriqu\u00e9e en verre borosilicate souffl\u00e9 bouche, l\u00e9g\u00e8re et r\u00e9sistante\" \/>\n<meta property=\"og:url\" content=\"https:\/\/dev6.erresse-shop.it\/fr\/shop\/table-fr-2\/carafes-bouteilles\/zafferano-intrecci-carafe-blanc-et-noir\/\" \/>\n<meta property=\"og:site_name\" content=\"dev6 Erresse\" \/>\n<meta property=\"og:image\" content=\"https:\/\/interpim.erresse-shop.it\/wp-content\/uploads\/2025\/03\/ZAFFERANO-Intrecci-Caraffa-Bianco-e-Nero.jpg\/zafferano-intrecci-caraffa-bianco-e-nero.jpg\" \/><meta property=\"og:image\" content=\"https:\/\/interpim.erresse-shop.it\/wp-content\/uploads\/2025\/03\/ZAFFERANO-Intrecci-Caraffa-Bianco-e-Nero.jpg\/zafferano-intrecci-caraffa-bianco-e-nero.jpg\" \/>\n\t<meta property=\"og:image:width\" content=\"1024\" \/>\n\t<meta property=\"og:image:height\" content=\"1024\" \/>\n\t<meta property=\"og:image:type\" content=\"image\/jpeg\" \/>\n<meta name=\"twitter:card\" content=\"summary_large_image\" \/>\n<meta name=\"twitter:image\" content=\"https:\/\/interpim.erresse-shop.it\/wp-content\/uploads\/2025\/03\/ZAFFERANO-Intrecci-Caraffa-Bianco-e-Nero.jpg\/zafferano-intrecci-caraffa-bianco-e-nero.jpg\" \/>\n<script type=\"application\/ld+json\" class=\"yoast-schema-graph\">{\"@context\":\"https:\/\/schema.org\",\"@graph\":[{\"@type\":\"WebPage\",\"@id\":\"https:\/\/dev6.erresse-shop.it\/fr\/shop\/table-fr-2\/carafes-bouteilles\/zafferano-intrecci-carafe-blanc-et-noir\/\",\"url\":\"https:\/\/dev6.erresse-shop.it\/fr\/shop\/table-fr-2\/carafes-bouteilles\/zafferano-intrecci-carafe-blanc-et-noir\/\",\"name\":\"ZAFFERANO Intrecci Carafe Blanc et Noir - dev6 Erresse\",\"isPartOf\":{\"@id\":\"https:\/\/dev6.erresse-shop.it\/#website\"},\"primaryImageOfPage\":{\"@id\":\"https:\/\/dev6.erresse-shop.it\/fr\/shop\/table-fr-2\/carafes-bouteilles\/zafferano-intrecci-carafe-blanc-et-noir\/#primaryimage\"},\"image\":{\"@id\":\"https:\/\/dev6.erresse-shop.it\/fr\/shop\/table-fr-2\/carafes-bouteilles\/zafferano-intrecci-carafe-blanc-et-noir\/#primaryimage\"},\"thumbnailUrl\":\"https:\/\/i0.wp.com\/interpim.erresse-shop.it\/wp-content\/uploads\/2025\/03\/ZAFFERANO-Intrecci-Caraffa-Bianco-e-Nero.jpg\/zafferano-intrecci-caraffa-bianco-e-nero.jpg?ssl=1\",\"datePublished\":\"2026-04-12T12:01:38+00:00\",\"description\":\"La carafe \u00e0 anse de la collection Intrecci est un v\u00e9ritable atout pour votre table. Fabriqu\u00e9e en verre borosilicate souffl\u00e9 bouche, l\u00e9g\u00e8re et r\u00e9sistante\",\"breadcrumb\":{\"@id\":\"https:\/\/dev6.erresse-shop.it\/fr\/shop\/table-fr-2\/carafes-bouteilles\/zafferano-intrecci-carafe-blanc-et-noir\/#breadcrumb\"},\"inLanguage\":\"fr-FR\",\"potentialAction\":[{\"@type\":\"ReadAction\",\"target\":[\"https:\/\/dev6.erresse-shop.it\/fr\/shop\/table-fr-2\/carafes-bouteilles\/zafferano-intrecci-carafe-blanc-et-noir\/\"]}]},{\"@type\":\"ImageObject\",\"inLanguage\":\"fr-FR\",\"@id\":\"https:\/\/dev6.erresse-shop.it\/fr\/shop\/table-fr-2\/carafes-bouteilles\/zafferano-intrecci-carafe-blanc-et-noir\/#primaryimage\",\"url\":\"https:\/\/i0.wp.com\/interpim.erresse-shop.it\/wp-content\/uploads\/2025\/03\/ZAFFERANO-Intrecci-Caraffa-Bianco-e-Nero.jpg\/zafferano-intrecci-caraffa-bianco-e-nero.jpg?ssl=1\",\"contentUrl\":\"https:\/\/i0.wp.com\/interpim.erresse-shop.it\/wp-content\/uploads\/2025\/03\/ZAFFERANO-Intrecci-Caraffa-Bianco-e-Nero.jpg\/zafferano-intrecci-caraffa-bianco-e-nero.jpg?ssl=1\"},{\"@type\":\"BreadcrumbList\",\"@id\":\"https:\/\/dev6.erresse-shop.it\/fr\/shop\/table-fr-2\/carafes-bouteilles\/zafferano-intrecci-carafe-blanc-et-noir\/#breadcrumb\",\"itemListElement\":[{\"@type\":\"ListItem\",\"position\":1,\"name\":\"Home\",\"item\":\"https:\/\/dev6.erresse-shop.it\/\"},{\"@type\":\"ListItem\",\"position\":2,\"name\":\"Boutique\",\"item\":\"https:\/\/dev6.erresse-shop.it\/shop\/\"},{\"@type\":\"ListItem\",\"position\":3,\"name\":\"ZAFFERANO Intrecci Carafe Blanc et Noir\"}]},{\"@type\":\"WebSite\",\"@id\":\"https:\/\/dev6.erresse-shop.it\/#website\",\"url\":\"https:\/\/dev6.erresse-shop.it\/\",\"name\":\"Erresse Shop\",\"description\":\"\",\"publisher\":{\"@id\":\"https:\/\/dev6.erresse-shop.it\/#organization\"},\"potentialAction\":[{\"@type\":\"SearchAction\",\"target\":{\"@type\":\"EntryPoint\",\"urlTemplate\":\"https:\/\/dev6.erresse-shop.it\/?s={search_term_string}\"},\"query-input\":{\"@type\":\"PropertyValueSpecification\",\"valueRequired\":true,\"valueName\":\"search_term_string\"}}],\"inLanguage\":\"fr-FR\"},{\"@type\":\"Organization\",\"@id\":\"https:\/\/dev6.erresse-shop.it\/#organization\",\"name\":\"Erresse Shop\",\"url\":\"https:\/\/dev6.erresse-shop.it\/\",\"logo\":{\"@type\":\"ImageObject\",\"inLanguage\":\"fr-FR\",\"@id\":\"https:\/\/dev6.erresse-shop.it\/#\/schema\/logo\/image\/\",\"url\":\"https:\/\/dev6.erresse-shop.it\/wp-content\/uploads\/2025\/01\/LOGO-ERRESSE-CLASSICO.svg\",\"contentUrl\":\"https:\/\/dev6.erresse-shop.it\/wp-content\/uploads\/2025\/01\/LOGO-ERRESSE-CLASSICO.svg\",\"caption\":\"Erresse Shop\"},\"image\":{\"@id\":\"https:\/\/dev6.erresse-shop.it\/#\/schema\/logo\/image\/\"}}]}<\/script>\n<!-- \/ Yoast SEO plugin. -->","yoast_head_json":{"title":"ZAFFERANO Intrecci Carafe Blanc et Noir - dev6 Erresse","description":"La carafe \u00e0 anse de la collection Intrecci est un v\u00e9ritable atout pour votre table. Fabriqu\u00e9e en verre borosilicate souffl\u00e9 bouche, l\u00e9g\u00e8re et r\u00e9sistante","robots":{"index":"noindex","follow":"follow","max-snippet":"max-snippet:-1","max-image-preview":"max-image-preview:large","max-video-preview":"max-video-preview:-1"},"og_locale":"fr_FR","og_type":"article","og_title":"ZAFFERANO Intrecci Carafe Blanc et Noir - dev6 Erresse","og_description":"La carafe \u00e0 anse de la collection Intrecci est un v\u00e9ritable atout pour votre table. Fabriqu\u00e9e en verre borosilicate souffl\u00e9 bouche, l\u00e9g\u00e8re et r\u00e9sistante","og_url":"https:\/\/dev6.erresse-shop.it\/fr\/shop\/table-fr-2\/carafes-bouteilles\/zafferano-intrecci-carafe-blanc-et-noir\/","og_site_name":"dev6 Erresse","og_image":[{"url":"https:\/\/interpim.erresse-shop.it\/wp-content\/uploads\/2025\/03\/ZAFFERANO-Intrecci-Caraffa-Bianco-e-Nero.jpg\/zafferano-intrecci-caraffa-bianco-e-nero.jpg","type":"","width":"","height":""},{"url":"https:\/\/interpim.erresse-shop.it\/wp-content\/uploads\/2025\/03\/ZAFFERANO-Intrecci-Caraffa-Bianco-e-Nero.jpg\/zafferano-intrecci-caraffa-bianco-e-nero.jpg","width":1024,"height":1024,"type":"image\/jpeg"}],"twitter_card":"summary_large_image","twitter_image":"https:\/\/interpim.erresse-shop.it\/wp-content\/uploads\/2025\/03\/ZAFFERANO-Intrecci-Caraffa-Bianco-e-Nero.jpg\/zafferano-intrecci-caraffa-bianco-e-nero.jpg","schema":{"@context":"https:\/\/schema.org","@graph":[{"@type":"WebPage","@id":"https:\/\/dev6.erresse-shop.it\/fr\/shop\/table-fr-2\/carafes-bouteilles\/zafferano-intrecci-carafe-blanc-et-noir\/","url":"https:\/\/dev6.erresse-shop.it\/fr\/shop\/table-fr-2\/carafes-bouteilles\/zafferano-intrecci-carafe-blanc-et-noir\/","name":"ZAFFERANO Intrecci Carafe Blanc et Noir - dev6 Erresse","isPartOf":{"@id":"https:\/\/dev6.erresse-shop.it\/#website"},"primaryImageOfPage":{"@id":"https:\/\/dev6.erresse-shop.it\/fr\/shop\/table-fr-2\/carafes-bouteilles\/zafferano-intrecci-carafe-blanc-et-noir\/#primaryimage"},"image":{"@id":"https:\/\/dev6.erresse-shop.it\/fr\/shop\/table-fr-2\/carafes-bouteilles\/zafferano-intrecci-carafe-blanc-et-noir\/#primaryimage"},"thumbnailUrl":"https:\/\/i0.wp.com\/interpim.erresse-shop.it\/wp-content\/uploads\/2025\/03\/ZAFFERANO-Intrecci-Caraffa-Bianco-e-Nero.jpg\/zafferano-intrecci-caraffa-bianco-e-nero.jpg?ssl=1","datePublished":"2026-04-12T12:01:38+00:00","description":"La carafe \u00e0 anse de la collection Intrecci est un v\u00e9ritable atout pour votre table. Fabriqu\u00e9e en verre borosilicate souffl\u00e9 bouche, l\u00e9g\u00e8re et r\u00e9sistante","breadcrumb":{"@id":"https:\/\/dev6.erresse-shop.it\/fr\/shop\/table-fr-2\/carafes-bouteilles\/zafferano-intrecci-carafe-blanc-et-noir\/#breadcrumb"},"inLanguage":"fr-FR","potentialAction":[{"@type":"ReadAction","target":["https:\/\/dev6.erresse-shop.it\/fr\/shop\/table-fr-2\/carafes-bouteilles\/zafferano-intrecci-carafe-blanc-et-noir\/"]}]},{"@type":"ImageObject","inLanguage":"fr-FR","@id":"https:\/\/dev6.erresse-shop.it\/fr\/shop\/table-fr-2\/carafes-bouteilles\/zafferano-intrecci-carafe-blanc-et-noir\/#primaryimage","url":"https:\/\/i0.wp.com\/interpim.erresse-shop.it\/wp-content\/uploads\/2025\/03\/ZAFFERANO-Intrecci-Caraffa-Bianco-e-Nero.jpg\/zafferano-intrecci-caraffa-bianco-e-nero.jpg?ssl=1","contentUrl":"https:\/\/i0.wp.com\/interpim.erresse-shop.it\/wp-content\/uploads\/2025\/03\/ZAFFERANO-Intrecci-Caraffa-Bianco-e-Nero.jpg\/zafferano-intrecci-caraffa-bianco-e-nero.jpg?ssl=1"},{"@type":"BreadcrumbList","@id":"https:\/\/dev6.erresse-shop.it\/fr\/shop\/table-fr-2\/carafes-bouteilles\/zafferano-intrecci-carafe-blanc-et-noir\/#breadcrumb","itemListElement":[{"@type":"ListItem","position":1,"name":"Home","item":"https:\/\/dev6.erresse-shop.it\/"},{"@type":"ListItem","position":2,"name":"Boutique","item":"https:\/\/dev6.erresse-shop.it\/shop\/"},{"@type":"ListItem","position":3,"name":"ZAFFERANO Intrecci Carafe Blanc et Noir"}]},{"@type":"WebSite","@id":"https:\/\/dev6.erresse-shop.it\/#website","url":"https:\/\/dev6.erresse-shop.it\/","name":"Erresse Shop","description":"","publisher":{"@id":"https:\/\/dev6.erresse-shop.it\/#organization"},"potentialAction":[{"@type":"SearchAction","target":{"@type":"EntryPoint","urlTemplate":"https:\/\/dev6.erresse-shop.it\/?s={search_term_string}"},"query-input":{"@type":"PropertyValueSpecification","valueRequired":true,"valueName":"search_term_string"}}],"inLanguage":"fr-FR"},{"@type":"Organization","@id":"https:\/\/dev6.erresse-shop.it\/#organization","name":"Erresse Shop","url":"https:\/\/dev6.erresse-shop.it\/","logo":{"@type":"ImageObject","inLanguage":"fr-FR","@id":"https:\/\/dev6.erresse-shop.it\/#\/schema\/logo\/image\/","url":"https:\/\/dev6.erresse-shop.it\/wp-content\/uploads\/2025\/01\/LOGO-ERRESSE-CLASSICO.svg","contentUrl":"https:\/\/dev6.erresse-shop.it\/wp-content\/uploads\/2025\/01\/LOGO-ERRESSE-CLASSICO.svg","caption":"Erresse Shop"},"image":{"@id":"https:\/\/dev6.erresse-shop.it\/#\/schema\/logo\/image\/"}}]}},"df_price":25,"df_sale_price":"","df_regular_price":25,"df_image_link":"https:\/\/i0.wp.com\/interpim.erresse-shop.it\/wp-content\/uploads\/2025\/03\/ZAFFERANO-Intrecci-Caraffa-Bianco-e-Nero.jpg\/zafferano-intrecci-caraffa-bianco-e-nero.jpg?resize=300,300&ssl=1","fifu_image_url":"https:\/\/interpim.erresse-shop.it\/wp-content\/uploads\/2025\/03\/ZAFFERANO-Intrecci-Caraffa-Bianco-e-Nero.jpg\/zafferano-intrecci-caraffa-bianco-e-nero.jpg","_links":{"self":[{"href":"https:\/\/dev6.erresse-shop.it\/fr\/wp-json\/wp\/v2\/product\/1610521","targetHints":{"allow":["GET"]}}],"collection":[{"href":"https:\/\/dev6.erresse-shop.it\/fr\/wp-json\/wp\/v2\/product"}],"about":[{"href":"https:\/\/dev6.erresse-shop.it\/fr\/wp-json\/wp\/v2\/types\/product"}],"wp:featuredmedia":[{"embeddable":true,"href":"https:\/\/dev6.erresse-shop.it\/fr\/wp-json\/wp\/v2\/media\/6379126"}],"wp:attachment":[{"href":"https:\/\/dev6.erresse-shop.it\/fr\/wp-json\/wp\/v2\/media?parent=1610521"}],"wp:term":[{"taxonomy":"product_cat","embeddable":true,"href":"https:\/\/dev6.erresse-shop.it\/fr\/wp-json\/wp\/v2\/product_cat?post=1610521"},{"taxonomy":"product_tag","embeddable":true,"href":"https:\/\/dev6.erresse-shop.it\/fr\/wp-json\/wp\/v2\/product_tag?post=1610521"}],"curies":[{"name":"wp","href":"https:\/\/api.w.org\/{rel}","templated":true}]}}