{"id":1610503,"date":"2026-04-12T13:58:47","date_gmt":"2026-04-12T11:58:47","guid":{"rendered":"https:\/\/dev6.erresse-shop.it\/shop\/non%20class\u00e9\/zafferano-teca-mare-set-de-6-verres-a-pied-oursin-bleu\/"},"modified":"2025-09-14T06:56:29","modified_gmt":"2025-09-14T04:56:29","slug":"zafferano-teca-mare-set-de-6-verres-a-pied-oursin-bleu","status":"publish","type":"product","link":"https:\/\/dev6.erresse-shop.it\/fr\/shop\/table-fr-2\/verres\/zafferano-teca-mare-set-de-6-verres-a-pied-oursin-bleu\/","title":{"rendered":"ZAFFERANO Teca Mare Set de 6 verres \u00e0 pied Oursin bleu"},"content":{"rendered":"<p>Apportez une touche marine \u00e0 votre table avec le coffret de six verres de la collection Teca Mare de Zafferano. Enti\u00e8rement fabriqu\u00e9s \u00e0 la main en verre borosilicat\u00e9, chacun d\u2019eux contient, \u00e0 l\u2019int\u00e9rieur du double vitrage au fond du verre, l\u2019un des six d\u00e9licieux d\u00e9cors marins, tels que poisson-globe, sardine, corail, oursin et \u00e9toile de mer. Leur design est innovant\u00a0: l\u2019\u00e9tui prot\u00e8ge le d\u00e9cor, les verres sont empilables et faciles \u00e0 nettoyer. Id\u00e9als pour ajouter une touche de gaiet\u00e9 et d\u2019originalit\u00e9 \u00e0 votre quotidien, les verres Teca Mare offrent une solution pratique et r\u00e9sistante pour chaque occasion. Parfaits pour un usage quotidien ou pour surprendre vos invit\u00e9s par leur \u00e9l\u00e9gance et leur fonctionnalit\u00e9.<\/p>\n<p>Caract\u00e9ristiques\u00a0:<\/p>\n<p>Diam\u00e8tre\u00a0: 8 cm<br \/>\nHauteur totale\u00a0: 10,5 cm<br \/>\nContenance\u00a0: 35 cl<\/p>\n","protected":false},"excerpt":{"rendered":"<p>Apportez une touche marine \u00e0 votre table avec le coffret de six verres de la collection Teca Mare de Zafferano. Enti\u00e8rement fabriqu\u00e9s \u00e0 la main en verre borosilicat\u00e9, chacun d\u2019eux contient, \u00e0 l\u2019int\u00e9rieur du double vitrage au fond du verre, l\u2019un des six d\u00e9licieux d\u00e9cors marins, tels que poisson-globe, sardine, corail, oursin et \u00e9toile de [&hellip;]<\/p>\n","protected":false},"featured_media":6379087,"template":"","meta":{"_acf_changed":false},"product_cat":[11995,12009],"product_tag":[],"class_list":{"0":"post-1610503","1":"product","2":"type-product","3":"status-publish","4":"has-post-thumbnail","6":"product_cat-table-fr-2","7":"product_cat-verres","9":"first","10":"instock","11":"sale","12":"taxable","13":"shipping-taxable","14":"purchasable","15":"product-type-simple","swatches":"rey-swatches","show_selected":"","stretch_labels":"rey-swatches--stretch-labels"},"acf":[],"yoast_head":"<!-- This site is optimized with the Yoast SEO plugin v25.4 - https:\/\/yoast.com\/wordpress\/plugins\/seo\/ -->\n<title>ZAFFERANO Teca Mare Set de 6 verres \u00e0 pied Oursin bleu - dev6 Erresse<\/title>\n<meta name=\"description\" content=\"Apportez une touche marine \u00e0 votre table avec le coffret de six verres de la collection Teca Mare de Zafferano. Enti\u00e8rement fabriqu\u00e9s \u00e0 la main en verre\" \/>\n<meta name=\"robots\" content=\"noindex, follow, max-snippet:-1, max-image-preview:large, max-video-preview:-1\" \/>\n<meta property=\"og:locale\" content=\"fr_FR\" \/>\n<meta property=\"og:type\" content=\"article\" \/>\n<meta property=\"og:title\" content=\"ZAFFERANO Teca Mare Set de 6 verres \u00e0 pied Oursin bleu - dev6 Erresse\" \/>\n<meta property=\"og:description\" content=\"Apportez une touche marine \u00e0 votre table avec le coffret de six verres de la collection Teca Mare de Zafferano. Enti\u00e8rement fabriqu\u00e9s \u00e0 la main en verre\" \/>\n<meta property=\"og:url\" content=\"https:\/\/dev6.erresse-shop.it\/fr\/shop\/table-fr-2\/verres\/zafferano-teca-mare-set-de-6-verres-a-pied-oursin-bleu\/\" \/>\n<meta property=\"og:site_name\" content=\"dev6 Erresse\" \/>\n<meta property=\"og:image\" content=\"https:\/\/interpim.erresse-shop.it\/Import\/Prodotti\/zafferano-teca-mare-set-6-bicchieri-tumbler-riccio-blu.jpg\" \/><meta property=\"og:image\" content=\"https:\/\/interpim.erresse-shop.it\/Import\/Prodotti\/zafferano-teca-mare-set-6-bicchieri-tumbler-riccio-blu.jpg\" \/>\n\t<meta property=\"og:image:width\" content=\"1024\" \/>\n\t<meta property=\"og:image:height\" content=\"1024\" \/>\n\t<meta property=\"og:image:type\" content=\"image\/jpeg\" \/>\n<meta name=\"twitter:card\" content=\"summary_large_image\" \/>\n<meta name=\"twitter:image\" content=\"https:\/\/interpim.erresse-shop.it\/Import\/Prodotti\/zafferano-teca-mare-set-6-bicchieri-tumbler-riccio-blu.jpg\" \/>\n<script type=\"application\/ld+json\" class=\"yoast-schema-graph\">{\"@context\":\"https:\/\/schema.org\",\"@graph\":[{\"@type\":\"WebPage\",\"@id\":\"https:\/\/dev6.erresse-shop.it\/fr\/shop\/table-fr-2\/verres\/zafferano-teca-mare-set-de-6-verres-a-pied-oursin-bleu\/\",\"url\":\"https:\/\/dev6.erresse-shop.it\/fr\/shop\/table-fr-2\/verres\/zafferano-teca-mare-set-de-6-verres-a-pied-oursin-bleu\/\",\"name\":\"ZAFFERANO Teca Mare Set de 6 verres \u00e0 pied Oursin bleu - dev6 Erresse\",\"isPartOf\":{\"@id\":\"https:\/\/dev6.erresse-shop.it\/#website\"},\"primaryImageOfPage\":{\"@id\":\"https:\/\/dev6.erresse-shop.it\/fr\/shop\/table-fr-2\/verres\/zafferano-teca-mare-set-de-6-verres-a-pied-oursin-bleu\/#primaryimage\"},\"image\":{\"@id\":\"https:\/\/dev6.erresse-shop.it\/fr\/shop\/table-fr-2\/verres\/zafferano-teca-mare-set-de-6-verres-a-pied-oursin-bleu\/#primaryimage\"},\"thumbnailUrl\":\"https:\/\/i3.wp.com\/interpim.erresse-shop.it\/Import\/Prodotti\/zafferano-teca-mare-set-6-bicchieri-tumbler-riccio-blu.jpg?ssl=1\",\"datePublished\":\"2026-04-12T11:58:47+00:00\",\"description\":\"Apportez une touche marine \u00e0 votre table avec le coffret de six verres de la collection Teca Mare de Zafferano. Enti\u00e8rement fabriqu\u00e9s \u00e0 la main en verre\",\"breadcrumb\":{\"@id\":\"https:\/\/dev6.erresse-shop.it\/fr\/shop\/table-fr-2\/verres\/zafferano-teca-mare-set-de-6-verres-a-pied-oursin-bleu\/#breadcrumb\"},\"inLanguage\":\"fr-FR\",\"potentialAction\":[{\"@type\":\"ReadAction\",\"target\":[\"https:\/\/dev6.erresse-shop.it\/fr\/shop\/table-fr-2\/verres\/zafferano-teca-mare-set-de-6-verres-a-pied-oursin-bleu\/\"]}]},{\"@type\":\"ImageObject\",\"inLanguage\":\"fr-FR\",\"@id\":\"https:\/\/dev6.erresse-shop.it\/fr\/shop\/table-fr-2\/verres\/zafferano-teca-mare-set-de-6-verres-a-pied-oursin-bleu\/#primaryimage\",\"url\":\"https:\/\/i3.wp.com\/interpim.erresse-shop.it\/Import\/Prodotti\/zafferano-teca-mare-set-6-bicchieri-tumbler-riccio-blu.jpg?ssl=1\",\"contentUrl\":\"https:\/\/i3.wp.com\/interpim.erresse-shop.it\/Import\/Prodotti\/zafferano-teca-mare-set-6-bicchieri-tumbler-riccio-blu.jpg?ssl=1\"},{\"@type\":\"BreadcrumbList\",\"@id\":\"https:\/\/dev6.erresse-shop.it\/fr\/shop\/table-fr-2\/verres\/zafferano-teca-mare-set-de-6-verres-a-pied-oursin-bleu\/#breadcrumb\",\"itemListElement\":[{\"@type\":\"ListItem\",\"position\":1,\"name\":\"Home\",\"item\":\"https:\/\/dev6.erresse-shop.it\/\"},{\"@type\":\"ListItem\",\"position\":2,\"name\":\"Boutique\",\"item\":\"https:\/\/dev6.erresse-shop.it\/shop\/\"},{\"@type\":\"ListItem\",\"position\":3,\"name\":\"ZAFFERANO Teca Mare Set de 6 verres \u00e0 pied Oursin bleu\"}]},{\"@type\":\"WebSite\",\"@id\":\"https:\/\/dev6.erresse-shop.it\/#website\",\"url\":\"https:\/\/dev6.erresse-shop.it\/\",\"name\":\"Erresse Shop\",\"description\":\"\",\"publisher\":{\"@id\":\"https:\/\/dev6.erresse-shop.it\/#organization\"},\"potentialAction\":[{\"@type\":\"SearchAction\",\"target\":{\"@type\":\"EntryPoint\",\"urlTemplate\":\"https:\/\/dev6.erresse-shop.it\/?s={search_term_string}\"},\"query-input\":{\"@type\":\"PropertyValueSpecification\",\"valueRequired\":true,\"valueName\":\"search_term_string\"}}],\"inLanguage\":\"fr-FR\"},{\"@type\":\"Organization\",\"@id\":\"https:\/\/dev6.erresse-shop.it\/#organization\",\"name\":\"Erresse Shop\",\"url\":\"https:\/\/dev6.erresse-shop.it\/\",\"logo\":{\"@type\":\"ImageObject\",\"inLanguage\":\"fr-FR\",\"@id\":\"https:\/\/dev6.erresse-shop.it\/#\/schema\/logo\/image\/\",\"url\":\"https:\/\/dev6.erresse-shop.it\/wp-content\/uploads\/2025\/01\/LOGO-ERRESSE-CLASSICO.svg\",\"contentUrl\":\"https:\/\/dev6.erresse-shop.it\/wp-content\/uploads\/2025\/01\/LOGO-ERRESSE-CLASSICO.svg\",\"caption\":\"Erresse Shop\"},\"image\":{\"@id\":\"https:\/\/dev6.erresse-shop.it\/#\/schema\/logo\/image\/\"}}]}<\/script>\n<!-- \/ Yoast SEO plugin. -->","yoast_head_json":{"title":"ZAFFERANO Teca Mare Set de 6 verres \u00e0 pied Oursin bleu - dev6 Erresse","description":"Apportez une touche marine \u00e0 votre table avec le coffret de six verres de la collection Teca Mare de Zafferano. Enti\u00e8rement fabriqu\u00e9s \u00e0 la main en verre","robots":{"index":"noindex","follow":"follow","max-snippet":"max-snippet:-1","max-image-preview":"max-image-preview:large","max-video-preview":"max-video-preview:-1"},"og_locale":"fr_FR","og_type":"article","og_title":"ZAFFERANO Teca Mare Set de 6 verres \u00e0 pied Oursin bleu - dev6 Erresse","og_description":"Apportez une touche marine \u00e0 votre table avec le coffret de six verres de la collection Teca Mare de Zafferano. Enti\u00e8rement fabriqu\u00e9s \u00e0 la main en verre","og_url":"https:\/\/dev6.erresse-shop.it\/fr\/shop\/table-fr-2\/verres\/zafferano-teca-mare-set-de-6-verres-a-pied-oursin-bleu\/","og_site_name":"dev6 Erresse","og_image":[{"url":"https:\/\/interpim.erresse-shop.it\/Import\/Prodotti\/zafferano-teca-mare-set-6-bicchieri-tumbler-riccio-blu.jpg","type":"","width":"","height":""},{"url":"https:\/\/interpim.erresse-shop.it\/Import\/Prodotti\/zafferano-teca-mare-set-6-bicchieri-tumbler-riccio-blu.jpg","width":1024,"height":1024,"type":"image\/jpeg"}],"twitter_card":"summary_large_image","twitter_image":"https:\/\/interpim.erresse-shop.it\/Import\/Prodotti\/zafferano-teca-mare-set-6-bicchieri-tumbler-riccio-blu.jpg","schema":{"@context":"https:\/\/schema.org","@graph":[{"@type":"WebPage","@id":"https:\/\/dev6.erresse-shop.it\/fr\/shop\/table-fr-2\/verres\/zafferano-teca-mare-set-de-6-verres-a-pied-oursin-bleu\/","url":"https:\/\/dev6.erresse-shop.it\/fr\/shop\/table-fr-2\/verres\/zafferano-teca-mare-set-de-6-verres-a-pied-oursin-bleu\/","name":"ZAFFERANO Teca Mare Set de 6 verres \u00e0 pied Oursin bleu - dev6 Erresse","isPartOf":{"@id":"https:\/\/dev6.erresse-shop.it\/#website"},"primaryImageOfPage":{"@id":"https:\/\/dev6.erresse-shop.it\/fr\/shop\/table-fr-2\/verres\/zafferano-teca-mare-set-de-6-verres-a-pied-oursin-bleu\/#primaryimage"},"image":{"@id":"https:\/\/dev6.erresse-shop.it\/fr\/shop\/table-fr-2\/verres\/zafferano-teca-mare-set-de-6-verres-a-pied-oursin-bleu\/#primaryimage"},"thumbnailUrl":"https:\/\/i3.wp.com\/interpim.erresse-shop.it\/Import\/Prodotti\/zafferano-teca-mare-set-6-bicchieri-tumbler-riccio-blu.jpg?ssl=1","datePublished":"2026-04-12T11:58:47+00:00","description":"Apportez une touche marine \u00e0 votre table avec le coffret de six verres de la collection Teca Mare de Zafferano. Enti\u00e8rement fabriqu\u00e9s \u00e0 la main en verre","breadcrumb":{"@id":"https:\/\/dev6.erresse-shop.it\/fr\/shop\/table-fr-2\/verres\/zafferano-teca-mare-set-de-6-verres-a-pied-oursin-bleu\/#breadcrumb"},"inLanguage":"fr-FR","potentialAction":[{"@type":"ReadAction","target":["https:\/\/dev6.erresse-shop.it\/fr\/shop\/table-fr-2\/verres\/zafferano-teca-mare-set-de-6-verres-a-pied-oursin-bleu\/"]}]},{"@type":"ImageObject","inLanguage":"fr-FR","@id":"https:\/\/dev6.erresse-shop.it\/fr\/shop\/table-fr-2\/verres\/zafferano-teca-mare-set-de-6-verres-a-pied-oursin-bleu\/#primaryimage","url":"https:\/\/i3.wp.com\/interpim.erresse-shop.it\/Import\/Prodotti\/zafferano-teca-mare-set-6-bicchieri-tumbler-riccio-blu.jpg?ssl=1","contentUrl":"https:\/\/i3.wp.com\/interpim.erresse-shop.it\/Import\/Prodotti\/zafferano-teca-mare-set-6-bicchieri-tumbler-riccio-blu.jpg?ssl=1"},{"@type":"BreadcrumbList","@id":"https:\/\/dev6.erresse-shop.it\/fr\/shop\/table-fr-2\/verres\/zafferano-teca-mare-set-de-6-verres-a-pied-oursin-bleu\/#breadcrumb","itemListElement":[{"@type":"ListItem","position":1,"name":"Home","item":"https:\/\/dev6.erresse-shop.it\/"},{"@type":"ListItem","position":2,"name":"Boutique","item":"https:\/\/dev6.erresse-shop.it\/shop\/"},{"@type":"ListItem","position":3,"name":"ZAFFERANO Teca Mare Set de 6 verres \u00e0 pied Oursin bleu"}]},{"@type":"WebSite","@id":"https:\/\/dev6.erresse-shop.it\/#website","url":"https:\/\/dev6.erresse-shop.it\/","name":"Erresse Shop","description":"","publisher":{"@id":"https:\/\/dev6.erresse-shop.it\/#organization"},"potentialAction":[{"@type":"SearchAction","target":{"@type":"EntryPoint","urlTemplate":"https:\/\/dev6.erresse-shop.it\/?s={search_term_string}"},"query-input":{"@type":"PropertyValueSpecification","valueRequired":true,"valueName":"search_term_string"}}],"inLanguage":"fr-FR"},{"@type":"Organization","@id":"https:\/\/dev6.erresse-shop.it\/#organization","name":"Erresse Shop","url":"https:\/\/dev6.erresse-shop.it\/","logo":{"@type":"ImageObject","inLanguage":"fr-FR","@id":"https:\/\/dev6.erresse-shop.it\/#\/schema\/logo\/image\/","url":"https:\/\/dev6.erresse-shop.it\/wp-content\/uploads\/2025\/01\/LOGO-ERRESSE-CLASSICO.svg","contentUrl":"https:\/\/dev6.erresse-shop.it\/wp-content\/uploads\/2025\/01\/LOGO-ERRESSE-CLASSICO.svg","caption":"Erresse Shop"},"image":{"@id":"https:\/\/dev6.erresse-shop.it\/#\/schema\/logo\/image\/"}}]}},"df_price":59.95,"df_sale_price":59.95,"df_regular_price":71.7,"df_image_link":"https:\/\/i3.wp.com\/interpim.erresse-shop.it\/Import\/Prodotti\/zafferano-teca-mare-set-6-bicchieri-tumbler-riccio-blu.jpg?resize=300,300&ssl=1","fifu_image_url":"https:\/\/interpim.erresse-shop.it\/Import\/Prodotti\/zafferano-teca-mare-set-6-bicchieri-tumbler-riccio-blu.jpg","_links":{"self":[{"href":"https:\/\/dev6.erresse-shop.it\/fr\/wp-json\/wp\/v2\/product\/1610503","targetHints":{"allow":["GET"]}}],"collection":[{"href":"https:\/\/dev6.erresse-shop.it\/fr\/wp-json\/wp\/v2\/product"}],"about":[{"href":"https:\/\/dev6.erresse-shop.it\/fr\/wp-json\/wp\/v2\/types\/product"}],"wp:featuredmedia":[{"embeddable":true,"href":"https:\/\/dev6.erresse-shop.it\/fr\/wp-json\/wp\/v2\/media\/6379087"}],"wp:attachment":[{"href":"https:\/\/dev6.erresse-shop.it\/fr\/wp-json\/wp\/v2\/media?parent=1610503"}],"wp:term":[{"taxonomy":"product_cat","embeddable":true,"href":"https:\/\/dev6.erresse-shop.it\/fr\/wp-json\/wp\/v2\/product_cat?post=1610503"},{"taxonomy":"product_tag","embeddable":true,"href":"https:\/\/dev6.erresse-shop.it\/fr\/wp-json\/wp\/v2\/product_tag?post=1610503"}],"curies":[{"name":"wp","href":"https:\/\/api.w.org\/{rel}","templated":true}]}}