{"id":1610471,"date":"2026-04-04T13:53:32","date_gmt":"2026-04-04T11:53:32","guid":{"rendered":"https:\/\/dev6.erresse-shop.it\/shop\/non%20class\u00e9\/zafferano-teca-frutta-set-de-6-verres-a-pied-assortis\/"},"modified":"2025-09-14T06:55:20","modified_gmt":"2025-09-14T04:55:20","slug":"zafferano-teca-frutta-set-de-6-verres-a-pied-assortis","status":"publish","type":"product","link":"https:\/\/dev6.erresse-shop.it\/fr\/shop\/table-fr-2\/verres\/zafferano-teca-frutta-set-de-6-verres-a-pied-assortis\/","title":{"rendered":"ZAFFERANO Teca Frutta Set de 6 verres \u00e0 pied assortis"},"content":{"rendered":"<p>Dans la cat\u00e9gorie des articles de table avec d\u00e9corations \u00e0 l\u2019int\u00e9rieur, Teca Frutta repr\u00e9sente une r\u00e9volution. Ces verres en verre borosilicate sont prot\u00e9g\u00e9s par un double fond (double verre) qui facilite leur nettoyage et leur entretien. Il est ainsi possible d\u2019y verser des gla\u00e7ons sans risque de casse. De plus, gr\u00e2ce \u00e0 la forme en creux du Teca, les verres sont empilables. Les d\u00e9corations de ce service de six pi\u00e8ces, r\u00e9alis\u00e9 \u00e0 la main, peuvent \u00eatre toutes diff\u00e9rentes ou repr\u00e9senter chacune un fruit de couleur diff\u00e9rente\u00a0: orange, citron, pomme, cerise, poire, fraise\u00a0; ainsi, chaque convive aura son propre verre personnalis\u00e9, \u00e9vitant ainsi toute confusion.<\/p>\n<p>Caract\u00e9ristiques\u00a0:<\/p>\n<p>Diam\u00e8tre\u00a0: 8 cm<br \/>\nHauteur totale\u00a0: 10,5 cm<br \/>\nContenance\u00a0: 35 cl<\/p>\n","protected":false},"excerpt":{"rendered":"<p>Dans la cat\u00e9gorie des articles de table avec d\u00e9corations \u00e0 l\u2019int\u00e9rieur, Teca Frutta repr\u00e9sente une r\u00e9volution. Ces verres en verre borosilicate sont prot\u00e9g\u00e9s par un double fond (double verre) qui facilite leur nettoyage et leur entretien. Il est ainsi possible d\u2019y verser des gla\u00e7ons sans risque de casse. De plus, gr\u00e2ce \u00e0 la forme en [&hellip;]<\/p>\n","protected":false},"featured_media":6295732,"template":"","meta":{"_acf_changed":false},"product_cat":[11995,12009],"product_tag":[],"class_list":{"0":"post-1610471","1":"product","2":"type-product","3":"status-publish","4":"has-post-thumbnail","6":"product_cat-table-fr-2","7":"product_cat-verres","9":"first","10":"instock","11":"sale","12":"taxable","13":"shipping-taxable","14":"purchasable","15":"product-type-simple","swatches":"rey-swatches","show_selected":"","stretch_labels":"rey-swatches--stretch-labels"},"acf":[],"yoast_head":"<!-- This site is optimized with the Yoast SEO plugin v25.4 - https:\/\/yoast.com\/wordpress\/plugins\/seo\/ -->\n<title>ZAFFERANO Teca Frutta Set de 6 verres \u00e0 pied assortis - dev6 Erresse<\/title>\n<meta name=\"description\" content=\"Dans la cat\u00e9gorie des articles de table avec d\u00e9corations \u00e0 l\u2019int\u00e9rieur, Teca Frutta repr\u00e9sente une r\u00e9volution. Ces verres en verre borosilicate sont\" \/>\n<meta name=\"robots\" content=\"noindex, follow, max-snippet:-1, max-image-preview:large, max-video-preview:-1\" \/>\n<meta property=\"og:locale\" content=\"fr_FR\" \/>\n<meta property=\"og:type\" content=\"article\" \/>\n<meta property=\"og:title\" content=\"ZAFFERANO Teca Frutta Set de 6 verres \u00e0 pied assortis - dev6 Erresse\" \/>\n<meta property=\"og:description\" content=\"Dans la cat\u00e9gorie des articles de table avec d\u00e9corations \u00e0 l\u2019int\u00e9rieur, Teca Frutta repr\u00e9sente une r\u00e9volution. Ces verres en verre borosilicate sont\" \/>\n<meta property=\"og:url\" content=\"https:\/\/dev6.erresse-shop.it\/fr\/shop\/table-fr-2\/verres\/zafferano-teca-frutta-set-de-6-verres-a-pied-assortis\/\" \/>\n<meta property=\"og:site_name\" content=\"dev6 Erresse\" \/>\n<meta property=\"og:image\" content=\"https:\/\/interpim.erresse-shop.it\/Import\/Prodotti\/zafferano-teca-frutta-set-6-bicchieri-tumbler-assortiti.jpg\" \/><meta property=\"og:image\" content=\"https:\/\/interpim.erresse-shop.it\/Import\/Prodotti\/zafferano-teca-frutta-set-6-bicchieri-tumbler-assortiti.jpg\" \/>\n\t<meta property=\"og:image:width\" content=\"1024\" \/>\n\t<meta property=\"og:image:height\" content=\"1024\" \/>\n\t<meta property=\"og:image:type\" content=\"image\/jpeg\" \/>\n<meta name=\"twitter:card\" content=\"summary_large_image\" \/>\n<meta name=\"twitter:image\" content=\"https:\/\/interpim.erresse-shop.it\/Import\/Prodotti\/zafferano-teca-frutta-set-6-bicchieri-tumbler-assortiti.jpg\" \/>\n<script type=\"application\/ld+json\" class=\"yoast-schema-graph\">{\"@context\":\"https:\/\/schema.org\",\"@graph\":[{\"@type\":\"WebPage\",\"@id\":\"https:\/\/dev6.erresse-shop.it\/fr\/shop\/table-fr-2\/verres\/zafferano-teca-frutta-set-de-6-verres-a-pied-assortis\/\",\"url\":\"https:\/\/dev6.erresse-shop.it\/fr\/shop\/table-fr-2\/verres\/zafferano-teca-frutta-set-de-6-verres-a-pied-assortis\/\",\"name\":\"ZAFFERANO Teca Frutta Set de 6 verres \u00e0 pied assortis - dev6 Erresse\",\"isPartOf\":{\"@id\":\"https:\/\/dev6.erresse-shop.it\/#website\"},\"primaryImageOfPage\":{\"@id\":\"https:\/\/dev6.erresse-shop.it\/fr\/shop\/table-fr-2\/verres\/zafferano-teca-frutta-set-de-6-verres-a-pied-assortis\/#primaryimage\"},\"image\":{\"@id\":\"https:\/\/dev6.erresse-shop.it\/fr\/shop\/table-fr-2\/verres\/zafferano-teca-frutta-set-de-6-verres-a-pied-assortis\/#primaryimage\"},\"thumbnailUrl\":\"https:\/\/i3.wp.com\/interpim.erresse-shop.it\/Import\/Prodotti\/zafferano-teca-frutta-set-6-bicchieri-tumbler-assortiti.jpg?ssl=1\",\"datePublished\":\"2026-04-04T11:53:32+00:00\",\"description\":\"Dans la cat\u00e9gorie des articles de table avec d\u00e9corations \u00e0 l\u2019int\u00e9rieur, Teca Frutta repr\u00e9sente une r\u00e9volution. Ces verres en verre borosilicate sont\",\"breadcrumb\":{\"@id\":\"https:\/\/dev6.erresse-shop.it\/fr\/shop\/table-fr-2\/verres\/zafferano-teca-frutta-set-de-6-verres-a-pied-assortis\/#breadcrumb\"},\"inLanguage\":\"fr-FR\",\"potentialAction\":[{\"@type\":\"ReadAction\",\"target\":[\"https:\/\/dev6.erresse-shop.it\/fr\/shop\/table-fr-2\/verres\/zafferano-teca-frutta-set-de-6-verres-a-pied-assortis\/\"]}]},{\"@type\":\"ImageObject\",\"inLanguage\":\"fr-FR\",\"@id\":\"https:\/\/dev6.erresse-shop.it\/fr\/shop\/table-fr-2\/verres\/zafferano-teca-frutta-set-de-6-verres-a-pied-assortis\/#primaryimage\",\"url\":\"https:\/\/i3.wp.com\/interpim.erresse-shop.it\/Import\/Prodotti\/zafferano-teca-frutta-set-6-bicchieri-tumbler-assortiti.jpg?ssl=1\",\"contentUrl\":\"https:\/\/i3.wp.com\/interpim.erresse-shop.it\/Import\/Prodotti\/zafferano-teca-frutta-set-6-bicchieri-tumbler-assortiti.jpg?ssl=1\"},{\"@type\":\"BreadcrumbList\",\"@id\":\"https:\/\/dev6.erresse-shop.it\/fr\/shop\/table-fr-2\/verres\/zafferano-teca-frutta-set-de-6-verres-a-pied-assortis\/#breadcrumb\",\"itemListElement\":[{\"@type\":\"ListItem\",\"position\":1,\"name\":\"Home\",\"item\":\"https:\/\/dev6.erresse-shop.it\/\"},{\"@type\":\"ListItem\",\"position\":2,\"name\":\"Boutique\",\"item\":\"https:\/\/dev6.erresse-shop.it\/shop\/\"},{\"@type\":\"ListItem\",\"position\":3,\"name\":\"ZAFFERANO Teca Frutta Set de 6 verres \u00e0 pied assortis\"}]},{\"@type\":\"WebSite\",\"@id\":\"https:\/\/dev6.erresse-shop.it\/#website\",\"url\":\"https:\/\/dev6.erresse-shop.it\/\",\"name\":\"Erresse Shop\",\"description\":\"\",\"publisher\":{\"@id\":\"https:\/\/dev6.erresse-shop.it\/#organization\"},\"potentialAction\":[{\"@type\":\"SearchAction\",\"target\":{\"@type\":\"EntryPoint\",\"urlTemplate\":\"https:\/\/dev6.erresse-shop.it\/?s={search_term_string}\"},\"query-input\":{\"@type\":\"PropertyValueSpecification\",\"valueRequired\":true,\"valueName\":\"search_term_string\"}}],\"inLanguage\":\"fr-FR\"},{\"@type\":\"Organization\",\"@id\":\"https:\/\/dev6.erresse-shop.it\/#organization\",\"name\":\"Erresse Shop\",\"url\":\"https:\/\/dev6.erresse-shop.it\/\",\"logo\":{\"@type\":\"ImageObject\",\"inLanguage\":\"fr-FR\",\"@id\":\"https:\/\/dev6.erresse-shop.it\/#\/schema\/logo\/image\/\",\"url\":\"https:\/\/dev6.erresse-shop.it\/wp-content\/uploads\/2025\/01\/LOGO-ERRESSE-CLASSICO.svg\",\"contentUrl\":\"https:\/\/dev6.erresse-shop.it\/wp-content\/uploads\/2025\/01\/LOGO-ERRESSE-CLASSICO.svg\",\"caption\":\"Erresse Shop\"},\"image\":{\"@id\":\"https:\/\/dev6.erresse-shop.it\/#\/schema\/logo\/image\/\"}}]}<\/script>\n<!-- \/ Yoast SEO plugin. -->","yoast_head_json":{"title":"ZAFFERANO Teca Frutta Set de 6 verres \u00e0 pied assortis - dev6 Erresse","description":"Dans la cat\u00e9gorie des articles de table avec d\u00e9corations \u00e0 l\u2019int\u00e9rieur, Teca Frutta repr\u00e9sente une r\u00e9volution. Ces verres en verre borosilicate sont","robots":{"index":"noindex","follow":"follow","max-snippet":"max-snippet:-1","max-image-preview":"max-image-preview:large","max-video-preview":"max-video-preview:-1"},"og_locale":"fr_FR","og_type":"article","og_title":"ZAFFERANO Teca Frutta Set de 6 verres \u00e0 pied assortis - dev6 Erresse","og_description":"Dans la cat\u00e9gorie des articles de table avec d\u00e9corations \u00e0 l\u2019int\u00e9rieur, Teca Frutta repr\u00e9sente une r\u00e9volution. Ces verres en verre borosilicate sont","og_url":"https:\/\/dev6.erresse-shop.it\/fr\/shop\/table-fr-2\/verres\/zafferano-teca-frutta-set-de-6-verres-a-pied-assortis\/","og_site_name":"dev6 Erresse","og_image":[{"url":"https:\/\/interpim.erresse-shop.it\/Import\/Prodotti\/zafferano-teca-frutta-set-6-bicchieri-tumbler-assortiti.jpg","type":"","width":"","height":""},{"url":"https:\/\/interpim.erresse-shop.it\/Import\/Prodotti\/zafferano-teca-frutta-set-6-bicchieri-tumbler-assortiti.jpg","width":1024,"height":1024,"type":"image\/jpeg"}],"twitter_card":"summary_large_image","twitter_image":"https:\/\/interpim.erresse-shop.it\/Import\/Prodotti\/zafferano-teca-frutta-set-6-bicchieri-tumbler-assortiti.jpg","schema":{"@context":"https:\/\/schema.org","@graph":[{"@type":"WebPage","@id":"https:\/\/dev6.erresse-shop.it\/fr\/shop\/table-fr-2\/verres\/zafferano-teca-frutta-set-de-6-verres-a-pied-assortis\/","url":"https:\/\/dev6.erresse-shop.it\/fr\/shop\/table-fr-2\/verres\/zafferano-teca-frutta-set-de-6-verres-a-pied-assortis\/","name":"ZAFFERANO Teca Frutta Set de 6 verres \u00e0 pied assortis - dev6 Erresse","isPartOf":{"@id":"https:\/\/dev6.erresse-shop.it\/#website"},"primaryImageOfPage":{"@id":"https:\/\/dev6.erresse-shop.it\/fr\/shop\/table-fr-2\/verres\/zafferano-teca-frutta-set-de-6-verres-a-pied-assortis\/#primaryimage"},"image":{"@id":"https:\/\/dev6.erresse-shop.it\/fr\/shop\/table-fr-2\/verres\/zafferano-teca-frutta-set-de-6-verres-a-pied-assortis\/#primaryimage"},"thumbnailUrl":"https:\/\/i3.wp.com\/interpim.erresse-shop.it\/Import\/Prodotti\/zafferano-teca-frutta-set-6-bicchieri-tumbler-assortiti.jpg?ssl=1","datePublished":"2026-04-04T11:53:32+00:00","description":"Dans la cat\u00e9gorie des articles de table avec d\u00e9corations \u00e0 l\u2019int\u00e9rieur, Teca Frutta repr\u00e9sente une r\u00e9volution. Ces verres en verre borosilicate sont","breadcrumb":{"@id":"https:\/\/dev6.erresse-shop.it\/fr\/shop\/table-fr-2\/verres\/zafferano-teca-frutta-set-de-6-verres-a-pied-assortis\/#breadcrumb"},"inLanguage":"fr-FR","potentialAction":[{"@type":"ReadAction","target":["https:\/\/dev6.erresse-shop.it\/fr\/shop\/table-fr-2\/verres\/zafferano-teca-frutta-set-de-6-verres-a-pied-assortis\/"]}]},{"@type":"ImageObject","inLanguage":"fr-FR","@id":"https:\/\/dev6.erresse-shop.it\/fr\/shop\/table-fr-2\/verres\/zafferano-teca-frutta-set-de-6-verres-a-pied-assortis\/#primaryimage","url":"https:\/\/i3.wp.com\/interpim.erresse-shop.it\/Import\/Prodotti\/zafferano-teca-frutta-set-6-bicchieri-tumbler-assortiti.jpg?ssl=1","contentUrl":"https:\/\/i3.wp.com\/interpim.erresse-shop.it\/Import\/Prodotti\/zafferano-teca-frutta-set-6-bicchieri-tumbler-assortiti.jpg?ssl=1"},{"@type":"BreadcrumbList","@id":"https:\/\/dev6.erresse-shop.it\/fr\/shop\/table-fr-2\/verres\/zafferano-teca-frutta-set-de-6-verres-a-pied-assortis\/#breadcrumb","itemListElement":[{"@type":"ListItem","position":1,"name":"Home","item":"https:\/\/dev6.erresse-shop.it\/"},{"@type":"ListItem","position":2,"name":"Boutique","item":"https:\/\/dev6.erresse-shop.it\/shop\/"},{"@type":"ListItem","position":3,"name":"ZAFFERANO Teca Frutta Set de 6 verres \u00e0 pied assortis"}]},{"@type":"WebSite","@id":"https:\/\/dev6.erresse-shop.it\/#website","url":"https:\/\/dev6.erresse-shop.it\/","name":"Erresse Shop","description":"","publisher":{"@id":"https:\/\/dev6.erresse-shop.it\/#organization"},"potentialAction":[{"@type":"SearchAction","target":{"@type":"EntryPoint","urlTemplate":"https:\/\/dev6.erresse-shop.it\/?s={search_term_string}"},"query-input":{"@type":"PropertyValueSpecification","valueRequired":true,"valueName":"search_term_string"}}],"inLanguage":"fr-FR"},{"@type":"Organization","@id":"https:\/\/dev6.erresse-shop.it\/#organization","name":"Erresse Shop","url":"https:\/\/dev6.erresse-shop.it\/","logo":{"@type":"ImageObject","inLanguage":"fr-FR","@id":"https:\/\/dev6.erresse-shop.it\/#\/schema\/logo\/image\/","url":"https:\/\/dev6.erresse-shop.it\/wp-content\/uploads\/2025\/01\/LOGO-ERRESSE-CLASSICO.svg","contentUrl":"https:\/\/dev6.erresse-shop.it\/wp-content\/uploads\/2025\/01\/LOGO-ERRESSE-CLASSICO.svg","caption":"Erresse Shop"},"image":{"@id":"https:\/\/dev6.erresse-shop.it\/#\/schema\/logo\/image\/"}}]}},"df_price":59.95,"df_sale_price":59.95,"df_regular_price":71.7,"df_image_link":"https:\/\/i3.wp.com\/interpim.erresse-shop.it\/Import\/Prodotti\/zafferano-teca-frutta-set-6-bicchieri-tumbler-assortiti.jpg?resize=300,300&ssl=1","fifu_image_url":"https:\/\/interpim.erresse-shop.it\/Import\/Prodotti\/zafferano-teca-frutta-set-6-bicchieri-tumbler-assortiti.jpg","_links":{"self":[{"href":"https:\/\/dev6.erresse-shop.it\/fr\/wp-json\/wp\/v2\/product\/1610471","targetHints":{"allow":["GET"]}}],"collection":[{"href":"https:\/\/dev6.erresse-shop.it\/fr\/wp-json\/wp\/v2\/product"}],"about":[{"href":"https:\/\/dev6.erresse-shop.it\/fr\/wp-json\/wp\/v2\/types\/product"}],"wp:featuredmedia":[{"embeddable":true,"href":"https:\/\/dev6.erresse-shop.it\/fr\/wp-json\/wp\/v2\/media\/6295732"}],"wp:attachment":[{"href":"https:\/\/dev6.erresse-shop.it\/fr\/wp-json\/wp\/v2\/media?parent=1610471"}],"wp:term":[{"taxonomy":"product_cat","embeddable":true,"href":"https:\/\/dev6.erresse-shop.it\/fr\/wp-json\/wp\/v2\/product_cat?post=1610471"},{"taxonomy":"product_tag","embeddable":true,"href":"https:\/\/dev6.erresse-shop.it\/fr\/wp-json\/wp\/v2\/product_tag?post=1610471"}],"curies":[{"name":"wp","href":"https:\/\/api.w.org\/{rel}","templated":true}]}}