{"id":1610469,"date":"2026-04-12T13:55:57","date_gmt":"2026-04-12T11:55:57","guid":{"rendered":"https:\/\/dev6.erresse-shop.it\/shop\/non%20class\u00e9\/lego-room-copenhagen-storage-head-l-happy-boy\/"},"modified":"2026-01-16T22:17:11","modified_gmt":"2026-01-16T21:17:11","slug":"lego-room-copenhagen-storage-head-l-happy-boy","status":"publish","type":"product","link":"https:\/\/dev6.erresse-shop.it\/fr\/shop\/ameublement-maison\/meubles\/lego-room-copenhagen-storage-head-l-happy-boy\/","title":{"rendered":"LEGO &#8211; ROOM COPENHAGEN Storage Head L Happy Boy"},"content":{"rendered":"<p id=\"ucj-12\" class=\"oBOnKe\">Cette grande t\u00eate de rangement LEGO\u00ae jaune vif est le moyen id\u00e9al pour les fans de LEGO de garder leurs briques, leurs fournitures de bureau et autres petits objets organis\u00e9s. Fabriqu\u00e9e en plastique durable, cette version \u00e0 l\u2019\u00e9chelle d\u2019une t\u00eate de figurine de gar\u00e7on LEGO est \u00e9galement empilable, vous pouvez donc cr\u00e9er un affichage amusant pour tous vos amis !<\/p>\n<p class=\"oBOnKe\">Ajoutez une touche d\u2019audace \u00e0 la d\u00e9coration de n\u2019importe quelle pi\u00e8ce avec ce r\u00e9cipient amusant et color\u00e9 qui s\u2019harmonise facilement avec d\u2019autres meubles LEGO.<\/p>\n<p>Sp\u00e9cifications du produit\u00a0:<\/p>\n<p>Mat\u00e9riau : polypropyl\u00e8ne (pp)<br \/>\nGarantie\u00a0: 2 ans<br \/>\nDimensions : 24 x 24 x 27 cm<br \/>\nPoids\u00a0: 221 g<\/p>\n","protected":false},"excerpt":{"rendered":"<p>Cette grande t\u00eate de rangement LEGO\u00ae jaune vif est le moyen id\u00e9al pour les fans de LEGO de garder leurs briques, leurs fournitures de bureau et autres petits objets organis\u00e9s. Fabriqu\u00e9e en plastique durable, cette version \u00e0 l\u2019\u00e9chelle d\u2019une t\u00eate de figurine de gar\u00e7on LEGO est \u00e9galement empilable, vous pouvez donc cr\u00e9er un affichage amusant [&hellip;]<\/p>\n","protected":false},"featured_media":6378998,"template":"","meta":{"_acf_changed":false},"product_cat":[11990,12034],"product_tag":[],"class_list":{"0":"post-1610469","1":"product","2":"type-product","3":"status-publish","4":"has-post-thumbnail","6":"product_cat-ameublement-maison","7":"product_cat-meubles","9":"first","10":"instock","11":"sale","12":"taxable","13":"shipping-taxable","14":"purchasable","15":"product-type-simple","swatches":"rey-swatches","show_selected":"","stretch_labels":"rey-swatches--stretch-labels"},"acf":[],"yoast_head":"<!-- This site is optimized with the Yoast SEO plugin v25.4 - https:\/\/yoast.com\/wordpress\/plugins\/seo\/ -->\n<title>LEGO &#8211; ROOM COPENHAGEN Storage Head L Happy Boy - dev6 Erresse<\/title>\n<meta name=\"description\" content=\"Cette grande t\u00eate de rangement LEGO\u00ae jaune vif est le moyen id\u00e9al pour les fans de LEGO de garder leurs briques, leurs fournitures de bureau et autres\" \/>\n<meta name=\"robots\" content=\"noindex, follow, max-snippet:-1, max-image-preview:large, max-video-preview:-1\" \/>\n<meta property=\"og:locale\" content=\"fr_FR\" \/>\n<meta property=\"og:type\" content=\"article\" \/>\n<meta property=\"og:title\" content=\"LEGO &#8211; ROOM COPENHAGEN Storage Head L Happy Boy - dev6 Erresse\" \/>\n<meta property=\"og:description\" content=\"Cette grande t\u00eate de rangement LEGO\u00ae jaune vif est le moyen id\u00e9al pour les fans de LEGO de garder leurs briques, leurs fournitures de bureau et autres\" \/>\n<meta property=\"og:url\" content=\"https:\/\/dev6.erresse-shop.it\/fr\/shop\/ameublement-maison\/meubles\/lego-room-copenhagen-storage-head-l-happy-boy\/\" \/>\n<meta property=\"og:site_name\" content=\"dev6 Erresse\" \/>\n<meta property=\"og:image\" content=\"https:\/\/interpim.erresse-shop.it\/Import\/Prodotti\/lego-room-copenhagen-storage-head-s-happy-boy.jpg\" \/><meta property=\"og:image\" content=\"https:\/\/interpim.erresse-shop.it\/Import\/Prodotti\/lego-room-copenhagen-storage-head-s-happy-boy.jpg\" \/>\n\t<meta property=\"og:image:width\" content=\"1024\" \/>\n\t<meta property=\"og:image:height\" content=\"1024\" \/>\n\t<meta property=\"og:image:type\" content=\"image\/jpeg\" \/>\n<meta name=\"twitter:card\" content=\"summary_large_image\" \/>\n<meta name=\"twitter:image\" content=\"https:\/\/interpim.erresse-shop.it\/Import\/Prodotti\/lego-room-copenhagen-storage-head-s-happy-boy.jpg\" \/>\n<script type=\"application\/ld+json\" class=\"yoast-schema-graph\">{\"@context\":\"https:\/\/schema.org\",\"@graph\":[{\"@type\":\"WebPage\",\"@id\":\"https:\/\/dev6.erresse-shop.it\/fr\/shop\/ameublement-maison\/meubles\/lego-room-copenhagen-storage-head-l-happy-boy\/\",\"url\":\"https:\/\/dev6.erresse-shop.it\/fr\/shop\/ameublement-maison\/meubles\/lego-room-copenhagen-storage-head-l-happy-boy\/\",\"name\":\"LEGO &#8211; ROOM COPENHAGEN Storage Head L Happy Boy - dev6 Erresse\",\"isPartOf\":{\"@id\":\"https:\/\/dev6.erresse-shop.it\/#website\"},\"primaryImageOfPage\":{\"@id\":\"https:\/\/dev6.erresse-shop.it\/fr\/shop\/ameublement-maison\/meubles\/lego-room-copenhagen-storage-head-l-happy-boy\/#primaryimage\"},\"image\":{\"@id\":\"https:\/\/dev6.erresse-shop.it\/fr\/shop\/ameublement-maison\/meubles\/lego-room-copenhagen-storage-head-l-happy-boy\/#primaryimage\"},\"thumbnailUrl\":\"https:\/\/i1.wp.com\/interpim.erresse-shop.it\/Import\/Prodotti\/lego-room-copenhagen-storage-head-s-happy-boy.jpg?ssl=1\",\"datePublished\":\"2026-04-12T11:55:57+00:00\",\"description\":\"Cette grande t\u00eate de rangement LEGO\u00ae jaune vif est le moyen id\u00e9al pour les fans de LEGO de garder leurs briques, leurs fournitures de bureau et autres\",\"breadcrumb\":{\"@id\":\"https:\/\/dev6.erresse-shop.it\/fr\/shop\/ameublement-maison\/meubles\/lego-room-copenhagen-storage-head-l-happy-boy\/#breadcrumb\"},\"inLanguage\":\"fr-FR\",\"potentialAction\":[{\"@type\":\"ReadAction\",\"target\":[\"https:\/\/dev6.erresse-shop.it\/fr\/shop\/ameublement-maison\/meubles\/lego-room-copenhagen-storage-head-l-happy-boy\/\"]}]},{\"@type\":\"ImageObject\",\"inLanguage\":\"fr-FR\",\"@id\":\"https:\/\/dev6.erresse-shop.it\/fr\/shop\/ameublement-maison\/meubles\/lego-room-copenhagen-storage-head-l-happy-boy\/#primaryimage\",\"url\":\"https:\/\/i1.wp.com\/interpim.erresse-shop.it\/Import\/Prodotti\/lego-room-copenhagen-storage-head-s-happy-boy.jpg?ssl=1\",\"contentUrl\":\"https:\/\/i1.wp.com\/interpim.erresse-shop.it\/Import\/Prodotti\/lego-room-copenhagen-storage-head-s-happy-boy.jpg?ssl=1\"},{\"@type\":\"BreadcrumbList\",\"@id\":\"https:\/\/dev6.erresse-shop.it\/fr\/shop\/ameublement-maison\/meubles\/lego-room-copenhagen-storage-head-l-happy-boy\/#breadcrumb\",\"itemListElement\":[{\"@type\":\"ListItem\",\"position\":1,\"name\":\"Home\",\"item\":\"https:\/\/dev6.erresse-shop.it\/\"},{\"@type\":\"ListItem\",\"position\":2,\"name\":\"Boutique\",\"item\":\"https:\/\/dev6.erresse-shop.it\/shop\/\"},{\"@type\":\"ListItem\",\"position\":3,\"name\":\"LEGO &#8211; ROOM COPENHAGEN Storage Head L Happy Boy\"}]},{\"@type\":\"WebSite\",\"@id\":\"https:\/\/dev6.erresse-shop.it\/#website\",\"url\":\"https:\/\/dev6.erresse-shop.it\/\",\"name\":\"Erresse Shop\",\"description\":\"\",\"publisher\":{\"@id\":\"https:\/\/dev6.erresse-shop.it\/#organization\"},\"potentialAction\":[{\"@type\":\"SearchAction\",\"target\":{\"@type\":\"EntryPoint\",\"urlTemplate\":\"https:\/\/dev6.erresse-shop.it\/?s={search_term_string}\"},\"query-input\":{\"@type\":\"PropertyValueSpecification\",\"valueRequired\":true,\"valueName\":\"search_term_string\"}}],\"inLanguage\":\"fr-FR\"},{\"@type\":\"Organization\",\"@id\":\"https:\/\/dev6.erresse-shop.it\/#organization\",\"name\":\"Erresse Shop\",\"url\":\"https:\/\/dev6.erresse-shop.it\/\",\"logo\":{\"@type\":\"ImageObject\",\"inLanguage\":\"fr-FR\",\"@id\":\"https:\/\/dev6.erresse-shop.it\/#\/schema\/logo\/image\/\",\"url\":\"https:\/\/dev6.erresse-shop.it\/wp-content\/uploads\/2025\/01\/LOGO-ERRESSE-CLASSICO.svg\",\"contentUrl\":\"https:\/\/dev6.erresse-shop.it\/wp-content\/uploads\/2025\/01\/LOGO-ERRESSE-CLASSICO.svg\",\"caption\":\"Erresse Shop\"},\"image\":{\"@id\":\"https:\/\/dev6.erresse-shop.it\/#\/schema\/logo\/image\/\"}}]}<\/script>\n<!-- \/ Yoast SEO plugin. -->","yoast_head_json":{"title":"LEGO &#8211; ROOM COPENHAGEN Storage Head L Happy Boy - dev6 Erresse","description":"Cette grande t\u00eate de rangement LEGO\u00ae jaune vif est le moyen id\u00e9al pour les fans de LEGO de garder leurs briques, leurs fournitures de bureau et autres","robots":{"index":"noindex","follow":"follow","max-snippet":"max-snippet:-1","max-image-preview":"max-image-preview:large","max-video-preview":"max-video-preview:-1"},"og_locale":"fr_FR","og_type":"article","og_title":"LEGO &#8211; ROOM COPENHAGEN Storage Head L Happy Boy - dev6 Erresse","og_description":"Cette grande t\u00eate de rangement LEGO\u00ae jaune vif est le moyen id\u00e9al pour les fans de LEGO de garder leurs briques, leurs fournitures de bureau et autres","og_url":"https:\/\/dev6.erresse-shop.it\/fr\/shop\/ameublement-maison\/meubles\/lego-room-copenhagen-storage-head-l-happy-boy\/","og_site_name":"dev6 Erresse","og_image":[{"url":"https:\/\/interpim.erresse-shop.it\/Import\/Prodotti\/lego-room-copenhagen-storage-head-s-happy-boy.jpg","type":"","width":"","height":""},{"url":"https:\/\/interpim.erresse-shop.it\/Import\/Prodotti\/lego-room-copenhagen-storage-head-s-happy-boy.jpg","width":1024,"height":1024,"type":"image\/jpeg"}],"twitter_card":"summary_large_image","twitter_image":"https:\/\/interpim.erresse-shop.it\/Import\/Prodotti\/lego-room-copenhagen-storage-head-s-happy-boy.jpg","schema":{"@context":"https:\/\/schema.org","@graph":[{"@type":"WebPage","@id":"https:\/\/dev6.erresse-shop.it\/fr\/shop\/ameublement-maison\/meubles\/lego-room-copenhagen-storage-head-l-happy-boy\/","url":"https:\/\/dev6.erresse-shop.it\/fr\/shop\/ameublement-maison\/meubles\/lego-room-copenhagen-storage-head-l-happy-boy\/","name":"LEGO &#8211; ROOM COPENHAGEN Storage Head L Happy Boy - dev6 Erresse","isPartOf":{"@id":"https:\/\/dev6.erresse-shop.it\/#website"},"primaryImageOfPage":{"@id":"https:\/\/dev6.erresse-shop.it\/fr\/shop\/ameublement-maison\/meubles\/lego-room-copenhagen-storage-head-l-happy-boy\/#primaryimage"},"image":{"@id":"https:\/\/dev6.erresse-shop.it\/fr\/shop\/ameublement-maison\/meubles\/lego-room-copenhagen-storage-head-l-happy-boy\/#primaryimage"},"thumbnailUrl":"https:\/\/i1.wp.com\/interpim.erresse-shop.it\/Import\/Prodotti\/lego-room-copenhagen-storage-head-s-happy-boy.jpg?ssl=1","datePublished":"2026-04-12T11:55:57+00:00","description":"Cette grande t\u00eate de rangement LEGO\u00ae jaune vif est le moyen id\u00e9al pour les fans de LEGO de garder leurs briques, leurs fournitures de bureau et autres","breadcrumb":{"@id":"https:\/\/dev6.erresse-shop.it\/fr\/shop\/ameublement-maison\/meubles\/lego-room-copenhagen-storage-head-l-happy-boy\/#breadcrumb"},"inLanguage":"fr-FR","potentialAction":[{"@type":"ReadAction","target":["https:\/\/dev6.erresse-shop.it\/fr\/shop\/ameublement-maison\/meubles\/lego-room-copenhagen-storage-head-l-happy-boy\/"]}]},{"@type":"ImageObject","inLanguage":"fr-FR","@id":"https:\/\/dev6.erresse-shop.it\/fr\/shop\/ameublement-maison\/meubles\/lego-room-copenhagen-storage-head-l-happy-boy\/#primaryimage","url":"https:\/\/i1.wp.com\/interpim.erresse-shop.it\/Import\/Prodotti\/lego-room-copenhagen-storage-head-s-happy-boy.jpg?ssl=1","contentUrl":"https:\/\/i1.wp.com\/interpim.erresse-shop.it\/Import\/Prodotti\/lego-room-copenhagen-storage-head-s-happy-boy.jpg?ssl=1"},{"@type":"BreadcrumbList","@id":"https:\/\/dev6.erresse-shop.it\/fr\/shop\/ameublement-maison\/meubles\/lego-room-copenhagen-storage-head-l-happy-boy\/#breadcrumb","itemListElement":[{"@type":"ListItem","position":1,"name":"Home","item":"https:\/\/dev6.erresse-shop.it\/"},{"@type":"ListItem","position":2,"name":"Boutique","item":"https:\/\/dev6.erresse-shop.it\/shop\/"},{"@type":"ListItem","position":3,"name":"LEGO &#8211; ROOM COPENHAGEN Storage Head L Happy Boy"}]},{"@type":"WebSite","@id":"https:\/\/dev6.erresse-shop.it\/#website","url":"https:\/\/dev6.erresse-shop.it\/","name":"Erresse Shop","description":"","publisher":{"@id":"https:\/\/dev6.erresse-shop.it\/#organization"},"potentialAction":[{"@type":"SearchAction","target":{"@type":"EntryPoint","urlTemplate":"https:\/\/dev6.erresse-shop.it\/?s={search_term_string}"},"query-input":{"@type":"PropertyValueSpecification","valueRequired":true,"valueName":"search_term_string"}}],"inLanguage":"fr-FR"},{"@type":"Organization","@id":"https:\/\/dev6.erresse-shop.it\/#organization","name":"Erresse Shop","url":"https:\/\/dev6.erresse-shop.it\/","logo":{"@type":"ImageObject","inLanguage":"fr-FR","@id":"https:\/\/dev6.erresse-shop.it\/#\/schema\/logo\/image\/","url":"https:\/\/dev6.erresse-shop.it\/wp-content\/uploads\/2025\/01\/LOGO-ERRESSE-CLASSICO.svg","contentUrl":"https:\/\/dev6.erresse-shop.it\/wp-content\/uploads\/2025\/01\/LOGO-ERRESSE-CLASSICO.svg","caption":"Erresse Shop"},"image":{"@id":"https:\/\/dev6.erresse-shop.it\/#\/schema\/logo\/image\/"}}]}},"df_price":19.95,"df_sale_price":19.95,"df_regular_price":26.99,"df_image_link":"https:\/\/i1.wp.com\/interpim.erresse-shop.it\/Import\/Prodotti\/lego-room-copenhagen-storage-head-s-happy-boy.jpg?resize=300,300&ssl=1","fifu_image_url":"https:\/\/interpim.erresse-shop.it\/Import\/Prodotti\/lego-room-copenhagen-storage-head-s-happy-boy.jpg","_links":{"self":[{"href":"https:\/\/dev6.erresse-shop.it\/fr\/wp-json\/wp\/v2\/product\/1610469","targetHints":{"allow":["GET"]}}],"collection":[{"href":"https:\/\/dev6.erresse-shop.it\/fr\/wp-json\/wp\/v2\/product"}],"about":[{"href":"https:\/\/dev6.erresse-shop.it\/fr\/wp-json\/wp\/v2\/types\/product"}],"wp:featuredmedia":[{"embeddable":true,"href":"https:\/\/dev6.erresse-shop.it\/fr\/wp-json\/wp\/v2\/media\/6378998"}],"wp:attachment":[{"href":"https:\/\/dev6.erresse-shop.it\/fr\/wp-json\/wp\/v2\/media?parent=1610469"}],"wp:term":[{"taxonomy":"product_cat","embeddable":true,"href":"https:\/\/dev6.erresse-shop.it\/fr\/wp-json\/wp\/v2\/product_cat?post=1610469"},{"taxonomy":"product_tag","embeddable":true,"href":"https:\/\/dev6.erresse-shop.it\/fr\/wp-json\/wp\/v2\/product_tag?post=1610469"}],"curies":[{"name":"wp","href":"https:\/\/api.w.org\/{rel}","templated":true}]}}