{"id":1610449,"date":"2026-04-12T13:55:57","date_gmt":"2026-04-12T11:55:57","guid":{"rendered":"https:\/\/dev6.erresse-shop.it\/shop\/non%20class\u00e9\/lego-room-copenhagen-etagere-bleue-3-tiroirs\/"},"modified":"2025-07-04T20:06:46","modified_gmt":"2025-07-04T18:06:46","slug":"lego-room-copenhagen-etagere-bleue-3-tiroirs","status":"publish","type":"product","link":"https:\/\/dev6.erresse-shop.it\/fr\/shop\/ameublement-maison\/meubles\/lego-room-copenhagen-etagere-bleue-3-tiroirs\/","title":{"rendered":"LEGO &#8211; ROOM COPENHAGEN \u00c9tag\u00e8re bleue 3 tiroirs"},"content":{"rendered":"<p id=\"ucj-12\" class=\"oBOnKe\">Offrez aux constructeurs LEGO\u00ae un espace pour laisser libre cours \u00e0 leur cr\u00e9ativit\u00e9 et organiser leurs briques et pi\u00e8ces LEGO avec ce syst\u00e8me d\u2019\u00e9tag\u00e8res LEGO embl\u00e9matique bleu transparent. Les c\u00f4t\u00e9s des 3 tiroirs amovibles et color\u00e9s sont grav\u00e9s de briques LEGO d\u00e9coratives. Une plaque de base sur le devant de chaque tiroir permet aux enfants de le personnaliser avec leur propre cr\u00e9ation LEGO.<\/p>\n<p class=\"oBOnKe\">La surface sup\u00e9rieure est dot\u00e9e d\u2019une plaque de base int\u00e9gr\u00e9e, offrant aux enfants une exp\u00e9rience de construction stimulante et un grand espace de rangement dans un seul meuble adapt\u00e9 aux enfants.<\/p>\n<p>Comprend 3 tiroirs transparents rouge, vert et bleu, chacun avec une plaque de base LEGO\u00ae int\u00e9gr\u00e9e de 4 x 6 tenons pour la construction.<br \/>\nUne plaque de base de 32 x 32 cm est int\u00e9gr\u00e9e \u00e0 la surface sup\u00e9rieure pour offrir aux enfants une surface de construction robuste et spacieuse.<br \/>\nL\u2019ensemble est fabriqu\u00e9 en plastique facile \u00e0 nettoyer avec des bords arrondis pour \u00e9viter les chocs.<\/p>\n<p>Dimensions\u00a0: 34 x 32 x 37 cm<\/p>\n","protected":false},"excerpt":{"rendered":"<p>Offrez aux constructeurs LEGO\u00ae un espace pour laisser libre cours \u00e0 leur cr\u00e9ativit\u00e9 et organiser leurs briques et pi\u00e8ces LEGO avec ce syst\u00e8me d\u2019\u00e9tag\u00e8res LEGO embl\u00e9matique bleu transparent. Les c\u00f4t\u00e9s des 3 tiroirs amovibles et color\u00e9s sont grav\u00e9s de briques LEGO d\u00e9coratives. Une plaque de base sur le devant de chaque tiroir permet aux enfants [&hellip;]<\/p>\n","protected":false},"featured_media":6378970,"template":"","meta":{"_acf_changed":false},"product_cat":[11990,12034],"product_tag":[],"class_list":{"0":"post-1610449","1":"product","2":"type-product","3":"status-publish","4":"has-post-thumbnail","6":"product_cat-ameublement-maison","7":"product_cat-meubles","9":"first","10":"instock","11":"sale","12":"taxable","13":"shipping-taxable","14":"purchasable","15":"product-type-simple","swatches":"rey-swatches","show_selected":"","stretch_labels":"rey-swatches--stretch-labels"},"acf":[],"yoast_head":"<!-- This site is optimized with the Yoast SEO plugin v25.4 - https:\/\/yoast.com\/wordpress\/plugins\/seo\/ -->\n<title>LEGO &#8211; ROOM COPENHAGEN \u00c9tag\u00e8re bleue 3 tiroirs - dev6 Erresse<\/title>\n<meta name=\"description\" content=\"Offrez aux constructeurs LEGO\u00ae un espace pour laisser libre cours \u00e0 leur cr\u00e9ativit\u00e9 et organiser leurs briques et pi\u00e8ces LEGO avec ce syst\u00e8me d\u2019\u00e9tag\u00e8res\" \/>\n<meta name=\"robots\" content=\"noindex, follow, max-snippet:-1, max-image-preview:large, max-video-preview:-1\" \/>\n<meta property=\"og:locale\" content=\"fr_FR\" \/>\n<meta property=\"og:type\" content=\"article\" \/>\n<meta property=\"og:title\" content=\"LEGO &#8211; ROOM COPENHAGEN \u00c9tag\u00e8re bleue 3 tiroirs - dev6 Erresse\" \/>\n<meta property=\"og:description\" content=\"Offrez aux constructeurs LEGO\u00ae un espace pour laisser libre cours \u00e0 leur cr\u00e9ativit\u00e9 et organiser leurs briques et pi\u00e8ces LEGO avec ce syst\u00e8me d\u2019\u00e9tag\u00e8res\" \/>\n<meta property=\"og:url\" content=\"https:\/\/dev6.erresse-shop.it\/fr\/shop\/ameublement-maison\/meubles\/lego-room-copenhagen-etagere-bleue-3-tiroirs\/\" \/>\n<meta property=\"og:site_name\" content=\"dev6 Erresse\" \/>\n<meta property=\"og:image\" content=\"https:\/\/interpim.erresse-shop.it\/Import\/Prodotti\/lego-room-copenhagen-scaffale-3-cassetti.jpg\" \/><meta property=\"og:image\" content=\"https:\/\/interpim.erresse-shop.it\/Import\/Prodotti\/lego-room-copenhagen-scaffale-3-cassetti.jpg\" \/>\n\t<meta property=\"og:image:width\" content=\"1024\" \/>\n\t<meta property=\"og:image:height\" content=\"1024\" \/>\n\t<meta property=\"og:image:type\" content=\"image\/jpeg\" \/>\n<meta name=\"twitter:card\" content=\"summary_large_image\" \/>\n<meta name=\"twitter:image\" content=\"https:\/\/interpim.erresse-shop.it\/Import\/Prodotti\/lego-room-copenhagen-scaffale-3-cassetti.jpg\" \/>\n<script type=\"application\/ld+json\" class=\"yoast-schema-graph\">{\"@context\":\"https:\/\/schema.org\",\"@graph\":[{\"@type\":\"WebPage\",\"@id\":\"https:\/\/dev6.erresse-shop.it\/fr\/shop\/ameublement-maison\/meubles\/lego-room-copenhagen-etagere-bleue-3-tiroirs\/\",\"url\":\"https:\/\/dev6.erresse-shop.it\/fr\/shop\/ameublement-maison\/meubles\/lego-room-copenhagen-etagere-bleue-3-tiroirs\/\",\"name\":\"LEGO &#8211; ROOM COPENHAGEN \u00c9tag\u00e8re bleue 3 tiroirs - dev6 Erresse\",\"isPartOf\":{\"@id\":\"https:\/\/dev6.erresse-shop.it\/#website\"},\"primaryImageOfPage\":{\"@id\":\"https:\/\/dev6.erresse-shop.it\/fr\/shop\/ameublement-maison\/meubles\/lego-room-copenhagen-etagere-bleue-3-tiroirs\/#primaryimage\"},\"image\":{\"@id\":\"https:\/\/dev6.erresse-shop.it\/fr\/shop\/ameublement-maison\/meubles\/lego-room-copenhagen-etagere-bleue-3-tiroirs\/#primaryimage\"},\"thumbnailUrl\":\"https:\/\/i1.wp.com\/interpim.erresse-shop.it\/Import\/Prodotti\/lego-room-copenhagen-scaffale-3-cassetti.jpg?ssl=1\",\"datePublished\":\"2026-04-12T11:55:57+00:00\",\"description\":\"Offrez aux constructeurs LEGO\u00ae un espace pour laisser libre cours \u00e0 leur cr\u00e9ativit\u00e9 et organiser leurs briques et pi\u00e8ces LEGO avec ce syst\u00e8me d\u2019\u00e9tag\u00e8res\",\"breadcrumb\":{\"@id\":\"https:\/\/dev6.erresse-shop.it\/fr\/shop\/ameublement-maison\/meubles\/lego-room-copenhagen-etagere-bleue-3-tiroirs\/#breadcrumb\"},\"inLanguage\":\"fr-FR\",\"potentialAction\":[{\"@type\":\"ReadAction\",\"target\":[\"https:\/\/dev6.erresse-shop.it\/fr\/shop\/ameublement-maison\/meubles\/lego-room-copenhagen-etagere-bleue-3-tiroirs\/\"]}]},{\"@type\":\"ImageObject\",\"inLanguage\":\"fr-FR\",\"@id\":\"https:\/\/dev6.erresse-shop.it\/fr\/shop\/ameublement-maison\/meubles\/lego-room-copenhagen-etagere-bleue-3-tiroirs\/#primaryimage\",\"url\":\"https:\/\/i1.wp.com\/interpim.erresse-shop.it\/Import\/Prodotti\/lego-room-copenhagen-scaffale-3-cassetti.jpg?ssl=1\",\"contentUrl\":\"https:\/\/i1.wp.com\/interpim.erresse-shop.it\/Import\/Prodotti\/lego-room-copenhagen-scaffale-3-cassetti.jpg?ssl=1\"},{\"@type\":\"BreadcrumbList\",\"@id\":\"https:\/\/dev6.erresse-shop.it\/fr\/shop\/ameublement-maison\/meubles\/lego-room-copenhagen-etagere-bleue-3-tiroirs\/#breadcrumb\",\"itemListElement\":[{\"@type\":\"ListItem\",\"position\":1,\"name\":\"Home\",\"item\":\"https:\/\/dev6.erresse-shop.it\/\"},{\"@type\":\"ListItem\",\"position\":2,\"name\":\"Boutique\",\"item\":\"https:\/\/dev6.erresse-shop.it\/shop\/\"},{\"@type\":\"ListItem\",\"position\":3,\"name\":\"LEGO &#8211; ROOM COPENHAGEN \u00c9tag\u00e8re bleue 3 tiroirs\"}]},{\"@type\":\"WebSite\",\"@id\":\"https:\/\/dev6.erresse-shop.it\/#website\",\"url\":\"https:\/\/dev6.erresse-shop.it\/\",\"name\":\"Erresse Shop\",\"description\":\"\",\"publisher\":{\"@id\":\"https:\/\/dev6.erresse-shop.it\/#organization\"},\"potentialAction\":[{\"@type\":\"SearchAction\",\"target\":{\"@type\":\"EntryPoint\",\"urlTemplate\":\"https:\/\/dev6.erresse-shop.it\/?s={search_term_string}\"},\"query-input\":{\"@type\":\"PropertyValueSpecification\",\"valueRequired\":true,\"valueName\":\"search_term_string\"}}],\"inLanguage\":\"fr-FR\"},{\"@type\":\"Organization\",\"@id\":\"https:\/\/dev6.erresse-shop.it\/#organization\",\"name\":\"Erresse Shop\",\"url\":\"https:\/\/dev6.erresse-shop.it\/\",\"logo\":{\"@type\":\"ImageObject\",\"inLanguage\":\"fr-FR\",\"@id\":\"https:\/\/dev6.erresse-shop.it\/#\/schema\/logo\/image\/\",\"url\":\"https:\/\/dev6.erresse-shop.it\/wp-content\/uploads\/2025\/01\/LOGO-ERRESSE-CLASSICO.svg\",\"contentUrl\":\"https:\/\/dev6.erresse-shop.it\/wp-content\/uploads\/2025\/01\/LOGO-ERRESSE-CLASSICO.svg\",\"caption\":\"Erresse Shop\"},\"image\":{\"@id\":\"https:\/\/dev6.erresse-shop.it\/#\/schema\/logo\/image\/\"}}]}<\/script>\n<!-- \/ Yoast SEO plugin. -->","yoast_head_json":{"title":"LEGO &#8211; ROOM COPENHAGEN \u00c9tag\u00e8re bleue 3 tiroirs - dev6 Erresse","description":"Offrez aux constructeurs LEGO\u00ae un espace pour laisser libre cours \u00e0 leur cr\u00e9ativit\u00e9 et organiser leurs briques et pi\u00e8ces LEGO avec ce syst\u00e8me d\u2019\u00e9tag\u00e8res","robots":{"index":"noindex","follow":"follow","max-snippet":"max-snippet:-1","max-image-preview":"max-image-preview:large","max-video-preview":"max-video-preview:-1"},"og_locale":"fr_FR","og_type":"article","og_title":"LEGO &#8211; ROOM COPENHAGEN \u00c9tag\u00e8re bleue 3 tiroirs - dev6 Erresse","og_description":"Offrez aux constructeurs LEGO\u00ae un espace pour laisser libre cours \u00e0 leur cr\u00e9ativit\u00e9 et organiser leurs briques et pi\u00e8ces LEGO avec ce syst\u00e8me d\u2019\u00e9tag\u00e8res","og_url":"https:\/\/dev6.erresse-shop.it\/fr\/shop\/ameublement-maison\/meubles\/lego-room-copenhagen-etagere-bleue-3-tiroirs\/","og_site_name":"dev6 Erresse","og_image":[{"url":"https:\/\/interpim.erresse-shop.it\/Import\/Prodotti\/lego-room-copenhagen-scaffale-3-cassetti.jpg","type":"","width":"","height":""},{"url":"https:\/\/interpim.erresse-shop.it\/Import\/Prodotti\/lego-room-copenhagen-scaffale-3-cassetti.jpg","width":1024,"height":1024,"type":"image\/jpeg"}],"twitter_card":"summary_large_image","twitter_image":"https:\/\/interpim.erresse-shop.it\/Import\/Prodotti\/lego-room-copenhagen-scaffale-3-cassetti.jpg","schema":{"@context":"https:\/\/schema.org","@graph":[{"@type":"WebPage","@id":"https:\/\/dev6.erresse-shop.it\/fr\/shop\/ameublement-maison\/meubles\/lego-room-copenhagen-etagere-bleue-3-tiroirs\/","url":"https:\/\/dev6.erresse-shop.it\/fr\/shop\/ameublement-maison\/meubles\/lego-room-copenhagen-etagere-bleue-3-tiroirs\/","name":"LEGO &#8211; ROOM COPENHAGEN \u00c9tag\u00e8re bleue 3 tiroirs - dev6 Erresse","isPartOf":{"@id":"https:\/\/dev6.erresse-shop.it\/#website"},"primaryImageOfPage":{"@id":"https:\/\/dev6.erresse-shop.it\/fr\/shop\/ameublement-maison\/meubles\/lego-room-copenhagen-etagere-bleue-3-tiroirs\/#primaryimage"},"image":{"@id":"https:\/\/dev6.erresse-shop.it\/fr\/shop\/ameublement-maison\/meubles\/lego-room-copenhagen-etagere-bleue-3-tiroirs\/#primaryimage"},"thumbnailUrl":"https:\/\/i1.wp.com\/interpim.erresse-shop.it\/Import\/Prodotti\/lego-room-copenhagen-scaffale-3-cassetti.jpg?ssl=1","datePublished":"2026-04-12T11:55:57+00:00","description":"Offrez aux constructeurs LEGO\u00ae un espace pour laisser libre cours \u00e0 leur cr\u00e9ativit\u00e9 et organiser leurs briques et pi\u00e8ces LEGO avec ce syst\u00e8me d\u2019\u00e9tag\u00e8res","breadcrumb":{"@id":"https:\/\/dev6.erresse-shop.it\/fr\/shop\/ameublement-maison\/meubles\/lego-room-copenhagen-etagere-bleue-3-tiroirs\/#breadcrumb"},"inLanguage":"fr-FR","potentialAction":[{"@type":"ReadAction","target":["https:\/\/dev6.erresse-shop.it\/fr\/shop\/ameublement-maison\/meubles\/lego-room-copenhagen-etagere-bleue-3-tiroirs\/"]}]},{"@type":"ImageObject","inLanguage":"fr-FR","@id":"https:\/\/dev6.erresse-shop.it\/fr\/shop\/ameublement-maison\/meubles\/lego-room-copenhagen-etagere-bleue-3-tiroirs\/#primaryimage","url":"https:\/\/i1.wp.com\/interpim.erresse-shop.it\/Import\/Prodotti\/lego-room-copenhagen-scaffale-3-cassetti.jpg?ssl=1","contentUrl":"https:\/\/i1.wp.com\/interpim.erresse-shop.it\/Import\/Prodotti\/lego-room-copenhagen-scaffale-3-cassetti.jpg?ssl=1"},{"@type":"BreadcrumbList","@id":"https:\/\/dev6.erresse-shop.it\/fr\/shop\/ameublement-maison\/meubles\/lego-room-copenhagen-etagere-bleue-3-tiroirs\/#breadcrumb","itemListElement":[{"@type":"ListItem","position":1,"name":"Home","item":"https:\/\/dev6.erresse-shop.it\/"},{"@type":"ListItem","position":2,"name":"Boutique","item":"https:\/\/dev6.erresse-shop.it\/shop\/"},{"@type":"ListItem","position":3,"name":"LEGO &#8211; ROOM COPENHAGEN \u00c9tag\u00e8re bleue 3 tiroirs"}]},{"@type":"WebSite","@id":"https:\/\/dev6.erresse-shop.it\/#website","url":"https:\/\/dev6.erresse-shop.it\/","name":"Erresse Shop","description":"","publisher":{"@id":"https:\/\/dev6.erresse-shop.it\/#organization"},"potentialAction":[{"@type":"SearchAction","target":{"@type":"EntryPoint","urlTemplate":"https:\/\/dev6.erresse-shop.it\/?s={search_term_string}"},"query-input":{"@type":"PropertyValueSpecification","valueRequired":true,"valueName":"search_term_string"}}],"inLanguage":"fr-FR"},{"@type":"Organization","@id":"https:\/\/dev6.erresse-shop.it\/#organization","name":"Erresse Shop","url":"https:\/\/dev6.erresse-shop.it\/","logo":{"@type":"ImageObject","inLanguage":"fr-FR","@id":"https:\/\/dev6.erresse-shop.it\/#\/schema\/logo\/image\/","url":"https:\/\/dev6.erresse-shop.it\/wp-content\/uploads\/2025\/01\/LOGO-ERRESSE-CLASSICO.svg","contentUrl":"https:\/\/dev6.erresse-shop.it\/wp-content\/uploads\/2025\/01\/LOGO-ERRESSE-CLASSICO.svg","caption":"Erresse Shop"},"image":{"@id":"https:\/\/dev6.erresse-shop.it\/#\/schema\/logo\/image\/"}}]}},"df_price":53.95,"df_sale_price":53.95,"df_regular_price":59.99,"df_image_link":"https:\/\/i1.wp.com\/interpim.erresse-shop.it\/Import\/Prodotti\/lego-room-copenhagen-scaffale-3-cassetti.jpg?resize=300,300&ssl=1","fifu_image_url":"https:\/\/interpim.erresse-shop.it\/Import\/Prodotti\/lego-room-copenhagen-scaffale-3-cassetti.jpg","_links":{"self":[{"href":"https:\/\/dev6.erresse-shop.it\/fr\/wp-json\/wp\/v2\/product\/1610449","targetHints":{"allow":["GET"]}}],"collection":[{"href":"https:\/\/dev6.erresse-shop.it\/fr\/wp-json\/wp\/v2\/product"}],"about":[{"href":"https:\/\/dev6.erresse-shop.it\/fr\/wp-json\/wp\/v2\/types\/product"}],"wp:featuredmedia":[{"embeddable":true,"href":"https:\/\/dev6.erresse-shop.it\/fr\/wp-json\/wp\/v2\/media\/6378970"}],"wp:attachment":[{"href":"https:\/\/dev6.erresse-shop.it\/fr\/wp-json\/wp\/v2\/media?parent=1610449"}],"wp:term":[{"taxonomy":"product_cat","embeddable":true,"href":"https:\/\/dev6.erresse-shop.it\/fr\/wp-json\/wp\/v2\/product_cat?post=1610449"},{"taxonomy":"product_tag","embeddable":true,"href":"https:\/\/dev6.erresse-shop.it\/fr\/wp-json\/wp\/v2\/product_tag?post=1610449"}],"curies":[{"name":"wp","href":"https:\/\/api.w.org\/{rel}","templated":true}]}}