{"id":1610397,"date":"2026-04-12T13:53:09","date_gmt":"2026-04-12T11:53:09","guid":{"rendered":"https:\/\/dev6.erresse-shop.it\/shop\/non%20class\u00e9\/emile-henry-bol-a-fruits-et-legumes-argile\/"},"modified":"2025-09-14T06:55:14","modified_gmt":"2025-09-14T04:55:14","slug":"emile-henry-bol-a-fruits-et-legumes-argile","status":"publish","type":"product","link":"https:\/\/dev6.erresse-shop.it\/fr\/shop\/table-fr-2\/recipients-et-bols\/emile-henry-bol-a-fruits-et-legumes-argile\/","title":{"rendered":"EMILE HENRY Bol \u00e0 Fruits et L\u00e9gumes Argile"},"content":{"rendered":"<p>Cr\u00e9\u00e9 avec un design astucieux et utilisant des mat\u00e9riaux naturels id\u00e9aux pour conserver les produits frais, le grand bol d\u2019Emile Henry fonctionne sur deux niveaux. Le couvercle en li\u00e8ge, qui sert de coupe \u00e0 fruits, offre une pr\u00e9sentation \u00e9l\u00e9gante, tandis que la base en c\u00e9ramique offre de l\u2019espace pour stocker des oignons, des betteraves ou des pommes de terre fra\u00eeches.<\/p>\n<p>Sous le couvercle, le manque de lumi\u00e8re ralentit la germination et 3 petits trous assurent la bonne ventilation. Gr\u00e2ce aux propri\u00e9t\u00e9s isolantes du li\u00e8ge et de la c\u00e9ramique, le grand bol de rangement Emile Henry recr\u00e9e les conditions d\u2019une cave au c\u0153ur m\u00eame de votre cuisine ou de votre salle \u00e0 manger.<\/p>\n<p>Au sommet, le bol en li\u00e8ge peut accueillir les fruits les plus d\u00e9licats. En reposant sur la surface du li\u00e8ge, les fruits risquent moins de s\u2019ab\u00eemer au contact. Les conseils transmis par les diff\u00e9rentes cultures reposent sur l\u2019id\u00e9e que le li\u00e8ge permet d\u2019\u00e9loigner les mouches des fruits et d\u2019absorber l\u2019humidit\u00e9 que les fruits pourraient d\u00e9gager.<\/p>\n<p>Tous les produits Emile Henry sont fabriqu\u00e9s en France et b\u00e9n\u00e9ficient d\u2019une garantie d\u00e9cennale.<\/p>\n<p>Longueur\/diam\u00e8tre : 36 cm<br \/>\nLargeur : 36 cm<br \/>\nHauteur : 5 cm<br \/>\nPoids : 0,5 kg<\/p>\n","protected":false},"excerpt":{"rendered":"<p>Cr\u00e9\u00e9 avec un design astucieux et utilisant des mat\u00e9riaux naturels id\u00e9aux pour conserver les produits frais, le grand bol d\u2019Emile Henry fonctionne sur deux niveaux. Le couvercle en li\u00e8ge, qui sert de coupe \u00e0 fruits, offre une pr\u00e9sentation \u00e9l\u00e9gante, tandis que la base en c\u00e9ramique offre de l\u2019espace pour stocker des oignons, des betteraves ou [&hellip;]<\/p>\n","protected":false},"featured_media":6378813,"template":"","meta":{"_acf_changed":false},"product_cat":[12015,11995],"product_tag":[],"class_list":{"0":"post-1610397","1":"product","2":"type-product","3":"status-publish","4":"has-post-thumbnail","6":"product_cat-recipients-et-bols","7":"product_cat-table-fr-2","9":"first","10":"instock","11":"sale","12":"taxable","13":"shipping-taxable","14":"purchasable","15":"product-type-simple","swatches":"rey-swatches","show_selected":"","stretch_labels":"rey-swatches--stretch-labels"},"acf":[],"yoast_head":"<!-- This site is optimized with the Yoast SEO plugin v25.4 - https:\/\/yoast.com\/wordpress\/plugins\/seo\/ -->\n<title>EMILE HENRY Bol \u00e0 Fruits et L\u00e9gumes Argile - dev6 Erresse<\/title>\n<meta name=\"description\" content=\"Cr\u00e9\u00e9 avec un design astucieux et utilisant des mat\u00e9riaux naturels id\u00e9aux pour conserver les produits frais, le grand bol d\u2019Emile Henry fonctionne sur deux\" \/>\n<meta name=\"robots\" content=\"noindex, follow, max-snippet:-1, max-image-preview:large, max-video-preview:-1\" \/>\n<meta property=\"og:locale\" content=\"fr_FR\" \/>\n<meta property=\"og:type\" content=\"article\" \/>\n<meta property=\"og:title\" content=\"EMILE HENRY Bol \u00e0 Fruits et L\u00e9gumes Argile - dev6 Erresse\" \/>\n<meta property=\"og:description\" content=\"Cr\u00e9\u00e9 avec un design astucieux et utilisant des mat\u00e9riaux naturels id\u00e9aux pour conserver les produits frais, le grand bol d\u2019Emile Henry fonctionne sur deux\" \/>\n<meta property=\"og:url\" content=\"https:\/\/dev6.erresse-shop.it\/fr\/shop\/table-fr-2\/recipients-et-bols\/emile-henry-bol-a-fruits-et-legumes-argile\/\" \/>\n<meta property=\"og:site_name\" content=\"dev6 Erresse\" \/>\n<meta property=\"og:image\" content=\"https:\/\/interpim.erresse-shop.it\/Import\/Prodotti\/emile-henry-ciotola-per-frutta-e-verdura-argile.jpg\" \/><meta property=\"og:image\" content=\"https:\/\/interpim.erresse-shop.it\/Import\/Prodotti\/emile-henry-ciotola-per-frutta-e-verdura-argile.jpg\" \/>\n\t<meta property=\"og:image:width\" content=\"1024\" \/>\n\t<meta property=\"og:image:height\" content=\"1024\" \/>\n\t<meta property=\"og:image:type\" content=\"image\/jpeg\" \/>\n<meta name=\"twitter:card\" content=\"summary_large_image\" \/>\n<meta name=\"twitter:image\" content=\"https:\/\/interpim.erresse-shop.it\/Import\/Prodotti\/emile-henry-ciotola-per-frutta-e-verdura-argile.jpg\" \/>\n<script type=\"application\/ld+json\" class=\"yoast-schema-graph\">{\"@context\":\"https:\/\/schema.org\",\"@graph\":[{\"@type\":\"WebPage\",\"@id\":\"https:\/\/dev6.erresse-shop.it\/fr\/shop\/table-fr-2\/recipients-et-bols\/emile-henry-bol-a-fruits-et-legumes-argile\/\",\"url\":\"https:\/\/dev6.erresse-shop.it\/fr\/shop\/table-fr-2\/recipients-et-bols\/emile-henry-bol-a-fruits-et-legumes-argile\/\",\"name\":\"EMILE HENRY Bol \u00e0 Fruits et L\u00e9gumes Argile - dev6 Erresse\",\"isPartOf\":{\"@id\":\"https:\/\/dev6.erresse-shop.it\/#website\"},\"primaryImageOfPage\":{\"@id\":\"https:\/\/dev6.erresse-shop.it\/fr\/shop\/table-fr-2\/recipients-et-bols\/emile-henry-bol-a-fruits-et-legumes-argile\/#primaryimage\"},\"image\":{\"@id\":\"https:\/\/dev6.erresse-shop.it\/fr\/shop\/table-fr-2\/recipients-et-bols\/emile-henry-bol-a-fruits-et-legumes-argile\/#primaryimage\"},\"thumbnailUrl\":\"https:\/\/i1.wp.com\/interpim.erresse-shop.it\/Import\/Prodotti\/emile-henry-ciotola-per-frutta-e-verdura-argile.jpg?ssl=1\",\"datePublished\":\"2026-04-12T11:53:09+00:00\",\"description\":\"Cr\u00e9\u00e9 avec un design astucieux et utilisant des mat\u00e9riaux naturels id\u00e9aux pour conserver les produits frais, le grand bol d\u2019Emile Henry fonctionne sur deux\",\"breadcrumb\":{\"@id\":\"https:\/\/dev6.erresse-shop.it\/fr\/shop\/table-fr-2\/recipients-et-bols\/emile-henry-bol-a-fruits-et-legumes-argile\/#breadcrumb\"},\"inLanguage\":\"fr-FR\",\"potentialAction\":[{\"@type\":\"ReadAction\",\"target\":[\"https:\/\/dev6.erresse-shop.it\/fr\/shop\/table-fr-2\/recipients-et-bols\/emile-henry-bol-a-fruits-et-legumes-argile\/\"]}]},{\"@type\":\"ImageObject\",\"inLanguage\":\"fr-FR\",\"@id\":\"https:\/\/dev6.erresse-shop.it\/fr\/shop\/table-fr-2\/recipients-et-bols\/emile-henry-bol-a-fruits-et-legumes-argile\/#primaryimage\",\"url\":\"https:\/\/i1.wp.com\/interpim.erresse-shop.it\/Import\/Prodotti\/emile-henry-ciotola-per-frutta-e-verdura-argile.jpg?ssl=1\",\"contentUrl\":\"https:\/\/i1.wp.com\/interpim.erresse-shop.it\/Import\/Prodotti\/emile-henry-ciotola-per-frutta-e-verdura-argile.jpg?ssl=1\"},{\"@type\":\"BreadcrumbList\",\"@id\":\"https:\/\/dev6.erresse-shop.it\/fr\/shop\/table-fr-2\/recipients-et-bols\/emile-henry-bol-a-fruits-et-legumes-argile\/#breadcrumb\",\"itemListElement\":[{\"@type\":\"ListItem\",\"position\":1,\"name\":\"Home\",\"item\":\"https:\/\/dev6.erresse-shop.it\/\"},{\"@type\":\"ListItem\",\"position\":2,\"name\":\"Boutique\",\"item\":\"https:\/\/dev6.erresse-shop.it\/shop\/\"},{\"@type\":\"ListItem\",\"position\":3,\"name\":\"EMILE HENRY Bol \u00e0 Fruits et L\u00e9gumes Argile\"}]},{\"@type\":\"WebSite\",\"@id\":\"https:\/\/dev6.erresse-shop.it\/#website\",\"url\":\"https:\/\/dev6.erresse-shop.it\/\",\"name\":\"Erresse Shop\",\"description\":\"\",\"publisher\":{\"@id\":\"https:\/\/dev6.erresse-shop.it\/#organization\"},\"potentialAction\":[{\"@type\":\"SearchAction\",\"target\":{\"@type\":\"EntryPoint\",\"urlTemplate\":\"https:\/\/dev6.erresse-shop.it\/?s={search_term_string}\"},\"query-input\":{\"@type\":\"PropertyValueSpecification\",\"valueRequired\":true,\"valueName\":\"search_term_string\"}}],\"inLanguage\":\"fr-FR\"},{\"@type\":\"Organization\",\"@id\":\"https:\/\/dev6.erresse-shop.it\/#organization\",\"name\":\"Erresse Shop\",\"url\":\"https:\/\/dev6.erresse-shop.it\/\",\"logo\":{\"@type\":\"ImageObject\",\"inLanguage\":\"fr-FR\",\"@id\":\"https:\/\/dev6.erresse-shop.it\/#\/schema\/logo\/image\/\",\"url\":\"https:\/\/dev6.erresse-shop.it\/wp-content\/uploads\/2025\/01\/LOGO-ERRESSE-CLASSICO.svg\",\"contentUrl\":\"https:\/\/dev6.erresse-shop.it\/wp-content\/uploads\/2025\/01\/LOGO-ERRESSE-CLASSICO.svg\",\"caption\":\"Erresse Shop\"},\"image\":{\"@id\":\"https:\/\/dev6.erresse-shop.it\/#\/schema\/logo\/image\/\"}}]}<\/script>\n<!-- \/ Yoast SEO plugin. -->","yoast_head_json":{"title":"EMILE HENRY Bol \u00e0 Fruits et L\u00e9gumes Argile - dev6 Erresse","description":"Cr\u00e9\u00e9 avec un design astucieux et utilisant des mat\u00e9riaux naturels id\u00e9aux pour conserver les produits frais, le grand bol d\u2019Emile Henry fonctionne sur deux","robots":{"index":"noindex","follow":"follow","max-snippet":"max-snippet:-1","max-image-preview":"max-image-preview:large","max-video-preview":"max-video-preview:-1"},"og_locale":"fr_FR","og_type":"article","og_title":"EMILE HENRY Bol \u00e0 Fruits et L\u00e9gumes Argile - dev6 Erresse","og_description":"Cr\u00e9\u00e9 avec un design astucieux et utilisant des mat\u00e9riaux naturels id\u00e9aux pour conserver les produits frais, le grand bol d\u2019Emile Henry fonctionne sur deux","og_url":"https:\/\/dev6.erresse-shop.it\/fr\/shop\/table-fr-2\/recipients-et-bols\/emile-henry-bol-a-fruits-et-legumes-argile\/","og_site_name":"dev6 Erresse","og_image":[{"url":"https:\/\/interpim.erresse-shop.it\/Import\/Prodotti\/emile-henry-ciotola-per-frutta-e-verdura-argile.jpg","type":"","width":"","height":""},{"url":"https:\/\/interpim.erresse-shop.it\/Import\/Prodotti\/emile-henry-ciotola-per-frutta-e-verdura-argile.jpg","width":1024,"height":1024,"type":"image\/jpeg"}],"twitter_card":"summary_large_image","twitter_image":"https:\/\/interpim.erresse-shop.it\/Import\/Prodotti\/emile-henry-ciotola-per-frutta-e-verdura-argile.jpg","schema":{"@context":"https:\/\/schema.org","@graph":[{"@type":"WebPage","@id":"https:\/\/dev6.erresse-shop.it\/fr\/shop\/table-fr-2\/recipients-et-bols\/emile-henry-bol-a-fruits-et-legumes-argile\/","url":"https:\/\/dev6.erresse-shop.it\/fr\/shop\/table-fr-2\/recipients-et-bols\/emile-henry-bol-a-fruits-et-legumes-argile\/","name":"EMILE HENRY Bol \u00e0 Fruits et L\u00e9gumes Argile - dev6 Erresse","isPartOf":{"@id":"https:\/\/dev6.erresse-shop.it\/#website"},"primaryImageOfPage":{"@id":"https:\/\/dev6.erresse-shop.it\/fr\/shop\/table-fr-2\/recipients-et-bols\/emile-henry-bol-a-fruits-et-legumes-argile\/#primaryimage"},"image":{"@id":"https:\/\/dev6.erresse-shop.it\/fr\/shop\/table-fr-2\/recipients-et-bols\/emile-henry-bol-a-fruits-et-legumes-argile\/#primaryimage"},"thumbnailUrl":"https:\/\/i1.wp.com\/interpim.erresse-shop.it\/Import\/Prodotti\/emile-henry-ciotola-per-frutta-e-verdura-argile.jpg?ssl=1","datePublished":"2026-04-12T11:53:09+00:00","description":"Cr\u00e9\u00e9 avec un design astucieux et utilisant des mat\u00e9riaux naturels id\u00e9aux pour conserver les produits frais, le grand bol d\u2019Emile Henry fonctionne sur deux","breadcrumb":{"@id":"https:\/\/dev6.erresse-shop.it\/fr\/shop\/table-fr-2\/recipients-et-bols\/emile-henry-bol-a-fruits-et-legumes-argile\/#breadcrumb"},"inLanguage":"fr-FR","potentialAction":[{"@type":"ReadAction","target":["https:\/\/dev6.erresse-shop.it\/fr\/shop\/table-fr-2\/recipients-et-bols\/emile-henry-bol-a-fruits-et-legumes-argile\/"]}]},{"@type":"ImageObject","inLanguage":"fr-FR","@id":"https:\/\/dev6.erresse-shop.it\/fr\/shop\/table-fr-2\/recipients-et-bols\/emile-henry-bol-a-fruits-et-legumes-argile\/#primaryimage","url":"https:\/\/i1.wp.com\/interpim.erresse-shop.it\/Import\/Prodotti\/emile-henry-ciotola-per-frutta-e-verdura-argile.jpg?ssl=1","contentUrl":"https:\/\/i1.wp.com\/interpim.erresse-shop.it\/Import\/Prodotti\/emile-henry-ciotola-per-frutta-e-verdura-argile.jpg?ssl=1"},{"@type":"BreadcrumbList","@id":"https:\/\/dev6.erresse-shop.it\/fr\/shop\/table-fr-2\/recipients-et-bols\/emile-henry-bol-a-fruits-et-legumes-argile\/#breadcrumb","itemListElement":[{"@type":"ListItem","position":1,"name":"Home","item":"https:\/\/dev6.erresse-shop.it\/"},{"@type":"ListItem","position":2,"name":"Boutique","item":"https:\/\/dev6.erresse-shop.it\/shop\/"},{"@type":"ListItem","position":3,"name":"EMILE HENRY Bol \u00e0 Fruits et L\u00e9gumes Argile"}]},{"@type":"WebSite","@id":"https:\/\/dev6.erresse-shop.it\/#website","url":"https:\/\/dev6.erresse-shop.it\/","name":"Erresse Shop","description":"","publisher":{"@id":"https:\/\/dev6.erresse-shop.it\/#organization"},"potentialAction":[{"@type":"SearchAction","target":{"@type":"EntryPoint","urlTemplate":"https:\/\/dev6.erresse-shop.it\/?s={search_term_string}"},"query-input":{"@type":"PropertyValueSpecification","valueRequired":true,"valueName":"search_term_string"}}],"inLanguage":"fr-FR"},{"@type":"Organization","@id":"https:\/\/dev6.erresse-shop.it\/#organization","name":"Erresse Shop","url":"https:\/\/dev6.erresse-shop.it\/","logo":{"@type":"ImageObject","inLanguage":"fr-FR","@id":"https:\/\/dev6.erresse-shop.it\/#\/schema\/logo\/image\/","url":"https:\/\/dev6.erresse-shop.it\/wp-content\/uploads\/2025\/01\/LOGO-ERRESSE-CLASSICO.svg","contentUrl":"https:\/\/dev6.erresse-shop.it\/wp-content\/uploads\/2025\/01\/LOGO-ERRESSE-CLASSICO.svg","caption":"Erresse Shop"},"image":{"@id":"https:\/\/dev6.erresse-shop.it\/#\/schema\/logo\/image\/"}}]}},"df_price":79.95,"df_sale_price":79.95,"df_regular_price":105.9,"df_image_link":"https:\/\/i1.wp.com\/interpim.erresse-shop.it\/Import\/Prodotti\/emile-henry-ciotola-per-frutta-e-verdura-argile.jpg?resize=300,300&ssl=1","fifu_image_url":"https:\/\/interpim.erresse-shop.it\/Import\/Prodotti\/emile-henry-ciotola-per-frutta-e-verdura-argile.jpg","_links":{"self":[{"href":"https:\/\/dev6.erresse-shop.it\/fr\/wp-json\/wp\/v2\/product\/1610397","targetHints":{"allow":["GET"]}}],"collection":[{"href":"https:\/\/dev6.erresse-shop.it\/fr\/wp-json\/wp\/v2\/product"}],"about":[{"href":"https:\/\/dev6.erresse-shop.it\/fr\/wp-json\/wp\/v2\/types\/product"}],"wp:featuredmedia":[{"embeddable":true,"href":"https:\/\/dev6.erresse-shop.it\/fr\/wp-json\/wp\/v2\/media\/6378813"}],"wp:attachment":[{"href":"https:\/\/dev6.erresse-shop.it\/fr\/wp-json\/wp\/v2\/media?parent=1610397"}],"wp:term":[{"taxonomy":"product_cat","embeddable":true,"href":"https:\/\/dev6.erresse-shop.it\/fr\/wp-json\/wp\/v2\/product_cat?post=1610397"},{"taxonomy":"product_tag","embeddable":true,"href":"https:\/\/dev6.erresse-shop.it\/fr\/wp-json\/wp\/v2\/product_tag?post=1610397"}],"curies":[{"name":"wp","href":"https:\/\/api.w.org\/{rel}","templated":true}]}}