{"id":1610393,"date":"2026-04-12T13:50:21","date_gmt":"2026-04-12T11:50:21","guid":{"rendered":"https:\/\/dev6.erresse-shop.it\/shop\/non%20class\u00e9\/zwilling-ensemble-daccessoires-en-plastique-fresh-save-5-pieces-grises\/"},"modified":"2026-01-16T22:17:02","modified_gmt":"2026-01-16T21:17:02","slug":"zwilling-ensemble-daccessoires-en-plastique-fresh-save-5-pieces-grises","status":"publish","type":"product","link":"https:\/\/dev6.erresse-shop.it\/fr\/shop\/cuisine\/sous-vide\/zwilling-ensemble-daccessoires-en-plastique-fresh-save-5-pieces-grises\/","title":{"rendered":"ZWILLING Ensemble d&#8217;accessoires en plastique Fresh &#038; Save 5 pi\u00e8ces grises"},"content":{"rendered":"<p>ZWILLING FRAIS &amp; SAUVEZ LES BOLS : Le syst\u00e8me de mise sous vide r\u00e9volutionnaire ne vous offre pas seulement plus de fra\u00eecheur. Il simplifie \u00e9galement votre quotidien en cuisine, gr\u00e2ce aux nombreuses solutions qui \u00e9vitent l\u2019encombrement lors de la pr\u00e9paration des repas.<\/p>\n<p>Notre ensemble d\u2019accessoires pratiques contient : Un pare-\u00e9claboussures adaptatif, adapt\u00e9 aux bols BOWLS de 18 et 24 cm et aux bols STAUB CERAMIQUE (sans poign\u00e9es). Cet accessoire permet de m\u00e9langer et de mixer les ingr\u00e9dients sans faire de d\u00e9g\u00e2ts et sert en m\u00eame temps de support pour l\u2019utilisation d\u2019accessoires avec de grands bols.<\/p>\n<p>Trois accessoires interchangeables : parfaits pour r\u00e2per, trancher, zester, \u00e9plucher et hacher, ils s\u2019adaptent \u00e0 tous les bols de 12 cm et peuvent \u00eatre ins\u00e9r\u00e9s dans le pare-\u00e9claboussures pour une utilisation avec des bols plus grands. De cette fa\u00e7on, vous pouvez r\u00e2per directement dans les bols.<\/p>\n<p>Un tapis de cuisson en silicone antid\u00e9rapant pour une prise stable lors du m\u00e9lange et du r\u00e2page, comme substitut durable au papier sulfuris\u00e9 et comme aide pratique au p\u00e9trissage. Facile \u00e0 laver au lave-vaisselle.<\/p>\n<p>Ensemble d\u2019accessoires pour ZWILLING FRESH &amp; BOLS SAVE avec protection anti-\u00e9claboussures, 3 accessoires de r\u00e2page et tapis en silicone antid\u00e9rapant, allant au four<br \/>\nProtection anti-\u00e9claboussures adapt\u00e9e aux bols BOWLS et STAUB CERAMIQUE (sans anses) 18 et 24 cm<br \/>\n3 accessoires pour r\u00e2per grossi\u00e8rement, finement et en tranches<br \/>\nR\u00e2pe avec design ZWILLING Z-Cut et technologie de coupe bidirectionnelle<br \/>\nLes r\u00e2pes peuvent \u00eatre ins\u00e9r\u00e9es dans le pare-\u00e9claboussures et peuvent \u00e9galement \u00eatre utilis\u00e9es sur des bols de 18 et 24 cm<br \/>\nTapis en silicone antid\u00e9rapant pour une prise stable lors du m\u00e9lange et du r\u00e2page<br \/>\nTapis en silicone polyvalent : permet d\u2019\u00e9taler et de d\u00e9couper et remplace le papier sulfuris\u00e9 (compatible four jusqu\u2019\u00e0 240\u00b0C)<\/p>\n<p>D\u00e9tails du produit\u00a0:<\/p>\n<p>R\u00e9sistance \u00e0 la chaleur\u00a0:240\u00a0\u00baC<br \/>\nR\u00e9sistance au froid\u00a0:0 \u00baC<br \/>\nMat\u00e9riau\u00a0:plastique<br \/>\nCouverture existante\u00a0:non<br \/>\nLave-vaisselle\u00a0:Oui<br \/>\nNombre de pi\u00e8ces\u00a0:5<\/p>\n<p>\u00a0<\/p>\n","protected":false},"excerpt":{"rendered":"<p>ZWILLING FRAIS &amp; SAUVEZ LES BOLS : Le syst\u00e8me de mise sous vide r\u00e9volutionnaire ne vous offre pas seulement plus de fra\u00eecheur. Il simplifie \u00e9galement votre quotidien en cuisine, gr\u00e2ce aux nombreuses solutions qui \u00e9vitent l\u2019encombrement lors de la pr\u00e9paration des repas. Notre ensemble d\u2019accessoires pratiques contient : Un pare-\u00e9claboussures adaptatif, adapt\u00e9 aux bols BOWLS [&hellip;]<\/p>\n","protected":false},"featured_media":6378793,"template":"","meta":{"_acf_changed":false},"product_cat":[11992,12095],"product_tag":[],"class_list":{"0":"post-1610393","1":"product","2":"type-product","3":"status-publish","4":"has-post-thumbnail","6":"product_cat-cuisine","7":"product_cat-sous-vide","9":"first","10":"instock","11":"sale","12":"taxable","13":"shipping-taxable","14":"purchasable","15":"product-type-simple","swatches":"rey-swatches","show_selected":"","stretch_labels":"rey-swatches--stretch-labels"},"acf":[],"yoast_head":"<!-- This site is optimized with the Yoast SEO plugin v25.4 - https:\/\/yoast.com\/wordpress\/plugins\/seo\/ -->\n<title>ZWILLING Ensemble d&#8217;accessoires en plastique Fresh &#038; Save 5 pi\u00e8ces grises - dev6 Erresse<\/title>\n<meta name=\"description\" content=\"ZWILLING FRAIS &amp; SAUVEZ LES BOLS : Le syst\u00e8me de mise sous vide r\u00e9volutionnaire ne vous offre pas seulement plus de fra\u00eecheur. Il simplifie \u00e9galement\" \/>\n<meta name=\"robots\" content=\"noindex, follow, max-snippet:-1, max-image-preview:large, max-video-preview:-1\" \/>\n<meta property=\"og:locale\" content=\"fr_FR\" \/>\n<meta property=\"og:type\" content=\"article\" \/>\n<meta property=\"og:title\" content=\"ZWILLING Ensemble d&#8217;accessoires en plastique Fresh &#038; Save 5 pi\u00e8ces grises - dev6 Erresse\" \/>\n<meta property=\"og:description\" content=\"ZWILLING FRAIS &amp; SAUVEZ LES BOLS : Le syst\u00e8me de mise sous vide r\u00e9volutionnaire ne vous offre pas seulement plus de fra\u00eecheur. Il simplifie \u00e9galement\" \/>\n<meta property=\"og:url\" content=\"https:\/\/dev6.erresse-shop.it\/fr\/shop\/cuisine\/sous-vide\/zwilling-ensemble-daccessoires-en-plastique-fresh-save-5-pieces-grises\/\" \/>\n<meta property=\"og:site_name\" content=\"dev6 Erresse\" \/>\n<meta property=\"og:image\" content=\"https:\/\/interpim.erresse-shop.it\/Import\/Prodotti\/zwilling-set-accessori-fresh-save-in-plastica-5-pezzi-grigio.jpg\" \/><meta property=\"og:image\" content=\"https:\/\/interpim.erresse-shop.it\/Import\/Prodotti\/zwilling-set-accessori-fresh-save-in-plastica-5-pezzi-grigio.jpg\" \/>\n\t<meta property=\"og:image:width\" content=\"1024\" \/>\n\t<meta property=\"og:image:height\" content=\"1024\" \/>\n\t<meta property=\"og:image:type\" content=\"image\/jpeg\" \/>\n<meta name=\"twitter:card\" content=\"summary_large_image\" \/>\n<meta name=\"twitter:image\" content=\"https:\/\/interpim.erresse-shop.it\/Import\/Prodotti\/zwilling-set-accessori-fresh-save-in-plastica-5-pezzi-grigio.jpg\" \/>\n<script type=\"application\/ld+json\" class=\"yoast-schema-graph\">{\"@context\":\"https:\/\/schema.org\",\"@graph\":[{\"@type\":\"WebPage\",\"@id\":\"https:\/\/dev6.erresse-shop.it\/fr\/shop\/cuisine\/sous-vide\/zwilling-ensemble-daccessoires-en-plastique-fresh-save-5-pieces-grises\/\",\"url\":\"https:\/\/dev6.erresse-shop.it\/fr\/shop\/cuisine\/sous-vide\/zwilling-ensemble-daccessoires-en-plastique-fresh-save-5-pieces-grises\/\",\"name\":\"ZWILLING Ensemble d&#8217;accessoires en plastique Fresh &#038; Save 5 pi\u00e8ces grises - dev6 Erresse\",\"isPartOf\":{\"@id\":\"https:\/\/dev6.erresse-shop.it\/#website\"},\"primaryImageOfPage\":{\"@id\":\"https:\/\/dev6.erresse-shop.it\/fr\/shop\/cuisine\/sous-vide\/zwilling-ensemble-daccessoires-en-plastique-fresh-save-5-pieces-grises\/#primaryimage\"},\"image\":{\"@id\":\"https:\/\/dev6.erresse-shop.it\/fr\/shop\/cuisine\/sous-vide\/zwilling-ensemble-daccessoires-en-plastique-fresh-save-5-pieces-grises\/#primaryimage\"},\"thumbnailUrl\":\"https:\/\/i1.wp.com\/interpim.erresse-shop.it\/Import\/Prodotti\/zwilling-set-accessori-fresh-save-in-plastica-5-pezzi-grigio.jpg?ssl=1\",\"datePublished\":\"2026-04-12T11:50:21+00:00\",\"description\":\"ZWILLING FRAIS &amp; SAUVEZ LES BOLS : Le syst\u00e8me de mise sous vide r\u00e9volutionnaire ne vous offre pas seulement plus de fra\u00eecheur. Il simplifie \u00e9galement\",\"breadcrumb\":{\"@id\":\"https:\/\/dev6.erresse-shop.it\/fr\/shop\/cuisine\/sous-vide\/zwilling-ensemble-daccessoires-en-plastique-fresh-save-5-pieces-grises\/#breadcrumb\"},\"inLanguage\":\"fr-FR\",\"potentialAction\":[{\"@type\":\"ReadAction\",\"target\":[\"https:\/\/dev6.erresse-shop.it\/fr\/shop\/cuisine\/sous-vide\/zwilling-ensemble-daccessoires-en-plastique-fresh-save-5-pieces-grises\/\"]}]},{\"@type\":\"ImageObject\",\"inLanguage\":\"fr-FR\",\"@id\":\"https:\/\/dev6.erresse-shop.it\/fr\/shop\/cuisine\/sous-vide\/zwilling-ensemble-daccessoires-en-plastique-fresh-save-5-pieces-grises\/#primaryimage\",\"url\":\"https:\/\/i1.wp.com\/interpim.erresse-shop.it\/Import\/Prodotti\/zwilling-set-accessori-fresh-save-in-plastica-5-pezzi-grigio.jpg?ssl=1\",\"contentUrl\":\"https:\/\/i1.wp.com\/interpim.erresse-shop.it\/Import\/Prodotti\/zwilling-set-accessori-fresh-save-in-plastica-5-pezzi-grigio.jpg?ssl=1\"},{\"@type\":\"BreadcrumbList\",\"@id\":\"https:\/\/dev6.erresse-shop.it\/fr\/shop\/cuisine\/sous-vide\/zwilling-ensemble-daccessoires-en-plastique-fresh-save-5-pieces-grises\/#breadcrumb\",\"itemListElement\":[{\"@type\":\"ListItem\",\"position\":1,\"name\":\"Home\",\"item\":\"https:\/\/dev6.erresse-shop.it\/\"},{\"@type\":\"ListItem\",\"position\":2,\"name\":\"Boutique\",\"item\":\"https:\/\/dev6.erresse-shop.it\/shop\/\"},{\"@type\":\"ListItem\",\"position\":3,\"name\":\"ZWILLING Ensemble d&#8217;accessoires en plastique Fresh &#038; Save 5 pi\u00e8ces grises\"}]},{\"@type\":\"WebSite\",\"@id\":\"https:\/\/dev6.erresse-shop.it\/#website\",\"url\":\"https:\/\/dev6.erresse-shop.it\/\",\"name\":\"Erresse Shop\",\"description\":\"\",\"publisher\":{\"@id\":\"https:\/\/dev6.erresse-shop.it\/#organization\"},\"potentialAction\":[{\"@type\":\"SearchAction\",\"target\":{\"@type\":\"EntryPoint\",\"urlTemplate\":\"https:\/\/dev6.erresse-shop.it\/?s={search_term_string}\"},\"query-input\":{\"@type\":\"PropertyValueSpecification\",\"valueRequired\":true,\"valueName\":\"search_term_string\"}}],\"inLanguage\":\"fr-FR\"},{\"@type\":\"Organization\",\"@id\":\"https:\/\/dev6.erresse-shop.it\/#organization\",\"name\":\"Erresse Shop\",\"url\":\"https:\/\/dev6.erresse-shop.it\/\",\"logo\":{\"@type\":\"ImageObject\",\"inLanguage\":\"fr-FR\",\"@id\":\"https:\/\/dev6.erresse-shop.it\/#\/schema\/logo\/image\/\",\"url\":\"https:\/\/dev6.erresse-shop.it\/wp-content\/uploads\/2025\/01\/LOGO-ERRESSE-CLASSICO.svg\",\"contentUrl\":\"https:\/\/dev6.erresse-shop.it\/wp-content\/uploads\/2025\/01\/LOGO-ERRESSE-CLASSICO.svg\",\"caption\":\"Erresse Shop\"},\"image\":{\"@id\":\"https:\/\/dev6.erresse-shop.it\/#\/schema\/logo\/image\/\"}}]}<\/script>\n<!-- \/ Yoast SEO plugin. -->","yoast_head_json":{"title":"ZWILLING Ensemble d&#8217;accessoires en plastique Fresh &#038; Save 5 pi\u00e8ces grises - dev6 Erresse","description":"ZWILLING FRAIS &amp; SAUVEZ LES BOLS : Le syst\u00e8me de mise sous vide r\u00e9volutionnaire ne vous offre pas seulement plus de fra\u00eecheur. Il simplifie \u00e9galement","robots":{"index":"noindex","follow":"follow","max-snippet":"max-snippet:-1","max-image-preview":"max-image-preview:large","max-video-preview":"max-video-preview:-1"},"og_locale":"fr_FR","og_type":"article","og_title":"ZWILLING Ensemble d&#8217;accessoires en plastique Fresh &#038; Save 5 pi\u00e8ces grises - dev6 Erresse","og_description":"ZWILLING FRAIS &amp; SAUVEZ LES BOLS : Le syst\u00e8me de mise sous vide r\u00e9volutionnaire ne vous offre pas seulement plus de fra\u00eecheur. Il simplifie \u00e9galement","og_url":"https:\/\/dev6.erresse-shop.it\/fr\/shop\/cuisine\/sous-vide\/zwilling-ensemble-daccessoires-en-plastique-fresh-save-5-pieces-grises\/","og_site_name":"dev6 Erresse","og_image":[{"url":"https:\/\/interpim.erresse-shop.it\/Import\/Prodotti\/zwilling-set-accessori-fresh-save-in-plastica-5-pezzi-grigio.jpg","type":"","width":"","height":""},{"url":"https:\/\/interpim.erresse-shop.it\/Import\/Prodotti\/zwilling-set-accessori-fresh-save-in-plastica-5-pezzi-grigio.jpg","width":1024,"height":1024,"type":"image\/jpeg"}],"twitter_card":"summary_large_image","twitter_image":"https:\/\/interpim.erresse-shop.it\/Import\/Prodotti\/zwilling-set-accessori-fresh-save-in-plastica-5-pezzi-grigio.jpg","schema":{"@context":"https:\/\/schema.org","@graph":[{"@type":"WebPage","@id":"https:\/\/dev6.erresse-shop.it\/fr\/shop\/cuisine\/sous-vide\/zwilling-ensemble-daccessoires-en-plastique-fresh-save-5-pieces-grises\/","url":"https:\/\/dev6.erresse-shop.it\/fr\/shop\/cuisine\/sous-vide\/zwilling-ensemble-daccessoires-en-plastique-fresh-save-5-pieces-grises\/","name":"ZWILLING Ensemble d&#8217;accessoires en plastique Fresh &#038; Save 5 pi\u00e8ces grises - dev6 Erresse","isPartOf":{"@id":"https:\/\/dev6.erresse-shop.it\/#website"},"primaryImageOfPage":{"@id":"https:\/\/dev6.erresse-shop.it\/fr\/shop\/cuisine\/sous-vide\/zwilling-ensemble-daccessoires-en-plastique-fresh-save-5-pieces-grises\/#primaryimage"},"image":{"@id":"https:\/\/dev6.erresse-shop.it\/fr\/shop\/cuisine\/sous-vide\/zwilling-ensemble-daccessoires-en-plastique-fresh-save-5-pieces-grises\/#primaryimage"},"thumbnailUrl":"https:\/\/i1.wp.com\/interpim.erresse-shop.it\/Import\/Prodotti\/zwilling-set-accessori-fresh-save-in-plastica-5-pezzi-grigio.jpg?ssl=1","datePublished":"2026-04-12T11:50:21+00:00","description":"ZWILLING FRAIS &amp; SAUVEZ LES BOLS : Le syst\u00e8me de mise sous vide r\u00e9volutionnaire ne vous offre pas seulement plus de fra\u00eecheur. Il simplifie \u00e9galement","breadcrumb":{"@id":"https:\/\/dev6.erresse-shop.it\/fr\/shop\/cuisine\/sous-vide\/zwilling-ensemble-daccessoires-en-plastique-fresh-save-5-pieces-grises\/#breadcrumb"},"inLanguage":"fr-FR","potentialAction":[{"@type":"ReadAction","target":["https:\/\/dev6.erresse-shop.it\/fr\/shop\/cuisine\/sous-vide\/zwilling-ensemble-daccessoires-en-plastique-fresh-save-5-pieces-grises\/"]}]},{"@type":"ImageObject","inLanguage":"fr-FR","@id":"https:\/\/dev6.erresse-shop.it\/fr\/shop\/cuisine\/sous-vide\/zwilling-ensemble-daccessoires-en-plastique-fresh-save-5-pieces-grises\/#primaryimage","url":"https:\/\/i1.wp.com\/interpim.erresse-shop.it\/Import\/Prodotti\/zwilling-set-accessori-fresh-save-in-plastica-5-pezzi-grigio.jpg?ssl=1","contentUrl":"https:\/\/i1.wp.com\/interpim.erresse-shop.it\/Import\/Prodotti\/zwilling-set-accessori-fresh-save-in-plastica-5-pezzi-grigio.jpg?ssl=1"},{"@type":"BreadcrumbList","@id":"https:\/\/dev6.erresse-shop.it\/fr\/shop\/cuisine\/sous-vide\/zwilling-ensemble-daccessoires-en-plastique-fresh-save-5-pieces-grises\/#breadcrumb","itemListElement":[{"@type":"ListItem","position":1,"name":"Home","item":"https:\/\/dev6.erresse-shop.it\/"},{"@type":"ListItem","position":2,"name":"Boutique","item":"https:\/\/dev6.erresse-shop.it\/shop\/"},{"@type":"ListItem","position":3,"name":"ZWILLING Ensemble d&#8217;accessoires en plastique Fresh &#038; Save 5 pi\u00e8ces grises"}]},{"@type":"WebSite","@id":"https:\/\/dev6.erresse-shop.it\/#website","url":"https:\/\/dev6.erresse-shop.it\/","name":"Erresse Shop","description":"","publisher":{"@id":"https:\/\/dev6.erresse-shop.it\/#organization"},"potentialAction":[{"@type":"SearchAction","target":{"@type":"EntryPoint","urlTemplate":"https:\/\/dev6.erresse-shop.it\/?s={search_term_string}"},"query-input":{"@type":"PropertyValueSpecification","valueRequired":true,"valueName":"search_term_string"}}],"inLanguage":"fr-FR"},{"@type":"Organization","@id":"https:\/\/dev6.erresse-shop.it\/#organization","name":"Erresse Shop","url":"https:\/\/dev6.erresse-shop.it\/","logo":{"@type":"ImageObject","inLanguage":"fr-FR","@id":"https:\/\/dev6.erresse-shop.it\/#\/schema\/logo\/image\/","url":"https:\/\/dev6.erresse-shop.it\/wp-content\/uploads\/2025\/01\/LOGO-ERRESSE-CLASSICO.svg","contentUrl":"https:\/\/dev6.erresse-shop.it\/wp-content\/uploads\/2025\/01\/LOGO-ERRESSE-CLASSICO.svg","caption":"Erresse Shop"},"image":{"@id":"https:\/\/dev6.erresse-shop.it\/#\/schema\/logo\/image\/"}}]}},"df_price":34.9,"df_sale_price":34.9,"df_regular_price":39.95,"df_image_link":"https:\/\/i1.wp.com\/interpim.erresse-shop.it\/Import\/Prodotti\/zwilling-set-accessori-fresh-save-in-plastica-5-pezzi-grigio.jpg?resize=300,300&ssl=1","fifu_image_url":"https:\/\/interpim.erresse-shop.it\/Import\/Prodotti\/zwilling-set-accessori-fresh-save-in-plastica-5-pezzi-grigio.jpg","_links":{"self":[{"href":"https:\/\/dev6.erresse-shop.it\/fr\/wp-json\/wp\/v2\/product\/1610393","targetHints":{"allow":["GET"]}}],"collection":[{"href":"https:\/\/dev6.erresse-shop.it\/fr\/wp-json\/wp\/v2\/product"}],"about":[{"href":"https:\/\/dev6.erresse-shop.it\/fr\/wp-json\/wp\/v2\/types\/product"}],"wp:featuredmedia":[{"embeddable":true,"href":"https:\/\/dev6.erresse-shop.it\/fr\/wp-json\/wp\/v2\/media\/6378793"}],"wp:attachment":[{"href":"https:\/\/dev6.erresse-shop.it\/fr\/wp-json\/wp\/v2\/media?parent=1610393"}],"wp:term":[{"taxonomy":"product_cat","embeddable":true,"href":"https:\/\/dev6.erresse-shop.it\/fr\/wp-json\/wp\/v2\/product_cat?post=1610393"},{"taxonomy":"product_tag","embeddable":true,"href":"https:\/\/dev6.erresse-shop.it\/fr\/wp-json\/wp\/v2\/product_tag?post=1610393"}],"curies":[{"name":"wp","href":"https:\/\/api.w.org\/{rel}","templated":true}]}}