{"id":1610391,"date":"2026-04-12T13:50:21","date_gmt":"2026-04-12T11:50:21","guid":{"rendered":"https:\/\/dev6.erresse-shop.it\/shop\/non%20class\u00e9\/zwilling-kit-de-demarrage-sous-vide-fresh-save-en-acier-9-pieces\/"},"modified":"2026-01-16T22:17:00","modified_gmt":"2026-01-16T21:17:00","slug":"zwilling-kit-de-demarrage-sous-vide-fresh-save-en-acier-9-pieces","status":"publish","type":"product","link":"https:\/\/dev6.erresse-shop.it\/fr\/shop\/cuisine\/sous-vide\/zwilling-kit-de-demarrage-sous-vide-fresh-save-en-acier-9-pieces\/","title":{"rendered":"ZWILLING Kit de d\u00e9marrage sous vide Fresh &#038; Save en acier 9 pi\u00e8ces"},"content":{"rendered":"<p>L\u2019avenir de la fra\u00eecheur commence avec ZWILLING FRESH &amp; SAVE BOWLS, le syst\u00e8me sous vide qui offre une polyvalence maximale. Avec deux bols en acier inoxydable de haute qualit\u00e9, incassables, hygi\u00e9niques et lavables au lave-vaisselle, vous pouvez pr\u00e9parer, servir et conserver vos plats pr\u00e9f\u00e9r\u00e9s sans avoir \u00e0 les transf\u00e9rer dans un autre r\u00e9cipient. Disponibles en deux tailles, les bols sont parfaits pour tout, des types de salades aux accompagnements et au granola. Et s\u2019il y a des restes ? Pas de probl\u00e8me, mettez le couvercle ! Fermez les bols en acier inoxydable avec les couvercles sous vide et extrayez l\u2019air avec la pompe fournie. En quelques secondes seulement, les aliments sont mis sous vide et restent frais jusqu\u2019\u00e0 cinq fois plus longtemps*. Pour encore plus de fra\u00eecheur, vous pouvez d\u00e9sormais \u00e9galement mettre sous vide les bols STAUB : les couvercles sont compatibles avec tous les bols STAUB CERAMIQUE (sans anses) en 18 et 24 cm.<\/p>\n<p>*Par rapport aux m\u00e9thodes conventionnelles de conservation sans vide<\/p>\n<p>Polyvalent, pour pr\u00e9parer, servir et conserver vos plats<br \/>\nLes aliments emball\u00e9s sous vide restent frais jusqu\u2019\u00e0 5 fois plus longtemps*<br \/>\nCouvercles sous vide avec technologie innovante \u00e0 double joint<br \/>\nTous les bols sont incassables, passent au lave-vaisselle et au cong\u00e9lateur<br \/>\nCouvercles compatibles avec tous les bols ZWILLING FRESH &amp; BOLS SAVE et STAUB CERAMIQUE (sans anses) des tailles correspondantes<br \/>\nL\u2019ensemble contient : 2 bols FRESH et en acier inoxydable BOLS DE CONSERVATION incl. couvercles sous vide (M\/L), 2 sacs sous vide de chaque taille S&#43;M (avec curseur de fermeture et barri\u00e8re liquide) et une pompe \u00e0 vide<br \/>\nTout FRESH &amp; pompes et couvercles SAVE sont compatibles<\/p>\n<p>Caract\u00e9ristiques\u00a0:<\/p>\n<p>R\u00e9sistance \u00e0 la chaleur\u00a0:90\u00a0\u00baC<br \/>\nR\u00e9sistance au froid\u00a0:-10\u00a0\u00baC<br \/>\nMat\u00e9riau\u00a0:acier inoxydable<br \/>\nCouvercle existant\u00a0:oui<br \/>\nCong\u00e9lateur\u00a0:Oui<br \/>\nNombre de pi\u00e8ces\u00a0:9<br \/>\nTension\u00a0:110-240\u00a0V<br \/>\n(Accessoires) fournis avec l\u2019appareil\u00a0:Adaptateur, c\u00e2ble de chargement USB<\/p>\n<p>\u00a0<\/p>\n","protected":false},"excerpt":{"rendered":"<p>L\u2019avenir de la fra\u00eecheur commence avec ZWILLING FRESH &amp; SAVE BOWLS, le syst\u00e8me sous vide qui offre une polyvalence maximale. Avec deux bols en acier inoxydable de haute qualit\u00e9, incassables, hygi\u00e9niques et lavables au lave-vaisselle, vous pouvez pr\u00e9parer, servir et conserver vos plats pr\u00e9f\u00e9r\u00e9s sans avoir \u00e0 les transf\u00e9rer dans un autre r\u00e9cipient. Disponibles en [&hellip;]<\/p>\n","protected":false},"featured_media":6378781,"template":"","meta":{"_acf_changed":false},"product_cat":[11992,12095],"product_tag":[],"class_list":{"0":"post-1610391","1":"product","2":"type-product","3":"status-publish","4":"has-post-thumbnail","6":"product_cat-cuisine","7":"product_cat-sous-vide","9":"first","10":"instock","11":"sale","12":"taxable","13":"shipping-taxable","14":"purchasable","15":"product-type-simple","swatches":"rey-swatches","show_selected":"","stretch_labels":"rey-swatches--stretch-labels"},"acf":[],"yoast_head":"<!-- This site is optimized with the Yoast SEO plugin v25.4 - https:\/\/yoast.com\/wordpress\/plugins\/seo\/ -->\n<title>ZWILLING Kit de d\u00e9marrage sous vide Fresh &#038; Save en acier 9 pi\u00e8ces - dev6 Erresse<\/title>\n<meta name=\"description\" content=\"L\u2019avenir de la fra\u00eecheur commence avec ZWILLING FRESH &amp; SAVE BOWLS, le syst\u00e8me sous vide qui offre une polyvalence maximale. Avec deux bols en acier\" \/>\n<meta name=\"robots\" content=\"noindex, follow, max-snippet:-1, max-image-preview:large, max-video-preview:-1\" \/>\n<meta property=\"og:locale\" content=\"fr_FR\" \/>\n<meta property=\"og:type\" content=\"article\" \/>\n<meta property=\"og:title\" content=\"ZWILLING Kit de d\u00e9marrage sous vide Fresh &#038; Save en acier 9 pi\u00e8ces - dev6 Erresse\" \/>\n<meta property=\"og:description\" content=\"L\u2019avenir de la fra\u00eecheur commence avec ZWILLING FRESH &amp; SAVE BOWLS, le syst\u00e8me sous vide qui offre une polyvalence maximale. Avec deux bols en acier\" \/>\n<meta property=\"og:url\" content=\"https:\/\/dev6.erresse-shop.it\/fr\/shop\/cuisine\/sous-vide\/zwilling-kit-de-demarrage-sous-vide-fresh-save-en-acier-9-pieces\/\" \/>\n<meta property=\"og:site_name\" content=\"dev6 Erresse\" \/>\n<meta property=\"og:image\" content=\"https:\/\/interpim.erresse-shop.it\/Import\/Prodotti\/zwilling-set-starter-sottovuoto-fresh-save-in-acciaio-9-pezzi.jpg\" \/><meta property=\"og:image\" content=\"https:\/\/interpim.erresse-shop.it\/Import\/Prodotti\/zwilling-set-starter-sottovuoto-fresh-save-in-acciaio-9-pezzi.jpg\" \/>\n\t<meta property=\"og:image:width\" content=\"1024\" \/>\n\t<meta property=\"og:image:height\" content=\"1024\" \/>\n\t<meta property=\"og:image:type\" content=\"image\/jpeg\" \/>\n<meta name=\"twitter:card\" content=\"summary_large_image\" \/>\n<meta name=\"twitter:image\" content=\"https:\/\/interpim.erresse-shop.it\/Import\/Prodotti\/zwilling-set-starter-sottovuoto-fresh-save-in-acciaio-9-pezzi.jpg\" \/>\n<script type=\"application\/ld+json\" class=\"yoast-schema-graph\">{\"@context\":\"https:\/\/schema.org\",\"@graph\":[{\"@type\":\"WebPage\",\"@id\":\"https:\/\/dev6.erresse-shop.it\/fr\/shop\/cuisine\/sous-vide\/zwilling-kit-de-demarrage-sous-vide-fresh-save-en-acier-9-pieces\/\",\"url\":\"https:\/\/dev6.erresse-shop.it\/fr\/shop\/cuisine\/sous-vide\/zwilling-kit-de-demarrage-sous-vide-fresh-save-en-acier-9-pieces\/\",\"name\":\"ZWILLING Kit de d\u00e9marrage sous vide Fresh &#038; Save en acier 9 pi\u00e8ces - dev6 Erresse\",\"isPartOf\":{\"@id\":\"https:\/\/dev6.erresse-shop.it\/#website\"},\"primaryImageOfPage\":{\"@id\":\"https:\/\/dev6.erresse-shop.it\/fr\/shop\/cuisine\/sous-vide\/zwilling-kit-de-demarrage-sous-vide-fresh-save-en-acier-9-pieces\/#primaryimage\"},\"image\":{\"@id\":\"https:\/\/dev6.erresse-shop.it\/fr\/shop\/cuisine\/sous-vide\/zwilling-kit-de-demarrage-sous-vide-fresh-save-en-acier-9-pieces\/#primaryimage\"},\"thumbnailUrl\":\"https:\/\/i0.wp.com\/interpim.erresse-shop.it\/Import\/Prodotti\/zwilling-set-starter-sottovuoto-fresh-save-in-acciaio-9-pezzi.jpg?ssl=1\",\"datePublished\":\"2026-04-12T11:50:21+00:00\",\"description\":\"L\u2019avenir de la fra\u00eecheur commence avec ZWILLING FRESH &amp; SAVE BOWLS, le syst\u00e8me sous vide qui offre une polyvalence maximale. Avec deux bols en acier\",\"breadcrumb\":{\"@id\":\"https:\/\/dev6.erresse-shop.it\/fr\/shop\/cuisine\/sous-vide\/zwilling-kit-de-demarrage-sous-vide-fresh-save-en-acier-9-pieces\/#breadcrumb\"},\"inLanguage\":\"fr-FR\",\"potentialAction\":[{\"@type\":\"ReadAction\",\"target\":[\"https:\/\/dev6.erresse-shop.it\/fr\/shop\/cuisine\/sous-vide\/zwilling-kit-de-demarrage-sous-vide-fresh-save-en-acier-9-pieces\/\"]}]},{\"@type\":\"ImageObject\",\"inLanguage\":\"fr-FR\",\"@id\":\"https:\/\/dev6.erresse-shop.it\/fr\/shop\/cuisine\/sous-vide\/zwilling-kit-de-demarrage-sous-vide-fresh-save-en-acier-9-pieces\/#primaryimage\",\"url\":\"https:\/\/i0.wp.com\/interpim.erresse-shop.it\/Import\/Prodotti\/zwilling-set-starter-sottovuoto-fresh-save-in-acciaio-9-pezzi.jpg?ssl=1\",\"contentUrl\":\"https:\/\/i0.wp.com\/interpim.erresse-shop.it\/Import\/Prodotti\/zwilling-set-starter-sottovuoto-fresh-save-in-acciaio-9-pezzi.jpg?ssl=1\"},{\"@type\":\"BreadcrumbList\",\"@id\":\"https:\/\/dev6.erresse-shop.it\/fr\/shop\/cuisine\/sous-vide\/zwilling-kit-de-demarrage-sous-vide-fresh-save-en-acier-9-pieces\/#breadcrumb\",\"itemListElement\":[{\"@type\":\"ListItem\",\"position\":1,\"name\":\"Home\",\"item\":\"https:\/\/dev6.erresse-shop.it\/\"},{\"@type\":\"ListItem\",\"position\":2,\"name\":\"Boutique\",\"item\":\"https:\/\/dev6.erresse-shop.it\/shop\/\"},{\"@type\":\"ListItem\",\"position\":3,\"name\":\"ZWILLING Kit de d\u00e9marrage sous vide Fresh &#038; Save en acier 9 pi\u00e8ces\"}]},{\"@type\":\"WebSite\",\"@id\":\"https:\/\/dev6.erresse-shop.it\/#website\",\"url\":\"https:\/\/dev6.erresse-shop.it\/\",\"name\":\"Erresse Shop\",\"description\":\"\",\"publisher\":{\"@id\":\"https:\/\/dev6.erresse-shop.it\/#organization\"},\"potentialAction\":[{\"@type\":\"SearchAction\",\"target\":{\"@type\":\"EntryPoint\",\"urlTemplate\":\"https:\/\/dev6.erresse-shop.it\/?s={search_term_string}\"},\"query-input\":{\"@type\":\"PropertyValueSpecification\",\"valueRequired\":true,\"valueName\":\"search_term_string\"}}],\"inLanguage\":\"fr-FR\"},{\"@type\":\"Organization\",\"@id\":\"https:\/\/dev6.erresse-shop.it\/#organization\",\"name\":\"Erresse Shop\",\"url\":\"https:\/\/dev6.erresse-shop.it\/\",\"logo\":{\"@type\":\"ImageObject\",\"inLanguage\":\"fr-FR\",\"@id\":\"https:\/\/dev6.erresse-shop.it\/#\/schema\/logo\/image\/\",\"url\":\"https:\/\/dev6.erresse-shop.it\/wp-content\/uploads\/2025\/01\/LOGO-ERRESSE-CLASSICO.svg\",\"contentUrl\":\"https:\/\/dev6.erresse-shop.it\/wp-content\/uploads\/2025\/01\/LOGO-ERRESSE-CLASSICO.svg\",\"caption\":\"Erresse Shop\"},\"image\":{\"@id\":\"https:\/\/dev6.erresse-shop.it\/#\/schema\/logo\/image\/\"}}]}<\/script>\n<!-- \/ Yoast SEO plugin. -->","yoast_head_json":{"title":"ZWILLING Kit de d\u00e9marrage sous vide Fresh &#038; Save en acier 9 pi\u00e8ces - dev6 Erresse","description":"L\u2019avenir de la fra\u00eecheur commence avec ZWILLING FRESH &amp; SAVE BOWLS, le syst\u00e8me sous vide qui offre une polyvalence maximale. Avec deux bols en acier","robots":{"index":"noindex","follow":"follow","max-snippet":"max-snippet:-1","max-image-preview":"max-image-preview:large","max-video-preview":"max-video-preview:-1"},"og_locale":"fr_FR","og_type":"article","og_title":"ZWILLING Kit de d\u00e9marrage sous vide Fresh &#038; Save en acier 9 pi\u00e8ces - dev6 Erresse","og_description":"L\u2019avenir de la fra\u00eecheur commence avec ZWILLING FRESH &amp; SAVE BOWLS, le syst\u00e8me sous vide qui offre une polyvalence maximale. Avec deux bols en acier","og_url":"https:\/\/dev6.erresse-shop.it\/fr\/shop\/cuisine\/sous-vide\/zwilling-kit-de-demarrage-sous-vide-fresh-save-en-acier-9-pieces\/","og_site_name":"dev6 Erresse","og_image":[{"url":"https:\/\/interpim.erresse-shop.it\/Import\/Prodotti\/zwilling-set-starter-sottovuoto-fresh-save-in-acciaio-9-pezzi.jpg","type":"","width":"","height":""},{"url":"https:\/\/interpim.erresse-shop.it\/Import\/Prodotti\/zwilling-set-starter-sottovuoto-fresh-save-in-acciaio-9-pezzi.jpg","width":1024,"height":1024,"type":"image\/jpeg"}],"twitter_card":"summary_large_image","twitter_image":"https:\/\/interpim.erresse-shop.it\/Import\/Prodotti\/zwilling-set-starter-sottovuoto-fresh-save-in-acciaio-9-pezzi.jpg","schema":{"@context":"https:\/\/schema.org","@graph":[{"@type":"WebPage","@id":"https:\/\/dev6.erresse-shop.it\/fr\/shop\/cuisine\/sous-vide\/zwilling-kit-de-demarrage-sous-vide-fresh-save-en-acier-9-pieces\/","url":"https:\/\/dev6.erresse-shop.it\/fr\/shop\/cuisine\/sous-vide\/zwilling-kit-de-demarrage-sous-vide-fresh-save-en-acier-9-pieces\/","name":"ZWILLING Kit de d\u00e9marrage sous vide Fresh &#038; Save en acier 9 pi\u00e8ces - dev6 Erresse","isPartOf":{"@id":"https:\/\/dev6.erresse-shop.it\/#website"},"primaryImageOfPage":{"@id":"https:\/\/dev6.erresse-shop.it\/fr\/shop\/cuisine\/sous-vide\/zwilling-kit-de-demarrage-sous-vide-fresh-save-en-acier-9-pieces\/#primaryimage"},"image":{"@id":"https:\/\/dev6.erresse-shop.it\/fr\/shop\/cuisine\/sous-vide\/zwilling-kit-de-demarrage-sous-vide-fresh-save-en-acier-9-pieces\/#primaryimage"},"thumbnailUrl":"https:\/\/i0.wp.com\/interpim.erresse-shop.it\/Import\/Prodotti\/zwilling-set-starter-sottovuoto-fresh-save-in-acciaio-9-pezzi.jpg?ssl=1","datePublished":"2026-04-12T11:50:21+00:00","description":"L\u2019avenir de la fra\u00eecheur commence avec ZWILLING FRESH &amp; SAVE BOWLS, le syst\u00e8me sous vide qui offre une polyvalence maximale. Avec deux bols en acier","breadcrumb":{"@id":"https:\/\/dev6.erresse-shop.it\/fr\/shop\/cuisine\/sous-vide\/zwilling-kit-de-demarrage-sous-vide-fresh-save-en-acier-9-pieces\/#breadcrumb"},"inLanguage":"fr-FR","potentialAction":[{"@type":"ReadAction","target":["https:\/\/dev6.erresse-shop.it\/fr\/shop\/cuisine\/sous-vide\/zwilling-kit-de-demarrage-sous-vide-fresh-save-en-acier-9-pieces\/"]}]},{"@type":"ImageObject","inLanguage":"fr-FR","@id":"https:\/\/dev6.erresse-shop.it\/fr\/shop\/cuisine\/sous-vide\/zwilling-kit-de-demarrage-sous-vide-fresh-save-en-acier-9-pieces\/#primaryimage","url":"https:\/\/i0.wp.com\/interpim.erresse-shop.it\/Import\/Prodotti\/zwilling-set-starter-sottovuoto-fresh-save-in-acciaio-9-pezzi.jpg?ssl=1","contentUrl":"https:\/\/i0.wp.com\/interpim.erresse-shop.it\/Import\/Prodotti\/zwilling-set-starter-sottovuoto-fresh-save-in-acciaio-9-pezzi.jpg?ssl=1"},{"@type":"BreadcrumbList","@id":"https:\/\/dev6.erresse-shop.it\/fr\/shop\/cuisine\/sous-vide\/zwilling-kit-de-demarrage-sous-vide-fresh-save-en-acier-9-pieces\/#breadcrumb","itemListElement":[{"@type":"ListItem","position":1,"name":"Home","item":"https:\/\/dev6.erresse-shop.it\/"},{"@type":"ListItem","position":2,"name":"Boutique","item":"https:\/\/dev6.erresse-shop.it\/shop\/"},{"@type":"ListItem","position":3,"name":"ZWILLING Kit de d\u00e9marrage sous vide Fresh &#038; Save en acier 9 pi\u00e8ces"}]},{"@type":"WebSite","@id":"https:\/\/dev6.erresse-shop.it\/#website","url":"https:\/\/dev6.erresse-shop.it\/","name":"Erresse Shop","description":"","publisher":{"@id":"https:\/\/dev6.erresse-shop.it\/#organization"},"potentialAction":[{"@type":"SearchAction","target":{"@type":"EntryPoint","urlTemplate":"https:\/\/dev6.erresse-shop.it\/?s={search_term_string}"},"query-input":{"@type":"PropertyValueSpecification","valueRequired":true,"valueName":"search_term_string"}}],"inLanguage":"fr-FR"},{"@type":"Organization","@id":"https:\/\/dev6.erresse-shop.it\/#organization","name":"Erresse Shop","url":"https:\/\/dev6.erresse-shop.it\/","logo":{"@type":"ImageObject","inLanguage":"fr-FR","@id":"https:\/\/dev6.erresse-shop.it\/#\/schema\/logo\/image\/","url":"https:\/\/dev6.erresse-shop.it\/wp-content\/uploads\/2025\/01\/LOGO-ERRESSE-CLASSICO.svg","contentUrl":"https:\/\/dev6.erresse-shop.it\/wp-content\/uploads\/2025\/01\/LOGO-ERRESSE-CLASSICO.svg","caption":"Erresse Shop"},"image":{"@id":"https:\/\/dev6.erresse-shop.it\/#\/schema\/logo\/image\/"}}]}},"df_price":66.9,"df_sale_price":66.9,"df_regular_price":99.95,"df_image_link":"https:\/\/i0.wp.com\/interpim.erresse-shop.it\/Import\/Prodotti\/zwilling-set-starter-sottovuoto-fresh-save-in-acciaio-9-pezzi.jpg?resize=300,300&ssl=1","fifu_image_url":"https:\/\/interpim.erresse-shop.it\/Import\/Prodotti\/zwilling-set-starter-sottovuoto-fresh-save-in-acciaio-9-pezzi.jpg","_links":{"self":[{"href":"https:\/\/dev6.erresse-shop.it\/fr\/wp-json\/wp\/v2\/product\/1610391","targetHints":{"allow":["GET"]}}],"collection":[{"href":"https:\/\/dev6.erresse-shop.it\/fr\/wp-json\/wp\/v2\/product"}],"about":[{"href":"https:\/\/dev6.erresse-shop.it\/fr\/wp-json\/wp\/v2\/types\/product"}],"wp:featuredmedia":[{"embeddable":true,"href":"https:\/\/dev6.erresse-shop.it\/fr\/wp-json\/wp\/v2\/media\/6378781"}],"wp:attachment":[{"href":"https:\/\/dev6.erresse-shop.it\/fr\/wp-json\/wp\/v2\/media?parent=1610391"}],"wp:term":[{"taxonomy":"product_cat","embeddable":true,"href":"https:\/\/dev6.erresse-shop.it\/fr\/wp-json\/wp\/v2\/product_cat?post=1610391"},{"taxonomy":"product_tag","embeddable":true,"href":"https:\/\/dev6.erresse-shop.it\/fr\/wp-json\/wp\/v2\/product_tag?post=1610391"}],"curies":[{"name":"wp","href":"https:\/\/api.w.org\/{rel}","templated":true}]}}