{"id":1610385,"date":"2026-04-04T13:47:55","date_gmt":"2026-04-04T11:47:55","guid":{"rendered":"https:\/\/dev6.erresse-shop.it\/shop\/non%20class\u00e9\/zwilling-madura-plus-poele-a-revetement-ceramique-antiadhesif-28-cm-aluminium\/"},"modified":"2025-09-14T06:54:39","modified_gmt":"2025-09-14T04:54:39","slug":"zwilling-madura-plus-poele-a-revetement-ceramique-antiadhesif-28-cm-aluminium","status":"publish","type":"product","link":"https:\/\/dev6.erresse-shop.it\/fr\/shop\/poeles-pots\/sauteuses-et-faitout\/zwilling-madura-plus-poele-a-revetement-ceramique-antiadhesif-28-cm-aluminium\/","title":{"rendered":"ZWILLING Madura Plus Po\u00eale \u00e0 rev\u00eatement c\u00e9ramique antiadh\u00e9sif 28 cm Aluminium"},"content":{"rendered":"<p>D\u00e9couvrez une nouvelle fa\u00e7on de cuisiner avec la po\u00eale Madura Plus 28 cm de ZWILLING. Le nouveau rev\u00eatement antiadh\u00e9sif de derni\u00e8re g\u00e9n\u00e9ration CERAFORCE TITANIUM, produit sans PFAS et dot\u00e9 d\u2019un traitement de durcissement au titane extr\u00eamement robuste, offre des performances maximales. Pour couronner le tout, le fond en aluminium massif assure une diffusion rapide de la chaleur, garantissant une cuisson uniforme des aliments dans toute la po\u00eale. La poign\u00e9e en acier inoxydable avec technologie Stay Cool est con\u00e7ue pour une surchauffe retard\u00e9e, vous offrant une prise en main s\u00fbre. Tout cela fait de la po\u00eale Madura Plus de ZWILLING un compagnon pr\u00e9cieux pour vos aventures culinaires.<\/p>\n<p>*jusqu\u2019\u00e0 5 fois plus r\u00e9sistant que nos pr\u00e9c\u00e9dents rev\u00eatements c\u00e9ramiques (Selon le protocole de test antiadh\u00e9sif interne n\u00b0 11\/2023 BALLARINI).<\/p>\n<p>Rev\u00eatement antiadh\u00e9sif haute qualit\u00e9 CERAFORCE TITANIUM de derni\u00e8re g\u00e9n\u00e9ration<br \/>\nRev\u00eatement produit sans PFAS<br \/>\nDistribution rapide et uniforme de la chaleur<br \/>\nLa poign\u00e9e ergonomique Stay-Cool est con\u00e7ue pour un chauffage diff\u00e9r\u00e9, afin d\u2019\u00e9viter l\u2019utilisation de maniques et de manchons et d\u2019assurer une prise en main optimale<br \/>\nParfait pour une cuisson douce et faible en mati\u00e8res grasses du poisson et des l\u00e9gumes, ainsi que pour faire dorer diff\u00e9rents types d\u2019aliments \u00e0 la po\u00eale.<br \/>\nAvec bord anti-goutte<br \/>\nConvient \u00e0 tous les feux, y compris l\u2019induction, passe au four jusqu\u2019\u00e0 150\u00b0C<br \/>\nFabriqu\u00e9 en Italie<\/p>\n<p>Dimensions\u00a0:<\/p>\n<p>Longueur\u00a0: 49,60 cm<br \/>\nLargeur\u00a0: 29,30 cm<br \/>\nHauteur\u00a0: 10,10 cm<br \/>\nDiam\u00e8tre sup\u00e9rieur\u00a0: 28,00 cm<br \/>\nDiam\u00e8tre du fond\u00a0: 22,50 cm<\/p>\n<p>Poids net\u00a0: 1,53\u00a0kg\u00a0kg<\/p>\n","protected":false},"excerpt":{"rendered":"<p>D\u00e9couvrez une nouvelle fa\u00e7on de cuisiner avec la po\u00eale Madura Plus 28 cm de ZWILLING. Le nouveau rev\u00eatement antiadh\u00e9sif de derni\u00e8re g\u00e9n\u00e9ration CERAFORCE TITANIUM, produit sans PFAS et dot\u00e9 d\u2019un traitement de durcissement au titane extr\u00eamement robuste, offre des performances maximales. Pour couronner le tout, le fond en aluminium massif assure une diffusion rapide de [&hellip;]<\/p>\n","protected":false},"featured_media":6295468,"template":"","meta":{"_acf_changed":false},"product_cat":[11992,11991,12012],"product_tag":[],"class_list":{"0":"post-1610385","1":"product","2":"type-product","3":"status-publish","4":"has-post-thumbnail","6":"product_cat-cuisine","7":"product_cat-poeles-pots","8":"product_cat-sauteuses-et-faitout","10":"first","11":"instock","12":"sale","13":"taxable","14":"shipping-taxable","15":"purchasable","16":"product-type-simple","swatches":"rey-swatches","show_selected":"","stretch_labels":"rey-swatches--stretch-labels"},"acf":[],"yoast_head":"<!-- This site is optimized with the Yoast SEO plugin v25.4 - https:\/\/yoast.com\/wordpress\/plugins\/seo\/ -->\n<title>ZWILLING Madura Plus Po\u00eale \u00e0 rev\u00eatement c\u00e9ramique antiadh\u00e9sif 28 cm Aluminium - dev6 Erresse<\/title>\n<meta name=\"description\" content=\"D\u00e9couvrez une nouvelle fa\u00e7on de cuisiner avec la po\u00eale Madura Plus 28 cm de ZWILLING. Le nouveau rev\u00eatement antiadh\u00e9sif de derni\u00e8re g\u00e9n\u00e9ration CERAFORCE\" \/>\n<meta name=\"robots\" content=\"noindex, follow, max-snippet:-1, max-image-preview:large, max-video-preview:-1\" \/>\n<meta property=\"og:locale\" content=\"fr_FR\" \/>\n<meta property=\"og:type\" content=\"article\" \/>\n<meta property=\"og:title\" content=\"ZWILLING Madura Plus Po\u00eale \u00e0 rev\u00eatement c\u00e9ramique antiadh\u00e9sif 28 cm Aluminium - dev6 Erresse\" \/>\n<meta property=\"og:description\" content=\"D\u00e9couvrez une nouvelle fa\u00e7on de cuisiner avec la po\u00eale Madura Plus 28 cm de ZWILLING. Le nouveau rev\u00eatement antiadh\u00e9sif de derni\u00e8re g\u00e9n\u00e9ration CERAFORCE\" \/>\n<meta property=\"og:url\" content=\"https:\/\/dev6.erresse-shop.it\/fr\/shop\/poeles-pots\/sauteuses-et-faitout\/zwilling-madura-plus-poele-a-revetement-ceramique-antiadhesif-28-cm-aluminium\/\" \/>\n<meta property=\"og:site_name\" content=\"dev6 Erresse\" \/>\n<meta property=\"og:image\" content=\"https:\/\/interpim.erresse-shop.it\/Import\/Prodotti\/zwilling-madura-plus-tegame-antiaderente-28-cm-alluminio.jpg\" \/><meta property=\"og:image\" content=\"https:\/\/interpim.erresse-shop.it\/Import\/Prodotti\/zwilling-madura-plus-tegame-antiaderente-28-cm-alluminio.jpg\" \/>\n\t<meta property=\"og:image:width\" content=\"1024\" \/>\n\t<meta property=\"og:image:height\" content=\"1024\" \/>\n\t<meta property=\"og:image:type\" content=\"image\/jpeg\" \/>\n<meta name=\"twitter:card\" content=\"summary_large_image\" \/>\n<meta name=\"twitter:image\" content=\"https:\/\/interpim.erresse-shop.it\/Import\/Prodotti\/zwilling-madura-plus-tegame-antiaderente-28-cm-alluminio.jpg\" \/>\n<script type=\"application\/ld+json\" class=\"yoast-schema-graph\">{\"@context\":\"https:\/\/schema.org\",\"@graph\":[{\"@type\":\"WebPage\",\"@id\":\"https:\/\/dev6.erresse-shop.it\/fr\/shop\/poeles-pots\/sauteuses-et-faitout\/zwilling-madura-plus-poele-a-revetement-ceramique-antiadhesif-28-cm-aluminium\/\",\"url\":\"https:\/\/dev6.erresse-shop.it\/fr\/shop\/poeles-pots\/sauteuses-et-faitout\/zwilling-madura-plus-poele-a-revetement-ceramique-antiadhesif-28-cm-aluminium\/\",\"name\":\"ZWILLING Madura Plus Po\u00eale \u00e0 rev\u00eatement c\u00e9ramique antiadh\u00e9sif 28 cm Aluminium - dev6 Erresse\",\"isPartOf\":{\"@id\":\"https:\/\/dev6.erresse-shop.it\/#website\"},\"primaryImageOfPage\":{\"@id\":\"https:\/\/dev6.erresse-shop.it\/fr\/shop\/poeles-pots\/sauteuses-et-faitout\/zwilling-madura-plus-poele-a-revetement-ceramique-antiadhesif-28-cm-aluminium\/#primaryimage\"},\"image\":{\"@id\":\"https:\/\/dev6.erresse-shop.it\/fr\/shop\/poeles-pots\/sauteuses-et-faitout\/zwilling-madura-plus-poele-a-revetement-ceramique-antiadhesif-28-cm-aluminium\/#primaryimage\"},\"thumbnailUrl\":\"https:\/\/i2.wp.com\/interpim.erresse-shop.it\/Import\/Prodotti\/zwilling-madura-plus-tegame-antiaderente-28-cm-alluminio.jpg?ssl=1\",\"datePublished\":\"2026-04-04T11:47:55+00:00\",\"description\":\"D\u00e9couvrez une nouvelle fa\u00e7on de cuisiner avec la po\u00eale Madura Plus 28 cm de ZWILLING. Le nouveau rev\u00eatement antiadh\u00e9sif de derni\u00e8re g\u00e9n\u00e9ration CERAFORCE\",\"breadcrumb\":{\"@id\":\"https:\/\/dev6.erresse-shop.it\/fr\/shop\/poeles-pots\/sauteuses-et-faitout\/zwilling-madura-plus-poele-a-revetement-ceramique-antiadhesif-28-cm-aluminium\/#breadcrumb\"},\"inLanguage\":\"fr-FR\",\"potentialAction\":[{\"@type\":\"ReadAction\",\"target\":[\"https:\/\/dev6.erresse-shop.it\/fr\/shop\/poeles-pots\/sauteuses-et-faitout\/zwilling-madura-plus-poele-a-revetement-ceramique-antiadhesif-28-cm-aluminium\/\"]}]},{\"@type\":\"ImageObject\",\"inLanguage\":\"fr-FR\",\"@id\":\"https:\/\/dev6.erresse-shop.it\/fr\/shop\/poeles-pots\/sauteuses-et-faitout\/zwilling-madura-plus-poele-a-revetement-ceramique-antiadhesif-28-cm-aluminium\/#primaryimage\",\"url\":\"https:\/\/i2.wp.com\/interpim.erresse-shop.it\/Import\/Prodotti\/zwilling-madura-plus-tegame-antiaderente-28-cm-alluminio.jpg?ssl=1\",\"contentUrl\":\"https:\/\/i2.wp.com\/interpim.erresse-shop.it\/Import\/Prodotti\/zwilling-madura-plus-tegame-antiaderente-28-cm-alluminio.jpg?ssl=1\"},{\"@type\":\"BreadcrumbList\",\"@id\":\"https:\/\/dev6.erresse-shop.it\/fr\/shop\/poeles-pots\/sauteuses-et-faitout\/zwilling-madura-plus-poele-a-revetement-ceramique-antiadhesif-28-cm-aluminium\/#breadcrumb\",\"itemListElement\":[{\"@type\":\"ListItem\",\"position\":1,\"name\":\"Home\",\"item\":\"https:\/\/dev6.erresse-shop.it\/\"},{\"@type\":\"ListItem\",\"position\":2,\"name\":\"Boutique\",\"item\":\"https:\/\/dev6.erresse-shop.it\/shop\/\"},{\"@type\":\"ListItem\",\"position\":3,\"name\":\"ZWILLING Madura Plus Po\u00eale \u00e0 rev\u00eatement c\u00e9ramique antiadh\u00e9sif 28 cm Aluminium\"}]},{\"@type\":\"WebSite\",\"@id\":\"https:\/\/dev6.erresse-shop.it\/#website\",\"url\":\"https:\/\/dev6.erresse-shop.it\/\",\"name\":\"Erresse Shop\",\"description\":\"\",\"publisher\":{\"@id\":\"https:\/\/dev6.erresse-shop.it\/#organization\"},\"potentialAction\":[{\"@type\":\"SearchAction\",\"target\":{\"@type\":\"EntryPoint\",\"urlTemplate\":\"https:\/\/dev6.erresse-shop.it\/?s={search_term_string}\"},\"query-input\":{\"@type\":\"PropertyValueSpecification\",\"valueRequired\":true,\"valueName\":\"search_term_string\"}}],\"inLanguage\":\"fr-FR\"},{\"@type\":\"Organization\",\"@id\":\"https:\/\/dev6.erresse-shop.it\/#organization\",\"name\":\"Erresse Shop\",\"url\":\"https:\/\/dev6.erresse-shop.it\/\",\"logo\":{\"@type\":\"ImageObject\",\"inLanguage\":\"fr-FR\",\"@id\":\"https:\/\/dev6.erresse-shop.it\/#\/schema\/logo\/image\/\",\"url\":\"https:\/\/dev6.erresse-shop.it\/wp-content\/uploads\/2025\/01\/LOGO-ERRESSE-CLASSICO.svg\",\"contentUrl\":\"https:\/\/dev6.erresse-shop.it\/wp-content\/uploads\/2025\/01\/LOGO-ERRESSE-CLASSICO.svg\",\"caption\":\"Erresse Shop\"},\"image\":{\"@id\":\"https:\/\/dev6.erresse-shop.it\/#\/schema\/logo\/image\/\"}}]}<\/script>\n<!-- \/ Yoast SEO plugin. -->","yoast_head_json":{"title":"ZWILLING Madura Plus Po\u00eale \u00e0 rev\u00eatement c\u00e9ramique antiadh\u00e9sif 28 cm Aluminium - dev6 Erresse","description":"D\u00e9couvrez une nouvelle fa\u00e7on de cuisiner avec la po\u00eale Madura Plus 28 cm de ZWILLING. Le nouveau rev\u00eatement antiadh\u00e9sif de derni\u00e8re g\u00e9n\u00e9ration CERAFORCE","robots":{"index":"noindex","follow":"follow","max-snippet":"max-snippet:-1","max-image-preview":"max-image-preview:large","max-video-preview":"max-video-preview:-1"},"og_locale":"fr_FR","og_type":"article","og_title":"ZWILLING Madura Plus Po\u00eale \u00e0 rev\u00eatement c\u00e9ramique antiadh\u00e9sif 28 cm Aluminium - dev6 Erresse","og_description":"D\u00e9couvrez une nouvelle fa\u00e7on de cuisiner avec la po\u00eale Madura Plus 28 cm de ZWILLING. Le nouveau rev\u00eatement antiadh\u00e9sif de derni\u00e8re g\u00e9n\u00e9ration CERAFORCE","og_url":"https:\/\/dev6.erresse-shop.it\/fr\/shop\/poeles-pots\/sauteuses-et-faitout\/zwilling-madura-plus-poele-a-revetement-ceramique-antiadhesif-28-cm-aluminium\/","og_site_name":"dev6 Erresse","og_image":[{"url":"https:\/\/interpim.erresse-shop.it\/Import\/Prodotti\/zwilling-madura-plus-tegame-antiaderente-28-cm-alluminio.jpg","type":"","width":"","height":""},{"url":"https:\/\/interpim.erresse-shop.it\/Import\/Prodotti\/zwilling-madura-plus-tegame-antiaderente-28-cm-alluminio.jpg","width":1024,"height":1024,"type":"image\/jpeg"}],"twitter_card":"summary_large_image","twitter_image":"https:\/\/interpim.erresse-shop.it\/Import\/Prodotti\/zwilling-madura-plus-tegame-antiaderente-28-cm-alluminio.jpg","schema":{"@context":"https:\/\/schema.org","@graph":[{"@type":"WebPage","@id":"https:\/\/dev6.erresse-shop.it\/fr\/shop\/poeles-pots\/sauteuses-et-faitout\/zwilling-madura-plus-poele-a-revetement-ceramique-antiadhesif-28-cm-aluminium\/","url":"https:\/\/dev6.erresse-shop.it\/fr\/shop\/poeles-pots\/sauteuses-et-faitout\/zwilling-madura-plus-poele-a-revetement-ceramique-antiadhesif-28-cm-aluminium\/","name":"ZWILLING Madura Plus Po\u00eale \u00e0 rev\u00eatement c\u00e9ramique antiadh\u00e9sif 28 cm Aluminium - dev6 Erresse","isPartOf":{"@id":"https:\/\/dev6.erresse-shop.it\/#website"},"primaryImageOfPage":{"@id":"https:\/\/dev6.erresse-shop.it\/fr\/shop\/poeles-pots\/sauteuses-et-faitout\/zwilling-madura-plus-poele-a-revetement-ceramique-antiadhesif-28-cm-aluminium\/#primaryimage"},"image":{"@id":"https:\/\/dev6.erresse-shop.it\/fr\/shop\/poeles-pots\/sauteuses-et-faitout\/zwilling-madura-plus-poele-a-revetement-ceramique-antiadhesif-28-cm-aluminium\/#primaryimage"},"thumbnailUrl":"https:\/\/i2.wp.com\/interpim.erresse-shop.it\/Import\/Prodotti\/zwilling-madura-plus-tegame-antiaderente-28-cm-alluminio.jpg?ssl=1","datePublished":"2026-04-04T11:47:55+00:00","description":"D\u00e9couvrez une nouvelle fa\u00e7on de cuisiner avec la po\u00eale Madura Plus 28 cm de ZWILLING. Le nouveau rev\u00eatement antiadh\u00e9sif de derni\u00e8re g\u00e9n\u00e9ration CERAFORCE","breadcrumb":{"@id":"https:\/\/dev6.erresse-shop.it\/fr\/shop\/poeles-pots\/sauteuses-et-faitout\/zwilling-madura-plus-poele-a-revetement-ceramique-antiadhesif-28-cm-aluminium\/#breadcrumb"},"inLanguage":"fr-FR","potentialAction":[{"@type":"ReadAction","target":["https:\/\/dev6.erresse-shop.it\/fr\/shop\/poeles-pots\/sauteuses-et-faitout\/zwilling-madura-plus-poele-a-revetement-ceramique-antiadhesif-28-cm-aluminium\/"]}]},{"@type":"ImageObject","inLanguage":"fr-FR","@id":"https:\/\/dev6.erresse-shop.it\/fr\/shop\/poeles-pots\/sauteuses-et-faitout\/zwilling-madura-plus-poele-a-revetement-ceramique-antiadhesif-28-cm-aluminium\/#primaryimage","url":"https:\/\/i2.wp.com\/interpim.erresse-shop.it\/Import\/Prodotti\/zwilling-madura-plus-tegame-antiaderente-28-cm-alluminio.jpg?ssl=1","contentUrl":"https:\/\/i2.wp.com\/interpim.erresse-shop.it\/Import\/Prodotti\/zwilling-madura-plus-tegame-antiaderente-28-cm-alluminio.jpg?ssl=1"},{"@type":"BreadcrumbList","@id":"https:\/\/dev6.erresse-shop.it\/fr\/shop\/poeles-pots\/sauteuses-et-faitout\/zwilling-madura-plus-poele-a-revetement-ceramique-antiadhesif-28-cm-aluminium\/#breadcrumb","itemListElement":[{"@type":"ListItem","position":1,"name":"Home","item":"https:\/\/dev6.erresse-shop.it\/"},{"@type":"ListItem","position":2,"name":"Boutique","item":"https:\/\/dev6.erresse-shop.it\/shop\/"},{"@type":"ListItem","position":3,"name":"ZWILLING Madura Plus Po\u00eale \u00e0 rev\u00eatement c\u00e9ramique antiadh\u00e9sif 28 cm Aluminium"}]},{"@type":"WebSite","@id":"https:\/\/dev6.erresse-shop.it\/#website","url":"https:\/\/dev6.erresse-shop.it\/","name":"Erresse Shop","description":"","publisher":{"@id":"https:\/\/dev6.erresse-shop.it\/#organization"},"potentialAction":[{"@type":"SearchAction","target":{"@type":"EntryPoint","urlTemplate":"https:\/\/dev6.erresse-shop.it\/?s={search_term_string}"},"query-input":{"@type":"PropertyValueSpecification","valueRequired":true,"valueName":"search_term_string"}}],"inLanguage":"fr-FR"},{"@type":"Organization","@id":"https:\/\/dev6.erresse-shop.it\/#organization","name":"Erresse Shop","url":"https:\/\/dev6.erresse-shop.it\/","logo":{"@type":"ImageObject","inLanguage":"fr-FR","@id":"https:\/\/dev6.erresse-shop.it\/#\/schema\/logo\/image\/","url":"https:\/\/dev6.erresse-shop.it\/wp-content\/uploads\/2025\/01\/LOGO-ERRESSE-CLASSICO.svg","contentUrl":"https:\/\/dev6.erresse-shop.it\/wp-content\/uploads\/2025\/01\/LOGO-ERRESSE-CLASSICO.svg","caption":"Erresse Shop"},"image":{"@id":"https:\/\/dev6.erresse-shop.it\/#\/schema\/logo\/image\/"}}]}},"df_price":69.95,"df_sale_price":69.95,"df_regular_price":89.95,"df_image_link":"https:\/\/i2.wp.com\/interpim.erresse-shop.it\/Import\/Prodotti\/zwilling-madura-plus-tegame-antiaderente-28-cm-alluminio.jpg?resize=300,300&ssl=1","fifu_image_url":"https:\/\/interpim.erresse-shop.it\/Import\/Prodotti\/zwilling-madura-plus-tegame-antiaderente-28-cm-alluminio.jpg","_links":{"self":[{"href":"https:\/\/dev6.erresse-shop.it\/fr\/wp-json\/wp\/v2\/product\/1610385","targetHints":{"allow":["GET"]}}],"collection":[{"href":"https:\/\/dev6.erresse-shop.it\/fr\/wp-json\/wp\/v2\/product"}],"about":[{"href":"https:\/\/dev6.erresse-shop.it\/fr\/wp-json\/wp\/v2\/types\/product"}],"wp:featuredmedia":[{"embeddable":true,"href":"https:\/\/dev6.erresse-shop.it\/fr\/wp-json\/wp\/v2\/media\/6295468"}],"wp:attachment":[{"href":"https:\/\/dev6.erresse-shop.it\/fr\/wp-json\/wp\/v2\/media?parent=1610385"}],"wp:term":[{"taxonomy":"product_cat","embeddable":true,"href":"https:\/\/dev6.erresse-shop.it\/fr\/wp-json\/wp\/v2\/product_cat?post=1610385"},{"taxonomy":"product_tag","embeddable":true,"href":"https:\/\/dev6.erresse-shop.it\/fr\/wp-json\/wp\/v2\/product_tag?post=1610385"}],"curies":[{"name":"wp","href":"https:\/\/api.w.org\/{rel}","templated":true}]}}