{"id":1610379,"date":"2026-04-12T13:50:21","date_gmt":"2026-04-12T11:50:21","guid":{"rendered":"https:\/\/dev6.erresse-shop.it\/shop\/non%20class\u00e9\/zwilling-madura-plus-poele-a-frire-avec-revetement-en-ceramique-antiadhesif-24-cm-aluminium\/"},"modified":"2025-09-14T06:54:21","modified_gmt":"2025-09-14T04:54:21","slug":"zwilling-madura-plus-poele-a-frire-avec-revetement-en-ceramique-antiadhesif-24-cm-aluminium","status":"publish","type":"product","link":"https:\/\/dev6.erresse-shop.it\/fr\/shop\/poeles-pots\/zwilling-madura-plus-poele-a-frire-avec-revetement-en-ceramique-antiadhesif-24-cm-aluminium\/","title":{"rendered":"ZWILLING Madura Plus Po\u00eale \u00e0 frire avec rev\u00eatement en c\u00e9ramique antiadh\u00e9sif 24 cm Aluminium"},"content":{"rendered":"<p>D\u00e9couvrez une nouvelle fa\u00e7on de cuisiner avec la po\u00eale ZWILLING Madura Plus 24 cm. Le nouveau rev\u00eatement antiadh\u00e9sif nouvelle g\u00e9n\u00e9ration CERAFORCE TITANIUM, fabriqu\u00e9 sans PFAS et b\u00e9n\u00e9ficiant d\u2019un traitement de durcissement au titane extr\u00eamement robuste, offre des performances optimales. De plus, le fond en aluminium massif assure une diffusion rapide de la chaleur, garantissant une cuisson uniforme des aliments dans toute la po\u00eale. La poign\u00e9e en acier inoxydable avec technologie Stay Cool est con\u00e7ue pour retarder la surchauffe et vous offrir une prise en main s\u00fbre. Tout cela fait de la po\u00eale ZWILLING Madura Plus un compagnon pr\u00e9cieux pour vos aventures culinaires.<\/p>\n<p>*jusqu\u2019\u00e0 5 fois plus r\u00e9sistant que nos pr\u00e9c\u00e9dents rev\u00eatements c\u00e9ramiques (selon le protocole de test antiadh\u00e9sif interne n\u00b0 11\/2023 BALLARINI). <\/p>\n<p>Rev\u00eatement antiadh\u00e9sif de derni\u00e8re g\u00e9n\u00e9ration CERAFORCE TITANIUM de haute qualit\u00e9<br \/>\nRev\u00eatement fabriqu\u00e9 sans PFAS<br \/>\nR\u00e9partition rapide et uniforme de la chaleur<br \/>\nLa poign\u00e9e ergonomique Stay-Cool est con\u00e7ue pour une chauffe diff\u00e9r\u00e9e, \u00e9vitant ainsi l\u2019utilisation de maniques et de manchons et garantissant une prise en main optimale.<br \/>\nParticuli\u00e8rement adapt\u00e9 \u00e0 la cuisson douce du poisson, des l\u00e9gumes et des \u0153ufs avec peu de mati\u00e8res grasses.<br \/>\nAvec bord anti-goutte.<br \/>\nCompatible avec tous les feux, y compris l\u2019induction et compatible avec le four jusqu\u2019\u00e0 150 \u00b0C.<br \/>\nFabriqu\u00e9 en Italie<\/p>\n<p>Dimensions\u00a0:<\/p>\n<p>Longueur\u00a0: 45,40 cm<br \/>\nLargeur\u00a0: 25,40 cm<br \/>\nHauteur\u00a0: 7,70 cm<br \/>\nDiam\u00e8tre sup\u00e9rieur\u00a0:24,00 cm<br \/>\nDiam\u00e8tre inf\u00e9rieur\u00a0:16,80 cm<\/p>\n<p>Poids net\u00a0: 1\u00a0kg<\/p>\n","protected":false},"excerpt":{"rendered":"<p>D\u00e9couvrez une nouvelle fa\u00e7on de cuisiner avec la po\u00eale ZWILLING Madura Plus 24 cm. Le nouveau rev\u00eatement antiadh\u00e9sif nouvelle g\u00e9n\u00e9ration CERAFORCE TITANIUM, fabriqu\u00e9 sans PFAS et b\u00e9n\u00e9ficiant d\u2019un traitement de durcissement au titane extr\u00eamement robuste, offre des performances optimales. De plus, le fond en aluminium massif assure une diffusion rapide de la chaleur, garantissant une [&hellip;]<\/p>\n","protected":false},"featured_media":6378695,"template":"","meta":{"_acf_changed":false},"product_cat":[11992,11991],"product_tag":[],"class_list":{"0":"post-1610379","1":"product","2":"type-product","3":"status-publish","4":"has-post-thumbnail","6":"product_cat-cuisine","7":"product_cat-poeles-pots","9":"first","10":"instock","11":"sale","12":"taxable","13":"shipping-taxable","14":"purchasable","15":"product-type-simple","swatches":"rey-swatches","show_selected":"","stretch_labels":"rey-swatches--stretch-labels"},"acf":[],"yoast_head":"<!-- This site is optimized with the Yoast SEO plugin v25.4 - https:\/\/yoast.com\/wordpress\/plugins\/seo\/ -->\n<title>ZWILLING Madura Plus Po\u00eale \u00e0 frire avec rev\u00eatement en c\u00e9ramique antiadh\u00e9sif 24 cm Aluminium - dev6 Erresse<\/title>\n<meta name=\"description\" content=\"D\u00e9couvrez une nouvelle fa\u00e7on de cuisiner avec la po\u00eale ZWILLING Madura Plus 24 cm. Le nouveau rev\u00eatement antiadh\u00e9sif nouvelle g\u00e9n\u00e9ration CERAFORCE\" \/>\n<meta name=\"robots\" content=\"noindex, follow, max-snippet:-1, max-image-preview:large, max-video-preview:-1\" \/>\n<meta property=\"og:locale\" content=\"fr_FR\" \/>\n<meta property=\"og:type\" content=\"article\" \/>\n<meta property=\"og:title\" content=\"ZWILLING Madura Plus Po\u00eale \u00e0 frire avec rev\u00eatement en c\u00e9ramique antiadh\u00e9sif 24 cm Aluminium - dev6 Erresse\" \/>\n<meta property=\"og:description\" content=\"D\u00e9couvrez une nouvelle fa\u00e7on de cuisiner avec la po\u00eale ZWILLING Madura Plus 24 cm. Le nouveau rev\u00eatement antiadh\u00e9sif nouvelle g\u00e9n\u00e9ration CERAFORCE\" \/>\n<meta property=\"og:url\" content=\"https:\/\/dev6.erresse-shop.it\/fr\/shop\/poeles-pots\/zwilling-madura-plus-poele-a-frire-avec-revetement-en-ceramique-antiadhesif-24-cm-aluminium\/\" \/>\n<meta property=\"og:site_name\" content=\"dev6 Erresse\" \/>\n<meta property=\"og:image\" content=\"https:\/\/interpim.erresse-shop.it\/Import\/Prodotti\/zwilling-madura-plus-padella-antiaderente-24-cm-alluminio.jpg\" \/><meta property=\"og:image\" content=\"https:\/\/interpim.erresse-shop.it\/Import\/Prodotti\/zwilling-madura-plus-padella-antiaderente-24-cm-alluminio.jpg\" \/>\n\t<meta property=\"og:image:width\" content=\"1024\" \/>\n\t<meta property=\"og:image:height\" content=\"1024\" \/>\n\t<meta property=\"og:image:type\" content=\"image\/jpeg\" \/>\n<meta name=\"twitter:card\" content=\"summary_large_image\" \/>\n<meta name=\"twitter:image\" content=\"https:\/\/interpim.erresse-shop.it\/Import\/Prodotti\/zwilling-madura-plus-padella-antiaderente-24-cm-alluminio.jpg\" \/>\n<script type=\"application\/ld+json\" class=\"yoast-schema-graph\">{\"@context\":\"https:\/\/schema.org\",\"@graph\":[{\"@type\":\"WebPage\",\"@id\":\"https:\/\/dev6.erresse-shop.it\/fr\/shop\/poeles-pots\/zwilling-madura-plus-poele-a-frire-avec-revetement-en-ceramique-antiadhesif-24-cm-aluminium\/\",\"url\":\"https:\/\/dev6.erresse-shop.it\/fr\/shop\/poeles-pots\/zwilling-madura-plus-poele-a-frire-avec-revetement-en-ceramique-antiadhesif-24-cm-aluminium\/\",\"name\":\"ZWILLING Madura Plus Po\u00eale \u00e0 frire avec rev\u00eatement en c\u00e9ramique antiadh\u00e9sif 24 cm Aluminium - dev6 Erresse\",\"isPartOf\":{\"@id\":\"https:\/\/dev6.erresse-shop.it\/#website\"},\"primaryImageOfPage\":{\"@id\":\"https:\/\/dev6.erresse-shop.it\/fr\/shop\/poeles-pots\/zwilling-madura-plus-poele-a-frire-avec-revetement-en-ceramique-antiadhesif-24-cm-aluminium\/#primaryimage\"},\"image\":{\"@id\":\"https:\/\/dev6.erresse-shop.it\/fr\/shop\/poeles-pots\/zwilling-madura-plus-poele-a-frire-avec-revetement-en-ceramique-antiadhesif-24-cm-aluminium\/#primaryimage\"},\"thumbnailUrl\":\"https:\/\/i3.wp.com\/interpim.erresse-shop.it\/Import\/Prodotti\/zwilling-madura-plus-padella-antiaderente-24-cm-alluminio.jpg?ssl=1\",\"datePublished\":\"2026-04-12T11:50:21+00:00\",\"description\":\"D\u00e9couvrez une nouvelle fa\u00e7on de cuisiner avec la po\u00eale ZWILLING Madura Plus 24 cm. Le nouveau rev\u00eatement antiadh\u00e9sif nouvelle g\u00e9n\u00e9ration CERAFORCE\",\"breadcrumb\":{\"@id\":\"https:\/\/dev6.erresse-shop.it\/fr\/shop\/poeles-pots\/zwilling-madura-plus-poele-a-frire-avec-revetement-en-ceramique-antiadhesif-24-cm-aluminium\/#breadcrumb\"},\"inLanguage\":\"fr-FR\",\"potentialAction\":[{\"@type\":\"ReadAction\",\"target\":[\"https:\/\/dev6.erresse-shop.it\/fr\/shop\/poeles-pots\/zwilling-madura-plus-poele-a-frire-avec-revetement-en-ceramique-antiadhesif-24-cm-aluminium\/\"]}]},{\"@type\":\"ImageObject\",\"inLanguage\":\"fr-FR\",\"@id\":\"https:\/\/dev6.erresse-shop.it\/fr\/shop\/poeles-pots\/zwilling-madura-plus-poele-a-frire-avec-revetement-en-ceramique-antiadhesif-24-cm-aluminium\/#primaryimage\",\"url\":\"https:\/\/i3.wp.com\/interpim.erresse-shop.it\/Import\/Prodotti\/zwilling-madura-plus-padella-antiaderente-24-cm-alluminio.jpg?ssl=1\",\"contentUrl\":\"https:\/\/i3.wp.com\/interpim.erresse-shop.it\/Import\/Prodotti\/zwilling-madura-plus-padella-antiaderente-24-cm-alluminio.jpg?ssl=1\"},{\"@type\":\"BreadcrumbList\",\"@id\":\"https:\/\/dev6.erresse-shop.it\/fr\/shop\/poeles-pots\/zwilling-madura-plus-poele-a-frire-avec-revetement-en-ceramique-antiadhesif-24-cm-aluminium\/#breadcrumb\",\"itemListElement\":[{\"@type\":\"ListItem\",\"position\":1,\"name\":\"Home\",\"item\":\"https:\/\/dev6.erresse-shop.it\/\"},{\"@type\":\"ListItem\",\"position\":2,\"name\":\"Boutique\",\"item\":\"https:\/\/dev6.erresse-shop.it\/shop\/\"},{\"@type\":\"ListItem\",\"position\":3,\"name\":\"ZWILLING Madura Plus Po\u00eale \u00e0 frire avec rev\u00eatement en c\u00e9ramique antiadh\u00e9sif 24 cm Aluminium\"}]},{\"@type\":\"WebSite\",\"@id\":\"https:\/\/dev6.erresse-shop.it\/#website\",\"url\":\"https:\/\/dev6.erresse-shop.it\/\",\"name\":\"Erresse Shop\",\"description\":\"\",\"publisher\":{\"@id\":\"https:\/\/dev6.erresse-shop.it\/#organization\"},\"potentialAction\":[{\"@type\":\"SearchAction\",\"target\":{\"@type\":\"EntryPoint\",\"urlTemplate\":\"https:\/\/dev6.erresse-shop.it\/?s={search_term_string}\"},\"query-input\":{\"@type\":\"PropertyValueSpecification\",\"valueRequired\":true,\"valueName\":\"search_term_string\"}}],\"inLanguage\":\"fr-FR\"},{\"@type\":\"Organization\",\"@id\":\"https:\/\/dev6.erresse-shop.it\/#organization\",\"name\":\"Erresse Shop\",\"url\":\"https:\/\/dev6.erresse-shop.it\/\",\"logo\":{\"@type\":\"ImageObject\",\"inLanguage\":\"fr-FR\",\"@id\":\"https:\/\/dev6.erresse-shop.it\/#\/schema\/logo\/image\/\",\"url\":\"https:\/\/dev6.erresse-shop.it\/wp-content\/uploads\/2025\/01\/LOGO-ERRESSE-CLASSICO.svg\",\"contentUrl\":\"https:\/\/dev6.erresse-shop.it\/wp-content\/uploads\/2025\/01\/LOGO-ERRESSE-CLASSICO.svg\",\"caption\":\"Erresse Shop\"},\"image\":{\"@id\":\"https:\/\/dev6.erresse-shop.it\/#\/schema\/logo\/image\/\"}}]}<\/script>\n<!-- \/ Yoast SEO plugin. -->","yoast_head_json":{"title":"ZWILLING Madura Plus Po\u00eale \u00e0 frire avec rev\u00eatement en c\u00e9ramique antiadh\u00e9sif 24 cm Aluminium - dev6 Erresse","description":"D\u00e9couvrez une nouvelle fa\u00e7on de cuisiner avec la po\u00eale ZWILLING Madura Plus 24 cm. Le nouveau rev\u00eatement antiadh\u00e9sif nouvelle g\u00e9n\u00e9ration CERAFORCE","robots":{"index":"noindex","follow":"follow","max-snippet":"max-snippet:-1","max-image-preview":"max-image-preview:large","max-video-preview":"max-video-preview:-1"},"og_locale":"fr_FR","og_type":"article","og_title":"ZWILLING Madura Plus Po\u00eale \u00e0 frire avec rev\u00eatement en c\u00e9ramique antiadh\u00e9sif 24 cm Aluminium - dev6 Erresse","og_description":"D\u00e9couvrez une nouvelle fa\u00e7on de cuisiner avec la po\u00eale ZWILLING Madura Plus 24 cm. Le nouveau rev\u00eatement antiadh\u00e9sif nouvelle g\u00e9n\u00e9ration CERAFORCE","og_url":"https:\/\/dev6.erresse-shop.it\/fr\/shop\/poeles-pots\/zwilling-madura-plus-poele-a-frire-avec-revetement-en-ceramique-antiadhesif-24-cm-aluminium\/","og_site_name":"dev6 Erresse","og_image":[{"url":"https:\/\/interpim.erresse-shop.it\/Import\/Prodotti\/zwilling-madura-plus-padella-antiaderente-24-cm-alluminio.jpg","type":"","width":"","height":""},{"url":"https:\/\/interpim.erresse-shop.it\/Import\/Prodotti\/zwilling-madura-plus-padella-antiaderente-24-cm-alluminio.jpg","width":1024,"height":1024,"type":"image\/jpeg"}],"twitter_card":"summary_large_image","twitter_image":"https:\/\/interpim.erresse-shop.it\/Import\/Prodotti\/zwilling-madura-plus-padella-antiaderente-24-cm-alluminio.jpg","schema":{"@context":"https:\/\/schema.org","@graph":[{"@type":"WebPage","@id":"https:\/\/dev6.erresse-shop.it\/fr\/shop\/poeles-pots\/zwilling-madura-plus-poele-a-frire-avec-revetement-en-ceramique-antiadhesif-24-cm-aluminium\/","url":"https:\/\/dev6.erresse-shop.it\/fr\/shop\/poeles-pots\/zwilling-madura-plus-poele-a-frire-avec-revetement-en-ceramique-antiadhesif-24-cm-aluminium\/","name":"ZWILLING Madura Plus Po\u00eale \u00e0 frire avec rev\u00eatement en c\u00e9ramique antiadh\u00e9sif 24 cm Aluminium - dev6 Erresse","isPartOf":{"@id":"https:\/\/dev6.erresse-shop.it\/#website"},"primaryImageOfPage":{"@id":"https:\/\/dev6.erresse-shop.it\/fr\/shop\/poeles-pots\/zwilling-madura-plus-poele-a-frire-avec-revetement-en-ceramique-antiadhesif-24-cm-aluminium\/#primaryimage"},"image":{"@id":"https:\/\/dev6.erresse-shop.it\/fr\/shop\/poeles-pots\/zwilling-madura-plus-poele-a-frire-avec-revetement-en-ceramique-antiadhesif-24-cm-aluminium\/#primaryimage"},"thumbnailUrl":"https:\/\/i3.wp.com\/interpim.erresse-shop.it\/Import\/Prodotti\/zwilling-madura-plus-padella-antiaderente-24-cm-alluminio.jpg?ssl=1","datePublished":"2026-04-12T11:50:21+00:00","description":"D\u00e9couvrez une nouvelle fa\u00e7on de cuisiner avec la po\u00eale ZWILLING Madura Plus 24 cm. Le nouveau rev\u00eatement antiadh\u00e9sif nouvelle g\u00e9n\u00e9ration CERAFORCE","breadcrumb":{"@id":"https:\/\/dev6.erresse-shop.it\/fr\/shop\/poeles-pots\/zwilling-madura-plus-poele-a-frire-avec-revetement-en-ceramique-antiadhesif-24-cm-aluminium\/#breadcrumb"},"inLanguage":"fr-FR","potentialAction":[{"@type":"ReadAction","target":["https:\/\/dev6.erresse-shop.it\/fr\/shop\/poeles-pots\/zwilling-madura-plus-poele-a-frire-avec-revetement-en-ceramique-antiadhesif-24-cm-aluminium\/"]}]},{"@type":"ImageObject","inLanguage":"fr-FR","@id":"https:\/\/dev6.erresse-shop.it\/fr\/shop\/poeles-pots\/zwilling-madura-plus-poele-a-frire-avec-revetement-en-ceramique-antiadhesif-24-cm-aluminium\/#primaryimage","url":"https:\/\/i3.wp.com\/interpim.erresse-shop.it\/Import\/Prodotti\/zwilling-madura-plus-padella-antiaderente-24-cm-alluminio.jpg?ssl=1","contentUrl":"https:\/\/i3.wp.com\/interpim.erresse-shop.it\/Import\/Prodotti\/zwilling-madura-plus-padella-antiaderente-24-cm-alluminio.jpg?ssl=1"},{"@type":"BreadcrumbList","@id":"https:\/\/dev6.erresse-shop.it\/fr\/shop\/poeles-pots\/zwilling-madura-plus-poele-a-frire-avec-revetement-en-ceramique-antiadhesif-24-cm-aluminium\/#breadcrumb","itemListElement":[{"@type":"ListItem","position":1,"name":"Home","item":"https:\/\/dev6.erresse-shop.it\/"},{"@type":"ListItem","position":2,"name":"Boutique","item":"https:\/\/dev6.erresse-shop.it\/shop\/"},{"@type":"ListItem","position":3,"name":"ZWILLING Madura Plus Po\u00eale \u00e0 frire avec rev\u00eatement en c\u00e9ramique antiadh\u00e9sif 24 cm Aluminium"}]},{"@type":"WebSite","@id":"https:\/\/dev6.erresse-shop.it\/#website","url":"https:\/\/dev6.erresse-shop.it\/","name":"Erresse Shop","description":"","publisher":{"@id":"https:\/\/dev6.erresse-shop.it\/#organization"},"potentialAction":[{"@type":"SearchAction","target":{"@type":"EntryPoint","urlTemplate":"https:\/\/dev6.erresse-shop.it\/?s={search_term_string}"},"query-input":{"@type":"PropertyValueSpecification","valueRequired":true,"valueName":"search_term_string"}}],"inLanguage":"fr-FR"},{"@type":"Organization","@id":"https:\/\/dev6.erresse-shop.it\/#organization","name":"Erresse Shop","url":"https:\/\/dev6.erresse-shop.it\/","logo":{"@type":"ImageObject","inLanguage":"fr-FR","@id":"https:\/\/dev6.erresse-shop.it\/#\/schema\/logo\/image\/","url":"https:\/\/dev6.erresse-shop.it\/wp-content\/uploads\/2025\/01\/LOGO-ERRESSE-CLASSICO.svg","contentUrl":"https:\/\/dev6.erresse-shop.it\/wp-content\/uploads\/2025\/01\/LOGO-ERRESSE-CLASSICO.svg","caption":"Erresse Shop"},"image":{"@id":"https:\/\/dev6.erresse-shop.it\/#\/schema\/logo\/image\/"}}]}},"df_price":59,"df_sale_price":59,"df_regular_price":69.95,"df_image_link":"https:\/\/i3.wp.com\/interpim.erresse-shop.it\/Import\/Prodotti\/zwilling-madura-plus-padella-antiaderente-24-cm-alluminio.jpg?resize=300,300&ssl=1","fifu_image_url":"https:\/\/interpim.erresse-shop.it\/Import\/Prodotti\/zwilling-madura-plus-padella-antiaderente-24-cm-alluminio.jpg","_links":{"self":[{"href":"https:\/\/dev6.erresse-shop.it\/fr\/wp-json\/wp\/v2\/product\/1610379","targetHints":{"allow":["GET"]}}],"collection":[{"href":"https:\/\/dev6.erresse-shop.it\/fr\/wp-json\/wp\/v2\/product"}],"about":[{"href":"https:\/\/dev6.erresse-shop.it\/fr\/wp-json\/wp\/v2\/types\/product"}],"wp:featuredmedia":[{"embeddable":true,"href":"https:\/\/dev6.erresse-shop.it\/fr\/wp-json\/wp\/v2\/media\/6378695"}],"wp:attachment":[{"href":"https:\/\/dev6.erresse-shop.it\/fr\/wp-json\/wp\/v2\/media?parent=1610379"}],"wp:term":[{"taxonomy":"product_cat","embeddable":true,"href":"https:\/\/dev6.erresse-shop.it\/fr\/wp-json\/wp\/v2\/product_cat?post=1610379"},{"taxonomy":"product_tag","embeddable":true,"href":"https:\/\/dev6.erresse-shop.it\/fr\/wp-json\/wp\/v2\/product_tag?post=1610379"}],"curies":[{"name":"wp","href":"https:\/\/api.w.org\/{rel}","templated":true}]}}