{"id":1610375,"date":"2026-04-12T13:50:21","date_gmt":"2026-04-12T11:50:21","guid":{"rendered":"https:\/\/dev6.erresse-shop.it\/shop\/non%20class\u00e9\/riedel-vinova-ensemble-de-4-verres-a-vin-blanc\/"},"modified":"2025-09-14T06:54:09","modified_gmt":"2025-09-14T04:54:09","slug":"riedel-vinova-ensemble-de-4-verres-a-vin-blanc","status":"publish","type":"product","link":"https:\/\/dev6.erresse-shop.it\/fr\/shop\/table-fr-2\/vin\/verres-a-vin\/riedel-vinova-ensemble-de-4-verres-a-vin-blanc\/","title":{"rendered":"RIEDEL Vinova Ensemble de 4 verres \u00e0 vin blanc"},"content":{"rendered":"<p>Coffret de verres \u00e0 vin blanc ViNOVA \u2013 4 pi\u00e8ces<\/p>\n<p>D\u00e9couvrez l\u2019\u00e9l\u00e9gance et la fonctionnalit\u00e9 du coffret de verres \u00e0 vin blanc ViNOVA, con\u00e7u pour sublimer la d\u00e9gustation d\u2019une large gamme de vins blancs. La forme du verre favorise l\u2019expression des ar\u00f4mes et \u00e9quilibre douceur et fruit\u00e9, conf\u00e9rant au vin une structure parfaite pour une d\u00e9gustation optimale.<\/p>\n<p>Caract\u00e9ristiques principales\u00a0:<\/p>\n<p>Coffret de 4 verres \u00e0 vin blanc pour une exp\u00e9rience de d\u00e9gustation unique<br \/>\nDesign \u00e9l\u00e9gant et moderne qui sublimera votre table.<br \/>\nCristal de haute qualit\u00e9 pour une brillance exceptionnelle et un rendu parfait du vin<br \/>\nFacile \u00e0 nettoyer\u00a0: compatible lave-vaisselle pour un entretien sans effort<br \/>\nUsin\u00e9 avec pr\u00e9cision avec des tol\u00e9rances dimensionnelles minimales<br \/>\n\u00c9l\u00e9gance intemporelle qui ajoute une touche de sophistication \u00e0 chaque occasion<\/p>\n<p>ViNOVA allie modernit\u00e9 Design aux fonctionnalit\u00e9s avanc\u00e9es, vous permettant de savourer chaque nuance de vos vins blancs pr\u00e9f\u00e9r\u00e9s. Un compl\u00e9ment id\u00e9al \u00e0 votre collection de verres \u00e0 vin ou un cadeau id\u00e9al pour les amateurs de vin.<\/p>\n<p>Capacit\u00e9\u00a0: 380,0\u00a0cm\u00b3<br \/>\nHauteur\u00a0: 240,0\u00a0mm<\/p>\n","protected":false},"excerpt":{"rendered":"<p>Coffret de verres \u00e0 vin blanc ViNOVA \u2013 4 pi\u00e8ces D\u00e9couvrez l\u2019\u00e9l\u00e9gance et la fonctionnalit\u00e9 du coffret de verres \u00e0 vin blanc ViNOVA, con\u00e7u pour sublimer la d\u00e9gustation d\u2019une large gamme de vins blancs. La forme du verre favorise l\u2019expression des ar\u00f4mes et \u00e9quilibre douceur et fruit\u00e9, conf\u00e9rant au vin une structure parfaite pour une [&hellip;]<\/p>\n","protected":false},"featured_media":6378663,"template":"","meta":{"_acf_changed":false},"product_cat":[12078,12069],"product_tag":[],"class_list":{"0":"post-1610375","1":"product","2":"type-product","3":"status-publish","4":"has-post-thumbnail","6":"product_cat-verres-a-vin","7":"product_cat-vin","9":"first","10":"instock","11":"taxable","12":"shipping-taxable","13":"purchasable","14":"product-type-simple","swatches":"rey-swatches","show_selected":"","stretch_labels":"rey-swatches--stretch-labels"},"acf":[],"yoast_head":"<!-- This site is optimized with the Yoast SEO plugin v25.4 - https:\/\/yoast.com\/wordpress\/plugins\/seo\/ -->\n<title>RIEDEL Vinova Ensemble de 4 verres \u00e0 vin blanc - dev6 Erresse<\/title>\n<meta name=\"description\" content=\"Coffret de verres \u00e0 vin blanc ViNOVA \u2013 4 pi\u00e8ces D\u00e9couvrez l\u2019\u00e9l\u00e9gance et la fonctionnalit\u00e9 du coffret de verres \u00e0 vin blanc ViNOVA, con\u00e7u pour sublimer la\" \/>\n<meta name=\"robots\" content=\"noindex, follow, max-snippet:-1, max-image-preview:large, max-video-preview:-1\" \/>\n<meta property=\"og:locale\" content=\"fr_FR\" \/>\n<meta property=\"og:type\" content=\"article\" \/>\n<meta property=\"og:title\" content=\"RIEDEL Vinova Ensemble de 4 verres \u00e0 vin blanc - dev6 Erresse\" \/>\n<meta property=\"og:description\" content=\"Coffret de verres \u00e0 vin blanc ViNOVA \u2013 4 pi\u00e8ces D\u00e9couvrez l\u2019\u00e9l\u00e9gance et la fonctionnalit\u00e9 du coffret de verres \u00e0 vin blanc ViNOVA, con\u00e7u pour sublimer la\" \/>\n<meta property=\"og:url\" content=\"https:\/\/dev6.erresse-shop.it\/fr\/shop\/table-fr-2\/vin\/verres-a-vin\/riedel-vinova-ensemble-de-4-verres-a-vin-blanc\/\" \/>\n<meta property=\"og:site_name\" content=\"dev6 Erresse\" \/>\n<meta property=\"og:image\" content=\"https:\/\/interpim.erresse-shop.it\/Import\/Prodotti\/riedel-vinova-set-4-bicchieri-vino-bianco.jpg\" \/><meta property=\"og:image\" content=\"https:\/\/interpim.erresse-shop.it\/Import\/Prodotti\/riedel-vinova-set-4-bicchieri-vino-bianco.jpg\" \/>\n\t<meta property=\"og:image:width\" content=\"1024\" \/>\n\t<meta property=\"og:image:height\" content=\"1024\" \/>\n\t<meta property=\"og:image:type\" content=\"image\/jpeg\" \/>\n<meta name=\"twitter:card\" content=\"summary_large_image\" \/>\n<meta name=\"twitter:image\" content=\"https:\/\/interpim.erresse-shop.it\/Import\/Prodotti\/riedel-vinova-set-4-bicchieri-vino-bianco.jpg\" \/>\n<script type=\"application\/ld+json\" class=\"yoast-schema-graph\">{\"@context\":\"https:\/\/schema.org\",\"@graph\":[{\"@type\":\"WebPage\",\"@id\":\"https:\/\/dev6.erresse-shop.it\/fr\/shop\/table-fr-2\/vin\/verres-a-vin\/riedel-vinova-ensemble-de-4-verres-a-vin-blanc\/\",\"url\":\"https:\/\/dev6.erresse-shop.it\/fr\/shop\/table-fr-2\/vin\/verres-a-vin\/riedel-vinova-ensemble-de-4-verres-a-vin-blanc\/\",\"name\":\"RIEDEL Vinova Ensemble de 4 verres \u00e0 vin blanc - dev6 Erresse\",\"isPartOf\":{\"@id\":\"https:\/\/dev6.erresse-shop.it\/#website\"},\"primaryImageOfPage\":{\"@id\":\"https:\/\/dev6.erresse-shop.it\/fr\/shop\/table-fr-2\/vin\/verres-a-vin\/riedel-vinova-ensemble-de-4-verres-a-vin-blanc\/#primaryimage\"},\"image\":{\"@id\":\"https:\/\/dev6.erresse-shop.it\/fr\/shop\/table-fr-2\/vin\/verres-a-vin\/riedel-vinova-ensemble-de-4-verres-a-vin-blanc\/#primaryimage\"},\"thumbnailUrl\":\"https:\/\/i1.wp.com\/interpim.erresse-shop.it\/Import\/Prodotti\/riedel-vinova-set-4-bicchieri-vino-bianco.jpg?ssl=1\",\"datePublished\":\"2026-04-12T11:50:21+00:00\",\"description\":\"Coffret de verres \u00e0 vin blanc ViNOVA \u2013 4 pi\u00e8ces D\u00e9couvrez l\u2019\u00e9l\u00e9gance et la fonctionnalit\u00e9 du coffret de verres \u00e0 vin blanc ViNOVA, con\u00e7u pour sublimer la\",\"breadcrumb\":{\"@id\":\"https:\/\/dev6.erresse-shop.it\/fr\/shop\/table-fr-2\/vin\/verres-a-vin\/riedel-vinova-ensemble-de-4-verres-a-vin-blanc\/#breadcrumb\"},\"inLanguage\":\"fr-FR\",\"potentialAction\":[{\"@type\":\"ReadAction\",\"target\":[\"https:\/\/dev6.erresse-shop.it\/fr\/shop\/table-fr-2\/vin\/verres-a-vin\/riedel-vinova-ensemble-de-4-verres-a-vin-blanc\/\"]}]},{\"@type\":\"ImageObject\",\"inLanguage\":\"fr-FR\",\"@id\":\"https:\/\/dev6.erresse-shop.it\/fr\/shop\/table-fr-2\/vin\/verres-a-vin\/riedel-vinova-ensemble-de-4-verres-a-vin-blanc\/#primaryimage\",\"url\":\"https:\/\/i1.wp.com\/interpim.erresse-shop.it\/Import\/Prodotti\/riedel-vinova-set-4-bicchieri-vino-bianco.jpg?ssl=1\",\"contentUrl\":\"https:\/\/i1.wp.com\/interpim.erresse-shop.it\/Import\/Prodotti\/riedel-vinova-set-4-bicchieri-vino-bianco.jpg?ssl=1\"},{\"@type\":\"BreadcrumbList\",\"@id\":\"https:\/\/dev6.erresse-shop.it\/fr\/shop\/table-fr-2\/vin\/verres-a-vin\/riedel-vinova-ensemble-de-4-verres-a-vin-blanc\/#breadcrumb\",\"itemListElement\":[{\"@type\":\"ListItem\",\"position\":1,\"name\":\"Home\",\"item\":\"https:\/\/dev6.erresse-shop.it\/\"},{\"@type\":\"ListItem\",\"position\":2,\"name\":\"Boutique\",\"item\":\"https:\/\/dev6.erresse-shop.it\/shop\/\"},{\"@type\":\"ListItem\",\"position\":3,\"name\":\"RIEDEL Vinova Ensemble de 4 verres \u00e0 vin blanc\"}]},{\"@type\":\"WebSite\",\"@id\":\"https:\/\/dev6.erresse-shop.it\/#website\",\"url\":\"https:\/\/dev6.erresse-shop.it\/\",\"name\":\"Erresse Shop\",\"description\":\"\",\"publisher\":{\"@id\":\"https:\/\/dev6.erresse-shop.it\/#organization\"},\"potentialAction\":[{\"@type\":\"SearchAction\",\"target\":{\"@type\":\"EntryPoint\",\"urlTemplate\":\"https:\/\/dev6.erresse-shop.it\/?s={search_term_string}\"},\"query-input\":{\"@type\":\"PropertyValueSpecification\",\"valueRequired\":true,\"valueName\":\"search_term_string\"}}],\"inLanguage\":\"fr-FR\"},{\"@type\":\"Organization\",\"@id\":\"https:\/\/dev6.erresse-shop.it\/#organization\",\"name\":\"Erresse Shop\",\"url\":\"https:\/\/dev6.erresse-shop.it\/\",\"logo\":{\"@type\":\"ImageObject\",\"inLanguage\":\"fr-FR\",\"@id\":\"https:\/\/dev6.erresse-shop.it\/#\/schema\/logo\/image\/\",\"url\":\"https:\/\/dev6.erresse-shop.it\/wp-content\/uploads\/2025\/01\/LOGO-ERRESSE-CLASSICO.svg\",\"contentUrl\":\"https:\/\/dev6.erresse-shop.it\/wp-content\/uploads\/2025\/01\/LOGO-ERRESSE-CLASSICO.svg\",\"caption\":\"Erresse Shop\"},\"image\":{\"@id\":\"https:\/\/dev6.erresse-shop.it\/#\/schema\/logo\/image\/\"}}]}<\/script>\n<!-- \/ Yoast SEO plugin. -->","yoast_head_json":{"title":"RIEDEL Vinova Ensemble de 4 verres \u00e0 vin blanc - dev6 Erresse","description":"Coffret de verres \u00e0 vin blanc ViNOVA \u2013 4 pi\u00e8ces D\u00e9couvrez l\u2019\u00e9l\u00e9gance et la fonctionnalit\u00e9 du coffret de verres \u00e0 vin blanc ViNOVA, con\u00e7u pour sublimer la","robots":{"index":"noindex","follow":"follow","max-snippet":"max-snippet:-1","max-image-preview":"max-image-preview:large","max-video-preview":"max-video-preview:-1"},"og_locale":"fr_FR","og_type":"article","og_title":"RIEDEL Vinova Ensemble de 4 verres \u00e0 vin blanc - dev6 Erresse","og_description":"Coffret de verres \u00e0 vin blanc ViNOVA \u2013 4 pi\u00e8ces D\u00e9couvrez l\u2019\u00e9l\u00e9gance et la fonctionnalit\u00e9 du coffret de verres \u00e0 vin blanc ViNOVA, con\u00e7u pour sublimer la","og_url":"https:\/\/dev6.erresse-shop.it\/fr\/shop\/table-fr-2\/vin\/verres-a-vin\/riedel-vinova-ensemble-de-4-verres-a-vin-blanc\/","og_site_name":"dev6 Erresse","og_image":[{"url":"https:\/\/interpim.erresse-shop.it\/Import\/Prodotti\/riedel-vinova-set-4-bicchieri-vino-bianco.jpg","type":"","width":"","height":""},{"url":"https:\/\/interpim.erresse-shop.it\/Import\/Prodotti\/riedel-vinova-set-4-bicchieri-vino-bianco.jpg","width":1024,"height":1024,"type":"image\/jpeg"}],"twitter_card":"summary_large_image","twitter_image":"https:\/\/interpim.erresse-shop.it\/Import\/Prodotti\/riedel-vinova-set-4-bicchieri-vino-bianco.jpg","schema":{"@context":"https:\/\/schema.org","@graph":[{"@type":"WebPage","@id":"https:\/\/dev6.erresse-shop.it\/fr\/shop\/table-fr-2\/vin\/verres-a-vin\/riedel-vinova-ensemble-de-4-verres-a-vin-blanc\/","url":"https:\/\/dev6.erresse-shop.it\/fr\/shop\/table-fr-2\/vin\/verres-a-vin\/riedel-vinova-ensemble-de-4-verres-a-vin-blanc\/","name":"RIEDEL Vinova Ensemble de 4 verres \u00e0 vin blanc - dev6 Erresse","isPartOf":{"@id":"https:\/\/dev6.erresse-shop.it\/#website"},"primaryImageOfPage":{"@id":"https:\/\/dev6.erresse-shop.it\/fr\/shop\/table-fr-2\/vin\/verres-a-vin\/riedel-vinova-ensemble-de-4-verres-a-vin-blanc\/#primaryimage"},"image":{"@id":"https:\/\/dev6.erresse-shop.it\/fr\/shop\/table-fr-2\/vin\/verres-a-vin\/riedel-vinova-ensemble-de-4-verres-a-vin-blanc\/#primaryimage"},"thumbnailUrl":"https:\/\/i1.wp.com\/interpim.erresse-shop.it\/Import\/Prodotti\/riedel-vinova-set-4-bicchieri-vino-bianco.jpg?ssl=1","datePublished":"2026-04-12T11:50:21+00:00","description":"Coffret de verres \u00e0 vin blanc ViNOVA \u2013 4 pi\u00e8ces D\u00e9couvrez l\u2019\u00e9l\u00e9gance et la fonctionnalit\u00e9 du coffret de verres \u00e0 vin blanc ViNOVA, con\u00e7u pour sublimer la","breadcrumb":{"@id":"https:\/\/dev6.erresse-shop.it\/fr\/shop\/table-fr-2\/vin\/verres-a-vin\/riedel-vinova-ensemble-de-4-verres-a-vin-blanc\/#breadcrumb"},"inLanguage":"fr-FR","potentialAction":[{"@type":"ReadAction","target":["https:\/\/dev6.erresse-shop.it\/fr\/shop\/table-fr-2\/vin\/verres-a-vin\/riedel-vinova-ensemble-de-4-verres-a-vin-blanc\/"]}]},{"@type":"ImageObject","inLanguage":"fr-FR","@id":"https:\/\/dev6.erresse-shop.it\/fr\/shop\/table-fr-2\/vin\/verres-a-vin\/riedel-vinova-ensemble-de-4-verres-a-vin-blanc\/#primaryimage","url":"https:\/\/i1.wp.com\/interpim.erresse-shop.it\/Import\/Prodotti\/riedel-vinova-set-4-bicchieri-vino-bianco.jpg?ssl=1","contentUrl":"https:\/\/i1.wp.com\/interpim.erresse-shop.it\/Import\/Prodotti\/riedel-vinova-set-4-bicchieri-vino-bianco.jpg?ssl=1"},{"@type":"BreadcrumbList","@id":"https:\/\/dev6.erresse-shop.it\/fr\/shop\/table-fr-2\/vin\/verres-a-vin\/riedel-vinova-ensemble-de-4-verres-a-vin-blanc\/#breadcrumb","itemListElement":[{"@type":"ListItem","position":1,"name":"Home","item":"https:\/\/dev6.erresse-shop.it\/"},{"@type":"ListItem","position":2,"name":"Boutique","item":"https:\/\/dev6.erresse-shop.it\/shop\/"},{"@type":"ListItem","position":3,"name":"RIEDEL Vinova Ensemble de 4 verres \u00e0 vin blanc"}]},{"@type":"WebSite","@id":"https:\/\/dev6.erresse-shop.it\/#website","url":"https:\/\/dev6.erresse-shop.it\/","name":"Erresse Shop","description":"","publisher":{"@id":"https:\/\/dev6.erresse-shop.it\/#organization"},"potentialAction":[{"@type":"SearchAction","target":{"@type":"EntryPoint","urlTemplate":"https:\/\/dev6.erresse-shop.it\/?s={search_term_string}"},"query-input":{"@type":"PropertyValueSpecification","valueRequired":true,"valueName":"search_term_string"}}],"inLanguage":"fr-FR"},{"@type":"Organization","@id":"https:\/\/dev6.erresse-shop.it\/#organization","name":"Erresse Shop","url":"https:\/\/dev6.erresse-shop.it\/","logo":{"@type":"ImageObject","inLanguage":"fr-FR","@id":"https:\/\/dev6.erresse-shop.it\/#\/schema\/logo\/image\/","url":"https:\/\/dev6.erresse-shop.it\/wp-content\/uploads\/2025\/01\/LOGO-ERRESSE-CLASSICO.svg","contentUrl":"https:\/\/dev6.erresse-shop.it\/wp-content\/uploads\/2025\/01\/LOGO-ERRESSE-CLASSICO.svg","caption":"Erresse Shop"},"image":{"@id":"https:\/\/dev6.erresse-shop.it\/#\/schema\/logo\/image\/"}}]}},"df_price":32.9,"df_sale_price":"","df_regular_price":32.9,"df_image_link":"https:\/\/i1.wp.com\/interpim.erresse-shop.it\/Import\/Prodotti\/riedel-vinova-set-4-bicchieri-vino-bianco.jpg?resize=300,300&ssl=1","fifu_image_url":"https:\/\/interpim.erresse-shop.it\/Import\/Prodotti\/riedel-vinova-set-4-bicchieri-vino-bianco.jpg","_links":{"self":[{"href":"https:\/\/dev6.erresse-shop.it\/fr\/wp-json\/wp\/v2\/product\/1610375","targetHints":{"allow":["GET"]}}],"collection":[{"href":"https:\/\/dev6.erresse-shop.it\/fr\/wp-json\/wp\/v2\/product"}],"about":[{"href":"https:\/\/dev6.erresse-shop.it\/fr\/wp-json\/wp\/v2\/types\/product"}],"wp:featuredmedia":[{"embeddable":true,"href":"https:\/\/dev6.erresse-shop.it\/fr\/wp-json\/wp\/v2\/media\/6378663"}],"wp:attachment":[{"href":"https:\/\/dev6.erresse-shop.it\/fr\/wp-json\/wp\/v2\/media?parent=1610375"}],"wp:term":[{"taxonomy":"product_cat","embeddable":true,"href":"https:\/\/dev6.erresse-shop.it\/fr\/wp-json\/wp\/v2\/product_cat?post=1610375"},{"taxonomy":"product_tag","embeddable":true,"href":"https:\/\/dev6.erresse-shop.it\/fr\/wp-json\/wp\/v2\/product_tag?post=1610375"}],"curies":[{"name":"wp","href":"https:\/\/api.w.org\/{rel}","templated":true}]}}