{"id":1610371,"date":"2026-04-12T13:50:21","date_gmt":"2026-04-12T11:50:21","guid":{"rendered":"https:\/\/dev6.erresse-shop.it\/shop\/non%20class\u00e9\/riedel-vinova-set-4-balloon-vin-rouge\/"},"modified":"2025-07-04T20:02:48","modified_gmt":"2025-07-04T18:02:48","slug":"riedel-vinova-set-4-balloon-vin-rouge","status":"publish","type":"product","link":"https:\/\/dev6.erresse-shop.it\/fr\/shop\/table-fr-2\/vin\/verres-a-vin\/riedel-vinova-set-4-balloon-vin-rouge\/","title":{"rendered":"RIEDEL Vinova Set 4 Balloon Vin rouge"},"content":{"rendered":"<p>Coffret de verres \u00e0 vin rouge ViNOVA \u2013 4 pi\u00e8ces<\/p>\n<p>D\u00e9couvrez l\u2019\u00e9l\u00e9gance intemporelle et la fonctionnalit\u00e9 du coffret de verres \u00e0 vin rouge ViNOVA. Sa forme en losange, aux angles prononc\u00e9s, est id\u00e9ale pour les vins rouges cors\u00e9s du Nouveau Monde, leur offrant tout l\u2019espace n\u00e9cessaire pour d\u00e9velopper et lib\u00e9rer leurs ar\u00f4mes. Ce verre rehausse le caract\u00e8re fruit\u00e9 des vins rouges, \u00e9quilibre les tanins et favorise une d\u00e9gustation plus riche et harmonieuse.<\/p>\n<p>Caract\u00e9ristiques du produit\u00a0:<\/p>\n<p>Coffret de 4 verres \u00e0 vin rouge<br \/>\nDesign diamant favorisant le d\u00e9veloppement des ar\u00f4mes<br \/>\nFabriqu\u00e9 en cristal de haute qualit\u00e9 pour une brillance in\u00e9gal\u00e9e<br \/>\nVerres \u00e9l\u00e9gants et fonctionnels pour une d\u00e9gustation exceptionnelle<br \/>\nLavable au lave-vaisselle pour un entretien facile.<br \/>\nUsin\u00e9 avec pr\u00e9cision (de l\u00e9g\u00e8res tol\u00e9rances dimensionnelles peuvent exister).<\/p>\n<p>La collection ViNOVA allie modernit\u00e9 et sophistication, cr\u00e9ant une exp\u00e9rience de d\u00e9gustation unique pour chaque amateur de vin. Id\u00e9al pour embellir votre table ou comme cadeau raffin\u00e9.<\/p>\n<p>Capacit\u00e9\u00a0: 840,0\u00a0cm\u00b3<br \/>\nHauteur\u00a0: 240,0\u00a0mm<\/p>\n","protected":false},"excerpt":{"rendered":"<p>Coffret de verres \u00e0 vin rouge ViNOVA \u2013 4 pi\u00e8ces D\u00e9couvrez l\u2019\u00e9l\u00e9gance intemporelle et la fonctionnalit\u00e9 du coffret de verres \u00e0 vin rouge ViNOVA. Sa forme en losange, aux angles prononc\u00e9s, est id\u00e9ale pour les vins rouges cors\u00e9s du Nouveau Monde, leur offrant tout l\u2019espace n\u00e9cessaire pour d\u00e9velopper et lib\u00e9rer leurs ar\u00f4mes. Ce verre rehausse [&hellip;]<\/p>\n","protected":false},"featured_media":6378637,"template":"","meta":{"_acf_changed":false},"product_cat":[12078,12069],"product_tag":[],"class_list":{"0":"post-1610371","1":"product","2":"type-product","3":"status-publish","4":"has-post-thumbnail","6":"product_cat-verres-a-vin","7":"product_cat-vin","9":"first","10":"instock","11":"taxable","12":"shipping-taxable","13":"purchasable","14":"product-type-simple","swatches":"rey-swatches","show_selected":"","stretch_labels":"rey-swatches--stretch-labels"},"acf":[],"yoast_head":"<!-- This site is optimized with the Yoast SEO plugin v25.4 - https:\/\/yoast.com\/wordpress\/plugins\/seo\/ -->\n<title>RIEDEL Vinova Set 4 Balloon Vin rouge - dev6 Erresse<\/title>\n<meta name=\"description\" content=\"Coffret de verres \u00e0 vin rouge ViNOVA \u2013 4 pi\u00e8ces D\u00e9couvrez l\u2019\u00e9l\u00e9gance intemporelle et la fonctionnalit\u00e9 du coffret de verres \u00e0 vin rouge ViNOVA. Sa forme\" \/>\n<meta name=\"robots\" content=\"noindex, follow, max-snippet:-1, max-image-preview:large, max-video-preview:-1\" \/>\n<meta property=\"og:locale\" content=\"fr_FR\" \/>\n<meta property=\"og:type\" content=\"article\" \/>\n<meta property=\"og:title\" content=\"RIEDEL Vinova Set 4 Balloon Vin rouge - dev6 Erresse\" \/>\n<meta property=\"og:description\" content=\"Coffret de verres \u00e0 vin rouge ViNOVA \u2013 4 pi\u00e8ces D\u00e9couvrez l\u2019\u00e9l\u00e9gance intemporelle et la fonctionnalit\u00e9 du coffret de verres \u00e0 vin rouge ViNOVA. Sa forme\" \/>\n<meta property=\"og:url\" content=\"https:\/\/dev6.erresse-shop.it\/fr\/shop\/table-fr-2\/vin\/verres-a-vin\/riedel-vinova-set-4-balloon-vin-rouge\/\" \/>\n<meta property=\"og:site_name\" content=\"dev6 Erresse\" \/>\n<meta property=\"og:image\" content=\"https:\/\/interpim.erresse-shop.it\/Import\/Prodotti\/riedel-vinova-set-4-balloon-vino-rosso.jpg\" \/><meta property=\"og:image\" content=\"https:\/\/interpim.erresse-shop.it\/Import\/Prodotti\/riedel-vinova-set-4-balloon-vino-rosso.jpg\" \/>\n\t<meta property=\"og:image:width\" content=\"1024\" \/>\n\t<meta property=\"og:image:height\" content=\"1024\" \/>\n\t<meta property=\"og:image:type\" content=\"image\/jpeg\" \/>\n<meta name=\"twitter:card\" content=\"summary_large_image\" \/>\n<meta name=\"twitter:image\" content=\"https:\/\/interpim.erresse-shop.it\/Import\/Prodotti\/riedel-vinova-set-4-balloon-vino-rosso.jpg\" \/>\n<script type=\"application\/ld+json\" class=\"yoast-schema-graph\">{\"@context\":\"https:\/\/schema.org\",\"@graph\":[{\"@type\":\"WebPage\",\"@id\":\"https:\/\/dev6.erresse-shop.it\/fr\/shop\/table-fr-2\/vin\/verres-a-vin\/riedel-vinova-set-4-balloon-vin-rouge\/\",\"url\":\"https:\/\/dev6.erresse-shop.it\/fr\/shop\/table-fr-2\/vin\/verres-a-vin\/riedel-vinova-set-4-balloon-vin-rouge\/\",\"name\":\"RIEDEL Vinova Set 4 Balloon Vin rouge - dev6 Erresse\",\"isPartOf\":{\"@id\":\"https:\/\/dev6.erresse-shop.it\/#website\"},\"primaryImageOfPage\":{\"@id\":\"https:\/\/dev6.erresse-shop.it\/fr\/shop\/table-fr-2\/vin\/verres-a-vin\/riedel-vinova-set-4-balloon-vin-rouge\/#primaryimage\"},\"image\":{\"@id\":\"https:\/\/dev6.erresse-shop.it\/fr\/shop\/table-fr-2\/vin\/verres-a-vin\/riedel-vinova-set-4-balloon-vin-rouge\/#primaryimage\"},\"thumbnailUrl\":\"https:\/\/i0.wp.com\/interpim.erresse-shop.it\/Import\/Prodotti\/riedel-vinova-set-4-balloon-vino-rosso.jpg?ssl=1\",\"datePublished\":\"2026-04-12T11:50:21+00:00\",\"description\":\"Coffret de verres \u00e0 vin rouge ViNOVA \u2013 4 pi\u00e8ces D\u00e9couvrez l\u2019\u00e9l\u00e9gance intemporelle et la fonctionnalit\u00e9 du coffret de verres \u00e0 vin rouge ViNOVA. Sa forme\",\"breadcrumb\":{\"@id\":\"https:\/\/dev6.erresse-shop.it\/fr\/shop\/table-fr-2\/vin\/verres-a-vin\/riedel-vinova-set-4-balloon-vin-rouge\/#breadcrumb\"},\"inLanguage\":\"fr-FR\",\"potentialAction\":[{\"@type\":\"ReadAction\",\"target\":[\"https:\/\/dev6.erresse-shop.it\/fr\/shop\/table-fr-2\/vin\/verres-a-vin\/riedel-vinova-set-4-balloon-vin-rouge\/\"]}]},{\"@type\":\"ImageObject\",\"inLanguage\":\"fr-FR\",\"@id\":\"https:\/\/dev6.erresse-shop.it\/fr\/shop\/table-fr-2\/vin\/verres-a-vin\/riedel-vinova-set-4-balloon-vin-rouge\/#primaryimage\",\"url\":\"https:\/\/i0.wp.com\/interpim.erresse-shop.it\/Import\/Prodotti\/riedel-vinova-set-4-balloon-vino-rosso.jpg?ssl=1\",\"contentUrl\":\"https:\/\/i0.wp.com\/interpim.erresse-shop.it\/Import\/Prodotti\/riedel-vinova-set-4-balloon-vino-rosso.jpg?ssl=1\"},{\"@type\":\"BreadcrumbList\",\"@id\":\"https:\/\/dev6.erresse-shop.it\/fr\/shop\/table-fr-2\/vin\/verres-a-vin\/riedel-vinova-set-4-balloon-vin-rouge\/#breadcrumb\",\"itemListElement\":[{\"@type\":\"ListItem\",\"position\":1,\"name\":\"Home\",\"item\":\"https:\/\/dev6.erresse-shop.it\/\"},{\"@type\":\"ListItem\",\"position\":2,\"name\":\"Boutique\",\"item\":\"https:\/\/dev6.erresse-shop.it\/shop\/\"},{\"@type\":\"ListItem\",\"position\":3,\"name\":\"RIEDEL Vinova Set 4 Balloon Vin rouge\"}]},{\"@type\":\"WebSite\",\"@id\":\"https:\/\/dev6.erresse-shop.it\/#website\",\"url\":\"https:\/\/dev6.erresse-shop.it\/\",\"name\":\"Erresse Shop\",\"description\":\"\",\"publisher\":{\"@id\":\"https:\/\/dev6.erresse-shop.it\/#organization\"},\"potentialAction\":[{\"@type\":\"SearchAction\",\"target\":{\"@type\":\"EntryPoint\",\"urlTemplate\":\"https:\/\/dev6.erresse-shop.it\/?s={search_term_string}\"},\"query-input\":{\"@type\":\"PropertyValueSpecification\",\"valueRequired\":true,\"valueName\":\"search_term_string\"}}],\"inLanguage\":\"fr-FR\"},{\"@type\":\"Organization\",\"@id\":\"https:\/\/dev6.erresse-shop.it\/#organization\",\"name\":\"Erresse Shop\",\"url\":\"https:\/\/dev6.erresse-shop.it\/\",\"logo\":{\"@type\":\"ImageObject\",\"inLanguage\":\"fr-FR\",\"@id\":\"https:\/\/dev6.erresse-shop.it\/#\/schema\/logo\/image\/\",\"url\":\"https:\/\/dev6.erresse-shop.it\/wp-content\/uploads\/2025\/01\/LOGO-ERRESSE-CLASSICO.svg\",\"contentUrl\":\"https:\/\/dev6.erresse-shop.it\/wp-content\/uploads\/2025\/01\/LOGO-ERRESSE-CLASSICO.svg\",\"caption\":\"Erresse Shop\"},\"image\":{\"@id\":\"https:\/\/dev6.erresse-shop.it\/#\/schema\/logo\/image\/\"}}]}<\/script>\n<!-- \/ Yoast SEO plugin. -->","yoast_head_json":{"title":"RIEDEL Vinova Set 4 Balloon Vin rouge - dev6 Erresse","description":"Coffret de verres \u00e0 vin rouge ViNOVA \u2013 4 pi\u00e8ces D\u00e9couvrez l\u2019\u00e9l\u00e9gance intemporelle et la fonctionnalit\u00e9 du coffret de verres \u00e0 vin rouge ViNOVA. Sa forme","robots":{"index":"noindex","follow":"follow","max-snippet":"max-snippet:-1","max-image-preview":"max-image-preview:large","max-video-preview":"max-video-preview:-1"},"og_locale":"fr_FR","og_type":"article","og_title":"RIEDEL Vinova Set 4 Balloon Vin rouge - dev6 Erresse","og_description":"Coffret de verres \u00e0 vin rouge ViNOVA \u2013 4 pi\u00e8ces D\u00e9couvrez l\u2019\u00e9l\u00e9gance intemporelle et la fonctionnalit\u00e9 du coffret de verres \u00e0 vin rouge ViNOVA. Sa forme","og_url":"https:\/\/dev6.erresse-shop.it\/fr\/shop\/table-fr-2\/vin\/verres-a-vin\/riedel-vinova-set-4-balloon-vin-rouge\/","og_site_name":"dev6 Erresse","og_image":[{"url":"https:\/\/interpim.erresse-shop.it\/Import\/Prodotti\/riedel-vinova-set-4-balloon-vino-rosso.jpg","type":"","width":"","height":""},{"url":"https:\/\/interpim.erresse-shop.it\/Import\/Prodotti\/riedel-vinova-set-4-balloon-vino-rosso.jpg","width":1024,"height":1024,"type":"image\/jpeg"}],"twitter_card":"summary_large_image","twitter_image":"https:\/\/interpim.erresse-shop.it\/Import\/Prodotti\/riedel-vinova-set-4-balloon-vino-rosso.jpg","schema":{"@context":"https:\/\/schema.org","@graph":[{"@type":"WebPage","@id":"https:\/\/dev6.erresse-shop.it\/fr\/shop\/table-fr-2\/vin\/verres-a-vin\/riedel-vinova-set-4-balloon-vin-rouge\/","url":"https:\/\/dev6.erresse-shop.it\/fr\/shop\/table-fr-2\/vin\/verres-a-vin\/riedel-vinova-set-4-balloon-vin-rouge\/","name":"RIEDEL Vinova Set 4 Balloon Vin rouge - dev6 Erresse","isPartOf":{"@id":"https:\/\/dev6.erresse-shop.it\/#website"},"primaryImageOfPage":{"@id":"https:\/\/dev6.erresse-shop.it\/fr\/shop\/table-fr-2\/vin\/verres-a-vin\/riedel-vinova-set-4-balloon-vin-rouge\/#primaryimage"},"image":{"@id":"https:\/\/dev6.erresse-shop.it\/fr\/shop\/table-fr-2\/vin\/verres-a-vin\/riedel-vinova-set-4-balloon-vin-rouge\/#primaryimage"},"thumbnailUrl":"https:\/\/i0.wp.com\/interpim.erresse-shop.it\/Import\/Prodotti\/riedel-vinova-set-4-balloon-vino-rosso.jpg?ssl=1","datePublished":"2026-04-12T11:50:21+00:00","description":"Coffret de verres \u00e0 vin rouge ViNOVA \u2013 4 pi\u00e8ces D\u00e9couvrez l\u2019\u00e9l\u00e9gance intemporelle et la fonctionnalit\u00e9 du coffret de verres \u00e0 vin rouge ViNOVA. Sa forme","breadcrumb":{"@id":"https:\/\/dev6.erresse-shop.it\/fr\/shop\/table-fr-2\/vin\/verres-a-vin\/riedel-vinova-set-4-balloon-vin-rouge\/#breadcrumb"},"inLanguage":"fr-FR","potentialAction":[{"@type":"ReadAction","target":["https:\/\/dev6.erresse-shop.it\/fr\/shop\/table-fr-2\/vin\/verres-a-vin\/riedel-vinova-set-4-balloon-vin-rouge\/"]}]},{"@type":"ImageObject","inLanguage":"fr-FR","@id":"https:\/\/dev6.erresse-shop.it\/fr\/shop\/table-fr-2\/vin\/verres-a-vin\/riedel-vinova-set-4-balloon-vin-rouge\/#primaryimage","url":"https:\/\/i0.wp.com\/interpim.erresse-shop.it\/Import\/Prodotti\/riedel-vinova-set-4-balloon-vino-rosso.jpg?ssl=1","contentUrl":"https:\/\/i0.wp.com\/interpim.erresse-shop.it\/Import\/Prodotti\/riedel-vinova-set-4-balloon-vino-rosso.jpg?ssl=1"},{"@type":"BreadcrumbList","@id":"https:\/\/dev6.erresse-shop.it\/fr\/shop\/table-fr-2\/vin\/verres-a-vin\/riedel-vinova-set-4-balloon-vin-rouge\/#breadcrumb","itemListElement":[{"@type":"ListItem","position":1,"name":"Home","item":"https:\/\/dev6.erresse-shop.it\/"},{"@type":"ListItem","position":2,"name":"Boutique","item":"https:\/\/dev6.erresse-shop.it\/shop\/"},{"@type":"ListItem","position":3,"name":"RIEDEL Vinova Set 4 Balloon Vin rouge"}]},{"@type":"WebSite","@id":"https:\/\/dev6.erresse-shop.it\/#website","url":"https:\/\/dev6.erresse-shop.it\/","name":"Erresse Shop","description":"","publisher":{"@id":"https:\/\/dev6.erresse-shop.it\/#organization"},"potentialAction":[{"@type":"SearchAction","target":{"@type":"EntryPoint","urlTemplate":"https:\/\/dev6.erresse-shop.it\/?s={search_term_string}"},"query-input":{"@type":"PropertyValueSpecification","valueRequired":true,"valueName":"search_term_string"}}],"inLanguage":"fr-FR"},{"@type":"Organization","@id":"https:\/\/dev6.erresse-shop.it\/#organization","name":"Erresse Shop","url":"https:\/\/dev6.erresse-shop.it\/","logo":{"@type":"ImageObject","inLanguage":"fr-FR","@id":"https:\/\/dev6.erresse-shop.it\/#\/schema\/logo\/image\/","url":"https:\/\/dev6.erresse-shop.it\/wp-content\/uploads\/2025\/01\/LOGO-ERRESSE-CLASSICO.svg","contentUrl":"https:\/\/dev6.erresse-shop.it\/wp-content\/uploads\/2025\/01\/LOGO-ERRESSE-CLASSICO.svg","caption":"Erresse Shop"},"image":{"@id":"https:\/\/dev6.erresse-shop.it\/#\/schema\/logo\/image\/"}}]}},"df_price":32.9,"df_sale_price":"","df_regular_price":32.9,"df_image_link":"https:\/\/i0.wp.com\/interpim.erresse-shop.it\/Import\/Prodotti\/riedel-vinova-set-4-balloon-vino-rosso.jpg?resize=300,300&ssl=1","fifu_image_url":"https:\/\/interpim.erresse-shop.it\/Import\/Prodotti\/riedel-vinova-set-4-balloon-vino-rosso.jpg","_links":{"self":[{"href":"https:\/\/dev6.erresse-shop.it\/fr\/wp-json\/wp\/v2\/product\/1610371","targetHints":{"allow":["GET"]}}],"collection":[{"href":"https:\/\/dev6.erresse-shop.it\/fr\/wp-json\/wp\/v2\/product"}],"about":[{"href":"https:\/\/dev6.erresse-shop.it\/fr\/wp-json\/wp\/v2\/types\/product"}],"wp:featuredmedia":[{"embeddable":true,"href":"https:\/\/dev6.erresse-shop.it\/fr\/wp-json\/wp\/v2\/media\/6378637"}],"wp:attachment":[{"href":"https:\/\/dev6.erresse-shop.it\/fr\/wp-json\/wp\/v2\/media?parent=1610371"}],"wp:term":[{"taxonomy":"product_cat","embeddable":true,"href":"https:\/\/dev6.erresse-shop.it\/fr\/wp-json\/wp\/v2\/product_cat?post=1610371"},{"taxonomy":"product_tag","embeddable":true,"href":"https:\/\/dev6.erresse-shop.it\/fr\/wp-json\/wp\/v2\/product_tag?post=1610371"}],"curies":[{"name":"wp","href":"https:\/\/api.w.org\/{rel}","templated":true}]}}