{"id":1610369,"date":"2026-04-12T13:50:21","date_gmt":"2026-04-12T11:50:21","guid":{"rendered":"https:\/\/dev6.erresse-shop.it\/shop\/non%20class\u00e9\/riedel-ensemble-de-2-flutes-a-champagne\/"},"modified":"2025-07-04T20:02:41","modified_gmt":"2025-07-04T18:02:41","slug":"riedel-ensemble-de-2-flutes-a-champagne","status":"publish","type":"product","link":"https:\/\/dev6.erresse-shop.it\/fr\/shop\/table-fr-2\/vin\/verres-a-vin\/riedel-ensemble-de-2-flutes-a-champagne\/","title":{"rendered":"RIEDEL Ensemble de 2 fl\u00fbtes \u00e0 champagne"},"content":{"rendered":"<p>Coffret de fl\u00fbtes \u00e0 champagne 2024 \u2013 2 pi\u00e8ces<\/p>\n<p>Id\u00e9ale pour les champagnes et vins effervescents secs, frais et l\u00e9gers, la fl\u00fbte GRAPE&#64;RIEDEL 2024 est con\u00e7ue pour sublimer la beaut\u00e9 et la complexit\u00e9 des bulles. Sa forme allong\u00e9e favorise le perlage, offrant une exp\u00e9rience de d\u00e9gustation unique et raffin\u00e9e. Le point de perlage du verre favorise la formation de bulles, ce qui en fait le choix id\u00e9al pour les amateurs de champagne et de vins mousseux.<\/p>\n<p>Caract\u00e9ristiques du produit\u00a0:<\/p>\n<p>Coffret de 2 fl\u00fbtes \u00e0 champagne<br \/>\nFabriqu\u00e9 en cristal clair de haute qualit\u00e9<br \/>\nForme \u00e9l\u00e9gante et fine, id\u00e9ale pour le perlage<br \/>\nDesign parfait pour une d\u00e9gustation raffin\u00e9e<br \/>\nFabriqu\u00e9 \u00e0 la machine pour plus de pr\u00e9cision et de durabilit\u00e9<br \/>\nPasse au lave-vaisselle pour un entretien facile<\/p>\n<p>D\u00e9couvrez l\u2019\u00e9quilibre parfait entre style, fonctionnalit\u00e9 et prix abordable avec la collection GRAPE&#64;RIEDEL 2024. Adapt\u00e9e \u00e0 une large gamme de vins, boissons et cocktails, cette fl\u00fbte est le verre id\u00e9al pour toutes les occasions sp\u00e9ciales.<\/p>\n<p>Capacit\u00e9\u00a0: 250,0\u00a0cm\u00b3<br \/>\nHauteur\u00a0: 241,0\u00a0mm<\/p>\n","protected":false},"excerpt":{"rendered":"<p>Coffret de fl\u00fbtes \u00e0 champagne 2024 \u2013 2 pi\u00e8ces Id\u00e9ale pour les champagnes et vins effervescents secs, frais et l\u00e9gers, la fl\u00fbte GRAPE&#64;RIEDEL 2024 est con\u00e7ue pour sublimer la beaut\u00e9 et la complexit\u00e9 des bulles. Sa forme allong\u00e9e favorise le perlage, offrant une exp\u00e9rience de d\u00e9gustation unique et raffin\u00e9e. Le point de perlage du verre [&hellip;]<\/p>\n","protected":false},"featured_media":6378626,"template":"","meta":{"_acf_changed":false},"product_cat":[12078,12069],"product_tag":[],"class_list":{"0":"post-1610369","1":"product","2":"type-product","3":"status-publish","4":"has-post-thumbnail","6":"product_cat-verres-a-vin","7":"product_cat-vin","9":"first","10":"instock","11":"taxable","12":"shipping-taxable","13":"purchasable","14":"product-type-simple","swatches":"rey-swatches","show_selected":"","stretch_labels":"rey-swatches--stretch-labels"},"acf":[],"yoast_head":"<!-- This site is optimized with the Yoast SEO plugin v25.4 - https:\/\/yoast.com\/wordpress\/plugins\/seo\/ -->\n<title>RIEDEL Ensemble de 2 fl\u00fbtes \u00e0 champagne - dev6 Erresse<\/title>\n<meta name=\"description\" content=\"Coffret de fl\u00fbtes \u00e0 champagne 2024 \u2013 2 pi\u00e8ces Id\u00e9ale pour les champagnes et vins effervescents secs, frais et l\u00e9gers, la fl\u00fbte GRAPE&#064;RIEDEL 2024 est\" \/>\n<meta name=\"robots\" content=\"noindex, follow, max-snippet:-1, max-image-preview:large, max-video-preview:-1\" \/>\n<meta property=\"og:locale\" content=\"fr_FR\" \/>\n<meta property=\"og:type\" content=\"article\" \/>\n<meta property=\"og:title\" content=\"RIEDEL Ensemble de 2 fl\u00fbtes \u00e0 champagne - dev6 Erresse\" \/>\n<meta property=\"og:description\" content=\"Coffret de fl\u00fbtes \u00e0 champagne 2024 \u2013 2 pi\u00e8ces Id\u00e9ale pour les champagnes et vins effervescents secs, frais et l\u00e9gers, la fl\u00fbte GRAPE&#064;RIEDEL 2024 est\" \/>\n<meta property=\"og:url\" content=\"https:\/\/dev6.erresse-shop.it\/fr\/shop\/table-fr-2\/vin\/verres-a-vin\/riedel-ensemble-de-2-flutes-a-champagne\/\" \/>\n<meta property=\"og:site_name\" content=\"dev6 Erresse\" \/>\n<meta property=\"og:image\" content=\"https:\/\/interpim.erresse-shop.it\/Import\/Prodotti\/riedel-set-2-bicchieri-da-champagne.jpg\" \/><meta property=\"og:image\" content=\"https:\/\/interpim.erresse-shop.it\/Import\/Prodotti\/riedel-set-2-bicchieri-da-champagne.jpg\" \/>\n\t<meta property=\"og:image:width\" content=\"1024\" \/>\n\t<meta property=\"og:image:height\" content=\"1024\" \/>\n\t<meta property=\"og:image:type\" content=\"image\/jpeg\" \/>\n<meta name=\"twitter:card\" content=\"summary_large_image\" \/>\n<meta name=\"twitter:image\" content=\"https:\/\/interpim.erresse-shop.it\/Import\/Prodotti\/riedel-set-2-bicchieri-da-champagne.jpg\" \/>\n<script type=\"application\/ld+json\" class=\"yoast-schema-graph\">{\"@context\":\"https:\/\/schema.org\",\"@graph\":[{\"@type\":\"WebPage\",\"@id\":\"https:\/\/dev6.erresse-shop.it\/fr\/shop\/table-fr-2\/vin\/verres-a-vin\/riedel-ensemble-de-2-flutes-a-champagne\/\",\"url\":\"https:\/\/dev6.erresse-shop.it\/fr\/shop\/table-fr-2\/vin\/verres-a-vin\/riedel-ensemble-de-2-flutes-a-champagne\/\",\"name\":\"RIEDEL Ensemble de 2 fl\u00fbtes \u00e0 champagne - dev6 Erresse\",\"isPartOf\":{\"@id\":\"https:\/\/dev6.erresse-shop.it\/#website\"},\"primaryImageOfPage\":{\"@id\":\"https:\/\/dev6.erresse-shop.it\/fr\/shop\/table-fr-2\/vin\/verres-a-vin\/riedel-ensemble-de-2-flutes-a-champagne\/#primaryimage\"},\"image\":{\"@id\":\"https:\/\/dev6.erresse-shop.it\/fr\/shop\/table-fr-2\/vin\/verres-a-vin\/riedel-ensemble-de-2-flutes-a-champagne\/#primaryimage\"},\"thumbnailUrl\":\"https:\/\/i0.wp.com\/interpim.erresse-shop.it\/Import\/Prodotti\/riedel-set-2-bicchieri-da-champagne.jpg?ssl=1\",\"datePublished\":\"2026-04-12T11:50:21+00:00\",\"description\":\"Coffret de fl\u00fbtes \u00e0 champagne 2024 \u2013 2 pi\u00e8ces Id\u00e9ale pour les champagnes et vins effervescents secs, frais et l\u00e9gers, la fl\u00fbte GRAPE&#64;RIEDEL 2024 est\",\"breadcrumb\":{\"@id\":\"https:\/\/dev6.erresse-shop.it\/fr\/shop\/table-fr-2\/vin\/verres-a-vin\/riedel-ensemble-de-2-flutes-a-champagne\/#breadcrumb\"},\"inLanguage\":\"fr-FR\",\"potentialAction\":[{\"@type\":\"ReadAction\",\"target\":[\"https:\/\/dev6.erresse-shop.it\/fr\/shop\/table-fr-2\/vin\/verres-a-vin\/riedel-ensemble-de-2-flutes-a-champagne\/\"]}]},{\"@type\":\"ImageObject\",\"inLanguage\":\"fr-FR\",\"@id\":\"https:\/\/dev6.erresse-shop.it\/fr\/shop\/table-fr-2\/vin\/verres-a-vin\/riedel-ensemble-de-2-flutes-a-champagne\/#primaryimage\",\"url\":\"https:\/\/i0.wp.com\/interpim.erresse-shop.it\/Import\/Prodotti\/riedel-set-2-bicchieri-da-champagne.jpg?ssl=1\",\"contentUrl\":\"https:\/\/i0.wp.com\/interpim.erresse-shop.it\/Import\/Prodotti\/riedel-set-2-bicchieri-da-champagne.jpg?ssl=1\"},{\"@type\":\"BreadcrumbList\",\"@id\":\"https:\/\/dev6.erresse-shop.it\/fr\/shop\/table-fr-2\/vin\/verres-a-vin\/riedel-ensemble-de-2-flutes-a-champagne\/#breadcrumb\",\"itemListElement\":[{\"@type\":\"ListItem\",\"position\":1,\"name\":\"Home\",\"item\":\"https:\/\/dev6.erresse-shop.it\/\"},{\"@type\":\"ListItem\",\"position\":2,\"name\":\"Boutique\",\"item\":\"https:\/\/dev6.erresse-shop.it\/shop\/\"},{\"@type\":\"ListItem\",\"position\":3,\"name\":\"RIEDEL Ensemble de 2 fl\u00fbtes \u00e0 champagne\"}]},{\"@type\":\"WebSite\",\"@id\":\"https:\/\/dev6.erresse-shop.it\/#website\",\"url\":\"https:\/\/dev6.erresse-shop.it\/\",\"name\":\"Erresse Shop\",\"description\":\"\",\"publisher\":{\"@id\":\"https:\/\/dev6.erresse-shop.it\/#organization\"},\"potentialAction\":[{\"@type\":\"SearchAction\",\"target\":{\"@type\":\"EntryPoint\",\"urlTemplate\":\"https:\/\/dev6.erresse-shop.it\/?s={search_term_string}\"},\"query-input\":{\"@type\":\"PropertyValueSpecification\",\"valueRequired\":true,\"valueName\":\"search_term_string\"}}],\"inLanguage\":\"fr-FR\"},{\"@type\":\"Organization\",\"@id\":\"https:\/\/dev6.erresse-shop.it\/#organization\",\"name\":\"Erresse Shop\",\"url\":\"https:\/\/dev6.erresse-shop.it\/\",\"logo\":{\"@type\":\"ImageObject\",\"inLanguage\":\"fr-FR\",\"@id\":\"https:\/\/dev6.erresse-shop.it\/#\/schema\/logo\/image\/\",\"url\":\"https:\/\/dev6.erresse-shop.it\/wp-content\/uploads\/2025\/01\/LOGO-ERRESSE-CLASSICO.svg\",\"contentUrl\":\"https:\/\/dev6.erresse-shop.it\/wp-content\/uploads\/2025\/01\/LOGO-ERRESSE-CLASSICO.svg\",\"caption\":\"Erresse Shop\"},\"image\":{\"@id\":\"https:\/\/dev6.erresse-shop.it\/#\/schema\/logo\/image\/\"}}]}<\/script>\n<!-- \/ Yoast SEO plugin. -->","yoast_head_json":{"title":"RIEDEL Ensemble de 2 fl\u00fbtes \u00e0 champagne - dev6 Erresse","description":"Coffret de fl\u00fbtes \u00e0 champagne 2024 \u2013 2 pi\u00e8ces Id\u00e9ale pour les champagnes et vins effervescents secs, frais et l\u00e9gers, la fl\u00fbte GRAPE&#64;RIEDEL 2024 est","robots":{"index":"noindex","follow":"follow","max-snippet":"max-snippet:-1","max-image-preview":"max-image-preview:large","max-video-preview":"max-video-preview:-1"},"og_locale":"fr_FR","og_type":"article","og_title":"RIEDEL Ensemble de 2 fl\u00fbtes \u00e0 champagne - dev6 Erresse","og_description":"Coffret de fl\u00fbtes \u00e0 champagne 2024 \u2013 2 pi\u00e8ces Id\u00e9ale pour les champagnes et vins effervescents secs, frais et l\u00e9gers, la fl\u00fbte GRAPE&#64;RIEDEL 2024 est","og_url":"https:\/\/dev6.erresse-shop.it\/fr\/shop\/table-fr-2\/vin\/verres-a-vin\/riedel-ensemble-de-2-flutes-a-champagne\/","og_site_name":"dev6 Erresse","og_image":[{"url":"https:\/\/interpim.erresse-shop.it\/Import\/Prodotti\/riedel-set-2-bicchieri-da-champagne.jpg","type":"","width":"","height":""},{"url":"https:\/\/interpim.erresse-shop.it\/Import\/Prodotti\/riedel-set-2-bicchieri-da-champagne.jpg","width":1024,"height":1024,"type":"image\/jpeg"}],"twitter_card":"summary_large_image","twitter_image":"https:\/\/interpim.erresse-shop.it\/Import\/Prodotti\/riedel-set-2-bicchieri-da-champagne.jpg","schema":{"@context":"https:\/\/schema.org","@graph":[{"@type":"WebPage","@id":"https:\/\/dev6.erresse-shop.it\/fr\/shop\/table-fr-2\/vin\/verres-a-vin\/riedel-ensemble-de-2-flutes-a-champagne\/","url":"https:\/\/dev6.erresse-shop.it\/fr\/shop\/table-fr-2\/vin\/verres-a-vin\/riedel-ensemble-de-2-flutes-a-champagne\/","name":"RIEDEL Ensemble de 2 fl\u00fbtes \u00e0 champagne - dev6 Erresse","isPartOf":{"@id":"https:\/\/dev6.erresse-shop.it\/#website"},"primaryImageOfPage":{"@id":"https:\/\/dev6.erresse-shop.it\/fr\/shop\/table-fr-2\/vin\/verres-a-vin\/riedel-ensemble-de-2-flutes-a-champagne\/#primaryimage"},"image":{"@id":"https:\/\/dev6.erresse-shop.it\/fr\/shop\/table-fr-2\/vin\/verres-a-vin\/riedel-ensemble-de-2-flutes-a-champagne\/#primaryimage"},"thumbnailUrl":"https:\/\/i0.wp.com\/interpim.erresse-shop.it\/Import\/Prodotti\/riedel-set-2-bicchieri-da-champagne.jpg?ssl=1","datePublished":"2026-04-12T11:50:21+00:00","description":"Coffret de fl\u00fbtes \u00e0 champagne 2024 \u2013 2 pi\u00e8ces Id\u00e9ale pour les champagnes et vins effervescents secs, frais et l\u00e9gers, la fl\u00fbte GRAPE&#64;RIEDEL 2024 est","breadcrumb":{"@id":"https:\/\/dev6.erresse-shop.it\/fr\/shop\/table-fr-2\/vin\/verres-a-vin\/riedel-ensemble-de-2-flutes-a-champagne\/#breadcrumb"},"inLanguage":"fr-FR","potentialAction":[{"@type":"ReadAction","target":["https:\/\/dev6.erresse-shop.it\/fr\/shop\/table-fr-2\/vin\/verres-a-vin\/riedel-ensemble-de-2-flutes-a-champagne\/"]}]},{"@type":"ImageObject","inLanguage":"fr-FR","@id":"https:\/\/dev6.erresse-shop.it\/fr\/shop\/table-fr-2\/vin\/verres-a-vin\/riedel-ensemble-de-2-flutes-a-champagne\/#primaryimage","url":"https:\/\/i0.wp.com\/interpim.erresse-shop.it\/Import\/Prodotti\/riedel-set-2-bicchieri-da-champagne.jpg?ssl=1","contentUrl":"https:\/\/i0.wp.com\/interpim.erresse-shop.it\/Import\/Prodotti\/riedel-set-2-bicchieri-da-champagne.jpg?ssl=1"},{"@type":"BreadcrumbList","@id":"https:\/\/dev6.erresse-shop.it\/fr\/shop\/table-fr-2\/vin\/verres-a-vin\/riedel-ensemble-de-2-flutes-a-champagne\/#breadcrumb","itemListElement":[{"@type":"ListItem","position":1,"name":"Home","item":"https:\/\/dev6.erresse-shop.it\/"},{"@type":"ListItem","position":2,"name":"Boutique","item":"https:\/\/dev6.erresse-shop.it\/shop\/"},{"@type":"ListItem","position":3,"name":"RIEDEL Ensemble de 2 fl\u00fbtes \u00e0 champagne"}]},{"@type":"WebSite","@id":"https:\/\/dev6.erresse-shop.it\/#website","url":"https:\/\/dev6.erresse-shop.it\/","name":"Erresse Shop","description":"","publisher":{"@id":"https:\/\/dev6.erresse-shop.it\/#organization"},"potentialAction":[{"@type":"SearchAction","target":{"@type":"EntryPoint","urlTemplate":"https:\/\/dev6.erresse-shop.it\/?s={search_term_string}"},"query-input":{"@type":"PropertyValueSpecification","valueRequired":true,"valueName":"search_term_string"}}],"inLanguage":"fr-FR"},{"@type":"Organization","@id":"https:\/\/dev6.erresse-shop.it\/#organization","name":"Erresse Shop","url":"https:\/\/dev6.erresse-shop.it\/","logo":{"@type":"ImageObject","inLanguage":"fr-FR","@id":"https:\/\/dev6.erresse-shop.it\/#\/schema\/logo\/image\/","url":"https:\/\/dev6.erresse-shop.it\/wp-content\/uploads\/2025\/01\/LOGO-ERRESSE-CLASSICO.svg","contentUrl":"https:\/\/dev6.erresse-shop.it\/wp-content\/uploads\/2025\/01\/LOGO-ERRESSE-CLASSICO.svg","caption":"Erresse Shop"},"image":{"@id":"https:\/\/dev6.erresse-shop.it\/#\/schema\/logo\/image\/"}}]}},"df_price":32.9,"df_sale_price":"","df_regular_price":32.9,"df_image_link":"https:\/\/i0.wp.com\/interpim.erresse-shop.it\/Import\/Prodotti\/riedel-set-2-bicchieri-da-champagne.jpg?resize=300,300&ssl=1","fifu_image_url":"https:\/\/interpim.erresse-shop.it\/Import\/Prodotti\/riedel-set-2-bicchieri-da-champagne.jpg","_links":{"self":[{"href":"https:\/\/dev6.erresse-shop.it\/fr\/wp-json\/wp\/v2\/product\/1610369","targetHints":{"allow":["GET"]}}],"collection":[{"href":"https:\/\/dev6.erresse-shop.it\/fr\/wp-json\/wp\/v2\/product"}],"about":[{"href":"https:\/\/dev6.erresse-shop.it\/fr\/wp-json\/wp\/v2\/types\/product"}],"wp:featuredmedia":[{"embeddable":true,"href":"https:\/\/dev6.erresse-shop.it\/fr\/wp-json\/wp\/v2\/media\/6378626"}],"wp:attachment":[{"href":"https:\/\/dev6.erresse-shop.it\/fr\/wp-json\/wp\/v2\/media?parent=1610369"}],"wp:term":[{"taxonomy":"product_cat","embeddable":true,"href":"https:\/\/dev6.erresse-shop.it\/fr\/wp-json\/wp\/v2\/product_cat?post=1610369"},{"taxonomy":"product_tag","embeddable":true,"href":"https:\/\/dev6.erresse-shop.it\/fr\/wp-json\/wp\/v2\/product_tag?post=1610369"}],"curies":[{"name":"wp","href":"https:\/\/api.w.org\/{rel}","templated":true}]}}