{"id":1610367,"date":"2026-04-12T13:50:21","date_gmt":"2026-04-12T11:50:21","guid":{"rendered":"https:\/\/dev6.erresse-shop.it\/shop\/non%20class\u00e9\/riedel-veritas-set-de-4-verres-a-cabernet-et-carafe-mosel\/"},"modified":"2025-07-04T20:02:37","modified_gmt":"2025-07-04T18:02:37","slug":"riedel-veritas-set-de-4-verres-a-cabernet-et-carafe-mosel","status":"publish","type":"product","link":"https:\/\/dev6.erresse-shop.it\/fr\/shop\/table-fr-2\/verres\/riedel-veritas-set-de-4-verres-a-cabernet-et-carafe-mosel\/","title":{"rendered":"RIEDEL Veritas Set de 4 verres \u00e0 Cabernet et carafe Mosel"},"content":{"rendered":"<p>Coffret RIEDEL Veritas Cabernet et Carafe Mosel \u2013 5 pi\u00e8ces<\/p>\n<p>Explorez le summum de la d\u00e9gustation avec le coffret RIEDEL Veritas Cabernet, compos\u00e9 de 4 verres et d\u2019une carafe Mosel. Id\u00e9al pour les vins rouges complexes et cors\u00e9s, aux tanins riches, le verre Cabernet met en valeur le fruit\u00e9 et att\u00e9nue l\u2019amertume des tanins, cr\u00e9ant une exp\u00e9rience \u00e9quilibr\u00e9e, parfaite \u00e0 chaque gorg\u00e9e.<\/p>\n<p>La carafe Mosel, avec son effet visuel embl\u00e9matique, est un excellent choix pour les amateurs de vin \u00e0 la recherche d\u2019un produit \u00e9l\u00e9gant, polyvalent et facile \u00e0 utiliser. Sa structure optimis\u00e9e favorise l\u2019oxyg\u00e9nation du vin et rehausse ses qualit\u00e9s.<\/p>\n<p>Caract\u00e9ristiques du produit\u00a0:<\/p>\n<p>Coffret de 4 verres RIEDEL Veritas Cabernet et 1 carafe Mosel<br \/>\nFabriqu\u00e9 en cristal clair de haute qualit\u00e9<br \/>\nVerres usin\u00e9s pour plus de pr\u00e9cision et de durabilit\u00e9<br \/>\nCarafe au design distinctif et aux fonctionnalit\u00e9s avanc\u00e9es<br \/>\nFacile \u00e0 entretenir, Compatible lave-vaisselle.<br \/>\nRIEDEL recommande l\u2019utilisation de billes nettoyantes pour carafe afin d\u2019\u00e9liminer les taches.<\/p>\n<p>R\u00e9volutionnez votre exp\u00e9rience de d\u00e9gustation avec cet ensemble alliant beaut\u00e9, fonctionnalit\u00e9 et pr\u00e9cision, cr\u00e9ant le verre parfait pour chaque amateur de vin.<\/p>\n","protected":false},"excerpt":{"rendered":"<p>Coffret RIEDEL Veritas Cabernet et Carafe Mosel \u2013 5 pi\u00e8ces Explorez le summum de la d\u00e9gustation avec le coffret RIEDEL Veritas Cabernet, compos\u00e9 de 4 verres et d\u2019une carafe Mosel. Id\u00e9al pour les vins rouges complexes et cors\u00e9s, aux tanins riches, le verre Cabernet met en valeur le fruit\u00e9 et att\u00e9nue l\u2019amertume des tanins, cr\u00e9ant [&hellip;]<\/p>\n","protected":false},"featured_media":6378622,"template":"","meta":{"_acf_changed":false},"product_cat":[11995,12009],"product_tag":[],"class_list":{"0":"post-1610367","1":"product","2":"type-product","3":"status-publish","4":"has-post-thumbnail","6":"product_cat-table-fr-2","7":"product_cat-verres","9":"first","10":"instock","11":"taxable","12":"shipping-taxable","13":"purchasable","14":"product-type-simple","swatches":"rey-swatches","show_selected":"","stretch_labels":"rey-swatches--stretch-labels"},"acf":[],"yoast_head":"<!-- This site is optimized with the Yoast SEO plugin v25.4 - https:\/\/yoast.com\/wordpress\/plugins\/seo\/ -->\n<title>RIEDEL Veritas Set de 4 verres \u00e0 Cabernet et carafe Mosel - dev6 Erresse<\/title>\n<meta name=\"description\" content=\"Coffret RIEDEL Veritas Cabernet et Carafe Mosel \u2013 5 pi\u00e8ces Explorez le summum de la d\u00e9gustation avec le coffret RIEDEL Veritas Cabernet, compos\u00e9 de 4\" \/>\n<meta name=\"robots\" content=\"noindex, follow, max-snippet:-1, max-image-preview:large, max-video-preview:-1\" \/>\n<meta property=\"og:locale\" content=\"fr_FR\" \/>\n<meta property=\"og:type\" content=\"article\" \/>\n<meta property=\"og:title\" content=\"RIEDEL Veritas Set de 4 verres \u00e0 Cabernet et carafe Mosel - dev6 Erresse\" \/>\n<meta property=\"og:description\" content=\"Coffret RIEDEL Veritas Cabernet et Carafe Mosel \u2013 5 pi\u00e8ces Explorez le summum de la d\u00e9gustation avec le coffret RIEDEL Veritas Cabernet, compos\u00e9 de 4\" \/>\n<meta property=\"og:url\" content=\"https:\/\/dev6.erresse-shop.it\/fr\/shop\/table-fr-2\/verres\/riedel-veritas-set-de-4-verres-a-cabernet-et-carafe-mosel\/\" \/>\n<meta property=\"og:site_name\" content=\"dev6 Erresse\" \/>\n<meta property=\"og:image\" content=\"https:\/\/interpim.erresse-shop.it\/Import\/Prodotti\/riedel-veritas-set-4-calici-cabernet-e-decanter-mosel.jpg\" \/><meta property=\"og:image\" content=\"https:\/\/interpim.erresse-shop.it\/Import\/Prodotti\/riedel-veritas-set-4-calici-cabernet-e-decanter-mosel.jpg\" \/>\n\t<meta property=\"og:image:width\" content=\"1024\" \/>\n\t<meta property=\"og:image:height\" content=\"1024\" \/>\n\t<meta property=\"og:image:type\" content=\"image\/jpeg\" \/>\n<meta name=\"twitter:card\" content=\"summary_large_image\" \/>\n<meta name=\"twitter:image\" content=\"https:\/\/interpim.erresse-shop.it\/Import\/Prodotti\/riedel-veritas-set-4-calici-cabernet-e-decanter-mosel.jpg\" \/>\n<script type=\"application\/ld+json\" class=\"yoast-schema-graph\">{\"@context\":\"https:\/\/schema.org\",\"@graph\":[{\"@type\":\"WebPage\",\"@id\":\"https:\/\/dev6.erresse-shop.it\/fr\/shop\/table-fr-2\/verres\/riedel-veritas-set-de-4-verres-a-cabernet-et-carafe-mosel\/\",\"url\":\"https:\/\/dev6.erresse-shop.it\/fr\/shop\/table-fr-2\/verres\/riedel-veritas-set-de-4-verres-a-cabernet-et-carafe-mosel\/\",\"name\":\"RIEDEL Veritas Set de 4 verres \u00e0 Cabernet et carafe Mosel - dev6 Erresse\",\"isPartOf\":{\"@id\":\"https:\/\/dev6.erresse-shop.it\/#website\"},\"primaryImageOfPage\":{\"@id\":\"https:\/\/dev6.erresse-shop.it\/fr\/shop\/table-fr-2\/verres\/riedel-veritas-set-de-4-verres-a-cabernet-et-carafe-mosel\/#primaryimage\"},\"image\":{\"@id\":\"https:\/\/dev6.erresse-shop.it\/fr\/shop\/table-fr-2\/verres\/riedel-veritas-set-de-4-verres-a-cabernet-et-carafe-mosel\/#primaryimage\"},\"thumbnailUrl\":\"https:\/\/i2.wp.com\/interpim.erresse-shop.it\/Import\/Prodotti\/riedel-veritas-set-4-calici-cabernet-e-decanter-mosel.jpg?ssl=1\",\"datePublished\":\"2026-04-12T11:50:21+00:00\",\"description\":\"Coffret RIEDEL Veritas Cabernet et Carafe Mosel \u2013 5 pi\u00e8ces Explorez le summum de la d\u00e9gustation avec le coffret RIEDEL Veritas Cabernet, compos\u00e9 de 4\",\"breadcrumb\":{\"@id\":\"https:\/\/dev6.erresse-shop.it\/fr\/shop\/table-fr-2\/verres\/riedel-veritas-set-de-4-verres-a-cabernet-et-carafe-mosel\/#breadcrumb\"},\"inLanguage\":\"fr-FR\",\"potentialAction\":[{\"@type\":\"ReadAction\",\"target\":[\"https:\/\/dev6.erresse-shop.it\/fr\/shop\/table-fr-2\/verres\/riedel-veritas-set-de-4-verres-a-cabernet-et-carafe-mosel\/\"]}]},{\"@type\":\"ImageObject\",\"inLanguage\":\"fr-FR\",\"@id\":\"https:\/\/dev6.erresse-shop.it\/fr\/shop\/table-fr-2\/verres\/riedel-veritas-set-de-4-verres-a-cabernet-et-carafe-mosel\/#primaryimage\",\"url\":\"https:\/\/i2.wp.com\/interpim.erresse-shop.it\/Import\/Prodotti\/riedel-veritas-set-4-calici-cabernet-e-decanter-mosel.jpg?ssl=1\",\"contentUrl\":\"https:\/\/i2.wp.com\/interpim.erresse-shop.it\/Import\/Prodotti\/riedel-veritas-set-4-calici-cabernet-e-decanter-mosel.jpg?ssl=1\"},{\"@type\":\"BreadcrumbList\",\"@id\":\"https:\/\/dev6.erresse-shop.it\/fr\/shop\/table-fr-2\/verres\/riedel-veritas-set-de-4-verres-a-cabernet-et-carafe-mosel\/#breadcrumb\",\"itemListElement\":[{\"@type\":\"ListItem\",\"position\":1,\"name\":\"Home\",\"item\":\"https:\/\/dev6.erresse-shop.it\/\"},{\"@type\":\"ListItem\",\"position\":2,\"name\":\"Boutique\",\"item\":\"https:\/\/dev6.erresse-shop.it\/shop\/\"},{\"@type\":\"ListItem\",\"position\":3,\"name\":\"RIEDEL Veritas Set de 4 verres \u00e0 Cabernet et carafe Mosel\"}]},{\"@type\":\"WebSite\",\"@id\":\"https:\/\/dev6.erresse-shop.it\/#website\",\"url\":\"https:\/\/dev6.erresse-shop.it\/\",\"name\":\"Erresse Shop\",\"description\":\"\",\"publisher\":{\"@id\":\"https:\/\/dev6.erresse-shop.it\/#organization\"},\"potentialAction\":[{\"@type\":\"SearchAction\",\"target\":{\"@type\":\"EntryPoint\",\"urlTemplate\":\"https:\/\/dev6.erresse-shop.it\/?s={search_term_string}\"},\"query-input\":{\"@type\":\"PropertyValueSpecification\",\"valueRequired\":true,\"valueName\":\"search_term_string\"}}],\"inLanguage\":\"fr-FR\"},{\"@type\":\"Organization\",\"@id\":\"https:\/\/dev6.erresse-shop.it\/#organization\",\"name\":\"Erresse Shop\",\"url\":\"https:\/\/dev6.erresse-shop.it\/\",\"logo\":{\"@type\":\"ImageObject\",\"inLanguage\":\"fr-FR\",\"@id\":\"https:\/\/dev6.erresse-shop.it\/#\/schema\/logo\/image\/\",\"url\":\"https:\/\/dev6.erresse-shop.it\/wp-content\/uploads\/2025\/01\/LOGO-ERRESSE-CLASSICO.svg\",\"contentUrl\":\"https:\/\/dev6.erresse-shop.it\/wp-content\/uploads\/2025\/01\/LOGO-ERRESSE-CLASSICO.svg\",\"caption\":\"Erresse Shop\"},\"image\":{\"@id\":\"https:\/\/dev6.erresse-shop.it\/#\/schema\/logo\/image\/\"}}]}<\/script>\n<!-- \/ Yoast SEO plugin. -->","yoast_head_json":{"title":"RIEDEL Veritas Set de 4 verres \u00e0 Cabernet et carafe Mosel - dev6 Erresse","description":"Coffret RIEDEL Veritas Cabernet et Carafe Mosel \u2013 5 pi\u00e8ces Explorez le summum de la d\u00e9gustation avec le coffret RIEDEL Veritas Cabernet, compos\u00e9 de 4","robots":{"index":"noindex","follow":"follow","max-snippet":"max-snippet:-1","max-image-preview":"max-image-preview:large","max-video-preview":"max-video-preview:-1"},"og_locale":"fr_FR","og_type":"article","og_title":"RIEDEL Veritas Set de 4 verres \u00e0 Cabernet et carafe Mosel - dev6 Erresse","og_description":"Coffret RIEDEL Veritas Cabernet et Carafe Mosel \u2013 5 pi\u00e8ces Explorez le summum de la d\u00e9gustation avec le coffret RIEDEL Veritas Cabernet, compos\u00e9 de 4","og_url":"https:\/\/dev6.erresse-shop.it\/fr\/shop\/table-fr-2\/verres\/riedel-veritas-set-de-4-verres-a-cabernet-et-carafe-mosel\/","og_site_name":"dev6 Erresse","og_image":[{"url":"https:\/\/interpim.erresse-shop.it\/Import\/Prodotti\/riedel-veritas-set-4-calici-cabernet-e-decanter-mosel.jpg","type":"","width":"","height":""},{"url":"https:\/\/interpim.erresse-shop.it\/Import\/Prodotti\/riedel-veritas-set-4-calici-cabernet-e-decanter-mosel.jpg","width":1024,"height":1024,"type":"image\/jpeg"}],"twitter_card":"summary_large_image","twitter_image":"https:\/\/interpim.erresse-shop.it\/Import\/Prodotti\/riedel-veritas-set-4-calici-cabernet-e-decanter-mosel.jpg","schema":{"@context":"https:\/\/schema.org","@graph":[{"@type":"WebPage","@id":"https:\/\/dev6.erresse-shop.it\/fr\/shop\/table-fr-2\/verres\/riedel-veritas-set-de-4-verres-a-cabernet-et-carafe-mosel\/","url":"https:\/\/dev6.erresse-shop.it\/fr\/shop\/table-fr-2\/verres\/riedel-veritas-set-de-4-verres-a-cabernet-et-carafe-mosel\/","name":"RIEDEL Veritas Set de 4 verres \u00e0 Cabernet et carafe Mosel - dev6 Erresse","isPartOf":{"@id":"https:\/\/dev6.erresse-shop.it\/#website"},"primaryImageOfPage":{"@id":"https:\/\/dev6.erresse-shop.it\/fr\/shop\/table-fr-2\/verres\/riedel-veritas-set-de-4-verres-a-cabernet-et-carafe-mosel\/#primaryimage"},"image":{"@id":"https:\/\/dev6.erresse-shop.it\/fr\/shop\/table-fr-2\/verres\/riedel-veritas-set-de-4-verres-a-cabernet-et-carafe-mosel\/#primaryimage"},"thumbnailUrl":"https:\/\/i2.wp.com\/interpim.erresse-shop.it\/Import\/Prodotti\/riedel-veritas-set-4-calici-cabernet-e-decanter-mosel.jpg?ssl=1","datePublished":"2026-04-12T11:50:21+00:00","description":"Coffret RIEDEL Veritas Cabernet et Carafe Mosel \u2013 5 pi\u00e8ces Explorez le summum de la d\u00e9gustation avec le coffret RIEDEL Veritas Cabernet, compos\u00e9 de 4","breadcrumb":{"@id":"https:\/\/dev6.erresse-shop.it\/fr\/shop\/table-fr-2\/verres\/riedel-veritas-set-de-4-verres-a-cabernet-et-carafe-mosel\/#breadcrumb"},"inLanguage":"fr-FR","potentialAction":[{"@type":"ReadAction","target":["https:\/\/dev6.erresse-shop.it\/fr\/shop\/table-fr-2\/verres\/riedel-veritas-set-de-4-verres-a-cabernet-et-carafe-mosel\/"]}]},{"@type":"ImageObject","inLanguage":"fr-FR","@id":"https:\/\/dev6.erresse-shop.it\/fr\/shop\/table-fr-2\/verres\/riedel-veritas-set-de-4-verres-a-cabernet-et-carafe-mosel\/#primaryimage","url":"https:\/\/i2.wp.com\/interpim.erresse-shop.it\/Import\/Prodotti\/riedel-veritas-set-4-calici-cabernet-e-decanter-mosel.jpg?ssl=1","contentUrl":"https:\/\/i2.wp.com\/interpim.erresse-shop.it\/Import\/Prodotti\/riedel-veritas-set-4-calici-cabernet-e-decanter-mosel.jpg?ssl=1"},{"@type":"BreadcrumbList","@id":"https:\/\/dev6.erresse-shop.it\/fr\/shop\/table-fr-2\/verres\/riedel-veritas-set-de-4-verres-a-cabernet-et-carafe-mosel\/#breadcrumb","itemListElement":[{"@type":"ListItem","position":1,"name":"Home","item":"https:\/\/dev6.erresse-shop.it\/"},{"@type":"ListItem","position":2,"name":"Boutique","item":"https:\/\/dev6.erresse-shop.it\/shop\/"},{"@type":"ListItem","position":3,"name":"RIEDEL Veritas Set de 4 verres \u00e0 Cabernet et carafe Mosel"}]},{"@type":"WebSite","@id":"https:\/\/dev6.erresse-shop.it\/#website","url":"https:\/\/dev6.erresse-shop.it\/","name":"Erresse Shop","description":"","publisher":{"@id":"https:\/\/dev6.erresse-shop.it\/#organization"},"potentialAction":[{"@type":"SearchAction","target":{"@type":"EntryPoint","urlTemplate":"https:\/\/dev6.erresse-shop.it\/?s={search_term_string}"},"query-input":{"@type":"PropertyValueSpecification","valueRequired":true,"valueName":"search_term_string"}}],"inLanguage":"fr-FR"},{"@type":"Organization","@id":"https:\/\/dev6.erresse-shop.it\/#organization","name":"Erresse Shop","url":"https:\/\/dev6.erresse-shop.it\/","logo":{"@type":"ImageObject","inLanguage":"fr-FR","@id":"https:\/\/dev6.erresse-shop.it\/#\/schema\/logo\/image\/","url":"https:\/\/dev6.erresse-shop.it\/wp-content\/uploads\/2025\/01\/LOGO-ERRESSE-CLASSICO.svg","contentUrl":"https:\/\/dev6.erresse-shop.it\/wp-content\/uploads\/2025\/01\/LOGO-ERRESSE-CLASSICO.svg","caption":"Erresse Shop"},"image":{"@id":"https:\/\/dev6.erresse-shop.it\/#\/schema\/logo\/image\/"}}]}},"df_price":24.9,"df_sale_price":"","df_regular_price":24.9,"df_image_link":"https:\/\/i2.wp.com\/interpim.erresse-shop.it\/Import\/Prodotti\/riedel-veritas-set-4-calici-cabernet-e-decanter-mosel.jpg?resize=300,300&ssl=1","fifu_image_url":"https:\/\/interpim.erresse-shop.it\/Import\/Prodotti\/riedel-veritas-set-4-calici-cabernet-e-decanter-mosel.jpg","_links":{"self":[{"href":"https:\/\/dev6.erresse-shop.it\/fr\/wp-json\/wp\/v2\/product\/1610367","targetHints":{"allow":["GET"]}}],"collection":[{"href":"https:\/\/dev6.erresse-shop.it\/fr\/wp-json\/wp\/v2\/product"}],"about":[{"href":"https:\/\/dev6.erresse-shop.it\/fr\/wp-json\/wp\/v2\/types\/product"}],"wp:featuredmedia":[{"embeddable":true,"href":"https:\/\/dev6.erresse-shop.it\/fr\/wp-json\/wp\/v2\/media\/6378622"}],"wp:attachment":[{"href":"https:\/\/dev6.erresse-shop.it\/fr\/wp-json\/wp\/v2\/media?parent=1610367"}],"wp:term":[{"taxonomy":"product_cat","embeddable":true,"href":"https:\/\/dev6.erresse-shop.it\/fr\/wp-json\/wp\/v2\/product_cat?post=1610367"},{"taxonomy":"product_tag","embeddable":true,"href":"https:\/\/dev6.erresse-shop.it\/fr\/wp-json\/wp\/v2\/product_tag?post=1610367"}],"curies":[{"name":"wp","href":"https:\/\/api.w.org\/{rel}","templated":true}]}}