{"id":1610365,"date":"2026-04-12T13:50:21","date_gmt":"2026-04-12T11:50:21","guid":{"rendered":"https:\/\/dev6.erresse-shop.it\/shop\/non%20class\u00e9\/riedel-pay-3-get-4-performance-riesling\/"},"modified":"2025-09-14T06:54:03","modified_gmt":"2025-09-14T04:54:03","slug":"riedel-pay-3-get-4-performance-riesling","status":"publish","type":"product","link":"https:\/\/dev6.erresse-shop.it\/fr\/shop\/table-fr-2\/verres\/riedel-pay-3-get-4-performance-riesling\/","title":{"rendered":"RIEDEL Pay 3 Get 4 Performance Riesling"},"content":{"rendered":"<p>Coffret de verres \u00e0 Riesling RIEDEL Performance \u2013 4 pi\u00e8ces<\/p>\n<p>Am\u00e9liorez votre exp\u00e9rience de d\u00e9gustation avec le verre \u00e0 Riesling RIEDEL Performance, con\u00e7u pour \u00e9quilibrer l\u2019acidit\u00e9 \u00e9lev\u00e9e et les sucres r\u00e9siduels des vins blancs fruit\u00e9s. Sa forme, \u00e9volution du verre \u00e0 vin blanc le plus polyvalent de RIEDEL, a \u00e9t\u00e9 repens\u00e9e en 2018 au sein de la s\u00e9rie Performance afin d\u2019optimiser les performances aromatiques et d\u2019accentuer les notes fra\u00eeches et min\u00e9rales des vins.<\/p>\n<p>Fabriqu\u00e9 en cristal clair de haute qualit\u00e9, ce verre offre une exp\u00e9rience aromatique sublim\u00e9e gr\u00e2ce \u00e0 sa taille plus grande et \u00e0 sa technologie de pointe. La s\u00e9rie RIEDEL Performance est la premi\u00e8re \u00e0 proposer des verres \u00e0 l\u2019impact optique subtil, am\u00e9liorant la diffusion des ar\u00f4mes et la qualit\u00e9 de la d\u00e9gustation.<\/p>\n<p>Caract\u00e9ristiques du produit\u00a0:<\/p>\n<p>Ensemble de 4 verres \u00e0 Riesling RIEDEL Performance<br \/>\nFabriqu\u00e9 en cristal clair de haute qualit\u00e9<br \/>\nDesign innovant pour sublimer les ar\u00f4mes des vins blancs fruit\u00e9s<br \/>\nFabriqu\u00e9 \u00e0 la machine pour une pr\u00e9cision irr\u00e9prochable<br \/>\nLavable au lave-vaisselle pour un entretien facile.<br \/>\nPropos\u00e9 \u00e0 un prix avantageux\u00a0: 4 pour le prix de 3.<\/p>\n<p>Id\u00e9al pour les amateurs de vin en qu\u00eate d\u2019une d\u00e9gustation parfaite, le coffret Riesling Performance de RIEDEL est le choix id\u00e9al pour sublimer chaque instant de d\u00e9gustation.<\/p>\n<p>Capacit\u00e9\u00a0: 623,0\u00a0cm\u00b3<br \/>\nHauteur\u00a0: 245,0\u00a0mm<\/p>\n","protected":false},"excerpt":{"rendered":"<p>Coffret de verres \u00e0 Riesling RIEDEL Performance \u2013 4 pi\u00e8ces Am\u00e9liorez votre exp\u00e9rience de d\u00e9gustation avec le verre \u00e0 Riesling RIEDEL Performance, con\u00e7u pour \u00e9quilibrer l\u2019acidit\u00e9 \u00e9lev\u00e9e et les sucres r\u00e9siduels des vins blancs fruit\u00e9s. Sa forme, \u00e9volution du verre \u00e0 vin blanc le plus polyvalent de RIEDEL, a \u00e9t\u00e9 repens\u00e9e en 2018 au sein [&hellip;]<\/p>\n","protected":false},"featured_media":6378615,"template":"","meta":{"_acf_changed":false},"product_cat":[11995,12009],"product_tag":[],"class_list":{"0":"post-1610365","1":"product","2":"type-product","3":"status-publish","4":"has-post-thumbnail","6":"product_cat-table-fr-2","7":"product_cat-verres","9":"first","10":"instock","11":"sale","12":"taxable","13":"shipping-taxable","14":"purchasable","15":"product-type-simple","swatches":"rey-swatches","show_selected":"","stretch_labels":"rey-swatches--stretch-labels"},"acf":[],"yoast_head":"<!-- This site is optimized with the Yoast SEO plugin v25.4 - https:\/\/yoast.com\/wordpress\/plugins\/seo\/ -->\n<title>RIEDEL Pay 3 Get 4 Performance Riesling - dev6 Erresse<\/title>\n<meta name=\"description\" content=\"Coffret de verres \u00e0 Riesling RIEDEL Performance \u2013 4 pi\u00e8ces Am\u00e9liorez votre exp\u00e9rience de d\u00e9gustation avec le verre \u00e0 Riesling RIEDEL Performance, con\u00e7u\" \/>\n<meta name=\"robots\" content=\"noindex, follow, max-snippet:-1, max-image-preview:large, max-video-preview:-1\" \/>\n<meta property=\"og:locale\" content=\"fr_FR\" \/>\n<meta property=\"og:type\" content=\"article\" \/>\n<meta property=\"og:title\" content=\"RIEDEL Pay 3 Get 4 Performance Riesling - dev6 Erresse\" \/>\n<meta property=\"og:description\" content=\"Coffret de verres \u00e0 Riesling RIEDEL Performance \u2013 4 pi\u00e8ces Am\u00e9liorez votre exp\u00e9rience de d\u00e9gustation avec le verre \u00e0 Riesling RIEDEL Performance, con\u00e7u\" \/>\n<meta property=\"og:url\" content=\"https:\/\/dev6.erresse-shop.it\/fr\/shop\/table-fr-2\/verres\/riedel-pay-3-get-4-performance-riesling\/\" \/>\n<meta property=\"og:site_name\" content=\"dev6 Erresse\" \/>\n<meta property=\"og:image\" content=\"https:\/\/interpim.erresse-shop.it\/Import\/Prodotti\/riedel-pay-3-get-4-performance-riesling.jpg\" \/><meta property=\"og:image\" content=\"https:\/\/interpim.erresse-shop.it\/Import\/Prodotti\/riedel-pay-3-get-4-performance-riesling.jpg\" \/>\n\t<meta property=\"og:image:width\" content=\"1024\" \/>\n\t<meta property=\"og:image:height\" content=\"1024\" \/>\n\t<meta property=\"og:image:type\" content=\"image\/jpeg\" \/>\n<meta name=\"twitter:card\" content=\"summary_large_image\" \/>\n<meta name=\"twitter:image\" content=\"https:\/\/interpim.erresse-shop.it\/Import\/Prodotti\/riedel-pay-3-get-4-performance-riesling.jpg\" \/>\n<script type=\"application\/ld+json\" class=\"yoast-schema-graph\">{\"@context\":\"https:\/\/schema.org\",\"@graph\":[{\"@type\":\"WebPage\",\"@id\":\"https:\/\/dev6.erresse-shop.it\/fr\/shop\/table-fr-2\/verres\/riedel-pay-3-get-4-performance-riesling\/\",\"url\":\"https:\/\/dev6.erresse-shop.it\/fr\/shop\/table-fr-2\/verres\/riedel-pay-3-get-4-performance-riesling\/\",\"name\":\"RIEDEL Pay 3 Get 4 Performance Riesling - dev6 Erresse\",\"isPartOf\":{\"@id\":\"https:\/\/dev6.erresse-shop.it\/#website\"},\"primaryImageOfPage\":{\"@id\":\"https:\/\/dev6.erresse-shop.it\/fr\/shop\/table-fr-2\/verres\/riedel-pay-3-get-4-performance-riesling\/#primaryimage\"},\"image\":{\"@id\":\"https:\/\/dev6.erresse-shop.it\/fr\/shop\/table-fr-2\/verres\/riedel-pay-3-get-4-performance-riesling\/#primaryimage\"},\"thumbnailUrl\":\"https:\/\/i0.wp.com\/interpim.erresse-shop.it\/Import\/Prodotti\/riedel-pay-3-get-4-performance-riesling.jpg?ssl=1\",\"datePublished\":\"2026-04-12T11:50:21+00:00\",\"description\":\"Coffret de verres \u00e0 Riesling RIEDEL Performance \u2013 4 pi\u00e8ces Am\u00e9liorez votre exp\u00e9rience de d\u00e9gustation avec le verre \u00e0 Riesling RIEDEL Performance, con\u00e7u\",\"breadcrumb\":{\"@id\":\"https:\/\/dev6.erresse-shop.it\/fr\/shop\/table-fr-2\/verres\/riedel-pay-3-get-4-performance-riesling\/#breadcrumb\"},\"inLanguage\":\"fr-FR\",\"potentialAction\":[{\"@type\":\"ReadAction\",\"target\":[\"https:\/\/dev6.erresse-shop.it\/fr\/shop\/table-fr-2\/verres\/riedel-pay-3-get-4-performance-riesling\/\"]}]},{\"@type\":\"ImageObject\",\"inLanguage\":\"fr-FR\",\"@id\":\"https:\/\/dev6.erresse-shop.it\/fr\/shop\/table-fr-2\/verres\/riedel-pay-3-get-4-performance-riesling\/#primaryimage\",\"url\":\"https:\/\/i0.wp.com\/interpim.erresse-shop.it\/Import\/Prodotti\/riedel-pay-3-get-4-performance-riesling.jpg?ssl=1\",\"contentUrl\":\"https:\/\/i0.wp.com\/interpim.erresse-shop.it\/Import\/Prodotti\/riedel-pay-3-get-4-performance-riesling.jpg?ssl=1\"},{\"@type\":\"BreadcrumbList\",\"@id\":\"https:\/\/dev6.erresse-shop.it\/fr\/shop\/table-fr-2\/verres\/riedel-pay-3-get-4-performance-riesling\/#breadcrumb\",\"itemListElement\":[{\"@type\":\"ListItem\",\"position\":1,\"name\":\"Home\",\"item\":\"https:\/\/dev6.erresse-shop.it\/\"},{\"@type\":\"ListItem\",\"position\":2,\"name\":\"Boutique\",\"item\":\"https:\/\/dev6.erresse-shop.it\/shop\/\"},{\"@type\":\"ListItem\",\"position\":3,\"name\":\"RIEDEL Pay 3 Get 4 Performance Riesling\"}]},{\"@type\":\"WebSite\",\"@id\":\"https:\/\/dev6.erresse-shop.it\/#website\",\"url\":\"https:\/\/dev6.erresse-shop.it\/\",\"name\":\"Erresse Shop\",\"description\":\"\",\"publisher\":{\"@id\":\"https:\/\/dev6.erresse-shop.it\/#organization\"},\"potentialAction\":[{\"@type\":\"SearchAction\",\"target\":{\"@type\":\"EntryPoint\",\"urlTemplate\":\"https:\/\/dev6.erresse-shop.it\/?s={search_term_string}\"},\"query-input\":{\"@type\":\"PropertyValueSpecification\",\"valueRequired\":true,\"valueName\":\"search_term_string\"}}],\"inLanguage\":\"fr-FR\"},{\"@type\":\"Organization\",\"@id\":\"https:\/\/dev6.erresse-shop.it\/#organization\",\"name\":\"Erresse Shop\",\"url\":\"https:\/\/dev6.erresse-shop.it\/\",\"logo\":{\"@type\":\"ImageObject\",\"inLanguage\":\"fr-FR\",\"@id\":\"https:\/\/dev6.erresse-shop.it\/#\/schema\/logo\/image\/\",\"url\":\"https:\/\/dev6.erresse-shop.it\/wp-content\/uploads\/2025\/01\/LOGO-ERRESSE-CLASSICO.svg\",\"contentUrl\":\"https:\/\/dev6.erresse-shop.it\/wp-content\/uploads\/2025\/01\/LOGO-ERRESSE-CLASSICO.svg\",\"caption\":\"Erresse Shop\"},\"image\":{\"@id\":\"https:\/\/dev6.erresse-shop.it\/#\/schema\/logo\/image\/\"}}]}<\/script>\n<!-- \/ Yoast SEO plugin. -->","yoast_head_json":{"title":"RIEDEL Pay 3 Get 4 Performance Riesling - dev6 Erresse","description":"Coffret de verres \u00e0 Riesling RIEDEL Performance \u2013 4 pi\u00e8ces Am\u00e9liorez votre exp\u00e9rience de d\u00e9gustation avec le verre \u00e0 Riesling RIEDEL Performance, con\u00e7u","robots":{"index":"noindex","follow":"follow","max-snippet":"max-snippet:-1","max-image-preview":"max-image-preview:large","max-video-preview":"max-video-preview:-1"},"og_locale":"fr_FR","og_type":"article","og_title":"RIEDEL Pay 3 Get 4 Performance Riesling - dev6 Erresse","og_description":"Coffret de verres \u00e0 Riesling RIEDEL Performance \u2013 4 pi\u00e8ces Am\u00e9liorez votre exp\u00e9rience de d\u00e9gustation avec le verre \u00e0 Riesling RIEDEL Performance, con\u00e7u","og_url":"https:\/\/dev6.erresse-shop.it\/fr\/shop\/table-fr-2\/verres\/riedel-pay-3-get-4-performance-riesling\/","og_site_name":"dev6 Erresse","og_image":[{"url":"https:\/\/interpim.erresse-shop.it\/Import\/Prodotti\/riedel-pay-3-get-4-performance-riesling.jpg","type":"","width":"","height":""},{"url":"https:\/\/interpim.erresse-shop.it\/Import\/Prodotti\/riedel-pay-3-get-4-performance-riesling.jpg","width":1024,"height":1024,"type":"image\/jpeg"}],"twitter_card":"summary_large_image","twitter_image":"https:\/\/interpim.erresse-shop.it\/Import\/Prodotti\/riedel-pay-3-get-4-performance-riesling.jpg","schema":{"@context":"https:\/\/schema.org","@graph":[{"@type":"WebPage","@id":"https:\/\/dev6.erresse-shop.it\/fr\/shop\/table-fr-2\/verres\/riedel-pay-3-get-4-performance-riesling\/","url":"https:\/\/dev6.erresse-shop.it\/fr\/shop\/table-fr-2\/verres\/riedel-pay-3-get-4-performance-riesling\/","name":"RIEDEL Pay 3 Get 4 Performance Riesling - dev6 Erresse","isPartOf":{"@id":"https:\/\/dev6.erresse-shop.it\/#website"},"primaryImageOfPage":{"@id":"https:\/\/dev6.erresse-shop.it\/fr\/shop\/table-fr-2\/verres\/riedel-pay-3-get-4-performance-riesling\/#primaryimage"},"image":{"@id":"https:\/\/dev6.erresse-shop.it\/fr\/shop\/table-fr-2\/verres\/riedel-pay-3-get-4-performance-riesling\/#primaryimage"},"thumbnailUrl":"https:\/\/i0.wp.com\/interpim.erresse-shop.it\/Import\/Prodotti\/riedel-pay-3-get-4-performance-riesling.jpg?ssl=1","datePublished":"2026-04-12T11:50:21+00:00","description":"Coffret de verres \u00e0 Riesling RIEDEL Performance \u2013 4 pi\u00e8ces Am\u00e9liorez votre exp\u00e9rience de d\u00e9gustation avec le verre \u00e0 Riesling RIEDEL Performance, con\u00e7u","breadcrumb":{"@id":"https:\/\/dev6.erresse-shop.it\/fr\/shop\/table-fr-2\/verres\/riedel-pay-3-get-4-performance-riesling\/#breadcrumb"},"inLanguage":"fr-FR","potentialAction":[{"@type":"ReadAction","target":["https:\/\/dev6.erresse-shop.it\/fr\/shop\/table-fr-2\/verres\/riedel-pay-3-get-4-performance-riesling\/"]}]},{"@type":"ImageObject","inLanguage":"fr-FR","@id":"https:\/\/dev6.erresse-shop.it\/fr\/shop\/table-fr-2\/verres\/riedel-pay-3-get-4-performance-riesling\/#primaryimage","url":"https:\/\/i0.wp.com\/interpim.erresse-shop.it\/Import\/Prodotti\/riedel-pay-3-get-4-performance-riesling.jpg?ssl=1","contentUrl":"https:\/\/i0.wp.com\/interpim.erresse-shop.it\/Import\/Prodotti\/riedel-pay-3-get-4-performance-riesling.jpg?ssl=1"},{"@type":"BreadcrumbList","@id":"https:\/\/dev6.erresse-shop.it\/fr\/shop\/table-fr-2\/verres\/riedel-pay-3-get-4-performance-riesling\/#breadcrumb","itemListElement":[{"@type":"ListItem","position":1,"name":"Home","item":"https:\/\/dev6.erresse-shop.it\/"},{"@type":"ListItem","position":2,"name":"Boutique","item":"https:\/\/dev6.erresse-shop.it\/shop\/"},{"@type":"ListItem","position":3,"name":"RIEDEL Pay 3 Get 4 Performance Riesling"}]},{"@type":"WebSite","@id":"https:\/\/dev6.erresse-shop.it\/#website","url":"https:\/\/dev6.erresse-shop.it\/","name":"Erresse Shop","description":"","publisher":{"@id":"https:\/\/dev6.erresse-shop.it\/#organization"},"potentialAction":[{"@type":"SearchAction","target":{"@type":"EntryPoint","urlTemplate":"https:\/\/dev6.erresse-shop.it\/?s={search_term_string}"},"query-input":{"@type":"PropertyValueSpecification","valueRequired":true,"valueName":"search_term_string"}}],"inLanguage":"fr-FR"},{"@type":"Organization","@id":"https:\/\/dev6.erresse-shop.it\/#organization","name":"Erresse Shop","url":"https:\/\/dev6.erresse-shop.it\/","logo":{"@type":"ImageObject","inLanguage":"fr-FR","@id":"https:\/\/dev6.erresse-shop.it\/#\/schema\/logo\/image\/","url":"https:\/\/dev6.erresse-shop.it\/wp-content\/uploads\/2025\/01\/LOGO-ERRESSE-CLASSICO.svg","contentUrl":"https:\/\/dev6.erresse-shop.it\/wp-content\/uploads\/2025\/01\/LOGO-ERRESSE-CLASSICO.svg","caption":"Erresse Shop"},"image":{"@id":"https:\/\/dev6.erresse-shop.it\/#\/schema\/logo\/image\/"}}]}},"df_price":89.95,"df_sale_price":89.95,"df_regular_price":115,"df_image_link":"https:\/\/i0.wp.com\/interpim.erresse-shop.it\/Import\/Prodotti\/riedel-pay-3-get-4-performance-riesling.jpg?resize=300,300&ssl=1","fifu_image_url":"https:\/\/interpim.erresse-shop.it\/Import\/Prodotti\/riedel-pay-3-get-4-performance-riesling.jpg","_links":{"self":[{"href":"https:\/\/dev6.erresse-shop.it\/fr\/wp-json\/wp\/v2\/product\/1610365","targetHints":{"allow":["GET"]}}],"collection":[{"href":"https:\/\/dev6.erresse-shop.it\/fr\/wp-json\/wp\/v2\/product"}],"about":[{"href":"https:\/\/dev6.erresse-shop.it\/fr\/wp-json\/wp\/v2\/types\/product"}],"wp:featuredmedia":[{"embeddable":true,"href":"https:\/\/dev6.erresse-shop.it\/fr\/wp-json\/wp\/v2\/media\/6378615"}],"wp:attachment":[{"href":"https:\/\/dev6.erresse-shop.it\/fr\/wp-json\/wp\/v2\/media?parent=1610365"}],"wp:term":[{"taxonomy":"product_cat","embeddable":true,"href":"https:\/\/dev6.erresse-shop.it\/fr\/wp-json\/wp\/v2\/product_cat?post=1610365"},{"taxonomy":"product_tag","embeddable":true,"href":"https:\/\/dev6.erresse-shop.it\/fr\/wp-json\/wp\/v2\/product_tag?post=1610365"}],"curies":[{"name":"wp","href":"https:\/\/api.w.org\/{rel}","templated":true}]}}